





{"id":26124,"date":"2016-11-09T14:47:52","date_gmt":"2016-11-09T13:47:52","guid":{"rendered":"https:\/\/repliquemangacine.fr\/?post_type=product&#038;p=26124"},"modified":"2026-04-28T22:03:52","modified_gmt":"2026-04-28T20:03:52","slug":"napoleon-gribeauval-1806-pistol","status":"publish","type":"product","link":"https:\/\/repliquemangacine.fr\/en\/pistolet-ancien\/pistolet-napoleon-gribeauval-1806\/","title":{"rendered":"Napoleon Gribeauval 1806 pistol"},"content":{"rendered":"<h2>Napoleon Gribeauval 1806 pistol - Denix.<\/h2>\n<p>To begin with, the <strong>Napoleon Gribeauval 1806 pistol<\/strong>manufactured in Saint-Etienne by Jean-Baptiste Gribeauval. Officer and engineer, reformed French field artillery. Gribeauval's reorganization was partly responsible for the success of the Revolutionary and Napoleonic armies.<\/p>\n<p>Napoleon Bonaparte quickly made a name for himself through his military genius and his abilities as a general. His courage in battle earned him the adoration of the grognards. Always on the front line, willingly exposing himself to enemy fire, he risked his life several times.<\/p>\n<p>In conclusion, the flintlock pistol remained the most widely used pistol throughout Europe and beyond for over 200 years. Widely used by armies, especially during the Napoleonic era. In fact, it was much sought-after for historical re-enactments of that era and for all 18th-century battles.<\/p>\n<h2>Your Napoleon Gribeauval 1806 pistol at the best price.<\/h2>\n<p>We offer a wide selection of Denix replica antique weapons.<\/p>\n<p>First and foremost,<\/p>\n<ul>\n<li>Visit <a href=\"https:\/\/repliquemangacine.fr\/en\/replica-weapons-1st-empire\/left-handed-napoleon-pistol\/\">Napoleon pistol<\/a> special left-handed, with emblem on the stock.<\/li>\n<li>There is also the very reliable and precise <a href=\"https:\/\/repliquemangacine.fr\/en\/antique-pistol\/18th-century-english-dueling-pistol\/\">english dueling pistol<\/a><\/li>\n<li>And many more to discover in our online store!<\/li>\n<\/ul>\n<p>That's why we've come up with some great gift ideas for all antique gun enthusiasts.<\/p>\n<p>In conclusion, you can use the <strong>Napoleon Gribeauval 1806 pistol<\/strong> for your historical re-enactments. But above all, it's a collector's item and a decoration.<\/p>\n<p>R\u00e9plique Manga Cin\u00e9 is a French family business and official distributor of <a href=\"https:\/\/www.denix.fr\/fr\/catalogue\/armes-historiques-s-xvi-xix\/pistolets\/1063\/\" target=\"_blank\" rel=\"noopener noreferrer\">Denix<\/a>.<\/p>\n<h2>How are Denix replica weapons made?<\/h2>\n<p>Used in historical re-enactments, films, TV series and by collectors. Denix gun reproductions, made from high-quality materials. Carefully crafted and assembled to create realistic collector's weapons.<\/p>\n<p>The metals are in a metal alloy known as Zamac, whose basic composition is zinc in 95%.<br \/>\nThe plastic parts of the replicas are made of molded ABS, offering high resistance.<br \/>\nWood chosen for its beauty and durability, such as mahogany, olive or walnut, will give your butts and barrels an elegant, authentic appearance.<\/p>\n<p>Please note that all Denix reproductions are identical to the originals, like your <strong>Napoleon Gribeauval 1806 pistol<\/strong>.<\/p>","protected":false},"excerpt":{"rendered":"<p>Reproduction of the 1806 Napoleon pistol.<\/p>\n<ul>\n<li>Solid wood stock with N. emblem.<\/li>\n<li>Zamac mechanism and barrel.<\/li>\n<li>Cap with eagle emblem.<\/li>\n<li>Toggle trigger guard.<\/li>\n<li>Guns and strikes<strong>.<\/strong><\/li>\n<li>Unfit for shooting.<\/li>\n<li>No authorization required. Free sale and possession.<\/li>\n<li>Length : 35 cm - Weight 749 grs<\/li>\n<\/ul>","protected":false},"featured_media":26125,"template":"","meta":[],"product_brand":[896],"product_cat":[25,52,37,28],"product_tag":[],"class_list":{"0":"post-26124","1":"product","2":"type-product","3":"status-publish","4":"has-post-thumbnail","6":"product_brand-replique-manga-cine","7":"product_cat-armes-historiques","8":"product_cat-pistolet-ancien","9":"product_cat-premier-empire","10":"product_cat-repliques-darmes","12":"first","13":"instock","14":"sale","15":"taxable","16":"shipping-taxable","17":"purchasable","18":"product-type-simple"},"yoast_head":"<!-- This site is optimized with the Yoast SEO plugin v27.5 - https:\/\/yoast.com\/product\/yoast-seo-wordpress\/ -->\n<title>Pistolet Napol\u00e9on Gribeauval 1806 - Vente r\u00e9plique Denix | RMC<\/title>\n<meta name=\"description\" content=\"Offrez-vous le Pistolet Napol\u00e9on Gribeauval 1806 au meilleur prix - Crosse en bois massif et embl\u00e8mes - M\u00e9canisme fonctionnel - Longueur totale : 35 cm\" \/>\n<meta name=\"robots\" content=\"index, follow, max-snippet:-1, max-image-preview:large, max-video-preview:-1\" \/>\n<link rel=\"canonical\" href=\"https:\/\/repliquemangacine.fr\/en\/antique-pistol\/napoleon-gribeauval-1806-pistol\/\" \/>\n<meta property=\"og:locale\" content=\"en_US\" \/>\n<meta property=\"og:type\" content=\"article\" \/>\n<meta property=\"og:title\" content=\"Pistolet Napol\u00e9on Gribeauval 1806 - Vente r\u00e9plique Denix | RMC\" \/>\n<meta property=\"og:description\" content=\"Offrez-vous le Pistolet Napol\u00e9on Gribeauval 1806 au meilleur prix - Crosse en bois massif et embl\u00e8mes - M\u00e9canisme fonctionnel - Longueur totale : 35 cm\" \/>\n<meta property=\"og:url\" content=\"https:\/\/repliquemangacine.fr\/en\/antique-pistol\/napoleon-gribeauval-1806-pistol\/\" \/>\n<meta property=\"og:site_name\" content=\"R\u00e9plique Manga Cin\u00e9\" \/>\n<meta property=\"article:publisher\" content=\"https:\/\/www.facebook.com\/RepliqueMangaCine\" \/>\n<meta property=\"article:modified_time\" content=\"2026-04-28T20:03:52+00:00\" \/>\n<meta property=\"og:image\" content=\"https:\/\/repliquemangacine.fr\/wp-content\/uploads\/2023\/10\/832-Pistolet-Napoleon-Gribeauval-1806.jpg\" \/>\n\t<meta property=\"og:image:width\" content=\"800\" \/>\n\t<meta property=\"og:image:height\" content=\"800\" \/>\n\t<meta property=\"og:image:type\" content=\"image\/jpeg\" \/>\n<meta name=\"twitter:card\" content=\"summary_large_image\" \/>\n<meta name=\"twitter:label1\" content=\"Est. reading time\" \/>\n\t<meta name=\"twitter:data1\" content=\"2 minutes\" \/>\n<script type=\"application\/ld+json\" class=\"yoast-schema-graph\">{\"@context\":\"https:\\\/\\\/schema.org\",\"@graph\":[{\"@type\":\"WebPage\",\"@id\":\"https:\\\/\\\/repliquemangacine.fr\\\/pistolet-ancien\\\/pistolet-napoleon-gribeauval-1806\\\/\",\"url\":\"https:\\\/\\\/repliquemangacine.fr\\\/pistolet-ancien\\\/pistolet-napoleon-gribeauval-1806\\\/\",\"name\":\"Pistolet Napol\u00e9on Gribeauval 1806 - Vente r\u00e9plique Denix | RMC\",\"isPartOf\":{\"@id\":\"https:\\\/\\\/repliquemangacine.fr\\\/#website\"},\"primaryImageOfPage\":{\"@id\":\"https:\\\/\\\/repliquemangacine.fr\\\/pistolet-ancien\\\/pistolet-napoleon-gribeauval-1806\\\/#primaryimage\"},\"image\":{\"@id\":\"https:\\\/\\\/repliquemangacine.fr\\\/pistolet-ancien\\\/pistolet-napoleon-gribeauval-1806\\\/#primaryimage\"},\"thumbnailUrl\":\"https:\\\/\\\/repliquemangacine.fr\\\/wp-content\\\/uploads\\\/2023\\\/10\\\/832-Pistolet-Napoleon-Gribeauval-1806.jpg\",\"datePublished\":\"2016-11-09T13:47:52+00:00\",\"dateModified\":\"2026-04-28T20:03:52+00:00\",\"description\":\"Offrez-vous le Pistolet Napol\u00e9on Gribeauval 1806 au meilleur prix - Crosse en bois massif et embl\u00e8mes - M\u00e9canisme fonctionnel - Longueur totale : 35 cm\",\"breadcrumb\":{\"@id\":\"https:\\\/\\\/repliquemangacine.fr\\\/pistolet-ancien\\\/pistolet-napoleon-gribeauval-1806\\\/#breadcrumb\"},\"inLanguage\":\"en-US\",\"potentialAction\":[{\"@type\":\"ReadAction\",\"target\":[\"https:\\\/\\\/repliquemangacine.fr\\\/pistolet-ancien\\\/pistolet-napoleon-gribeauval-1806\\\/\"]}]},{\"@type\":\"ImageObject\",\"inLanguage\":\"en-US\",\"@id\":\"https:\\\/\\\/repliquemangacine.fr\\\/pistolet-ancien\\\/pistolet-napoleon-gribeauval-1806\\\/#primaryimage\",\"url\":\"https:\\\/\\\/repliquemangacine.fr\\\/wp-content\\\/uploads\\\/2023\\\/10\\\/832-Pistolet-Napoleon-Gribeauval-1806.jpg\",\"contentUrl\":\"https:\\\/\\\/repliquemangacine.fr\\\/wp-content\\\/uploads\\\/2023\\\/10\\\/832-Pistolet-Napoleon-Gribeauval-1806.jpg\",\"width\":800,\"height\":800,\"caption\":\"Pistolet Napol\u00e9on - Gribeauval 1806\"},{\"@type\":\"BreadcrumbList\",\"@id\":\"https:\\\/\\\/repliquemangacine.fr\\\/pistolet-ancien\\\/pistolet-napoleon-gribeauval-1806\\\/#breadcrumb\",\"itemListElement\":[{\"@type\":\"ListItem\",\"position\":1,\"name\":\"Accueil\",\"item\":\"https:\\\/\\\/repliquemangacine.fr\\\/\"},{\"@type\":\"ListItem\",\"position\":2,\"name\":\"Produits\",\"item\":\"https:\\\/\\\/repliquemangacine.fr\\\/boutique\\\/\"},{\"@type\":\"ListItem\",\"position\":3,\"name\":\"Pistolet Napol\u00e9on Gribeauval 1806\"}]},{\"@type\":\"WebSite\",\"@id\":\"https:\\\/\\\/repliquemangacine.fr\\\/#website\",\"url\":\"https:\\\/\\\/repliquemangacine.fr\\\/\",\"name\":\"R\u00e9plique Manga Cin\u00e9\",\"description\":\"\",\"publisher\":{\"@id\":\"https:\\\/\\\/repliquemangacine.fr\\\/#organization\"},\"potentialAction\":[{\"@type\":\"SearchAction\",\"target\":{\"@type\":\"EntryPoint\",\"urlTemplate\":\"https:\\\/\\\/repliquemangacine.fr\\\/?s={search_term_string}\"},\"query-input\":{\"@type\":\"PropertyValueSpecification\",\"valueRequired\":true,\"valueName\":\"search_term_string\"}}],\"inLanguage\":\"en-US\"},{\"@type\":\"Organization\",\"@id\":\"https:\\\/\\\/repliquemangacine.fr\\\/#organization\",\"name\":\"R\u00e9plique Manga Cin\u00e9\",\"url\":\"https:\\\/\\\/repliquemangacine.fr\\\/\",\"logo\":{\"@type\":\"ImageObject\",\"inLanguage\":\"en-US\",\"@id\":\"https:\\\/\\\/repliquemangacine.fr\\\/#\\\/schema\\\/logo\\\/image\\\/\",\"url\":\"https:\\\/\\\/repliquemangacine.fr\\\/wp-content\\\/uploads\\\/2023\\\/10\\\/RMC-500250.png\",\"contentUrl\":\"https:\\\/\\\/repliquemangacine.fr\\\/wp-content\\\/uploads\\\/2023\\\/10\\\/RMC-500250.png\",\"width\":500,\"height\":250,\"caption\":\"R\u00e9plique Manga Cin\u00e9\"},\"image\":{\"@id\":\"https:\\\/\\\/repliquemangacine.fr\\\/#\\\/schema\\\/logo\\\/image\\\/\"},\"sameAs\":[\"https:\\\/\\\/www.facebook.com\\\/RepliqueMangaCine\",\"https:\\\/\\\/www.instagram.com\\\/repliquemangacine.fr\\\/\"]}]}<\/script>\n<!-- \/ Yoast SEO plugin. -->","yoast_head_json":{"title":"Napoleon Gribeauval 1806 pistol - Denix replica sale | RMC","description":"Treat yourself to the Napoleon Gribeauval 1806 Pistol at the best price - Solid wood stock and emblems - Functional mechanism - Total length: 35 cm","robots":{"index":"index","follow":"follow","max-snippet":"max-snippet:-1","max-image-preview":"max-image-preview:large","max-video-preview":"max-video-preview:-1"},"canonical":"https:\/\/repliquemangacine.fr\/en\/antique-pistol\/napoleon-gribeauval-1806-pistol\/","og_locale":"en_US","og_type":"article","og_title":"Pistolet Napol\u00e9on Gribeauval 1806 - Vente r\u00e9plique Denix | RMC","og_description":"Offrez-vous le Pistolet Napol\u00e9on Gribeauval 1806 au meilleur prix - Crosse en bois massif et embl\u00e8mes - M\u00e9canisme fonctionnel - Longueur totale : 35 cm","og_url":"https:\/\/repliquemangacine.fr\/en\/antique-pistol\/napoleon-gribeauval-1806-pistol\/","og_site_name":"R\u00e9plique Manga Cin\u00e9","article_publisher":"https:\/\/www.facebook.com\/RepliqueMangaCine","article_modified_time":"2026-04-28T20:03:52+00:00","og_image":[{"width":800,"height":800,"url":"https:\/\/repliquemangacine.fr\/wp-content\/uploads\/2023\/10\/832-Pistolet-Napoleon-Gribeauval-1806.jpg","type":"image\/jpeg"}],"twitter_card":"summary_large_image","twitter_misc":{"Est. reading time":"2 minutes"},"schema":{"@context":"https:\/\/schema.org","@graph":[{"@type":"WebPage","@id":"https:\/\/repliquemangacine.fr\/pistolet-ancien\/pistolet-napoleon-gribeauval-1806\/","url":"https:\/\/repliquemangacine.fr\/pistolet-ancien\/pistolet-napoleon-gribeauval-1806\/","name":"Napoleon Gribeauval 1806 pistol - Denix replica sale | RMC","isPartOf":{"@id":"https:\/\/repliquemangacine.fr\/#website"},"primaryImageOfPage":{"@id":"https:\/\/repliquemangacine.fr\/pistolet-ancien\/pistolet-napoleon-gribeauval-1806\/#primaryimage"},"image":{"@id":"https:\/\/repliquemangacine.fr\/pistolet-ancien\/pistolet-napoleon-gribeauval-1806\/#primaryimage"},"thumbnailUrl":"https:\/\/repliquemangacine.fr\/wp-content\/uploads\/2023\/10\/832-Pistolet-Napoleon-Gribeauval-1806.jpg","datePublished":"2016-11-09T13:47:52+00:00","dateModified":"2026-04-28T20:03:52+00:00","description":"Treat yourself to the Napoleon Gribeauval 1806 Pistol at the best price - Solid wood stock and emblems - Functional mechanism - Total length: 35 cm","breadcrumb":{"@id":"https:\/\/repliquemangacine.fr\/pistolet-ancien\/pistolet-napoleon-gribeauval-1806\/#breadcrumb"},"inLanguage":"en-US","potentialAction":[{"@type":"ReadAction","target":["https:\/\/repliquemangacine.fr\/pistolet-ancien\/pistolet-napoleon-gribeauval-1806\/"]}]},{"@type":"ImageObject","inLanguage":"en-US","@id":"https:\/\/repliquemangacine.fr\/pistolet-ancien\/pistolet-napoleon-gribeauval-1806\/#primaryimage","url":"https:\/\/repliquemangacine.fr\/wp-content\/uploads\/2023\/10\/832-Pistolet-Napoleon-Gribeauval-1806.jpg","contentUrl":"https:\/\/repliquemangacine.fr\/wp-content\/uploads\/2023\/10\/832-Pistolet-Napoleon-Gribeauval-1806.jpg","width":800,"height":800,"caption":"Pistolet Napol\u00e9on - Gribeauval 1806"},{"@type":"BreadcrumbList","@id":"https:\/\/repliquemangacine.fr\/pistolet-ancien\/pistolet-napoleon-gribeauval-1806\/#breadcrumb","itemListElement":[{"@type":"ListItem","position":1,"name":"Accueil","item":"https:\/\/repliquemangacine.fr\/"},{"@type":"ListItem","position":2,"name":"Produits","item":"https:\/\/repliquemangacine.fr\/boutique\/"},{"@type":"ListItem","position":3,"name":"Pistolet Napol\u00e9on Gribeauval 1806"}]},{"@type":"WebSite","@id":"https:\/\/repliquemangacine.fr\/#website","url":"https:\/\/repliquemangacine.fr\/","name":"R\u00e9plique Manga Cin\u00e9","description":"","publisher":{"@id":"https:\/\/repliquemangacine.fr\/#organization"},"potentialAction":[{"@type":"SearchAction","target":{"@type":"EntryPoint","urlTemplate":"https:\/\/repliquemangacine.fr\/?s={search_term_string}"},"query-input":{"@type":"PropertyValueSpecification","valueRequired":true,"valueName":"search_term_string"}}],"inLanguage":"en-US"},{"@type":"Organization","@id":"https:\/\/repliquemangacine.fr\/#organization","name":"R\u00e9plique Manga Cin\u00e9","url":"https:\/\/repliquemangacine.fr\/","logo":{"@type":"ImageObject","inLanguage":"en-US","@id":"https:\/\/repliquemangacine.fr\/#\/schema\/logo\/image\/","url":"https:\/\/repliquemangacine.fr\/wp-content\/uploads\/2023\/10\/RMC-500250.png","contentUrl":"https:\/\/repliquemangacine.fr\/wp-content\/uploads\/2023\/10\/RMC-500250.png","width":500,"height":250,"caption":"R\u00e9plique Manga Cin\u00e9"},"image":{"@id":"https:\/\/repliquemangacine.fr\/#\/schema\/logo\/image\/"},"sameAs":["https:\/\/www.facebook.com\/RepliqueMangaCine","https:\/\/www.instagram.com\/repliquemangacine.fr\/"]}]}},"_links":{"self":[{"href":"https:\/\/repliquemangacine.fr\/en\/wp-json\/wp\/v2\/product\/26124","targetHints":{"allow":["GET"]}}],"collection":[{"href":"https:\/\/repliquemangacine.fr\/en\/wp-json\/wp\/v2\/product"}],"about":[{"href":"https:\/\/repliquemangacine.fr\/en\/wp-json\/wp\/v2\/types\/product"}],"wp:featuredmedia":[{"embeddable":true,"href":"https:\/\/repliquemangacine.fr\/en\/wp-json\/wp\/v2\/media\/26125"}],"wp:attachment":[{"href":"https:\/\/repliquemangacine.fr\/en\/wp-json\/wp\/v2\/media?parent=26124"}],"wp:term":[{"taxonomy":"product_brand","embeddable":true,"href":"https:\/\/repliquemangacine.fr\/en\/wp-json\/wp\/v2\/product_brand?post=26124"},{"taxonomy":"product_cat","embeddable":true,"href":"https:\/\/repliquemangacine.fr\/en\/wp-json\/wp\/v2\/product_cat?post=26124"},{"taxonomy":"product_tag","embeddable":true,"href":"https:\/\/repliquemangacine.fr\/en\/wp-json\/wp\/v2\/product_tag?post=26124"}],"curies":[{"name":"wp","href":"https:\/\/api.w.org\/{rel}","templated":true}]}}