





{"id":26099,"date":"2016-11-08T14:47:56","date_gmt":"2016-11-08T13:47:56","guid":{"rendered":"https:\/\/repliquemangacine.fr\/?post_type=product&#038;p=26099"},"modified":"2026-02-06T15:24:04","modified_gmt":"2026-02-06T14:24:04","slug":"frontier-cavalry-saa-calibre-45","status":"publish","type":"product","link":"https:\/\/repliquemangacine.fr\/en\/colt-revolver-western\/frontier-cavalerie-saa-calibre-45\/","title":{"rendered":"Colt Frontier Cavalry SAA"},"content":{"rendered":"<h2>Colt Frontier Cavalry SAA 1873 Denix.<\/h2>\n<p>To begin with, the Colt <strong>Frontier Cavalerie SAA<\/strong> 1873 Denix, is an identical reproduction of the original.<\/p>\n<p>If there's one weapon whose prestige has never wavered, but on the contrary has never ceased to grow, it's the Colt Single Action. This revolver, with its characteristic, perfectly harmonious shape, has become legendary.<\/p>\n<p>It's important to note that it was in 1875 that the Single Action took on the Frontier moniker, the year in which the 44-40 Winchester cartridge was adapted. Thus, the two most legendary guns of the Wild West imposed the same law of fire.<\/p>\n<p>After the conquest of the West, this weapon began the conquest of memory. This will be easy, given that its lines and exploits have left their mark on the human imagination.<\/p>\n<h2>Your Colt Frontier Cavalerie SAA at the best price.<\/h2>\n<p>We offer a wide selection of Denix weapon reproductions at the lowest prices on the market.<\/p>\n<p>First and foremost,<\/p>\n<ul>\n<li>The Confederate revolver <a href=\"https:\/\/repliquemangacine.fr\/en\/colts-revolver\/revolver-des-confederes-griswold-gunnison-usa-1860\/\">Griswold Gunnison<\/a> 1860 from Denix.<\/li>\n<li>But also, the <a href=\"https:\/\/repliquemangacine.fr\/en\/kolser-gun\/set-colt-45-saa-31cm-black-1873-kolser\/\">colt 31cm case<\/a> with Kolser dummy bullets.<\/li>\n<li>And many more to discover in our online store!<\/li>\n<\/ul>\n<p>Which is why this is a great gift idea for collectors or fans of Westerns.<\/p>\n<p>In conclusion, you can use the Colt <strong>Frontier Cavalerie SAA<\/strong> 1873 Denix for your Westerns demonstrations, or your themed evenings.<\/p>\n<p>We would like to remind you that these are dummy weapons with no danger whatsoever.<\/p>\n<p>R\u00e9plique Manga Cin\u00e9 is a French company and Official Distributor of the brand <a href=\"https:\/\/www.denix.fr\/fr\/catalogue\/guerre-civile-occidentale-et-americaine-1861-1899\/revolvers\/1191-g\/\" target=\"_blank\" rel=\"noopener noreferrer\">Denix<\/a>.<\/p>\n<h2>How are Denix replica weapons made?<\/h2>\n<p>Used in historical re-enactments, films, TV series and by collectors. Denix gun reproductions, made from high-quality materials. Carefully crafted and assembled to create realistic collector's weapons.<\/p>\n<ul>\n<li>The metals are in a metal alloy known as Zamac, whose basic composition is zinc in 95%.<\/li>\n<li>The plastic parts of the replicas are made of molded ABS, offering high resistance.<\/li>\n<li>Wood chosen for its beauty and durability, such as mahogany, olive or walnut, will give your butts and barrels an elegant, authentic appearance.<\/li>\n<\/ul>\n<p>Please note that all Denix reproductions are identical to the originals, such as your Colt<strong> Frontier Cavalerie SAA<\/strong>.<\/p>","protected":false},"excerpt":{"rendered":"<p>This Colt SAA Cavalry 1873, specially designed for the US cavalry.<\/p>\n<ul>\n<li>Solid wood stock.<\/li>\n<li>Carcass is in Zamac.<\/li>\n<li>Guns and strikes.<\/li>\n<li>Unfit for shooting.<\/li>\n<li>No authorization required. Free sale and possession.<\/li>\n<li>Dimensions: 34 cm - Weight: 1,020 g<\/li>\n<\/ul>","protected":false},"featured_media":26100,"template":"","meta":[],"product_brand":[896],"product_cat":[34,33,77,102,28,27],"product_tag":[],"class_list":{"0":"post-26099","1":"product","2":"type-product","3":"status-publish","4":"has-post-thumbnail","6":"product_brand-replique-manga-cine","7":"product_cat-armes-westerns","8":"product_cat-colt-pistolet","9":"product_cat-colt-revolver-western","10":"product_cat-denix","11":"product_cat-repliques-darmes","12":"product_cat-armes-et-accessoires-western","14":"first","15":"instock","16":"sale","17":"taxable","18":"shipping-taxable","19":"purchasable","20":"product-type-simple"},"yoast_head":"<!-- This site is optimized with the Yoast SEO plugin v27.5 - https:\/\/yoast.com\/product\/yoast-seo-wordpress\/ -->\n<title>Frontier Cavalerie SAA 1873 - Colt Denix | R\u00e9plique Manga Cin\u00e9<\/title>\n<meta name=\"description\" content=\"D\u00e9couvrez le Colt Frontier Cavalerie SAA 1873 au meilleur prix - En m\u00e9tal - Crosse en bois - Barillet rotatif - M\u00e9canisme fonctionnel - Longueur : 34 cm\" \/>\n<meta name=\"robots\" content=\"index, follow, max-snippet:-1, max-image-preview:large, max-video-preview:-1\" \/>\n<link rel=\"canonical\" href=\"https:\/\/repliquemangacine.fr\/en\/denix\/frontier-cavalry-saa-calibre-45\/\" \/>\n<meta property=\"og:locale\" content=\"en_US\" \/>\n<meta property=\"og:type\" content=\"article\" \/>\n<meta property=\"og:title\" content=\"Frontier Cavalerie SAA 1873 - Colt Denix | R\u00e9plique Manga Cin\u00e9\" \/>\n<meta property=\"og:description\" content=\"D\u00e9couvrez le Colt Frontier Cavalerie SAA 1873 au meilleur prix - En m\u00e9tal - Crosse en bois - Barillet rotatif - M\u00e9canisme fonctionnel - Longueur : 34 cm\" \/>\n<meta property=\"og:url\" content=\"https:\/\/repliquemangacine.fr\/en\/denix\/frontier-cavalry-saa-calibre-45\/\" \/>\n<meta property=\"og:site_name\" content=\"R\u00e9plique Manga Cin\u00e9\" \/>\n<meta property=\"article:publisher\" content=\"https:\/\/www.facebook.com\/RepliqueMangaCine\" \/>\n<meta property=\"article:modified_time\" content=\"2026-02-06T14:24:04+00:00\" \/>\n<meta property=\"og:image\" content=\"https:\/\/repliquemangacine.fr\/wp-content\/uploads\/2023\/10\/808-Colt-SAA-Modele-Cavalerie-Calibre-45.jpg\" \/>\n\t<meta property=\"og:image:width\" content=\"800\" \/>\n\t<meta property=\"og:image:height\" content=\"800\" \/>\n\t<meta property=\"og:image:type\" content=\"image\/jpeg\" \/>\n<meta name=\"twitter:card\" content=\"summary_large_image\" \/>\n<meta name=\"twitter:label1\" content=\"Est. reading time\" \/>\n\t<meta name=\"twitter:data1\" content=\"2 minutes\" \/>\n<script type=\"application\/ld+json\" class=\"yoast-schema-graph\">{\"@context\":\"https:\\\/\\\/schema.org\",\"@graph\":[{\"@type\":\"WebPage\",\"@id\":\"https:\\\/\\\/repliquemangacine.fr\\\/denix\\\/frontier-cavalerie-saa-calibre-45\\\/\",\"url\":\"https:\\\/\\\/repliquemangacine.fr\\\/denix\\\/frontier-cavalerie-saa-calibre-45\\\/\",\"name\":\"Frontier Cavalerie SAA 1873 - Colt Denix | R\u00e9plique Manga Cin\u00e9\",\"isPartOf\":{\"@id\":\"https:\\\/\\\/repliquemangacine.fr\\\/#website\"},\"primaryImageOfPage\":{\"@id\":\"https:\\\/\\\/repliquemangacine.fr\\\/denix\\\/frontier-cavalerie-saa-calibre-45\\\/#primaryimage\"},\"image\":{\"@id\":\"https:\\\/\\\/repliquemangacine.fr\\\/denix\\\/frontier-cavalerie-saa-calibre-45\\\/#primaryimage\"},\"thumbnailUrl\":\"https:\\\/\\\/repliquemangacine.fr\\\/wp-content\\\/uploads\\\/2023\\\/10\\\/808-Colt-SAA-Modele-Cavalerie-Calibre-45.jpg\",\"datePublished\":\"2016-11-08T13:47:56+00:00\",\"dateModified\":\"2026-02-06T14:24:04+00:00\",\"description\":\"D\u00e9couvrez le Colt Frontier Cavalerie SAA 1873 au meilleur prix - En m\u00e9tal - Crosse en bois - Barillet rotatif - M\u00e9canisme fonctionnel - Longueur : 34 cm\",\"breadcrumb\":{\"@id\":\"https:\\\/\\\/repliquemangacine.fr\\\/denix\\\/frontier-cavalerie-saa-calibre-45\\\/#breadcrumb\"},\"inLanguage\":\"en-US\",\"potentialAction\":[{\"@type\":\"ReadAction\",\"target\":[\"https:\\\/\\\/repliquemangacine.fr\\\/denix\\\/frontier-cavalerie-saa-calibre-45\\\/\"]}]},{\"@type\":\"ImageObject\",\"inLanguage\":\"en-US\",\"@id\":\"https:\\\/\\\/repliquemangacine.fr\\\/denix\\\/frontier-cavalerie-saa-calibre-45\\\/#primaryimage\",\"url\":\"https:\\\/\\\/repliquemangacine.fr\\\/wp-content\\\/uploads\\\/2023\\\/10\\\/808-Colt-SAA-Modele-Cavalerie-Calibre-45.jpg\",\"contentUrl\":\"https:\\\/\\\/repliquemangacine.fr\\\/wp-content\\\/uploads\\\/2023\\\/10\\\/808-Colt-SAA-Modele-Cavalerie-Calibre-45.jpg\",\"width\":800,\"height\":800,\"caption\":\"Colt SAA Mod\u00e8le Cavalerie - Calibre 45\"},{\"@type\":\"BreadcrumbList\",\"@id\":\"https:\\\/\\\/repliquemangacine.fr\\\/denix\\\/frontier-cavalerie-saa-calibre-45\\\/#breadcrumb\",\"itemListElement\":[{\"@type\":\"ListItem\",\"position\":1,\"name\":\"Accueil\",\"item\":\"https:\\\/\\\/repliquemangacine.fr\\\/\"},{\"@type\":\"ListItem\",\"position\":2,\"name\":\"Produits\",\"item\":\"https:\\\/\\\/repliquemangacine.fr\\\/boutique\\\/\"},{\"@type\":\"ListItem\",\"position\":3,\"name\":\"Colt Frontier Cavalerie SAA\"}]},{\"@type\":\"WebSite\",\"@id\":\"https:\\\/\\\/repliquemangacine.fr\\\/#website\",\"url\":\"https:\\\/\\\/repliquemangacine.fr\\\/\",\"name\":\"R\u00e9plique Manga Cin\u00e9\",\"description\":\"\",\"publisher\":{\"@id\":\"https:\\\/\\\/repliquemangacine.fr\\\/#organization\"},\"potentialAction\":[{\"@type\":\"SearchAction\",\"target\":{\"@type\":\"EntryPoint\",\"urlTemplate\":\"https:\\\/\\\/repliquemangacine.fr\\\/?s={search_term_string}\"},\"query-input\":{\"@type\":\"PropertyValueSpecification\",\"valueRequired\":true,\"valueName\":\"search_term_string\"}}],\"inLanguage\":\"en-US\"},{\"@type\":\"Organization\",\"@id\":\"https:\\\/\\\/repliquemangacine.fr\\\/#organization\",\"name\":\"R\u00e9plique Manga Cin\u00e9\",\"url\":\"https:\\\/\\\/repliquemangacine.fr\\\/\",\"logo\":{\"@type\":\"ImageObject\",\"inLanguage\":\"en-US\",\"@id\":\"https:\\\/\\\/repliquemangacine.fr\\\/#\\\/schema\\\/logo\\\/image\\\/\",\"url\":\"https:\\\/\\\/repliquemangacine.fr\\\/wp-content\\\/uploads\\\/2023\\\/10\\\/RMC-500250.png\",\"contentUrl\":\"https:\\\/\\\/repliquemangacine.fr\\\/wp-content\\\/uploads\\\/2023\\\/10\\\/RMC-500250.png\",\"width\":500,\"height\":250,\"caption\":\"R\u00e9plique Manga Cin\u00e9\"},\"image\":{\"@id\":\"https:\\\/\\\/repliquemangacine.fr\\\/#\\\/schema\\\/logo\\\/image\\\/\"},\"sameAs\":[\"https:\\\/\\\/www.facebook.com\\\/RepliqueMangaCine\",\"https:\\\/\\\/www.instagram.com\\\/repliquemangacine.fr\\\/\"]}]}<\/script>\n<!-- \/ Yoast SEO plugin. -->","yoast_head_json":{"title":"Frontier Cavalerie SAA 1873 - Colt Denix | R\u00e9plique Manga Cin\u00e9","description":"Discover the Colt Frontier Cavalerie SAA 1873 at the best price - In metal - Wooden stock - Rotary cylinder - Functional mechanism - Length: 34 cm","robots":{"index":"index","follow":"follow","max-snippet":"max-snippet:-1","max-image-preview":"max-image-preview:large","max-video-preview":"max-video-preview:-1"},"canonical":"https:\/\/repliquemangacine.fr\/en\/denix\/frontier-cavalry-saa-calibre-45\/","og_locale":"en_US","og_type":"article","og_title":"Frontier Cavalerie SAA 1873 - Colt Denix | R\u00e9plique Manga Cin\u00e9","og_description":"D\u00e9couvrez le Colt Frontier Cavalerie SAA 1873 au meilleur prix - En m\u00e9tal - Crosse en bois - Barillet rotatif - M\u00e9canisme fonctionnel - Longueur : 34 cm","og_url":"https:\/\/repliquemangacine.fr\/en\/denix\/frontier-cavalry-saa-calibre-45\/","og_site_name":"R\u00e9plique Manga Cin\u00e9","article_publisher":"https:\/\/www.facebook.com\/RepliqueMangaCine","article_modified_time":"2026-02-06T14:24:04+00:00","og_image":[{"width":800,"height":800,"url":"https:\/\/repliquemangacine.fr\/wp-content\/uploads\/2023\/10\/808-Colt-SAA-Modele-Cavalerie-Calibre-45.jpg","type":"image\/jpeg"}],"twitter_card":"summary_large_image","twitter_misc":{"Est. reading time":"2 minutes"},"schema":{"@context":"https:\/\/schema.org","@graph":[{"@type":"WebPage","@id":"https:\/\/repliquemangacine.fr\/denix\/frontier-cavalerie-saa-calibre-45\/","url":"https:\/\/repliquemangacine.fr\/denix\/frontier-cavalerie-saa-calibre-45\/","name":"Frontier Cavalerie SAA 1873 - Colt Denix | R\u00e9plique Manga Cin\u00e9","isPartOf":{"@id":"https:\/\/repliquemangacine.fr\/#website"},"primaryImageOfPage":{"@id":"https:\/\/repliquemangacine.fr\/denix\/frontier-cavalerie-saa-calibre-45\/#primaryimage"},"image":{"@id":"https:\/\/repliquemangacine.fr\/denix\/frontier-cavalerie-saa-calibre-45\/#primaryimage"},"thumbnailUrl":"https:\/\/repliquemangacine.fr\/wp-content\/uploads\/2023\/10\/808-Colt-SAA-Modele-Cavalerie-Calibre-45.jpg","datePublished":"2016-11-08T13:47:56+00:00","dateModified":"2026-02-06T14:24:04+00:00","description":"Discover the Colt Frontier Cavalerie SAA 1873 at the best price - In metal - Wooden stock - Rotary cylinder - Functional mechanism - Length: 34 cm","breadcrumb":{"@id":"https:\/\/repliquemangacine.fr\/denix\/frontier-cavalerie-saa-calibre-45\/#breadcrumb"},"inLanguage":"en-US","potentialAction":[{"@type":"ReadAction","target":["https:\/\/repliquemangacine.fr\/denix\/frontier-cavalerie-saa-calibre-45\/"]}]},{"@type":"ImageObject","inLanguage":"en-US","@id":"https:\/\/repliquemangacine.fr\/denix\/frontier-cavalerie-saa-calibre-45\/#primaryimage","url":"https:\/\/repliquemangacine.fr\/wp-content\/uploads\/2023\/10\/808-Colt-SAA-Modele-Cavalerie-Calibre-45.jpg","contentUrl":"https:\/\/repliquemangacine.fr\/wp-content\/uploads\/2023\/10\/808-Colt-SAA-Modele-Cavalerie-Calibre-45.jpg","width":800,"height":800,"caption":"Colt SAA Mod\u00e8le Cavalerie - Calibre 45"},{"@type":"BreadcrumbList","@id":"https:\/\/repliquemangacine.fr\/denix\/frontier-cavalerie-saa-calibre-45\/#breadcrumb","itemListElement":[{"@type":"ListItem","position":1,"name":"Accueil","item":"https:\/\/repliquemangacine.fr\/"},{"@type":"ListItem","position":2,"name":"Produits","item":"https:\/\/repliquemangacine.fr\/boutique\/"},{"@type":"ListItem","position":3,"name":"Colt Frontier Cavalerie SAA"}]},{"@type":"WebSite","@id":"https:\/\/repliquemangacine.fr\/#website","url":"https:\/\/repliquemangacine.fr\/","name":"R\u00e9plique Manga Cin\u00e9","description":"","publisher":{"@id":"https:\/\/repliquemangacine.fr\/#organization"},"potentialAction":[{"@type":"SearchAction","target":{"@type":"EntryPoint","urlTemplate":"https:\/\/repliquemangacine.fr\/?s={search_term_string}"},"query-input":{"@type":"PropertyValueSpecification","valueRequired":true,"valueName":"search_term_string"}}],"inLanguage":"en-US"},{"@type":"Organization","@id":"https:\/\/repliquemangacine.fr\/#organization","name":"R\u00e9plique Manga Cin\u00e9","url":"https:\/\/repliquemangacine.fr\/","logo":{"@type":"ImageObject","inLanguage":"en-US","@id":"https:\/\/repliquemangacine.fr\/#\/schema\/logo\/image\/","url":"https:\/\/repliquemangacine.fr\/wp-content\/uploads\/2023\/10\/RMC-500250.png","contentUrl":"https:\/\/repliquemangacine.fr\/wp-content\/uploads\/2023\/10\/RMC-500250.png","width":500,"height":250,"caption":"R\u00e9plique Manga Cin\u00e9"},"image":{"@id":"https:\/\/repliquemangacine.fr\/#\/schema\/logo\/image\/"},"sameAs":["https:\/\/www.facebook.com\/RepliqueMangaCine","https:\/\/www.instagram.com\/repliquemangacine.fr\/"]}]}},"_links":{"self":[{"href":"https:\/\/repliquemangacine.fr\/en\/wp-json\/wp\/v2\/product\/26099","targetHints":{"allow":["GET"]}}],"collection":[{"href":"https:\/\/repliquemangacine.fr\/en\/wp-json\/wp\/v2\/product"}],"about":[{"href":"https:\/\/repliquemangacine.fr\/en\/wp-json\/wp\/v2\/types\/product"}],"wp:featuredmedia":[{"embeddable":true,"href":"https:\/\/repliquemangacine.fr\/en\/wp-json\/wp\/v2\/media\/26100"}],"wp:attachment":[{"href":"https:\/\/repliquemangacine.fr\/en\/wp-json\/wp\/v2\/media?parent=26099"}],"wp:term":[{"taxonomy":"product_brand","embeddable":true,"href":"https:\/\/repliquemangacine.fr\/en\/wp-json\/wp\/v2\/product_brand?post=26099"},{"taxonomy":"product_cat","embeddable":true,"href":"https:\/\/repliquemangacine.fr\/en\/wp-json\/wp\/v2\/product_cat?post=26099"},{"taxonomy":"product_tag","embeddable":true,"href":"https:\/\/repliquemangacine.fr\/en\/wp-json\/wp\/v2\/product_tag?post=26099"}],"curies":[{"name":"wp","href":"https:\/\/api.w.org\/{rel}","templated":true}]}}