





{"id":25981,"date":"2016-11-01T15:30:42","date_gmt":"2016-11-01T14:30:42","guid":{"rendered":"https:\/\/repliquemangacine.fr\/?post_type=product&#038;p=25981"},"modified":"2026-04-24T11:27:14","modified_gmt":"2026-04-24T09:27:14","slug":"colt-buntline-special-wyatt-earp-1873-2","status":"publish","type":"product","link":"https:\/\/repliquemangacine.fr\/en\/colt-revolver-western\/colt-buntline-special-wyatt-earp-1873-2\/","title":{"rendered":"Buntline Special Wyatt Earp 1873"},"content":{"rendered":"<h2>Colt Buntline special - Denix.<\/h2>\n<p>To begin with, the <strong>Colt Buntline special<\/strong>the most famous variant of the Single Action Army. The revolver's defining feature is an exceptionally long barrel, ranging from ten to sixteen inches.<\/p>\n<p>Author Stuart N. Lake created the Buntline when writing the biography of Wyatt Earp in 1931. Lake described them as extra-long Colt Single Action Army revolvers, 12 inches (300 mm) long. Buntline was supposed to have presented them to the lawmen in gratitude for their help in bringing \"local color\" to his Western sons.<\/p>\n<p>After Lake's book was published, various Colt revolvers with long barrels (10\u2033 or 16\u2033) were called \"Colt Buntlines\".<\/p>\n<p>A few 3rd-generation Buntlines were also produced in the late 1970s.<\/p>\n<h2>Your Colt Buntline special at the best price.<\/h2>\n<p>We offer you a wide choice of Denix weapons reproductions at the lowest prices on the market.<\/p>\n<p>First and foremost,<\/p>\n<ul>\n<li>The Pistol rifle <a href=\"https:\/\/repliquemangacine.fr\/en\/colt-pistol\/fusil-pistolet-coach-gun-canon-court-usa\/\">Coach Gun<\/a> two Denix sawed-off barrels.<\/li>\n<li>As well as the <a href=\"https:\/\/repliquemangacine.fr\/en\/kolser-gun\/coffret-colt-45-peacemaker-5-5-nickele-main-kolser\/\">colt Peacemaker 5.5<\/a> with Kolser dummy bullets.<\/li>\n<li>And many more to discover in our online store!<\/li>\n<\/ul>\n<p>Which is why this is a great gift idea for collectors or fans of Westerns.<\/p>\n<p>In conclusion, you can use the <strong>Colt Buntline special<\/strong> Denix for your Westerns demonstrations, or your themed evenings.<\/p>\n<p>In conclusion, we would like to remind you that these are dummy weapons with no danger whatsoever.<\/p>\n<p>R\u00e9plique Manga Cin\u00e9 is a French company and Official Distributor of the brand <a href=\"https:\/\/www.denix.fr\/fr\/catalogue\/guerre-civile-occidentale-et-americaine-1861-1899\/revolvers\/5303\/\" target=\"_blank\" rel=\"noopener noreferrer\">Denix<\/a>.<\/p>\n<h2>How are Denix replica weapons made?<\/h2>\n<p>Used in historical re-enactments, films, TV series and by collectors. Denix gun reproductions, made from high-quality materials. Carefully crafted and assembled to create realistic collector's weapons.<\/p>\n<ul>\n<li>The metals are in a metal alloy known as Zamac, whose basic composition is zinc in 95%.<\/li>\n<li>The plastic parts of the replicas are made of molded ABS, offering high resistance.<\/li>\n<li>Wood chosen for its beauty and durability, such as mahogany, olive or walnut, will give your butts and barrels an elegant, authentic appearance.<\/li>\n<\/ul>\n<p>Please note that all Denix reproductions are identical to the originals, like your <strong>Colt Buntline special<\/strong>.<\/p>","protected":false},"excerpt":{"rendered":"<p>Wyatt Earp's Special Buntline.<\/p>\n<ul>\n<li>12-inch (30.5 cm) long barrel<\/li>\n<li>Caliber 45.<\/li>\n<li>Molded ABS stock plates.<\/li>\n<li>Zamac mechanism and barrel.<\/li>\n<li>Guns and strikes.<\/li>\n<li>Unfit for shooting.<\/li>\n<li>No authorization required.<\/li>\n<li>Free sale and possession.<\/li>\n<li>Total length: 46 cm - Weight: 1100 g<\/li>\n<\/ul>","protected":false},"featured_media":25982,"template":"","meta":[],"product_brand":[896],"product_cat":[34,33,77,102,28,101,27],"product_tag":[],"class_list":{"0":"post-25981","1":"product","2":"type-product","3":"status-publish","4":"has-post-thumbnail","6":"product_brand-replique-manga-cine","7":"product_cat-armes-westerns","8":"product_cat-colt-pistolet","9":"product_cat-colt-revolver-western","10":"product_cat-denix","11":"product_cat-repliques-darmes","12":"product_cat-soldes","13":"product_cat-armes-et-accessoires-western","15":"first","16":"instock","17":"sale","18":"taxable","19":"shipping-taxable","20":"purchasable","21":"product-type-simple"},"yoast_head":"<!-- This site is optimized with the Yoast SEO plugin v27.5 - https:\/\/yoast.com\/product\/yoast-seo-wordpress\/ -->\n<title>Colt Buntline sp\u00e9cial Wyatt Earp - Denix | R\u00e9plique Manga Cin\u00e9<\/title>\n<meta name=\"description\" content=\"Offrez-lui ! le Colt Buntline sp\u00e9cial au meilleur prix - En m\u00e9tal - Crosse ABS - M\u00e9canisme fonctionnel - Barillet rotatif - Longueur totale : 46 cm\" \/>\n<meta name=\"robots\" content=\"index, follow, max-snippet:-1, max-image-preview:large, max-video-preview:-1\" \/>\n<link rel=\"canonical\" href=\"https:\/\/repliquemangacine.fr\/en\/denix\/colt-buntline-special-wyatt-earp-1873-2\/\" \/>\n<meta property=\"og:locale\" content=\"en_US\" \/>\n<meta property=\"og:type\" content=\"article\" \/>\n<meta property=\"og:title\" content=\"Colt Buntline sp\u00e9cial Wyatt Earp - Denix | R\u00e9plique Manga Cin\u00e9\" \/>\n<meta property=\"og:description\" content=\"Offrez-lui ! le Colt Buntline sp\u00e9cial au meilleur prix - En m\u00e9tal - Crosse ABS - M\u00e9canisme fonctionnel - Barillet rotatif - Longueur totale : 46 cm\" \/>\n<meta property=\"og:url\" content=\"https:\/\/repliquemangacine.fr\/en\/denix\/colt-buntline-special-wyatt-earp-1873-2\/\" \/>\n<meta property=\"og:site_name\" content=\"R\u00e9plique Manga Cin\u00e9\" \/>\n<meta property=\"article:publisher\" content=\"https:\/\/www.facebook.com\/RepliqueMangaCine\" \/>\n<meta property=\"article:modified_time\" content=\"2026-04-24T09:27:14+00:00\" \/>\n<meta property=\"og:image\" content=\"https:\/\/repliquemangacine.fr\/wp-content\/uploads\/2023\/10\/702-Colt-Frontier-Buntline-Special-Wyatt-Earp-1873.jpg\" \/>\n\t<meta property=\"og:image:width\" content=\"800\" \/>\n\t<meta property=\"og:image:height\" content=\"800\" \/>\n\t<meta property=\"og:image:type\" content=\"image\/jpeg\" \/>\n<meta name=\"twitter:card\" content=\"summary_large_image\" \/>\n<meta name=\"twitter:label1\" content=\"Est. reading time\" \/>\n\t<meta name=\"twitter:data1\" content=\"2 minutes\" \/>\n<script type=\"application\/ld+json\" class=\"yoast-schema-graph\">{\"@context\":\"https:\\\/\\\/schema.org\",\"@graph\":[{\"@type\":\"WebPage\",\"@id\":\"https:\\\/\\\/repliquemangacine.fr\\\/denix\\\/colt-buntline-special-wyatt-earp-1873-2\\\/\",\"url\":\"https:\\\/\\\/repliquemangacine.fr\\\/denix\\\/colt-buntline-special-wyatt-earp-1873-2\\\/\",\"name\":\"Colt Buntline sp\u00e9cial Wyatt Earp - Denix | R\u00e9plique Manga Cin\u00e9\",\"isPartOf\":{\"@id\":\"https:\\\/\\\/repliquemangacine.fr\\\/#website\"},\"primaryImageOfPage\":{\"@id\":\"https:\\\/\\\/repliquemangacine.fr\\\/denix\\\/colt-buntline-special-wyatt-earp-1873-2\\\/#primaryimage\"},\"image\":{\"@id\":\"https:\\\/\\\/repliquemangacine.fr\\\/denix\\\/colt-buntline-special-wyatt-earp-1873-2\\\/#primaryimage\"},\"thumbnailUrl\":\"https:\\\/\\\/repliquemangacine.fr\\\/wp-content\\\/uploads\\\/2023\\\/10\\\/702-Colt-Frontier-Buntline-Special-Wyatt-Earp-1873.jpg\",\"datePublished\":\"2016-11-01T14:30:42+00:00\",\"dateModified\":\"2026-04-24T09:27:14+00:00\",\"description\":\"Offrez-lui ! le Colt Buntline sp\u00e9cial au meilleur prix - En m\u00e9tal - Crosse ABS - M\u00e9canisme fonctionnel - Barillet rotatif - Longueur totale : 46 cm\",\"breadcrumb\":{\"@id\":\"https:\\\/\\\/repliquemangacine.fr\\\/denix\\\/colt-buntline-special-wyatt-earp-1873-2\\\/#breadcrumb\"},\"inLanguage\":\"en-US\",\"potentialAction\":[{\"@type\":\"ReadAction\",\"target\":[\"https:\\\/\\\/repliquemangacine.fr\\\/denix\\\/colt-buntline-special-wyatt-earp-1873-2\\\/\"]}]},{\"@type\":\"ImageObject\",\"inLanguage\":\"en-US\",\"@id\":\"https:\\\/\\\/repliquemangacine.fr\\\/denix\\\/colt-buntline-special-wyatt-earp-1873-2\\\/#primaryimage\",\"url\":\"https:\\\/\\\/repliquemangacine.fr\\\/wp-content\\\/uploads\\\/2023\\\/10\\\/702-Colt-Frontier-Buntline-Special-Wyatt-Earp-1873.jpg\",\"contentUrl\":\"https:\\\/\\\/repliquemangacine.fr\\\/wp-content\\\/uploads\\\/2023\\\/10\\\/702-Colt-Frontier-Buntline-Special-Wyatt-Earp-1873.jpg\",\"width\":800,\"height\":800,\"caption\":\"Colt Frontier Buntline Sp\u00e9cial - Wyatt Earp 1873\"},{\"@type\":\"BreadcrumbList\",\"@id\":\"https:\\\/\\\/repliquemangacine.fr\\\/denix\\\/colt-buntline-special-wyatt-earp-1873-2\\\/#breadcrumb\",\"itemListElement\":[{\"@type\":\"ListItem\",\"position\":1,\"name\":\"Accueil\",\"item\":\"https:\\\/\\\/repliquemangacine.fr\\\/\"},{\"@type\":\"ListItem\",\"position\":2,\"name\":\"Produits\",\"item\":\"https:\\\/\\\/repliquemangacine.fr\\\/boutique\\\/\"},{\"@type\":\"ListItem\",\"position\":3,\"name\":\"Buntline Sp\u00e9cial Wyatt Earp 1873\"}]},{\"@type\":\"WebSite\",\"@id\":\"https:\\\/\\\/repliquemangacine.fr\\\/#website\",\"url\":\"https:\\\/\\\/repliquemangacine.fr\\\/\",\"name\":\"R\u00e9plique Manga Cin\u00e9\",\"description\":\"\",\"publisher\":{\"@id\":\"https:\\\/\\\/repliquemangacine.fr\\\/#organization\"},\"potentialAction\":[{\"@type\":\"SearchAction\",\"target\":{\"@type\":\"EntryPoint\",\"urlTemplate\":\"https:\\\/\\\/repliquemangacine.fr\\\/?s={search_term_string}\"},\"query-input\":{\"@type\":\"PropertyValueSpecification\",\"valueRequired\":true,\"valueName\":\"search_term_string\"}}],\"inLanguage\":\"en-US\"},{\"@type\":\"Organization\",\"@id\":\"https:\\\/\\\/repliquemangacine.fr\\\/#organization\",\"name\":\"R\u00e9plique Manga Cin\u00e9\",\"url\":\"https:\\\/\\\/repliquemangacine.fr\\\/\",\"logo\":{\"@type\":\"ImageObject\",\"inLanguage\":\"en-US\",\"@id\":\"https:\\\/\\\/repliquemangacine.fr\\\/#\\\/schema\\\/logo\\\/image\\\/\",\"url\":\"https:\\\/\\\/repliquemangacine.fr\\\/wp-content\\\/uploads\\\/2023\\\/10\\\/RMC-500250.png\",\"contentUrl\":\"https:\\\/\\\/repliquemangacine.fr\\\/wp-content\\\/uploads\\\/2023\\\/10\\\/RMC-500250.png\",\"width\":500,\"height\":250,\"caption\":\"R\u00e9plique Manga Cin\u00e9\"},\"image\":{\"@id\":\"https:\\\/\\\/repliquemangacine.fr\\\/#\\\/schema\\\/logo\\\/image\\\/\"},\"sameAs\":[\"https:\\\/\\\/www.facebook.com\\\/RepliqueMangaCine\",\"https:\\\/\\\/www.instagram.com\\\/repliquemangacine.fr\\\/\"]}]}<\/script>\n<!-- \/ Yoast SEO plugin. -->","yoast_head_json":{"title":"Colt Buntline Wyatt Earp special - Denix | R\u00e9plique Manga Cin\u00e9","description":"Offer him! the Colt Buntline special at the best price - In metal - ABS stock - Functional mechanism - Rotating barrel - Total length: 46 cm","robots":{"index":"index","follow":"follow","max-snippet":"max-snippet:-1","max-image-preview":"max-image-preview:large","max-video-preview":"max-video-preview:-1"},"canonical":"https:\/\/repliquemangacine.fr\/en\/denix\/colt-buntline-special-wyatt-earp-1873-2\/","og_locale":"en_US","og_type":"article","og_title":"Colt Buntline sp\u00e9cial Wyatt Earp - Denix | R\u00e9plique Manga Cin\u00e9","og_description":"Offrez-lui ! le Colt Buntline sp\u00e9cial au meilleur prix - En m\u00e9tal - Crosse ABS - M\u00e9canisme fonctionnel - Barillet rotatif - Longueur totale : 46 cm","og_url":"https:\/\/repliquemangacine.fr\/en\/denix\/colt-buntline-special-wyatt-earp-1873-2\/","og_site_name":"R\u00e9plique Manga Cin\u00e9","article_publisher":"https:\/\/www.facebook.com\/RepliqueMangaCine","article_modified_time":"2026-04-24T09:27:14+00:00","og_image":[{"width":800,"height":800,"url":"https:\/\/repliquemangacine.fr\/wp-content\/uploads\/2023\/10\/702-Colt-Frontier-Buntline-Special-Wyatt-Earp-1873.jpg","type":"image\/jpeg"}],"twitter_card":"summary_large_image","twitter_misc":{"Est. reading time":"2 minutes"},"schema":{"@context":"https:\/\/schema.org","@graph":[{"@type":"WebPage","@id":"https:\/\/repliquemangacine.fr\/denix\/colt-buntline-special-wyatt-earp-1873-2\/","url":"https:\/\/repliquemangacine.fr\/denix\/colt-buntline-special-wyatt-earp-1873-2\/","name":"Colt Buntline Wyatt Earp special - Denix | R\u00e9plique Manga Cin\u00e9","isPartOf":{"@id":"https:\/\/repliquemangacine.fr\/#website"},"primaryImageOfPage":{"@id":"https:\/\/repliquemangacine.fr\/denix\/colt-buntline-special-wyatt-earp-1873-2\/#primaryimage"},"image":{"@id":"https:\/\/repliquemangacine.fr\/denix\/colt-buntline-special-wyatt-earp-1873-2\/#primaryimage"},"thumbnailUrl":"https:\/\/repliquemangacine.fr\/wp-content\/uploads\/2023\/10\/702-Colt-Frontier-Buntline-Special-Wyatt-Earp-1873.jpg","datePublished":"2016-11-01T14:30:42+00:00","dateModified":"2026-04-24T09:27:14+00:00","description":"Offer him! the Colt Buntline special at the best price - In metal - ABS stock - Functional mechanism - Rotating barrel - Total length: 46 cm","breadcrumb":{"@id":"https:\/\/repliquemangacine.fr\/denix\/colt-buntline-special-wyatt-earp-1873-2\/#breadcrumb"},"inLanguage":"en-US","potentialAction":[{"@type":"ReadAction","target":["https:\/\/repliquemangacine.fr\/denix\/colt-buntline-special-wyatt-earp-1873-2\/"]}]},{"@type":"ImageObject","inLanguage":"en-US","@id":"https:\/\/repliquemangacine.fr\/denix\/colt-buntline-special-wyatt-earp-1873-2\/#primaryimage","url":"https:\/\/repliquemangacine.fr\/wp-content\/uploads\/2023\/10\/702-Colt-Frontier-Buntline-Special-Wyatt-Earp-1873.jpg","contentUrl":"https:\/\/repliquemangacine.fr\/wp-content\/uploads\/2023\/10\/702-Colt-Frontier-Buntline-Special-Wyatt-Earp-1873.jpg","width":800,"height":800,"caption":"Colt Frontier Buntline Sp\u00e9cial - Wyatt Earp 1873"},{"@type":"BreadcrumbList","@id":"https:\/\/repliquemangacine.fr\/denix\/colt-buntline-special-wyatt-earp-1873-2\/#breadcrumb","itemListElement":[{"@type":"ListItem","position":1,"name":"Accueil","item":"https:\/\/repliquemangacine.fr\/"},{"@type":"ListItem","position":2,"name":"Produits","item":"https:\/\/repliquemangacine.fr\/boutique\/"},{"@type":"ListItem","position":3,"name":"Buntline Sp\u00e9cial Wyatt Earp 1873"}]},{"@type":"WebSite","@id":"https:\/\/repliquemangacine.fr\/#website","url":"https:\/\/repliquemangacine.fr\/","name":"R\u00e9plique Manga Cin\u00e9","description":"","publisher":{"@id":"https:\/\/repliquemangacine.fr\/#organization"},"potentialAction":[{"@type":"SearchAction","target":{"@type":"EntryPoint","urlTemplate":"https:\/\/repliquemangacine.fr\/?s={search_term_string}"},"query-input":{"@type":"PropertyValueSpecification","valueRequired":true,"valueName":"search_term_string"}}],"inLanguage":"en-US"},{"@type":"Organization","@id":"https:\/\/repliquemangacine.fr\/#organization","name":"R\u00e9plique Manga Cin\u00e9","url":"https:\/\/repliquemangacine.fr\/","logo":{"@type":"ImageObject","inLanguage":"en-US","@id":"https:\/\/repliquemangacine.fr\/#\/schema\/logo\/image\/","url":"https:\/\/repliquemangacine.fr\/wp-content\/uploads\/2023\/10\/RMC-500250.png","contentUrl":"https:\/\/repliquemangacine.fr\/wp-content\/uploads\/2023\/10\/RMC-500250.png","width":500,"height":250,"caption":"R\u00e9plique Manga Cin\u00e9"},"image":{"@id":"https:\/\/repliquemangacine.fr\/#\/schema\/logo\/image\/"},"sameAs":["https:\/\/www.facebook.com\/RepliqueMangaCine","https:\/\/www.instagram.com\/repliquemangacine.fr\/"]}]}},"_links":{"self":[{"href":"https:\/\/repliquemangacine.fr\/en\/wp-json\/wp\/v2\/product\/25981","targetHints":{"allow":["GET"]}}],"collection":[{"href":"https:\/\/repliquemangacine.fr\/en\/wp-json\/wp\/v2\/product"}],"about":[{"href":"https:\/\/repliquemangacine.fr\/en\/wp-json\/wp\/v2\/types\/product"}],"wp:featuredmedia":[{"embeddable":true,"href":"https:\/\/repliquemangacine.fr\/en\/wp-json\/wp\/v2\/media\/25982"}],"wp:attachment":[{"href":"https:\/\/repliquemangacine.fr\/en\/wp-json\/wp\/v2\/media?parent=25981"}],"wp:term":[{"taxonomy":"product_brand","embeddable":true,"href":"https:\/\/repliquemangacine.fr\/en\/wp-json\/wp\/v2\/product_brand?post=25981"},{"taxonomy":"product_cat","embeddable":true,"href":"https:\/\/repliquemangacine.fr\/en\/wp-json\/wp\/v2\/product_cat?post=25981"},{"taxonomy":"product_tag","embeddable":true,"href":"https:\/\/repliquemangacine.fr\/en\/wp-json\/wp\/v2\/product_tag?post=25981"}],"curies":[{"name":"wp","href":"https:\/\/api.w.org\/{rel}","templated":true}]}}