





{"id":25925,"date":"2016-10-27T18:50:50","date_gmt":"2016-10-27T16:50:50","guid":{"rendered":"https:\/\/repliquemangacine.fr\/?post_type=product&#038;p=25925"},"modified":"2026-04-29T23:55:13","modified_gmt":"2026-04-29T21:55:13","slug":"leather-shoulder-holster","status":"publish","type":"product","link":"https:\/\/repliquemangacine.fr\/en\/holster-accessoires-western\/holster-depaule-en-cuir\/","title":{"rendered":"Shoulder holster Leather case"},"content":{"rendered":"<h2>Leather shoulder holster<\/h2>\n<p>To begin with, this <strong>Shoulder holster<\/strong> for revolver is a discreet model for concealing the weapon under the arm (below the armpit). This makes it invisible under a jacket, for more realism in your performances or re-enactments.<\/p>\n<p>Adjustable straps for a customized fit depending on the replica carried. The term \"brelage\" refers to the straps used to carry a firearm.<\/p>\n<p>Black leather holster handcrafted in Spain by <a href=\"https:\/\/www.denix.fr\/fr\/\" target=\"_blank\" rel=\"noopener noreferrer\">Denix<\/a>\u00a0allows you to carry your replica discreetly under your arm. Sturdy and adjustable thanks to its straps, it can be adapted to all body shapes.<\/p>\n<h2>Your Shoulder Holster at the best price.<\/h2>\n<p>We offer a wide range of accessories and gun reproductions.<\/p>\n<p>First and foremost,<\/p>\n<ul>\n<li>The replica of the <a href=\"https:\/\/repliquemangacine.fr\/en\/historical-weapons\/pistolet-m1911a1-demontable-crosse-quadrillee\/\">M1911A1 pistol with removable checkered stock.<\/a><\/li>\n<li>As well as the <a href=\"https:\/\/repliquemangacine.fr\/en\/modern-pistol\/pistol-beretta-92f-parabellum-italy-1975\/\">Beretta 92F Parabellum Italy 1975<\/a><\/li>\n<li>And many more to discover in our online store!<\/li>\n<\/ul>\n<p>That's why, here are some great gift ideas for all replica gun lovers.<\/p>\n<p>In conclusion, you can use this <strong>Shoulder holster<\/strong>for your historical performances or themed evenings.<\/p>\n<p>R\u00e9plique Manga Cin\u00e9 is a French family business.<\/p>\n<h2>How are your weapons accessories made?<\/h2>\n<p>To begin with, all our derived products are of the highest quality, manufactured with meticulous attention to detail. In fact, some of the manufacturing is done by hand, to reproduce even the smallest detail. More important parts are machined by precise machines. Engravings are generally made with a diamond tip or laser.<\/p>\n<p>Your <strong>Shoulder holster<\/strong> manufactured to reproduce every detail exactly. To match the heritage of the original masterpieces. The emphasis is on creating high-quality replicas that are as historically accurate as possible.<\/p>\n<p>In conclusion, imported from China, Spain or India, our replicas will amaze you!<\/p>","protected":false},"excerpt":{"rendered":"<p>This shoulder holster is made from high-quality leather.<\/p>\n<ul>\n<li>Adjustable straps for a custom fit on almost any gun<\/li>\n<li>Revolver or automatic, regardless of barrel length.<\/li>\n<li>Dimensions: 54 cm - Weight: 220g.<\/li>\n<\/ul>","protected":false},"featured_media":25926,"template":"","meta":[],"product_brand":[896],"product_cat":[25,102,54,45,90,85,40,28,76,27],"product_tag":[],"class_list":{"0":"post-25925","1":"product","2":"type-product","3":"status-publish","4":"has-post-thumbnail","6":"product_brand-replique-manga-cine","7":"product_cat-armes-historiques","8":"product_cat-denix","9":"product_cat-armes-accessoires-guerre-mondiale","10":"product_cat-holster-western-ceinturon","11":"product_cat-holster-accessoires-western","12":"product_cat-dagues-et-accessoires-seconde-guerre-mondiale-materiels-militaria","13":"product_cat-pistolet-moderne","14":"product_cat-repliques-darmes","15":"product_cat-reproductions-armes-seconde-guerre-mondiale-denix","16":"product_cat-armes-et-accessoires-western","18":"first","19":"outofstock","20":"taxable","21":"shipping-taxable","22":"purchasable","23":"product-type-simple"},"yoast_head":"<!-- This site is optimized with the Yoast SEO plugin v27.5 - https:\/\/yoast.com\/product\/yoast-seo-wordpress\/ -->\n<title>Holster d&#039;\u00e9paule - Accessoires Denix - R\u00e9plique Manga Cin\u00e9<\/title>\n<meta name=\"description\" content=\"Ce holster d&#039;\u00e9paule est fabriqu\u00e9 \u00e0 partir de cuir de haute qualit\u00e9. Sangles r\u00e9glables. Id\u00e9ale pour vos repr\u00e9sentations ou reconstitutions.\" \/>\n<meta name=\"robots\" content=\"index, follow, max-snippet:-1, max-image-preview:large, max-video-preview:-1\" \/>\n<link rel=\"canonical\" href=\"https:\/\/repliquemangacine.fr\/en\/denix\/leather-shoulder-holster\/\" \/>\n<meta property=\"og:locale\" content=\"en_US\" \/>\n<meta property=\"og:type\" content=\"article\" \/>\n<meta property=\"og:title\" content=\"Holster d&#039;\u00e9paule - Accessoires Denix - R\u00e9plique Manga Cin\u00e9\" \/>\n<meta property=\"og:description\" content=\"Ce holster d&#039;\u00e9paule est fabriqu\u00e9 \u00e0 partir de cuir de haute qualit\u00e9. Sangles r\u00e9glables. Id\u00e9ale pour vos repr\u00e9sentations ou reconstitutions.\" \/>\n<meta property=\"og:url\" content=\"https:\/\/repliquemangacine.fr\/en\/denix\/leather-shoulder-holster\/\" \/>\n<meta property=\"og:site_name\" content=\"R\u00e9plique Manga Cin\u00e9\" \/>\n<meta property=\"article:publisher\" content=\"https:\/\/www.facebook.com\/RepliqueMangaCine\" \/>\n<meta property=\"article:modified_time\" content=\"2026-04-29T21:55:13+00:00\" \/>\n<meta property=\"og:image\" content=\"https:\/\/repliquemangacine.fr\/wp-content\/uploads\/2023\/10\/654-Holster-depaule-Etui-cuir.jpg\" \/>\n\t<meta property=\"og:image:width\" content=\"700\" \/>\n\t<meta property=\"og:image:height\" content=\"700\" \/>\n\t<meta property=\"og:image:type\" content=\"image\/jpeg\" \/>\n<meta name=\"twitter:card\" content=\"summary_large_image\" \/>\n<meta name=\"twitter:label1\" content=\"Est. reading time\" \/>\n\t<meta name=\"twitter:data1\" content=\"2 minutes\" \/>\n<script type=\"application\/ld+json\" class=\"yoast-schema-graph\">{\"@context\":\"https:\\\/\\\/schema.org\",\"@graph\":[{\"@type\":\"WebPage\",\"@id\":\"https:\\\/\\\/repliquemangacine.fr\\\/denix\\\/holster-depaule-en-cuir\\\/\",\"url\":\"https:\\\/\\\/repliquemangacine.fr\\\/denix\\\/holster-depaule-en-cuir\\\/\",\"name\":\"Holster d'\u00e9paule - Accessoires Denix - R\u00e9plique Manga Cin\u00e9\",\"isPartOf\":{\"@id\":\"https:\\\/\\\/repliquemangacine.fr\\\/#website\"},\"primaryImageOfPage\":{\"@id\":\"https:\\\/\\\/repliquemangacine.fr\\\/denix\\\/holster-depaule-en-cuir\\\/#primaryimage\"},\"image\":{\"@id\":\"https:\\\/\\\/repliquemangacine.fr\\\/denix\\\/holster-depaule-en-cuir\\\/#primaryimage\"},\"thumbnailUrl\":\"https:\\\/\\\/repliquemangacine.fr\\\/wp-content\\\/uploads\\\/2023\\\/10\\\/654-Holster-depaule-Etui-cuir.jpg\",\"datePublished\":\"2016-10-27T16:50:50+00:00\",\"dateModified\":\"2026-04-29T21:55:13+00:00\",\"description\":\"Ce holster d'\u00e9paule est fabriqu\u00e9 \u00e0 partir de cuir de haute qualit\u00e9. Sangles r\u00e9glables. Id\u00e9ale pour vos repr\u00e9sentations ou reconstitutions.\",\"breadcrumb\":{\"@id\":\"https:\\\/\\\/repliquemangacine.fr\\\/denix\\\/holster-depaule-en-cuir\\\/#breadcrumb\"},\"inLanguage\":\"en-US\",\"potentialAction\":[{\"@type\":\"ReadAction\",\"target\":[\"https:\\\/\\\/repliquemangacine.fr\\\/denix\\\/holster-depaule-en-cuir\\\/\"]}]},{\"@type\":\"ImageObject\",\"inLanguage\":\"en-US\",\"@id\":\"https:\\\/\\\/repliquemangacine.fr\\\/denix\\\/holster-depaule-en-cuir\\\/#primaryimage\",\"url\":\"https:\\\/\\\/repliquemangacine.fr\\\/wp-content\\\/uploads\\\/2023\\\/10\\\/654-Holster-depaule-Etui-cuir.jpg\",\"contentUrl\":\"https:\\\/\\\/repliquemangacine.fr\\\/wp-content\\\/uploads\\\/2023\\\/10\\\/654-Holster-depaule-Etui-cuir.jpg\",\"width\":700,\"height\":700,\"caption\":\"Holster d'\u00e9paule en cuir\"},{\"@type\":\"BreadcrumbList\",\"@id\":\"https:\\\/\\\/repliquemangacine.fr\\\/denix\\\/holster-depaule-en-cuir\\\/#breadcrumb\",\"itemListElement\":[{\"@type\":\"ListItem\",\"position\":1,\"name\":\"Accueil\",\"item\":\"https:\\\/\\\/repliquemangacine.fr\\\/\"},{\"@type\":\"ListItem\",\"position\":2,\"name\":\"Produits\",\"item\":\"https:\\\/\\\/repliquemangacine.fr\\\/boutique\\\/\"},{\"@type\":\"ListItem\",\"position\":3,\"name\":\"Holster d&#8217;\u00e9paule Etui cuir\"}]},{\"@type\":\"WebSite\",\"@id\":\"https:\\\/\\\/repliquemangacine.fr\\\/#website\",\"url\":\"https:\\\/\\\/repliquemangacine.fr\\\/\",\"name\":\"R\u00e9plique Manga Cin\u00e9\",\"description\":\"\",\"publisher\":{\"@id\":\"https:\\\/\\\/repliquemangacine.fr\\\/#organization\"},\"potentialAction\":[{\"@type\":\"SearchAction\",\"target\":{\"@type\":\"EntryPoint\",\"urlTemplate\":\"https:\\\/\\\/repliquemangacine.fr\\\/?s={search_term_string}\"},\"query-input\":{\"@type\":\"PropertyValueSpecification\",\"valueRequired\":true,\"valueName\":\"search_term_string\"}}],\"inLanguage\":\"en-US\"},{\"@type\":\"Organization\",\"@id\":\"https:\\\/\\\/repliquemangacine.fr\\\/#organization\",\"name\":\"R\u00e9plique Manga Cin\u00e9\",\"url\":\"https:\\\/\\\/repliquemangacine.fr\\\/\",\"logo\":{\"@type\":\"ImageObject\",\"inLanguage\":\"en-US\",\"@id\":\"https:\\\/\\\/repliquemangacine.fr\\\/#\\\/schema\\\/logo\\\/image\\\/\",\"url\":\"https:\\\/\\\/repliquemangacine.fr\\\/wp-content\\\/uploads\\\/2023\\\/10\\\/RMC-500250.png\",\"contentUrl\":\"https:\\\/\\\/repliquemangacine.fr\\\/wp-content\\\/uploads\\\/2023\\\/10\\\/RMC-500250.png\",\"width\":500,\"height\":250,\"caption\":\"R\u00e9plique Manga Cin\u00e9\"},\"image\":{\"@id\":\"https:\\\/\\\/repliquemangacine.fr\\\/#\\\/schema\\\/logo\\\/image\\\/\"},\"sameAs\":[\"https:\\\/\\\/www.facebook.com\\\/RepliqueMangaCine\",\"https:\\\/\\\/www.instagram.com\\\/repliquemangacine.fr\\\/\"]}]}<\/script>\n<!-- \/ Yoast SEO plugin. -->","yoast_head_json":{"title":"Shoulder holster - Denix accessories - R\u00e9plique Manga Cin\u00e9","description":"This shoulder holster is made from high-quality leather. Adjustable straps. Ideal for performances and re-enactments.","robots":{"index":"index","follow":"follow","max-snippet":"max-snippet:-1","max-image-preview":"max-image-preview:large","max-video-preview":"max-video-preview:-1"},"canonical":"https:\/\/repliquemangacine.fr\/en\/denix\/leather-shoulder-holster\/","og_locale":"en_US","og_type":"article","og_title":"Holster d'\u00e9paule - Accessoires Denix - R\u00e9plique Manga Cin\u00e9","og_description":"Ce holster d'\u00e9paule est fabriqu\u00e9 \u00e0 partir de cuir de haute qualit\u00e9. Sangles r\u00e9glables. Id\u00e9ale pour vos repr\u00e9sentations ou reconstitutions.","og_url":"https:\/\/repliquemangacine.fr\/en\/denix\/leather-shoulder-holster\/","og_site_name":"R\u00e9plique Manga Cin\u00e9","article_publisher":"https:\/\/www.facebook.com\/RepliqueMangaCine","article_modified_time":"2026-04-29T21:55:13+00:00","og_image":[{"width":700,"height":700,"url":"https:\/\/repliquemangacine.fr\/wp-content\/uploads\/2023\/10\/654-Holster-depaule-Etui-cuir.jpg","type":"image\/jpeg"}],"twitter_card":"summary_large_image","twitter_misc":{"Est. reading time":"2 minutes"},"schema":{"@context":"https:\/\/schema.org","@graph":[{"@type":"WebPage","@id":"https:\/\/repliquemangacine.fr\/denix\/holster-depaule-en-cuir\/","url":"https:\/\/repliquemangacine.fr\/denix\/holster-depaule-en-cuir\/","name":"Shoulder holster - Denix accessories - R\u00e9plique Manga Cin\u00e9","isPartOf":{"@id":"https:\/\/repliquemangacine.fr\/#website"},"primaryImageOfPage":{"@id":"https:\/\/repliquemangacine.fr\/denix\/holster-depaule-en-cuir\/#primaryimage"},"image":{"@id":"https:\/\/repliquemangacine.fr\/denix\/holster-depaule-en-cuir\/#primaryimage"},"thumbnailUrl":"https:\/\/repliquemangacine.fr\/wp-content\/uploads\/2023\/10\/654-Holster-depaule-Etui-cuir.jpg","datePublished":"2016-10-27T16:50:50+00:00","dateModified":"2026-04-29T21:55:13+00:00","description":"This shoulder holster is made from high-quality leather. Adjustable straps. Ideal for performances and re-enactments.","breadcrumb":{"@id":"https:\/\/repliquemangacine.fr\/denix\/holster-depaule-en-cuir\/#breadcrumb"},"inLanguage":"en-US","potentialAction":[{"@type":"ReadAction","target":["https:\/\/repliquemangacine.fr\/denix\/holster-depaule-en-cuir\/"]}]},{"@type":"ImageObject","inLanguage":"en-US","@id":"https:\/\/repliquemangacine.fr\/denix\/holster-depaule-en-cuir\/#primaryimage","url":"https:\/\/repliquemangacine.fr\/wp-content\/uploads\/2023\/10\/654-Holster-depaule-Etui-cuir.jpg","contentUrl":"https:\/\/repliquemangacine.fr\/wp-content\/uploads\/2023\/10\/654-Holster-depaule-Etui-cuir.jpg","width":700,"height":700,"caption":"Holster d'\u00e9paule en cuir"},{"@type":"BreadcrumbList","@id":"https:\/\/repliquemangacine.fr\/denix\/holster-depaule-en-cuir\/#breadcrumb","itemListElement":[{"@type":"ListItem","position":1,"name":"Accueil","item":"https:\/\/repliquemangacine.fr\/"},{"@type":"ListItem","position":2,"name":"Produits","item":"https:\/\/repliquemangacine.fr\/boutique\/"},{"@type":"ListItem","position":3,"name":"Holster d&#8217;\u00e9paule Etui cuir"}]},{"@type":"WebSite","@id":"https:\/\/repliquemangacine.fr\/#website","url":"https:\/\/repliquemangacine.fr\/","name":"R\u00e9plique Manga Cin\u00e9","description":"","publisher":{"@id":"https:\/\/repliquemangacine.fr\/#organization"},"potentialAction":[{"@type":"SearchAction","target":{"@type":"EntryPoint","urlTemplate":"https:\/\/repliquemangacine.fr\/?s={search_term_string}"},"query-input":{"@type":"PropertyValueSpecification","valueRequired":true,"valueName":"search_term_string"}}],"inLanguage":"en-US"},{"@type":"Organization","@id":"https:\/\/repliquemangacine.fr\/#organization","name":"R\u00e9plique Manga Cin\u00e9","url":"https:\/\/repliquemangacine.fr\/","logo":{"@type":"ImageObject","inLanguage":"en-US","@id":"https:\/\/repliquemangacine.fr\/#\/schema\/logo\/image\/","url":"https:\/\/repliquemangacine.fr\/wp-content\/uploads\/2023\/10\/RMC-500250.png","contentUrl":"https:\/\/repliquemangacine.fr\/wp-content\/uploads\/2023\/10\/RMC-500250.png","width":500,"height":250,"caption":"R\u00e9plique Manga Cin\u00e9"},"image":{"@id":"https:\/\/repliquemangacine.fr\/#\/schema\/logo\/image\/"},"sameAs":["https:\/\/www.facebook.com\/RepliqueMangaCine","https:\/\/www.instagram.com\/repliquemangacine.fr\/"]}]}},"_links":{"self":[{"href":"https:\/\/repliquemangacine.fr\/en\/wp-json\/wp\/v2\/product\/25925","targetHints":{"allow":["GET"]}}],"collection":[{"href":"https:\/\/repliquemangacine.fr\/en\/wp-json\/wp\/v2\/product"}],"about":[{"href":"https:\/\/repliquemangacine.fr\/en\/wp-json\/wp\/v2\/types\/product"}],"wp:featuredmedia":[{"embeddable":true,"href":"https:\/\/repliquemangacine.fr\/en\/wp-json\/wp\/v2\/media\/25926"}],"wp:attachment":[{"href":"https:\/\/repliquemangacine.fr\/en\/wp-json\/wp\/v2\/media?parent=25925"}],"wp:term":[{"taxonomy":"product_brand","embeddable":true,"href":"https:\/\/repliquemangacine.fr\/en\/wp-json\/wp\/v2\/product_brand?post=25925"},{"taxonomy":"product_cat","embeddable":true,"href":"https:\/\/repliquemangacine.fr\/en\/wp-json\/wp\/v2\/product_cat?post=25925"},{"taxonomy":"product_tag","embeddable":true,"href":"https:\/\/repliquemangacine.fr\/en\/wp-json\/wp\/v2\/product_tag?post=25925"}],"curies":[{"name":"wp","href":"https:\/\/api.w.org\/{rel}","templated":true}]}}