





{"id":25906,"date":"2016-10-27T16:06:38","date_gmt":"2016-10-27T14:06:38","guid":{"rendered":"https:\/\/repliquemangacine.fr\/?post_type=product&#038;p=25906"},"modified":"2025-11-10T14:50:25","modified_gmt":"2025-11-10T13:50:25","slug":"holster-2-colts-black-double-belt-with-cartridge-belt","status":"publish","type":"product","link":"https:\/\/repliquemangacine.fr\/en\/holster-accessoires-western\/holster-2-colts-noir-ceinturon-double-avec-cartouchiere\/","title":{"rendered":"Holster 2 Colts black"},"content":{"rendered":"<h2>Holster 2 Colts black<\/h2>\n<p>To begin with, this <strong>Holster 2 Colts black<\/strong>specially designed to hold two revolvers. This belt has a cartridge belt with 24 dummy bullets.<\/p>\n<p>Generally designed for one-handed use. This allows the handgun to be removed and\/or replaced with the same hand. To return the handgun to its holster with one hand, a semi-rigid material is required.<\/p>\n<p>So that it retains its shape, the holster doesn't collapse when the Colt is no longer inside to support it. Traditionally attached to the belt via a harness.<\/p>\n<p>Popularized in Western films and famous duel scenes. The extraction of the pistol in some films is quite spectacular, and we witness some technical feats to put it back.<\/p>\n<h2>Your Holster 2 colts black at the best price.<\/h2>\n<p>We offer a wide range of Westerns accessories.<\/p>\n<p>First and foremost,<\/p>\n<ul>\n<li>For your holster, you need Colt 45, the <a href=\"https:\/\/repliquemangacine.fr\/en\/colts-revolver\/colt-model-1873-denix-55-inch-calibre-45\/\">Peacemaker revolver<\/a> model 1873.<\/li>\n<li>There are also <a href=\"https:\/\/repliquemangacine.fr\/en\/western-accessories\/6-dummy-bullets-with-denix-primers\/\">dummy bullets with primers<\/a> for 45-caliber Colt to fill your cartridge belt.<\/li>\n<li>As well as <a href=\"https:\/\/repliquemangacine.fr\/en\/western-accessories\/blister-de-96-amorces-pour-pistolet-kolser\/\">primer blisters<\/a> the spare parts you need to make it pop!<\/li>\n<li>And many more to discover in our online store!<\/li>\n<\/ul>\n<p>A great gift idea for all lovers of historic weapons.<\/p>\n<p>In conclusion, you can use this <strong>Holster 2 Colts black<\/strong> for your western re-enactments and performances.<\/p>\n<p>Above all, this weapon is a collector's item and a decorative piece.<\/p>\n<p>R\u00e9plique Manga Cin\u00e9 is a French company, official distributor of the brand <a href=\"https:\/\/www.denix.fr\/\" target=\"_blank\" rel=\"noopener noreferrer\">Denix<\/a>.<\/p>\n<h2>How are your western accessories made?<\/h2>\n<p>To begin with, all our derived products are of the highest quality, manufactured with meticulous attention to detail. In fact, some of the manufacturing is done by hand, to reproduce even the smallest detail. More important parts are machined by precise machines. Engravings are generally made with a diamond tip or laser.<\/p>\n<p>Your <strong>Holster 2 Colts black<\/strong> manufactured to reproduce every detail exactly. To match the heritage of the original masterpieces. The emphasis is on creating high-quality replicas that are as historically accurate as possible.<\/p>\n<p>In conclusion, imported from China, Spain or India, our replicas will amaze you!<\/p>","protected":false},"excerpt":{"rendered":"<p>High-quality western belt in thick molded leather.<\/p>\n<ul>\n<li>Hand-made and hand-sewn.<\/li>\n<li>Horse motifs engraved in genuine leather.<\/li>\n<li>Metal belt buckle.<\/li>\n<li>Support straps.<\/li>\n<li>Cartridge belt.<\/li>\n<li>Supplied without dummy bullets<\/li>\n<\/ul>","protected":false},"featured_media":25907,"template":"","meta":[],"product_brand":[896],"product_cat":[34,102,45,90,28,27],"product_tag":[],"class_list":{"0":"post-25906","1":"product","2":"type-product","3":"status-publish","4":"has-post-thumbnail","6":"product_brand-replique-manga-cine","7":"product_cat-armes-westerns","8":"product_cat-denix","9":"product_cat-holster-western-ceinturon","10":"product_cat-holster-accessoires-western","11":"product_cat-repliques-darmes","12":"product_cat-armes-et-accessoires-western","14":"first","15":"instock","16":"taxable","17":"shipping-taxable","18":"purchasable","19":"product-type-simple"},"yoast_head":"<!-- This site is optimized with the Yoast SEO plugin v27.5 - https:\/\/yoast.com\/product\/yoast-seo-wordpress\/ -->\n<title>Holster 2 Colts noir - Ceinturon pour colt 45 | R\u00e9plique Manga Cin\u00e9<\/title>\n<meta name=\"description\" content=\"D\u00e9couvrez cet Holster 2 Colts noir de western au meilleur prix - De tr\u00e8s haute qualit\u00e9 - Cuir \u00e9pais moul\u00e9. Boucle m\u00e9tal. Cartouchi\u00e8re.\" \/>\n<meta name=\"robots\" content=\"index, follow, max-snippet:-1, max-image-preview:large, max-video-preview:-1\" \/>\n<link rel=\"canonical\" href=\"https:\/\/repliquemangacine.fr\/en\/denix\/holster-2-colts-black-double-belt-with-cartridge-belt\/\" \/>\n<meta property=\"og:locale\" content=\"en_US\" \/>\n<meta property=\"og:type\" content=\"article\" \/>\n<meta property=\"og:title\" content=\"Holster 2 Colts noir - Ceinturon pour colt 45 | R\u00e9plique Manga Cin\u00e9\" \/>\n<meta property=\"og:description\" content=\"D\u00e9couvrez cet Holster 2 Colts noir de western au meilleur prix - De tr\u00e8s haute qualit\u00e9 - Cuir \u00e9pais moul\u00e9. Boucle m\u00e9tal. Cartouchi\u00e8re.\" \/>\n<meta property=\"og:url\" content=\"https:\/\/repliquemangacine.fr\/en\/denix\/holster-2-colts-black-double-belt-with-cartridge-belt\/\" \/>\n<meta property=\"og:site_name\" content=\"R\u00e9plique Manga Cin\u00e9\" \/>\n<meta property=\"article:publisher\" content=\"https:\/\/www.facebook.com\/RepliqueMangaCine\" \/>\n<meta property=\"article:modified_time\" content=\"2025-11-10T13:50:25+00:00\" \/>\n<meta property=\"og:image\" content=\"https:\/\/repliquemangacine.fr\/wp-content\/uploads\/2023\/10\/637-Ceinturon-noir-pour-colt-Holster-double.jpg\" \/>\n\t<meta property=\"og:image:width\" content=\"700\" \/>\n\t<meta property=\"og:image:height\" content=\"700\" \/>\n\t<meta property=\"og:image:type\" content=\"image\/jpeg\" \/>\n<meta name=\"twitter:card\" content=\"summary_large_image\" \/>\n<meta name=\"twitter:label1\" content=\"Est. reading time\" \/>\n\t<meta name=\"twitter:data1\" content=\"2 minutes\" \/>\n<script type=\"application\/ld+json\" class=\"yoast-schema-graph\">{\"@context\":\"https:\\\/\\\/schema.org\",\"@graph\":[{\"@type\":\"WebPage\",\"@id\":\"https:\\\/\\\/repliquemangacine.fr\\\/de\\\/denix\\\/holster-2-colts-schwarz-doppelgurtel-mit-patronengurt\\\/\",\"url\":\"https:\\\/\\\/repliquemangacine.fr\\\/de\\\/denix\\\/holster-2-colts-schwarz-doppelgurtel-mit-patronengurt\\\/\",\"name\":\"Holster 2 Colts noir - Ceinturon pour colt 45 | R\u00e9plique Manga Cin\u00e9\",\"isPartOf\":{\"@id\":\"https:\\\/\\\/repliquemangacine.fr\\\/#website\"},\"primaryImageOfPage\":{\"@id\":\"https:\\\/\\\/repliquemangacine.fr\\\/de\\\/denix\\\/holster-2-colts-schwarz-doppelgurtel-mit-patronengurt\\\/#primaryimage\"},\"image\":{\"@id\":\"https:\\\/\\\/repliquemangacine.fr\\\/de\\\/denix\\\/holster-2-colts-schwarz-doppelgurtel-mit-patronengurt\\\/#primaryimage\"},\"thumbnailUrl\":\"https:\\\/\\\/repliquemangacine.fr\\\/wp-content\\\/uploads\\\/2023\\\/10\\\/637-Ceinturon-noir-pour-colt-Holster-double.jpg\",\"datePublished\":\"2016-10-27T14:06:38+00:00\",\"dateModified\":\"2025-11-10T13:50:25+00:00\",\"description\":\"D\u00e9couvrez cet Holster 2 Colts noir de western au meilleur prix - De tr\u00e8s haute qualit\u00e9 - Cuir \u00e9pais moul\u00e9. Boucle m\u00e9tal. Cartouchi\u00e8re.\",\"breadcrumb\":{\"@id\":\"https:\\\/\\\/repliquemangacine.fr\\\/de\\\/denix\\\/holster-2-colts-schwarz-doppelgurtel-mit-patronengurt\\\/#breadcrumb\"},\"inLanguage\":\"en-US\",\"potentialAction\":[{\"@type\":\"ReadAction\",\"target\":[\"https:\\\/\\\/repliquemangacine.fr\\\/de\\\/denix\\\/holster-2-colts-schwarz-doppelgurtel-mit-patronengurt\\\/\"]}]},{\"@type\":\"ImageObject\",\"inLanguage\":\"en-US\",\"@id\":\"https:\\\/\\\/repliquemangacine.fr\\\/de\\\/denix\\\/holster-2-colts-schwarz-doppelgurtel-mit-patronengurt\\\/#primaryimage\",\"url\":\"https:\\\/\\\/repliquemangacine.fr\\\/wp-content\\\/uploads\\\/2023\\\/10\\\/637-Ceinturon-noir-pour-colt-Holster-double.jpg\",\"contentUrl\":\"https:\\\/\\\/repliquemangacine.fr\\\/wp-content\\\/uploads\\\/2023\\\/10\\\/637-Ceinturon-noir-pour-colt-Holster-double.jpg\",\"width\":700,\"height\":700,\"caption\":\"Ceinturon noir pour colt - Holster double...\"},{\"@type\":\"BreadcrumbList\",\"@id\":\"https:\\\/\\\/repliquemangacine.fr\\\/de\\\/denix\\\/holster-2-colts-schwarz-doppelgurtel-mit-patronengurt\\\/#breadcrumb\",\"itemListElement\":[{\"@type\":\"ListItem\",\"position\":1,\"name\":\"Accueil\",\"item\":\"https:\\\/\\\/repliquemangacine.fr\\\/\"},{\"@type\":\"ListItem\",\"position\":2,\"name\":\"Produits\",\"item\":\"https:\\\/\\\/repliquemangacine.fr\\\/boutique\\\/\"},{\"@type\":\"ListItem\",\"position\":3,\"name\":\"Holster 2 Colts noir\"}]},{\"@type\":\"WebSite\",\"@id\":\"https:\\\/\\\/repliquemangacine.fr\\\/#website\",\"url\":\"https:\\\/\\\/repliquemangacine.fr\\\/\",\"name\":\"R\u00e9plique Manga Cin\u00e9\",\"description\":\"\",\"publisher\":{\"@id\":\"https:\\\/\\\/repliquemangacine.fr\\\/#organization\"},\"potentialAction\":[{\"@type\":\"SearchAction\",\"target\":{\"@type\":\"EntryPoint\",\"urlTemplate\":\"https:\\\/\\\/repliquemangacine.fr\\\/?s={search_term_string}\"},\"query-input\":{\"@type\":\"PropertyValueSpecification\",\"valueRequired\":true,\"valueName\":\"search_term_string\"}}],\"inLanguage\":\"en-US\"},{\"@type\":\"Organization\",\"@id\":\"https:\\\/\\\/repliquemangacine.fr\\\/#organization\",\"name\":\"R\u00e9plique Manga Cin\u00e9\",\"url\":\"https:\\\/\\\/repliquemangacine.fr\\\/\",\"logo\":{\"@type\":\"ImageObject\",\"inLanguage\":\"en-US\",\"@id\":\"https:\\\/\\\/repliquemangacine.fr\\\/#\\\/schema\\\/logo\\\/image\\\/\",\"url\":\"https:\\\/\\\/repliquemangacine.fr\\\/wp-content\\\/uploads\\\/2023\\\/10\\\/RMC-500250.png\",\"contentUrl\":\"https:\\\/\\\/repliquemangacine.fr\\\/wp-content\\\/uploads\\\/2023\\\/10\\\/RMC-500250.png\",\"width\":500,\"height\":250,\"caption\":\"R\u00e9plique Manga Cin\u00e9\"},\"image\":{\"@id\":\"https:\\\/\\\/repliquemangacine.fr\\\/#\\\/schema\\\/logo\\\/image\\\/\"},\"sameAs\":[\"https:\\\/\\\/www.facebook.com\\\/RepliqueMangaCine\",\"https:\\\/\\\/www.instagram.com\\\/repliquemangacine.fr\\\/\"]}]}<\/script>\n<!-- \/ Yoast SEO plugin. -->","yoast_head_json":{"title":"Holster 2 Colts black - Belt for colt 45 | R\u00e9plique Manga Cin\u00e9","description":"Discover this Holster 2 Colts black western at the best price - Very high quality - Thick molded leather. Metal buckle. Cartridge belt.","robots":{"index":"index","follow":"follow","max-snippet":"max-snippet:-1","max-image-preview":"max-image-preview:large","max-video-preview":"max-video-preview:-1"},"canonical":"https:\/\/repliquemangacine.fr\/en\/denix\/holster-2-colts-black-double-belt-with-cartridge-belt\/","og_locale":"en_US","og_type":"article","og_title":"Holster 2 Colts noir - Ceinturon pour colt 45 | R\u00e9plique Manga Cin\u00e9","og_description":"D\u00e9couvrez cet Holster 2 Colts noir de western au meilleur prix - De tr\u00e8s haute qualit\u00e9 - Cuir \u00e9pais moul\u00e9. Boucle m\u00e9tal. Cartouchi\u00e8re.","og_url":"https:\/\/repliquemangacine.fr\/en\/denix\/holster-2-colts-black-double-belt-with-cartridge-belt\/","og_site_name":"R\u00e9plique Manga Cin\u00e9","article_publisher":"https:\/\/www.facebook.com\/RepliqueMangaCine","article_modified_time":"2025-11-10T13:50:25+00:00","og_image":[{"width":700,"height":700,"url":"https:\/\/repliquemangacine.fr\/wp-content\/uploads\/2023\/10\/637-Ceinturon-noir-pour-colt-Holster-double.jpg","type":"image\/jpeg"}],"twitter_card":"summary_large_image","twitter_misc":{"Est. reading time":"2 minutes"},"schema":{"@context":"https:\/\/schema.org","@graph":[{"@type":"WebPage","@id":"https:\/\/repliquemangacine.fr\/de\/denix\/holster-2-colts-schwarz-doppelgurtel-mit-patronengurt\/","url":"https:\/\/repliquemangacine.fr\/de\/denix\/holster-2-colts-schwarz-doppelgurtel-mit-patronengurt\/","name":"Holster 2 Colts black - Belt for colt 45 | R\u00e9plique Manga Cin\u00e9","isPartOf":{"@id":"https:\/\/repliquemangacine.fr\/#website"},"primaryImageOfPage":{"@id":"https:\/\/repliquemangacine.fr\/de\/denix\/holster-2-colts-schwarz-doppelgurtel-mit-patronengurt\/#primaryimage"},"image":{"@id":"https:\/\/repliquemangacine.fr\/de\/denix\/holster-2-colts-schwarz-doppelgurtel-mit-patronengurt\/#primaryimage"},"thumbnailUrl":"https:\/\/repliquemangacine.fr\/wp-content\/uploads\/2023\/10\/637-Ceinturon-noir-pour-colt-Holster-double.jpg","datePublished":"2016-10-27T14:06:38+00:00","dateModified":"2025-11-10T13:50:25+00:00","description":"Discover this Holster 2 Colts black western at the best price - Very high quality - Thick molded leather. Metal buckle. Cartridge belt.","breadcrumb":{"@id":"https:\/\/repliquemangacine.fr\/de\/denix\/holster-2-colts-schwarz-doppelgurtel-mit-patronengurt\/#breadcrumb"},"inLanguage":"en-US","potentialAction":[{"@type":"ReadAction","target":["https:\/\/repliquemangacine.fr\/de\/denix\/holster-2-colts-schwarz-doppelgurtel-mit-patronengurt\/"]}]},{"@type":"ImageObject","inLanguage":"en-US","@id":"https:\/\/repliquemangacine.fr\/de\/denix\/holster-2-colts-schwarz-doppelgurtel-mit-patronengurt\/#primaryimage","url":"https:\/\/repliquemangacine.fr\/wp-content\/uploads\/2023\/10\/637-Ceinturon-noir-pour-colt-Holster-double.jpg","contentUrl":"https:\/\/repliquemangacine.fr\/wp-content\/uploads\/2023\/10\/637-Ceinturon-noir-pour-colt-Holster-double.jpg","width":700,"height":700,"caption":"Ceinturon noir pour colt - Holster double..."},{"@type":"BreadcrumbList","@id":"https:\/\/repliquemangacine.fr\/de\/denix\/holster-2-colts-schwarz-doppelgurtel-mit-patronengurt\/#breadcrumb","itemListElement":[{"@type":"ListItem","position":1,"name":"Accueil","item":"https:\/\/repliquemangacine.fr\/"},{"@type":"ListItem","position":2,"name":"Produits","item":"https:\/\/repliquemangacine.fr\/boutique\/"},{"@type":"ListItem","position":3,"name":"Holster 2 Colts noir"}]},{"@type":"WebSite","@id":"https:\/\/repliquemangacine.fr\/#website","url":"https:\/\/repliquemangacine.fr\/","name":"R\u00e9plique Manga Cin\u00e9","description":"","publisher":{"@id":"https:\/\/repliquemangacine.fr\/#organization"},"potentialAction":[{"@type":"SearchAction","target":{"@type":"EntryPoint","urlTemplate":"https:\/\/repliquemangacine.fr\/?s={search_term_string}"},"query-input":{"@type":"PropertyValueSpecification","valueRequired":true,"valueName":"search_term_string"}}],"inLanguage":"en-US"},{"@type":"Organization","@id":"https:\/\/repliquemangacine.fr\/#organization","name":"R\u00e9plique Manga Cin\u00e9","url":"https:\/\/repliquemangacine.fr\/","logo":{"@type":"ImageObject","inLanguage":"en-US","@id":"https:\/\/repliquemangacine.fr\/#\/schema\/logo\/image\/","url":"https:\/\/repliquemangacine.fr\/wp-content\/uploads\/2023\/10\/RMC-500250.png","contentUrl":"https:\/\/repliquemangacine.fr\/wp-content\/uploads\/2023\/10\/RMC-500250.png","width":500,"height":250,"caption":"R\u00e9plique Manga Cin\u00e9"},"image":{"@id":"https:\/\/repliquemangacine.fr\/#\/schema\/logo\/image\/"},"sameAs":["https:\/\/www.facebook.com\/RepliqueMangaCine","https:\/\/www.instagram.com\/repliquemangacine.fr\/"]}]}},"_links":{"self":[{"href":"https:\/\/repliquemangacine.fr\/en\/wp-json\/wp\/v2\/product\/25906","targetHints":{"allow":["GET"]}}],"collection":[{"href":"https:\/\/repliquemangacine.fr\/en\/wp-json\/wp\/v2\/product"}],"about":[{"href":"https:\/\/repliquemangacine.fr\/en\/wp-json\/wp\/v2\/types\/product"}],"wp:featuredmedia":[{"embeddable":true,"href":"https:\/\/repliquemangacine.fr\/en\/wp-json\/wp\/v2\/media\/25907"}],"wp:attachment":[{"href":"https:\/\/repliquemangacine.fr\/en\/wp-json\/wp\/v2\/media?parent=25906"}],"wp:term":[{"taxonomy":"product_brand","embeddable":true,"href":"https:\/\/repliquemangacine.fr\/en\/wp-json\/wp\/v2\/product_brand?post=25906"},{"taxonomy":"product_cat","embeddable":true,"href":"https:\/\/repliquemangacine.fr\/en\/wp-json\/wp\/v2\/product_cat?post=25906"},{"taxonomy":"product_tag","embeddable":true,"href":"https:\/\/repliquemangacine.fr\/en\/wp-json\/wp\/v2\/product_tag?post=25906"}],"curies":[{"name":"wp","href":"https:\/\/api.w.org\/{rel}","templated":true}]}}