





{"id":25841,"date":"2016-10-21T22:07:30","date_gmt":"2016-10-21T20:07:30","guid":{"rendered":"https:\/\/repliquemangacine.fr\/?post_type=product&#038;p=25841"},"modified":"2026-02-13T18:01:19","modified_gmt":"2026-02-13T17:01:19","slug":"winchester-rifle-model-1873","status":"publish","type":"product","link":"https:\/\/repliquemangacine.fr\/en\/repliques-carabine-winchester-western\/carabine-winchester-modele-1873\/","title":{"rendered":"Winchester 1873"},"content":{"rendered":"<h2>Winchester rifle model 1873 Denix<\/h2>\n<p>To begin with, the Carbine <strong>Winchester model 1873<\/strong> is one of the guns that conquered the American West. Manufactured by the Winchester Repeating Arms Company, it sold more than 720,000 units over 50 years (1873-1923).<\/p>\n<p>Oliver Winchester develops the Henry rifle into the first Winchester carbine, the famous Winchester 1866 model nicknamed Yellow Boy. A huge success, with over 118,000 units sold between 1866 and 1873.<\/p>\n<p>Winchester rifles are characterized by their trigger-happy cocking lever. This enables the empty case to be ejected quickly.<\/p>\n<p>To conclude, another very popular model came out in 1873, the Winchester Model 1873. The Winchesters Model 66 and 73 will both be known as the rifle that won the West.<\/p>\n<h2>Your Winchester rifle model 1873 at the best price.<\/h2>\n<p>We offer a wide selection of western gun reproductions.<\/p>\n<p>First and foremost,<\/p>\n<ul>\n<li>The legendary <a href=\"https:\/\/repliquemangacine.fr\/en\/winchester-western-country-rifle\/fusil-sharp-usa-1859\/\">sharp rifle<\/a> 1859 Denix.<\/li>\n<li>There is also the <a href=\"https:\/\/repliquemangacine.fr\/en\/winchester-western-country-rifle\/winchester-john-wayne-rifle-model-1892\/\">winchester by John Wayne<\/a> with its large lever under guard.<\/li>\n<li>The famous<a href=\"https:\/\/repliquemangacine.fr\/en\/winchester-rifle\/henry-rifle-usa-civil-war-1860\/\"> Henry rifle<\/a> 1860.<\/li>\n<li>And many more to discover in our online store!<\/li>\n<\/ul>\n<p>That's why here are some great gift ideas for all Western fans.<\/p>\n<p>In conclusion, you can use <strong>Winchester model 1873<\/strong> for your western performances. But above all, this reproduction is a collector's and decorative weapon.<\/p>\n<p>R\u00e9plique Manga Cin\u00e9 is a French family-owned company and official distributor <a href=\"https:\/\/www.denix.fr\/fr\/catalogue\/guerre-civile-occidentale-et-americaine-1861-1899\/\" target=\"_blank\" rel=\"noopener noreferrer\">Denix<\/a>.<\/p>\n<h2>How are Denix replica weapons made?<\/h2>\n<p>Used in historical re-enactments, films, TV series and by collectors. Denix gun reproductions, made from high-quality materials. Carefully crafted and assembled to create realistic collector's weapons.<\/p>\n<ul>\n<li>The metals are in a metal alloy known as Zamac, whose basic composition is zinc in 95%.<\/li>\n<li>The plastic parts of the replicas are made of molded ABS, offering high resistance.<\/li>\n<li>Wood chosen for its beauty and durability, such as mahogany, olive or walnut, will give your butts and barrels an elegant, authentic appearance.<\/li>\n<\/ul>\n<p>Please note that all Denix reproductions are identical to the originals, like your <strong>Winchester model 1873<\/strong>.<\/p>","protected":false},"excerpt":{"rendered":"<p>Winchester Model 73 40\/44 rifle.<\/p>\n<ul>\n<li>Wooden stock and front.<\/li>\n<li>Metal parts(Zamac).<\/li>\n<li>Brass breech box is engraved.<\/li>\n<li>Guns and strikes.<\/li>\n<li>Unfit for shooting.<\/li>\n<li>No authorization required. Free sale and possession<\/li>\n<li>Dimensions: 99 cm - Weight: 2.650 g<\/li>\n<\/ul>","protected":false},"featured_media":25842,"template":"","meta":[],"product_brand":[896],"product_cat":[34,39,86,102,28,27],"product_tag":[],"class_list":{"0":"post-25841","1":"product","2":"type-product","3":"status-publish","4":"has-post-thumbnail","6":"product_brand-replique-manga-cine","7":"product_cat-armes-westerns","8":"product_cat-carabine-winchester","9":"product_cat-repliques-carabine-winchester-western","10":"product_cat-denix","11":"product_cat-repliques-darmes","12":"product_cat-armes-et-accessoires-western","14":"first","15":"outofstock","16":"sale","17":"taxable","18":"shipping-taxable","19":"purchasable","20":"product-type-simple"},"yoast_head":"<!-- This site is optimized with the Yoast SEO plugin v27.4 - https:\/\/yoast.com\/product\/yoast-seo-wordpress\/ -->\n<title>Winchester mod\u00e8le 1873 - Denix - R\u00e9plique Manga Cin\u00e9<\/title>\n<meta name=\"description\" content=\"D\u00e9couvrez la Winchester mod\u00e8le 1873 au meilleur prix - Crosse bois - Bo\u00eete culasse grav\u00e9e - M\u00e9canisme fonctionnel en m\u00e9tal - Longueur : 99 cm\" \/>\n<meta name=\"robots\" content=\"index, follow, max-snippet:-1, max-image-preview:large, max-video-preview:-1\" \/>\n<link rel=\"canonical\" href=\"https:\/\/repliquemangacine.fr\/en\/denix\/winchester-rifle-model-1873\/\" \/>\n<meta property=\"og:locale\" content=\"en_US\" \/>\n<meta property=\"og:type\" content=\"article\" \/>\n<meta property=\"og:title\" content=\"Winchester mod\u00e8le 1873 - Denix - R\u00e9plique Manga Cin\u00e9\" \/>\n<meta property=\"og:description\" content=\"D\u00e9couvrez la Winchester mod\u00e8le 1873 au meilleur prix - Crosse bois - Bo\u00eete culasse grav\u00e9e - M\u00e9canisme fonctionnel en m\u00e9tal - Longueur : 99 cm\" \/>\n<meta property=\"og:url\" content=\"https:\/\/repliquemangacine.fr\/en\/denix\/winchester-rifle-model-1873\/\" \/>\n<meta property=\"og:site_name\" content=\"R\u00e9plique Manga Cin\u00e9\" \/>\n<meta property=\"article:publisher\" content=\"https:\/\/www.facebook.com\/RepliqueMangaCine\" \/>\n<meta property=\"article:modified_time\" content=\"2026-02-13T17:01:19+00:00\" \/>\n<meta property=\"og:image\" content=\"https:\/\/repliquemangacine.fr\/wp-content\/uploads\/2023\/10\/581-replique-Carabine-winchester-modele-1873.jpg\" \/>\n\t<meta property=\"og:image:width\" content=\"800\" \/>\n\t<meta property=\"og:image:height\" content=\"800\" \/>\n\t<meta property=\"og:image:type\" content=\"image\/jpeg\" \/>\n<meta name=\"twitter:card\" content=\"summary_large_image\" \/>\n<meta name=\"twitter:label1\" content=\"Est. reading time\" \/>\n\t<meta name=\"twitter:data1\" content=\"2 minutes\" \/>\n<script type=\"application\/ld+json\" class=\"yoast-schema-graph\">{\"@context\":\"https:\\\/\\\/schema.org\",\"@graph\":[{\"@type\":\"WebPage\",\"@id\":\"https:\\\/\\\/repliquemangacine.fr\\\/denix\\\/carabine-winchester-modele-1873\\\/\",\"url\":\"https:\\\/\\\/repliquemangacine.fr\\\/denix\\\/carabine-winchester-modele-1873\\\/\",\"name\":\"Winchester mod\u00e8le 1873 - Denix - R\u00e9plique Manga Cin\u00e9\",\"isPartOf\":{\"@id\":\"https:\\\/\\\/repliquemangacine.fr\\\/#website\"},\"primaryImageOfPage\":{\"@id\":\"https:\\\/\\\/repliquemangacine.fr\\\/denix\\\/carabine-winchester-modele-1873\\\/#primaryimage\"},\"image\":{\"@id\":\"https:\\\/\\\/repliquemangacine.fr\\\/denix\\\/carabine-winchester-modele-1873\\\/#primaryimage\"},\"thumbnailUrl\":\"https:\\\/\\\/repliquemangacine.fr\\\/wp-content\\\/uploads\\\/2023\\\/10\\\/581-replique-Carabine-winchester-modele-1873.jpg\",\"datePublished\":\"2016-10-21T20:07:30+00:00\",\"dateModified\":\"2026-02-13T17:01:19+00:00\",\"description\":\"D\u00e9couvrez la Winchester mod\u00e8le 1873 au meilleur prix - Crosse bois - Bo\u00eete culasse grav\u00e9e - M\u00e9canisme fonctionnel en m\u00e9tal - Longueur : 99 cm\",\"breadcrumb\":{\"@id\":\"https:\\\/\\\/repliquemangacine.fr\\\/denix\\\/carabine-winchester-modele-1873\\\/#breadcrumb\"},\"inLanguage\":\"en-US\",\"potentialAction\":[{\"@type\":\"ReadAction\",\"target\":[\"https:\\\/\\\/repliquemangacine.fr\\\/denix\\\/carabine-winchester-modele-1873\\\/\"]}]},{\"@type\":\"ImageObject\",\"inLanguage\":\"en-US\",\"@id\":\"https:\\\/\\\/repliquemangacine.fr\\\/denix\\\/carabine-winchester-modele-1873\\\/#primaryimage\",\"url\":\"https:\\\/\\\/repliquemangacine.fr\\\/wp-content\\\/uploads\\\/2023\\\/10\\\/581-replique-Carabine-winchester-modele-1873.jpg\",\"contentUrl\":\"https:\\\/\\\/repliquemangacine.fr\\\/wp-content\\\/uploads\\\/2023\\\/10\\\/581-replique-Carabine-winchester-modele-1873.jpg\",\"width\":800,\"height\":800,\"caption\":\"r\u00e9plique Carabine winchester mod\u00e8le 1873\"},{\"@type\":\"BreadcrumbList\",\"@id\":\"https:\\\/\\\/repliquemangacine.fr\\\/denix\\\/carabine-winchester-modele-1873\\\/#breadcrumb\",\"itemListElement\":[{\"@type\":\"ListItem\",\"position\":1,\"name\":\"Accueil\",\"item\":\"https:\\\/\\\/repliquemangacine.fr\\\/\"},{\"@type\":\"ListItem\",\"position\":2,\"name\":\"Produits\",\"item\":\"https:\\\/\\\/repliquemangacine.fr\\\/boutique\\\/\"},{\"@type\":\"ListItem\",\"position\":3,\"name\":\"Winchester 1873\"}]},{\"@type\":\"WebSite\",\"@id\":\"https:\\\/\\\/repliquemangacine.fr\\\/#website\",\"url\":\"https:\\\/\\\/repliquemangacine.fr\\\/\",\"name\":\"R\u00e9plique Manga Cin\u00e9\",\"description\":\"\",\"publisher\":{\"@id\":\"https:\\\/\\\/repliquemangacine.fr\\\/#organization\"},\"potentialAction\":[{\"@type\":\"SearchAction\",\"target\":{\"@type\":\"EntryPoint\",\"urlTemplate\":\"https:\\\/\\\/repliquemangacine.fr\\\/?s={search_term_string}\"},\"query-input\":{\"@type\":\"PropertyValueSpecification\",\"valueRequired\":true,\"valueName\":\"search_term_string\"}}],\"inLanguage\":\"en-US\"},{\"@type\":\"Organization\",\"@id\":\"https:\\\/\\\/repliquemangacine.fr\\\/#organization\",\"name\":\"R\u00e9plique Manga Cin\u00e9\",\"url\":\"https:\\\/\\\/repliquemangacine.fr\\\/\",\"logo\":{\"@type\":\"ImageObject\",\"inLanguage\":\"en-US\",\"@id\":\"https:\\\/\\\/repliquemangacine.fr\\\/#\\\/schema\\\/logo\\\/image\\\/\",\"url\":\"https:\\\/\\\/repliquemangacine.fr\\\/wp-content\\\/uploads\\\/2023\\\/10\\\/RMC-500250.png\",\"contentUrl\":\"https:\\\/\\\/repliquemangacine.fr\\\/wp-content\\\/uploads\\\/2023\\\/10\\\/RMC-500250.png\",\"width\":500,\"height\":250,\"caption\":\"R\u00e9plique Manga Cin\u00e9\"},\"image\":{\"@id\":\"https:\\\/\\\/repliquemangacine.fr\\\/#\\\/schema\\\/logo\\\/image\\\/\"},\"sameAs\":[\"https:\\\/\\\/www.facebook.com\\\/RepliqueMangaCine\",\"https:\\\/\\\/www.instagram.com\\\/repliquemangacine.fr\\\/\"]}]}<\/script>\n<!-- \/ Yoast SEO plugin. -->","yoast_head_json":{"title":"Winchester model 1873 - Denix - R\u00e9plique Manga Cin\u00e9","description":"Discover the Winchester model 1873 at the best price - Wooden stock - Engraved breech box - Functional metal mechanism - Length: 99 cm","robots":{"index":"index","follow":"follow","max-snippet":"max-snippet:-1","max-image-preview":"max-image-preview:large","max-video-preview":"max-video-preview:-1"},"canonical":"https:\/\/repliquemangacine.fr\/en\/denix\/winchester-rifle-model-1873\/","og_locale":"en_US","og_type":"article","og_title":"Winchester mod\u00e8le 1873 - Denix - R\u00e9plique Manga Cin\u00e9","og_description":"D\u00e9couvrez la Winchester mod\u00e8le 1873 au meilleur prix - Crosse bois - Bo\u00eete culasse grav\u00e9e - M\u00e9canisme fonctionnel en m\u00e9tal - Longueur : 99 cm","og_url":"https:\/\/repliquemangacine.fr\/en\/denix\/winchester-rifle-model-1873\/","og_site_name":"R\u00e9plique Manga Cin\u00e9","article_publisher":"https:\/\/www.facebook.com\/RepliqueMangaCine","article_modified_time":"2026-02-13T17:01:19+00:00","og_image":[{"width":800,"height":800,"url":"https:\/\/repliquemangacine.fr\/wp-content\/uploads\/2023\/10\/581-replique-Carabine-winchester-modele-1873.jpg","type":"image\/jpeg"}],"twitter_card":"summary_large_image","twitter_misc":{"Est. reading time":"2 minutes"},"schema":{"@context":"https:\/\/schema.org","@graph":[{"@type":"WebPage","@id":"https:\/\/repliquemangacine.fr\/denix\/carabine-winchester-modele-1873\/","url":"https:\/\/repliquemangacine.fr\/denix\/carabine-winchester-modele-1873\/","name":"Winchester model 1873 - Denix - R\u00e9plique Manga Cin\u00e9","isPartOf":{"@id":"https:\/\/repliquemangacine.fr\/#website"},"primaryImageOfPage":{"@id":"https:\/\/repliquemangacine.fr\/denix\/carabine-winchester-modele-1873\/#primaryimage"},"image":{"@id":"https:\/\/repliquemangacine.fr\/denix\/carabine-winchester-modele-1873\/#primaryimage"},"thumbnailUrl":"https:\/\/repliquemangacine.fr\/wp-content\/uploads\/2023\/10\/581-replique-Carabine-winchester-modele-1873.jpg","datePublished":"2016-10-21T20:07:30+00:00","dateModified":"2026-02-13T17:01:19+00:00","description":"Discover the Winchester model 1873 at the best price - Wooden stock - Engraved breech box - Functional metal mechanism - Length: 99 cm","breadcrumb":{"@id":"https:\/\/repliquemangacine.fr\/denix\/carabine-winchester-modele-1873\/#breadcrumb"},"inLanguage":"en-US","potentialAction":[{"@type":"ReadAction","target":["https:\/\/repliquemangacine.fr\/denix\/carabine-winchester-modele-1873\/"]}]},{"@type":"ImageObject","inLanguage":"en-US","@id":"https:\/\/repliquemangacine.fr\/denix\/carabine-winchester-modele-1873\/#primaryimage","url":"https:\/\/repliquemangacine.fr\/wp-content\/uploads\/2023\/10\/581-replique-Carabine-winchester-modele-1873.jpg","contentUrl":"https:\/\/repliquemangacine.fr\/wp-content\/uploads\/2023\/10\/581-replique-Carabine-winchester-modele-1873.jpg","width":800,"height":800,"caption":"r\u00e9plique Carabine winchester mod\u00e8le 1873"},{"@type":"BreadcrumbList","@id":"https:\/\/repliquemangacine.fr\/denix\/carabine-winchester-modele-1873\/#breadcrumb","itemListElement":[{"@type":"ListItem","position":1,"name":"Accueil","item":"https:\/\/repliquemangacine.fr\/"},{"@type":"ListItem","position":2,"name":"Produits","item":"https:\/\/repliquemangacine.fr\/boutique\/"},{"@type":"ListItem","position":3,"name":"Winchester 1873"}]},{"@type":"WebSite","@id":"https:\/\/repliquemangacine.fr\/#website","url":"https:\/\/repliquemangacine.fr\/","name":"R\u00e9plique Manga Cin\u00e9","description":"","publisher":{"@id":"https:\/\/repliquemangacine.fr\/#organization"},"potentialAction":[{"@type":"SearchAction","target":{"@type":"EntryPoint","urlTemplate":"https:\/\/repliquemangacine.fr\/?s={search_term_string}"},"query-input":{"@type":"PropertyValueSpecification","valueRequired":true,"valueName":"search_term_string"}}],"inLanguage":"en-US"},{"@type":"Organization","@id":"https:\/\/repliquemangacine.fr\/#organization","name":"R\u00e9plique Manga Cin\u00e9","url":"https:\/\/repliquemangacine.fr\/","logo":{"@type":"ImageObject","inLanguage":"en-US","@id":"https:\/\/repliquemangacine.fr\/#\/schema\/logo\/image\/","url":"https:\/\/repliquemangacine.fr\/wp-content\/uploads\/2023\/10\/RMC-500250.png","contentUrl":"https:\/\/repliquemangacine.fr\/wp-content\/uploads\/2023\/10\/RMC-500250.png","width":500,"height":250,"caption":"R\u00e9plique Manga Cin\u00e9"},"image":{"@id":"https:\/\/repliquemangacine.fr\/#\/schema\/logo\/image\/"},"sameAs":["https:\/\/www.facebook.com\/RepliqueMangaCine","https:\/\/www.instagram.com\/repliquemangacine.fr\/"]}]}},"_links":{"self":[{"href":"https:\/\/repliquemangacine.fr\/en\/wp-json\/wp\/v2\/product\/25841","targetHints":{"allow":["GET"]}}],"collection":[{"href":"https:\/\/repliquemangacine.fr\/en\/wp-json\/wp\/v2\/product"}],"about":[{"href":"https:\/\/repliquemangacine.fr\/en\/wp-json\/wp\/v2\/types\/product"}],"wp:featuredmedia":[{"embeddable":true,"href":"https:\/\/repliquemangacine.fr\/en\/wp-json\/wp\/v2\/media\/25842"}],"wp:attachment":[{"href":"https:\/\/repliquemangacine.fr\/en\/wp-json\/wp\/v2\/media?parent=25841"}],"wp:term":[{"taxonomy":"product_brand","embeddable":true,"href":"https:\/\/repliquemangacine.fr\/en\/wp-json\/wp\/v2\/product_brand?post=25841"},{"taxonomy":"product_cat","embeddable":true,"href":"https:\/\/repliquemangacine.fr\/en\/wp-json\/wp\/v2\/product_cat?post=25841"},{"taxonomy":"product_tag","embeddable":true,"href":"https:\/\/repliquemangacine.fr\/en\/wp-json\/wp\/v2\/product_tag?post=25841"}],"curies":[{"name":"wp","href":"https:\/\/api.w.org\/{rel}","templated":true}]}}