





{"id":25816,"date":"2016-10-19T18:48:18","date_gmt":"2016-10-19T16:48:18","guid":{"rendered":"https:\/\/repliquemangacine.fr\/?post_type=product&#038;p=25816"},"modified":"2026-04-16T06:14:26","modified_gmt":"2026-04-16T04:14:26","slug":"winchester-rifle-1892","status":"publish","type":"product","link":"https:\/\/repliquemangacine.fr\/en\/repliques-carabine-winchester-western\/carabine-winchester-1892\/","title":{"rendered":"Winchester 1892"},"content":{"rendered":"<h2>Winchester 1892 Denix rifle.<\/h2>\n<p>To begin with, the <strong>Winchester rifle 1892<\/strong>, was produced in a million copies. Practical and easy to handle, it won over many cowboys, gauchos, and other Vaqueros.<\/p>\n<p>This underlever rifle is made of wood and steel. The casings are ejected from the top of the weapon. Most 1892 models have a round barrel. The sights are simple: a rack-and-pinion rear sight and a blade front sight.<\/p>\n<p>Widely used by Hollywood, this model has been seen in a large number of Westerns.<\/p>\n<p>Finally, another very popular model was released in 1873, the Winchester Model 1873, which used centerfire cartridges. The Winchester Model 66 and Model 73 would both become known as the rifle that won the West.<\/p>\n<h2>Your Winchester 1892 rifle at the best price.<\/h2>\n<p>We offer a wide selection of western gun reproductions.<\/p>\n<p>First and foremost,<\/p>\n<ul>\n<li>Visit <a href=\"https:\/\/repliquemangacine.fr\/en\/replica-western-winchesters\/winchester-rifle-model-1873\/\">winchester rifle 1873<\/a> with engravings.<\/li>\n<li>There is also the <a href=\"https:\/\/repliquemangacine.fr\/en\/western-accessory-holster\/scabbard-case-winchester-rifle\/\">scabbard for your winchester<\/a> all in leather.<\/li>\n<li>As well as <a href=\"https:\/\/repliquemangacine.fr\/en\/western-accessory-holster\/balles-factice-winchester-denix\/\">dummy bullets<\/a> for your rifle.<\/li>\n<li>And many more to discover in our online store!<\/li>\n<\/ul>\n<p>That's why here are some great gift ideas for all Western fans.<\/p>\n<p>In conclusion, you can use <strong>Winchester rifle 1892<\/strong> for your western performances. But above all, this reproduction is a collector's and decorative weapon.<\/p>\n<p>R\u00e9plique Manga Cin\u00e9 is a French family-owned company and official distributor <a href=\"https:\/\/www.denix.fr\/\" target=\"_blank\" rel=\"noopener noreferrer\">Denix<\/a>.<\/p>\n<h2>How are Denix replica weapons made?<\/h2>\n<p>Used in historical re-enactments, films, TV series and by collectors. Denix gun reproductions, made from high-quality materials. Carefully crafted and assembled to create realistic collector's weapons.<\/p>\n<ul>\n<li>The metals are in a metal alloy known as Zamac, whose basic composition is zinc in 95%.<\/li>\n<li>The plastic parts of the replicas are made of molded ABS, offering high resistance.<\/li>\n<li>Wood chosen for its beauty and durability, such as mahogany, olive or walnut, will give your butts and barrels an elegant, authentic appearance.<\/li>\n<\/ul>\n<p>Please note that all Denix reproductions are identical to the originals, like your <strong>Winchester rifle 1892<\/strong>.<\/p>","protected":false},"excerpt":{"rendered":"<p>Reproduction of the Winchester 1892.<\/p>\n<ul>\n<li>Solid wood stock and barrel.<\/li>\n<li>Round barrel, zamac breech box and lever.<\/li>\n<li>Fixed aim.<\/li>\n<li>Guns and strikes.<\/li>\n<li>Unfit for shooting.<\/li>\n<li>Total length: 94 cm - Weight: 2,500 g<\/li>\n<li>No authorization required. Free sale and possession.<\/li>\n<\/ul>\n<p>&nbsp;<\/p>","protected":false},"featured_media":25817,"template":"","meta":[],"product_brand":[896],"product_cat":[34,86,39,102,28,27],"product_tag":[],"class_list":{"0":"post-25816","1":"product","2":"type-product","3":"status-publish","4":"has-post-thumbnail","6":"product_brand-replique-manga-cine","7":"product_cat-armes-westerns","8":"product_cat-repliques-carabine-winchester-western","9":"product_cat-carabine-winchester","10":"product_cat-denix","11":"product_cat-repliques-darmes","12":"product_cat-armes-et-accessoires-western","14":"first","15":"instock","16":"sale","17":"taxable","18":"shipping-taxable","19":"purchasable","20":"product-type-simple"},"yoast_head":"<!-- This site is optimized with the Yoast SEO plugin v27.5 - https:\/\/yoast.com\/product\/yoast-seo-wordpress\/ -->\n<title>Carabine Winchester 1892 - Armes Denix | R\u00e9plique Manga Cin\u00e9<\/title>\n<meta name=\"description\" content=\"Offrez-vous ! La Carabine Winchester 1892 au meilleur prix - En m\u00e9tal et bois - M\u00e9canisme fonctionnel, mais inapte aux tirs - Longueur totale : 94 cm\" \/>\n<meta name=\"robots\" content=\"index, follow, max-snippet:-1, max-image-preview:large, max-video-preview:-1\" \/>\n<link rel=\"canonical\" href=\"https:\/\/repliquemangacine.fr\/en\/winchester-western-rifle-replicas\/winchester-rifle-1892\/\" \/>\n<meta property=\"og:locale\" content=\"en_US\" \/>\n<meta property=\"og:type\" content=\"article\" \/>\n<meta property=\"og:title\" content=\"Carabine Winchester 1892 - Armes Denix | R\u00e9plique Manga Cin\u00e9\" \/>\n<meta property=\"og:description\" content=\"Offrez-vous ! La Carabine Winchester 1892 au meilleur prix - En m\u00e9tal et bois - M\u00e9canisme fonctionnel, mais inapte aux tirs - Longueur totale : 94 cm\" \/>\n<meta property=\"og:url\" content=\"https:\/\/repliquemangacine.fr\/en\/winchester-western-rifle-replicas\/winchester-rifle-1892\/\" \/>\n<meta property=\"og:site_name\" content=\"R\u00e9plique Manga Cin\u00e9\" \/>\n<meta property=\"article:publisher\" content=\"https:\/\/www.facebook.com\/RepliqueMangaCine\" \/>\n<meta property=\"article:modified_time\" content=\"2026-04-16T04:14:26+00:00\" \/>\n<meta property=\"og:image\" content=\"https:\/\/repliquemangacine.fr\/wp-content\/uploads\/2023\/10\/557-Winchester-1892.jpg\" \/>\n\t<meta property=\"og:image:width\" content=\"800\" \/>\n\t<meta property=\"og:image:height\" content=\"800\" \/>\n\t<meta property=\"og:image:type\" content=\"image\/jpeg\" \/>\n<meta name=\"twitter:card\" content=\"summary_large_image\" \/>\n<meta name=\"twitter:label1\" content=\"Est. reading time\" \/>\n\t<meta name=\"twitter:data1\" content=\"2 minutes\" \/>\n<script type=\"application\/ld+json\" class=\"yoast-schema-graph\">{\"@context\":\"https:\\\/\\\/schema.org\",\"@graph\":[{\"@type\":\"WebPage\",\"@id\":\"https:\\\/\\\/repliquemangacine.fr\\\/repliques-carabine-winchester-western\\\/carabine-winchester-1892\\\/\",\"url\":\"https:\\\/\\\/repliquemangacine.fr\\\/repliques-carabine-winchester-western\\\/carabine-winchester-1892\\\/\",\"name\":\"Carabine Winchester 1892 - Armes Denix | R\u00e9plique Manga Cin\u00e9\",\"isPartOf\":{\"@id\":\"https:\\\/\\\/repliquemangacine.fr\\\/#website\"},\"primaryImageOfPage\":{\"@id\":\"https:\\\/\\\/repliquemangacine.fr\\\/repliques-carabine-winchester-western\\\/carabine-winchester-1892\\\/#primaryimage\"},\"image\":{\"@id\":\"https:\\\/\\\/repliquemangacine.fr\\\/repliques-carabine-winchester-western\\\/carabine-winchester-1892\\\/#primaryimage\"},\"thumbnailUrl\":\"https:\\\/\\\/repliquemangacine.fr\\\/wp-content\\\/uploads\\\/2023\\\/10\\\/557-Winchester-1892.jpg\",\"datePublished\":\"2016-10-19T16:48:18+00:00\",\"dateModified\":\"2026-04-16T04:14:26+00:00\",\"description\":\"Offrez-vous ! La Carabine Winchester 1892 au meilleur prix - En m\u00e9tal et bois - M\u00e9canisme fonctionnel, mais inapte aux tirs - Longueur totale : 94 cm\",\"breadcrumb\":{\"@id\":\"https:\\\/\\\/repliquemangacine.fr\\\/repliques-carabine-winchester-western\\\/carabine-winchester-1892\\\/#breadcrumb\"},\"inLanguage\":\"en-US\",\"potentialAction\":[{\"@type\":\"ReadAction\",\"target\":[\"https:\\\/\\\/repliquemangacine.fr\\\/repliques-carabine-winchester-western\\\/carabine-winchester-1892\\\/\"]}]},{\"@type\":\"ImageObject\",\"inLanguage\":\"en-US\",\"@id\":\"https:\\\/\\\/repliquemangacine.fr\\\/repliques-carabine-winchester-western\\\/carabine-winchester-1892\\\/#primaryimage\",\"url\":\"https:\\\/\\\/repliquemangacine.fr\\\/wp-content\\\/uploads\\\/2023\\\/10\\\/557-Winchester-1892.jpg\",\"contentUrl\":\"https:\\\/\\\/repliquemangacine.fr\\\/wp-content\\\/uploads\\\/2023\\\/10\\\/557-Winchester-1892.jpg\",\"width\":800,\"height\":800,\"caption\":\"Winchester 1892\"},{\"@type\":\"BreadcrumbList\",\"@id\":\"https:\\\/\\\/repliquemangacine.fr\\\/repliques-carabine-winchester-western\\\/carabine-winchester-1892\\\/#breadcrumb\",\"itemListElement\":[{\"@type\":\"ListItem\",\"position\":1,\"name\":\"Accueil\",\"item\":\"https:\\\/\\\/repliquemangacine.fr\\\/\"},{\"@type\":\"ListItem\",\"position\":2,\"name\":\"Produits\",\"item\":\"https:\\\/\\\/repliquemangacine.fr\\\/boutique\\\/\"},{\"@type\":\"ListItem\",\"position\":3,\"name\":\"Winchester 1892\"}]},{\"@type\":\"WebSite\",\"@id\":\"https:\\\/\\\/repliquemangacine.fr\\\/#website\",\"url\":\"https:\\\/\\\/repliquemangacine.fr\\\/\",\"name\":\"R\u00e9plique Manga Cin\u00e9\",\"description\":\"\",\"publisher\":{\"@id\":\"https:\\\/\\\/repliquemangacine.fr\\\/#organization\"},\"potentialAction\":[{\"@type\":\"SearchAction\",\"target\":{\"@type\":\"EntryPoint\",\"urlTemplate\":\"https:\\\/\\\/repliquemangacine.fr\\\/?s={search_term_string}\"},\"query-input\":{\"@type\":\"PropertyValueSpecification\",\"valueRequired\":true,\"valueName\":\"search_term_string\"}}],\"inLanguage\":\"en-US\"},{\"@type\":\"Organization\",\"@id\":\"https:\\\/\\\/repliquemangacine.fr\\\/#organization\",\"name\":\"R\u00e9plique Manga Cin\u00e9\",\"url\":\"https:\\\/\\\/repliquemangacine.fr\\\/\",\"logo\":{\"@type\":\"ImageObject\",\"inLanguage\":\"en-US\",\"@id\":\"https:\\\/\\\/repliquemangacine.fr\\\/#\\\/schema\\\/logo\\\/image\\\/\",\"url\":\"https:\\\/\\\/repliquemangacine.fr\\\/wp-content\\\/uploads\\\/2023\\\/10\\\/RMC-500250.png\",\"contentUrl\":\"https:\\\/\\\/repliquemangacine.fr\\\/wp-content\\\/uploads\\\/2023\\\/10\\\/RMC-500250.png\",\"width\":500,\"height\":250,\"caption\":\"R\u00e9plique Manga Cin\u00e9\"},\"image\":{\"@id\":\"https:\\\/\\\/repliquemangacine.fr\\\/#\\\/schema\\\/logo\\\/image\\\/\"},\"sameAs\":[\"https:\\\/\\\/www.facebook.com\\\/RepliqueMangaCine\",\"https:\\\/\\\/www.instagram.com\\\/repliquemangacine.fr\\\/\"]}]}<\/script>\n<!-- \/ Yoast SEO plugin. -->","yoast_head_json":{"title":"Winchester 1892 rifle - Armes Denix | R\u00e9plique Manga Cin\u00e9","description":"Treat yourself! Winchester 1892 rifle at the best price - In metal and wood - Functional mechanism, but unsuitable for shooting - Total length: 94 cm","robots":{"index":"index","follow":"follow","max-snippet":"max-snippet:-1","max-image-preview":"max-image-preview:large","max-video-preview":"max-video-preview:-1"},"canonical":"https:\/\/repliquemangacine.fr\/en\/winchester-western-rifle-replicas\/winchester-rifle-1892\/","og_locale":"en_US","og_type":"article","og_title":"Carabine Winchester 1892 - Armes Denix | R\u00e9plique Manga Cin\u00e9","og_description":"Offrez-vous ! La Carabine Winchester 1892 au meilleur prix - En m\u00e9tal et bois - M\u00e9canisme fonctionnel, mais inapte aux tirs - Longueur totale : 94 cm","og_url":"https:\/\/repliquemangacine.fr\/en\/winchester-western-rifle-replicas\/winchester-rifle-1892\/","og_site_name":"R\u00e9plique Manga Cin\u00e9","article_publisher":"https:\/\/www.facebook.com\/RepliqueMangaCine","article_modified_time":"2026-04-16T04:14:26+00:00","og_image":[{"width":800,"height":800,"url":"https:\/\/repliquemangacine.fr\/wp-content\/uploads\/2023\/10\/557-Winchester-1892.jpg","type":"image\/jpeg"}],"twitter_card":"summary_large_image","twitter_misc":{"Est. reading time":"2 minutes"},"schema":{"@context":"https:\/\/schema.org","@graph":[{"@type":"WebPage","@id":"https:\/\/repliquemangacine.fr\/repliques-carabine-winchester-western\/carabine-winchester-1892\/","url":"https:\/\/repliquemangacine.fr\/repliques-carabine-winchester-western\/carabine-winchester-1892\/","name":"Winchester 1892 rifle - Armes Denix | R\u00e9plique Manga Cin\u00e9","isPartOf":{"@id":"https:\/\/repliquemangacine.fr\/#website"},"primaryImageOfPage":{"@id":"https:\/\/repliquemangacine.fr\/repliques-carabine-winchester-western\/carabine-winchester-1892\/#primaryimage"},"image":{"@id":"https:\/\/repliquemangacine.fr\/repliques-carabine-winchester-western\/carabine-winchester-1892\/#primaryimage"},"thumbnailUrl":"https:\/\/repliquemangacine.fr\/wp-content\/uploads\/2023\/10\/557-Winchester-1892.jpg","datePublished":"2016-10-19T16:48:18+00:00","dateModified":"2026-04-16T04:14:26+00:00","description":"Treat yourself! Winchester 1892 rifle at the best price - In metal and wood - Functional mechanism, but unsuitable for shooting - Total length: 94 cm","breadcrumb":{"@id":"https:\/\/repliquemangacine.fr\/repliques-carabine-winchester-western\/carabine-winchester-1892\/#breadcrumb"},"inLanguage":"en-US","potentialAction":[{"@type":"ReadAction","target":["https:\/\/repliquemangacine.fr\/repliques-carabine-winchester-western\/carabine-winchester-1892\/"]}]},{"@type":"ImageObject","inLanguage":"en-US","@id":"https:\/\/repliquemangacine.fr\/repliques-carabine-winchester-western\/carabine-winchester-1892\/#primaryimage","url":"https:\/\/repliquemangacine.fr\/wp-content\/uploads\/2023\/10\/557-Winchester-1892.jpg","contentUrl":"https:\/\/repliquemangacine.fr\/wp-content\/uploads\/2023\/10\/557-Winchester-1892.jpg","width":800,"height":800,"caption":"Winchester 1892"},{"@type":"BreadcrumbList","@id":"https:\/\/repliquemangacine.fr\/repliques-carabine-winchester-western\/carabine-winchester-1892\/#breadcrumb","itemListElement":[{"@type":"ListItem","position":1,"name":"Accueil","item":"https:\/\/repliquemangacine.fr\/"},{"@type":"ListItem","position":2,"name":"Produits","item":"https:\/\/repliquemangacine.fr\/boutique\/"},{"@type":"ListItem","position":3,"name":"Winchester 1892"}]},{"@type":"WebSite","@id":"https:\/\/repliquemangacine.fr\/#website","url":"https:\/\/repliquemangacine.fr\/","name":"R\u00e9plique Manga Cin\u00e9","description":"","publisher":{"@id":"https:\/\/repliquemangacine.fr\/#organization"},"potentialAction":[{"@type":"SearchAction","target":{"@type":"EntryPoint","urlTemplate":"https:\/\/repliquemangacine.fr\/?s={search_term_string}"},"query-input":{"@type":"PropertyValueSpecification","valueRequired":true,"valueName":"search_term_string"}}],"inLanguage":"en-US"},{"@type":"Organization","@id":"https:\/\/repliquemangacine.fr\/#organization","name":"R\u00e9plique Manga Cin\u00e9","url":"https:\/\/repliquemangacine.fr\/","logo":{"@type":"ImageObject","inLanguage":"en-US","@id":"https:\/\/repliquemangacine.fr\/#\/schema\/logo\/image\/","url":"https:\/\/repliquemangacine.fr\/wp-content\/uploads\/2023\/10\/RMC-500250.png","contentUrl":"https:\/\/repliquemangacine.fr\/wp-content\/uploads\/2023\/10\/RMC-500250.png","width":500,"height":250,"caption":"R\u00e9plique Manga Cin\u00e9"},"image":{"@id":"https:\/\/repliquemangacine.fr\/#\/schema\/logo\/image\/"},"sameAs":["https:\/\/www.facebook.com\/RepliqueMangaCine","https:\/\/www.instagram.com\/repliquemangacine.fr\/"]}]}},"_links":{"self":[{"href":"https:\/\/repliquemangacine.fr\/en\/wp-json\/wp\/v2\/product\/25816","targetHints":{"allow":["GET"]}}],"collection":[{"href":"https:\/\/repliquemangacine.fr\/en\/wp-json\/wp\/v2\/product"}],"about":[{"href":"https:\/\/repliquemangacine.fr\/en\/wp-json\/wp\/v2\/types\/product"}],"wp:featuredmedia":[{"embeddable":true,"href":"https:\/\/repliquemangacine.fr\/en\/wp-json\/wp\/v2\/media\/25817"}],"wp:attachment":[{"href":"https:\/\/repliquemangacine.fr\/en\/wp-json\/wp\/v2\/media?parent=25816"}],"wp:term":[{"taxonomy":"product_brand","embeddable":true,"href":"https:\/\/repliquemangacine.fr\/en\/wp-json\/wp\/v2\/product_brand?post=25816"},{"taxonomy":"product_cat","embeddable":true,"href":"https:\/\/repliquemangacine.fr\/en\/wp-json\/wp\/v2\/product_cat?post=25816"},{"taxonomy":"product_tag","embeddable":true,"href":"https:\/\/repliquemangacine.fr\/en\/wp-json\/wp\/v2\/product_tag?post=25816"}],"curies":[{"name":"wp","href":"https:\/\/api.w.org\/{rel}","templated":true}]}}