





{"id":25774,"date":"2016-10-12T19:12:14","date_gmt":"2016-10-12T17:12:14","guid":{"rendered":"https:\/\/repliquemangacine.fr\/?post_type=product&#038;p=25774"},"modified":"2025-09-23T18:01:36","modified_gmt":"2025-09-23T16:01:36","slug":"badge-texas-police-denix-accessories-western-costumes","status":"publish","type":"product","link":"https:\/\/repliquemangacine.fr\/en\/holster-accessoires-western\/insigne-police-texas-denix-accessoires-deguisements-western\/","title":{"rendered":"Texas Police badge"},"content":{"rendered":"<h2>Texas Police badge<\/h2>\n<p>To begin with, the<strong>Texas Police badge<\/strong> is made of decorated metal and is the essential accessory for your Western costume.<\/p>\n<p>A badge is a distinctive mark of belonging to a group, rank, grade or function. In the singular, a badge usually designates the main element, usually metal or textile. In the plural, insignia designates all the parts of a decoration, or the various elements forming part of a rank, grade or dignity.<\/p>\n<p>In the United States, a sheriff is an elected official responsible for justice at county level. Each state is divided into counties (except Alaska and Louisiana), which include a number of municipalities.<\/p>\n<p>The sheriff is a sort of minister of law and order in his territory. Responsible for county jails, civil courts and law enforcement.<\/p>\n<h2>Your western accessories at the best price.<\/h2>\n<p>We offer a wide selection of Western accessory reproductions.<\/p>\n<p>First and foremost,<\/p>\n<ul>\n<li>This double holster for your sheriff's Colts will complete your disguise.<\/li>\n<li>As well as <a href=\"https:\/\/repliquemangacine.fr\/en\/holster-accessories\/6-balles-factices-pour-colt-western-denix\/\">dummy bullets<\/a> to accompany your revolver.<\/li>\n<li>There's also this pair of <a href=\"https:\/\/repliquemangacine.fr\/en\/kolser-gun\/snake-grip\/\">grip plate<\/a> for Kolser pistol with snake decoration<\/li>\n<li>And many more to discover in our online store!<\/li>\n<\/ul>\n<p>That's why these are great gift ideas for history buffs.<\/p>\n<p>In conclusion, you can also use this <strong>Texas Police badge<\/strong> for your country parties or western performances.<\/p>\n<p>First and foremost, this sheriff's badge is a collector's item and decorative piece.<\/p>\n<p>R\u00e9plique Manga Cin\u00e9 is a French family business. Official distributor of the brand <a href=\"https:\/\/www.denix.fr\/fr\/catalogue\/guerre-civile-occidentale-et-americaine-1861-1899\/plaques\/110\/\" target=\"_blank\" rel=\"noopener noreferrer\">Denix<\/a>.<\/p>","protected":false},"excerpt":{"rendered":"<p>The Texas Police Badge is an essential accessory for your Western costume.<\/p>\n<ul>\n<li>This brooch badge is made of gold-plated metal with an original design.<\/li>\n<li>Engraved with the inscription Chief of Police - Ennis Texas with decorations .<\/li>\n<li>Dimensions: 6.6 cm - Weight: 18 grs<\/li>\n<\/ul>","protected":false},"featured_media":25775,"template":"","meta":[],"product_brand":[896],"product_cat":[51,102,90,28,27],"product_tag":[],"class_list":{"0":"post-25774","1":"product","2":"type-product","3":"status-publish","4":"has-post-thumbnail","6":"product_brand-replique-manga-cine","7":"product_cat-accessoires-western","8":"product_cat-denix","9":"product_cat-holster-accessoires-western","10":"product_cat-repliques-darmes","11":"product_cat-armes-et-accessoires-western","13":"first","14":"instock","15":"taxable","16":"shipping-taxable","17":"purchasable","18":"product-type-simple"},"yoast_head":"<!-- This site is optimized with the Yoast SEO plugin v27.5 - https:\/\/yoast.com\/product\/yoast-seo-wordpress\/ -->\n<title>Insigne Police Texas - Vente d&#039;Accessoires western - Denix | RMC<\/title>\n<meta name=\"description\" content=\"Pour toutes vos soir\u00e9es country, l&#039;Insigne Police Texas au meilleur prix - Insigne broche en m\u00e9tal grav\u00e9 - \u00c9pingle au dos - Dimension : 6.6 cm\" \/>\n<meta name=\"robots\" content=\"index, follow, max-snippet:-1, max-image-preview:large, max-video-preview:-1\" \/>\n<link rel=\"canonical\" href=\"https:\/\/repliquemangacine.fr\/en\/denix\/badge-texas-police-denix-accessories-western-costumes\/\" \/>\n<meta property=\"og:locale\" content=\"en_US\" \/>\n<meta property=\"og:type\" content=\"article\" \/>\n<meta property=\"og:title\" content=\"Insigne Police Texas - Vente d&#039;Accessoires western - Denix | RMC\" \/>\n<meta property=\"og:description\" content=\"Pour toutes vos soir\u00e9es country, l&#039;Insigne Police Texas au meilleur prix - Insigne broche en m\u00e9tal grav\u00e9 - \u00c9pingle au dos - Dimension : 6.6 cm\" \/>\n<meta property=\"og:url\" content=\"https:\/\/repliquemangacine.fr\/en\/denix\/badge-texas-police-denix-accessories-western-costumes\/\" \/>\n<meta property=\"og:site_name\" content=\"R\u00e9plique Manga Cin\u00e9\" \/>\n<meta property=\"article:publisher\" content=\"https:\/\/www.facebook.com\/RepliqueMangaCine\" \/>\n<meta property=\"article:modified_time\" content=\"2025-09-23T16:01:36+00:00\" \/>\n<meta property=\"og:image\" content=\"https:\/\/repliquemangacine.fr\/wp-content\/uploads\/2023\/10\/529-Insigne-Chef-de-Police-Etoile-Texas.jpg\" \/>\n\t<meta property=\"og:image:width\" content=\"800\" \/>\n\t<meta property=\"og:image:height\" content=\"800\" \/>\n\t<meta property=\"og:image:type\" content=\"image\/jpeg\" \/>\n<meta name=\"twitter:card\" content=\"summary_large_image\" \/>\n<meta name=\"twitter:label1\" content=\"Est. reading time\" \/>\n\t<meta name=\"twitter:data1\" content=\"2 minutes\" \/>\n<script type=\"application\/ld+json\" class=\"yoast-schema-graph\">{\"@context\":\"https:\\\/\\\/schema.org\",\"@graph\":[{\"@type\":\"WebPage\",\"@id\":\"https:\\\/\\\/repliquemangacine.fr\\\/denix\\\/insigne-police-texas-denix-accessoires-deguisements-western\\\/\",\"url\":\"https:\\\/\\\/repliquemangacine.fr\\\/denix\\\/insigne-police-texas-denix-accessoires-deguisements-western\\\/\",\"name\":\"Insigne Police Texas - Vente d'Accessoires western - Denix | RMC\",\"isPartOf\":{\"@id\":\"https:\\\/\\\/repliquemangacine.fr\\\/#website\"},\"primaryImageOfPage\":{\"@id\":\"https:\\\/\\\/repliquemangacine.fr\\\/denix\\\/insigne-police-texas-denix-accessoires-deguisements-western\\\/#primaryimage\"},\"image\":{\"@id\":\"https:\\\/\\\/repliquemangacine.fr\\\/denix\\\/insigne-police-texas-denix-accessoires-deguisements-western\\\/#primaryimage\"},\"thumbnailUrl\":\"https:\\\/\\\/repliquemangacine.fr\\\/wp-content\\\/uploads\\\/2023\\\/10\\\/529-Insigne-Chef-de-Police-Etoile-Texas.jpg\",\"datePublished\":\"2016-10-12T17:12:14+00:00\",\"dateModified\":\"2025-09-23T16:01:36+00:00\",\"description\":\"Pour toutes vos soir\u00e9es country, l'Insigne Police Texas au meilleur prix - Insigne broche en m\u00e9tal grav\u00e9 - \u00c9pingle au dos - Dimension : 6.6 cm\",\"breadcrumb\":{\"@id\":\"https:\\\/\\\/repliquemangacine.fr\\\/denix\\\/insigne-police-texas-denix-accessoires-deguisements-western\\\/#breadcrumb\"},\"inLanguage\":\"en-US\",\"potentialAction\":[{\"@type\":\"ReadAction\",\"target\":[\"https:\\\/\\\/repliquemangacine.fr\\\/denix\\\/insigne-police-texas-denix-accessoires-deguisements-western\\\/\"]}]},{\"@type\":\"ImageObject\",\"inLanguage\":\"en-US\",\"@id\":\"https:\\\/\\\/repliquemangacine.fr\\\/denix\\\/insigne-police-texas-denix-accessoires-deguisements-western\\\/#primaryimage\",\"url\":\"https:\\\/\\\/repliquemangacine.fr\\\/wp-content\\\/uploads\\\/2023\\\/10\\\/529-Insigne-Chef-de-Police-Etoile-Texas.jpg\",\"contentUrl\":\"https:\\\/\\\/repliquemangacine.fr\\\/wp-content\\\/uploads\\\/2023\\\/10\\\/529-Insigne-Chef-de-Police-Etoile-Texas.jpg\",\"width\":800,\"height\":800,\"caption\":\"Insigne Chef de Police - Etoile Texas\"},{\"@type\":\"BreadcrumbList\",\"@id\":\"https:\\\/\\\/repliquemangacine.fr\\\/denix\\\/insigne-police-texas-denix-accessoires-deguisements-western\\\/#breadcrumb\",\"itemListElement\":[{\"@type\":\"ListItem\",\"position\":1,\"name\":\"Accueil\",\"item\":\"https:\\\/\\\/repliquemangacine.fr\\\/\"},{\"@type\":\"ListItem\",\"position\":2,\"name\":\"Produits\",\"item\":\"https:\\\/\\\/repliquemangacine.fr\\\/boutique\\\/\"},{\"@type\":\"ListItem\",\"position\":3,\"name\":\"Insigne Police Texas\"}]},{\"@type\":\"WebSite\",\"@id\":\"https:\\\/\\\/repliquemangacine.fr\\\/#website\",\"url\":\"https:\\\/\\\/repliquemangacine.fr\\\/\",\"name\":\"R\u00e9plique Manga Cin\u00e9\",\"description\":\"\",\"publisher\":{\"@id\":\"https:\\\/\\\/repliquemangacine.fr\\\/#organization\"},\"potentialAction\":[{\"@type\":\"SearchAction\",\"target\":{\"@type\":\"EntryPoint\",\"urlTemplate\":\"https:\\\/\\\/repliquemangacine.fr\\\/?s={search_term_string}\"},\"query-input\":{\"@type\":\"PropertyValueSpecification\",\"valueRequired\":true,\"valueName\":\"search_term_string\"}}],\"inLanguage\":\"en-US\"},{\"@type\":\"Organization\",\"@id\":\"https:\\\/\\\/repliquemangacine.fr\\\/#organization\",\"name\":\"R\u00e9plique Manga Cin\u00e9\",\"url\":\"https:\\\/\\\/repliquemangacine.fr\\\/\",\"logo\":{\"@type\":\"ImageObject\",\"inLanguage\":\"en-US\",\"@id\":\"https:\\\/\\\/repliquemangacine.fr\\\/#\\\/schema\\\/logo\\\/image\\\/\",\"url\":\"https:\\\/\\\/repliquemangacine.fr\\\/wp-content\\\/uploads\\\/2023\\\/10\\\/RMC-500250.png\",\"contentUrl\":\"https:\\\/\\\/repliquemangacine.fr\\\/wp-content\\\/uploads\\\/2023\\\/10\\\/RMC-500250.png\",\"width\":500,\"height\":250,\"caption\":\"R\u00e9plique Manga Cin\u00e9\"},\"image\":{\"@id\":\"https:\\\/\\\/repliquemangacine.fr\\\/#\\\/schema\\\/logo\\\/image\\\/\"},\"sameAs\":[\"https:\\\/\\\/www.facebook.com\\\/RepliqueMangaCine\",\"https:\\\/\\\/www.instagram.com\\\/repliquemangacine.fr\\\/\"]}]}<\/script>\n<!-- \/ Yoast SEO plugin. -->","yoast_head_json":{"title":"Texas Police Badge - Western accessories sale - Denix | RMC","description":"For all your country parties, the Police Texas badge at the best price - Engraved metal brooch badge - Pin on back - Size: 6.6 cm","robots":{"index":"index","follow":"follow","max-snippet":"max-snippet:-1","max-image-preview":"max-image-preview:large","max-video-preview":"max-video-preview:-1"},"canonical":"https:\/\/repliquemangacine.fr\/en\/denix\/badge-texas-police-denix-accessories-western-costumes\/","og_locale":"en_US","og_type":"article","og_title":"Insigne Police Texas - Vente d'Accessoires western - Denix | RMC","og_description":"Pour toutes vos soir\u00e9es country, l'Insigne Police Texas au meilleur prix - Insigne broche en m\u00e9tal grav\u00e9 - \u00c9pingle au dos - Dimension : 6.6 cm","og_url":"https:\/\/repliquemangacine.fr\/en\/denix\/badge-texas-police-denix-accessories-western-costumes\/","og_site_name":"R\u00e9plique Manga Cin\u00e9","article_publisher":"https:\/\/www.facebook.com\/RepliqueMangaCine","article_modified_time":"2025-09-23T16:01:36+00:00","og_image":[{"width":800,"height":800,"url":"https:\/\/repliquemangacine.fr\/wp-content\/uploads\/2023\/10\/529-Insigne-Chef-de-Police-Etoile-Texas.jpg","type":"image\/jpeg"}],"twitter_card":"summary_large_image","twitter_misc":{"Est. reading time":"2 minutes"},"schema":{"@context":"https:\/\/schema.org","@graph":[{"@type":"WebPage","@id":"https:\/\/repliquemangacine.fr\/denix\/insigne-police-texas-denix-accessoires-deguisements-western\/","url":"https:\/\/repliquemangacine.fr\/denix\/insigne-police-texas-denix-accessoires-deguisements-western\/","name":"Texas Police Badge - Western accessories sale - Denix | RMC","isPartOf":{"@id":"https:\/\/repliquemangacine.fr\/#website"},"primaryImageOfPage":{"@id":"https:\/\/repliquemangacine.fr\/denix\/insigne-police-texas-denix-accessoires-deguisements-western\/#primaryimage"},"image":{"@id":"https:\/\/repliquemangacine.fr\/denix\/insigne-police-texas-denix-accessoires-deguisements-western\/#primaryimage"},"thumbnailUrl":"https:\/\/repliquemangacine.fr\/wp-content\/uploads\/2023\/10\/529-Insigne-Chef-de-Police-Etoile-Texas.jpg","datePublished":"2016-10-12T17:12:14+00:00","dateModified":"2025-09-23T16:01:36+00:00","description":"For all your country parties, the Police Texas badge at the best price - Engraved metal brooch badge - Pin on back - Size: 6.6 cm","breadcrumb":{"@id":"https:\/\/repliquemangacine.fr\/denix\/insigne-police-texas-denix-accessoires-deguisements-western\/#breadcrumb"},"inLanguage":"en-US","potentialAction":[{"@type":"ReadAction","target":["https:\/\/repliquemangacine.fr\/denix\/insigne-police-texas-denix-accessoires-deguisements-western\/"]}]},{"@type":"ImageObject","inLanguage":"en-US","@id":"https:\/\/repliquemangacine.fr\/denix\/insigne-police-texas-denix-accessoires-deguisements-western\/#primaryimage","url":"https:\/\/repliquemangacine.fr\/wp-content\/uploads\/2023\/10\/529-Insigne-Chef-de-Police-Etoile-Texas.jpg","contentUrl":"https:\/\/repliquemangacine.fr\/wp-content\/uploads\/2023\/10\/529-Insigne-Chef-de-Police-Etoile-Texas.jpg","width":800,"height":800,"caption":"Insigne Chef de Police - Etoile Texas"},{"@type":"BreadcrumbList","@id":"https:\/\/repliquemangacine.fr\/denix\/insigne-police-texas-denix-accessoires-deguisements-western\/#breadcrumb","itemListElement":[{"@type":"ListItem","position":1,"name":"Accueil","item":"https:\/\/repliquemangacine.fr\/"},{"@type":"ListItem","position":2,"name":"Produits","item":"https:\/\/repliquemangacine.fr\/boutique\/"},{"@type":"ListItem","position":3,"name":"Insigne Police Texas"}]},{"@type":"WebSite","@id":"https:\/\/repliquemangacine.fr\/#website","url":"https:\/\/repliquemangacine.fr\/","name":"R\u00e9plique Manga Cin\u00e9","description":"","publisher":{"@id":"https:\/\/repliquemangacine.fr\/#organization"},"potentialAction":[{"@type":"SearchAction","target":{"@type":"EntryPoint","urlTemplate":"https:\/\/repliquemangacine.fr\/?s={search_term_string}"},"query-input":{"@type":"PropertyValueSpecification","valueRequired":true,"valueName":"search_term_string"}}],"inLanguage":"en-US"},{"@type":"Organization","@id":"https:\/\/repliquemangacine.fr\/#organization","name":"R\u00e9plique Manga Cin\u00e9","url":"https:\/\/repliquemangacine.fr\/","logo":{"@type":"ImageObject","inLanguage":"en-US","@id":"https:\/\/repliquemangacine.fr\/#\/schema\/logo\/image\/","url":"https:\/\/repliquemangacine.fr\/wp-content\/uploads\/2023\/10\/RMC-500250.png","contentUrl":"https:\/\/repliquemangacine.fr\/wp-content\/uploads\/2023\/10\/RMC-500250.png","width":500,"height":250,"caption":"R\u00e9plique Manga Cin\u00e9"},"image":{"@id":"https:\/\/repliquemangacine.fr\/#\/schema\/logo\/image\/"},"sameAs":["https:\/\/www.facebook.com\/RepliqueMangaCine","https:\/\/www.instagram.com\/repliquemangacine.fr\/"]}]}},"_links":{"self":[{"href":"https:\/\/repliquemangacine.fr\/en\/wp-json\/wp\/v2\/product\/25774","targetHints":{"allow":["GET"]}}],"collection":[{"href":"https:\/\/repliquemangacine.fr\/en\/wp-json\/wp\/v2\/product"}],"about":[{"href":"https:\/\/repliquemangacine.fr\/en\/wp-json\/wp\/v2\/types\/product"}],"wp:featuredmedia":[{"embeddable":true,"href":"https:\/\/repliquemangacine.fr\/en\/wp-json\/wp\/v2\/media\/25775"}],"wp:attachment":[{"href":"https:\/\/repliquemangacine.fr\/en\/wp-json\/wp\/v2\/media?parent=25774"}],"wp:term":[{"taxonomy":"product_brand","embeddable":true,"href":"https:\/\/repliquemangacine.fr\/en\/wp-json\/wp\/v2\/product_brand?post=25774"},{"taxonomy":"product_cat","embeddable":true,"href":"https:\/\/repliquemangacine.fr\/en\/wp-json\/wp\/v2\/product_cat?post=25774"},{"taxonomy":"product_tag","embeddable":true,"href":"https:\/\/repliquemangacine.fr\/en\/wp-json\/wp\/v2\/product_tag?post=25774"}],"curies":[{"name":"wp","href":"https:\/\/api.w.org\/{rel}","templated":true}]}}