





{"id":25772,"date":"2016-10-12T19:00:20","date_gmt":"2016-10-12T17:00:20","guid":{"rendered":"https:\/\/repliquemangacine.fr\/?post_type=product&#038;p=25772"},"modified":"2025-09-23T18:01:36","modified_gmt":"2025-09-23T16:01:36","slug":"pin-deputy-marshal-western-accessory","status":"publish","type":"product","link":"https:\/\/repliquemangacine.fr\/en\/holster-accessoires-western\/insigne-broche-deputy-marshal-accessoire-western\/","title":{"rendered":"Deputy Marshal pin badge"},"content":{"rendered":"<h2>Deputy Marshal pin badge<\/h2>\n<p>To start with, the Deputy Marshal pin badge is made of decorated metal, the essential accessory for your western costume.<\/p>\n<p>A badge is a distinctive mark of belonging to a group, rank or function.<\/p>\n<p>In the singular, insignia usually refers to the main element, usually metal or textile. In the plural, insignia designates all the parts of a decoration, or the various elements forming part of a rank, grade or dignity.<\/p>\n<p>In the United States, a sheriff is an elected official responsible for justice at county level. Each state is divided into counties (except Alaska and Louisiana), which include a number of municipalities. The sheriff is a kind of minister of law and order within his or her territory. He or she is responsible for the county's jails, civil courts and law enforcement.<\/p>\n<h2>Your western accessories at the best price.<\/h2>\n<p>We offer a wide selection of Western accessory reproductions.<\/p>\n<p>First and foremost,<\/p>\n<ul>\n<li>This <a href=\"https:\/\/repliquemangacine.fr\/en\/holster-accessories\/sheriff-belt-single-holster-denix-leather\/\">Sherif holster<\/a> for your colts to complete your disguise.<\/li>\n<li>As well as <a href=\"https:\/\/repliquemangacine.fr\/en\/western-accessories\/6-dummy-bullets-with-denix-primers\/\">dummy bullets with firecrackers<\/a> to accompany your revolver.<\/li>\n<li>There is also the <a href=\"https:\/\/repliquemangacine.fr\/en\/western-accessories\/blister-de-24-amorces-pour-pistolet-denix\/\">blister of 100 firecracker primers<\/a> for more realism<\/li>\n<li>And many more to discover in our online store!<\/li>\n<\/ul>\n<p>That's why these are great gift ideas for history buffs.<\/p>\n<p>In conclusion, you can also use this Deputy Marshal pin for your Country parties. But above all, this brooch is a collector's item and a decoration.<\/p>\n<p>R\u00e9plique Manga Cin\u00e9 is a French family business. Official distributor of the brand <a href=\"https:\/\/www.denix.fr\/fr\/catalogue\/guerre-civile-occidentale-et-americaine-1861-1899\/\" target=\"_blank\" rel=\"noopener noreferrer\">Denix<\/a>.<\/p>","protected":false},"excerpt":{"rendered":"<p>The Deputy Marshal brooch badge is an essential accessory for your western costume.<\/p>\n<ul>\n<li>This brooch badge is made of silver-plated metal<\/li>\n<li>Original design.<\/li>\n<li>Engraving on the top of the badge and on the star.<\/li>\n<\/ul>","protected":false},"featured_media":25773,"template":"","meta":[],"product_brand":[896],"product_cat":[51,102,90,28,27],"product_tag":[],"class_list":{"0":"post-25772","1":"product","2":"type-product","3":"status-publish","4":"has-post-thumbnail","6":"product_brand-replique-manga-cine","7":"product_cat-accessoires-western","8":"product_cat-denix","9":"product_cat-holster-accessoires-western","10":"product_cat-repliques-darmes","11":"product_cat-armes-et-accessoires-western","13":"first","14":"outofstock","15":"taxable","16":"shipping-taxable","17":"purchasable","18":"product-type-simple"},"yoast_head":"<!-- This site is optimized with the Yoast SEO plugin v27.5 - https:\/\/yoast.com\/product\/yoast-seo-wordpress\/ -->\n<title>Insigne broche Deputy Marshal - Accessoire Western Denix | RMC<\/title>\n<meta name=\"description\" content=\"Venez d\u00e9couvrir ! Cette Insigne broche Deputy Marshal au meilleur prix - Tout en m\u00e9tal grav\u00e9 - \u00c9pingle broche au dos - Dimension : 6.2 cm\" \/>\n<meta name=\"robots\" content=\"index, follow, max-snippet:-1, max-image-preview:large, max-video-preview:-1\" \/>\n<link rel=\"canonical\" href=\"https:\/\/repliquemangacine.fr\/en\/denix\/pin-deputy-marshal-western-accessory\/\" \/>\n<meta property=\"og:locale\" content=\"en_US\" \/>\n<meta property=\"og:type\" content=\"article\" \/>\n<meta property=\"og:title\" content=\"Insigne broche Deputy Marshal - Accessoire Western Denix | RMC\" \/>\n<meta property=\"og:description\" content=\"Venez d\u00e9couvrir ! Cette Insigne broche Deputy Marshal au meilleur prix - Tout en m\u00e9tal grav\u00e9 - \u00c9pingle broche au dos - Dimension : 6.2 cm\" \/>\n<meta property=\"og:url\" content=\"https:\/\/repliquemangacine.fr\/en\/denix\/pin-deputy-marshal-western-accessory\/\" \/>\n<meta property=\"og:site_name\" content=\"R\u00e9plique Manga Cin\u00e9\" \/>\n<meta property=\"article:publisher\" content=\"https:\/\/www.facebook.com\/RepliqueMangaCine\" \/>\n<meta property=\"article:modified_time\" content=\"2025-09-23T16:01:36+00:00\" \/>\n<meta property=\"og:image\" content=\"https:\/\/repliquemangacine.fr\/wp-content\/uploads\/2023\/10\/528-Insigne-broche-Deputy-Marshal.jpg\" \/>\n\t<meta property=\"og:image:width\" content=\"800\" \/>\n\t<meta property=\"og:image:height\" content=\"800\" \/>\n\t<meta property=\"og:image:type\" content=\"image\/jpeg\" \/>\n<meta name=\"twitter:card\" content=\"summary_large_image\" \/>\n<meta name=\"twitter:label1\" content=\"Est. reading time\" \/>\n\t<meta name=\"twitter:data1\" content=\"2 minutes\" \/>\n<script type=\"application\/ld+json\" class=\"yoast-schema-graph\">{\"@context\":\"https:\\\/\\\/schema.org\",\"@graph\":[{\"@type\":\"WebPage\",\"@id\":\"https:\\\/\\\/repliquemangacine.fr\\\/denix\\\/insigne-broche-deputy-marshal-accessoire-western\\\/\",\"url\":\"https:\\\/\\\/repliquemangacine.fr\\\/denix\\\/insigne-broche-deputy-marshal-accessoire-western\\\/\",\"name\":\"Insigne broche Deputy Marshal - Accessoire Western Denix | RMC\",\"isPartOf\":{\"@id\":\"https:\\\/\\\/repliquemangacine.fr\\\/#website\"},\"primaryImageOfPage\":{\"@id\":\"https:\\\/\\\/repliquemangacine.fr\\\/denix\\\/insigne-broche-deputy-marshal-accessoire-western\\\/#primaryimage\"},\"image\":{\"@id\":\"https:\\\/\\\/repliquemangacine.fr\\\/denix\\\/insigne-broche-deputy-marshal-accessoire-western\\\/#primaryimage\"},\"thumbnailUrl\":\"https:\\\/\\\/repliquemangacine.fr\\\/wp-content\\\/uploads\\\/2023\\\/10\\\/528-Insigne-broche-Deputy-Marshal.jpg\",\"datePublished\":\"2016-10-12T17:00:20+00:00\",\"dateModified\":\"2025-09-23T16:01:36+00:00\",\"description\":\"Venez d\u00e9couvrir ! Cette Insigne broche Deputy Marshal au meilleur prix - Tout en m\u00e9tal grav\u00e9 - \u00c9pingle broche au dos - Dimension : 6.2 cm\",\"breadcrumb\":{\"@id\":\"https:\\\/\\\/repliquemangacine.fr\\\/denix\\\/insigne-broche-deputy-marshal-accessoire-western\\\/#breadcrumb\"},\"inLanguage\":\"en-US\",\"potentialAction\":[{\"@type\":\"ReadAction\",\"target\":[\"https:\\\/\\\/repliquemangacine.fr\\\/denix\\\/insigne-broche-deputy-marshal-accessoire-western\\\/\"]}]},{\"@type\":\"ImageObject\",\"inLanguage\":\"en-US\",\"@id\":\"https:\\\/\\\/repliquemangacine.fr\\\/denix\\\/insigne-broche-deputy-marshal-accessoire-western\\\/#primaryimage\",\"url\":\"https:\\\/\\\/repliquemangacine.fr\\\/wp-content\\\/uploads\\\/2023\\\/10\\\/528-Insigne-broche-Deputy-Marshal.jpg\",\"contentUrl\":\"https:\\\/\\\/repliquemangacine.fr\\\/wp-content\\\/uploads\\\/2023\\\/10\\\/528-Insigne-broche-Deputy-Marshal.jpg\",\"width\":800,\"height\":800,\"caption\":\"Insigne broche Deputy Marshal\"},{\"@type\":\"BreadcrumbList\",\"@id\":\"https:\\\/\\\/repliquemangacine.fr\\\/denix\\\/insigne-broche-deputy-marshal-accessoire-western\\\/#breadcrumb\",\"itemListElement\":[{\"@type\":\"ListItem\",\"position\":1,\"name\":\"Accueil\",\"item\":\"https:\\\/\\\/repliquemangacine.fr\\\/\"},{\"@type\":\"ListItem\",\"position\":2,\"name\":\"Produits\",\"item\":\"https:\\\/\\\/repliquemangacine.fr\\\/boutique\\\/\"},{\"@type\":\"ListItem\",\"position\":3,\"name\":\"Insigne broche Deputy Marshal\"}]},{\"@type\":\"WebSite\",\"@id\":\"https:\\\/\\\/repliquemangacine.fr\\\/#website\",\"url\":\"https:\\\/\\\/repliquemangacine.fr\\\/\",\"name\":\"R\u00e9plique Manga Cin\u00e9\",\"description\":\"\",\"publisher\":{\"@id\":\"https:\\\/\\\/repliquemangacine.fr\\\/#organization\"},\"potentialAction\":[{\"@type\":\"SearchAction\",\"target\":{\"@type\":\"EntryPoint\",\"urlTemplate\":\"https:\\\/\\\/repliquemangacine.fr\\\/?s={search_term_string}\"},\"query-input\":{\"@type\":\"PropertyValueSpecification\",\"valueRequired\":true,\"valueName\":\"search_term_string\"}}],\"inLanguage\":\"en-US\"},{\"@type\":\"Organization\",\"@id\":\"https:\\\/\\\/repliquemangacine.fr\\\/#organization\",\"name\":\"R\u00e9plique Manga Cin\u00e9\",\"url\":\"https:\\\/\\\/repliquemangacine.fr\\\/\",\"logo\":{\"@type\":\"ImageObject\",\"inLanguage\":\"en-US\",\"@id\":\"https:\\\/\\\/repliquemangacine.fr\\\/#\\\/schema\\\/logo\\\/image\\\/\",\"url\":\"https:\\\/\\\/repliquemangacine.fr\\\/wp-content\\\/uploads\\\/2023\\\/10\\\/RMC-500250.png\",\"contentUrl\":\"https:\\\/\\\/repliquemangacine.fr\\\/wp-content\\\/uploads\\\/2023\\\/10\\\/RMC-500250.png\",\"width\":500,\"height\":250,\"caption\":\"R\u00e9plique Manga Cin\u00e9\"},\"image\":{\"@id\":\"https:\\\/\\\/repliquemangacine.fr\\\/#\\\/schema\\\/logo\\\/image\\\/\"},\"sameAs\":[\"https:\\\/\\\/www.facebook.com\\\/RepliqueMangaCine\",\"https:\\\/\\\/www.instagram.com\\\/repliquemangacine.fr\\\/\"]}]}<\/script>\n<!-- \/ Yoast SEO plugin. -->","yoast_head_json":{"title":"Deputy Marshal pin badge - Accessoire Western Denix | RMC","description":"Come and discover! This Deputy Marshal brooch badge at the best price - All engraved metal - Brooch pin on back - Size: 6.2 cm","robots":{"index":"index","follow":"follow","max-snippet":"max-snippet:-1","max-image-preview":"max-image-preview:large","max-video-preview":"max-video-preview:-1"},"canonical":"https:\/\/repliquemangacine.fr\/en\/denix\/pin-deputy-marshal-western-accessory\/","og_locale":"en_US","og_type":"article","og_title":"Insigne broche Deputy Marshal - Accessoire Western Denix | RMC","og_description":"Venez d\u00e9couvrir ! Cette Insigne broche Deputy Marshal au meilleur prix - Tout en m\u00e9tal grav\u00e9 - \u00c9pingle broche au dos - Dimension : 6.2 cm","og_url":"https:\/\/repliquemangacine.fr\/en\/denix\/pin-deputy-marshal-western-accessory\/","og_site_name":"R\u00e9plique Manga Cin\u00e9","article_publisher":"https:\/\/www.facebook.com\/RepliqueMangaCine","article_modified_time":"2025-09-23T16:01:36+00:00","og_image":[{"width":800,"height":800,"url":"https:\/\/repliquemangacine.fr\/wp-content\/uploads\/2023\/10\/528-Insigne-broche-Deputy-Marshal.jpg","type":"image\/jpeg"}],"twitter_card":"summary_large_image","twitter_misc":{"Est. reading time":"2 minutes"},"schema":{"@context":"https:\/\/schema.org","@graph":[{"@type":"WebPage","@id":"https:\/\/repliquemangacine.fr\/denix\/insigne-broche-deputy-marshal-accessoire-western\/","url":"https:\/\/repliquemangacine.fr\/denix\/insigne-broche-deputy-marshal-accessoire-western\/","name":"Deputy Marshal pin badge - Accessoire Western Denix | RMC","isPartOf":{"@id":"https:\/\/repliquemangacine.fr\/#website"},"primaryImageOfPage":{"@id":"https:\/\/repliquemangacine.fr\/denix\/insigne-broche-deputy-marshal-accessoire-western\/#primaryimage"},"image":{"@id":"https:\/\/repliquemangacine.fr\/denix\/insigne-broche-deputy-marshal-accessoire-western\/#primaryimage"},"thumbnailUrl":"https:\/\/repliquemangacine.fr\/wp-content\/uploads\/2023\/10\/528-Insigne-broche-Deputy-Marshal.jpg","datePublished":"2016-10-12T17:00:20+00:00","dateModified":"2025-09-23T16:01:36+00:00","description":"Come and discover! This Deputy Marshal brooch badge at the best price - All engraved metal - Brooch pin on back - Size: 6.2 cm","breadcrumb":{"@id":"https:\/\/repliquemangacine.fr\/denix\/insigne-broche-deputy-marshal-accessoire-western\/#breadcrumb"},"inLanguage":"en-US","potentialAction":[{"@type":"ReadAction","target":["https:\/\/repliquemangacine.fr\/denix\/insigne-broche-deputy-marshal-accessoire-western\/"]}]},{"@type":"ImageObject","inLanguage":"en-US","@id":"https:\/\/repliquemangacine.fr\/denix\/insigne-broche-deputy-marshal-accessoire-western\/#primaryimage","url":"https:\/\/repliquemangacine.fr\/wp-content\/uploads\/2023\/10\/528-Insigne-broche-Deputy-Marshal.jpg","contentUrl":"https:\/\/repliquemangacine.fr\/wp-content\/uploads\/2023\/10\/528-Insigne-broche-Deputy-Marshal.jpg","width":800,"height":800,"caption":"Insigne broche Deputy Marshal"},{"@type":"BreadcrumbList","@id":"https:\/\/repliquemangacine.fr\/denix\/insigne-broche-deputy-marshal-accessoire-western\/#breadcrumb","itemListElement":[{"@type":"ListItem","position":1,"name":"Accueil","item":"https:\/\/repliquemangacine.fr\/"},{"@type":"ListItem","position":2,"name":"Produits","item":"https:\/\/repliquemangacine.fr\/boutique\/"},{"@type":"ListItem","position":3,"name":"Insigne broche Deputy Marshal"}]},{"@type":"WebSite","@id":"https:\/\/repliquemangacine.fr\/#website","url":"https:\/\/repliquemangacine.fr\/","name":"R\u00e9plique Manga Cin\u00e9","description":"","publisher":{"@id":"https:\/\/repliquemangacine.fr\/#organization"},"potentialAction":[{"@type":"SearchAction","target":{"@type":"EntryPoint","urlTemplate":"https:\/\/repliquemangacine.fr\/?s={search_term_string}"},"query-input":{"@type":"PropertyValueSpecification","valueRequired":true,"valueName":"search_term_string"}}],"inLanguage":"en-US"},{"@type":"Organization","@id":"https:\/\/repliquemangacine.fr\/#organization","name":"R\u00e9plique Manga Cin\u00e9","url":"https:\/\/repliquemangacine.fr\/","logo":{"@type":"ImageObject","inLanguage":"en-US","@id":"https:\/\/repliquemangacine.fr\/#\/schema\/logo\/image\/","url":"https:\/\/repliquemangacine.fr\/wp-content\/uploads\/2023\/10\/RMC-500250.png","contentUrl":"https:\/\/repliquemangacine.fr\/wp-content\/uploads\/2023\/10\/RMC-500250.png","width":500,"height":250,"caption":"R\u00e9plique Manga Cin\u00e9"},"image":{"@id":"https:\/\/repliquemangacine.fr\/#\/schema\/logo\/image\/"},"sameAs":["https:\/\/www.facebook.com\/RepliqueMangaCine","https:\/\/www.instagram.com\/repliquemangacine.fr\/"]}]}},"_links":{"self":[{"href":"https:\/\/repliquemangacine.fr\/en\/wp-json\/wp\/v2\/product\/25772","targetHints":{"allow":["GET"]}}],"collection":[{"href":"https:\/\/repliquemangacine.fr\/en\/wp-json\/wp\/v2\/product"}],"about":[{"href":"https:\/\/repliquemangacine.fr\/en\/wp-json\/wp\/v2\/types\/product"}],"wp:featuredmedia":[{"embeddable":true,"href":"https:\/\/repliquemangacine.fr\/en\/wp-json\/wp\/v2\/media\/25773"}],"wp:attachment":[{"href":"https:\/\/repliquemangacine.fr\/en\/wp-json\/wp\/v2\/media?parent=25772"}],"wp:term":[{"taxonomy":"product_brand","embeddable":true,"href":"https:\/\/repliquemangacine.fr\/en\/wp-json\/wp\/v2\/product_brand?post=25772"},{"taxonomy":"product_cat","embeddable":true,"href":"https:\/\/repliquemangacine.fr\/en\/wp-json\/wp\/v2\/product_cat?post=25772"},{"taxonomy":"product_tag","embeddable":true,"href":"https:\/\/repliquemangacine.fr\/en\/wp-json\/wp\/v2\/product_tag?post=25772"}],"curies":[{"name":"wp","href":"https:\/\/api.w.org\/{rel}","templated":true}]}}