





{"id":25754,"date":"2016-10-12T16:11:38","date_gmt":"2016-10-12T14:11:38","guid":{"rendered":"https:\/\/repliquemangacine.fr\/?post_type=product&#038;p=25754"},"modified":"2026-04-15T13:07:40","modified_gmt":"2026-04-15T11:07:40","slug":"texas-rangers-star-pin-badge","status":"publish","type":"product","link":"https:\/\/repliquemangacine.fr\/en\/holster-accessoires-western\/etoile-texas-rangers-insigne-broche\/","title":{"rendered":"Etoile Texas Rangers"},"content":{"rendered":"<h2>Etoile Texas Rangers - Denix<\/h2>\n<p>To begin with, this <strong>Etoile Texas Rangers<\/strong> is in decorated metal, the essential accessory for your western costume.<\/p>\n<p>A badge is a distinctive mark of belonging to a group, rank or function.<\/p>\n<p>In the singular, insignia usually refers to the main element, usually metal or textile. In the plural, insignia designates all the parts of a decoration, or the various elements forming part of a rank, grade or dignity.<\/p>\n<p>Since 1935, the organization has been a division of the Texas Department of Public Safety and serves as the State Bureau of Investigation of Texas.<\/p>\n<p>The Rangers took part in many of the most important events in Texas history and were involved in some of the most famous cases in the criminal history of the conquest of the West.<\/p>\n<h2>Your western accessories at the best price.<\/h2>\n<p>We offer a wide selection of Western accessory reproductions.<\/p>\n<p>First and foremost,<\/p>\n<ul>\n<li>The famous rifle <a href=\"https:\/\/repliquemangacine.fr\/en\/winchester-rifle\/henry-rifle-usa-civil-war-1860\/\">Winchester Henry<\/a> to complete your disguise.<\/li>\n<li>As well as <a href=\"https:\/\/repliquemangacine.fr\/en\/western-accessories\/blister-de-96-amorces-pour-pistolet-kolser\/\">firecracker primers<\/a> for Kolser dummy bullets to accompany your revolver.<\/li>\n<li>There are also genuine leather whips, available in two lengths.<\/li>\n<li>And many more to discover in our online store!<\/li>\n<\/ul>\n<p>That's why these are great gift ideas for history buffs.<\/p>\n<p>In conclusion, you can also use this <strong>Etoile Texas Rangers<\/strong> for your Country soir\u00e9es. But above all, this brooch is a decorative collector's item.<\/p>\n<p>R\u00e9plique Manga Cin\u00e9 is a French family business. Official distributor of the brand <a href=\"https:\/\/www.denix.fr\/fr\/catalogue\/guerre-civile-occidentale-et-americaine-1861-1899\/plaques\/102\/\" target=\"_blank\" rel=\"noopener noreferrer\">Denix<\/a>.<\/p>","protected":false},"excerpt":{"rendered":"<p>The Texas Rangers Star is the essential accessory for your western costume.<\/p>\n<ul>\n<li>This brooch badge is made of round silver-plated metal.<\/li>\n<li>5-pointed star in the center.<\/li>\n<li>Engraved with the inscription Texas Rangers with decorations on the outline and in the center of the star.<\/li>\n<li>Dimensions: 4 cm - Weight: 10 grs<\/li>\n<\/ul>","protected":false},"featured_media":25755,"template":"","meta":[],"product_brand":[896],"product_cat":[51,102,90,28,27],"product_tag":[],"class_list":{"0":"post-25754","1":"product","2":"type-product","3":"status-publish","4":"has-post-thumbnail","6":"product_brand-replique-manga-cine","7":"product_cat-accessoires-western","8":"product_cat-denix","9":"product_cat-holster-accessoires-western","10":"product_cat-repliques-darmes","11":"product_cat-armes-et-accessoires-western","13":"first","14":"instock","15":"taxable","16":"shipping-taxable","17":"purchasable","18":"product-type-simple"},"yoast_head":"<!-- This site is optimized with the Yoast SEO plugin v27.6 - https:\/\/yoast.com\/product\/yoast-seo-wordpress\/ -->\n<title>Etoile Texas Rangers - Insigne broche Diables Texans | RMC<\/title>\n<meta name=\"description\" content=\"Devenez un diable Texan avec cette Etoile Texas Rangers au meilleur prix - Tout en acier grav\u00e9 et d\u00e9cor\u00e9 - \u00c9pingle broche au dos - Diam\u00e8tre : 4 cm\" \/>\n<meta name=\"robots\" content=\"index, follow, max-snippet:-1, max-image-preview:large, max-video-preview:-1\" \/>\n<link rel=\"canonical\" href=\"https:\/\/repliquemangacine.fr\/en\/western-accessory-holster\/texas-rangers-star-pin-badge\/\" \/>\n<meta property=\"og:locale\" content=\"en_US\" \/>\n<meta property=\"og:type\" content=\"article\" \/>\n<meta property=\"og:title\" content=\"Etoile Texas Rangers - Insigne broche Diables Texans | RMC\" \/>\n<meta property=\"og:description\" content=\"Devenez un diable Texan avec cette Etoile Texas Rangers au meilleur prix - Tout en acier grav\u00e9 et d\u00e9cor\u00e9 - \u00c9pingle broche au dos - Diam\u00e8tre : 4 cm\" \/>\n<meta property=\"og:url\" content=\"https:\/\/repliquemangacine.fr\/en\/western-accessory-holster\/texas-rangers-star-pin-badge\/\" \/>\n<meta property=\"og:site_name\" content=\"R\u00e9plique Manga Cin\u00e9\" \/>\n<meta property=\"article:publisher\" content=\"https:\/\/www.facebook.com\/RepliqueMangaCine\" \/>\n<meta property=\"article:modified_time\" content=\"2026-04-15T11:07:40+00:00\" \/>\n<meta property=\"og:image\" content=\"https:\/\/repliquemangacine.fr\/wp-content\/uploads\/2023\/10\/517-Etoile-Texas-Rangers-Insigne-Broche.jpg\" \/>\n\t<meta property=\"og:image:width\" content=\"700\" \/>\n\t<meta property=\"og:image:height\" content=\"700\" \/>\n\t<meta property=\"og:image:type\" content=\"image\/jpeg\" \/>\n<meta name=\"twitter:card\" content=\"summary_large_image\" \/>\n<meta name=\"twitter:label1\" content=\"Est. reading time\" \/>\n\t<meta name=\"twitter:data1\" content=\"2 minutes\" \/>\n<script type=\"application\/ld+json\" class=\"yoast-schema-graph\">{\"@context\":\"https:\\\/\\\/schema.org\",\"@graph\":[{\"@type\":\"WebPage\",\"@id\":\"https:\\\/\\\/repliquemangacine.fr\\\/holster-accessoires-western\\\/etoile-texas-rangers-insigne-broche\\\/\",\"url\":\"https:\\\/\\\/repliquemangacine.fr\\\/holster-accessoires-western\\\/etoile-texas-rangers-insigne-broche\\\/\",\"name\":\"Etoile Texas Rangers - Insigne broche Diables Texans | RMC\",\"isPartOf\":{\"@id\":\"https:\\\/\\\/repliquemangacine.fr\\\/#website\"},\"primaryImageOfPage\":{\"@id\":\"https:\\\/\\\/repliquemangacine.fr\\\/holster-accessoires-western\\\/etoile-texas-rangers-insigne-broche\\\/#primaryimage\"},\"image\":{\"@id\":\"https:\\\/\\\/repliquemangacine.fr\\\/holster-accessoires-western\\\/etoile-texas-rangers-insigne-broche\\\/#primaryimage\"},\"thumbnailUrl\":\"https:\\\/\\\/repliquemangacine.fr\\\/wp-content\\\/uploads\\\/2023\\\/10\\\/517-Etoile-Texas-Rangers-Insigne-Broche.jpg\",\"datePublished\":\"2016-10-12T14:11:38+00:00\",\"dateModified\":\"2026-04-15T11:07:40+00:00\",\"description\":\"Devenez un diable Texan avec cette Etoile Texas Rangers au meilleur prix - Tout en acier grav\u00e9 et d\u00e9cor\u00e9 - \u00c9pingle broche au dos - Diam\u00e8tre : 4 cm\",\"breadcrumb\":{\"@id\":\"https:\\\/\\\/repliquemangacine.fr\\\/holster-accessoires-western\\\/etoile-texas-rangers-insigne-broche\\\/#breadcrumb\"},\"inLanguage\":\"en-US\",\"potentialAction\":[{\"@type\":\"ReadAction\",\"target\":[\"https:\\\/\\\/repliquemangacine.fr\\\/holster-accessoires-western\\\/etoile-texas-rangers-insigne-broche\\\/\"]}]},{\"@type\":\"ImageObject\",\"inLanguage\":\"en-US\",\"@id\":\"https:\\\/\\\/repliquemangacine.fr\\\/holster-accessoires-western\\\/etoile-texas-rangers-insigne-broche\\\/#primaryimage\",\"url\":\"https:\\\/\\\/repliquemangacine.fr\\\/wp-content\\\/uploads\\\/2023\\\/10\\\/517-Etoile-Texas-Rangers-Insigne-Broche.jpg\",\"contentUrl\":\"https:\\\/\\\/repliquemangacine.fr\\\/wp-content\\\/uploads\\\/2023\\\/10\\\/517-Etoile-Texas-Rangers-Insigne-Broche.jpg\",\"width\":700,\"height\":700,\"caption\":\"Etoile Texas Rangers - Insigne Broche\"},{\"@type\":\"BreadcrumbList\",\"@id\":\"https:\\\/\\\/repliquemangacine.fr\\\/holster-accessoires-western\\\/etoile-texas-rangers-insigne-broche\\\/#breadcrumb\",\"itemListElement\":[{\"@type\":\"ListItem\",\"position\":1,\"name\":\"Accueil\",\"item\":\"https:\\\/\\\/repliquemangacine.fr\\\/\"},{\"@type\":\"ListItem\",\"position\":2,\"name\":\"Produits\",\"item\":\"https:\\\/\\\/repliquemangacine.fr\\\/boutique\\\/\"},{\"@type\":\"ListItem\",\"position\":3,\"name\":\"Etoile Texas Rangers\"}]},{\"@type\":\"WebSite\",\"@id\":\"https:\\\/\\\/repliquemangacine.fr\\\/#website\",\"url\":\"https:\\\/\\\/repliquemangacine.fr\\\/\",\"name\":\"R\u00e9plique Manga Cin\u00e9\",\"description\":\"\",\"publisher\":{\"@id\":\"https:\\\/\\\/repliquemangacine.fr\\\/#organization\"},\"potentialAction\":[{\"@type\":\"SearchAction\",\"target\":{\"@type\":\"EntryPoint\",\"urlTemplate\":\"https:\\\/\\\/repliquemangacine.fr\\\/?s={search_term_string}\"},\"query-input\":{\"@type\":\"PropertyValueSpecification\",\"valueRequired\":true,\"valueName\":\"search_term_string\"}}],\"inLanguage\":\"en-US\"},{\"@type\":\"Organization\",\"@id\":\"https:\\\/\\\/repliquemangacine.fr\\\/#organization\",\"name\":\"R\u00e9plique Manga Cin\u00e9\",\"url\":\"https:\\\/\\\/repliquemangacine.fr\\\/\",\"logo\":{\"@type\":\"ImageObject\",\"inLanguage\":\"en-US\",\"@id\":\"https:\\\/\\\/repliquemangacine.fr\\\/#\\\/schema\\\/logo\\\/image\\\/\",\"url\":\"https:\\\/\\\/repliquemangacine.fr\\\/wp-content\\\/uploads\\\/2023\\\/10\\\/RMC-500250.png\",\"contentUrl\":\"https:\\\/\\\/repliquemangacine.fr\\\/wp-content\\\/uploads\\\/2023\\\/10\\\/RMC-500250.png\",\"width\":500,\"height\":250,\"caption\":\"R\u00e9plique Manga Cin\u00e9\"},\"image\":{\"@id\":\"https:\\\/\\\/repliquemangacine.fr\\\/#\\\/schema\\\/logo\\\/image\\\/\"},\"sameAs\":[\"https:\\\/\\\/www.facebook.com\\\/RepliqueMangaCine\",\"https:\\\/\\\/www.instagram.com\\\/repliquemangacine.fr\\\/\"]}]}<\/script>\n<!-- \/ Yoast SEO plugin. -->","yoast_head_json":{"title":"Etoile Texas Rangers - Devils Texans pin badge | RMC","description":"Become a Texan devil with this Texas Rangers Star at the best price - All steel engraved and decorated - Pin on back - Diameter: 4 cm","robots":{"index":"index","follow":"follow","max-snippet":"max-snippet:-1","max-image-preview":"max-image-preview:large","max-video-preview":"max-video-preview:-1"},"canonical":"https:\/\/repliquemangacine.fr\/en\/western-accessory-holster\/texas-rangers-star-pin-badge\/","og_locale":"en_US","og_type":"article","og_title":"Etoile Texas Rangers - Insigne broche Diables Texans | RMC","og_description":"Devenez un diable Texan avec cette Etoile Texas Rangers au meilleur prix - Tout en acier grav\u00e9 et d\u00e9cor\u00e9 - \u00c9pingle broche au dos - Diam\u00e8tre : 4 cm","og_url":"https:\/\/repliquemangacine.fr\/en\/western-accessory-holster\/texas-rangers-star-pin-badge\/","og_site_name":"R\u00e9plique Manga Cin\u00e9","article_publisher":"https:\/\/www.facebook.com\/RepliqueMangaCine","article_modified_time":"2026-04-15T11:07:40+00:00","og_image":[{"width":700,"height":700,"url":"https:\/\/repliquemangacine.fr\/wp-content\/uploads\/2023\/10\/517-Etoile-Texas-Rangers-Insigne-Broche.jpg","type":"image\/jpeg"}],"twitter_card":"summary_large_image","twitter_misc":{"Est. reading time":"2 minutes"},"schema":{"@context":"https:\/\/schema.org","@graph":[{"@type":"WebPage","@id":"https:\/\/repliquemangacine.fr\/holster-accessoires-western\/etoile-texas-rangers-insigne-broche\/","url":"https:\/\/repliquemangacine.fr\/holster-accessoires-western\/etoile-texas-rangers-insigne-broche\/","name":"Etoile Texas Rangers - Devils Texans pin badge | RMC","isPartOf":{"@id":"https:\/\/repliquemangacine.fr\/#website"},"primaryImageOfPage":{"@id":"https:\/\/repliquemangacine.fr\/holster-accessoires-western\/etoile-texas-rangers-insigne-broche\/#primaryimage"},"image":{"@id":"https:\/\/repliquemangacine.fr\/holster-accessoires-western\/etoile-texas-rangers-insigne-broche\/#primaryimage"},"thumbnailUrl":"https:\/\/repliquemangacine.fr\/wp-content\/uploads\/2023\/10\/517-Etoile-Texas-Rangers-Insigne-Broche.jpg","datePublished":"2016-10-12T14:11:38+00:00","dateModified":"2026-04-15T11:07:40+00:00","description":"Become a Texan devil with this Texas Rangers Star at the best price - All steel engraved and decorated - Pin on back - Diameter: 4 cm","breadcrumb":{"@id":"https:\/\/repliquemangacine.fr\/holster-accessoires-western\/etoile-texas-rangers-insigne-broche\/#breadcrumb"},"inLanguage":"en-US","potentialAction":[{"@type":"ReadAction","target":["https:\/\/repliquemangacine.fr\/holster-accessoires-western\/etoile-texas-rangers-insigne-broche\/"]}]},{"@type":"ImageObject","inLanguage":"en-US","@id":"https:\/\/repliquemangacine.fr\/holster-accessoires-western\/etoile-texas-rangers-insigne-broche\/#primaryimage","url":"https:\/\/repliquemangacine.fr\/wp-content\/uploads\/2023\/10\/517-Etoile-Texas-Rangers-Insigne-Broche.jpg","contentUrl":"https:\/\/repliquemangacine.fr\/wp-content\/uploads\/2023\/10\/517-Etoile-Texas-Rangers-Insigne-Broche.jpg","width":700,"height":700,"caption":"Etoile Texas Rangers - Insigne Broche"},{"@type":"BreadcrumbList","@id":"https:\/\/repliquemangacine.fr\/holster-accessoires-western\/etoile-texas-rangers-insigne-broche\/#breadcrumb","itemListElement":[{"@type":"ListItem","position":1,"name":"Accueil","item":"https:\/\/repliquemangacine.fr\/"},{"@type":"ListItem","position":2,"name":"Produits","item":"https:\/\/repliquemangacine.fr\/boutique\/"},{"@type":"ListItem","position":3,"name":"Etoile Texas Rangers"}]},{"@type":"WebSite","@id":"https:\/\/repliquemangacine.fr\/#website","url":"https:\/\/repliquemangacine.fr\/","name":"R\u00e9plique Manga Cin\u00e9","description":"","publisher":{"@id":"https:\/\/repliquemangacine.fr\/#organization"},"potentialAction":[{"@type":"SearchAction","target":{"@type":"EntryPoint","urlTemplate":"https:\/\/repliquemangacine.fr\/?s={search_term_string}"},"query-input":{"@type":"PropertyValueSpecification","valueRequired":true,"valueName":"search_term_string"}}],"inLanguage":"en-US"},{"@type":"Organization","@id":"https:\/\/repliquemangacine.fr\/#organization","name":"R\u00e9plique Manga Cin\u00e9","url":"https:\/\/repliquemangacine.fr\/","logo":{"@type":"ImageObject","inLanguage":"en-US","@id":"https:\/\/repliquemangacine.fr\/#\/schema\/logo\/image\/","url":"https:\/\/repliquemangacine.fr\/wp-content\/uploads\/2023\/10\/RMC-500250.png","contentUrl":"https:\/\/repliquemangacine.fr\/wp-content\/uploads\/2023\/10\/RMC-500250.png","width":500,"height":250,"caption":"R\u00e9plique Manga Cin\u00e9"},"image":{"@id":"https:\/\/repliquemangacine.fr\/#\/schema\/logo\/image\/"},"sameAs":["https:\/\/www.facebook.com\/RepliqueMangaCine","https:\/\/www.instagram.com\/repliquemangacine.fr\/"]}]}},"_links":{"self":[{"href":"https:\/\/repliquemangacine.fr\/en\/wp-json\/wp\/v2\/product\/25754","targetHints":{"allow":["GET"]}}],"collection":[{"href":"https:\/\/repliquemangacine.fr\/en\/wp-json\/wp\/v2\/product"}],"about":[{"href":"https:\/\/repliquemangacine.fr\/en\/wp-json\/wp\/v2\/types\/product"}],"wp:featuredmedia":[{"embeddable":true,"href":"https:\/\/repliquemangacine.fr\/en\/wp-json\/wp\/v2\/media\/25755"}],"wp:attachment":[{"href":"https:\/\/repliquemangacine.fr\/en\/wp-json\/wp\/v2\/media?parent=25754"}],"wp:term":[{"taxonomy":"product_brand","embeddable":true,"href":"https:\/\/repliquemangacine.fr\/en\/wp-json\/wp\/v2\/product_brand?post=25754"},{"taxonomy":"product_cat","embeddable":true,"href":"https:\/\/repliquemangacine.fr\/en\/wp-json\/wp\/v2\/product_cat?post=25754"},{"taxonomy":"product_tag","embeddable":true,"href":"https:\/\/repliquemangacine.fr\/en\/wp-json\/wp\/v2\/product_tag?post=25754"}],"curies":[{"name":"wp","href":"https:\/\/api.w.org\/{rel}","templated":true}]}}