





{"id":25735,"date":"2016-10-11T18:14:03","date_gmt":"2016-10-11T16:14:03","guid":{"rendered":"https:\/\/repliquemangacine.fr\/?post_type=product&#038;p=25735"},"modified":"2025-11-25T16:03:04","modified_gmt":"2025-11-25T15:03:04","slug":"lannister-armor-game-of-thrones-complete-armor","status":"publish","type":"product","link":"https:\/\/repliquemangacine.fr\/en\/collectors-et-goodies-game-of-thrones\/armure-des-lannister-game-of-thrones-armure-complete\/","title":{"rendered":"Game of Thrones armor Royal lannister guard armor"},"content":{"rendered":"<h2>Lannister Game of Thrones armor<\/h2>\n<p>To begin with, the<strong>Armor of the <a href=\"https:\/\/gameofthrones.fandom.com\/fr\/wiki\/Maison_Lannister\" target=\"_blank\" rel=\"noopener noreferrer\">Lannister<\/a><\/strong> entirely handcrafted from 18-gauge steel with a patinated brass finish, adorned with a multitude of intricate details. It features overlapping hand-stitched leather pieces located on the neck, arms and legs. Adjustable leather straps with buckles. The helmet comes with a padded cotton lining.<\/p>\n<p>A white cotton cape completes the armor, as does a steel base for superb presentation. Fully articulated and functional.<\/p>\n<ul>\n<li><strong>King's helmet<\/strong><br \/>\nHeight: 33 cm - Width: 20 cm<br \/>\nDepth: 25 cm - Circumference: 64 cm<br \/>\nWeight: 2202g<\/li>\n<li><strong>Armour King:<\/strong><br \/>\nHeight (tasselled neckline) - 104 cm<br \/>\nWidth (shoulder to shoulder) - 62 cm<br \/>\nDepth - 34 cm - Weight - 1400g<\/li>\n<\/ul>\n<p>Cape Length: 150 cm - Height on base: 193 cm<\/p>\n<h2>Your Lannister armour at the best price<\/h2>\n<p>We bring you all the replica swords of your favorite Game of Thrones heroes.<\/p>\n<p>First and foremost,<\/p>\n<ul>\n<li>L'<a href=\"https:\/\/repliquemangacine.fr\/en\/game-of-thrones\/epee-jon-snow-epee-grand-griffe-le-trone-de-fer\/\">Jon Snow Longclaw sword<\/a> novel version, also exists in a series version.<\/li>\n<li>But also the<a href=\"https:\/\/repliquemangacine.fr\/en\/game-of-thrones-swords\/ice-sword-sword-eddard-stark-iron-throne\/\">Eddard Stark's sword<\/a> novel and series versions.<\/li>\n<li>And many more to discover in our online store!<\/li>\n<\/ul>\n<p>So here's a great gift idea for fans of the Game of Thrones series.<\/p>\n<p>In conclusion, you can use<strong>Lannister armor<\/strong> for your cosplay parades or theme parties. But above all, it's a collector's item and a decoration.<\/p>\n<h2>Our latest cheap Game of Thrones releases.<\/h2>\n<p>Our aim is to satisfy you, which is why we do everything we can to find the collectibles you're looking for. So don't hesitate to let us know what you think, so that we can continue the adventure together!<\/p>\n<p>First and foremost,<\/p>\n<ul>\n<li>Visit <a href=\"https:\/\/repliquemangacine.fr\/en\/game-of-thrones-collectors-and-goodies\/lannister-armor-60cm-game-of-thrones\/\">mini armor<\/a> of the all-metal Lannister royal guard.<\/li>\n<li>As well as Daenerys HBO dragon eggs<\/li>\n<li>There are also <a href=\"https:\/\/repliquemangacine.fr\/en\/game-of-thrones-collectors-and-goodies\/mug-chope-game-of-thrones-2\/\">Game of Thrones mug<\/a><\/li>\n<li>And many more to discover!<\/li>\n<\/ul>\n<p>Coming soon, we'll have the pleasure of offering you Funko pop figurines...<\/p>\n<p>R\u00e9plique Manga Cin\u00e9 is a French family business.<\/p>\n<p>&nbsp;<\/p>","protected":false},"excerpt":{"rendered":"<p>Life-size reproduction of the complete Lannister armor.<\/p>\n<ul>\n<li>Handcrafted from steel with patinated brass and leather finish.<\/li>\n<li>Helmet supplied with padded cotton lining.<\/li>\n<li>White cotton cape.<\/li>\n<li>Support de pr\u00e9sentation.<\/li>\n<li>Height on stand: 193 cm<\/li>\n<\/ul>\n<p><strong>The helmet is also available on its own.<\/strong><\/p>","protected":false},"featured_media":25736,"template":"","meta":[],"product_brand":[896],"product_cat":[25,75,81,24,47,43],"product_tag":[],"class_list":{"0":"post-25735","1":"product","2":"type-product","3":"status-publish","4":"has-post-thumbnail","6":"product_brand-replique-manga-cine","7":"product_cat-armes-historiques","8":"product_cat-boucliers-et-armures","9":"product_cat-collectors-et-goodies-game-of-thrones","10":"product_cat-films-series-tv-vente-de-katana-epee-et-produits-derives","11":"product_cat-game-of-thrones","12":"product_cat-reproductions-d-armes-et-accessoires-medievales","14":"first","15":"instock","16":"sale","17":"taxable","18":"shipping-taxable","19":"purchasable","20":"product-type-simple"},"yoast_head":"<!-- This site is optimized with the Yoast SEO plugin v27.5 - https:\/\/yoast.com\/product\/yoast-seo-wordpress\/ -->\n<title>Armure des Lannister - Game of Thrones - R\u00e9plique Manga Cin\u00e9<\/title>\n<meta name=\"description\" content=\"Reproduction en taille r\u00e9elle de l&#039;Armure des Lannister dans Game of Thrones. En acier Vieilli patin\u00e9 laiton - Echelle 1\/1 - Hauteur : 193cm\" \/>\n<meta name=\"robots\" content=\"index, follow, max-snippet:-1, max-image-preview:large, max-video-preview:-1\" \/>\n<link rel=\"canonical\" href=\"https:\/\/repliquemangacine.fr\/en\/game-of-thrones-collectors-and-goodies\/lannister-armor-game-of-thrones-complete-armor\/\" \/>\n<meta property=\"og:locale\" content=\"en_US\" \/>\n<meta property=\"og:type\" content=\"article\" \/>\n<meta property=\"og:title\" content=\"Armure des Lannister - Game of Thrones - R\u00e9plique Manga Cin\u00e9\" \/>\n<meta property=\"og:description\" content=\"Reproduction en taille r\u00e9elle de l&#039;Armure des Lannister dans Game of Thrones. En acier Vieilli patin\u00e9 laiton - Echelle 1\/1 - Hauteur : 193cm\" \/>\n<meta property=\"og:url\" content=\"https:\/\/repliquemangacine.fr\/en\/game-of-thrones-collectors-and-goodies\/lannister-armor-game-of-thrones-complete-armor\/\" \/>\n<meta property=\"og:site_name\" content=\"R\u00e9plique Manga Cin\u00e9\" \/>\n<meta property=\"article:publisher\" content=\"https:\/\/www.facebook.com\/RepliqueMangaCine\" \/>\n<meta property=\"article:modified_time\" content=\"2025-11-25T15:03:04+00:00\" \/>\n<meta property=\"og:image\" content=\"https:\/\/repliquemangacine.fr\/wp-content\/uploads\/2023\/10\/armure-game-of-thrones-1.jpg\" \/>\n\t<meta property=\"og:image:width\" content=\"500\" \/>\n\t<meta property=\"og:image:height\" content=\"500\" \/>\n\t<meta property=\"og:image:type\" content=\"image\/jpeg\" \/>\n<meta name=\"twitter:card\" content=\"summary_large_image\" \/>\n<meta name=\"twitter:label1\" content=\"Est. reading time\" \/>\n\t<meta name=\"twitter:data1\" content=\"2 minutes\" \/>\n<script type=\"application\/ld+json\" class=\"yoast-schema-graph\">{\"@context\":\"https:\\\/\\\/schema.org\",\"@graph\":[{\"@type\":\"WebPage\",\"@id\":\"https:\\\/\\\/repliquemangacine.fr\\\/collectors-et-goodies-game-of-thrones\\\/armure-des-lannister-game-of-thrones-armure-complete\\\/\",\"url\":\"https:\\\/\\\/repliquemangacine.fr\\\/collectors-et-goodies-game-of-thrones\\\/armure-des-lannister-game-of-thrones-armure-complete\\\/\",\"name\":\"Armure des Lannister - Game of Thrones - R\u00e9plique Manga Cin\u00e9\",\"isPartOf\":{\"@id\":\"https:\\\/\\\/repliquemangacine.fr\\\/#website\"},\"primaryImageOfPage\":{\"@id\":\"https:\\\/\\\/repliquemangacine.fr\\\/collectors-et-goodies-game-of-thrones\\\/armure-des-lannister-game-of-thrones-armure-complete\\\/#primaryimage\"},\"image\":{\"@id\":\"https:\\\/\\\/repliquemangacine.fr\\\/collectors-et-goodies-game-of-thrones\\\/armure-des-lannister-game-of-thrones-armure-complete\\\/#primaryimage\"},\"thumbnailUrl\":\"https:\\\/\\\/repliquemangacine.fr\\\/wp-content\\\/uploads\\\/2023\\\/10\\\/armure-game-of-thrones-1.jpg\",\"datePublished\":\"2016-10-11T16:14:03+00:00\",\"dateModified\":\"2025-11-25T15:03:04+00:00\",\"description\":\"Reproduction en taille r\u00e9elle de l'Armure des Lannister dans Game of Thrones. En acier Vieilli patin\u00e9 laiton - Echelle 1\\\/1 - Hauteur : 193cm\",\"breadcrumb\":{\"@id\":\"https:\\\/\\\/repliquemangacine.fr\\\/collectors-et-goodies-game-of-thrones\\\/armure-des-lannister-game-of-thrones-armure-complete\\\/#breadcrumb\"},\"inLanguage\":\"en-US\",\"potentialAction\":[{\"@type\":\"ReadAction\",\"target\":[\"https:\\\/\\\/repliquemangacine.fr\\\/collectors-et-goodies-game-of-thrones\\\/armure-des-lannister-game-of-thrones-armure-complete\\\/\"]}]},{\"@type\":\"ImageObject\",\"inLanguage\":\"en-US\",\"@id\":\"https:\\\/\\\/repliquemangacine.fr\\\/collectors-et-goodies-game-of-thrones\\\/armure-des-lannister-game-of-thrones-armure-complete\\\/#primaryimage\",\"url\":\"https:\\\/\\\/repliquemangacine.fr\\\/wp-content\\\/uploads\\\/2023\\\/10\\\/armure-game-of-thrones-1.jpg\",\"contentUrl\":\"https:\\\/\\\/repliquemangacine.fr\\\/wp-content\\\/uploads\\\/2023\\\/10\\\/armure-game-of-thrones-1.jpg\",\"width\":500,\"height\":500,\"caption\":\"armure game of thrones\"},{\"@type\":\"BreadcrumbList\",\"@id\":\"https:\\\/\\\/repliquemangacine.fr\\\/collectors-et-goodies-game-of-thrones\\\/armure-des-lannister-game-of-thrones-armure-complete\\\/#breadcrumb\",\"itemListElement\":[{\"@type\":\"ListItem\",\"position\":1,\"name\":\"Accueil\",\"item\":\"https:\\\/\\\/repliquemangacine.fr\\\/\"},{\"@type\":\"ListItem\",\"position\":2,\"name\":\"Produits\",\"item\":\"https:\\\/\\\/repliquemangacine.fr\\\/boutique\\\/\"},{\"@type\":\"ListItem\",\"position\":3,\"name\":\"Armure Game of Thrones Armure garde Royal lannister\"}]},{\"@type\":\"WebSite\",\"@id\":\"https:\\\/\\\/repliquemangacine.fr\\\/#website\",\"url\":\"https:\\\/\\\/repliquemangacine.fr\\\/\",\"name\":\"R\u00e9plique Manga Cin\u00e9\",\"description\":\"\",\"publisher\":{\"@id\":\"https:\\\/\\\/repliquemangacine.fr\\\/#organization\"},\"potentialAction\":[{\"@type\":\"SearchAction\",\"target\":{\"@type\":\"EntryPoint\",\"urlTemplate\":\"https:\\\/\\\/repliquemangacine.fr\\\/?s={search_term_string}\"},\"query-input\":{\"@type\":\"PropertyValueSpecification\",\"valueRequired\":true,\"valueName\":\"search_term_string\"}}],\"inLanguage\":\"en-US\"},{\"@type\":\"Organization\",\"@id\":\"https:\\\/\\\/repliquemangacine.fr\\\/#organization\",\"name\":\"R\u00e9plique Manga Cin\u00e9\",\"url\":\"https:\\\/\\\/repliquemangacine.fr\\\/\",\"logo\":{\"@type\":\"ImageObject\",\"inLanguage\":\"en-US\",\"@id\":\"https:\\\/\\\/repliquemangacine.fr\\\/#\\\/schema\\\/logo\\\/image\\\/\",\"url\":\"https:\\\/\\\/repliquemangacine.fr\\\/wp-content\\\/uploads\\\/2023\\\/10\\\/RMC-500250.png\",\"contentUrl\":\"https:\\\/\\\/repliquemangacine.fr\\\/wp-content\\\/uploads\\\/2023\\\/10\\\/RMC-500250.png\",\"width\":500,\"height\":250,\"caption\":\"R\u00e9plique Manga Cin\u00e9\"},\"image\":{\"@id\":\"https:\\\/\\\/repliquemangacine.fr\\\/#\\\/schema\\\/logo\\\/image\\\/\"},\"sameAs\":[\"https:\\\/\\\/www.facebook.com\\\/RepliqueMangaCine\",\"https:\\\/\\\/www.instagram.com\\\/repliquemangacine.fr\\\/\"]}]}<\/script>\n<!-- \/ Yoast SEO plugin. -->","yoast_head_json":{"title":"Lannister Armor - Game of Thrones - R\u00e9plique Manga Cin\u00e9","description":"Life-size reproduction of the Lannister armor from Game of Thrones. In aged steel with brass patina - Scale 1\/1 - Height: 193cm","robots":{"index":"index","follow":"follow","max-snippet":"max-snippet:-1","max-image-preview":"max-image-preview:large","max-video-preview":"max-video-preview:-1"},"canonical":"https:\/\/repliquemangacine.fr\/en\/game-of-thrones-collectors-and-goodies\/lannister-armor-game-of-thrones-complete-armor\/","og_locale":"en_US","og_type":"article","og_title":"Armure des Lannister - Game of Thrones - R\u00e9plique Manga Cin\u00e9","og_description":"Reproduction en taille r\u00e9elle de l'Armure des Lannister dans Game of Thrones. En acier Vieilli patin\u00e9 laiton - Echelle 1\/1 - Hauteur : 193cm","og_url":"https:\/\/repliquemangacine.fr\/en\/game-of-thrones-collectors-and-goodies\/lannister-armor-game-of-thrones-complete-armor\/","og_site_name":"R\u00e9plique Manga Cin\u00e9","article_publisher":"https:\/\/www.facebook.com\/RepliqueMangaCine","article_modified_time":"2025-11-25T15:03:04+00:00","og_image":[{"width":500,"height":500,"url":"https:\/\/repliquemangacine.fr\/wp-content\/uploads\/2023\/10\/armure-game-of-thrones-1.jpg","type":"image\/jpeg"}],"twitter_card":"summary_large_image","twitter_misc":{"Est. reading time":"2 minutes"},"schema":{"@context":"https:\/\/schema.org","@graph":[{"@type":"WebPage","@id":"https:\/\/repliquemangacine.fr\/collectors-et-goodies-game-of-thrones\/armure-des-lannister-game-of-thrones-armure-complete\/","url":"https:\/\/repliquemangacine.fr\/collectors-et-goodies-game-of-thrones\/armure-des-lannister-game-of-thrones-armure-complete\/","name":"Lannister Armor - Game of Thrones - R\u00e9plique Manga Cin\u00e9","isPartOf":{"@id":"https:\/\/repliquemangacine.fr\/#website"},"primaryImageOfPage":{"@id":"https:\/\/repliquemangacine.fr\/collectors-et-goodies-game-of-thrones\/armure-des-lannister-game-of-thrones-armure-complete\/#primaryimage"},"image":{"@id":"https:\/\/repliquemangacine.fr\/collectors-et-goodies-game-of-thrones\/armure-des-lannister-game-of-thrones-armure-complete\/#primaryimage"},"thumbnailUrl":"https:\/\/repliquemangacine.fr\/wp-content\/uploads\/2023\/10\/armure-game-of-thrones-1.jpg","datePublished":"2016-10-11T16:14:03+00:00","dateModified":"2025-11-25T15:03:04+00:00","description":"Life-size reproduction of the Lannister armor from Game of Thrones. In aged steel with brass patina - Scale 1\/1 - Height: 193cm","breadcrumb":{"@id":"https:\/\/repliquemangacine.fr\/collectors-et-goodies-game-of-thrones\/armure-des-lannister-game-of-thrones-armure-complete\/#breadcrumb"},"inLanguage":"en-US","potentialAction":[{"@type":"ReadAction","target":["https:\/\/repliquemangacine.fr\/collectors-et-goodies-game-of-thrones\/armure-des-lannister-game-of-thrones-armure-complete\/"]}]},{"@type":"ImageObject","inLanguage":"en-US","@id":"https:\/\/repliquemangacine.fr\/collectors-et-goodies-game-of-thrones\/armure-des-lannister-game-of-thrones-armure-complete\/#primaryimage","url":"https:\/\/repliquemangacine.fr\/wp-content\/uploads\/2023\/10\/armure-game-of-thrones-1.jpg","contentUrl":"https:\/\/repliquemangacine.fr\/wp-content\/uploads\/2023\/10\/armure-game-of-thrones-1.jpg","width":500,"height":500,"caption":"armure game of thrones"},{"@type":"BreadcrumbList","@id":"https:\/\/repliquemangacine.fr\/collectors-et-goodies-game-of-thrones\/armure-des-lannister-game-of-thrones-armure-complete\/#breadcrumb","itemListElement":[{"@type":"ListItem","position":1,"name":"Accueil","item":"https:\/\/repliquemangacine.fr\/"},{"@type":"ListItem","position":2,"name":"Produits","item":"https:\/\/repliquemangacine.fr\/boutique\/"},{"@type":"ListItem","position":3,"name":"Armure Game of Thrones Armure garde Royal lannister"}]},{"@type":"WebSite","@id":"https:\/\/repliquemangacine.fr\/#website","url":"https:\/\/repliquemangacine.fr\/","name":"R\u00e9plique Manga Cin\u00e9","description":"","publisher":{"@id":"https:\/\/repliquemangacine.fr\/#organization"},"potentialAction":[{"@type":"SearchAction","target":{"@type":"EntryPoint","urlTemplate":"https:\/\/repliquemangacine.fr\/?s={search_term_string}"},"query-input":{"@type":"PropertyValueSpecification","valueRequired":true,"valueName":"search_term_string"}}],"inLanguage":"en-US"},{"@type":"Organization","@id":"https:\/\/repliquemangacine.fr\/#organization","name":"R\u00e9plique Manga Cin\u00e9","url":"https:\/\/repliquemangacine.fr\/","logo":{"@type":"ImageObject","inLanguage":"en-US","@id":"https:\/\/repliquemangacine.fr\/#\/schema\/logo\/image\/","url":"https:\/\/repliquemangacine.fr\/wp-content\/uploads\/2023\/10\/RMC-500250.png","contentUrl":"https:\/\/repliquemangacine.fr\/wp-content\/uploads\/2023\/10\/RMC-500250.png","width":500,"height":250,"caption":"R\u00e9plique Manga Cin\u00e9"},"image":{"@id":"https:\/\/repliquemangacine.fr\/#\/schema\/logo\/image\/"},"sameAs":["https:\/\/www.facebook.com\/RepliqueMangaCine","https:\/\/www.instagram.com\/repliquemangacine.fr\/"]}]}},"_links":{"self":[{"href":"https:\/\/repliquemangacine.fr\/en\/wp-json\/wp\/v2\/product\/25735","targetHints":{"allow":["GET"]}}],"collection":[{"href":"https:\/\/repliquemangacine.fr\/en\/wp-json\/wp\/v2\/product"}],"about":[{"href":"https:\/\/repliquemangacine.fr\/en\/wp-json\/wp\/v2\/types\/product"}],"wp:featuredmedia":[{"embeddable":true,"href":"https:\/\/repliquemangacine.fr\/en\/wp-json\/wp\/v2\/media\/25736"}],"wp:attachment":[{"href":"https:\/\/repliquemangacine.fr\/en\/wp-json\/wp\/v2\/media?parent=25735"}],"wp:term":[{"taxonomy":"product_brand","embeddable":true,"href":"https:\/\/repliquemangacine.fr\/en\/wp-json\/wp\/v2\/product_brand?post=25735"},{"taxonomy":"product_cat","embeddable":true,"href":"https:\/\/repliquemangacine.fr\/en\/wp-json\/wp\/v2\/product_cat?post=25735"},{"taxonomy":"product_tag","embeddable":true,"href":"https:\/\/repliquemangacine.fr\/en\/wp-json\/wp\/v2\/product_tag?post=25735"}],"curies":[{"name":"wp","href":"https:\/\/api.w.org\/{rel}","templated":true}]}}