





{"id":25688,"date":"2016-10-01T16:26:16","date_gmt":"2016-10-01T14:26:16","guid":{"rendered":"https:\/\/repliquemangacine.fr\/?post_type=product&#038;p=25688"},"modified":"2025-11-13T15:31:19","modified_gmt":"2025-11-13T14:31:19","slug":"fulham-roman-sword","status":"publish","type":"product","link":"https:\/\/repliquemangacine.fr\/en\/epees-glaives-antique\/glaive-romain-fulham\/","title":{"rendered":"Fulham Roman sword"},"content":{"rendered":"<h2>Fulham Roman sword<\/h2>\n<p>To begin with, the <strong>Fulham Roman sword<\/strong>, considered a variant of the Mainz type. In reference to the city of Mainz, where the first discoveries of this type were made.<\/p>\n<p>Archaeological findings show that this glaive subsequently evolved into the \u00abfulham\u00bb glaive.  Over time, the fulham glaive loses its curvatures to become a blade with straight, parallel cutting edges and a well-defined point with a pronounced angle. This new evolution is known as the \u00abPompeii\u00bb sword.<\/p>\n<p>The sword that gave the type its name was dredged from the Thames near Fulham and must therefore date back some time. It is therefore considered to be the point of conjunction between Mainz and Pompeii.<\/p>\n<p>In conclusion, manufactured by <a href=\"https:\/\/deepeeka.in\/\" target=\"_blank\" rel=\"noopener noreferrer\">Deepeeka<\/a> with the utmost care.<\/p>\n<h2>Your Fulham Roman Glaive at the best price.<\/h2>\n<p>We offer a wide selection of swords and helmets from the Antique period.<\/p>\n<p>First and foremost,<\/p>\n<ul>\n<li>Visit <a href=\"https:\/\/repliquemangacine.fr\/en\/antique-sword-swords\/pompei-roman-sword\/\">Pompeii-type Roman sword<\/a> with decorated scabbard.<\/li>\n<li>There is also the<a href=\"https:\/\/repliquemangacine.fr\/en\/antique-sword-swords\/feltwell-sword\/\">Fetwell sword<\/a> and leather scabbard.<\/li>\n<li>As well as the <a href=\"https:\/\/repliquemangacine.fr\/en\/historical-weapons\/black-jules-cesar-sword\/\">Julius Caesar's sword<\/a> manufactured by Denix.<\/li>\n<li>And many more to discover in our online store!<\/li>\n<\/ul>\n<p>That's why we've come up with some superb gift ideas for all those who love antiquity.<\/p>\n<p>In conclusion, you can use this <strong>Fulham Roman sword<\/strong> for your historical re-enactments or themed evenings. But above all, it's a collector's item and a decoration.<\/p>\n<h2>How to maintain the blade of your antique sword?<\/h2>\n<p>Collector's and decorative swords are made and assembled in a simplified way. As their use is decorative, they lack the safety features required of a Japanese sword intended for training.<\/p>\n<p>However, your <strong>Fulham Roman sword<\/strong> to a steel blade that needs to be cared for to avoid damage over time. In fact, when you display your katana, your friends will be curious to see and touch the blade. This is where you need to be careful, as the acidity of your fingers is very harmful to steel, whatever its quality.<\/p>\n<p>However, if this does happen, don't panic - all you need is a cloth dampened with a little oil and a wipe of fingerprints. By doing so, you'll keep your sword looking its best for a very long time.<\/p>","protected":false},"excerpt":{"rendered":"<p>Fulham's famous sword, on display at the British Museum.<\/p>\n<ul>\n<li>Non-sharp carbon steel blade.<\/li>\n<li>Carved wooden hilt and pommel.<\/li>\n<li>Genuine leather sheath.<\/li>\n<li>Embossed and tin-plated plates.<\/li>\n<li>Leather strap.<\/li>\n<li>Blade length: 54.5 cm - Overall length: 75 cm - Weight: 910 grs<\/li>\n<\/ul>","protected":false},"featured_media":25689,"template":"","meta":[],"product_brand":[896],"product_cat":[31,25,73],"product_tag":[],"class_list":{"0":"post-25688","1":"product","2":"type-product","3":"status-publish","4":"has-post-thumbnail","6":"product_brand-replique-manga-cine","7":"product_cat-armes-antiques","8":"product_cat-armes-historiques","9":"product_cat-epees-glaives-antique","11":"first","12":"instock","13":"taxable","14":"shipping-taxable","15":"purchasable","16":"product-type-simple"},"yoast_head":"<!-- This site is optimized with the Yoast SEO plugin v27.5 - https:\/\/yoast.com\/product\/yoast-seo-wordpress\/ -->\n<title>Glaive Romain Fulham - Arme Antique - R\u00e9plique Manga Cin\u00e9<\/title>\n<meta name=\"description\" content=\"Offrez-lui ce Glaive Romain Fulham au meilleur prix - Expos\u00e9 au British Museum. Lame acier carbone - Fourreau cuir et laiton - Longueur totale : 75 cm\" \/>\n<meta name=\"robots\" content=\"index, follow, max-snippet:-1, max-image-preview:large, max-video-preview:-1\" \/>\n<link rel=\"canonical\" href=\"https:\/\/repliquemangacine.fr\/en\/antique-sword-swords\/fulham-roman-sword\/\" \/>\n<meta property=\"og:locale\" content=\"en_US\" \/>\n<meta property=\"og:type\" content=\"article\" \/>\n<meta property=\"og:title\" content=\"Glaive Romain Fulham - Arme Antique - R\u00e9plique Manga Cin\u00e9\" \/>\n<meta property=\"og:description\" content=\"Offrez-lui ce Glaive Romain Fulham au meilleur prix - Expos\u00e9 au British Museum. Lame acier carbone - Fourreau cuir et laiton - Longueur totale : 75 cm\" \/>\n<meta property=\"og:url\" content=\"https:\/\/repliquemangacine.fr\/en\/antique-sword-swords\/fulham-roman-sword\/\" \/>\n<meta property=\"og:site_name\" content=\"R\u00e9plique Manga Cin\u00e9\" \/>\n<meta property=\"article:publisher\" content=\"https:\/\/www.facebook.com\/RepliqueMangaCine\" \/>\n<meta property=\"article:modified_time\" content=\"2025-11-13T14:31:19+00:00\" \/>\n<meta property=\"og:image\" content=\"https:\/\/repliquemangacine.fr\/wp-content\/uploads\/2023\/10\/1694-Replique-Glaive-Romain-Fulham.jpg\" \/>\n\t<meta property=\"og:image:width\" content=\"600\" \/>\n\t<meta property=\"og:image:height\" content=\"600\" \/>\n\t<meta property=\"og:image:type\" content=\"image\/jpeg\" \/>\n<meta name=\"twitter:card\" content=\"summary_large_image\" \/>\n<meta name=\"twitter:label1\" content=\"Est. reading time\" \/>\n\t<meta name=\"twitter:data1\" content=\"2 minutes\" \/>\n<script type=\"application\/ld+json\" class=\"yoast-schema-graph\">{\"@context\":\"https:\\\/\\\/schema.org\",\"@graph\":[{\"@type\":\"WebPage\",\"@id\":\"https:\\\/\\\/repliquemangacine.fr\\\/epees-glaives-antique\\\/glaive-romain-fulham\\\/\",\"url\":\"https:\\\/\\\/repliquemangacine.fr\\\/epees-glaives-antique\\\/glaive-romain-fulham\\\/\",\"name\":\"Glaive Romain Fulham - Arme Antique - R\u00e9plique Manga Cin\u00e9\",\"isPartOf\":{\"@id\":\"https:\\\/\\\/repliquemangacine.fr\\\/#website\"},\"primaryImageOfPage\":{\"@id\":\"https:\\\/\\\/repliquemangacine.fr\\\/epees-glaives-antique\\\/glaive-romain-fulham\\\/#primaryimage\"},\"image\":{\"@id\":\"https:\\\/\\\/repliquemangacine.fr\\\/epees-glaives-antique\\\/glaive-romain-fulham\\\/#primaryimage\"},\"thumbnailUrl\":\"https:\\\/\\\/repliquemangacine.fr\\\/wp-content\\\/uploads\\\/2023\\\/10\\\/1694-Replique-Glaive-Romain-Fulham.jpg\",\"datePublished\":\"2016-10-01T14:26:16+00:00\",\"dateModified\":\"2025-11-13T14:31:19+00:00\",\"description\":\"Offrez-lui ce Glaive Romain Fulham au meilleur prix - Expos\u00e9 au British Museum. Lame acier carbone - Fourreau cuir et laiton - Longueur totale : 75 cm\",\"breadcrumb\":{\"@id\":\"https:\\\/\\\/repliquemangacine.fr\\\/epees-glaives-antique\\\/glaive-romain-fulham\\\/#breadcrumb\"},\"inLanguage\":\"en-US\",\"potentialAction\":[{\"@type\":\"ReadAction\",\"target\":[\"https:\\\/\\\/repliquemangacine.fr\\\/epees-glaives-antique\\\/glaive-romain-fulham\\\/\"]}]},{\"@type\":\"ImageObject\",\"inLanguage\":\"en-US\",\"@id\":\"https:\\\/\\\/repliquemangacine.fr\\\/epees-glaives-antique\\\/glaive-romain-fulham\\\/#primaryimage\",\"url\":\"https:\\\/\\\/repliquemangacine.fr\\\/wp-content\\\/uploads\\\/2023\\\/10\\\/1694-Replique-Glaive-Romain-Fulham.jpg\",\"contentUrl\":\"https:\\\/\\\/repliquemangacine.fr\\\/wp-content\\\/uploads\\\/2023\\\/10\\\/1694-Replique-Glaive-Romain-Fulham.jpg\",\"width\":600,\"height\":600,\"caption\":\"R\u00e9plique Glaive Romain Fulham\"},{\"@type\":\"BreadcrumbList\",\"@id\":\"https:\\\/\\\/repliquemangacine.fr\\\/epees-glaives-antique\\\/glaive-romain-fulham\\\/#breadcrumb\",\"itemListElement\":[{\"@type\":\"ListItem\",\"position\":1,\"name\":\"Accueil\",\"item\":\"https:\\\/\\\/repliquemangacine.fr\\\/\"},{\"@type\":\"ListItem\",\"position\":2,\"name\":\"Produits\",\"item\":\"https:\\\/\\\/repliquemangacine.fr\\\/boutique\\\/\"},{\"@type\":\"ListItem\",\"position\":3,\"name\":\"Glaive Romain Fulham\"}]},{\"@type\":\"WebSite\",\"@id\":\"https:\\\/\\\/repliquemangacine.fr\\\/#website\",\"url\":\"https:\\\/\\\/repliquemangacine.fr\\\/\",\"name\":\"R\u00e9plique Manga Cin\u00e9\",\"description\":\"\",\"publisher\":{\"@id\":\"https:\\\/\\\/repliquemangacine.fr\\\/#organization\"},\"potentialAction\":[{\"@type\":\"SearchAction\",\"target\":{\"@type\":\"EntryPoint\",\"urlTemplate\":\"https:\\\/\\\/repliquemangacine.fr\\\/?s={search_term_string}\"},\"query-input\":{\"@type\":\"PropertyValueSpecification\",\"valueRequired\":true,\"valueName\":\"search_term_string\"}}],\"inLanguage\":\"en-US\"},{\"@type\":\"Organization\",\"@id\":\"https:\\\/\\\/repliquemangacine.fr\\\/#organization\",\"name\":\"R\u00e9plique Manga Cin\u00e9\",\"url\":\"https:\\\/\\\/repliquemangacine.fr\\\/\",\"logo\":{\"@type\":\"ImageObject\",\"inLanguage\":\"en-US\",\"@id\":\"https:\\\/\\\/repliquemangacine.fr\\\/#\\\/schema\\\/logo\\\/image\\\/\",\"url\":\"https:\\\/\\\/repliquemangacine.fr\\\/wp-content\\\/uploads\\\/2023\\\/10\\\/RMC-500250.png\",\"contentUrl\":\"https:\\\/\\\/repliquemangacine.fr\\\/wp-content\\\/uploads\\\/2023\\\/10\\\/RMC-500250.png\",\"width\":500,\"height\":250,\"caption\":\"R\u00e9plique Manga Cin\u00e9\"},\"image\":{\"@id\":\"https:\\\/\\\/repliquemangacine.fr\\\/#\\\/schema\\\/logo\\\/image\\\/\"},\"sameAs\":[\"https:\\\/\\\/www.facebook.com\\\/RepliqueMangaCine\",\"https:\\\/\\\/www.instagram.com\\\/repliquemangacine.fr\\\/\"]}]}<\/script>\n<!-- \/ Yoast SEO plugin. -->","yoast_head_json":{"title":"Fulham Roman Glaive - Antique Weapon - R\u00e9plique Manga Cin\u00e9","description":"Offer him this Fulham Roman Glaive at the best price - On display at the British Museum. Carbon steel blade - Leather and brass scabbard - Total length: 75 cm","robots":{"index":"index","follow":"follow","max-snippet":"max-snippet:-1","max-image-preview":"max-image-preview:large","max-video-preview":"max-video-preview:-1"},"canonical":"https:\/\/repliquemangacine.fr\/en\/antique-sword-swords\/fulham-roman-sword\/","og_locale":"en_US","og_type":"article","og_title":"Glaive Romain Fulham - Arme Antique - R\u00e9plique Manga Cin\u00e9","og_description":"Offrez-lui ce Glaive Romain Fulham au meilleur prix - Expos\u00e9 au British Museum. Lame acier carbone - Fourreau cuir et laiton - Longueur totale : 75 cm","og_url":"https:\/\/repliquemangacine.fr\/en\/antique-sword-swords\/fulham-roman-sword\/","og_site_name":"R\u00e9plique Manga Cin\u00e9","article_publisher":"https:\/\/www.facebook.com\/RepliqueMangaCine","article_modified_time":"2025-11-13T14:31:19+00:00","og_image":[{"width":600,"height":600,"url":"https:\/\/repliquemangacine.fr\/wp-content\/uploads\/2023\/10\/1694-Replique-Glaive-Romain-Fulham.jpg","type":"image\/jpeg"}],"twitter_card":"summary_large_image","twitter_misc":{"Est. reading time":"2 minutes"},"schema":{"@context":"https:\/\/schema.org","@graph":[{"@type":"WebPage","@id":"https:\/\/repliquemangacine.fr\/epees-glaives-antique\/glaive-romain-fulham\/","url":"https:\/\/repliquemangacine.fr\/epees-glaives-antique\/glaive-romain-fulham\/","name":"Fulham Roman Glaive - Antique Weapon - R\u00e9plique Manga Cin\u00e9","isPartOf":{"@id":"https:\/\/repliquemangacine.fr\/#website"},"primaryImageOfPage":{"@id":"https:\/\/repliquemangacine.fr\/epees-glaives-antique\/glaive-romain-fulham\/#primaryimage"},"image":{"@id":"https:\/\/repliquemangacine.fr\/epees-glaives-antique\/glaive-romain-fulham\/#primaryimage"},"thumbnailUrl":"https:\/\/repliquemangacine.fr\/wp-content\/uploads\/2023\/10\/1694-Replique-Glaive-Romain-Fulham.jpg","datePublished":"2016-10-01T14:26:16+00:00","dateModified":"2025-11-13T14:31:19+00:00","description":"Offer him this Fulham Roman Glaive at the best price - On display at the British Museum. Carbon steel blade - Leather and brass scabbard - Total length: 75 cm","breadcrumb":{"@id":"https:\/\/repliquemangacine.fr\/epees-glaives-antique\/glaive-romain-fulham\/#breadcrumb"},"inLanguage":"en-US","potentialAction":[{"@type":"ReadAction","target":["https:\/\/repliquemangacine.fr\/epees-glaives-antique\/glaive-romain-fulham\/"]}]},{"@type":"ImageObject","inLanguage":"en-US","@id":"https:\/\/repliquemangacine.fr\/epees-glaives-antique\/glaive-romain-fulham\/#primaryimage","url":"https:\/\/repliquemangacine.fr\/wp-content\/uploads\/2023\/10\/1694-Replique-Glaive-Romain-Fulham.jpg","contentUrl":"https:\/\/repliquemangacine.fr\/wp-content\/uploads\/2023\/10\/1694-Replique-Glaive-Romain-Fulham.jpg","width":600,"height":600,"caption":"R\u00e9plique Glaive Romain Fulham"},{"@type":"BreadcrumbList","@id":"https:\/\/repliquemangacine.fr\/epees-glaives-antique\/glaive-romain-fulham\/#breadcrumb","itemListElement":[{"@type":"ListItem","position":1,"name":"Accueil","item":"https:\/\/repliquemangacine.fr\/"},{"@type":"ListItem","position":2,"name":"Produits","item":"https:\/\/repliquemangacine.fr\/boutique\/"},{"@type":"ListItem","position":3,"name":"Glaive Romain Fulham"}]},{"@type":"WebSite","@id":"https:\/\/repliquemangacine.fr\/#website","url":"https:\/\/repliquemangacine.fr\/","name":"R\u00e9plique Manga Cin\u00e9","description":"","publisher":{"@id":"https:\/\/repliquemangacine.fr\/#organization"},"potentialAction":[{"@type":"SearchAction","target":{"@type":"EntryPoint","urlTemplate":"https:\/\/repliquemangacine.fr\/?s={search_term_string}"},"query-input":{"@type":"PropertyValueSpecification","valueRequired":true,"valueName":"search_term_string"}}],"inLanguage":"en-US"},{"@type":"Organization","@id":"https:\/\/repliquemangacine.fr\/#organization","name":"R\u00e9plique Manga Cin\u00e9","url":"https:\/\/repliquemangacine.fr\/","logo":{"@type":"ImageObject","inLanguage":"en-US","@id":"https:\/\/repliquemangacine.fr\/#\/schema\/logo\/image\/","url":"https:\/\/repliquemangacine.fr\/wp-content\/uploads\/2023\/10\/RMC-500250.png","contentUrl":"https:\/\/repliquemangacine.fr\/wp-content\/uploads\/2023\/10\/RMC-500250.png","width":500,"height":250,"caption":"R\u00e9plique Manga Cin\u00e9"},"image":{"@id":"https:\/\/repliquemangacine.fr\/#\/schema\/logo\/image\/"},"sameAs":["https:\/\/www.facebook.com\/RepliqueMangaCine","https:\/\/www.instagram.com\/repliquemangacine.fr\/"]}]}},"_links":{"self":[{"href":"https:\/\/repliquemangacine.fr\/en\/wp-json\/wp\/v2\/product\/25688","targetHints":{"allow":["GET"]}}],"collection":[{"href":"https:\/\/repliquemangacine.fr\/en\/wp-json\/wp\/v2\/product"}],"about":[{"href":"https:\/\/repliquemangacine.fr\/en\/wp-json\/wp\/v2\/types\/product"}],"wp:featuredmedia":[{"embeddable":true,"href":"https:\/\/repliquemangacine.fr\/en\/wp-json\/wp\/v2\/media\/25689"}],"wp:attachment":[{"href":"https:\/\/repliquemangacine.fr\/en\/wp-json\/wp\/v2\/media?parent=25688"}],"wp:term":[{"taxonomy":"product_brand","embeddable":true,"href":"https:\/\/repliquemangacine.fr\/en\/wp-json\/wp\/v2\/product_brand?post=25688"},{"taxonomy":"product_cat","embeddable":true,"href":"https:\/\/repliquemangacine.fr\/en\/wp-json\/wp\/v2\/product_cat?post=25688"},{"taxonomy":"product_tag","embeddable":true,"href":"https:\/\/repliquemangacine.fr\/en\/wp-json\/wp\/v2\/product_tag?post=25688"}],"curies":[{"name":"wp","href":"https:\/\/api.w.org\/{rel}","templated":true}]}}