





{"id":25622,"date":"2016-09-27T17:09:17","date_gmt":"2016-09-27T15:09:17","guid":{"rendered":"https:\/\/repliquemangacine.fr\/?post_type=product&#038;p=25622"},"modified":"2026-03-29T21:27:40","modified_gmt":"2026-03-29T19:27:40","slug":"harry-potter-godric-gryffindor-sword","status":"publish","type":"product","link":"https:\/\/repliquemangacine.fr\/en\/collectors-et-goodies-harry-potter\/epee-de-godric-gryffondor-harry-potter\/","title":{"rendered":"Harry Potter Gryffindor sword"},"content":{"rendered":"<h2>Godric Gryffindor's sword in Harry Potter<\/h2>\n<p>To begin with, the<strong>Gryffindor sword<\/strong> belonged to Godric Gryffindor and was made by goblins. It is one of the four Founders' Relics.<\/p>\n<p>Godric Gryffindor was one of the four founders of Hogwarts. He gave his name to one of the school's four houses. He was the most accomplished dueler of his time and a fervent supporter of the fight against discrimination against Muggles. He was the first owner of the famous <a href=\"https:\/\/harrypotter.fandom.com\/fr\/wiki\/Choixpeau_magique\" target=\"_blank\" rel=\"noopener noreferrer\">Selection<\/a> magic as well as the Sword of Gryffindor.<\/p>\n<p>It should be noted that the sword absorbed Basilisk venom in 1993 in the Chamber of Secrets, which has since given it the ability to destroy Horcruxes.<\/p>\n<h2>Your Gryffindor Sword at the best price.<\/h2>\n<p>We offer a wide selection of replicas and collectibles from the Harry Potter universe.<\/p>\n<p>First and foremost,<\/p>\n<ul>\n<li>Visit <a href=\"https:\/\/repliquemangacine.fr\/en\/character-chopsticks\/\">magic wands<\/a> Ollivander, in resin with a metal stem at its heart.<\/li>\n<li>There's also the magnificent The Noble Collection chess set.<\/li>\n<li>And Ron Weasley's Deluminator, with its power to absorb all light.<\/li>\n<li>And many more to discover in our online store!<\/li>\n<\/ul>\n<p>Here's a great gift idea for all Harry Potter fans!<\/p>\n<p>In conclusion, you can also use this <strong>Gryffindor sword<\/strong> for your cosplays or theme parties. But above all, it's a decorative collector's item.<\/p>\n<p>R\u00e9plique Manga Cin\u00e9 is a French family business.<\/p>\n<h2>How to maintain the blade of your Harry Potter sword?<\/h2>\n<p>Collector's and decorative swords are made and assembled in a simplified way. As their use is decorative, they lack the safety features required of a Japanese sword intended for training.<\/p>\n<p>However, your <strong>Gryffindor sword<\/strong> to a steel blade that needs to be cared for to avoid damage over time. In fact, when you display your katana, your friends will be curious to see and touch the blade. This is where you need to be careful, as the acidity of your fingers is very harmful to steel, whatever its quality.<\/p>\n<p>However, if this does happen, don't panic - all you need is a cloth dampened with a little oil and a wipe of fingerprints. By doing so, you'll keep your sword looking its best for a very long time.<\/p>","protected":false},"excerpt":{"rendered":"<p>Gryffindor sword in Harry Potter.<\/p>\n<ul>\n<li>Non-cutting stainless steel blade.<\/li>\n<li>Metal handle and guard with all symbols inlaid with rhinestones representing rubies.<\/li>\n<li>Wooden wall plaque with emblem.<\/li>\n<li>Blade length: 64.5 cm - Total length: 79.5 cm<\/li>\n<\/ul>","protected":false},"featured_media":25623,"template":"","meta":[],"product_brand":[896],"product_cat":[87,24,41],"product_tag":[],"class_list":{"0":"post-25622","1":"product","2":"type-product","3":"status-publish","4":"has-post-thumbnail","6":"product_brand-replique-manga-cine","7":"product_cat-collectors-et-goodies-harry-potter","8":"product_cat-films-series-tv-vente-de-katana-epee-et-produits-derives","9":"product_cat-baguettes-et-goodies-harry-potter","11":"first","12":"instock","13":"taxable","14":"shipping-taxable","15":"purchasable","16":"product-type-simple"},"yoast_head":"<!-- This site is optimized with the Yoast SEO plugin v27.5 - https:\/\/yoast.com\/product\/yoast-seo-wordpress\/ -->\n<title>Ep\u00e9e de Gryffondor - Harry Potter | R\u00e9plique Manga Cin\u00e9<\/title>\n<meta name=\"description\" content=\"Offrez-lui ! Cette Ep\u00e9e de Gryffondor dans Harry Potter au meilleur prix - Lame en acier - Garde acier d\u00e9cor\u00e9e - Support mural - Longueur : 79.5 cm\" \/>\n<meta name=\"robots\" content=\"index, follow, max-snippet:-1, max-image-preview:large, max-video-preview:-1\" \/>\n<link rel=\"canonical\" href=\"https:\/\/repliquemangacine.fr\/en\/harry-potter-collectors-and-goodies\/harry-potter-godric-gryffindor-sword\/\" \/>\n<meta property=\"og:locale\" content=\"en_US\" \/>\n<meta property=\"og:type\" content=\"article\" \/>\n<meta property=\"og:title\" content=\"Ep\u00e9e de Gryffondor - Harry Potter | R\u00e9plique Manga Cin\u00e9\" \/>\n<meta property=\"og:description\" content=\"Offrez-lui ! Cette Ep\u00e9e de Gryffondor dans Harry Potter au meilleur prix - Lame en acier - Garde acier d\u00e9cor\u00e9e - Support mural - Longueur : 79.5 cm\" \/>\n<meta property=\"og:url\" content=\"https:\/\/repliquemangacine.fr\/en\/harry-potter-collectors-and-goodies\/harry-potter-godric-gryffindor-sword\/\" \/>\n<meta property=\"og:site_name\" content=\"R\u00e9plique Manga Cin\u00e9\" \/>\n<meta property=\"article:publisher\" content=\"https:\/\/www.facebook.com\/RepliqueMangaCine\" \/>\n<meta property=\"article:modified_time\" content=\"2026-03-29T19:27:40+00:00\" \/>\n<meta property=\"og:image\" content=\"https:\/\/repliquemangacine.fr\/wp-content\/uploads\/2023\/10\/404-Epee-de-Godric-Harry-Potter.jpg\" \/>\n\t<meta property=\"og:image:width\" content=\"800\" \/>\n\t<meta property=\"og:image:height\" content=\"800\" \/>\n\t<meta property=\"og:image:type\" content=\"image\/jpeg\" \/>\n<meta name=\"twitter:card\" content=\"summary_large_image\" \/>\n<meta name=\"twitter:label1\" content=\"Est. reading time\" \/>\n\t<meta name=\"twitter:data1\" content=\"2 minutes\" \/>\n<script type=\"application\/ld+json\" class=\"yoast-schema-graph\">{\"@context\":\"https:\\\/\\\/schema.org\",\"@graph\":[{\"@type\":\"WebPage\",\"@id\":\"https:\\\/\\\/repliquemangacine.fr\\\/collectors-et-goodies-harry-potter\\\/epee-de-godric-gryffondor-harry-potter\\\/\",\"url\":\"https:\\\/\\\/repliquemangacine.fr\\\/collectors-et-goodies-harry-potter\\\/epee-de-godric-gryffondor-harry-potter\\\/\",\"name\":\"Ep\u00e9e de Gryffondor - Harry Potter | R\u00e9plique Manga Cin\u00e9\",\"isPartOf\":{\"@id\":\"https:\\\/\\\/repliquemangacine.fr\\\/#website\"},\"primaryImageOfPage\":{\"@id\":\"https:\\\/\\\/repliquemangacine.fr\\\/collectors-et-goodies-harry-potter\\\/epee-de-godric-gryffondor-harry-potter\\\/#primaryimage\"},\"image\":{\"@id\":\"https:\\\/\\\/repliquemangacine.fr\\\/collectors-et-goodies-harry-potter\\\/epee-de-godric-gryffondor-harry-potter\\\/#primaryimage\"},\"thumbnailUrl\":\"https:\\\/\\\/repliquemangacine.fr\\\/wp-content\\\/uploads\\\/2023\\\/10\\\/404-Epee-de-Godric-Harry-Potter.jpg\",\"datePublished\":\"2016-09-27T15:09:17+00:00\",\"dateModified\":\"2026-03-29T19:27:40+00:00\",\"description\":\"Offrez-lui ! Cette Ep\u00e9e de Gryffondor dans Harry Potter au meilleur prix - Lame en acier - Garde acier d\u00e9cor\u00e9e - Support mural - Longueur : 79.5 cm\",\"breadcrumb\":{\"@id\":\"https:\\\/\\\/repliquemangacine.fr\\\/collectors-et-goodies-harry-potter\\\/epee-de-godric-gryffondor-harry-potter\\\/#breadcrumb\"},\"inLanguage\":\"en-US\",\"potentialAction\":[{\"@type\":\"ReadAction\",\"target\":[\"https:\\\/\\\/repliquemangacine.fr\\\/collectors-et-goodies-harry-potter\\\/epee-de-godric-gryffondor-harry-potter\\\/\"]}]},{\"@type\":\"ImageObject\",\"inLanguage\":\"en-US\",\"@id\":\"https:\\\/\\\/repliquemangacine.fr\\\/collectors-et-goodies-harry-potter\\\/epee-de-godric-gryffondor-harry-potter\\\/#primaryimage\",\"url\":\"https:\\\/\\\/repliquemangacine.fr\\\/wp-content\\\/uploads\\\/2023\\\/10\\\/404-Epee-de-Godric-Harry-Potter.jpg\",\"contentUrl\":\"https:\\\/\\\/repliquemangacine.fr\\\/wp-content\\\/uploads\\\/2023\\\/10\\\/404-Epee-de-Godric-Harry-Potter.jpg\",\"width\":800,\"height\":800,\"caption\":\"Ep\u00e9e de Godric - Harry Potter\"},{\"@type\":\"BreadcrumbList\",\"@id\":\"https:\\\/\\\/repliquemangacine.fr\\\/collectors-et-goodies-harry-potter\\\/epee-de-godric-gryffondor-harry-potter\\\/#breadcrumb\",\"itemListElement\":[{\"@type\":\"ListItem\",\"position\":1,\"name\":\"Accueil\",\"item\":\"https:\\\/\\\/repliquemangacine.fr\\\/\"},{\"@type\":\"ListItem\",\"position\":2,\"name\":\"Produits\",\"item\":\"https:\\\/\\\/repliquemangacine.fr\\\/boutique\\\/\"},{\"@type\":\"ListItem\",\"position\":3,\"name\":\"Ep\u00e9e Gryffondor Harry Potter\"}]},{\"@type\":\"WebSite\",\"@id\":\"https:\\\/\\\/repliquemangacine.fr\\\/#website\",\"url\":\"https:\\\/\\\/repliquemangacine.fr\\\/\",\"name\":\"R\u00e9plique Manga Cin\u00e9\",\"description\":\"\",\"publisher\":{\"@id\":\"https:\\\/\\\/repliquemangacine.fr\\\/#organization\"},\"potentialAction\":[{\"@type\":\"SearchAction\",\"target\":{\"@type\":\"EntryPoint\",\"urlTemplate\":\"https:\\\/\\\/repliquemangacine.fr\\\/?s={search_term_string}\"},\"query-input\":{\"@type\":\"PropertyValueSpecification\",\"valueRequired\":true,\"valueName\":\"search_term_string\"}}],\"inLanguage\":\"en-US\"},{\"@type\":\"Organization\",\"@id\":\"https:\\\/\\\/repliquemangacine.fr\\\/#organization\",\"name\":\"R\u00e9plique Manga Cin\u00e9\",\"url\":\"https:\\\/\\\/repliquemangacine.fr\\\/\",\"logo\":{\"@type\":\"ImageObject\",\"inLanguage\":\"en-US\",\"@id\":\"https:\\\/\\\/repliquemangacine.fr\\\/#\\\/schema\\\/logo\\\/image\\\/\",\"url\":\"https:\\\/\\\/repliquemangacine.fr\\\/wp-content\\\/uploads\\\/2023\\\/10\\\/RMC-500250.png\",\"contentUrl\":\"https:\\\/\\\/repliquemangacine.fr\\\/wp-content\\\/uploads\\\/2023\\\/10\\\/RMC-500250.png\",\"width\":500,\"height\":250,\"caption\":\"R\u00e9plique Manga Cin\u00e9\"},\"image\":{\"@id\":\"https:\\\/\\\/repliquemangacine.fr\\\/#\\\/schema\\\/logo\\\/image\\\/\"},\"sameAs\":[\"https:\\\/\\\/www.facebook.com\\\/RepliqueMangaCine\",\"https:\\\/\\\/www.instagram.com\\\/repliquemangacine.fr\\\/\"]}]}<\/script>\n<!-- \/ Yoast SEO plugin. -->","yoast_head_json":{"title":"Gryffindor sword - Harry Potter | R\u00e9plique Manga Cin\u00e9","description":"Give it to her! This Gryffindor sword in Harry Potter at the best price - Steel blade - Decorated steel guard - Wall bracket - Length: 79.5 cm","robots":{"index":"index","follow":"follow","max-snippet":"max-snippet:-1","max-image-preview":"max-image-preview:large","max-video-preview":"max-video-preview:-1"},"canonical":"https:\/\/repliquemangacine.fr\/en\/harry-potter-collectors-and-goodies\/harry-potter-godric-gryffindor-sword\/","og_locale":"en_US","og_type":"article","og_title":"Ep\u00e9e de Gryffondor - Harry Potter | R\u00e9plique Manga Cin\u00e9","og_description":"Offrez-lui ! Cette Ep\u00e9e de Gryffondor dans Harry Potter au meilleur prix - Lame en acier - Garde acier d\u00e9cor\u00e9e - Support mural - Longueur : 79.5 cm","og_url":"https:\/\/repliquemangacine.fr\/en\/harry-potter-collectors-and-goodies\/harry-potter-godric-gryffindor-sword\/","og_site_name":"R\u00e9plique Manga Cin\u00e9","article_publisher":"https:\/\/www.facebook.com\/RepliqueMangaCine","article_modified_time":"2026-03-29T19:27:40+00:00","og_image":[{"width":800,"height":800,"url":"https:\/\/repliquemangacine.fr\/wp-content\/uploads\/2023\/10\/404-Epee-de-Godric-Harry-Potter.jpg","type":"image\/jpeg"}],"twitter_card":"summary_large_image","twitter_misc":{"Est. reading time":"2 minutes"},"schema":{"@context":"https:\/\/schema.org","@graph":[{"@type":"WebPage","@id":"https:\/\/repliquemangacine.fr\/collectors-et-goodies-harry-potter\/epee-de-godric-gryffondor-harry-potter\/","url":"https:\/\/repliquemangacine.fr\/collectors-et-goodies-harry-potter\/epee-de-godric-gryffondor-harry-potter\/","name":"Gryffindor sword - Harry Potter | R\u00e9plique Manga Cin\u00e9","isPartOf":{"@id":"https:\/\/repliquemangacine.fr\/#website"},"primaryImageOfPage":{"@id":"https:\/\/repliquemangacine.fr\/collectors-et-goodies-harry-potter\/epee-de-godric-gryffondor-harry-potter\/#primaryimage"},"image":{"@id":"https:\/\/repliquemangacine.fr\/collectors-et-goodies-harry-potter\/epee-de-godric-gryffondor-harry-potter\/#primaryimage"},"thumbnailUrl":"https:\/\/repliquemangacine.fr\/wp-content\/uploads\/2023\/10\/404-Epee-de-Godric-Harry-Potter.jpg","datePublished":"2016-09-27T15:09:17+00:00","dateModified":"2026-03-29T19:27:40+00:00","description":"Give it to her! This Gryffindor sword in Harry Potter at the best price - Steel blade - Decorated steel guard - Wall bracket - Length: 79.5 cm","breadcrumb":{"@id":"https:\/\/repliquemangacine.fr\/collectors-et-goodies-harry-potter\/epee-de-godric-gryffondor-harry-potter\/#breadcrumb"},"inLanguage":"en-US","potentialAction":[{"@type":"ReadAction","target":["https:\/\/repliquemangacine.fr\/collectors-et-goodies-harry-potter\/epee-de-godric-gryffondor-harry-potter\/"]}]},{"@type":"ImageObject","inLanguage":"en-US","@id":"https:\/\/repliquemangacine.fr\/collectors-et-goodies-harry-potter\/epee-de-godric-gryffondor-harry-potter\/#primaryimage","url":"https:\/\/repliquemangacine.fr\/wp-content\/uploads\/2023\/10\/404-Epee-de-Godric-Harry-Potter.jpg","contentUrl":"https:\/\/repliquemangacine.fr\/wp-content\/uploads\/2023\/10\/404-Epee-de-Godric-Harry-Potter.jpg","width":800,"height":800,"caption":"Ep\u00e9e de Godric - Harry Potter"},{"@type":"BreadcrumbList","@id":"https:\/\/repliquemangacine.fr\/collectors-et-goodies-harry-potter\/epee-de-godric-gryffondor-harry-potter\/#breadcrumb","itemListElement":[{"@type":"ListItem","position":1,"name":"Accueil","item":"https:\/\/repliquemangacine.fr\/"},{"@type":"ListItem","position":2,"name":"Produits","item":"https:\/\/repliquemangacine.fr\/boutique\/"},{"@type":"ListItem","position":3,"name":"Ep\u00e9e Gryffondor Harry Potter"}]},{"@type":"WebSite","@id":"https:\/\/repliquemangacine.fr\/#website","url":"https:\/\/repliquemangacine.fr\/","name":"R\u00e9plique Manga Cin\u00e9","description":"","publisher":{"@id":"https:\/\/repliquemangacine.fr\/#organization"},"potentialAction":[{"@type":"SearchAction","target":{"@type":"EntryPoint","urlTemplate":"https:\/\/repliquemangacine.fr\/?s={search_term_string}"},"query-input":{"@type":"PropertyValueSpecification","valueRequired":true,"valueName":"search_term_string"}}],"inLanguage":"en-US"},{"@type":"Organization","@id":"https:\/\/repliquemangacine.fr\/#organization","name":"R\u00e9plique Manga Cin\u00e9","url":"https:\/\/repliquemangacine.fr\/","logo":{"@type":"ImageObject","inLanguage":"en-US","@id":"https:\/\/repliquemangacine.fr\/#\/schema\/logo\/image\/","url":"https:\/\/repliquemangacine.fr\/wp-content\/uploads\/2023\/10\/RMC-500250.png","contentUrl":"https:\/\/repliquemangacine.fr\/wp-content\/uploads\/2023\/10\/RMC-500250.png","width":500,"height":250,"caption":"R\u00e9plique Manga Cin\u00e9"},"image":{"@id":"https:\/\/repliquemangacine.fr\/#\/schema\/logo\/image\/"},"sameAs":["https:\/\/www.facebook.com\/RepliqueMangaCine","https:\/\/www.instagram.com\/repliquemangacine.fr\/"]}]}},"_links":{"self":[{"href":"https:\/\/repliquemangacine.fr\/en\/wp-json\/wp\/v2\/product\/25622","targetHints":{"allow":["GET"]}}],"collection":[{"href":"https:\/\/repliquemangacine.fr\/en\/wp-json\/wp\/v2\/product"}],"about":[{"href":"https:\/\/repliquemangacine.fr\/en\/wp-json\/wp\/v2\/types\/product"}],"wp:featuredmedia":[{"embeddable":true,"href":"https:\/\/repliquemangacine.fr\/en\/wp-json\/wp\/v2\/media\/25623"}],"wp:attachment":[{"href":"https:\/\/repliquemangacine.fr\/en\/wp-json\/wp\/v2\/media?parent=25622"}],"wp:term":[{"taxonomy":"product_brand","embeddable":true,"href":"https:\/\/repliquemangacine.fr\/en\/wp-json\/wp\/v2\/product_brand?post=25622"},{"taxonomy":"product_cat","embeddable":true,"href":"https:\/\/repliquemangacine.fr\/en\/wp-json\/wp\/v2\/product_cat?post=25622"},{"taxonomy":"product_tag","embeddable":true,"href":"https:\/\/repliquemangacine.fr\/en\/wp-json\/wp\/v2\/product_tag?post=25622"}],"curies":[{"name":"wp","href":"https:\/\/api.w.org\/{rel}","templated":true}]}}