





{"id":25607,"date":"2016-09-21T17:03:00","date_gmt":"2016-09-21T15:03:00","guid":{"rendered":"https:\/\/repliquemangacine.fr\/?post_type=product&#038;p=25607"},"modified":"2026-04-28T20:39:20","modified_gmt":"2026-04-28T18:39:20","slug":"epee-arwen-sabre-hadhafang","status":"publish","type":"product","link":"https:\/\/repliquemangacine.fr\/en\/epees-seigneur-des-anneaux\/epee-arwen-sabre-hadhafang\/","title":{"rendered":"Arwen Hadhafang sword"},"content":{"rendered":"<h2>Arwen Hadhafang sword in The Lord of the Rings<\/h2>\n<p>To begin with, the<strong>Arwen Hadhafang sword<\/strong> is faithful to the original, exactly the same as seen in the trilogy.<\/p>\n<p>Arwen Daughter of Elrond the Half-Elf and granddaughter of Galadriel. Aragorn falls in love with her when they first meet at Rivendell. She chooses to give up her Elven immortality to marry her beloved, the mortal Aragorn, thus becoming queen of Elves and Men in Middle-earth. Arwen gave Aragorn a son, Eldarion, who reigned in her footsteps.<\/p>\n<p>She is played by Liv Tyler in Peter Jackson's films. Her role is much more important than in the book.<\/p>\n<p>It is she, not Glorfindel, absent from the adaptation, who comes to save Frodo after the attack on Mount Venteux. What's more, her romance with Aragorn features prominently in the trilogy.<\/p>\n<h2>Your Arwen Hadhafang sword at the best price.<\/h2>\n<p>We offer a wide selection of replica Lord of the Rings swords, the universe of <a href=\"https:\/\/www.tolkiendil.com\/tolkien\/biographie\" target=\"_blank\" rel=\"noopener noreferrer\">Tolkien<\/a>.<\/p>\n<p>First and foremost,<\/p>\n<ul>\n<li>L'<a href=\"https:\/\/repliquemangacine.fr\/en\/lord-of-the-rings-swords\/gandalf-sword-glamdring-the-lord-of-the-rings\/\">Gandalf's sword<\/a>the white magician.<\/li>\n<li>As well as <a href=\"https:\/\/repliquemangacine.fr\/en\/lord-of-the-rings-swords\/sabre-legolas-le-seigneur-des-anneaux\/\">Legolas' swords<\/a>so useful in the quest for the ring.<\/li>\n<li>And many more to discover in our online store.<\/li>\n<\/ul>\n<p>So here's a great gift idea for fans of The Lord of the Rings trilogy.<\/p>\n<p>In conclusion, you can also use the\u2019<strong>Arwen Hadhafang sword<\/strong> in your theme parties, or your Cosplays challenges at conventions. But above all, Arwen's sword is a collector's item and a decoration.<\/p>\n<p>R\u00e9plique Manga Cin\u00e9 is a French family business.<\/p>\n<h2>How to maintain the blade of your Lord of the Rings sword?<\/h2>\n<p>Collector's and decorative swords are made and assembled in a simplified way. As their use is decorative, they lack the safety features required of a Japanese sword intended for training.<\/p>\n<p>However, your <strong>Arwen Hadhafang sword<\/strong> to a steel blade that needs to be cared for to avoid damage over time. In fact, when you display your katana, your friends will be curious to see and touch the blade. This is where you need to be careful, as the acidity of your fingers is very harmful to steel, whatever its quality.<\/p>\n<p>However, if this does happen, don't panic - all you need is a cloth dampened with a little oil and a wipe of fingerprints. By doing so, you'll keep your sword looking its best for a very long time.<\/p>\n<p>&nbsp;<\/p>\n<p>&nbsp;<\/p>","protected":false},"excerpt":{"rendered":"<p>Arwen is an Elf, daughter of Elrond.  Arwen uses her sword to fight the Nazg\u00fbls and protect Frodo Baggins.<\/p>\n<ul>\n<li>Steel blade with elven engravings.<\/li>\n<li>Painted ABS imitation wood handle.<\/li>\n<li>Wooden display stand.<\/li>\n<li>Blade length: 76 cm - Total length: 97 cm<\/li>\n<\/ul>\n<p>&nbsp;<\/p>","protected":false},"featured_media":25608,"template":"","meta":[],"product_brand":[896],"product_cat":[68,24,29],"product_tag":[],"class_list":{"0":"post-25607","1":"product","2":"type-product","3":"status-publish","4":"has-post-thumbnail","6":"product_brand-replique-manga-cine","7":"product_cat-epees-seigneur-des-anneaux","8":"product_cat-films-series-tv-vente-de-katana-epee-et-produits-derives","9":"product_cat-le-seigneur-des-anneaux","11":"first","12":"instock","13":"taxable","14":"shipping-taxable","15":"purchasable","16":"product-type-simple"},"yoast_head":"<!-- This site is optimized with the Yoast SEO plugin v27.5 - https:\/\/yoast.com\/product\/yoast-seo-wordpress\/ -->\n<title>Ep\u00e9e Arwen Hadhafang - R\u00e9pliques Seigneur des Anneaux | RMC<\/title>\n<meta name=\"description\" content=\"Offrez-vous l&#039;Ep\u00e9e Arwen Hadhafang dans Le Seigneur des Anneaux pas ch\u00e8re. Lame acier - Gravure Elfique - Support - Longueur : 947 cm - Envoi 24\/48h\" \/>\n<meta name=\"robots\" content=\"index, follow, max-snippet:-1, max-image-preview:large, max-video-preview:-1\" \/>\n<link rel=\"canonical\" href=\"https:\/\/repliquemangacine.fr\/en\/lord-of-the-rings-swords\/epee-arwen-sabre-hadhafang\/\" \/>\n<meta property=\"og:locale\" content=\"en_US\" \/>\n<meta property=\"og:type\" content=\"article\" \/>\n<meta property=\"og:title\" content=\"Ep\u00e9e Arwen Hadhafang - R\u00e9pliques Seigneur des Anneaux | RMC\" \/>\n<meta property=\"og:description\" content=\"Offrez-vous l&#039;Ep\u00e9e Arwen Hadhafang dans Le Seigneur des Anneaux pas ch\u00e8re. Lame acier - Gravure Elfique - Support - Longueur : 947 cm - Envoi 24\/48h\" \/>\n<meta property=\"og:url\" content=\"https:\/\/repliquemangacine.fr\/en\/lord-of-the-rings-swords\/epee-arwen-sabre-hadhafang\/\" \/>\n<meta property=\"og:site_name\" content=\"R\u00e9plique Manga Cin\u00e9\" \/>\n<meta property=\"article:publisher\" content=\"https:\/\/www.facebook.com\/RepliqueMangaCine\" \/>\n<meta property=\"article:modified_time\" content=\"2026-04-28T18:39:20+00:00\" \/>\n<meta property=\"og:image\" content=\"https:\/\/repliquemangacine.fr\/wp-content\/uploads\/2023\/10\/sabre-arwen.jpg\" \/>\n\t<meta property=\"og:image:width\" content=\"500\" \/>\n\t<meta property=\"og:image:height\" content=\"500\" \/>\n\t<meta property=\"og:image:type\" content=\"image\/jpeg\" \/>\n<meta name=\"twitter:card\" content=\"summary_large_image\" \/>\n<meta name=\"twitter:label1\" content=\"Est. reading time\" \/>\n\t<meta name=\"twitter:data1\" content=\"3 minutes\" \/>\n<script type=\"application\/ld+json\" class=\"yoast-schema-graph\">{\"@context\":\"https:\\\/\\\/schema.org\",\"@graph\":[{\"@type\":\"WebPage\",\"@id\":\"https:\\\/\\\/repliquemangacine.fr\\\/epees-seigneur-des-anneaux\\\/epee-arwen-sabre-hadhafang\\\/\",\"url\":\"https:\\\/\\\/repliquemangacine.fr\\\/epees-seigneur-des-anneaux\\\/epee-arwen-sabre-hadhafang\\\/\",\"name\":\"Ep\u00e9e Arwen Hadhafang - R\u00e9pliques Seigneur des Anneaux | RMC\",\"isPartOf\":{\"@id\":\"https:\\\/\\\/repliquemangacine.fr\\\/#website\"},\"primaryImageOfPage\":{\"@id\":\"https:\\\/\\\/repliquemangacine.fr\\\/epees-seigneur-des-anneaux\\\/epee-arwen-sabre-hadhafang\\\/#primaryimage\"},\"image\":{\"@id\":\"https:\\\/\\\/repliquemangacine.fr\\\/epees-seigneur-des-anneaux\\\/epee-arwen-sabre-hadhafang\\\/#primaryimage\"},\"thumbnailUrl\":\"https:\\\/\\\/repliquemangacine.fr\\\/wp-content\\\/uploads\\\/2023\\\/10\\\/sabre-arwen.jpg\",\"datePublished\":\"2016-09-21T15:03:00+00:00\",\"dateModified\":\"2026-04-28T18:39:20+00:00\",\"description\":\"Offrez-vous l'Ep\u00e9e Arwen Hadhafang dans Le Seigneur des Anneaux pas ch\u00e8re. Lame acier - Gravure Elfique - Support - Longueur : 947 cm - Envoi 24\\\/48h\",\"breadcrumb\":{\"@id\":\"https:\\\/\\\/repliquemangacine.fr\\\/epees-seigneur-des-anneaux\\\/epee-arwen-sabre-hadhafang\\\/#breadcrumb\"},\"inLanguage\":\"en-US\",\"potentialAction\":[{\"@type\":\"ReadAction\",\"target\":[\"https:\\\/\\\/repliquemangacine.fr\\\/epees-seigneur-des-anneaux\\\/epee-arwen-sabre-hadhafang\\\/\"]}]},{\"@type\":\"ImageObject\",\"inLanguage\":\"en-US\",\"@id\":\"https:\\\/\\\/repliquemangacine.fr\\\/epees-seigneur-des-anneaux\\\/epee-arwen-sabre-hadhafang\\\/#primaryimage\",\"url\":\"https:\\\/\\\/repliquemangacine.fr\\\/wp-content\\\/uploads\\\/2023\\\/10\\\/sabre-arwen.jpg\",\"contentUrl\":\"https:\\\/\\\/repliquemangacine.fr\\\/wp-content\\\/uploads\\\/2023\\\/10\\\/sabre-arwen.jpg\",\"width\":500,\"height\":500,\"caption\":\"Ep\u00e9e Arwen Hadhafang\"},{\"@type\":\"BreadcrumbList\",\"@id\":\"https:\\\/\\\/repliquemangacine.fr\\\/epees-seigneur-des-anneaux\\\/epee-arwen-sabre-hadhafang\\\/#breadcrumb\",\"itemListElement\":[{\"@type\":\"ListItem\",\"position\":1,\"name\":\"Accueil\",\"item\":\"https:\\\/\\\/repliquemangacine.fr\\\/\"},{\"@type\":\"ListItem\",\"position\":2,\"name\":\"Produits\",\"item\":\"https:\\\/\\\/repliquemangacine.fr\\\/boutique\\\/\"},{\"@type\":\"ListItem\",\"position\":3,\"name\":\"Ep\u00e9e Arwen Hadhafang\"}]},{\"@type\":\"WebSite\",\"@id\":\"https:\\\/\\\/repliquemangacine.fr\\\/#website\",\"url\":\"https:\\\/\\\/repliquemangacine.fr\\\/\",\"name\":\"R\u00e9plique Manga Cin\u00e9\",\"description\":\"\",\"publisher\":{\"@id\":\"https:\\\/\\\/repliquemangacine.fr\\\/#organization\"},\"potentialAction\":[{\"@type\":\"SearchAction\",\"target\":{\"@type\":\"EntryPoint\",\"urlTemplate\":\"https:\\\/\\\/repliquemangacine.fr\\\/?s={search_term_string}\"},\"query-input\":{\"@type\":\"PropertyValueSpecification\",\"valueRequired\":true,\"valueName\":\"search_term_string\"}}],\"inLanguage\":\"en-US\"},{\"@type\":\"Organization\",\"@id\":\"https:\\\/\\\/repliquemangacine.fr\\\/#organization\",\"name\":\"R\u00e9plique Manga Cin\u00e9\",\"url\":\"https:\\\/\\\/repliquemangacine.fr\\\/\",\"logo\":{\"@type\":\"ImageObject\",\"inLanguage\":\"en-US\",\"@id\":\"https:\\\/\\\/repliquemangacine.fr\\\/#\\\/schema\\\/logo\\\/image\\\/\",\"url\":\"https:\\\/\\\/repliquemangacine.fr\\\/wp-content\\\/uploads\\\/2023\\\/10\\\/RMC-500250.png\",\"contentUrl\":\"https:\\\/\\\/repliquemangacine.fr\\\/wp-content\\\/uploads\\\/2023\\\/10\\\/RMC-500250.png\",\"width\":500,\"height\":250,\"caption\":\"R\u00e9plique Manga Cin\u00e9\"},\"image\":{\"@id\":\"https:\\\/\\\/repliquemangacine.fr\\\/#\\\/schema\\\/logo\\\/image\\\/\"},\"sameAs\":[\"https:\\\/\\\/www.facebook.com\\\/RepliqueMangaCine\",\"https:\\\/\\\/www.instagram.com\\\/repliquemangacine.fr\\\/\"]}]}<\/script>\n<!-- \/ Yoast SEO plugin. -->","yoast_head_json":{"title":"Sword Arwen Hadhafang - Lord of the Rings replicas | RMC","description":"Treat yourself to the Arwen Hadhafang Sword in The Lord of the Rings. Steel blade - Elven engraving - Stand - Length: 947 cm - Shipment 24\/48h","robots":{"index":"index","follow":"follow","max-snippet":"max-snippet:-1","max-image-preview":"max-image-preview:large","max-video-preview":"max-video-preview:-1"},"canonical":"https:\/\/repliquemangacine.fr\/en\/lord-of-the-rings-swords\/epee-arwen-sabre-hadhafang\/","og_locale":"en_US","og_type":"article","og_title":"Ep\u00e9e Arwen Hadhafang - R\u00e9pliques Seigneur des Anneaux | RMC","og_description":"Offrez-vous l'Ep\u00e9e Arwen Hadhafang dans Le Seigneur des Anneaux pas ch\u00e8re. Lame acier - Gravure Elfique - Support - Longueur : 947 cm - Envoi 24\/48h","og_url":"https:\/\/repliquemangacine.fr\/en\/lord-of-the-rings-swords\/epee-arwen-sabre-hadhafang\/","og_site_name":"R\u00e9plique Manga Cin\u00e9","article_publisher":"https:\/\/www.facebook.com\/RepliqueMangaCine","article_modified_time":"2026-04-28T18:39:20+00:00","og_image":[{"width":500,"height":500,"url":"https:\/\/repliquemangacine.fr\/wp-content\/uploads\/2023\/10\/sabre-arwen.jpg","type":"image\/jpeg"}],"twitter_card":"summary_large_image","twitter_misc":{"Est. reading time":"3 minutes"},"schema":{"@context":"https:\/\/schema.org","@graph":[{"@type":"WebPage","@id":"https:\/\/repliquemangacine.fr\/epees-seigneur-des-anneaux\/epee-arwen-sabre-hadhafang\/","url":"https:\/\/repliquemangacine.fr\/epees-seigneur-des-anneaux\/epee-arwen-sabre-hadhafang\/","name":"Sword Arwen Hadhafang - Lord of the Rings replicas | RMC","isPartOf":{"@id":"https:\/\/repliquemangacine.fr\/#website"},"primaryImageOfPage":{"@id":"https:\/\/repliquemangacine.fr\/epees-seigneur-des-anneaux\/epee-arwen-sabre-hadhafang\/#primaryimage"},"image":{"@id":"https:\/\/repliquemangacine.fr\/epees-seigneur-des-anneaux\/epee-arwen-sabre-hadhafang\/#primaryimage"},"thumbnailUrl":"https:\/\/repliquemangacine.fr\/wp-content\/uploads\/2023\/10\/sabre-arwen.jpg","datePublished":"2016-09-21T15:03:00+00:00","dateModified":"2026-04-28T18:39:20+00:00","description":"Treat yourself to the Arwen Hadhafang Sword in The Lord of the Rings. Steel blade - Elven engraving - Stand - Length: 947 cm - Shipment 24\/48h","breadcrumb":{"@id":"https:\/\/repliquemangacine.fr\/epees-seigneur-des-anneaux\/epee-arwen-sabre-hadhafang\/#breadcrumb"},"inLanguage":"en-US","potentialAction":[{"@type":"ReadAction","target":["https:\/\/repliquemangacine.fr\/epees-seigneur-des-anneaux\/epee-arwen-sabre-hadhafang\/"]}]},{"@type":"ImageObject","inLanguage":"en-US","@id":"https:\/\/repliquemangacine.fr\/epees-seigneur-des-anneaux\/epee-arwen-sabre-hadhafang\/#primaryimage","url":"https:\/\/repliquemangacine.fr\/wp-content\/uploads\/2023\/10\/sabre-arwen.jpg","contentUrl":"https:\/\/repliquemangacine.fr\/wp-content\/uploads\/2023\/10\/sabre-arwen.jpg","width":500,"height":500,"caption":"Ep\u00e9e Arwen Hadhafang"},{"@type":"BreadcrumbList","@id":"https:\/\/repliquemangacine.fr\/epees-seigneur-des-anneaux\/epee-arwen-sabre-hadhafang\/#breadcrumb","itemListElement":[{"@type":"ListItem","position":1,"name":"Accueil","item":"https:\/\/repliquemangacine.fr\/"},{"@type":"ListItem","position":2,"name":"Produits","item":"https:\/\/repliquemangacine.fr\/boutique\/"},{"@type":"ListItem","position":3,"name":"Ep\u00e9e Arwen Hadhafang"}]},{"@type":"WebSite","@id":"https:\/\/repliquemangacine.fr\/#website","url":"https:\/\/repliquemangacine.fr\/","name":"R\u00e9plique Manga Cin\u00e9","description":"","publisher":{"@id":"https:\/\/repliquemangacine.fr\/#organization"},"potentialAction":[{"@type":"SearchAction","target":{"@type":"EntryPoint","urlTemplate":"https:\/\/repliquemangacine.fr\/?s={search_term_string}"},"query-input":{"@type":"PropertyValueSpecification","valueRequired":true,"valueName":"search_term_string"}}],"inLanguage":"en-US"},{"@type":"Organization","@id":"https:\/\/repliquemangacine.fr\/#organization","name":"R\u00e9plique Manga Cin\u00e9","url":"https:\/\/repliquemangacine.fr\/","logo":{"@type":"ImageObject","inLanguage":"en-US","@id":"https:\/\/repliquemangacine.fr\/#\/schema\/logo\/image\/","url":"https:\/\/repliquemangacine.fr\/wp-content\/uploads\/2023\/10\/RMC-500250.png","contentUrl":"https:\/\/repliquemangacine.fr\/wp-content\/uploads\/2023\/10\/RMC-500250.png","width":500,"height":250,"caption":"R\u00e9plique Manga Cin\u00e9"},"image":{"@id":"https:\/\/repliquemangacine.fr\/#\/schema\/logo\/image\/"},"sameAs":["https:\/\/www.facebook.com\/RepliqueMangaCine","https:\/\/www.instagram.com\/repliquemangacine.fr\/"]}]}},"_links":{"self":[{"href":"https:\/\/repliquemangacine.fr\/en\/wp-json\/wp\/v2\/product\/25607","targetHints":{"allow":["GET"]}}],"collection":[{"href":"https:\/\/repliquemangacine.fr\/en\/wp-json\/wp\/v2\/product"}],"about":[{"href":"https:\/\/repliquemangacine.fr\/en\/wp-json\/wp\/v2\/types\/product"}],"wp:featuredmedia":[{"embeddable":true,"href":"https:\/\/repliquemangacine.fr\/en\/wp-json\/wp\/v2\/media\/25608"}],"wp:attachment":[{"href":"https:\/\/repliquemangacine.fr\/en\/wp-json\/wp\/v2\/media?parent=25607"}],"wp:term":[{"taxonomy":"product_brand","embeddable":true,"href":"https:\/\/repliquemangacine.fr\/en\/wp-json\/wp\/v2\/product_brand?post=25607"},{"taxonomy":"product_cat","embeddable":true,"href":"https:\/\/repliquemangacine.fr\/en\/wp-json\/wp\/v2\/product_cat?post=25607"},{"taxonomy":"product_tag","embeddable":true,"href":"https:\/\/repliquemangacine.fr\/en\/wp-json\/wp\/v2\/product_tag?post=25607"}],"curies":[{"name":"wp","href":"https:\/\/api.w.org\/{rel}","templated":true}]}}