





{"id":25573,"date":"2016-09-21T11:31:31","date_gmt":"2016-09-21T09:31:31","guid":{"rendered":"https:\/\/repliquemangacine.fr\/?post_type=product&#038;p=25573"},"modified":"2026-04-02T22:51:37","modified_gmt":"2026-04-02T20:51:37","slug":"theoden-sword-herugrim-sword","status":"publish","type":"product","link":"https:\/\/repliquemangacine.fr\/en\/epees-seigneur-des-anneaux\/epee-de-theoden-epee-herugrim\/","title":{"rendered":"Theoden Herugrim's sword"},"content":{"rendered":"<h2>Theoden Herugrim's Lord of the Rings sword.<\/h2>\n<p>To begin with, the<strong>Theoden Herugrim's sword<\/strong> is the exact replica of The Lord of the Rings trilogy.<\/p>\n<p>Th\u00e9oden, King of Rohan, weakened by the death of his only son Th\u00e9odred and by Saruman's sorcery, aided by his advisor Gr\u00edma Wormtongue. Gandalf frees him from these influences. He then fights Saruman's forces to save his kingdom.<\/p>\n<p>At the Battle of the Pelennor Fields, he kills the Haradrim chieftain, then dies crushed by his horse Snawmana, struck down by the Witch-King of Angmar. To protect her uncle's body, \u00c9owyn manages the legendary feat of destroying the Nazg\u00fbl with the help of Meriadoc Brandebouc.<\/p>\n<h2>Your Sword of Theoden Herugrim at the best price.<\/h2>\n<p>We offer you all the Lord of the Rings replicas.<\/p>\n<p>Enter the world of <a href=\"https:\/\/www.tolkiendil.com\/tolkien\/biographie\" target=\"_blank\" rel=\"noopener noreferrer\">Tolkien<\/a> with his lines, first of all,<\/p>\n<ul>\n<li>L'<a href=\"https:\/\/repliquemangacine.fr\/en\/the-lord-of-the-rings\/narsil-epee-delendil\/\">Elendil Narsil's sword<\/a>reforged after being broken and named Anduril.<\/li>\n<li>As well as the<a href=\"https:\/\/repliquemangacine.fr\/en\/lord-of-the-rings-swords\/boromirs-sword\/\">Boromir's sword<\/a> sober and elegant.<\/li>\n<li>There is also the magnificent <a href=\"https:\/\/repliquemangacine.fr\/en\/lord-of-the-rings-swords\/dague-aragorn-poignard-elfique-elven-knife-daragorn\/\">Aragorn's Elven dagger<\/a> with its superb presentation stand.<\/li>\n<li>And much more to discover in our online store!<\/li>\n<\/ul>\n<p>So here's a great gift idea for fans of The Lord of the Rings trilogy.<\/p>\n<p>To conclude, you can also use the<strong>Theoden Herugrim's sword<\/strong> in your Cosplays challenges at conventions. But above all, it's a collector's item and a decoration.<\/p>\n<h2>How do you maintain the blade of your Lord of the Rings sword?<\/h2>\n<p>Collector's and decorative swords are made and assembled in a simplified way. As their use is decorative, they lack the safety features required of a Japanese sword intended for training.<\/p>\n<p>However, your <strong>Theoden Herugrim's sword<\/strong> to a steel blade that needs to be cared for to avoid damage over time. In fact, when you display your katana, your friends will be curious to see and touch the blade. This is where you need to be careful, as the acidity of your fingers is very harmful to steel, whatever its quality.<\/p>\n<p>However, if this does happen, don't panic - all you need is a cloth dampened with a little oil and a wipe of fingerprints. By doing so, you'll keep your sword looking its best for a very long time.<\/p>","protected":false},"excerpt":{"rendered":"<p>Herugrim is the name of Th\u00e9oden's sword, King of Rohan, in the Lord of the Rings trilogy.<\/p>\n<ul>\n<li>Steel blade with groove.<\/li>\n<li>Guarding the symbolic shape of Rohan.<\/li>\n<li>Imitation wood handle.<\/li>\n<li>Wall bracket with Rohan symbol.<\/li>\n<li>Blade length: 75 cm - Total length: 98 cm<\/li>\n<\/ul>","protected":false},"featured_media":25574,"template":"","meta":[],"product_brand":[896],"product_cat":[68,24,29],"product_tag":[],"class_list":{"0":"post-25573","1":"product","2":"type-product","3":"status-publish","4":"has-post-thumbnail","6":"product_brand-replique-manga-cine","7":"product_cat-epees-seigneur-des-anneaux","8":"product_cat-films-series-tv-vente-de-katana-epee-et-produits-derives","9":"product_cat-le-seigneur-des-anneaux","11":"first","12":"instock","13":"taxable","14":"shipping-taxable","15":"purchasable","16":"product-type-simple"},"yoast_head":"<!-- This site is optimized with the Yoast SEO plugin v27.5 - https:\/\/yoast.com\/product\/yoast-seo-wordpress\/ -->\n<title>Ep\u00e9e de Th\u00e9oden Herugrim - Ep\u00e9es Seigneur des Anneaux | RMC<\/title>\n<meta name=\"description\" content=\"Superbe r\u00e9plique de l&#039;Ep\u00e9e de Th\u00e9oden Herugrim dans le Seigneur des Anneaux pas cher. Lame acier 440 - Garde m\u00e9tal - Longueur : 98 cm - Envoi 24\/48h\" \/>\n<meta name=\"robots\" content=\"index, follow, max-snippet:-1, max-image-preview:large, max-video-preview:-1\" \/>\n<link rel=\"canonical\" href=\"https:\/\/repliquemangacine.fr\/en\/lord-of-the-rings-swords\/theoden-sword-herugrim-sword\/\" \/>\n<meta property=\"og:locale\" content=\"en_US\" \/>\n<meta property=\"og:type\" content=\"article\" \/>\n<meta property=\"og:title\" content=\"Ep\u00e9e de Th\u00e9oden Herugrim - Ep\u00e9es Seigneur des Anneaux | RMC\" \/>\n<meta property=\"og:description\" content=\"Superbe r\u00e9plique de l&#039;Ep\u00e9e de Th\u00e9oden Herugrim dans le Seigneur des Anneaux pas cher. Lame acier 440 - Garde m\u00e9tal - Longueur : 98 cm - Envoi 24\/48h\" \/>\n<meta property=\"og:url\" content=\"https:\/\/repliquemangacine.fr\/en\/lord-of-the-rings-swords\/theoden-sword-herugrim-sword\/\" \/>\n<meta property=\"og:site_name\" content=\"R\u00e9plique Manga Cin\u00e9\" \/>\n<meta property=\"article:publisher\" content=\"https:\/\/www.facebook.com\/RepliqueMangaCine\" \/>\n<meta property=\"article:modified_time\" content=\"2026-04-02T20:51:37+00:00\" \/>\n<meta property=\"og:image\" content=\"https:\/\/repliquemangacine.fr\/wp-content\/uploads\/2023\/10\/epee-theoden.jpg\" \/>\n\t<meta property=\"og:image:width\" content=\"500\" \/>\n\t<meta property=\"og:image:height\" content=\"500\" \/>\n\t<meta property=\"og:image:type\" content=\"image\/jpeg\" \/>\n<meta name=\"twitter:card\" content=\"summary_large_image\" \/>\n<meta name=\"twitter:label1\" content=\"Est. reading time\" \/>\n\t<meta name=\"twitter:data1\" content=\"3 minutes\" \/>\n<script type=\"application\/ld+json\" class=\"yoast-schema-graph\">{\"@context\":\"https:\\\/\\\/schema.org\",\"@graph\":[{\"@type\":\"WebPage\",\"@id\":\"https:\\\/\\\/repliquemangacine.fr\\\/epees-seigneur-des-anneaux\\\/epee-de-theoden-epee-herugrim\\\/\",\"url\":\"https:\\\/\\\/repliquemangacine.fr\\\/epees-seigneur-des-anneaux\\\/epee-de-theoden-epee-herugrim\\\/\",\"name\":\"Ep\u00e9e de Th\u00e9oden Herugrim - Ep\u00e9es Seigneur des Anneaux | RMC\",\"isPartOf\":{\"@id\":\"https:\\\/\\\/repliquemangacine.fr\\\/#website\"},\"primaryImageOfPage\":{\"@id\":\"https:\\\/\\\/repliquemangacine.fr\\\/epees-seigneur-des-anneaux\\\/epee-de-theoden-epee-herugrim\\\/#primaryimage\"},\"image\":{\"@id\":\"https:\\\/\\\/repliquemangacine.fr\\\/epees-seigneur-des-anneaux\\\/epee-de-theoden-epee-herugrim\\\/#primaryimage\"},\"thumbnailUrl\":\"https:\\\/\\\/repliquemangacine.fr\\\/wp-content\\\/uploads\\\/2023\\\/10\\\/epee-theoden.jpg\",\"datePublished\":\"2016-09-21T09:31:31+00:00\",\"dateModified\":\"2026-04-02T20:51:37+00:00\",\"description\":\"Superbe r\u00e9plique de l'Ep\u00e9e de Th\u00e9oden Herugrim dans le Seigneur des Anneaux pas cher. Lame acier 440 - Garde m\u00e9tal - Longueur : 98 cm - Envoi 24\\\/48h\",\"breadcrumb\":{\"@id\":\"https:\\\/\\\/repliquemangacine.fr\\\/epees-seigneur-des-anneaux\\\/epee-de-theoden-epee-herugrim\\\/#breadcrumb\"},\"inLanguage\":\"en-US\",\"potentialAction\":[{\"@type\":\"ReadAction\",\"target\":[\"https:\\\/\\\/repliquemangacine.fr\\\/epees-seigneur-des-anneaux\\\/epee-de-theoden-epee-herugrim\\\/\"]}]},{\"@type\":\"ImageObject\",\"inLanguage\":\"en-US\",\"@id\":\"https:\\\/\\\/repliquemangacine.fr\\\/epees-seigneur-des-anneaux\\\/epee-de-theoden-epee-herugrim\\\/#primaryimage\",\"url\":\"https:\\\/\\\/repliquemangacine.fr\\\/wp-content\\\/uploads\\\/2023\\\/10\\\/epee-theoden.jpg\",\"contentUrl\":\"https:\\\/\\\/repliquemangacine.fr\\\/wp-content\\\/uploads\\\/2023\\\/10\\\/epee-theoden.jpg\",\"width\":500,\"height\":500,\"caption\":\"Ep\u00e9e de Th\u00e9oden Herugrim\"},{\"@type\":\"BreadcrumbList\",\"@id\":\"https:\\\/\\\/repliquemangacine.fr\\\/epees-seigneur-des-anneaux\\\/epee-de-theoden-epee-herugrim\\\/#breadcrumb\",\"itemListElement\":[{\"@type\":\"ListItem\",\"position\":1,\"name\":\"Accueil\",\"item\":\"https:\\\/\\\/repliquemangacine.fr\\\/\"},{\"@type\":\"ListItem\",\"position\":2,\"name\":\"Produits\",\"item\":\"https:\\\/\\\/repliquemangacine.fr\\\/boutique\\\/\"},{\"@type\":\"ListItem\",\"position\":3,\"name\":\"Ep\u00e9e de Th\u00e9oden Herugrim\"}]},{\"@type\":\"WebSite\",\"@id\":\"https:\\\/\\\/repliquemangacine.fr\\\/#website\",\"url\":\"https:\\\/\\\/repliquemangacine.fr\\\/\",\"name\":\"R\u00e9plique Manga Cin\u00e9\",\"description\":\"\",\"publisher\":{\"@id\":\"https:\\\/\\\/repliquemangacine.fr\\\/#organization\"},\"potentialAction\":[{\"@type\":\"SearchAction\",\"target\":{\"@type\":\"EntryPoint\",\"urlTemplate\":\"https:\\\/\\\/repliquemangacine.fr\\\/?s={search_term_string}\"},\"query-input\":{\"@type\":\"PropertyValueSpecification\",\"valueRequired\":true,\"valueName\":\"search_term_string\"}}],\"inLanguage\":\"en-US\"},{\"@type\":\"Organization\",\"@id\":\"https:\\\/\\\/repliquemangacine.fr\\\/#organization\",\"name\":\"R\u00e9plique Manga Cin\u00e9\",\"url\":\"https:\\\/\\\/repliquemangacine.fr\\\/\",\"logo\":{\"@type\":\"ImageObject\",\"inLanguage\":\"en-US\",\"@id\":\"https:\\\/\\\/repliquemangacine.fr\\\/#\\\/schema\\\/logo\\\/image\\\/\",\"url\":\"https:\\\/\\\/repliquemangacine.fr\\\/wp-content\\\/uploads\\\/2023\\\/10\\\/RMC-500250.png\",\"contentUrl\":\"https:\\\/\\\/repliquemangacine.fr\\\/wp-content\\\/uploads\\\/2023\\\/10\\\/RMC-500250.png\",\"width\":500,\"height\":250,\"caption\":\"R\u00e9plique Manga Cin\u00e9\"},\"image\":{\"@id\":\"https:\\\/\\\/repliquemangacine.fr\\\/#\\\/schema\\\/logo\\\/image\\\/\"},\"sameAs\":[\"https:\\\/\\\/www.facebook.com\\\/RepliqueMangaCine\",\"https:\\\/\\\/www.instagram.com\\\/repliquemangacine.fr\\\/\"]}]}<\/script>\n<!-- \/ Yoast SEO plugin. -->","yoast_head_json":{"title":"Theoden Herugrim's sword - Lord of the Rings swords | RMC","description":"Superb replica of Theoden Herugrim's sword from The Lord of the Rings at a very low price. 440 steel blade - Metal guard - Length: 98 cm - Shipment 24\/48h","robots":{"index":"index","follow":"follow","max-snippet":"max-snippet:-1","max-image-preview":"max-image-preview:large","max-video-preview":"max-video-preview:-1"},"canonical":"https:\/\/repliquemangacine.fr\/en\/lord-of-the-rings-swords\/theoden-sword-herugrim-sword\/","og_locale":"en_US","og_type":"article","og_title":"Ep\u00e9e de Th\u00e9oden Herugrim - Ep\u00e9es Seigneur des Anneaux | RMC","og_description":"Superbe r\u00e9plique de l'Ep\u00e9e de Th\u00e9oden Herugrim dans le Seigneur des Anneaux pas cher. Lame acier 440 - Garde m\u00e9tal - Longueur : 98 cm - Envoi 24\/48h","og_url":"https:\/\/repliquemangacine.fr\/en\/lord-of-the-rings-swords\/theoden-sword-herugrim-sword\/","og_site_name":"R\u00e9plique Manga Cin\u00e9","article_publisher":"https:\/\/www.facebook.com\/RepliqueMangaCine","article_modified_time":"2026-04-02T20:51:37+00:00","og_image":[{"width":500,"height":500,"url":"https:\/\/repliquemangacine.fr\/wp-content\/uploads\/2023\/10\/epee-theoden.jpg","type":"image\/jpeg"}],"twitter_card":"summary_large_image","twitter_misc":{"Est. reading time":"3 minutes"},"schema":{"@context":"https:\/\/schema.org","@graph":[{"@type":"WebPage","@id":"https:\/\/repliquemangacine.fr\/epees-seigneur-des-anneaux\/epee-de-theoden-epee-herugrim\/","url":"https:\/\/repliquemangacine.fr\/epees-seigneur-des-anneaux\/epee-de-theoden-epee-herugrim\/","name":"Theoden Herugrim's sword - Lord of the Rings swords | RMC","isPartOf":{"@id":"https:\/\/repliquemangacine.fr\/#website"},"primaryImageOfPage":{"@id":"https:\/\/repliquemangacine.fr\/epees-seigneur-des-anneaux\/epee-de-theoden-epee-herugrim\/#primaryimage"},"image":{"@id":"https:\/\/repliquemangacine.fr\/epees-seigneur-des-anneaux\/epee-de-theoden-epee-herugrim\/#primaryimage"},"thumbnailUrl":"https:\/\/repliquemangacine.fr\/wp-content\/uploads\/2023\/10\/epee-theoden.jpg","datePublished":"2016-09-21T09:31:31+00:00","dateModified":"2026-04-02T20:51:37+00:00","description":"Superb replica of Theoden Herugrim's sword from The Lord of the Rings at a very low price. 440 steel blade - Metal guard - Length: 98 cm - Shipment 24\/48h","breadcrumb":{"@id":"https:\/\/repliquemangacine.fr\/epees-seigneur-des-anneaux\/epee-de-theoden-epee-herugrim\/#breadcrumb"},"inLanguage":"en-US","potentialAction":[{"@type":"ReadAction","target":["https:\/\/repliquemangacine.fr\/epees-seigneur-des-anneaux\/epee-de-theoden-epee-herugrim\/"]}]},{"@type":"ImageObject","inLanguage":"en-US","@id":"https:\/\/repliquemangacine.fr\/epees-seigneur-des-anneaux\/epee-de-theoden-epee-herugrim\/#primaryimage","url":"https:\/\/repliquemangacine.fr\/wp-content\/uploads\/2023\/10\/epee-theoden.jpg","contentUrl":"https:\/\/repliquemangacine.fr\/wp-content\/uploads\/2023\/10\/epee-theoden.jpg","width":500,"height":500,"caption":"Ep\u00e9e de Th\u00e9oden Herugrim"},{"@type":"BreadcrumbList","@id":"https:\/\/repliquemangacine.fr\/epees-seigneur-des-anneaux\/epee-de-theoden-epee-herugrim\/#breadcrumb","itemListElement":[{"@type":"ListItem","position":1,"name":"Accueil","item":"https:\/\/repliquemangacine.fr\/"},{"@type":"ListItem","position":2,"name":"Produits","item":"https:\/\/repliquemangacine.fr\/boutique\/"},{"@type":"ListItem","position":3,"name":"Ep\u00e9e de Th\u00e9oden Herugrim"}]},{"@type":"WebSite","@id":"https:\/\/repliquemangacine.fr\/#website","url":"https:\/\/repliquemangacine.fr\/","name":"R\u00e9plique Manga Cin\u00e9","description":"","publisher":{"@id":"https:\/\/repliquemangacine.fr\/#organization"},"potentialAction":[{"@type":"SearchAction","target":{"@type":"EntryPoint","urlTemplate":"https:\/\/repliquemangacine.fr\/?s={search_term_string}"},"query-input":{"@type":"PropertyValueSpecification","valueRequired":true,"valueName":"search_term_string"}}],"inLanguage":"en-US"},{"@type":"Organization","@id":"https:\/\/repliquemangacine.fr\/#organization","name":"R\u00e9plique Manga Cin\u00e9","url":"https:\/\/repliquemangacine.fr\/","logo":{"@type":"ImageObject","inLanguage":"en-US","@id":"https:\/\/repliquemangacine.fr\/#\/schema\/logo\/image\/","url":"https:\/\/repliquemangacine.fr\/wp-content\/uploads\/2023\/10\/RMC-500250.png","contentUrl":"https:\/\/repliquemangacine.fr\/wp-content\/uploads\/2023\/10\/RMC-500250.png","width":500,"height":250,"caption":"R\u00e9plique Manga Cin\u00e9"},"image":{"@id":"https:\/\/repliquemangacine.fr\/#\/schema\/logo\/image\/"},"sameAs":["https:\/\/www.facebook.com\/RepliqueMangaCine","https:\/\/www.instagram.com\/repliquemangacine.fr\/"]}]}},"_links":{"self":[{"href":"https:\/\/repliquemangacine.fr\/en\/wp-json\/wp\/v2\/product\/25573","targetHints":{"allow":["GET"]}}],"collection":[{"href":"https:\/\/repliquemangacine.fr\/en\/wp-json\/wp\/v2\/product"}],"about":[{"href":"https:\/\/repliquemangacine.fr\/en\/wp-json\/wp\/v2\/types\/product"}],"wp:featuredmedia":[{"embeddable":true,"href":"https:\/\/repliquemangacine.fr\/en\/wp-json\/wp\/v2\/media\/25574"}],"wp:attachment":[{"href":"https:\/\/repliquemangacine.fr\/en\/wp-json\/wp\/v2\/media?parent=25573"}],"wp:term":[{"taxonomy":"product_brand","embeddable":true,"href":"https:\/\/repliquemangacine.fr\/en\/wp-json\/wp\/v2\/product_brand?post=25573"},{"taxonomy":"product_cat","embeddable":true,"href":"https:\/\/repliquemangacine.fr\/en\/wp-json\/wp\/v2\/product_cat?post=25573"},{"taxonomy":"product_tag","embeddable":true,"href":"https:\/\/repliquemangacine.fr\/en\/wp-json\/wp\/v2\/product_tag?post=25573"}],"curies":[{"name":"wp","href":"https:\/\/api.w.org\/{rel}","templated":true}]}}