





{"id":25559,"date":"2016-09-13T18:01:03","date_gmt":"2016-09-13T16:01:03","guid":{"rendered":"https:\/\/repliquemangacine.fr\/?post_type=product&#038;p=25559"},"modified":"2025-09-23T18:01:33","modified_gmt":"2025-09-23T16:01:33","slug":"dwarf-sword-from-thorin-the-hobbit","status":"publish","type":"product","link":"https:\/\/repliquemangacine.fr\/en\/epees-the-hobbit\/epee-naine-de-thorin-the-hobbit\/","title":{"rendered":"Dwarf sword Thorin The Hobbit"},"content":{"rendered":"<h2>Thorin's Dwarf sword in The Hobbit<\/h2>\n<p>To begin with, we discover the<strong>Thorin's Dwarf Sword<\/strong>in the first film: The Hobbit, An Unexpected Journey.<\/p>\n<p>Thorin, nicknamed \"The Oak Shield\", is a character in Tolkien's novel The Hobbit. He is a dwarf, heir to the Kingdom under the Mountain from which the dragon Smaug drove his family.<br \/>\nHe is the instigator of the expedition to reclaim his fathers' treasure, in which the hobbit Bilbo finds himself unwillingly enlisted.<\/p>\n<p>On their journey, the dwarves are imprisoned in the elves' jails. Thranduil, king of the elves, proposes a deal to Thorin. He suggests helping them reach the Lonely Mountain in exchange for the white gems that King Thranduil covets. Thorin refuses.<\/p>\n<h2>Your Dwarf Sword of Thorin at the best price.<\/h2>\n<p>We bring you all the lines of your favorite characters in The Hobbit trilogy.<\/p>\n<p>First, you'll find :<\/p>\n<ul>\n<li>The famous <a href=\"https:\/\/repliquemangacine.fr\/en\/swords-the-hobbit\/orcrist-sword-thorin-sword\/\">Orcrist sword<\/a>Thorin's sword, nicknamed Mordeuse.<\/li>\n<li>Next, the <a href=\"https:\/\/repliquemangacine.fr\/en\/the-hobbit\/thranduil-the-hobbit-sword-elven-sword\/\">Elven sword of Thranduil<\/a> king of the black forest.<\/li>\n<li>You'll also find some jewelry <a href=\"https:\/\/noblecollection.fr\/bijoux-officiels-des-films-bilbon-hobbit-c-129_41_42.html\" target=\"_blank\" rel=\"noopener noreferrer\">The Noble Collection<\/a>.<\/li>\n<li>And many more to discover in our online store!<\/li>\n<\/ul>\n<p>So here are some great gift ideas for fans of The Hobbit trilogy!<\/p>\n<p>In conclusion, you can also use this <strong>Thorin's Dwarf Sword<\/strong> for your cosplay parades or theme parties. But above all, this sword is also a collector's item and a decorative object.<\/p>\n<h2>How to maintain the blade of your The Hobbit sword?<\/h2>\n<p>Collector's and decorative swords are made and assembled in a simplified way. As their use is decorative, they lack the safety features required of a Japanese sword intended for training.<\/p>\n<p>However, your <strong>Thorin's Dwarf Sword<\/strong> to a steel blade that needs to be cared for to avoid damage over time. In fact, when you display your katana, your friends will be curious to see and touch the blade. This is where you need to be careful, as the acidity of your fingers is very harmful to steel, whatever its quality.<\/p>\n<p>However, if this does happen, don't panic - all you need is a cloth dampened with a little oil and a wipe of fingerprints. By doing so, you'll keep your sword looking its best for a very long time.<\/p>\n<p><strong>\u00a0<\/strong><\/p>\n<p><strong>\u00a0<\/strong><\/p>","protected":false},"excerpt":{"rendered":"<p>Go on an expedition with this replica of Thorin's dwarf sword.<\/p>\n<ul>\n<li>Engraved steel blade.<\/li>\n<li>Metal hilt and pommel, decorated with dwarf runes.<\/li>\n<li>Wall-mounted display stand.<\/li>\n<li>Blade length: 42 cm - Total length: 60 cm<\/li>\n<\/ul>","protected":false},"featured_media":25560,"template":"","meta":[],"product_brand":[896],"product_cat":[69,35],"product_tag":[],"class_list":{"0":"post-25559","1":"product","2":"type-product","3":"status-publish","4":"has-post-thumbnail","6":"product_brand-replique-manga-cine","7":"product_cat-epees-the-hobbit","8":"product_cat-epee-et-bijoux-the-hobbit","10":"first","11":"instock","12":"taxable","13":"shipping-taxable","14":"purchasable","15":"product-type-simple"},"yoast_head":"<!-- This site is optimized with the Yoast SEO plugin v27.5 - https:\/\/yoast.com\/product\/yoast-seo-wordpress\/ -->\n<title>Ep\u00e9e Naine de Thorin - Ep\u00e9e The Hobbit - R\u00e9plique Manga Cin\u00e9<\/title>\n<meta name=\"description\" content=\"Offrez-vous l&#039;Ep\u00e9e Naine de Thorin dans The Hobbit au meilleur prix. Lame en acier 440 - Poign\u00e9e m\u00e9tal - Support - Longueur totale : 60 cm - Envoi 24\/48h\" \/>\n<meta name=\"robots\" content=\"index, follow, max-snippet:-1, max-image-preview:large, max-video-preview:-1\" \/>\n<link rel=\"canonical\" href=\"https:\/\/repliquemangacine.fr\/en\/swords-the-hobbit\/dwarf-sword-from-thorin-the-hobbit\/\" \/>\n<meta property=\"og:locale\" content=\"en_US\" \/>\n<meta property=\"og:type\" content=\"article\" \/>\n<meta property=\"og:title\" content=\"Ep\u00e9e Naine de Thorin - Ep\u00e9e The Hobbit - R\u00e9plique Manga Cin\u00e9\" \/>\n<meta property=\"og:description\" content=\"Offrez-vous l&#039;Ep\u00e9e Naine de Thorin dans The Hobbit au meilleur prix. Lame en acier 440 - Poign\u00e9e m\u00e9tal - Support - Longueur totale : 60 cm - Envoi 24\/48h\" \/>\n<meta property=\"og:url\" content=\"https:\/\/repliquemangacine.fr\/en\/swords-the-hobbit\/dwarf-sword-from-thorin-the-hobbit\/\" \/>\n<meta property=\"og:site_name\" content=\"R\u00e9plique Manga Cin\u00e9\" \/>\n<meta property=\"article:publisher\" content=\"https:\/\/www.facebook.com\/RepliqueMangaCine\" \/>\n<meta property=\"article:modified_time\" content=\"2025-09-23T16:01:33+00:00\" \/>\n<meta property=\"og:image\" content=\"https:\/\/repliquemangacine.fr\/wp-content\/uploads\/2023\/10\/334-Epee-Naine-de-Thorin-en-metal-The-Hobbit.jpg\" \/>\n\t<meta property=\"og:image:width\" content=\"800\" \/>\n\t<meta property=\"og:image:height\" content=\"800\" \/>\n\t<meta property=\"og:image:type\" content=\"image\/jpeg\" \/>\n<meta name=\"twitter:card\" content=\"summary_large_image\" \/>\n<meta name=\"twitter:label1\" content=\"Est. reading time\" \/>\n\t<meta name=\"twitter:data1\" content=\"2 minutes\" \/>\n<script type=\"application\/ld+json\" class=\"yoast-schema-graph\">{\"@context\":\"https:\\\/\\\/schema.org\",\"@graph\":[{\"@type\":\"WebPage\",\"@id\":\"https:\\\/\\\/repliquemangacine.fr\\\/epees-the-hobbit\\\/epee-naine-de-thorin-the-hobbit\\\/\",\"url\":\"https:\\\/\\\/repliquemangacine.fr\\\/epees-the-hobbit\\\/epee-naine-de-thorin-the-hobbit\\\/\",\"name\":\"Ep\u00e9e Naine de Thorin - Ep\u00e9e The Hobbit - R\u00e9plique Manga Cin\u00e9\",\"isPartOf\":{\"@id\":\"https:\\\/\\\/repliquemangacine.fr\\\/#website\"},\"primaryImageOfPage\":{\"@id\":\"https:\\\/\\\/repliquemangacine.fr\\\/epees-the-hobbit\\\/epee-naine-de-thorin-the-hobbit\\\/#primaryimage\"},\"image\":{\"@id\":\"https:\\\/\\\/repliquemangacine.fr\\\/epees-the-hobbit\\\/epee-naine-de-thorin-the-hobbit\\\/#primaryimage\"},\"thumbnailUrl\":\"https:\\\/\\\/repliquemangacine.fr\\\/wp-content\\\/uploads\\\/2023\\\/10\\\/334-Epee-Naine-de-Thorin-en-metal-The-Hobbit.jpg\",\"datePublished\":\"2016-09-13T16:01:03+00:00\",\"dateModified\":\"2025-09-23T16:01:33+00:00\",\"description\":\"Offrez-vous l'Ep\u00e9e Naine de Thorin dans The Hobbit au meilleur prix. Lame en acier 440 - Poign\u00e9e m\u00e9tal - Support - Longueur totale : 60 cm - Envoi 24\\\/48h\",\"breadcrumb\":{\"@id\":\"https:\\\/\\\/repliquemangacine.fr\\\/epees-the-hobbit\\\/epee-naine-de-thorin-the-hobbit\\\/#breadcrumb\"},\"inLanguage\":\"en-US\",\"potentialAction\":[{\"@type\":\"ReadAction\",\"target\":[\"https:\\\/\\\/repliquemangacine.fr\\\/epees-the-hobbit\\\/epee-naine-de-thorin-the-hobbit\\\/\"]}]},{\"@type\":\"ImageObject\",\"inLanguage\":\"en-US\",\"@id\":\"https:\\\/\\\/repliquemangacine.fr\\\/epees-the-hobbit\\\/epee-naine-de-thorin-the-hobbit\\\/#primaryimage\",\"url\":\"https:\\\/\\\/repliquemangacine.fr\\\/wp-content\\\/uploads\\\/2023\\\/10\\\/334-Epee-Naine-de-Thorin-en-metal-The-Hobbit.jpg\",\"contentUrl\":\"https:\\\/\\\/repliquemangacine.fr\\\/wp-content\\\/uploads\\\/2023\\\/10\\\/334-Epee-Naine-de-Thorin-en-metal-The-Hobbit.jpg\",\"width\":800,\"height\":800,\"caption\":\"Ep\u00e9e Naine de Thorin en m\u00e9tal - The Hobbit\"},{\"@type\":\"BreadcrumbList\",\"@id\":\"https:\\\/\\\/repliquemangacine.fr\\\/epees-the-hobbit\\\/epee-naine-de-thorin-the-hobbit\\\/#breadcrumb\",\"itemListElement\":[{\"@type\":\"ListItem\",\"position\":1,\"name\":\"Accueil\",\"item\":\"https:\\\/\\\/repliquemangacine.fr\\\/\"},{\"@type\":\"ListItem\",\"position\":2,\"name\":\"Produits\",\"item\":\"https:\\\/\\\/repliquemangacine.fr\\\/boutique\\\/\"},{\"@type\":\"ListItem\",\"position\":3,\"name\":\"Ep\u00e9e Naine Thorin The Hobbit\"}]},{\"@type\":\"WebSite\",\"@id\":\"https:\\\/\\\/repliquemangacine.fr\\\/#website\",\"url\":\"https:\\\/\\\/repliquemangacine.fr\\\/\",\"name\":\"R\u00e9plique Manga Cin\u00e9\",\"description\":\"\",\"publisher\":{\"@id\":\"https:\\\/\\\/repliquemangacine.fr\\\/#organization\"},\"potentialAction\":[{\"@type\":\"SearchAction\",\"target\":{\"@type\":\"EntryPoint\",\"urlTemplate\":\"https:\\\/\\\/repliquemangacine.fr\\\/?s={search_term_string}\"},\"query-input\":{\"@type\":\"PropertyValueSpecification\",\"valueRequired\":true,\"valueName\":\"search_term_string\"}}],\"inLanguage\":\"en-US\"},{\"@type\":\"Organization\",\"@id\":\"https:\\\/\\\/repliquemangacine.fr\\\/#organization\",\"name\":\"R\u00e9plique Manga Cin\u00e9\",\"url\":\"https:\\\/\\\/repliquemangacine.fr\\\/\",\"logo\":{\"@type\":\"ImageObject\",\"inLanguage\":\"en-US\",\"@id\":\"https:\\\/\\\/repliquemangacine.fr\\\/#\\\/schema\\\/logo\\\/image\\\/\",\"url\":\"https:\\\/\\\/repliquemangacine.fr\\\/wp-content\\\/uploads\\\/2023\\\/10\\\/RMC-500250.png\",\"contentUrl\":\"https:\\\/\\\/repliquemangacine.fr\\\/wp-content\\\/uploads\\\/2023\\\/10\\\/RMC-500250.png\",\"width\":500,\"height\":250,\"caption\":\"R\u00e9plique Manga Cin\u00e9\"},\"image\":{\"@id\":\"https:\\\/\\\/repliquemangacine.fr\\\/#\\\/schema\\\/logo\\\/image\\\/\"},\"sameAs\":[\"https:\\\/\\\/www.facebook.com\\\/RepliqueMangaCine\",\"https:\\\/\\\/www.instagram.com\\\/repliquemangacine.fr\\\/\"]}]}<\/script>\n<!-- \/ Yoast SEO plugin. -->","yoast_head_json":{"title":"Thorin's Dwarf Sword - The Hobbit Sword - R\u00e9plique Manga Cin\u00e9","description":"Treat yourself to Thorin's Dwarf Sword from The Hobbit at the best price. 440 steel blade - Metal handle - Stand - Total length: 60 cm - Shipment 24\/48h","robots":{"index":"index","follow":"follow","max-snippet":"max-snippet:-1","max-image-preview":"max-image-preview:large","max-video-preview":"max-video-preview:-1"},"canonical":"https:\/\/repliquemangacine.fr\/en\/swords-the-hobbit\/dwarf-sword-from-thorin-the-hobbit\/","og_locale":"en_US","og_type":"article","og_title":"Ep\u00e9e Naine de Thorin - Ep\u00e9e The Hobbit - R\u00e9plique Manga Cin\u00e9","og_description":"Offrez-vous l'Ep\u00e9e Naine de Thorin dans The Hobbit au meilleur prix. Lame en acier 440 - Poign\u00e9e m\u00e9tal - Support - Longueur totale : 60 cm - Envoi 24\/48h","og_url":"https:\/\/repliquemangacine.fr\/en\/swords-the-hobbit\/dwarf-sword-from-thorin-the-hobbit\/","og_site_name":"R\u00e9plique Manga Cin\u00e9","article_publisher":"https:\/\/www.facebook.com\/RepliqueMangaCine","article_modified_time":"2025-09-23T16:01:33+00:00","og_image":[{"width":800,"height":800,"url":"https:\/\/repliquemangacine.fr\/wp-content\/uploads\/2023\/10\/334-Epee-Naine-de-Thorin-en-metal-The-Hobbit.jpg","type":"image\/jpeg"}],"twitter_card":"summary_large_image","twitter_misc":{"Est. reading time":"2 minutes"},"schema":{"@context":"https:\/\/schema.org","@graph":[{"@type":"WebPage","@id":"https:\/\/repliquemangacine.fr\/epees-the-hobbit\/epee-naine-de-thorin-the-hobbit\/","url":"https:\/\/repliquemangacine.fr\/epees-the-hobbit\/epee-naine-de-thorin-the-hobbit\/","name":"Thorin's Dwarf Sword - The Hobbit Sword - R\u00e9plique Manga Cin\u00e9","isPartOf":{"@id":"https:\/\/repliquemangacine.fr\/#website"},"primaryImageOfPage":{"@id":"https:\/\/repliquemangacine.fr\/epees-the-hobbit\/epee-naine-de-thorin-the-hobbit\/#primaryimage"},"image":{"@id":"https:\/\/repliquemangacine.fr\/epees-the-hobbit\/epee-naine-de-thorin-the-hobbit\/#primaryimage"},"thumbnailUrl":"https:\/\/repliquemangacine.fr\/wp-content\/uploads\/2023\/10\/334-Epee-Naine-de-Thorin-en-metal-The-Hobbit.jpg","datePublished":"2016-09-13T16:01:03+00:00","dateModified":"2025-09-23T16:01:33+00:00","description":"Treat yourself to Thorin's Dwarf Sword from The Hobbit at the best price. 440 steel blade - Metal handle - Stand - Total length: 60 cm - Shipment 24\/48h","breadcrumb":{"@id":"https:\/\/repliquemangacine.fr\/epees-the-hobbit\/epee-naine-de-thorin-the-hobbit\/#breadcrumb"},"inLanguage":"en-US","potentialAction":[{"@type":"ReadAction","target":["https:\/\/repliquemangacine.fr\/epees-the-hobbit\/epee-naine-de-thorin-the-hobbit\/"]}]},{"@type":"ImageObject","inLanguage":"en-US","@id":"https:\/\/repliquemangacine.fr\/epees-the-hobbit\/epee-naine-de-thorin-the-hobbit\/#primaryimage","url":"https:\/\/repliquemangacine.fr\/wp-content\/uploads\/2023\/10\/334-Epee-Naine-de-Thorin-en-metal-The-Hobbit.jpg","contentUrl":"https:\/\/repliquemangacine.fr\/wp-content\/uploads\/2023\/10\/334-Epee-Naine-de-Thorin-en-metal-The-Hobbit.jpg","width":800,"height":800,"caption":"Ep\u00e9e Naine de Thorin en m\u00e9tal - The Hobbit"},{"@type":"BreadcrumbList","@id":"https:\/\/repliquemangacine.fr\/epees-the-hobbit\/epee-naine-de-thorin-the-hobbit\/#breadcrumb","itemListElement":[{"@type":"ListItem","position":1,"name":"Accueil","item":"https:\/\/repliquemangacine.fr\/"},{"@type":"ListItem","position":2,"name":"Produits","item":"https:\/\/repliquemangacine.fr\/boutique\/"},{"@type":"ListItem","position":3,"name":"Ep\u00e9e Naine Thorin The Hobbit"}]},{"@type":"WebSite","@id":"https:\/\/repliquemangacine.fr\/#website","url":"https:\/\/repliquemangacine.fr\/","name":"R\u00e9plique Manga Cin\u00e9","description":"","publisher":{"@id":"https:\/\/repliquemangacine.fr\/#organization"},"potentialAction":[{"@type":"SearchAction","target":{"@type":"EntryPoint","urlTemplate":"https:\/\/repliquemangacine.fr\/?s={search_term_string}"},"query-input":{"@type":"PropertyValueSpecification","valueRequired":true,"valueName":"search_term_string"}}],"inLanguage":"en-US"},{"@type":"Organization","@id":"https:\/\/repliquemangacine.fr\/#organization","name":"R\u00e9plique Manga Cin\u00e9","url":"https:\/\/repliquemangacine.fr\/","logo":{"@type":"ImageObject","inLanguage":"en-US","@id":"https:\/\/repliquemangacine.fr\/#\/schema\/logo\/image\/","url":"https:\/\/repliquemangacine.fr\/wp-content\/uploads\/2023\/10\/RMC-500250.png","contentUrl":"https:\/\/repliquemangacine.fr\/wp-content\/uploads\/2023\/10\/RMC-500250.png","width":500,"height":250,"caption":"R\u00e9plique Manga Cin\u00e9"},"image":{"@id":"https:\/\/repliquemangacine.fr\/#\/schema\/logo\/image\/"},"sameAs":["https:\/\/www.facebook.com\/RepliqueMangaCine","https:\/\/www.instagram.com\/repliquemangacine.fr\/"]}]}},"_links":{"self":[{"href":"https:\/\/repliquemangacine.fr\/en\/wp-json\/wp\/v2\/product\/25559","targetHints":{"allow":["GET"]}}],"collection":[{"href":"https:\/\/repliquemangacine.fr\/en\/wp-json\/wp\/v2\/product"}],"about":[{"href":"https:\/\/repliquemangacine.fr\/en\/wp-json\/wp\/v2\/types\/product"}],"wp:featuredmedia":[{"embeddable":true,"href":"https:\/\/repliquemangacine.fr\/en\/wp-json\/wp\/v2\/media\/25560"}],"wp:attachment":[{"href":"https:\/\/repliquemangacine.fr\/en\/wp-json\/wp\/v2\/media?parent=25559"}],"wp:term":[{"taxonomy":"product_brand","embeddable":true,"href":"https:\/\/repliquemangacine.fr\/en\/wp-json\/wp\/v2\/product_brand?post=25559"},{"taxonomy":"product_cat","embeddable":true,"href":"https:\/\/repliquemangacine.fr\/en\/wp-json\/wp\/v2\/product_cat?post=25559"},{"taxonomy":"product_tag","embeddable":true,"href":"https:\/\/repliquemangacine.fr\/en\/wp-json\/wp\/v2\/product_tag?post=25559"}],"curies":[{"name":"wp","href":"https:\/\/api.w.org\/{rel}","templated":true}]}}