





{"id":25521,"date":"2021-08-09T19:36:50","date_gmt":"2021-08-09T17:36:50","guid":{"rendered":"https:\/\/repliquemangacine.fr\/?post_type=product&#038;p=25521"},"modified":"2025-12-05T20:24:24","modified_gmt":"2025-12-05T19:24:24","slug":"keyblade-souvenir-perdue-kingdom-hearts","status":"publish","type":"product","link":"https:\/\/repliquemangacine.fr\/en\/katana-et-epee-de-jeux-video-autre-jeux-video\/keyblade-souvenir-perdue-kingdom-hearts\/","title":{"rendered":"Keyblade Lost memory - Kingdom Hearts"},"content":{"rendered":"<h2>Keyblade Souvenir Perdu Kingdom Hearts<\/h2>\n<p>To begin with, the <strong>Keyblade <a href=\"https:\/\/kingdomhearts.fandom.com\/fr\/wiki\/Souvenir_Perdu_(Sora)\" target=\"_blank\" rel=\"noopener noreferrer\">Souvenir Perdu<\/a><\/strong> (Oblivion in English) first appeared in Kingdom Hearts. This Keyblade represents the characters of Riku, and later, Xion.<\/p>\n<p>This Keyblade is one of the most powerful in terms of attack. It emits only black stars with purple circles when struck.<\/p>\n<p>In fact, the Keyblade is a mysterious key-like weapon that appears throughout the Kingdom Hearts series. Mastered by series heroes Sora, Riku and Xion, they are part of the battle between Light and Darkness.<\/p>\n<p>Shaped like keys, they operate any existing lock and are imbued with magic and other unique abilities. Keyblade holders can \"bequeath\" their powers to the next generation by meeting worthy individuals.<\/p>\n<h2>Your lost souvenir Keyblade at the best price.<\/h2>\n<p>We offer a wide selection of Manga and video game replicas.<\/p>\n<p>First and foremost,<\/p>\n<ul>\n<li>The impressive replica of the <a href=\"https:\/\/repliquemangacine.fr\/en\/other-video-games\/keyblade-tete-de-citrouille-pumpkin-head\/\">Pumpkin Head Keyblade.<\/a><\/li>\n<li>As well as the replica of the <a href=\"https:\/\/repliquemangacine.fr\/en\/other-video-games\/keyblade-mousse-oathkeeper-tender-promise-kingdom-hearts\/\">Keyblade foam Oathkeeper<\/a> A tender promise inspired by the video game Kingdom Hearts.<\/li>\n<li>And many more to discover in our online store!<\/li>\n<\/ul>\n<p>So here are some great gift ideas for all Kingdom Hearts fans.<\/p>\n<p>In conclusion, you can use the Keyblade Souvenir Perdu for your cosplay parades or theme parties. But above all, this sword is a collector's item and a decorative piece.<\/p>\n<p>R\u00e9plique Manga Cin\u00e9 is a French company<\/p>\n<h2>How do I maintain my key?<\/h2>\n<p>Collectible and decorative keys are made and assembled in a simplified way. As their use is decorative, they lack the safety features necessary for a Japanese saber intended for training.<\/p>\n<p>However, your <strong>Keyblade Lost memory<\/strong> is made of steel that needs to be cared for to prevent damage over time. When you display your katana, your friends will be curious to see and touch the blade. This is where you need to be careful, as the acidity of your fingers is very harmful to steel, whatever its quality.<\/p>\n<p>However, if this does happen, don't panic - all you need is a cloth dampened with a little oil and a wipe of fingerprints. By doing so, you'll keep your sword looking its best for a very long time.<\/p>\n<p><strong>\u00a0<\/strong><\/p>","protected":false},"excerpt":{"rendered":"<p>Souvenir Perdu (Oblivion) is a Keyblade that appears throughout the Kingdom Hearts series.<\/p>\n<ul>\n<li>Made entirely of metal.<\/li>\n<li>This key has no blade.<\/li>\n<li>The handle moves with your movements.<\/li>\n<li>Chainette with crown.<\/li>\n<li>Total length: 91 cm - Total weight: 990 grs<\/li>\n<\/ul>","protected":false},"featured_media":25522,"template":"","meta":[],"product_brand":[896],"product_cat":[23,67],"product_tag":[],"class_list":{"0":"post-25521","1":"product","2":"type-product","3":"status-publish","4":"has-post-thumbnail","6":"product_brand-replique-manga-cine","7":"product_cat-repliques-manga-jeux-video","8":"product_cat-katana-et-epee-de-jeux-video-autre-jeux-video","10":"first","11":"outofstock","12":"taxable","13":"shipping-taxable","14":"purchasable","15":"product-type-simple"},"yoast_head":"<!-- This site is optimized with the Yoast SEO plugin v27.5 - https:\/\/yoast.com\/product\/yoast-seo-wordpress\/ -->\n<title>Keyblade souvenir perdu - Kingdom Hearts - R\u00e9plique Manga Cin\u00e9<\/title>\n<meta name=\"description\" content=\"Offrez-vous cette Keyblade Souvenir Perdu au meilleur prix - Tout en m\u00e9tal - Chainette avec couronne - Longueur totale : 91 cm - Envoi 24\/48h\" \/>\n<meta name=\"robots\" content=\"index, follow, max-snippet:-1, max-image-preview:large, max-video-preview:-1\" \/>\n<link rel=\"canonical\" href=\"https:\/\/repliquemangacine.fr\/en\/katana-and-video-game-sword-other-video-games\/keyblade-souvenir-perdue-kingdom-hearts\/\" \/>\n<meta property=\"og:locale\" content=\"en_US\" \/>\n<meta property=\"og:type\" content=\"article\" \/>\n<meta property=\"og:title\" content=\"Keyblade souvenir perdu - Kingdom Hearts - R\u00e9plique Manga Cin\u00e9\" \/>\n<meta property=\"og:description\" content=\"Offrez-vous cette Keyblade Souvenir Perdu au meilleur prix - Tout en m\u00e9tal - Chainette avec couronne - Longueur totale : 91 cm - Envoi 24\/48h\" \/>\n<meta property=\"og:url\" content=\"https:\/\/repliquemangacine.fr\/en\/katana-and-video-game-sword-other-video-games\/keyblade-souvenir-perdue-kingdom-hearts\/\" \/>\n<meta property=\"og:site_name\" content=\"R\u00e9plique Manga Cin\u00e9\" \/>\n<meta property=\"article:publisher\" content=\"https:\/\/www.facebook.com\/RepliqueMangaCine\" \/>\n<meta property=\"article:modified_time\" content=\"2025-12-05T19:24:24+00:00\" \/>\n<meta property=\"og:image\" content=\"https:\/\/repliquemangacine.fr\/wp-content\/uploads\/2023\/10\/299-Keyblade-Souvenir-perdue.jpg\" \/>\n\t<meta property=\"og:image:width\" content=\"800\" \/>\n\t<meta property=\"og:image:height\" content=\"800\" \/>\n\t<meta property=\"og:image:type\" content=\"image\/jpeg\" \/>\n<meta name=\"twitter:card\" content=\"summary_large_image\" \/>\n<meta name=\"twitter:label1\" content=\"Est. reading time\" \/>\n\t<meta name=\"twitter:data1\" content=\"1 minute\" \/>\n<script type=\"application\/ld+json\" class=\"yoast-schema-graph\">{\"@context\":\"https:\\\/\\\/schema.org\",\"@graph\":[{\"@type\":\"WebPage\",\"@id\":\"https:\\\/\\\/repliquemangacine.fr\\\/katana-et-epee-de-jeux-video-autre-jeux-video\\\/keyblade-souvenir-perdue-kingdom-hearts\\\/\",\"url\":\"https:\\\/\\\/repliquemangacine.fr\\\/katana-et-epee-de-jeux-video-autre-jeux-video\\\/keyblade-souvenir-perdue-kingdom-hearts\\\/\",\"name\":\"Keyblade souvenir perdu - Kingdom Hearts - R\u00e9plique Manga Cin\u00e9\",\"isPartOf\":{\"@id\":\"https:\\\/\\\/repliquemangacine.fr\\\/#website\"},\"primaryImageOfPage\":{\"@id\":\"https:\\\/\\\/repliquemangacine.fr\\\/katana-et-epee-de-jeux-video-autre-jeux-video\\\/keyblade-souvenir-perdue-kingdom-hearts\\\/#primaryimage\"},\"image\":{\"@id\":\"https:\\\/\\\/repliquemangacine.fr\\\/katana-et-epee-de-jeux-video-autre-jeux-video\\\/keyblade-souvenir-perdue-kingdom-hearts\\\/#primaryimage\"},\"thumbnailUrl\":\"https:\\\/\\\/repliquemangacine.fr\\\/wp-content\\\/uploads\\\/2023\\\/10\\\/299-Keyblade-Souvenir-perdue.jpg\",\"datePublished\":\"2021-08-09T17:36:50+00:00\",\"dateModified\":\"2025-12-05T19:24:24+00:00\",\"description\":\"Offrez-vous cette Keyblade Souvenir Perdu au meilleur prix - Tout en m\u00e9tal - Chainette avec couronne - Longueur totale : 91 cm - Envoi 24\\\/48h\",\"breadcrumb\":{\"@id\":\"https:\\\/\\\/repliquemangacine.fr\\\/katana-et-epee-de-jeux-video-autre-jeux-video\\\/keyblade-souvenir-perdue-kingdom-hearts\\\/#breadcrumb\"},\"inLanguage\":\"en-US\",\"potentialAction\":[{\"@type\":\"ReadAction\",\"target\":[\"https:\\\/\\\/repliquemangacine.fr\\\/katana-et-epee-de-jeux-video-autre-jeux-video\\\/keyblade-souvenir-perdue-kingdom-hearts\\\/\"]}]},{\"@type\":\"ImageObject\",\"inLanguage\":\"en-US\",\"@id\":\"https:\\\/\\\/repliquemangacine.fr\\\/katana-et-epee-de-jeux-video-autre-jeux-video\\\/keyblade-souvenir-perdue-kingdom-hearts\\\/#primaryimage\",\"url\":\"https:\\\/\\\/repliquemangacine.fr\\\/wp-content\\\/uploads\\\/2023\\\/10\\\/299-Keyblade-Souvenir-perdue.jpg\",\"contentUrl\":\"https:\\\/\\\/repliquemangacine.fr\\\/wp-content\\\/uploads\\\/2023\\\/10\\\/299-Keyblade-Souvenir-perdue.jpg\",\"width\":800,\"height\":800,\"caption\":\"Keyblade Souvenir perdue\"},{\"@type\":\"BreadcrumbList\",\"@id\":\"https:\\\/\\\/repliquemangacine.fr\\\/katana-et-epee-de-jeux-video-autre-jeux-video\\\/keyblade-souvenir-perdue-kingdom-hearts\\\/#breadcrumb\",\"itemListElement\":[{\"@type\":\"ListItem\",\"position\":1,\"name\":\"Accueil\",\"item\":\"https:\\\/\\\/repliquemangacine.fr\\\/\"},{\"@type\":\"ListItem\",\"position\":2,\"name\":\"Produits\",\"item\":\"https:\\\/\\\/repliquemangacine.fr\\\/boutique\\\/\"},{\"@type\":\"ListItem\",\"position\":3,\"name\":\"Keyblade Souvenir perdu &#8211; Kingdom Hearts\"}]},{\"@type\":\"WebSite\",\"@id\":\"https:\\\/\\\/repliquemangacine.fr\\\/#website\",\"url\":\"https:\\\/\\\/repliquemangacine.fr\\\/\",\"name\":\"R\u00e9plique Manga Cin\u00e9\",\"description\":\"\",\"publisher\":{\"@id\":\"https:\\\/\\\/repliquemangacine.fr\\\/#organization\"},\"potentialAction\":[{\"@type\":\"SearchAction\",\"target\":{\"@type\":\"EntryPoint\",\"urlTemplate\":\"https:\\\/\\\/repliquemangacine.fr\\\/?s={search_term_string}\"},\"query-input\":{\"@type\":\"PropertyValueSpecification\",\"valueRequired\":true,\"valueName\":\"search_term_string\"}}],\"inLanguage\":\"en-US\"},{\"@type\":\"Organization\",\"@id\":\"https:\\\/\\\/repliquemangacine.fr\\\/#organization\",\"name\":\"R\u00e9plique Manga Cin\u00e9\",\"url\":\"https:\\\/\\\/repliquemangacine.fr\\\/\",\"logo\":{\"@type\":\"ImageObject\",\"inLanguage\":\"en-US\",\"@id\":\"https:\\\/\\\/repliquemangacine.fr\\\/#\\\/schema\\\/logo\\\/image\\\/\",\"url\":\"https:\\\/\\\/repliquemangacine.fr\\\/wp-content\\\/uploads\\\/2023\\\/10\\\/RMC-500250.png\",\"contentUrl\":\"https:\\\/\\\/repliquemangacine.fr\\\/wp-content\\\/uploads\\\/2023\\\/10\\\/RMC-500250.png\",\"width\":500,\"height\":250,\"caption\":\"R\u00e9plique Manga Cin\u00e9\"},\"image\":{\"@id\":\"https:\\\/\\\/repliquemangacine.fr\\\/#\\\/schema\\\/logo\\\/image\\\/\"},\"sameAs\":[\"https:\\\/\\\/www.facebook.com\\\/RepliqueMangaCine\",\"https:\\\/\\\/www.instagram.com\\\/repliquemangacine.fr\\\/\"]}]}<\/script>\n<!-- \/ Yoast SEO plugin. -->","yoast_head_json":{"title":"Lost souvenir Keyblade - Kingdom Hearts - R\u00e9plique Manga Cin\u00e9","description":"Treat yourself to this Souvenir Perdu Keyblade at the best price - All metal - Chainette with crown - Total length: 91 cm - Shipment 24\/48h","robots":{"index":"index","follow":"follow","max-snippet":"max-snippet:-1","max-image-preview":"max-image-preview:large","max-video-preview":"max-video-preview:-1"},"canonical":"https:\/\/repliquemangacine.fr\/en\/katana-and-video-game-sword-other-video-games\/keyblade-souvenir-perdue-kingdom-hearts\/","og_locale":"en_US","og_type":"article","og_title":"Keyblade souvenir perdu - Kingdom Hearts - R\u00e9plique Manga Cin\u00e9","og_description":"Offrez-vous cette Keyblade Souvenir Perdu au meilleur prix - Tout en m\u00e9tal - Chainette avec couronne - Longueur totale : 91 cm - Envoi 24\/48h","og_url":"https:\/\/repliquemangacine.fr\/en\/katana-and-video-game-sword-other-video-games\/keyblade-souvenir-perdue-kingdom-hearts\/","og_site_name":"R\u00e9plique Manga Cin\u00e9","article_publisher":"https:\/\/www.facebook.com\/RepliqueMangaCine","article_modified_time":"2025-12-05T19:24:24+00:00","og_image":[{"width":800,"height":800,"url":"https:\/\/repliquemangacine.fr\/wp-content\/uploads\/2023\/10\/299-Keyblade-Souvenir-perdue.jpg","type":"image\/jpeg"}],"twitter_card":"summary_large_image","twitter_misc":{"Est. reading time":"1 minute"},"schema":{"@context":"https:\/\/schema.org","@graph":[{"@type":"WebPage","@id":"https:\/\/repliquemangacine.fr\/katana-et-epee-de-jeux-video-autre-jeux-video\/keyblade-souvenir-perdue-kingdom-hearts\/","url":"https:\/\/repliquemangacine.fr\/katana-et-epee-de-jeux-video-autre-jeux-video\/keyblade-souvenir-perdue-kingdom-hearts\/","name":"Lost souvenir Keyblade - Kingdom Hearts - R\u00e9plique Manga Cin\u00e9","isPartOf":{"@id":"https:\/\/repliquemangacine.fr\/#website"},"primaryImageOfPage":{"@id":"https:\/\/repliquemangacine.fr\/katana-et-epee-de-jeux-video-autre-jeux-video\/keyblade-souvenir-perdue-kingdom-hearts\/#primaryimage"},"image":{"@id":"https:\/\/repliquemangacine.fr\/katana-et-epee-de-jeux-video-autre-jeux-video\/keyblade-souvenir-perdue-kingdom-hearts\/#primaryimage"},"thumbnailUrl":"https:\/\/repliquemangacine.fr\/wp-content\/uploads\/2023\/10\/299-Keyblade-Souvenir-perdue.jpg","datePublished":"2021-08-09T17:36:50+00:00","dateModified":"2025-12-05T19:24:24+00:00","description":"Treat yourself to this Souvenir Perdu Keyblade at the best price - All metal - Chainette with crown - Total length: 91 cm - Shipment 24\/48h","breadcrumb":{"@id":"https:\/\/repliquemangacine.fr\/katana-et-epee-de-jeux-video-autre-jeux-video\/keyblade-souvenir-perdue-kingdom-hearts\/#breadcrumb"},"inLanguage":"en-US","potentialAction":[{"@type":"ReadAction","target":["https:\/\/repliquemangacine.fr\/katana-et-epee-de-jeux-video-autre-jeux-video\/keyblade-souvenir-perdue-kingdom-hearts\/"]}]},{"@type":"ImageObject","inLanguage":"en-US","@id":"https:\/\/repliquemangacine.fr\/katana-et-epee-de-jeux-video-autre-jeux-video\/keyblade-souvenir-perdue-kingdom-hearts\/#primaryimage","url":"https:\/\/repliquemangacine.fr\/wp-content\/uploads\/2023\/10\/299-Keyblade-Souvenir-perdue.jpg","contentUrl":"https:\/\/repliquemangacine.fr\/wp-content\/uploads\/2023\/10\/299-Keyblade-Souvenir-perdue.jpg","width":800,"height":800,"caption":"Keyblade Souvenir perdue"},{"@type":"BreadcrumbList","@id":"https:\/\/repliquemangacine.fr\/katana-et-epee-de-jeux-video-autre-jeux-video\/keyblade-souvenir-perdue-kingdom-hearts\/#breadcrumb","itemListElement":[{"@type":"ListItem","position":1,"name":"Accueil","item":"https:\/\/repliquemangacine.fr\/"},{"@type":"ListItem","position":2,"name":"Produits","item":"https:\/\/repliquemangacine.fr\/boutique\/"},{"@type":"ListItem","position":3,"name":"Keyblade Souvenir perdu &#8211; Kingdom Hearts"}]},{"@type":"WebSite","@id":"https:\/\/repliquemangacine.fr\/#website","url":"https:\/\/repliquemangacine.fr\/","name":"R\u00e9plique Manga Cin\u00e9","description":"","publisher":{"@id":"https:\/\/repliquemangacine.fr\/#organization"},"potentialAction":[{"@type":"SearchAction","target":{"@type":"EntryPoint","urlTemplate":"https:\/\/repliquemangacine.fr\/?s={search_term_string}"},"query-input":{"@type":"PropertyValueSpecification","valueRequired":true,"valueName":"search_term_string"}}],"inLanguage":"en-US"},{"@type":"Organization","@id":"https:\/\/repliquemangacine.fr\/#organization","name":"R\u00e9plique Manga Cin\u00e9","url":"https:\/\/repliquemangacine.fr\/","logo":{"@type":"ImageObject","inLanguage":"en-US","@id":"https:\/\/repliquemangacine.fr\/#\/schema\/logo\/image\/","url":"https:\/\/repliquemangacine.fr\/wp-content\/uploads\/2023\/10\/RMC-500250.png","contentUrl":"https:\/\/repliquemangacine.fr\/wp-content\/uploads\/2023\/10\/RMC-500250.png","width":500,"height":250,"caption":"R\u00e9plique Manga Cin\u00e9"},"image":{"@id":"https:\/\/repliquemangacine.fr\/#\/schema\/logo\/image\/"},"sameAs":["https:\/\/www.facebook.com\/RepliqueMangaCine","https:\/\/www.instagram.com\/repliquemangacine.fr\/"]}]}},"_links":{"self":[{"href":"https:\/\/repliquemangacine.fr\/en\/wp-json\/wp\/v2\/product\/25521","targetHints":{"allow":["GET"]}}],"collection":[{"href":"https:\/\/repliquemangacine.fr\/en\/wp-json\/wp\/v2\/product"}],"about":[{"href":"https:\/\/repliquemangacine.fr\/en\/wp-json\/wp\/v2\/types\/product"}],"wp:featuredmedia":[{"embeddable":true,"href":"https:\/\/repliquemangacine.fr\/en\/wp-json\/wp\/v2\/media\/25522"}],"wp:attachment":[{"href":"https:\/\/repliquemangacine.fr\/en\/wp-json\/wp\/v2\/media?parent=25521"}],"wp:term":[{"taxonomy":"product_brand","embeddable":true,"href":"https:\/\/repliquemangacine.fr\/en\/wp-json\/wp\/v2\/product_brand?post=25521"},{"taxonomy":"product_cat","embeddable":true,"href":"https:\/\/repliquemangacine.fr\/en\/wp-json\/wp\/v2\/product_cat?post=25521"},{"taxonomy":"product_tag","embeddable":true,"href":"https:\/\/repliquemangacine.fr\/en\/wp-json\/wp\/v2\/product_tag?post=25521"}],"curies":[{"name":"wp","href":"https:\/\/api.w.org\/{rel}","templated":true}]}}