





{"id":25515,"date":"2016-09-07T17:25:16","date_gmt":"2016-09-07T15:25:16","guid":{"rendered":"https:\/\/repliquemangacine.fr\/?post_type=product&#038;p=25515"},"modified":"2026-02-05T02:19:22","modified_gmt":"2026-02-05T01:19:22","slug":"royal-chain-sora-keyblade-kingdom-hearts","status":"publish","type":"product","link":"https:\/\/repliquemangacine.fr\/en\/katana-et-epee-de-jeux-video-autre-jeux-video\/chaine-royale-sora-keyblade-kingdom-hearts\/","title":{"rendered":"Sora Keyblade Royal Chain"},"content":{"rendered":"<h2>Sora Keyblade Royal Chain in Kingdom Hearts.<\/h2>\n<p>To begin with, the <strong>Sora Keyblade Kingdom Hearts<\/strong>is called Chaine Royale. It is Sora's basic key in every episode of the series. However, Sora is not the only user of this Keyblade: it has also been used by Roxas and Xion.<\/p>\n<p><a href=\"https:\/\/kingdomhearts.fandom.com\/fr\/wiki\/Sora\">Sora<\/a> is the main protagonist and playable character in most of the Kingdom Hearts series. He receives this Keyblade on the Isles of Destiny.<\/p>\n<p>Mastered by the series hero, Sora, the King and a few other characters, Keyblades are part of the battle between Light and Darkness.<\/p>\n<p>Shaped like keys, they operate any existing lock and are imbued with magic and other unique abilities. Keyblade holders can \"bequeath\" their powers to the next generation by meeting worthy individuals.<\/p>\n<h2>Your Sora Keyblade Kingdom Hearts at the best price.<\/h2>\n<p>We offer a wide selection of Manga and video game replicas.<\/p>\n<p>First and foremost,<\/p>\n<ul>\n<li>Visit <a href=\"https:\/\/repliquemangacine.fr\/en\/other-video-games\/keyblade-souvenir-perdue-kingdom-hearts\/\">Keyblade lost souvenir<\/a> (Oblivion) from Sora in Kingdom Hearts.<\/li>\n<li>As well as the Pumpkin Head Halloween Keyblade replica.\u00a0 <a href=\"https:\/\/repliquemangacine.fr\/en\/other-video-games\/keyblade-pumpkin-head-ou-tete-de-citrouille\/\">Pumpkin head<\/a>.<\/li>\n<li>There is also the <a href=\"https:\/\/repliquemangacine.fr\/en\/other-video-games\/keyblade-fatal-crest-dragon-kingdom-hearts\/\">Keyblade Fatalis<\/a> appears in Kingdom Hearts II.<\/li>\n<li>And many more to discover in our online store!<\/li>\n<\/ul>\n<p>So here are some great gift ideas for all Kingdom Hearts fans.<\/p>\n<p>In conclusion, you can use the Sora Keyblade Kingdom Hearts for your cosplay parades. But above all, this sword is a collector's item and a decoration.<\/p>\n<p>R\u00e9plique Manga Cin\u00e9 is a French company<\/p>\n<h2>How do I maintain the steel in my key?<\/h2>\n<p>Collectible and decorative keys are made and assembled in a simplified way. As their use is decorative, they lack the safety features necessary for a Japanese saber intended for training.<\/p>\n<p>However, your <strong>Sora Keyblade Kingdom Hearts<\/strong> is made of steel that needs to be cared for to prevent damage over time. When you display your katana, your friends will be curious to see and touch the blade. This is where you need to be careful, as the acidity of your fingers is very harmful to steel, whatever its quality.<\/p>\n<p>However, if this does happen, don't panic - all you need is a cloth dampened with a little oil and a wipe of fingerprints. By doing so, you'll keep your sword looking its best for a very long time.<\/p>\n<p><strong>\u00a0<\/strong><\/p>","protected":false},"excerpt":{"rendered":"<p>The Keyblade is a mysterious weapon resembling a key.<\/p>\n<ul>\n<li>Made entirely of metal.<\/li>\n<li>The handle moves with your movements.<\/li>\n<li>Indispensable Mickey head chain.<\/li>\n<li>Total length: 89 cm - Total weight: 1090 grs<\/li>\n<\/ul>","protected":false},"featured_media":25516,"template":"","meta":[],"product_brand":[896],"product_cat":[23,67],"product_tag":[],"class_list":{"0":"post-25515","1":"product","2":"type-product","3":"status-publish","4":"has-post-thumbnail","6":"product_brand-replique-manga-cine","7":"product_cat-repliques-manga-jeux-video","8":"product_cat-katana-et-epee-de-jeux-video-autre-jeux-video","10":"first","11":"instock","12":"taxable","13":"shipping-taxable","14":"purchasable","15":"product-type-simple"},"yoast_head":"<!-- This site is optimized with the Yoast SEO plugin v27.5 - https:\/\/yoast.com\/product\/yoast-seo-wordpress\/ -->\n<title>Sora Keyblade Kingdom Hearts - Chaine Royale | RMC<\/title>\n<meta name=\"description\" content=\"Offrez-vous la Sora Keyblade Kingdom Hearts pas ch\u00e8re. Tout en m\u00e9tal- Chainette avec t\u00eate de Mickey - Longueur totale : 89 cm - Envoi 24\/48h\" \/>\n<meta name=\"robots\" content=\"index, follow, max-snippet:-1, max-image-preview:large, max-video-preview:-1\" \/>\n<link rel=\"canonical\" href=\"https:\/\/repliquemangacine.fr\/en\/katana-and-video-game-sword-other-video-games\/royal-chain-sora-keyblade-kingdom-hearts\/\" \/>\n<meta property=\"og:locale\" content=\"en_US\" \/>\n<meta property=\"og:type\" content=\"article\" \/>\n<meta property=\"og:title\" content=\"Sora Keyblade Kingdom Hearts - Chaine Royale | RMC\" \/>\n<meta property=\"og:description\" content=\"Offrez-vous la Sora Keyblade Kingdom Hearts pas ch\u00e8re. Tout en m\u00e9tal- Chainette avec t\u00eate de Mickey - Longueur totale : 89 cm - Envoi 24\/48h\" \/>\n<meta property=\"og:url\" content=\"https:\/\/repliquemangacine.fr\/en\/katana-and-video-game-sword-other-video-games\/royal-chain-sora-keyblade-kingdom-hearts\/\" \/>\n<meta property=\"og:site_name\" content=\"R\u00e9plique Manga Cin\u00e9\" \/>\n<meta property=\"article:publisher\" content=\"https:\/\/www.facebook.com\/RepliqueMangaCine\" \/>\n<meta property=\"article:modified_time\" content=\"2026-02-05T01:19:22+00:00\" \/>\n<meta property=\"og:image\" content=\"https:\/\/repliquemangacine.fr\/wp-content\/uploads\/2023\/10\/395-Kingdom-Hearts-Keyblade-de-Sora-metal.jpg\" \/>\n\t<meta property=\"og:image:width\" content=\"800\" \/>\n\t<meta property=\"og:image:height\" content=\"800\" \/>\n\t<meta property=\"og:image:type\" content=\"image\/jpeg\" \/>\n<meta name=\"twitter:card\" content=\"summary_large_image\" \/>\n<meta name=\"twitter:label1\" content=\"Est. reading time\" \/>\n\t<meta name=\"twitter:data1\" content=\"2 minutes\" \/>\n<script type=\"application\/ld+json\" class=\"yoast-schema-graph\">{\"@context\":\"https:\\\/\\\/schema.org\",\"@graph\":[{\"@type\":\"WebPage\",\"@id\":\"https:\\\/\\\/repliquemangacine.fr\\\/katana-et-epee-de-jeux-video-autre-jeux-video\\\/chaine-royale-sora-keyblade-kingdom-hearts\\\/\",\"url\":\"https:\\\/\\\/repliquemangacine.fr\\\/katana-et-epee-de-jeux-video-autre-jeux-video\\\/chaine-royale-sora-keyblade-kingdom-hearts\\\/\",\"name\":\"Sora Keyblade Kingdom Hearts - Chaine Royale | RMC\",\"isPartOf\":{\"@id\":\"https:\\\/\\\/repliquemangacine.fr\\\/#website\"},\"primaryImageOfPage\":{\"@id\":\"https:\\\/\\\/repliquemangacine.fr\\\/katana-et-epee-de-jeux-video-autre-jeux-video\\\/chaine-royale-sora-keyblade-kingdom-hearts\\\/#primaryimage\"},\"image\":{\"@id\":\"https:\\\/\\\/repliquemangacine.fr\\\/katana-et-epee-de-jeux-video-autre-jeux-video\\\/chaine-royale-sora-keyblade-kingdom-hearts\\\/#primaryimage\"},\"thumbnailUrl\":\"https:\\\/\\\/repliquemangacine.fr\\\/wp-content\\\/uploads\\\/2023\\\/10\\\/395-Kingdom-Hearts-Keyblade-de-Sora-metal.jpg\",\"datePublished\":\"2016-09-07T15:25:16+00:00\",\"dateModified\":\"2026-02-05T01:19:22+00:00\",\"description\":\"Offrez-vous la Sora Keyblade Kingdom Hearts pas ch\u00e8re. Tout en m\u00e9tal- Chainette avec t\u00eate de Mickey - Longueur totale : 89 cm - Envoi 24\\\/48h\",\"breadcrumb\":{\"@id\":\"https:\\\/\\\/repliquemangacine.fr\\\/katana-et-epee-de-jeux-video-autre-jeux-video\\\/chaine-royale-sora-keyblade-kingdom-hearts\\\/#breadcrumb\"},\"inLanguage\":\"en-US\",\"potentialAction\":[{\"@type\":\"ReadAction\",\"target\":[\"https:\\\/\\\/repliquemangacine.fr\\\/katana-et-epee-de-jeux-video-autre-jeux-video\\\/chaine-royale-sora-keyblade-kingdom-hearts\\\/\"]}]},{\"@type\":\"ImageObject\",\"inLanguage\":\"en-US\",\"@id\":\"https:\\\/\\\/repliquemangacine.fr\\\/katana-et-epee-de-jeux-video-autre-jeux-video\\\/chaine-royale-sora-keyblade-kingdom-hearts\\\/#primaryimage\",\"url\":\"https:\\\/\\\/repliquemangacine.fr\\\/wp-content\\\/uploads\\\/2023\\\/10\\\/395-Kingdom-Hearts-Keyblade-de-Sora-metal.jpg\",\"contentUrl\":\"https:\\\/\\\/repliquemangacine.fr\\\/wp-content\\\/uploads\\\/2023\\\/10\\\/395-Kingdom-Hearts-Keyblade-de-Sora-metal.jpg\",\"width\":800,\"height\":800,\"caption\":\"Kingdom Hearts - Keyblade de Sora m\u00e9tal\"},{\"@type\":\"BreadcrumbList\",\"@id\":\"https:\\\/\\\/repliquemangacine.fr\\\/katana-et-epee-de-jeux-video-autre-jeux-video\\\/chaine-royale-sora-keyblade-kingdom-hearts\\\/#breadcrumb\",\"itemListElement\":[{\"@type\":\"ListItem\",\"position\":1,\"name\":\"Accueil\",\"item\":\"https:\\\/\\\/repliquemangacine.fr\\\/\"},{\"@type\":\"ListItem\",\"position\":2,\"name\":\"Produits\",\"item\":\"https:\\\/\\\/repliquemangacine.fr\\\/boutique\\\/\"},{\"@type\":\"ListItem\",\"position\":3,\"name\":\"Sora Keyblade Chaine Royale\"}]},{\"@type\":\"WebSite\",\"@id\":\"https:\\\/\\\/repliquemangacine.fr\\\/#website\",\"url\":\"https:\\\/\\\/repliquemangacine.fr\\\/\",\"name\":\"R\u00e9plique Manga Cin\u00e9\",\"description\":\"\",\"publisher\":{\"@id\":\"https:\\\/\\\/repliquemangacine.fr\\\/#organization\"},\"potentialAction\":[{\"@type\":\"SearchAction\",\"target\":{\"@type\":\"EntryPoint\",\"urlTemplate\":\"https:\\\/\\\/repliquemangacine.fr\\\/?s={search_term_string}\"},\"query-input\":{\"@type\":\"PropertyValueSpecification\",\"valueRequired\":true,\"valueName\":\"search_term_string\"}}],\"inLanguage\":\"en-US\"},{\"@type\":\"Organization\",\"@id\":\"https:\\\/\\\/repliquemangacine.fr\\\/#organization\",\"name\":\"R\u00e9plique Manga Cin\u00e9\",\"url\":\"https:\\\/\\\/repliquemangacine.fr\\\/\",\"logo\":{\"@type\":\"ImageObject\",\"inLanguage\":\"en-US\",\"@id\":\"https:\\\/\\\/repliquemangacine.fr\\\/#\\\/schema\\\/logo\\\/image\\\/\",\"url\":\"https:\\\/\\\/repliquemangacine.fr\\\/wp-content\\\/uploads\\\/2023\\\/10\\\/RMC-500250.png\",\"contentUrl\":\"https:\\\/\\\/repliquemangacine.fr\\\/wp-content\\\/uploads\\\/2023\\\/10\\\/RMC-500250.png\",\"width\":500,\"height\":250,\"caption\":\"R\u00e9plique Manga Cin\u00e9\"},\"image\":{\"@id\":\"https:\\\/\\\/repliquemangacine.fr\\\/#\\\/schema\\\/logo\\\/image\\\/\"},\"sameAs\":[\"https:\\\/\\\/www.facebook.com\\\/RepliqueMangaCine\",\"https:\\\/\\\/www.instagram.com\\\/repliquemangacine.fr\\\/\"]}]}<\/script>\n<!-- \/ Yoast SEO plugin. -->","yoast_head_json":{"title":"Sora Keyblade Kingdom Hearts - Royal Chain | RMC","description":"Treat yourself to the inexpensive Sora Keyblade Kingdom Hearts. All metal - Chainette with Mickey head - Total length: 89 cm - Shipment 24\/48h","robots":{"index":"index","follow":"follow","max-snippet":"max-snippet:-1","max-image-preview":"max-image-preview:large","max-video-preview":"max-video-preview:-1"},"canonical":"https:\/\/repliquemangacine.fr\/en\/katana-and-video-game-sword-other-video-games\/royal-chain-sora-keyblade-kingdom-hearts\/","og_locale":"en_US","og_type":"article","og_title":"Sora Keyblade Kingdom Hearts - Chaine Royale | RMC","og_description":"Offrez-vous la Sora Keyblade Kingdom Hearts pas ch\u00e8re. Tout en m\u00e9tal- Chainette avec t\u00eate de Mickey - Longueur totale : 89 cm - Envoi 24\/48h","og_url":"https:\/\/repliquemangacine.fr\/en\/katana-and-video-game-sword-other-video-games\/royal-chain-sora-keyblade-kingdom-hearts\/","og_site_name":"R\u00e9plique Manga Cin\u00e9","article_publisher":"https:\/\/www.facebook.com\/RepliqueMangaCine","article_modified_time":"2026-02-05T01:19:22+00:00","og_image":[{"width":800,"height":800,"url":"https:\/\/repliquemangacine.fr\/wp-content\/uploads\/2023\/10\/395-Kingdom-Hearts-Keyblade-de-Sora-metal.jpg","type":"image\/jpeg"}],"twitter_card":"summary_large_image","twitter_misc":{"Est. reading time":"2 minutes"},"schema":{"@context":"https:\/\/schema.org","@graph":[{"@type":"WebPage","@id":"https:\/\/repliquemangacine.fr\/katana-et-epee-de-jeux-video-autre-jeux-video\/chaine-royale-sora-keyblade-kingdom-hearts\/","url":"https:\/\/repliquemangacine.fr\/katana-et-epee-de-jeux-video-autre-jeux-video\/chaine-royale-sora-keyblade-kingdom-hearts\/","name":"Sora Keyblade Kingdom Hearts - Royal Chain | RMC","isPartOf":{"@id":"https:\/\/repliquemangacine.fr\/#website"},"primaryImageOfPage":{"@id":"https:\/\/repliquemangacine.fr\/katana-et-epee-de-jeux-video-autre-jeux-video\/chaine-royale-sora-keyblade-kingdom-hearts\/#primaryimage"},"image":{"@id":"https:\/\/repliquemangacine.fr\/katana-et-epee-de-jeux-video-autre-jeux-video\/chaine-royale-sora-keyblade-kingdom-hearts\/#primaryimage"},"thumbnailUrl":"https:\/\/repliquemangacine.fr\/wp-content\/uploads\/2023\/10\/395-Kingdom-Hearts-Keyblade-de-Sora-metal.jpg","datePublished":"2016-09-07T15:25:16+00:00","dateModified":"2026-02-05T01:19:22+00:00","description":"Treat yourself to the inexpensive Sora Keyblade Kingdom Hearts. All metal - Chainette with Mickey head - Total length: 89 cm - Shipment 24\/48h","breadcrumb":{"@id":"https:\/\/repliquemangacine.fr\/katana-et-epee-de-jeux-video-autre-jeux-video\/chaine-royale-sora-keyblade-kingdom-hearts\/#breadcrumb"},"inLanguage":"en-US","potentialAction":[{"@type":"ReadAction","target":["https:\/\/repliquemangacine.fr\/katana-et-epee-de-jeux-video-autre-jeux-video\/chaine-royale-sora-keyblade-kingdom-hearts\/"]}]},{"@type":"ImageObject","inLanguage":"en-US","@id":"https:\/\/repliquemangacine.fr\/katana-et-epee-de-jeux-video-autre-jeux-video\/chaine-royale-sora-keyblade-kingdom-hearts\/#primaryimage","url":"https:\/\/repliquemangacine.fr\/wp-content\/uploads\/2023\/10\/395-Kingdom-Hearts-Keyblade-de-Sora-metal.jpg","contentUrl":"https:\/\/repliquemangacine.fr\/wp-content\/uploads\/2023\/10\/395-Kingdom-Hearts-Keyblade-de-Sora-metal.jpg","width":800,"height":800,"caption":"Kingdom Hearts - Keyblade de Sora m\u00e9tal"},{"@type":"BreadcrumbList","@id":"https:\/\/repliquemangacine.fr\/katana-et-epee-de-jeux-video-autre-jeux-video\/chaine-royale-sora-keyblade-kingdom-hearts\/#breadcrumb","itemListElement":[{"@type":"ListItem","position":1,"name":"Accueil","item":"https:\/\/repliquemangacine.fr\/"},{"@type":"ListItem","position":2,"name":"Produits","item":"https:\/\/repliquemangacine.fr\/boutique\/"},{"@type":"ListItem","position":3,"name":"Sora Keyblade Chaine Royale"}]},{"@type":"WebSite","@id":"https:\/\/repliquemangacine.fr\/#website","url":"https:\/\/repliquemangacine.fr\/","name":"R\u00e9plique Manga Cin\u00e9","description":"","publisher":{"@id":"https:\/\/repliquemangacine.fr\/#organization"},"potentialAction":[{"@type":"SearchAction","target":{"@type":"EntryPoint","urlTemplate":"https:\/\/repliquemangacine.fr\/?s={search_term_string}"},"query-input":{"@type":"PropertyValueSpecification","valueRequired":true,"valueName":"search_term_string"}}],"inLanguage":"en-US"},{"@type":"Organization","@id":"https:\/\/repliquemangacine.fr\/#organization","name":"R\u00e9plique Manga Cin\u00e9","url":"https:\/\/repliquemangacine.fr\/","logo":{"@type":"ImageObject","inLanguage":"en-US","@id":"https:\/\/repliquemangacine.fr\/#\/schema\/logo\/image\/","url":"https:\/\/repliquemangacine.fr\/wp-content\/uploads\/2023\/10\/RMC-500250.png","contentUrl":"https:\/\/repliquemangacine.fr\/wp-content\/uploads\/2023\/10\/RMC-500250.png","width":500,"height":250,"caption":"R\u00e9plique Manga Cin\u00e9"},"image":{"@id":"https:\/\/repliquemangacine.fr\/#\/schema\/logo\/image\/"},"sameAs":["https:\/\/www.facebook.com\/RepliqueMangaCine","https:\/\/www.instagram.com\/repliquemangacine.fr\/"]}]}},"_links":{"self":[{"href":"https:\/\/repliquemangacine.fr\/en\/wp-json\/wp\/v2\/product\/25515","targetHints":{"allow":["GET"]}}],"collection":[{"href":"https:\/\/repliquemangacine.fr\/en\/wp-json\/wp\/v2\/product"}],"about":[{"href":"https:\/\/repliquemangacine.fr\/en\/wp-json\/wp\/v2\/types\/product"}],"wp:featuredmedia":[{"embeddable":true,"href":"https:\/\/repliquemangacine.fr\/en\/wp-json\/wp\/v2\/media\/25516"}],"wp:attachment":[{"href":"https:\/\/repliquemangacine.fr\/en\/wp-json\/wp\/v2\/media?parent=25515"}],"wp:term":[{"taxonomy":"product_brand","embeddable":true,"href":"https:\/\/repliquemangacine.fr\/en\/wp-json\/wp\/v2\/product_brand?post=25515"},{"taxonomy":"product_cat","embeddable":true,"href":"https:\/\/repliquemangacine.fr\/en\/wp-json\/wp\/v2\/product_cat?post=25515"},{"taxonomy":"product_tag","embeddable":true,"href":"https:\/\/repliquemangacine.fr\/en\/wp-json\/wp\/v2\/product_tag?post=25515"}],"curies":[{"name":"wp","href":"https:\/\/api.w.org\/{rel}","templated":true}]}}