





{"id":25506,"date":"2016-09-07T16:51:00","date_gmt":"2016-09-07T14:51:00","guid":{"rendered":"https:\/\/repliquemangacine.fr\/?post_type=product&#038;p=25506"},"modified":"2025-11-25T10:40:46","modified_gmt":"2025-11-25T09:40:46","slug":"epee-rebellion-epee-de-dante-devil-may-cry","status":"publish","type":"product","link":"https:\/\/repliquemangacine.fr\/en\/devil-may-cry\/epee-rebellion-epee-de-dante-devil-may-cry\/","title":{"rendered":"Dante DMC Rebellion Sword - Devil May Cry"},"content":{"rendered":"<h2>Dante DMC Rebellion Sword (Devil May Cry)<\/h2>\n<p>To begin with, the<strong>Dante DMC Rebellion Sword<\/strong> is Dante's basic weapon. Created by Dante's father Sparda, it looks normal, but it's a demonic sword that serves as the physical manifestation of Dante's power.<\/p>\n<p>She changed form after coming into contact with Dante's blood. She has transformed into a larger, more powerful form. Rebellion is the only one capable of stopping the strikes of Vergil's legendary Yamato sword.<\/p>\n<p><a href=\"https:\/\/devilmaycrydmc.fandom.com\/fr\/wiki\/Dante_(DmC)#Personnalit\u00e9\" target=\"_blank\" rel=\"noopener noreferrer\">Dante<\/a> is the eldest child of an angel named Eva and the demon Sparda, and brother of Vergil. Thanks to his supernatural lineage, Dante enjoys a myriad of superhuman abilities that make him a force to be reckoned with.<\/p>\n<h2>Your Dante DMC Rebellion Sword at the best price.<\/h2>\n<p>We offer a wide selection of Manga and video game replicas.<\/p>\n<p>First and foremost,<\/p>\n<ul>\n<li>The replica of the <a href=\"https:\/\/repliquemangacine.fr\/en\/other-video-games\/katana-yamoto-vergil-dmc-devil-my-cry\/\">katana Yamoto<\/a> his brother Vergil's legendary sword.<\/li>\n<li>As well as the<a href=\"https:\/\/repliquemangacine.fr\/en\/other-video-games\/fushigiri-mortal-blade-sekiro-shadows-die-twice\/\"> katana Fushigiri, Mortal Blade<\/a> in the video game sekiro: shadows die twice...<\/li>\n<li>There is also the <a href=\"https:\/\/repliquemangacine.fr\/en\/other-video-games\/katana-sephiroth-masamune-140cm\/\">Sephiroth katana<\/a>140cm masamune in Final Fantasy VII.<\/li>\n<li>And many more to discover in our online store!<\/li>\n<\/ul>\n<p>That's why here are some great gift ideas for all Devil My Cry fans.<\/p>\n<p>To conclude, you can use the<strong>Dante DMC Rebellion Sword<\/strong> for your cosplay parades or theme parties. But above all, this sword is a collector's item and a decoration.<\/p>\n<p>R\u00e9plique Manga Cin\u00e9 is a French company<\/p>\n<h2>How to maintain the blade of your Devil My Cry sword?<\/h2>\n<p>Collector's and decorative katanas are made and assembled in a simplified way. As their use is decorative, they lack the safety features required of a Japanese saber intended for training.<\/p>\n<p>However, your <strong>Dante DMC Rebellion Sword<\/strong> to a steel blade that needs to be cared for to avoid damage over time. In fact, when you display your katana, your friends will be curious to see and touch the blade. This is where you need to be careful, as the acidity of your fingers is very harmful to steel, whatever its quality.<\/p>\n<p>However, if this does happen, don't panic - all you need is a cloth dampened with a little oil and a wipe of fingerprints. By doing so, you'll keep your sword looking its best for a very long time.<\/p>","protected":false},"excerpt":{"rendered":"<p>Rebellion, Dante's basic sword.<\/p>\n<ul>\n<li>Double-edged (non-cutting) steel blade.<\/li>\n<li>Metal handle.<\/li>\n<li>Demon-shaped steel guard.<\/li>\n<li>Specially shaped steel knob.<\/li>\n<li>Devil My Cry wall bracket.<\/li>\n<li>Blade length: 96 cm - Total length: 140 cm - Total weight: 3180 grs<\/li>\n<\/ul>","protected":false},"featured_media":25507,"template":"","meta":[],"product_brand":[896],"product_cat":[880,23,67],"product_tag":[],"class_list":{"0":"post-25506","1":"product","2":"type-product","3":"status-publish","4":"has-post-thumbnail","6":"product_brand-replique-manga-cine","7":"product_cat-devil-may-cry","8":"product_cat-repliques-manga-jeux-video","9":"product_cat-katana-et-epee-de-jeux-video-autre-jeux-video","11":"first","12":"instock","13":"taxable","14":"shipping-taxable","15":"purchasable","16":"product-type-simple"},"yoast_head":"<!-- This site is optimized with the Yoast SEO plugin v27.5 - https:\/\/yoast.com\/product\/yoast-seo-wordpress\/ -->\n<title>Ep\u00e9e Rebellion Dante DMC - Devil My Cry - R\u00e9plique Manga Cin\u00e9<\/title>\n<meta name=\"description\" content=\"Offrez-vous cette Ep\u00e9e Rebellion Dante DMC au meilleur prix. Lame en acier - Garde t\u00eate de mort - \u00c9chelle 1\/1 - Longueur : 140 cm - Envoi 24\/48h\" \/>\n<meta name=\"robots\" content=\"index, follow, max-snippet:-1, max-image-preview:large, max-video-preview:-1\" \/>\n<link rel=\"canonical\" href=\"https:\/\/repliquemangacine.fr\/en\/devil-may-cry\/epee-rebellion-epee-de-dante-devil-may-cry\/\" \/>\n<meta property=\"og:locale\" content=\"en_US\" \/>\n<meta property=\"og:type\" content=\"article\" \/>\n<meta property=\"og:title\" content=\"Ep\u00e9e Rebellion Dante DMC - Devil My Cry - R\u00e9plique Manga Cin\u00e9\" \/>\n<meta property=\"og:description\" content=\"Offrez-vous cette Ep\u00e9e Rebellion Dante DMC au meilleur prix. Lame en acier - Garde t\u00eate de mort - \u00c9chelle 1\/1 - Longueur : 140 cm - Envoi 24\/48h\" \/>\n<meta property=\"og:url\" content=\"https:\/\/repliquemangacine.fr\/en\/devil-may-cry\/epee-rebellion-epee-de-dante-devil-may-cry\/\" \/>\n<meta property=\"og:site_name\" content=\"R\u00e9plique Manga Cin\u00e9\" \/>\n<meta property=\"article:publisher\" content=\"https:\/\/www.facebook.com\/RepliqueMangaCine\" \/>\n<meta property=\"article:modified_time\" content=\"2025-11-25T09:40:46+00:00\" \/>\n<meta property=\"og:image\" content=\"https:\/\/repliquemangacine.fr\/wp-content\/uploads\/2023\/10\/287-Epee-Rebellion-Devil-My-Cry.jpg\" \/>\n\t<meta property=\"og:image:width\" content=\"800\" \/>\n\t<meta property=\"og:image:height\" content=\"800\" \/>\n\t<meta property=\"og:image:type\" content=\"image\/jpeg\" \/>\n<meta name=\"twitter:card\" content=\"summary_large_image\" \/>\n<meta name=\"twitter:label1\" content=\"Est. reading time\" \/>\n\t<meta name=\"twitter:data1\" content=\"3 minutes\" \/>\n<script type=\"application\/ld+json\" class=\"yoast-schema-graph\">{\"@context\":\"https:\\\/\\\/schema.org\",\"@graph\":[{\"@type\":\"WebPage\",\"@id\":\"https:\\\/\\\/repliquemangacine.fr\\\/devil-may-cry\\\/epee-rebellion-epee-de-dante-devil-may-cry\\\/\",\"url\":\"https:\\\/\\\/repliquemangacine.fr\\\/devil-may-cry\\\/epee-rebellion-epee-de-dante-devil-may-cry\\\/\",\"name\":\"Ep\u00e9e Rebellion Dante DMC - Devil My Cry - R\u00e9plique Manga Cin\u00e9\",\"isPartOf\":{\"@id\":\"https:\\\/\\\/repliquemangacine.fr\\\/#website\"},\"primaryImageOfPage\":{\"@id\":\"https:\\\/\\\/repliquemangacine.fr\\\/devil-may-cry\\\/epee-rebellion-epee-de-dante-devil-may-cry\\\/#primaryimage\"},\"image\":{\"@id\":\"https:\\\/\\\/repliquemangacine.fr\\\/devil-may-cry\\\/epee-rebellion-epee-de-dante-devil-may-cry\\\/#primaryimage\"},\"thumbnailUrl\":\"https:\\\/\\\/repliquemangacine.fr\\\/wp-content\\\/uploads\\\/2023\\\/10\\\/287-Epee-Rebellion-Devil-My-Cry.jpg\",\"datePublished\":\"2016-09-07T14:51:00+00:00\",\"dateModified\":\"2025-11-25T09:40:46+00:00\",\"description\":\"Offrez-vous cette Ep\u00e9e Rebellion Dante DMC au meilleur prix. Lame en acier - Garde t\u00eate de mort - \u00c9chelle 1\\\/1 - Longueur : 140 cm - Envoi 24\\\/48h\",\"breadcrumb\":{\"@id\":\"https:\\\/\\\/repliquemangacine.fr\\\/devil-may-cry\\\/epee-rebellion-epee-de-dante-devil-may-cry\\\/#breadcrumb\"},\"inLanguage\":\"en-US\",\"potentialAction\":[{\"@type\":\"ReadAction\",\"target\":[\"https:\\\/\\\/repliquemangacine.fr\\\/devil-may-cry\\\/epee-rebellion-epee-de-dante-devil-may-cry\\\/\"]}]},{\"@type\":\"ImageObject\",\"inLanguage\":\"en-US\",\"@id\":\"https:\\\/\\\/repliquemangacine.fr\\\/devil-may-cry\\\/epee-rebellion-epee-de-dante-devil-may-cry\\\/#primaryimage\",\"url\":\"https:\\\/\\\/repliquemangacine.fr\\\/wp-content\\\/uploads\\\/2023\\\/10\\\/287-Epee-Rebellion-Devil-My-Cry.jpg\",\"contentUrl\":\"https:\\\/\\\/repliquemangacine.fr\\\/wp-content\\\/uploads\\\/2023\\\/10\\\/287-Epee-Rebellion-Devil-My-Cry.jpg\",\"width\":800,\"height\":800,\"caption\":\"Ep\u00e9e Rebellion Dante DMC - Devil My Cry\"},{\"@type\":\"BreadcrumbList\",\"@id\":\"https:\\\/\\\/repliquemangacine.fr\\\/devil-may-cry\\\/epee-rebellion-epee-de-dante-devil-may-cry\\\/#breadcrumb\",\"itemListElement\":[{\"@type\":\"ListItem\",\"position\":1,\"name\":\"Accueil\",\"item\":\"https:\\\/\\\/repliquemangacine.fr\\\/\"},{\"@type\":\"ListItem\",\"position\":2,\"name\":\"Produits\",\"item\":\"https:\\\/\\\/repliquemangacine.fr\\\/boutique\\\/\"},{\"@type\":\"ListItem\",\"position\":3,\"name\":\"Ep\u00e9e Rebellion Dante DMC &#8211; Devil May Cry\"}]},{\"@type\":\"WebSite\",\"@id\":\"https:\\\/\\\/repliquemangacine.fr\\\/#website\",\"url\":\"https:\\\/\\\/repliquemangacine.fr\\\/\",\"name\":\"R\u00e9plique Manga Cin\u00e9\",\"description\":\"\",\"publisher\":{\"@id\":\"https:\\\/\\\/repliquemangacine.fr\\\/#organization\"},\"potentialAction\":[{\"@type\":\"SearchAction\",\"target\":{\"@type\":\"EntryPoint\",\"urlTemplate\":\"https:\\\/\\\/repliquemangacine.fr\\\/?s={search_term_string}\"},\"query-input\":{\"@type\":\"PropertyValueSpecification\",\"valueRequired\":true,\"valueName\":\"search_term_string\"}}],\"inLanguage\":\"en-US\"},{\"@type\":\"Organization\",\"@id\":\"https:\\\/\\\/repliquemangacine.fr\\\/#organization\",\"name\":\"R\u00e9plique Manga Cin\u00e9\",\"url\":\"https:\\\/\\\/repliquemangacine.fr\\\/\",\"logo\":{\"@type\":\"ImageObject\",\"inLanguage\":\"en-US\",\"@id\":\"https:\\\/\\\/repliquemangacine.fr\\\/#\\\/schema\\\/logo\\\/image\\\/\",\"url\":\"https:\\\/\\\/repliquemangacine.fr\\\/wp-content\\\/uploads\\\/2023\\\/10\\\/RMC-500250.png\",\"contentUrl\":\"https:\\\/\\\/repliquemangacine.fr\\\/wp-content\\\/uploads\\\/2023\\\/10\\\/RMC-500250.png\",\"width\":500,\"height\":250,\"caption\":\"R\u00e9plique Manga Cin\u00e9\"},\"image\":{\"@id\":\"https:\\\/\\\/repliquemangacine.fr\\\/#\\\/schema\\\/logo\\\/image\\\/\"},\"sameAs\":[\"https:\\\/\\\/www.facebook.com\\\/RepliqueMangaCine\",\"https:\\\/\\\/www.instagram.com\\\/repliquemangacine.fr\\\/\"]}]}<\/script>\n<!-- \/ Yoast SEO plugin. -->","yoast_head_json":{"title":"Dante DMC Rebellion Sword - Devil My Cry - R\u00e9plique Manga Cin\u00e9","description":"Treat yourself to this Rebellion Dante DMC sword at the best price. Steel blade - Skull guard - Scale 1\/1 - Length: 140 cm - Shipment 24\/48h","robots":{"index":"index","follow":"follow","max-snippet":"max-snippet:-1","max-image-preview":"max-image-preview:large","max-video-preview":"max-video-preview:-1"},"canonical":"https:\/\/repliquemangacine.fr\/en\/devil-may-cry\/epee-rebellion-epee-de-dante-devil-may-cry\/","og_locale":"en_US","og_type":"article","og_title":"Ep\u00e9e Rebellion Dante DMC - Devil My Cry - R\u00e9plique Manga Cin\u00e9","og_description":"Offrez-vous cette Ep\u00e9e Rebellion Dante DMC au meilleur prix. Lame en acier - Garde t\u00eate de mort - \u00c9chelle 1\/1 - Longueur : 140 cm - Envoi 24\/48h","og_url":"https:\/\/repliquemangacine.fr\/en\/devil-may-cry\/epee-rebellion-epee-de-dante-devil-may-cry\/","og_site_name":"R\u00e9plique Manga Cin\u00e9","article_publisher":"https:\/\/www.facebook.com\/RepliqueMangaCine","article_modified_time":"2025-11-25T09:40:46+00:00","og_image":[{"width":800,"height":800,"url":"https:\/\/repliquemangacine.fr\/wp-content\/uploads\/2023\/10\/287-Epee-Rebellion-Devil-My-Cry.jpg","type":"image\/jpeg"}],"twitter_card":"summary_large_image","twitter_misc":{"Est. reading time":"3 minutes"},"schema":{"@context":"https:\/\/schema.org","@graph":[{"@type":"WebPage","@id":"https:\/\/repliquemangacine.fr\/devil-may-cry\/epee-rebellion-epee-de-dante-devil-may-cry\/","url":"https:\/\/repliquemangacine.fr\/devil-may-cry\/epee-rebellion-epee-de-dante-devil-may-cry\/","name":"Dante DMC Rebellion Sword - Devil My Cry - R\u00e9plique Manga Cin\u00e9","isPartOf":{"@id":"https:\/\/repliquemangacine.fr\/#website"},"primaryImageOfPage":{"@id":"https:\/\/repliquemangacine.fr\/devil-may-cry\/epee-rebellion-epee-de-dante-devil-may-cry\/#primaryimage"},"image":{"@id":"https:\/\/repliquemangacine.fr\/devil-may-cry\/epee-rebellion-epee-de-dante-devil-may-cry\/#primaryimage"},"thumbnailUrl":"https:\/\/repliquemangacine.fr\/wp-content\/uploads\/2023\/10\/287-Epee-Rebellion-Devil-My-Cry.jpg","datePublished":"2016-09-07T14:51:00+00:00","dateModified":"2025-11-25T09:40:46+00:00","description":"Treat yourself to this Rebellion Dante DMC sword at the best price. Steel blade - Skull guard - Scale 1\/1 - Length: 140 cm - Shipment 24\/48h","breadcrumb":{"@id":"https:\/\/repliquemangacine.fr\/devil-may-cry\/epee-rebellion-epee-de-dante-devil-may-cry\/#breadcrumb"},"inLanguage":"en-US","potentialAction":[{"@type":"ReadAction","target":["https:\/\/repliquemangacine.fr\/devil-may-cry\/epee-rebellion-epee-de-dante-devil-may-cry\/"]}]},{"@type":"ImageObject","inLanguage":"en-US","@id":"https:\/\/repliquemangacine.fr\/devil-may-cry\/epee-rebellion-epee-de-dante-devil-may-cry\/#primaryimage","url":"https:\/\/repliquemangacine.fr\/wp-content\/uploads\/2023\/10\/287-Epee-Rebellion-Devil-My-Cry.jpg","contentUrl":"https:\/\/repliquemangacine.fr\/wp-content\/uploads\/2023\/10\/287-Epee-Rebellion-Devil-My-Cry.jpg","width":800,"height":800,"caption":"Ep\u00e9e Rebellion Dante DMC - Devil My Cry"},{"@type":"BreadcrumbList","@id":"https:\/\/repliquemangacine.fr\/devil-may-cry\/epee-rebellion-epee-de-dante-devil-may-cry\/#breadcrumb","itemListElement":[{"@type":"ListItem","position":1,"name":"Accueil","item":"https:\/\/repliquemangacine.fr\/"},{"@type":"ListItem","position":2,"name":"Produits","item":"https:\/\/repliquemangacine.fr\/boutique\/"},{"@type":"ListItem","position":3,"name":"Ep\u00e9e Rebellion Dante DMC &#8211; Devil May Cry"}]},{"@type":"WebSite","@id":"https:\/\/repliquemangacine.fr\/#website","url":"https:\/\/repliquemangacine.fr\/","name":"R\u00e9plique Manga Cin\u00e9","description":"","publisher":{"@id":"https:\/\/repliquemangacine.fr\/#organization"},"potentialAction":[{"@type":"SearchAction","target":{"@type":"EntryPoint","urlTemplate":"https:\/\/repliquemangacine.fr\/?s={search_term_string}"},"query-input":{"@type":"PropertyValueSpecification","valueRequired":true,"valueName":"search_term_string"}}],"inLanguage":"en-US"},{"@type":"Organization","@id":"https:\/\/repliquemangacine.fr\/#organization","name":"R\u00e9plique Manga Cin\u00e9","url":"https:\/\/repliquemangacine.fr\/","logo":{"@type":"ImageObject","inLanguage":"en-US","@id":"https:\/\/repliquemangacine.fr\/#\/schema\/logo\/image\/","url":"https:\/\/repliquemangacine.fr\/wp-content\/uploads\/2023\/10\/RMC-500250.png","contentUrl":"https:\/\/repliquemangacine.fr\/wp-content\/uploads\/2023\/10\/RMC-500250.png","width":500,"height":250,"caption":"R\u00e9plique Manga Cin\u00e9"},"image":{"@id":"https:\/\/repliquemangacine.fr\/#\/schema\/logo\/image\/"},"sameAs":["https:\/\/www.facebook.com\/RepliqueMangaCine","https:\/\/www.instagram.com\/repliquemangacine.fr\/"]}]}},"_links":{"self":[{"href":"https:\/\/repliquemangacine.fr\/en\/wp-json\/wp\/v2\/product\/25506","targetHints":{"allow":["GET"]}}],"collection":[{"href":"https:\/\/repliquemangacine.fr\/en\/wp-json\/wp\/v2\/product"}],"about":[{"href":"https:\/\/repliquemangacine.fr\/en\/wp-json\/wp\/v2\/types\/product"}],"wp:featuredmedia":[{"embeddable":true,"href":"https:\/\/repliquemangacine.fr\/en\/wp-json\/wp\/v2\/media\/25507"}],"wp:attachment":[{"href":"https:\/\/repliquemangacine.fr\/en\/wp-json\/wp\/v2\/media?parent=25506"}],"wp:term":[{"taxonomy":"product_brand","embeddable":true,"href":"https:\/\/repliquemangacine.fr\/en\/wp-json\/wp\/v2\/product_brand?post=25506"},{"taxonomy":"product_cat","embeddable":true,"href":"https:\/\/repliquemangacine.fr\/en\/wp-json\/wp\/v2\/product_cat?post=25506"},{"taxonomy":"product_tag","embeddable":true,"href":"https:\/\/repliquemangacine.fr\/en\/wp-json\/wp\/v2\/product_tag?post=25506"}],"curies":[{"name":"wp","href":"https:\/\/api.w.org\/{rel}","templated":true}]}}