





{"id":25491,"date":"2016-09-05T19:59:32","date_gmt":"2016-09-05T17:59:32","guid":{"rendered":"https:\/\/repliquemangacine.fr\/?post_type=product&#038;p=25491"},"modified":"2026-03-09T14:34:11","modified_gmt":"2026-03-09T13:34:11","slug":"zelda-legend-sword-link-sword","status":"publish","type":"product","link":"https:\/\/repliquemangacine.fr\/en\/epee-zelda\/zelda-epee-de-legende-epee-de-link\/","title":{"rendered":"Link Zelda's sword"},"content":{"rendered":"<h2>Link Zelda's legendary sword.<\/h2>\n<p>To begin with, the<strong>Link Zelda's sword<\/strong> is the most emblematic of the series. Known as the Master Sword in English translations, this sacred sword is used to repel evil, or more generally to repel Ganon, but it is also used to acquire new powers.<\/p>\n<p>Its origin is revealed in Skyward Sword, where it was once the Divine Sword, perfected and changed into this sword of Legend after Link dipped his sword in the three flames of the goddesses.<\/p>\n<p>Link leaves home to fight the forces of evil. Although he doesn't seem to know his way around weapons very well at the start of the games, he soon masters new techniques and builds up a varied arsenal, with the sword remaining his signature weapon. Link belongs to the <a href=\"https:\/\/zelda.fandom.com\/fr\/wiki\/Hylien\" target=\"_blank\" rel=\"noopener noreferrer\">Hylians<\/a>.<\/p>\n<h2>Your Link's Sword in Zelda at the best price.<\/h2>\n<p>We offer a wide selection of Zelda video game replicas<\/p>\n<p>First and foremost,<\/p>\n<ul>\n<li>L'<a href=\"https:\/\/repliquemangacine.fr\/en\/zelda\/epee-de-link-master-sword-edition-limitee\/\">Master Sword<\/a> in a luxury version with its leather sheath and absolutely remarkable finishes.<\/li>\n<li>Next, <a href=\"https:\/\/repliquemangacine.fr\/en\/zelda\/bouclier-de-zelda-en-mousse-bouclier-hylian-de-link\/\">Hylian foam shield<\/a> of Link with his Triforce.<\/li>\n<li>As well as the<a href=\"https:\/\/repliquemangacine.fr\/en\/zelda\/zelda-epee-dark-link-link-corrompu\/\">Dark link sword<\/a> and its dark side.<\/li>\n<li>And many more to discover in our online store!<\/li>\n<\/ul>\n<p>That's why this is a great gift idea for Zelda fans.<\/p>\n<p>In conclusion, you can use<strong>Link Zelda's sword<\/strong> for your Cosplay parades at conventions. But above all, it's a collector's item and a decoration.<\/p>\n<h2>How to maintain the blade of your legendary sword?<\/h2>\n<p>Collector's and decorative swords are made and assembled in a simplified way. As their use is decorative, they lack the safety features required of a Japanese sword intended for training.<\/p>\n<p>However, your <strong>Link Zelda's sword<\/strong> to a steel blade that needs to be cared for to avoid damage over time. In fact, when you display your katana, your friends will be curious to see and touch the blade. This is where you need to be careful, as the acidity of your fingers is very harmful to steel, whatever its quality.<\/p>\n<p>However, if this does happen, don't panic - all you need is a cloth dampened with a little oil and a wipe of fingerprints. By doing so, you'll keep your sword looking its best for a very long time.<\/p>","protected":false},"excerpt":{"rendered":"<p>Master Sword, the most emblematic sword in the Zelda series.<\/p>\n<ul>\n<li>Steel blade with Triforce.<\/li>\n<li>Metal handle and guard.<\/li>\n<li>Blue lacquered wooden scabbard.<\/li>\n<li>Blade length: 74cm - Total length: 100cm<\/li>\n<\/ul>","protected":false},"featured_media":25492,"template":"","meta":[],"product_brand":[896],"product_cat":[23,56],"product_tag":[],"class_list":{"0":"post-25491","1":"product","2":"type-product","3":"status-publish","4":"has-post-thumbnail","6":"product_brand-replique-manga-cine","7":"product_cat-repliques-manga-jeux-video","8":"product_cat-epee-zelda","10":"first","11":"instock","12":"taxable","13":"shipping-taxable","14":"purchasable","15":"product-type-simple"},"yoast_head":"<!-- This site is optimized with the Yoast SEO plugin v27.4 - https:\/\/yoast.com\/product\/yoast-seo-wordpress\/ -->\n<title>Ep\u00e9e de Link Zelda - Ep\u00e9e de L\u00e9gende - Boutique en ligne | RMC<\/title>\n<meta name=\"description\" content=\"Offrez-vous l&#039;Ep\u00e9e de Link Zelda au meilleur prix - Lame acier avec Triforce - Fourreau bois - Longueur totale : 100 cm - Envoi 24\/48h\" \/>\n<meta name=\"robots\" content=\"index, follow, max-snippet:-1, max-image-preview:large, max-video-preview:-1\" \/>\n<link rel=\"canonical\" href=\"https:\/\/repliquemangacine.fr\/en\/zelda-sword\/zelda-legend-sword-link-sword\/\" \/>\n<meta property=\"og:locale\" content=\"en_US\" \/>\n<meta property=\"og:type\" content=\"article\" \/>\n<meta property=\"og:title\" content=\"Ep\u00e9e de Link Zelda - Ep\u00e9e de L\u00e9gende - Boutique en ligne | RMC\" \/>\n<meta property=\"og:description\" content=\"Offrez-vous l&#039;Ep\u00e9e de Link Zelda au meilleur prix - Lame acier avec Triforce - Fourreau bois - Longueur totale : 100 cm - Envoi 24\/48h\" \/>\n<meta property=\"og:url\" content=\"https:\/\/repliquemangacine.fr\/en\/zelda-sword\/zelda-legend-sword-link-sword\/\" \/>\n<meta property=\"og:site_name\" content=\"R\u00e9plique Manga Cin\u00e9\" \/>\n<meta property=\"article:publisher\" content=\"https:\/\/www.facebook.com\/RepliqueMangaCine\" \/>\n<meta property=\"article:modified_time\" content=\"2026-03-09T13:34:11+00:00\" \/>\n<meta property=\"og:image\" content=\"https:\/\/repliquemangacine.fr\/wp-content\/uploads\/2023\/10\/277-Zelda-Epee-de-legende-Epee-excalibur.jpg\" \/>\n\t<meta property=\"og:image:width\" content=\"800\" \/>\n\t<meta property=\"og:image:height\" content=\"800\" \/>\n\t<meta property=\"og:image:type\" content=\"image\/jpeg\" \/>\n<meta name=\"twitter:card\" content=\"summary_large_image\" \/>\n<meta name=\"twitter:label1\" content=\"Est. reading time\" \/>\n\t<meta name=\"twitter:data1\" content=\"2 minutes\" \/>\n<script type=\"application\/ld+json\" class=\"yoast-schema-graph\">{\"@context\":\"https:\\\/\\\/schema.org\",\"@graph\":[{\"@type\":\"WebPage\",\"@id\":\"https:\\\/\\\/repliquemangacine.fr\\\/epee-zelda\\\/zelda-epee-de-legende-epee-de-link\\\/\",\"url\":\"https:\\\/\\\/repliquemangacine.fr\\\/epee-zelda\\\/zelda-epee-de-legende-epee-de-link\\\/\",\"name\":\"Ep\u00e9e de Link Zelda - Ep\u00e9e de L\u00e9gende - Boutique en ligne | RMC\",\"isPartOf\":{\"@id\":\"https:\\\/\\\/repliquemangacine.fr\\\/#website\"},\"primaryImageOfPage\":{\"@id\":\"https:\\\/\\\/repliquemangacine.fr\\\/epee-zelda\\\/zelda-epee-de-legende-epee-de-link\\\/#primaryimage\"},\"image\":{\"@id\":\"https:\\\/\\\/repliquemangacine.fr\\\/epee-zelda\\\/zelda-epee-de-legende-epee-de-link\\\/#primaryimage\"},\"thumbnailUrl\":\"https:\\\/\\\/repliquemangacine.fr\\\/wp-content\\\/uploads\\\/2023\\\/10\\\/277-Zelda-Epee-de-legende-Epee-excalibur.jpg\",\"datePublished\":\"2016-09-05T17:59:32+00:00\",\"dateModified\":\"2026-03-09T13:34:11+00:00\",\"description\":\"Offrez-vous l'Ep\u00e9e de Link Zelda au meilleur prix - Lame acier avec Triforce - Fourreau bois - Longueur totale : 100 cm - Envoi 24\\\/48h\",\"breadcrumb\":{\"@id\":\"https:\\\/\\\/repliquemangacine.fr\\\/epee-zelda\\\/zelda-epee-de-legende-epee-de-link\\\/#breadcrumb\"},\"inLanguage\":\"en-US\",\"potentialAction\":[{\"@type\":\"ReadAction\",\"target\":[\"https:\\\/\\\/repliquemangacine.fr\\\/epee-zelda\\\/zelda-epee-de-legende-epee-de-link\\\/\"]}]},{\"@type\":\"ImageObject\",\"inLanguage\":\"en-US\",\"@id\":\"https:\\\/\\\/repliquemangacine.fr\\\/epee-zelda\\\/zelda-epee-de-legende-epee-de-link\\\/#primaryimage\",\"url\":\"https:\\\/\\\/repliquemangacine.fr\\\/wp-content\\\/uploads\\\/2023\\\/10\\\/277-Zelda-Epee-de-legende-Epee-excalibur.jpg\",\"contentUrl\":\"https:\\\/\\\/repliquemangacine.fr\\\/wp-content\\\/uploads\\\/2023\\\/10\\\/277-Zelda-Epee-de-legende-Epee-excalibur.jpg\",\"width\":800,\"height\":800,\"caption\":\"Zelda - Ep\u00e9e de l\u00e9gende - Ep\u00e9e excalibur\"},{\"@type\":\"BreadcrumbList\",\"@id\":\"https:\\\/\\\/repliquemangacine.fr\\\/epee-zelda\\\/zelda-epee-de-legende-epee-de-link\\\/#breadcrumb\",\"itemListElement\":[{\"@type\":\"ListItem\",\"position\":1,\"name\":\"Accueil\",\"item\":\"https:\\\/\\\/repliquemangacine.fr\\\/\"},{\"@type\":\"ListItem\",\"position\":2,\"name\":\"Produits\",\"item\":\"https:\\\/\\\/repliquemangacine.fr\\\/boutique\\\/\"},{\"@type\":\"ListItem\",\"position\":3,\"name\":\"Ep\u00e9e de Link Zelda\"}]},{\"@type\":\"WebSite\",\"@id\":\"https:\\\/\\\/repliquemangacine.fr\\\/#website\",\"url\":\"https:\\\/\\\/repliquemangacine.fr\\\/\",\"name\":\"R\u00e9plique Manga Cin\u00e9\",\"description\":\"\",\"publisher\":{\"@id\":\"https:\\\/\\\/repliquemangacine.fr\\\/#organization\"},\"potentialAction\":[{\"@type\":\"SearchAction\",\"target\":{\"@type\":\"EntryPoint\",\"urlTemplate\":\"https:\\\/\\\/repliquemangacine.fr\\\/?s={search_term_string}\"},\"query-input\":{\"@type\":\"PropertyValueSpecification\",\"valueRequired\":true,\"valueName\":\"search_term_string\"}}],\"inLanguage\":\"en-US\"},{\"@type\":\"Organization\",\"@id\":\"https:\\\/\\\/repliquemangacine.fr\\\/#organization\",\"name\":\"R\u00e9plique Manga Cin\u00e9\",\"url\":\"https:\\\/\\\/repliquemangacine.fr\\\/\",\"logo\":{\"@type\":\"ImageObject\",\"inLanguage\":\"en-US\",\"@id\":\"https:\\\/\\\/repliquemangacine.fr\\\/#\\\/schema\\\/logo\\\/image\\\/\",\"url\":\"https:\\\/\\\/repliquemangacine.fr\\\/wp-content\\\/uploads\\\/2023\\\/10\\\/RMC-500250.png\",\"contentUrl\":\"https:\\\/\\\/repliquemangacine.fr\\\/wp-content\\\/uploads\\\/2023\\\/10\\\/RMC-500250.png\",\"width\":500,\"height\":250,\"caption\":\"R\u00e9plique Manga Cin\u00e9\"},\"image\":{\"@id\":\"https:\\\/\\\/repliquemangacine.fr\\\/#\\\/schema\\\/logo\\\/image\\\/\"},\"sameAs\":[\"https:\\\/\\\/www.facebook.com\\\/RepliqueMangaCine\",\"https:\\\/\\\/www.instagram.com\\\/repliquemangacine.fr\\\/\"]}]}<\/script>\n<!-- \/ Yoast SEO plugin. -->","yoast_head_json":{"title":"Link Zelda Sword - Legend Sword - Online Shop | RMC","description":"Treat yourself to the Link Zelda Sword at the best price - Steel blade with Triforce - Wooden scabbard - Total length: 100 cm - Shipment 24\/48h","robots":{"index":"index","follow":"follow","max-snippet":"max-snippet:-1","max-image-preview":"max-image-preview:large","max-video-preview":"max-video-preview:-1"},"canonical":"https:\/\/repliquemangacine.fr\/en\/zelda-sword\/zelda-legend-sword-link-sword\/","og_locale":"en_US","og_type":"article","og_title":"Ep\u00e9e de Link Zelda - Ep\u00e9e de L\u00e9gende - Boutique en ligne | RMC","og_description":"Offrez-vous l'Ep\u00e9e de Link Zelda au meilleur prix - Lame acier avec Triforce - Fourreau bois - Longueur totale : 100 cm - Envoi 24\/48h","og_url":"https:\/\/repliquemangacine.fr\/en\/zelda-sword\/zelda-legend-sword-link-sword\/","og_site_name":"R\u00e9plique Manga Cin\u00e9","article_publisher":"https:\/\/www.facebook.com\/RepliqueMangaCine","article_modified_time":"2026-03-09T13:34:11+00:00","og_image":[{"width":800,"height":800,"url":"https:\/\/repliquemangacine.fr\/wp-content\/uploads\/2023\/10\/277-Zelda-Epee-de-legende-Epee-excalibur.jpg","type":"image\/jpeg"}],"twitter_card":"summary_large_image","twitter_misc":{"Est. reading time":"2 minutes"},"schema":{"@context":"https:\/\/schema.org","@graph":[{"@type":"WebPage","@id":"https:\/\/repliquemangacine.fr\/epee-zelda\/zelda-epee-de-legende-epee-de-link\/","url":"https:\/\/repliquemangacine.fr\/epee-zelda\/zelda-epee-de-legende-epee-de-link\/","name":"Link Zelda Sword - Legend Sword - Online Shop | RMC","isPartOf":{"@id":"https:\/\/repliquemangacine.fr\/#website"},"primaryImageOfPage":{"@id":"https:\/\/repliquemangacine.fr\/epee-zelda\/zelda-epee-de-legende-epee-de-link\/#primaryimage"},"image":{"@id":"https:\/\/repliquemangacine.fr\/epee-zelda\/zelda-epee-de-legende-epee-de-link\/#primaryimage"},"thumbnailUrl":"https:\/\/repliquemangacine.fr\/wp-content\/uploads\/2023\/10\/277-Zelda-Epee-de-legende-Epee-excalibur.jpg","datePublished":"2016-09-05T17:59:32+00:00","dateModified":"2026-03-09T13:34:11+00:00","description":"Treat yourself to the Link Zelda Sword at the best price - Steel blade with Triforce - Wooden scabbard - Total length: 100 cm - Shipment 24\/48h","breadcrumb":{"@id":"https:\/\/repliquemangacine.fr\/epee-zelda\/zelda-epee-de-legende-epee-de-link\/#breadcrumb"},"inLanguage":"en-US","potentialAction":[{"@type":"ReadAction","target":["https:\/\/repliquemangacine.fr\/epee-zelda\/zelda-epee-de-legende-epee-de-link\/"]}]},{"@type":"ImageObject","inLanguage":"en-US","@id":"https:\/\/repliquemangacine.fr\/epee-zelda\/zelda-epee-de-legende-epee-de-link\/#primaryimage","url":"https:\/\/repliquemangacine.fr\/wp-content\/uploads\/2023\/10\/277-Zelda-Epee-de-legende-Epee-excalibur.jpg","contentUrl":"https:\/\/repliquemangacine.fr\/wp-content\/uploads\/2023\/10\/277-Zelda-Epee-de-legende-Epee-excalibur.jpg","width":800,"height":800,"caption":"Zelda - Ep\u00e9e de l\u00e9gende - Ep\u00e9e excalibur"},{"@type":"BreadcrumbList","@id":"https:\/\/repliquemangacine.fr\/epee-zelda\/zelda-epee-de-legende-epee-de-link\/#breadcrumb","itemListElement":[{"@type":"ListItem","position":1,"name":"Accueil","item":"https:\/\/repliquemangacine.fr\/"},{"@type":"ListItem","position":2,"name":"Produits","item":"https:\/\/repliquemangacine.fr\/boutique\/"},{"@type":"ListItem","position":3,"name":"Ep\u00e9e de Link Zelda"}]},{"@type":"WebSite","@id":"https:\/\/repliquemangacine.fr\/#website","url":"https:\/\/repliquemangacine.fr\/","name":"R\u00e9plique Manga Cin\u00e9","description":"","publisher":{"@id":"https:\/\/repliquemangacine.fr\/#organization"},"potentialAction":[{"@type":"SearchAction","target":{"@type":"EntryPoint","urlTemplate":"https:\/\/repliquemangacine.fr\/?s={search_term_string}"},"query-input":{"@type":"PropertyValueSpecification","valueRequired":true,"valueName":"search_term_string"}}],"inLanguage":"en-US"},{"@type":"Organization","@id":"https:\/\/repliquemangacine.fr\/#organization","name":"R\u00e9plique Manga Cin\u00e9","url":"https:\/\/repliquemangacine.fr\/","logo":{"@type":"ImageObject","inLanguage":"en-US","@id":"https:\/\/repliquemangacine.fr\/#\/schema\/logo\/image\/","url":"https:\/\/repliquemangacine.fr\/wp-content\/uploads\/2023\/10\/RMC-500250.png","contentUrl":"https:\/\/repliquemangacine.fr\/wp-content\/uploads\/2023\/10\/RMC-500250.png","width":500,"height":250,"caption":"R\u00e9plique Manga Cin\u00e9"},"image":{"@id":"https:\/\/repliquemangacine.fr\/#\/schema\/logo\/image\/"},"sameAs":["https:\/\/www.facebook.com\/RepliqueMangaCine","https:\/\/www.instagram.com\/repliquemangacine.fr\/"]}]}},"_links":{"self":[{"href":"https:\/\/repliquemangacine.fr\/en\/wp-json\/wp\/v2\/product\/25491","targetHints":{"allow":["GET"]}}],"collection":[{"href":"https:\/\/repliquemangacine.fr\/en\/wp-json\/wp\/v2\/product"}],"about":[{"href":"https:\/\/repliquemangacine.fr\/en\/wp-json\/wp\/v2\/types\/product"}],"wp:featuredmedia":[{"embeddable":true,"href":"https:\/\/repliquemangacine.fr\/en\/wp-json\/wp\/v2\/media\/25492"}],"wp:attachment":[{"href":"https:\/\/repliquemangacine.fr\/en\/wp-json\/wp\/v2\/media?parent=25491"}],"wp:term":[{"taxonomy":"product_brand","embeddable":true,"href":"https:\/\/repliquemangacine.fr\/en\/wp-json\/wp\/v2\/product_brand?post=25491"},{"taxonomy":"product_cat","embeddable":true,"href":"https:\/\/repliquemangacine.fr\/en\/wp-json\/wp\/v2\/product_cat?post=25491"},{"taxonomy":"product_tag","embeddable":true,"href":"https:\/\/repliquemangacine.fr\/en\/wp-json\/wp\/v2\/product_tag?post=25491"}],"curies":[{"name":"wp","href":"https:\/\/api.w.org\/{rel}","templated":true}]}}