





{"id":25485,"date":"2016-09-05T18:54:05","date_gmt":"2016-09-05T16:54:05","guid":{"rendered":"https:\/\/repliquemangacine.fr\/?post_type=product&#038;p=25485"},"modified":"2025-09-30T15:44:01","modified_gmt":"2025-09-30T13:44:01","slug":"epee-dark-link-zelda-link-corrompu","status":"publish","type":"product","link":"https:\/\/repliquemangacine.fr\/en\/epee-zelda\/epee-dark-link-zelda-link-corrompu\/","title":{"rendered":"Dark Link Zelda sword"},"content":{"rendered":"<h2>Dark Link sword in Zelda.<\/h2>\n<p>To begin with, the<strong>Dark Link sword<\/strong> also known as Link Noir, Link Sombre or <a href=\"https:\/\/zelda.fandom.com\/fr\/wiki\/Dark_Link\" target=\"_blank\" rel=\"noopener noreferrer\">Link Corrompu<\/a>, is Link's evil reflection. He generally possesses the same abilities as Link. First appearing in The Adventure of Link.<\/p>\n<p>He's one of the most popular antagonists in The Legend of Zelda universe, mainly due to his resemblance and abilities matching those of the series' central character, Link.<\/p>\n<p>The Legend Sword is the most emblematic of the series. Known as the Master Sword in English translations, this sacred sword is used to repel evil, or more often to repel Ganon, but it is also used to acquire new powers.<\/p>\n<h2>Your Dark Link sword at the best price.<\/h2>\n<p>We offer a wide selection of Zelda video game replicas<\/p>\n<p>First and foremost,<\/p>\n<ul>\n<li>L'<a href=\"https:\/\/repliquemangacine.fr\/en\/zelda\/master-sword-zelda-sword\/\">Master Sword<\/a> in a luxury version with its leather sheath and absolutely remarkable finishes.<\/li>\n<li>Next, <a href=\"https:\/\/repliquemangacine.fr\/en\/zelda\/bouclier-de-zelda-en-mousse-bouclier-hylian-de-link\/\">The Hylian shield<\/a> Link's foam Triforce.<\/li>\n<li>As well as the<a href=\"https:\/\/repliquemangacine.fr\/en\/zelda\/link-master-sword-foam-sword-in-zelda\/\">legendary sword in foam version<\/a>.<\/li>\n<li>And many more to discover in our online store!<\/li>\n<\/ul>\n<p>That's why this is a great gift idea for Zelda fans.<\/p>\n<p>In conclusion, you can use the Dark Link Sword in Zelda for your cosplay parades at conventions. But above all, it's a collector's item and a decoration.<\/p>\n<h2>How to maintain the blade of your Zelda sword?<\/h2>\n<p>Collector's and decorative swords are made and assembled in a simplified way. As their use is decorative, they lack the safety features required of a Japanese sword intended for training.<\/p>\n<p>However, your <strong>Dark Link sword<\/strong> to a steel blade that needs to be cared for to avoid damage over time. In fact, when you display your katana, your friends will be curious to see and touch the blade. This is where you need to be careful, as the acidity of your fingers is very harmful to steel, whatever its quality.<\/p>\n<p>However, if this does happen, don't panic - all you need is a cloth dampened with a little oil and a wipe of fingerprints. By doing so, you'll keep your sword looking its best for a very long time.<\/p>\n<p><strong>\u00a0<\/strong><\/p>","protected":false},"excerpt":{"rendered":"<p>Dark Link, also known as Link Noir, is Link's evil reflection.<\/p>\n<ul>\n<li>Steel blade with Triforce engraving.<\/li>\n<li>Wooden scabbard with black lacquered paint and Zelda emblem<\/li>\n<li>Black lacquered metal guard and handle.<\/li>\n<li>Blade length: 74cm - Total length: 100cm<\/li>\n<\/ul>","protected":false},"featured_media":25486,"template":"","meta":[],"product_brand":[896],"product_cat":[23,56],"product_tag":[],"class_list":{"0":"post-25485","1":"product","2":"type-product","3":"status-publish","4":"has-post-thumbnail","6":"product_brand-replique-manga-cine","7":"product_cat-repliques-manga-jeux-video","8":"product_cat-epee-zelda","10":"first","11":"instock","12":"taxable","13":"shipping-taxable","14":"purchasable","15":"product-type-simple"},"yoast_head":"<!-- This site is optimized with the Yoast SEO plugin v27.5 - https:\/\/yoast.com\/product\/yoast-seo-wordpress\/ -->\n<title>Ep\u00e9e Dark Link - Ep\u00e9e Zelda - Boutique en ligne | RMC<\/title>\n<meta name=\"description\" content=\"Commandez vite ! L&#039;Ep\u00e9e Dark Link dans Zelda au meilleur prix - Lame en acier - Fourreau d\u00e9cor\u00e9 - Echelle 1\/1 - Longueur : 100cm - Envoi 24\/48h\" \/>\n<meta name=\"robots\" content=\"index, follow, max-snippet:-1, max-image-preview:large, max-video-preview:-1\" \/>\n<link rel=\"canonical\" href=\"https:\/\/repliquemangacine.fr\/en\/zelda-sword\/epee-dark-link-zelda-link-corrompu\/\" \/>\n<meta property=\"og:locale\" content=\"en_US\" \/>\n<meta property=\"og:type\" content=\"article\" \/>\n<meta property=\"og:title\" content=\"Ep\u00e9e Dark Link - Ep\u00e9e Zelda - Boutique en ligne | RMC\" \/>\n<meta property=\"og:description\" content=\"Commandez vite ! L&#039;Ep\u00e9e Dark Link dans Zelda au meilleur prix - Lame en acier - Fourreau d\u00e9cor\u00e9 - Echelle 1\/1 - Longueur : 100cm - Envoi 24\/48h\" \/>\n<meta property=\"og:url\" content=\"https:\/\/repliquemangacine.fr\/en\/zelda-sword\/epee-dark-link-zelda-link-corrompu\/\" \/>\n<meta property=\"og:site_name\" content=\"R\u00e9plique Manga Cin\u00e9\" \/>\n<meta property=\"article:publisher\" content=\"https:\/\/www.facebook.com\/RepliqueMangaCine\" \/>\n<meta property=\"article:modified_time\" content=\"2025-09-30T13:44:01+00:00\" \/>\n<meta property=\"og:image\" content=\"https:\/\/repliquemangacine.fr\/wp-content\/uploads\/2023\/10\/272-Zelda-Epee-Dark-Link-Link-corrompu-noir.jpg\" \/>\n\t<meta property=\"og:image:width\" content=\"800\" \/>\n\t<meta property=\"og:image:height\" content=\"800\" \/>\n\t<meta property=\"og:image:type\" content=\"image\/jpeg\" \/>\n<meta name=\"twitter:card\" content=\"summary_large_image\" \/>\n<meta name=\"twitter:label1\" content=\"Est. reading time\" \/>\n\t<meta name=\"twitter:data1\" content=\"2 minutes\" \/>\n<script type=\"application\/ld+json\" class=\"yoast-schema-graph\">{\"@context\":\"https:\\\/\\\/schema.org\",\"@graph\":[{\"@type\":\"WebPage\",\"@id\":\"https:\\\/\\\/repliquemangacine.fr\\\/epee-zelda\\\/epee-dark-link-zelda-link-corrompu\\\/\",\"url\":\"https:\\\/\\\/repliquemangacine.fr\\\/epee-zelda\\\/epee-dark-link-zelda-link-corrompu\\\/\",\"name\":\"Ep\u00e9e Dark Link - Ep\u00e9e Zelda - Boutique en ligne | RMC\",\"isPartOf\":{\"@id\":\"https:\\\/\\\/repliquemangacine.fr\\\/#website\"},\"primaryImageOfPage\":{\"@id\":\"https:\\\/\\\/repliquemangacine.fr\\\/epee-zelda\\\/epee-dark-link-zelda-link-corrompu\\\/#primaryimage\"},\"image\":{\"@id\":\"https:\\\/\\\/repliquemangacine.fr\\\/epee-zelda\\\/epee-dark-link-zelda-link-corrompu\\\/#primaryimage\"},\"thumbnailUrl\":\"https:\\\/\\\/repliquemangacine.fr\\\/wp-content\\\/uploads\\\/2023\\\/10\\\/272-Zelda-Epee-Dark-Link-Link-corrompu-noir.jpg\",\"datePublished\":\"2016-09-05T16:54:05+00:00\",\"dateModified\":\"2025-09-30T13:44:01+00:00\",\"description\":\"Commandez vite ! L'Ep\u00e9e Dark Link dans Zelda au meilleur prix - Lame en acier - Fourreau d\u00e9cor\u00e9 - Echelle 1\\\/1 - Longueur : 100cm - Envoi 24\\\/48h\",\"breadcrumb\":{\"@id\":\"https:\\\/\\\/repliquemangacine.fr\\\/epee-zelda\\\/epee-dark-link-zelda-link-corrompu\\\/#breadcrumb\"},\"inLanguage\":\"en-US\",\"potentialAction\":[{\"@type\":\"ReadAction\",\"target\":[\"https:\\\/\\\/repliquemangacine.fr\\\/epee-zelda\\\/epee-dark-link-zelda-link-corrompu\\\/\"]}]},{\"@type\":\"ImageObject\",\"inLanguage\":\"en-US\",\"@id\":\"https:\\\/\\\/repliquemangacine.fr\\\/epee-zelda\\\/epee-dark-link-zelda-link-corrompu\\\/#primaryimage\",\"url\":\"https:\\\/\\\/repliquemangacine.fr\\\/wp-content\\\/uploads\\\/2023\\\/10\\\/272-Zelda-Epee-Dark-Link-Link-corrompu-noir.jpg\",\"contentUrl\":\"https:\\\/\\\/repliquemangacine.fr\\\/wp-content\\\/uploads\\\/2023\\\/10\\\/272-Zelda-Epee-Dark-Link-Link-corrompu-noir.jpg\",\"width\":800,\"height\":800,\"caption\":\"Zelda - Ep\u00e9e Dark Link - Link corrompu noir\"},{\"@type\":\"BreadcrumbList\",\"@id\":\"https:\\\/\\\/repliquemangacine.fr\\\/epee-zelda\\\/epee-dark-link-zelda-link-corrompu\\\/#breadcrumb\",\"itemListElement\":[{\"@type\":\"ListItem\",\"position\":1,\"name\":\"Accueil\",\"item\":\"https:\\\/\\\/repliquemangacine.fr\\\/\"},{\"@type\":\"ListItem\",\"position\":2,\"name\":\"Produits\",\"item\":\"https:\\\/\\\/repliquemangacine.fr\\\/boutique\\\/\"},{\"@type\":\"ListItem\",\"position\":3,\"name\":\"Ep\u00e9e Dark Link Zelda\"}]},{\"@type\":\"WebSite\",\"@id\":\"https:\\\/\\\/repliquemangacine.fr\\\/#website\",\"url\":\"https:\\\/\\\/repliquemangacine.fr\\\/\",\"name\":\"R\u00e9plique Manga Cin\u00e9\",\"description\":\"\",\"publisher\":{\"@id\":\"https:\\\/\\\/repliquemangacine.fr\\\/#organization\"},\"potentialAction\":[{\"@type\":\"SearchAction\",\"target\":{\"@type\":\"EntryPoint\",\"urlTemplate\":\"https:\\\/\\\/repliquemangacine.fr\\\/?s={search_term_string}\"},\"query-input\":{\"@type\":\"PropertyValueSpecification\",\"valueRequired\":true,\"valueName\":\"search_term_string\"}}],\"inLanguage\":\"en-US\"},{\"@type\":\"Organization\",\"@id\":\"https:\\\/\\\/repliquemangacine.fr\\\/#organization\",\"name\":\"R\u00e9plique Manga Cin\u00e9\",\"url\":\"https:\\\/\\\/repliquemangacine.fr\\\/\",\"logo\":{\"@type\":\"ImageObject\",\"inLanguage\":\"en-US\",\"@id\":\"https:\\\/\\\/repliquemangacine.fr\\\/#\\\/schema\\\/logo\\\/image\\\/\",\"url\":\"https:\\\/\\\/repliquemangacine.fr\\\/wp-content\\\/uploads\\\/2023\\\/10\\\/RMC-500250.png\",\"contentUrl\":\"https:\\\/\\\/repliquemangacine.fr\\\/wp-content\\\/uploads\\\/2023\\\/10\\\/RMC-500250.png\",\"width\":500,\"height\":250,\"caption\":\"R\u00e9plique Manga Cin\u00e9\"},\"image\":{\"@id\":\"https:\\\/\\\/repliquemangacine.fr\\\/#\\\/schema\\\/logo\\\/image\\\/\"},\"sameAs\":[\"https:\\\/\\\/www.facebook.com\\\/RepliqueMangaCine\",\"https:\\\/\\\/www.instagram.com\\\/repliquemangacine.fr\\\/\"]}]}<\/script>\n<!-- \/ Yoast SEO plugin. -->","yoast_head_json":{"title":"Sword Dark Link - Sword Zelda - Online Shop | RMC","description":"Order now! The Dark Link Sword in The Legend of Zelda at the best price - Steel blade - Decorated scabbard - Scale 1\/1 - Length: 100cm - Shipment 24\/48h","robots":{"index":"index","follow":"follow","max-snippet":"max-snippet:-1","max-image-preview":"max-image-preview:large","max-video-preview":"max-video-preview:-1"},"canonical":"https:\/\/repliquemangacine.fr\/en\/zelda-sword\/epee-dark-link-zelda-link-corrompu\/","og_locale":"en_US","og_type":"article","og_title":"Ep\u00e9e Dark Link - Ep\u00e9e Zelda - Boutique en ligne | RMC","og_description":"Commandez vite ! L'Ep\u00e9e Dark Link dans Zelda au meilleur prix - Lame en acier - Fourreau d\u00e9cor\u00e9 - Echelle 1\/1 - Longueur : 100cm - Envoi 24\/48h","og_url":"https:\/\/repliquemangacine.fr\/en\/zelda-sword\/epee-dark-link-zelda-link-corrompu\/","og_site_name":"R\u00e9plique Manga Cin\u00e9","article_publisher":"https:\/\/www.facebook.com\/RepliqueMangaCine","article_modified_time":"2025-09-30T13:44:01+00:00","og_image":[{"width":800,"height":800,"url":"https:\/\/repliquemangacine.fr\/wp-content\/uploads\/2023\/10\/272-Zelda-Epee-Dark-Link-Link-corrompu-noir.jpg","type":"image\/jpeg"}],"twitter_card":"summary_large_image","twitter_misc":{"Est. reading time":"2 minutes"},"schema":{"@context":"https:\/\/schema.org","@graph":[{"@type":"WebPage","@id":"https:\/\/repliquemangacine.fr\/epee-zelda\/epee-dark-link-zelda-link-corrompu\/","url":"https:\/\/repliquemangacine.fr\/epee-zelda\/epee-dark-link-zelda-link-corrompu\/","name":"Sword Dark Link - Sword Zelda - Online Shop | RMC","isPartOf":{"@id":"https:\/\/repliquemangacine.fr\/#website"},"primaryImageOfPage":{"@id":"https:\/\/repliquemangacine.fr\/epee-zelda\/epee-dark-link-zelda-link-corrompu\/#primaryimage"},"image":{"@id":"https:\/\/repliquemangacine.fr\/epee-zelda\/epee-dark-link-zelda-link-corrompu\/#primaryimage"},"thumbnailUrl":"https:\/\/repliquemangacine.fr\/wp-content\/uploads\/2023\/10\/272-Zelda-Epee-Dark-Link-Link-corrompu-noir.jpg","datePublished":"2016-09-05T16:54:05+00:00","dateModified":"2025-09-30T13:44:01+00:00","description":"Order now! The Dark Link Sword in The Legend of Zelda at the best price - Steel blade - Decorated scabbard - Scale 1\/1 - Length: 100cm - Shipment 24\/48h","breadcrumb":{"@id":"https:\/\/repliquemangacine.fr\/epee-zelda\/epee-dark-link-zelda-link-corrompu\/#breadcrumb"},"inLanguage":"en-US","potentialAction":[{"@type":"ReadAction","target":["https:\/\/repliquemangacine.fr\/epee-zelda\/epee-dark-link-zelda-link-corrompu\/"]}]},{"@type":"ImageObject","inLanguage":"en-US","@id":"https:\/\/repliquemangacine.fr\/epee-zelda\/epee-dark-link-zelda-link-corrompu\/#primaryimage","url":"https:\/\/repliquemangacine.fr\/wp-content\/uploads\/2023\/10\/272-Zelda-Epee-Dark-Link-Link-corrompu-noir.jpg","contentUrl":"https:\/\/repliquemangacine.fr\/wp-content\/uploads\/2023\/10\/272-Zelda-Epee-Dark-Link-Link-corrompu-noir.jpg","width":800,"height":800,"caption":"Zelda - Ep\u00e9e Dark Link - Link corrompu noir"},{"@type":"BreadcrumbList","@id":"https:\/\/repliquemangacine.fr\/epee-zelda\/epee-dark-link-zelda-link-corrompu\/#breadcrumb","itemListElement":[{"@type":"ListItem","position":1,"name":"Accueil","item":"https:\/\/repliquemangacine.fr\/"},{"@type":"ListItem","position":2,"name":"Produits","item":"https:\/\/repliquemangacine.fr\/boutique\/"},{"@type":"ListItem","position":3,"name":"Ep\u00e9e Dark Link Zelda"}]},{"@type":"WebSite","@id":"https:\/\/repliquemangacine.fr\/#website","url":"https:\/\/repliquemangacine.fr\/","name":"R\u00e9plique Manga Cin\u00e9","description":"","publisher":{"@id":"https:\/\/repliquemangacine.fr\/#organization"},"potentialAction":[{"@type":"SearchAction","target":{"@type":"EntryPoint","urlTemplate":"https:\/\/repliquemangacine.fr\/?s={search_term_string}"},"query-input":{"@type":"PropertyValueSpecification","valueRequired":true,"valueName":"search_term_string"}}],"inLanguage":"en-US"},{"@type":"Organization","@id":"https:\/\/repliquemangacine.fr\/#organization","name":"R\u00e9plique Manga Cin\u00e9","url":"https:\/\/repliquemangacine.fr\/","logo":{"@type":"ImageObject","inLanguage":"en-US","@id":"https:\/\/repliquemangacine.fr\/#\/schema\/logo\/image\/","url":"https:\/\/repliquemangacine.fr\/wp-content\/uploads\/2023\/10\/RMC-500250.png","contentUrl":"https:\/\/repliquemangacine.fr\/wp-content\/uploads\/2023\/10\/RMC-500250.png","width":500,"height":250,"caption":"R\u00e9plique Manga Cin\u00e9"},"image":{"@id":"https:\/\/repliquemangacine.fr\/#\/schema\/logo\/image\/"},"sameAs":["https:\/\/www.facebook.com\/RepliqueMangaCine","https:\/\/www.instagram.com\/repliquemangacine.fr\/"]}]}},"_links":{"self":[{"href":"https:\/\/repliquemangacine.fr\/en\/wp-json\/wp\/v2\/product\/25485","targetHints":{"allow":["GET"]}}],"collection":[{"href":"https:\/\/repliquemangacine.fr\/en\/wp-json\/wp\/v2\/product"}],"about":[{"href":"https:\/\/repliquemangacine.fr\/en\/wp-json\/wp\/v2\/types\/product"}],"wp:featuredmedia":[{"embeddable":true,"href":"https:\/\/repliquemangacine.fr\/en\/wp-json\/wp\/v2\/media\/25486"}],"wp:attachment":[{"href":"https:\/\/repliquemangacine.fr\/en\/wp-json\/wp\/v2\/media?parent=25485"}],"wp:term":[{"taxonomy":"product_brand","embeddable":true,"href":"https:\/\/repliquemangacine.fr\/en\/wp-json\/wp\/v2\/product_brand?post=25485"},{"taxonomy":"product_cat","embeddable":true,"href":"https:\/\/repliquemangacine.fr\/en\/wp-json\/wp\/v2\/product_cat?post=25485"},{"taxonomy":"product_tag","embeddable":true,"href":"https:\/\/repliquemangacine.fr\/en\/wp-json\/wp\/v2\/product_tag?post=25485"}],"curies":[{"name":"wp","href":"https:\/\/api.w.org\/{rel}","templated":true}]}}