





{"id":25477,"date":"2016-09-05T17:44:18","date_gmt":"2016-09-05T15:44:18","guid":{"rendered":"https:\/\/repliquemangacine.fr\/?post_type=product&#038;p=25477"},"modified":"2026-04-24T10:06:14","modified_gmt":"2026-04-24T08:06:14","slug":"master-sword-zelda-sword","status":"publish","type":"product","link":"https:\/\/repliquemangacine.fr\/en\/epee-zelda\/epee-master-sword-zelda\/","title":{"rendered":"Master Sword Zelda"},"content":{"rendered":"<h2>Master Sword Zelda.<\/h2>\n<p>To begin with, the<strong>Master Sword Zelda<\/strong> or Legend Sword, is the most emblematic of the series. Known as the Master Sword in English translations, this sacred sword is used to repel evil, or more generally to repel Ganon, but it is also used to acquire new powers.<\/p>\n<p>Its origin is revealed in Skyward Sword, where it was once the Divine Sword, perfected and changed into this Legendary Sword after Link dipped his sword in the three flames of the goddesses.<\/p>\n<p>Link leaves home to fight the forces of evil. Although he doesn't seem to know his way around weapons very well at the start of the games, he soon masters new techniques and builds up a varied arsenal, with the sword remaining his signature weapon. Link belongs to the <a href=\"https:\/\/zelda.fandom.com\/fr\/wiki\/Hylien\" target=\"_blank\" rel=\"noopener noreferrer\">Hylians<\/a>.<\/p>\n<h2>Your Master Sword Zelda at the best price.<\/h2>\n<p>We offer a wide selection of Zelda video game replicas<\/p>\n<p>First and foremost,<\/p>\n<ul>\n<li>L'<a href=\"https:\/\/repliquemangacine.fr\/en\/zelda\/zelda-legend-sword-link-sword\/\">legendary sword<\/a> with its triforce on the blade.<\/li>\n<li>Then, the little <a href=\"https:\/\/repliquemangacine.fr\/en\/zelda\/dague-the-legende-of-zelda-epee-de-link-version-dague\/\">Master Sword dagger<\/a>.<\/li>\n<li>As well as the<a href=\"https:\/\/repliquemangacine.fr\/en\/zelda\/zelda-epee-dark-link-link-corrompu\/\">Dark link sword<\/a> and its dark side.<\/li>\n<li>And many more to discover in our online store!<\/li>\n<\/ul>\n<p>That's why this is a great gift idea for Zelda fans.<\/p>\n<p>In conclusion, you can use<strong>Master Sword Zelda<\/strong> for your Cosplay parades at conventions. But above all, it's a collector's item and a decoration.<\/p>\n<p>R\u00e9plique Manga Cin\u00e9 is a French family business.<\/p>\n<h2>How to maintain the blade of your Zelda sword?<\/h2>\n<p>Collector's and decorative swords are made and assembled in a simplified way. As their use is decorative, they lack the safety features required of a Japanese sword intended for training.<\/p>\n<p>However, your <strong>Master Sword Zelda<\/strong> to a steel blade that needs to be cared for to avoid damage over time. In fact, when you display your katana, your friends will be curious to see and touch the blade. This is where you need to be careful, as the acidity of your fingers is very harmful to steel, whatever its quality.<\/p>\n<p>However, if this does happen, don't panic - all you need is a cloth dampened with a little oil and a wipe of fingerprints. By doing so, you'll keep your sword looking its best for a very long time.<\/p>","protected":false},"excerpt":{"rendered":"<p>Master Sword- Skyward Sword.<\/p>\n<ul>\n<li>Stainless steel blade with Triforce and engraving.<\/li>\n<li>Guard and pommel in aged steel.<\/li>\n<li>Handle wrapped in leatherette.<\/li>\n<li>Leather-wrapped, embossed scabbard.<\/li>\n<li>Triforce on bottom of scabbard.<\/li>\n<li>Blade length: 78cm - Total length 125cm<\/li>\n<li>Weight :1950 Grs<\/li>\n<\/ul>","protected":false},"featured_media":84389,"template":"","meta":[],"product_brand":[896],"product_cat":[23,56],"product_tag":[],"class_list":{"0":"post-25477","1":"product","2":"type-product","3":"status-publish","4":"has-post-thumbnail","6":"product_brand-replique-manga-cine","7":"product_cat-repliques-manga-jeux-video","8":"product_cat-epee-zelda","10":"first","11":"instock","12":"taxable","13":"shipping-taxable","14":"purchasable","15":"product-type-simple"},"yoast_head":"<!-- This site is optimized with the Yoast SEO plugin v27.5 - https:\/\/yoast.com\/product\/yoast-seo-wordpress\/ -->\n<title>Ep\u00e9e Master Sword Zelda - Ep\u00e9e de Link - Boutique en ligne | RMC<\/title>\n<meta name=\"description\" content=\"Offrez-vous vite ! L&#039;Ep\u00e9e Master Sword Zelda au meilleur prix. Lame en acier grav\u00e9e - Fourreau cuir 3D - Echelle 1\/1 - Longueur : 125 cm - Envoi 24\/48h\" \/>\n<meta name=\"robots\" content=\"index, follow, max-snippet:-1, max-image-preview:large, max-video-preview:-1\" \/>\n<link rel=\"canonical\" href=\"https:\/\/repliquemangacine.fr\/en\/zelda-sword\/master-sword-zelda-sword\/\" \/>\n<meta property=\"og:locale\" content=\"en_US\" \/>\n<meta property=\"og:type\" content=\"article\" \/>\n<meta property=\"og:title\" content=\"Ep\u00e9e Master Sword Zelda - Ep\u00e9e de Link - Boutique en ligne | RMC\" \/>\n<meta property=\"og:description\" content=\"Offrez-vous vite ! L&#039;Ep\u00e9e Master Sword Zelda au meilleur prix. Lame en acier grav\u00e9e - Fourreau cuir 3D - Echelle 1\/1 - Longueur : 125 cm - Envoi 24\/48h\" \/>\n<meta property=\"og:url\" content=\"https:\/\/repliquemangacine.fr\/en\/zelda-sword\/master-sword-zelda-sword\/\" \/>\n<meta property=\"og:site_name\" content=\"R\u00e9plique Manga Cin\u00e9\" \/>\n<meta property=\"article:publisher\" content=\"https:\/\/www.facebook.com\/RepliqueMangaCine\" \/>\n<meta property=\"article:modified_time\" content=\"2026-04-24T08:06:14+00:00\" \/>\n<meta property=\"og:image\" content=\"https:\/\/repliquemangacine.fr\/wp-content\/uploads\/2016\/09\/Epee-Master-Sword-Zelda.jpg\" \/>\n\t<meta property=\"og:image:width\" content=\"798\" \/>\n\t<meta property=\"og:image:height\" content=\"798\" \/>\n\t<meta property=\"og:image:type\" content=\"image\/jpeg\" \/>\n<meta name=\"twitter:card\" content=\"summary_large_image\" \/>\n<meta name=\"twitter:label1\" content=\"Est. reading time\" \/>\n\t<meta name=\"twitter:data1\" content=\"3 minutes\" \/>\n<script type=\"application\/ld+json\" class=\"yoast-schema-graph\">{\"@context\":\"https:\\\/\\\/schema.org\",\"@graph\":[{\"@type\":\"WebPage\",\"@id\":\"https:\\\/\\\/repliquemangacine.fr\\\/epee-zelda\\\/epee-master-sword-zelda\\\/\",\"url\":\"https:\\\/\\\/repliquemangacine.fr\\\/epee-zelda\\\/epee-master-sword-zelda\\\/\",\"name\":\"Ep\u00e9e Master Sword Zelda - Ep\u00e9e de Link - Boutique en ligne | RMC\",\"isPartOf\":{\"@id\":\"https:\\\/\\\/repliquemangacine.fr\\\/#website\"},\"primaryImageOfPage\":{\"@id\":\"https:\\\/\\\/repliquemangacine.fr\\\/epee-zelda\\\/epee-master-sword-zelda\\\/#primaryimage\"},\"image\":{\"@id\":\"https:\\\/\\\/repliquemangacine.fr\\\/epee-zelda\\\/epee-master-sword-zelda\\\/#primaryimage\"},\"thumbnailUrl\":\"https:\\\/\\\/repliquemangacine.fr\\\/wp-content\\\/uploads\\\/2016\\\/09\\\/Epee-Master-Sword-Zelda.jpg\",\"datePublished\":\"2016-09-05T15:44:18+00:00\",\"dateModified\":\"2026-04-24T08:06:14+00:00\",\"description\":\"Offrez-vous vite ! L'Ep\u00e9e Master Sword Zelda au meilleur prix. Lame en acier grav\u00e9e - Fourreau cuir 3D - Echelle 1\\\/1 - Longueur : 125 cm - Envoi 24\\\/48h\",\"breadcrumb\":{\"@id\":\"https:\\\/\\\/repliquemangacine.fr\\\/epee-zelda\\\/epee-master-sword-zelda\\\/#breadcrumb\"},\"inLanguage\":\"en-US\",\"potentialAction\":[{\"@type\":\"ReadAction\",\"target\":[\"https:\\\/\\\/repliquemangacine.fr\\\/epee-zelda\\\/epee-master-sword-zelda\\\/\"]}]},{\"@type\":\"ImageObject\",\"inLanguage\":\"en-US\",\"@id\":\"https:\\\/\\\/repliquemangacine.fr\\\/epee-zelda\\\/epee-master-sword-zelda\\\/#primaryimage\",\"url\":\"https:\\\/\\\/repliquemangacine.fr\\\/wp-content\\\/uploads\\\/2016\\\/09\\\/Epee-Master-Sword-Zelda.jpg\",\"contentUrl\":\"https:\\\/\\\/repliquemangacine.fr\\\/wp-content\\\/uploads\\\/2016\\\/09\\\/Epee-Master-Sword-Zelda.jpg\",\"width\":798,\"height\":798,\"caption\":\"Ep\u00e9e Master Sword Zelda\"},{\"@type\":\"BreadcrumbList\",\"@id\":\"https:\\\/\\\/repliquemangacine.fr\\\/epee-zelda\\\/epee-master-sword-zelda\\\/#breadcrumb\",\"itemListElement\":[{\"@type\":\"ListItem\",\"position\":1,\"name\":\"Accueil\",\"item\":\"https:\\\/\\\/repliquemangacine.fr\\\/\"},{\"@type\":\"ListItem\",\"position\":2,\"name\":\"Produits\",\"item\":\"https:\\\/\\\/repliquemangacine.fr\\\/boutique\\\/\"},{\"@type\":\"ListItem\",\"position\":3,\"name\":\"Ep\u00e9e Master Sword Zelda\"}]},{\"@type\":\"WebSite\",\"@id\":\"https:\\\/\\\/repliquemangacine.fr\\\/#website\",\"url\":\"https:\\\/\\\/repliquemangacine.fr\\\/\",\"name\":\"R\u00e9plique Manga Cin\u00e9\",\"description\":\"\",\"publisher\":{\"@id\":\"https:\\\/\\\/repliquemangacine.fr\\\/#organization\"},\"potentialAction\":[{\"@type\":\"SearchAction\",\"target\":{\"@type\":\"EntryPoint\",\"urlTemplate\":\"https:\\\/\\\/repliquemangacine.fr\\\/?s={search_term_string}\"},\"query-input\":{\"@type\":\"PropertyValueSpecification\",\"valueRequired\":true,\"valueName\":\"search_term_string\"}}],\"inLanguage\":\"en-US\"},{\"@type\":\"Organization\",\"@id\":\"https:\\\/\\\/repliquemangacine.fr\\\/#organization\",\"name\":\"R\u00e9plique Manga Cin\u00e9\",\"url\":\"https:\\\/\\\/repliquemangacine.fr\\\/\",\"logo\":{\"@type\":\"ImageObject\",\"inLanguage\":\"en-US\",\"@id\":\"https:\\\/\\\/repliquemangacine.fr\\\/#\\\/schema\\\/logo\\\/image\\\/\",\"url\":\"https:\\\/\\\/repliquemangacine.fr\\\/wp-content\\\/uploads\\\/2023\\\/10\\\/RMC-500250.png\",\"contentUrl\":\"https:\\\/\\\/repliquemangacine.fr\\\/wp-content\\\/uploads\\\/2023\\\/10\\\/RMC-500250.png\",\"width\":500,\"height\":250,\"caption\":\"R\u00e9plique Manga Cin\u00e9\"},\"image\":{\"@id\":\"https:\\\/\\\/repliquemangacine.fr\\\/#\\\/schema\\\/logo\\\/image\\\/\"},\"sameAs\":[\"https:\\\/\\\/www.facebook.com\\\/RepliqueMangaCine\",\"https:\\\/\\\/www.instagram.com\\\/repliquemangacine.fr\\\/\"]}]}<\/script>\n<!-- \/ Yoast SEO plugin. -->","yoast_head_json":{"title":"Master Sword Zelda - Link's sword - Online Shop | RMC","description":"Treat yourself quickly! The Master Sword Zelda at the best price. Engraved steel blade - 3D leather scabbard - Scale 1\/1 - Length: 125 cm - Shipment 24\/48h","robots":{"index":"index","follow":"follow","max-snippet":"max-snippet:-1","max-image-preview":"max-image-preview:large","max-video-preview":"max-video-preview:-1"},"canonical":"https:\/\/repliquemangacine.fr\/en\/zelda-sword\/master-sword-zelda-sword\/","og_locale":"en_US","og_type":"article","og_title":"Ep\u00e9e Master Sword Zelda - Ep\u00e9e de Link - Boutique en ligne | RMC","og_description":"Offrez-vous vite ! L'Ep\u00e9e Master Sword Zelda au meilleur prix. Lame en acier grav\u00e9e - Fourreau cuir 3D - Echelle 1\/1 - Longueur : 125 cm - Envoi 24\/48h","og_url":"https:\/\/repliquemangacine.fr\/en\/zelda-sword\/master-sword-zelda-sword\/","og_site_name":"R\u00e9plique Manga Cin\u00e9","article_publisher":"https:\/\/www.facebook.com\/RepliqueMangaCine","article_modified_time":"2026-04-24T08:06:14+00:00","og_image":[{"width":798,"height":798,"url":"https:\/\/repliquemangacine.fr\/wp-content\/uploads\/2016\/09\/Epee-Master-Sword-Zelda.jpg","type":"image\/jpeg"}],"twitter_card":"summary_large_image","twitter_misc":{"Est. reading time":"3 minutes"},"schema":{"@context":"https:\/\/schema.org","@graph":[{"@type":"WebPage","@id":"https:\/\/repliquemangacine.fr\/epee-zelda\/epee-master-sword-zelda\/","url":"https:\/\/repliquemangacine.fr\/epee-zelda\/epee-master-sword-zelda\/","name":"Master Sword Zelda - Link's sword - Online Shop | RMC","isPartOf":{"@id":"https:\/\/repliquemangacine.fr\/#website"},"primaryImageOfPage":{"@id":"https:\/\/repliquemangacine.fr\/epee-zelda\/epee-master-sword-zelda\/#primaryimage"},"image":{"@id":"https:\/\/repliquemangacine.fr\/epee-zelda\/epee-master-sword-zelda\/#primaryimage"},"thumbnailUrl":"https:\/\/repliquemangacine.fr\/wp-content\/uploads\/2016\/09\/Epee-Master-Sword-Zelda.jpg","datePublished":"2016-09-05T15:44:18+00:00","dateModified":"2026-04-24T08:06:14+00:00","description":"Treat yourself quickly! The Master Sword Zelda at the best price. Engraved steel blade - 3D leather scabbard - Scale 1\/1 - Length: 125 cm - Shipment 24\/48h","breadcrumb":{"@id":"https:\/\/repliquemangacine.fr\/epee-zelda\/epee-master-sword-zelda\/#breadcrumb"},"inLanguage":"en-US","potentialAction":[{"@type":"ReadAction","target":["https:\/\/repliquemangacine.fr\/epee-zelda\/epee-master-sword-zelda\/"]}]},{"@type":"ImageObject","inLanguage":"en-US","@id":"https:\/\/repliquemangacine.fr\/epee-zelda\/epee-master-sword-zelda\/#primaryimage","url":"https:\/\/repliquemangacine.fr\/wp-content\/uploads\/2016\/09\/Epee-Master-Sword-Zelda.jpg","contentUrl":"https:\/\/repliquemangacine.fr\/wp-content\/uploads\/2016\/09\/Epee-Master-Sword-Zelda.jpg","width":798,"height":798,"caption":"Ep\u00e9e Master Sword Zelda"},{"@type":"BreadcrumbList","@id":"https:\/\/repliquemangacine.fr\/epee-zelda\/epee-master-sword-zelda\/#breadcrumb","itemListElement":[{"@type":"ListItem","position":1,"name":"Accueil","item":"https:\/\/repliquemangacine.fr\/"},{"@type":"ListItem","position":2,"name":"Produits","item":"https:\/\/repliquemangacine.fr\/boutique\/"},{"@type":"ListItem","position":3,"name":"Ep\u00e9e Master Sword Zelda"}]},{"@type":"WebSite","@id":"https:\/\/repliquemangacine.fr\/#website","url":"https:\/\/repliquemangacine.fr\/","name":"R\u00e9plique Manga Cin\u00e9","description":"","publisher":{"@id":"https:\/\/repliquemangacine.fr\/#organization"},"potentialAction":[{"@type":"SearchAction","target":{"@type":"EntryPoint","urlTemplate":"https:\/\/repliquemangacine.fr\/?s={search_term_string}"},"query-input":{"@type":"PropertyValueSpecification","valueRequired":true,"valueName":"search_term_string"}}],"inLanguage":"en-US"},{"@type":"Organization","@id":"https:\/\/repliquemangacine.fr\/#organization","name":"R\u00e9plique Manga Cin\u00e9","url":"https:\/\/repliquemangacine.fr\/","logo":{"@type":"ImageObject","inLanguage":"en-US","@id":"https:\/\/repliquemangacine.fr\/#\/schema\/logo\/image\/","url":"https:\/\/repliquemangacine.fr\/wp-content\/uploads\/2023\/10\/RMC-500250.png","contentUrl":"https:\/\/repliquemangacine.fr\/wp-content\/uploads\/2023\/10\/RMC-500250.png","width":500,"height":250,"caption":"R\u00e9plique Manga Cin\u00e9"},"image":{"@id":"https:\/\/repliquemangacine.fr\/#\/schema\/logo\/image\/"},"sameAs":["https:\/\/www.facebook.com\/RepliqueMangaCine","https:\/\/www.instagram.com\/repliquemangacine.fr\/"]}]}},"_links":{"self":[{"href":"https:\/\/repliquemangacine.fr\/en\/wp-json\/wp\/v2\/product\/25477","targetHints":{"allow":["GET"]}}],"collection":[{"href":"https:\/\/repliquemangacine.fr\/en\/wp-json\/wp\/v2\/product"}],"about":[{"href":"https:\/\/repliquemangacine.fr\/en\/wp-json\/wp\/v2\/types\/product"}],"wp:featuredmedia":[{"embeddable":true,"href":"https:\/\/repliquemangacine.fr\/en\/wp-json\/wp\/v2\/media\/84389"}],"wp:attachment":[{"href":"https:\/\/repliquemangacine.fr\/en\/wp-json\/wp\/v2\/media?parent=25477"}],"wp:term":[{"taxonomy":"product_brand","embeddable":true,"href":"https:\/\/repliquemangacine.fr\/en\/wp-json\/wp\/v2\/product_brand?post=25477"},{"taxonomy":"product_cat","embeddable":true,"href":"https:\/\/repliquemangacine.fr\/en\/wp-json\/wp\/v2\/product_cat?post=25477"},{"taxonomy":"product_tag","embeddable":true,"href":"https:\/\/repliquemangacine.fr\/en\/wp-json\/wp\/v2\/product_tag?post=25477"}],"curies":[{"name":"wp","href":"https:\/\/api.w.org\/{rel}","templated":true}]}}