





{"id":25444,"date":"2016-09-01T16:09:56","date_gmt":"2016-09-01T14:09:56","guid":{"rendered":"https:\/\/repliquemangacine.fr\/?post_type=product&#038;p=25444"},"modified":"2026-04-18T09:45:02","modified_gmt":"2026-04-18T07:45:02","slug":"epee-elucidator-kirito-sao","status":"publish","type":"product","link":"https:\/\/repliquemangacine.fr\/en\/epee-sword-art-online\/epee-elucidator-kirito-sao\/","title":{"rendered":"Kirito Elucidator sword"},"content":{"rendered":"<h2>Kirito Elucidator's sword in Sword Art Online.<\/h2>\n<p>To begin with, this <strong>Kirito Elucidator sword<\/strong> is first shown at Lisbeth's house when Kirito wanted her to make him a weapon. Since then, he has used this weapon until the end of SAO. And with Dark Repulser, when he starts using double fencing.<\/p>\n<p>To start with, Kirigaya Kazuto, born as Narusaka Kazuto, and known as Kirito in \"Sword Art Online\" (SAO), \"ALfheim Online\" (ALO), \"Gun Gale Online\" (GGO), \"Project Alicization\" and Unital Ring.<\/p>\n<p>Chosen to be one of a thousand beta testers for the closed beta of Sword Art Online, the first massively multiplayer online role-playing game in virtual reality (VRMMORPG).<\/p>\n<p><a href=\"https:\/\/sword-art-online.fandom.com\/fr\/wiki\/Elucidator\" target=\"_blank\" rel=\"noopener noreferrer\">Elucidator<\/a> is Kirito's main weapon. It's a demonic monster dropped by a boss on the 50th floor that Kirito wields with \"Dark Repulser\".<\/p>\n<h2>Your Kirito Elucidator Sword at the best price.<\/h2>\n<p>We bring you all the lines of your favorite characters in this Sword Art Online video game.<\/p>\n<p>First and foremost,<\/p>\n<ul>\n<li>The sword <a href=\"https:\/\/repliquemangacine.fr\/en\/sword-art-online\/kirito-sao-dark-repulser-sword\/\">Dark Repulser<\/a> that kirito wields with Elucidator<\/li>\n<li>As well as Asuna's rapier <a href=\"https:\/\/repliquemangacine.fr\/en\/sword-art-online\/epee-lambent-light-rapiere-asuna-sao\/\">Lambent Light<\/a>.<\/li>\n<li>And many more to discover in our online store!<\/li>\n<\/ul>\n<p>So here are some great gift ideas for Sword Art Online fans.<\/p>\n<p>In conclusion, you can also use this <strong>Kirito Elucidator sword<\/strong> for your cosplay parades or theme parties. But above all, Kirito's sword is also a collector's item and a decorative object.<\/p>\n<p>R\u00e9plique Manga Cin\u00e9 is a French company.<\/p>\n<h2>How to maintain the blade of your Sword Art Online sword?<\/h2>\n<p>Collector's and decorative katanas are made and assembled in a simplified way. As their use is decorative, they lack the safety features required of a Japanese saber intended for training.<\/p>\n<p>However, your <strong>Kirito Elucidator sword<\/strong> to a steel blade that needs to be cared for to avoid damage over time. In fact, when you display your katana, your friends will be curious to see and touch the blade. This is where you need to be careful, as the acidity of your fingers is very harmful to steel, whatever its quality.<\/p>\n<p>However, if this does happen, don't panic - all you need is a cloth dampened with a little oil and a wipe of fingerprints. By doing so, you'll keep your sword looking its best for a very long time.<\/p>","protected":false},"excerpt":{"rendered":"<p>Kirito, nicknamed the Black Swordsman, uses two swords after his Skill Sword was revealed, one of which is Elucidator.<\/p>\n<ul>\n<li>Straight steel blade.<\/li>\n<li>Leatherette-covered handle.<\/li>\n<li>Metal guard.<\/li>\n<li>Wooden scabbard.<\/li>\n<li>Blade length: 75 cm - Total length: 105 cm - Weight: 1700 grs<\/li>\n<\/ul>","protected":false},"featured_media":25445,"template":"","meta":[],"product_brand":[896],"product_cat":[23,53],"product_tag":[],"class_list":{"0":"post-25444","1":"product","2":"type-product","3":"status-publish","4":"has-post-thumbnail","6":"product_brand-replique-manga-cine","7":"product_cat-repliques-manga-jeux-video","8":"product_cat-epee-sword-art-online","10":"first","11":"instock","12":"taxable","13":"shipping-taxable","14":"purchasable","15":"product-type-simple"},"yoast_head":"<!-- This site is optimized with the Yoast SEO plugin v27.5 - https:\/\/yoast.com\/product\/yoast-seo-wordpress\/ -->\n<title>Ep\u00e9e de Kirito Elucidator - SAO - Boutique en ligne | RMC<\/title>\n<meta name=\"description\" content=\"Commandez vite ! L&#039;Ep\u00e9e de Kirito Elucidator dans SAO au meilleur prix. Lame acier - Fourreau - Echelle 1\/1 - Longueur totale : 105 cm - Envoi 24\/48h\" \/>\n<meta name=\"robots\" content=\"index, follow, max-snippet:-1, max-image-preview:large, max-video-preview:-1\" \/>\n<link rel=\"canonical\" href=\"https:\/\/repliquemangacine.fr\/en\/sword-art-online-sword\/epee-elucidator-kirito-sao\/\" \/>\n<meta property=\"og:locale\" content=\"en_US\" \/>\n<meta property=\"og:type\" content=\"article\" \/>\n<meta property=\"og:title\" content=\"Ep\u00e9e de Kirito Elucidator - SAO - Boutique en ligne | RMC\" \/>\n<meta property=\"og:description\" content=\"Commandez vite ! L&#039;Ep\u00e9e de Kirito Elucidator dans SAO au meilleur prix. Lame acier - Fourreau - Echelle 1\/1 - Longueur totale : 105 cm - Envoi 24\/48h\" \/>\n<meta property=\"og:url\" content=\"https:\/\/repliquemangacine.fr\/en\/sword-art-online-sword\/epee-elucidator-kirito-sao\/\" \/>\n<meta property=\"og:site_name\" content=\"R\u00e9plique Manga Cin\u00e9\" \/>\n<meta property=\"article:publisher\" content=\"https:\/\/www.facebook.com\/RepliqueMangaCine\" \/>\n<meta property=\"article:modified_time\" content=\"2026-04-18T07:45:02+00:00\" \/>\n<meta property=\"og:image\" content=\"https:\/\/repliquemangacine.fr\/wp-content\/uploads\/2023\/10\/233-Epee-Elucidator-epee-Kirito-SAO.jpg\" \/>\n\t<meta property=\"og:image:width\" content=\"800\" \/>\n\t<meta property=\"og:image:height\" content=\"800\" \/>\n\t<meta property=\"og:image:type\" content=\"image\/jpeg\" \/>\n<meta name=\"twitter:card\" content=\"summary_large_image\" \/>\n<meta name=\"twitter:label1\" content=\"Est. reading time\" \/>\n\t<meta name=\"twitter:data1\" content=\"2 minutes\" \/>\n<script type=\"application\/ld+json\" class=\"yoast-schema-graph\">{\"@context\":\"https:\\\/\\\/schema.org\",\"@graph\":[{\"@type\":\"WebPage\",\"@id\":\"https:\\\/\\\/repliquemangacine.fr\\\/epee-sword-art-online\\\/epee-elucidator-kirito-sao\\\/\",\"url\":\"https:\\\/\\\/repliquemangacine.fr\\\/epee-sword-art-online\\\/epee-elucidator-kirito-sao\\\/\",\"name\":\"Ep\u00e9e de Kirito Elucidator - SAO - Boutique en ligne | RMC\",\"isPartOf\":{\"@id\":\"https:\\\/\\\/repliquemangacine.fr\\\/#website\"},\"primaryImageOfPage\":{\"@id\":\"https:\\\/\\\/repliquemangacine.fr\\\/epee-sword-art-online\\\/epee-elucidator-kirito-sao\\\/#primaryimage\"},\"image\":{\"@id\":\"https:\\\/\\\/repliquemangacine.fr\\\/epee-sword-art-online\\\/epee-elucidator-kirito-sao\\\/#primaryimage\"},\"thumbnailUrl\":\"https:\\\/\\\/repliquemangacine.fr\\\/wp-content\\\/uploads\\\/2023\\\/10\\\/233-Epee-Elucidator-epee-Kirito-SAO.jpg\",\"datePublished\":\"2016-09-01T14:09:56+00:00\",\"dateModified\":\"2026-04-18T07:45:02+00:00\",\"description\":\"Commandez vite ! L'Ep\u00e9e de Kirito Elucidator dans SAO au meilleur prix. Lame acier - Fourreau - Echelle 1\\\/1 - Longueur totale : 105 cm - Envoi 24\\\/48h\",\"breadcrumb\":{\"@id\":\"https:\\\/\\\/repliquemangacine.fr\\\/epee-sword-art-online\\\/epee-elucidator-kirito-sao\\\/#breadcrumb\"},\"inLanguage\":\"en-US\",\"potentialAction\":[{\"@type\":\"ReadAction\",\"target\":[\"https:\\\/\\\/repliquemangacine.fr\\\/epee-sword-art-online\\\/epee-elucidator-kirito-sao\\\/\"]}]},{\"@type\":\"ImageObject\",\"inLanguage\":\"en-US\",\"@id\":\"https:\\\/\\\/repliquemangacine.fr\\\/epee-sword-art-online\\\/epee-elucidator-kirito-sao\\\/#primaryimage\",\"url\":\"https:\\\/\\\/repliquemangacine.fr\\\/wp-content\\\/uploads\\\/2023\\\/10\\\/233-Epee-Elucidator-epee-Kirito-SAO.jpg\",\"contentUrl\":\"https:\\\/\\\/repliquemangacine.fr\\\/wp-content\\\/uploads\\\/2023\\\/10\\\/233-Epee-Elucidator-epee-Kirito-SAO.jpg\",\"width\":800,\"height\":800,\"caption\":\"Ep\u00e9e Elucidator - \u00e9p\u00e9e Kirito SAO\"},{\"@type\":\"BreadcrumbList\",\"@id\":\"https:\\\/\\\/repliquemangacine.fr\\\/epee-sword-art-online\\\/epee-elucidator-kirito-sao\\\/#breadcrumb\",\"itemListElement\":[{\"@type\":\"ListItem\",\"position\":1,\"name\":\"Accueil\",\"item\":\"https:\\\/\\\/repliquemangacine.fr\\\/\"},{\"@type\":\"ListItem\",\"position\":2,\"name\":\"Produits\",\"item\":\"https:\\\/\\\/repliquemangacine.fr\\\/boutique\\\/\"},{\"@type\":\"ListItem\",\"position\":3,\"name\":\"Ep\u00e9e de Kirito Elucidator\"}]},{\"@type\":\"WebSite\",\"@id\":\"https:\\\/\\\/repliquemangacine.fr\\\/#website\",\"url\":\"https:\\\/\\\/repliquemangacine.fr\\\/\",\"name\":\"R\u00e9plique Manga Cin\u00e9\",\"description\":\"\",\"publisher\":{\"@id\":\"https:\\\/\\\/repliquemangacine.fr\\\/#organization\"},\"potentialAction\":[{\"@type\":\"SearchAction\",\"target\":{\"@type\":\"EntryPoint\",\"urlTemplate\":\"https:\\\/\\\/repliquemangacine.fr\\\/?s={search_term_string}\"},\"query-input\":{\"@type\":\"PropertyValueSpecification\",\"valueRequired\":true,\"valueName\":\"search_term_string\"}}],\"inLanguage\":\"en-US\"},{\"@type\":\"Organization\",\"@id\":\"https:\\\/\\\/repliquemangacine.fr\\\/#organization\",\"name\":\"R\u00e9plique Manga Cin\u00e9\",\"url\":\"https:\\\/\\\/repliquemangacine.fr\\\/\",\"logo\":{\"@type\":\"ImageObject\",\"inLanguage\":\"en-US\",\"@id\":\"https:\\\/\\\/repliquemangacine.fr\\\/#\\\/schema\\\/logo\\\/image\\\/\",\"url\":\"https:\\\/\\\/repliquemangacine.fr\\\/wp-content\\\/uploads\\\/2023\\\/10\\\/RMC-500250.png\",\"contentUrl\":\"https:\\\/\\\/repliquemangacine.fr\\\/wp-content\\\/uploads\\\/2023\\\/10\\\/RMC-500250.png\",\"width\":500,\"height\":250,\"caption\":\"R\u00e9plique Manga Cin\u00e9\"},\"image\":{\"@id\":\"https:\\\/\\\/repliquemangacine.fr\\\/#\\\/schema\\\/logo\\\/image\\\/\"},\"sameAs\":[\"https:\\\/\\\/www.facebook.com\\\/RepliqueMangaCine\",\"https:\\\/\\\/www.instagram.com\\\/repliquemangacine.fr\\\/\"]}]}<\/script>\n<!-- \/ Yoast SEO plugin. -->","yoast_head_json":{"title":"Kirito Elucidator Sword - SAO - Online Shop | RMC","description":"Order now! The Sword of Kirito Elucidator in SAO at the best price. Steel blade - Scabbard - Scale 1\/1 - Total length: 105 cm - Shipment 24\/48h","robots":{"index":"index","follow":"follow","max-snippet":"max-snippet:-1","max-image-preview":"max-image-preview:large","max-video-preview":"max-video-preview:-1"},"canonical":"https:\/\/repliquemangacine.fr\/en\/sword-art-online-sword\/epee-elucidator-kirito-sao\/","og_locale":"en_US","og_type":"article","og_title":"Ep\u00e9e de Kirito Elucidator - SAO - Boutique en ligne | RMC","og_description":"Commandez vite ! L'Ep\u00e9e de Kirito Elucidator dans SAO au meilleur prix. Lame acier - Fourreau - Echelle 1\/1 - Longueur totale : 105 cm - Envoi 24\/48h","og_url":"https:\/\/repliquemangacine.fr\/en\/sword-art-online-sword\/epee-elucidator-kirito-sao\/","og_site_name":"R\u00e9plique Manga Cin\u00e9","article_publisher":"https:\/\/www.facebook.com\/RepliqueMangaCine","article_modified_time":"2026-04-18T07:45:02+00:00","og_image":[{"width":800,"height":800,"url":"https:\/\/repliquemangacine.fr\/wp-content\/uploads\/2023\/10\/233-Epee-Elucidator-epee-Kirito-SAO.jpg","type":"image\/jpeg"}],"twitter_card":"summary_large_image","twitter_misc":{"Est. reading time":"2 minutes"},"schema":{"@context":"https:\/\/schema.org","@graph":[{"@type":"WebPage","@id":"https:\/\/repliquemangacine.fr\/epee-sword-art-online\/epee-elucidator-kirito-sao\/","url":"https:\/\/repliquemangacine.fr\/epee-sword-art-online\/epee-elucidator-kirito-sao\/","name":"Kirito Elucidator Sword - SAO - Online Shop | RMC","isPartOf":{"@id":"https:\/\/repliquemangacine.fr\/#website"},"primaryImageOfPage":{"@id":"https:\/\/repliquemangacine.fr\/epee-sword-art-online\/epee-elucidator-kirito-sao\/#primaryimage"},"image":{"@id":"https:\/\/repliquemangacine.fr\/epee-sword-art-online\/epee-elucidator-kirito-sao\/#primaryimage"},"thumbnailUrl":"https:\/\/repliquemangacine.fr\/wp-content\/uploads\/2023\/10\/233-Epee-Elucidator-epee-Kirito-SAO.jpg","datePublished":"2016-09-01T14:09:56+00:00","dateModified":"2026-04-18T07:45:02+00:00","description":"Order now! The Sword of Kirito Elucidator in SAO at the best price. Steel blade - Scabbard - Scale 1\/1 - Total length: 105 cm - Shipment 24\/48h","breadcrumb":{"@id":"https:\/\/repliquemangacine.fr\/epee-sword-art-online\/epee-elucidator-kirito-sao\/#breadcrumb"},"inLanguage":"en-US","potentialAction":[{"@type":"ReadAction","target":["https:\/\/repliquemangacine.fr\/epee-sword-art-online\/epee-elucidator-kirito-sao\/"]}]},{"@type":"ImageObject","inLanguage":"en-US","@id":"https:\/\/repliquemangacine.fr\/epee-sword-art-online\/epee-elucidator-kirito-sao\/#primaryimage","url":"https:\/\/repliquemangacine.fr\/wp-content\/uploads\/2023\/10\/233-Epee-Elucidator-epee-Kirito-SAO.jpg","contentUrl":"https:\/\/repliquemangacine.fr\/wp-content\/uploads\/2023\/10\/233-Epee-Elucidator-epee-Kirito-SAO.jpg","width":800,"height":800,"caption":"Ep\u00e9e Elucidator - \u00e9p\u00e9e Kirito SAO"},{"@type":"BreadcrumbList","@id":"https:\/\/repliquemangacine.fr\/epee-sword-art-online\/epee-elucidator-kirito-sao\/#breadcrumb","itemListElement":[{"@type":"ListItem","position":1,"name":"Accueil","item":"https:\/\/repliquemangacine.fr\/"},{"@type":"ListItem","position":2,"name":"Produits","item":"https:\/\/repliquemangacine.fr\/boutique\/"},{"@type":"ListItem","position":3,"name":"Ep\u00e9e de Kirito Elucidator"}]},{"@type":"WebSite","@id":"https:\/\/repliquemangacine.fr\/#website","url":"https:\/\/repliquemangacine.fr\/","name":"R\u00e9plique Manga Cin\u00e9","description":"","publisher":{"@id":"https:\/\/repliquemangacine.fr\/#organization"},"potentialAction":[{"@type":"SearchAction","target":{"@type":"EntryPoint","urlTemplate":"https:\/\/repliquemangacine.fr\/?s={search_term_string}"},"query-input":{"@type":"PropertyValueSpecification","valueRequired":true,"valueName":"search_term_string"}}],"inLanguage":"en-US"},{"@type":"Organization","@id":"https:\/\/repliquemangacine.fr\/#organization","name":"R\u00e9plique Manga Cin\u00e9","url":"https:\/\/repliquemangacine.fr\/","logo":{"@type":"ImageObject","inLanguage":"en-US","@id":"https:\/\/repliquemangacine.fr\/#\/schema\/logo\/image\/","url":"https:\/\/repliquemangacine.fr\/wp-content\/uploads\/2023\/10\/RMC-500250.png","contentUrl":"https:\/\/repliquemangacine.fr\/wp-content\/uploads\/2023\/10\/RMC-500250.png","width":500,"height":250,"caption":"R\u00e9plique Manga Cin\u00e9"},"image":{"@id":"https:\/\/repliquemangacine.fr\/#\/schema\/logo\/image\/"},"sameAs":["https:\/\/www.facebook.com\/RepliqueMangaCine","https:\/\/www.instagram.com\/repliquemangacine.fr\/"]}]}},"_links":{"self":[{"href":"https:\/\/repliquemangacine.fr\/en\/wp-json\/wp\/v2\/product\/25444","targetHints":{"allow":["GET"]}}],"collection":[{"href":"https:\/\/repliquemangacine.fr\/en\/wp-json\/wp\/v2\/product"}],"about":[{"href":"https:\/\/repliquemangacine.fr\/en\/wp-json\/wp\/v2\/types\/product"}],"wp:featuredmedia":[{"embeddable":true,"href":"https:\/\/repliquemangacine.fr\/en\/wp-json\/wp\/v2\/media\/25445"}],"wp:attachment":[{"href":"https:\/\/repliquemangacine.fr\/en\/wp-json\/wp\/v2\/media?parent=25444"}],"wp:term":[{"taxonomy":"product_brand","embeddable":true,"href":"https:\/\/repliquemangacine.fr\/en\/wp-json\/wp\/v2\/product_brand?post=25444"},{"taxonomy":"product_cat","embeddable":true,"href":"https:\/\/repliquemangacine.fr\/en\/wp-json\/wp\/v2\/product_cat?post=25444"},{"taxonomy":"product_tag","embeddable":true,"href":"https:\/\/repliquemangacine.fr\/en\/wp-json\/wp\/v2\/product_tag?post=25444"}],"curies":[{"name":"wp","href":"https:\/\/api.w.org\/{rel}","templated":true}]}}