





{"id":25409,"date":"2016-08-29T17:38:46","date_gmt":"2016-08-29T15:38:46","guid":{"rendered":"https:\/\/repliquemangacine.fr\/?post_type=product&#038;p=25409"},"modified":"2026-03-15T22:38:22","modified_gmt":"2026-03-15T21:38:22","slug":"altair-dagger-assassin-s-creed-2","status":"publish","type":"product","link":"https:\/\/repliquemangacine.fr\/en\/armes-assassins-creed\/dague-epee-d-altair-assassin-s-creed\/","title":{"rendered":"Alta\u00efr sword dagger Assassin's Creed"},"content":{"rendered":"<h2>Alta\u00efr's sword dagger in Assassin's Creed<\/h2>\n<p>To begin with, the <strong>Alta\u00efr Sword Dagger<\/strong> is inspired by his sword in the video game Assassin's Creed.<\/p>\n<p>Alta\u00efr is a member of the Assassin brotherhood. Confronted with a mission he mishandles, he finds himself stripped of his rank of \"Master Assassin\". However, his mentor sees in him a good element, and decides to give him a second chance. Alta\u00efr is then obliged to carry out nine assassinations to regain his honor and rank.<\/p>\n<p>Altair was a <a href=\"https:\/\/assassinscreed.fandom.com\/fr\/wiki\/Ma\u00eetre_Assassin\" target=\"_blank\" rel=\"noopener noreferrer\">Master Assassin<\/a>He was capable of unprecedented acrobatic prowess, which he put to good use in his deadly art. Over-trained, he could overcome any obstacle.<\/p>\n<p>Like the other Assassins, he was also trained in stealth assassination techniques, hand-to-hand and armed combat, as well as weapon throwing.<\/p>\n<h2>Your Alta\u00efr Sword Dagger at the best price.<\/h2>\n<p>We bring you all the replicas of your favorite video game Assassin's Creed.<\/p>\n<p>First and foremost,<\/p>\n<ul>\n<li>L'<a href=\"https:\/\/repliquemangacine.fr\/en\/assassins-creed\/epee-daguilar-assassins-creed-le-film\/\">Aguilar sword<\/a> in Assassin's Creed the Movie.<\/li>\n<li>But also, the pirate axe pistol, the Gun Axe in Assassin's Creed Unity: Dead Kings.<\/li>\n<li>And many more to discover in our online store!<\/li>\n<\/ul>\n<p>If you're an Assassin's Creed fan, this pistol is a great addition to your arsenal. That's why it's a great gift idea for fans.<\/p>\n<p>In conclusion, you can also use this <strong>Alta\u00efr sword dagger<\/strong> for your cosplay parades or theme parties. But above all, the Assassin's Creed replica is a collector's item, and a decorative piece.<\/p>\n<h2>How to maintain the blade of your Assassin's Creed dagger?<\/h2>\n<p>Collector's and decorative daggers are made and assembled in a simplified way. As their use is decorative, they lack the safety features required of a Japanese saber intended for training.<\/p>\n<p>However, your <strong>Alta\u00efr's sword dagger<\/strong> to a steel blade that needs to be cared for to avoid damage over time. In fact, when you display your katana, your friends will be curious to see and touch the blade. This is where you need to be careful, as the acidity of your fingers is very harmful to steel, whatever its quality.<\/p>\n<p>However, if this does happen, don't panic - all you need is a cloth dampened with a little oil and a wipe of fingerprints. By doing so, you'll keep your sword looking its best for a very long time.<\/p>\n<p><strong>\u00a0<\/strong><\/p>","protected":false},"excerpt":{"rendered":"<p>Altair has four weapons, which he collects one by one.<\/p>\n<ul>\n<li>Steel blade and wing-shaped guard.<\/li>\n<li>Bird beak-shaped knob.<\/li>\n<li>ABS handle with metal wire.<\/li>\n<li>ABS sheath with leather strap.<\/li>\n<li>Total length: 60cm<\/li>\n<\/ul>\n<p>&nbsp;<\/p>","protected":false},"featured_media":25410,"template":"","meta":[],"product_brand":[896],"product_cat":[836,48,23],"product_tag":[],"class_list":{"0":"post-25409","1":"product","2":"type-product","3":"status-publish","4":"has-post-thumbnail","6":"product_brand-replique-manga-cine","7":"product_cat-armes-assassins-creed","8":"product_cat-epees-assassins-creed-armes-assassins-creed","9":"product_cat-repliques-manga-jeux-video","11":"first","12":"instock","13":"taxable","14":"shipping-taxable","15":"purchasable","16":"product-type-simple"},"yoast_head":"<!-- This site is optimized with the Yoast SEO plugin v27.5 - https:\/\/yoast.com\/product\/yoast-seo-wordpress\/ -->\n<title>Dague \u00e9p\u00e9e d&#039;Alta\u00efr - Assassin&#039;s Creed - R\u00e9plique Manga Cin\u00e9<\/title>\n<meta name=\"description\" content=\"Achetez vite ! votre Dague \u00e9p\u00e9e d&#039;Alta\u00efr Assassin&#039;s Creed au meilleur prix. Lame en acier - Fourreau - Longueur totale : 60 cm - Envoi 24\/48h\" \/>\n<meta name=\"robots\" content=\"index, follow, max-snippet:-1, max-image-preview:large, max-video-preview:-1\" \/>\n<link rel=\"canonical\" href=\"https:\/\/repliquemangacine.fr\/en\/weapons-assassins-creed\/altair-dagger-assassin-s-creed-2\/\" \/>\n<meta property=\"og:locale\" content=\"en_US\" \/>\n<meta property=\"og:type\" content=\"article\" \/>\n<meta property=\"og:title\" content=\"Dague \u00e9p\u00e9e d&#039;Alta\u00efr - Assassin&#039;s Creed - R\u00e9plique Manga Cin\u00e9\" \/>\n<meta property=\"og:description\" content=\"Achetez vite ! votre Dague \u00e9p\u00e9e d&#039;Alta\u00efr Assassin&#039;s Creed au meilleur prix. Lame en acier - Fourreau - Longueur totale : 60 cm - Envoi 24\/48h\" \/>\n<meta property=\"og:url\" content=\"https:\/\/repliquemangacine.fr\/en\/weapons-assassins-creed\/altair-dagger-assassin-s-creed-2\/\" \/>\n<meta property=\"og:site_name\" content=\"R\u00e9plique Manga Cin\u00e9\" \/>\n<meta property=\"article:publisher\" content=\"https:\/\/www.facebook.com\/RepliqueMangaCine\" \/>\n<meta property=\"article:modified_time\" content=\"2026-03-15T21:38:22+00:00\" \/>\n<meta property=\"og:image\" content=\"https:\/\/repliquemangacine.fr\/wp-content\/uploads\/2023\/10\/204-Replique-Dague-epee-dAltair-Assassins-Creed.jpg\" \/>\n\t<meta property=\"og:image:width\" content=\"800\" \/>\n\t<meta property=\"og:image:height\" content=\"800\" \/>\n\t<meta property=\"og:image:type\" content=\"image\/jpeg\" \/>\n<meta name=\"twitter:card\" content=\"summary_large_image\" \/>\n<meta name=\"twitter:label1\" content=\"Est. reading time\" \/>\n\t<meta name=\"twitter:data1\" content=\"2 minutes\" \/>\n<script type=\"application\/ld+json\" class=\"yoast-schema-graph\">{\"@context\":\"https:\\\/\\\/schema.org\",\"@graph\":[{\"@type\":\"WebPage\",\"@id\":\"https:\\\/\\\/repliquemangacine.fr\\\/armes-assassins-creed\\\/dague-epee-d-altair-assassin-s-creed\\\/\",\"url\":\"https:\\\/\\\/repliquemangacine.fr\\\/armes-assassins-creed\\\/dague-epee-d-altair-assassin-s-creed\\\/\",\"name\":\"Dague \u00e9p\u00e9e d'Alta\u00efr - Assassin's Creed - R\u00e9plique Manga Cin\u00e9\",\"isPartOf\":{\"@id\":\"https:\\\/\\\/repliquemangacine.fr\\\/#website\"},\"primaryImageOfPage\":{\"@id\":\"https:\\\/\\\/repliquemangacine.fr\\\/armes-assassins-creed\\\/dague-epee-d-altair-assassin-s-creed\\\/#primaryimage\"},\"image\":{\"@id\":\"https:\\\/\\\/repliquemangacine.fr\\\/armes-assassins-creed\\\/dague-epee-d-altair-assassin-s-creed\\\/#primaryimage\"},\"thumbnailUrl\":\"https:\\\/\\\/repliquemangacine.fr\\\/wp-content\\\/uploads\\\/2023\\\/10\\\/204-Replique-Dague-epee-dAltair-Assassins-Creed.jpg\",\"datePublished\":\"2016-08-29T15:38:46+00:00\",\"dateModified\":\"2026-03-15T21:38:22+00:00\",\"description\":\"Achetez vite ! votre Dague \u00e9p\u00e9e d'Alta\u00efr Assassin's Creed au meilleur prix. Lame en acier - Fourreau - Longueur totale : 60 cm - Envoi 24\\\/48h\",\"breadcrumb\":{\"@id\":\"https:\\\/\\\/repliquemangacine.fr\\\/armes-assassins-creed\\\/dague-epee-d-altair-assassin-s-creed\\\/#breadcrumb\"},\"inLanguage\":\"en-US\",\"potentialAction\":[{\"@type\":\"ReadAction\",\"target\":[\"https:\\\/\\\/repliquemangacine.fr\\\/armes-assassins-creed\\\/dague-epee-d-altair-assassin-s-creed\\\/\"]}]},{\"@type\":\"ImageObject\",\"inLanguage\":\"en-US\",\"@id\":\"https:\\\/\\\/repliquemangacine.fr\\\/armes-assassins-creed\\\/dague-epee-d-altair-assassin-s-creed\\\/#primaryimage\",\"url\":\"https:\\\/\\\/repliquemangacine.fr\\\/wp-content\\\/uploads\\\/2023\\\/10\\\/204-Replique-Dague-epee-dAltair-Assassins-Creed.jpg\",\"contentUrl\":\"https:\\\/\\\/repliquemangacine.fr\\\/wp-content\\\/uploads\\\/2023\\\/10\\\/204-Replique-Dague-epee-dAltair-Assassins-Creed.jpg\",\"width\":800,\"height\":800,\"caption\":\"R\u00e9plique Dague Ep\u00e9e d'Alta\u00efr- Assassin's Creed\"},{\"@type\":\"BreadcrumbList\",\"@id\":\"https:\\\/\\\/repliquemangacine.fr\\\/armes-assassins-creed\\\/dague-epee-d-altair-assassin-s-creed\\\/#breadcrumb\",\"itemListElement\":[{\"@type\":\"ListItem\",\"position\":1,\"name\":\"Accueil\",\"item\":\"https:\\\/\\\/repliquemangacine.fr\\\/\"},{\"@type\":\"ListItem\",\"position\":2,\"name\":\"Produits\",\"item\":\"https:\\\/\\\/repliquemangacine.fr\\\/boutique\\\/\"},{\"@type\":\"ListItem\",\"position\":3,\"name\":\"Dague \u00e9p\u00e9e d&#8217;Alta\u00efr Assassin&#8217;s Creed\"}]},{\"@type\":\"WebSite\",\"@id\":\"https:\\\/\\\/repliquemangacine.fr\\\/#website\",\"url\":\"https:\\\/\\\/repliquemangacine.fr\\\/\",\"name\":\"R\u00e9plique Manga Cin\u00e9\",\"description\":\"\",\"publisher\":{\"@id\":\"https:\\\/\\\/repliquemangacine.fr\\\/#organization\"},\"potentialAction\":[{\"@type\":\"SearchAction\",\"target\":{\"@type\":\"EntryPoint\",\"urlTemplate\":\"https:\\\/\\\/repliquemangacine.fr\\\/?s={search_term_string}\"},\"query-input\":{\"@type\":\"PropertyValueSpecification\",\"valueRequired\":true,\"valueName\":\"search_term_string\"}}],\"inLanguage\":\"en-US\"},{\"@type\":\"Organization\",\"@id\":\"https:\\\/\\\/repliquemangacine.fr\\\/#organization\",\"name\":\"R\u00e9plique Manga Cin\u00e9\",\"url\":\"https:\\\/\\\/repliquemangacine.fr\\\/\",\"logo\":{\"@type\":\"ImageObject\",\"inLanguage\":\"en-US\",\"@id\":\"https:\\\/\\\/repliquemangacine.fr\\\/#\\\/schema\\\/logo\\\/image\\\/\",\"url\":\"https:\\\/\\\/repliquemangacine.fr\\\/wp-content\\\/uploads\\\/2023\\\/10\\\/RMC-500250.png\",\"contentUrl\":\"https:\\\/\\\/repliquemangacine.fr\\\/wp-content\\\/uploads\\\/2023\\\/10\\\/RMC-500250.png\",\"width\":500,\"height\":250,\"caption\":\"R\u00e9plique Manga Cin\u00e9\"},\"image\":{\"@id\":\"https:\\\/\\\/repliquemangacine.fr\\\/#\\\/schema\\\/logo\\\/image\\\/\"},\"sameAs\":[\"https:\\\/\\\/www.facebook.com\\\/RepliqueMangaCine\",\"https:\\\/\\\/www.instagram.com\\\/repliquemangacine.fr\\\/\"]}]}<\/script>\n<!-- \/ Yoast SEO plugin. -->","yoast_head_json":{"title":"Alta\u00efr Sword Dagger - Assassin's Creed - R\u00e9plique Manga Cin\u00e9","description":"Buy your Assassin's Creed Alta\u00efr Sword Dagger at the best price. Steel blade - Sheath - Total length: 60 cm - Shipment 24\/48h","robots":{"index":"index","follow":"follow","max-snippet":"max-snippet:-1","max-image-preview":"max-image-preview:large","max-video-preview":"max-video-preview:-1"},"canonical":"https:\/\/repliquemangacine.fr\/en\/weapons-assassins-creed\/altair-dagger-assassin-s-creed-2\/","og_locale":"en_US","og_type":"article","og_title":"Dague \u00e9p\u00e9e d'Alta\u00efr - Assassin's Creed - R\u00e9plique Manga Cin\u00e9","og_description":"Achetez vite ! votre Dague \u00e9p\u00e9e d'Alta\u00efr Assassin's Creed au meilleur prix. Lame en acier - Fourreau - Longueur totale : 60 cm - Envoi 24\/48h","og_url":"https:\/\/repliquemangacine.fr\/en\/weapons-assassins-creed\/altair-dagger-assassin-s-creed-2\/","og_site_name":"R\u00e9plique Manga Cin\u00e9","article_publisher":"https:\/\/www.facebook.com\/RepliqueMangaCine","article_modified_time":"2026-03-15T21:38:22+00:00","og_image":[{"width":800,"height":800,"url":"https:\/\/repliquemangacine.fr\/wp-content\/uploads\/2023\/10\/204-Replique-Dague-epee-dAltair-Assassins-Creed.jpg","type":"image\/jpeg"}],"twitter_card":"summary_large_image","twitter_misc":{"Est. reading time":"2 minutes"},"schema":{"@context":"https:\/\/schema.org","@graph":[{"@type":"WebPage","@id":"https:\/\/repliquemangacine.fr\/armes-assassins-creed\/dague-epee-d-altair-assassin-s-creed\/","url":"https:\/\/repliquemangacine.fr\/armes-assassins-creed\/dague-epee-d-altair-assassin-s-creed\/","name":"Alta\u00efr Sword Dagger - Assassin's Creed - R\u00e9plique Manga Cin\u00e9","isPartOf":{"@id":"https:\/\/repliquemangacine.fr\/#website"},"primaryImageOfPage":{"@id":"https:\/\/repliquemangacine.fr\/armes-assassins-creed\/dague-epee-d-altair-assassin-s-creed\/#primaryimage"},"image":{"@id":"https:\/\/repliquemangacine.fr\/armes-assassins-creed\/dague-epee-d-altair-assassin-s-creed\/#primaryimage"},"thumbnailUrl":"https:\/\/repliquemangacine.fr\/wp-content\/uploads\/2023\/10\/204-Replique-Dague-epee-dAltair-Assassins-Creed.jpg","datePublished":"2016-08-29T15:38:46+00:00","dateModified":"2026-03-15T21:38:22+00:00","description":"Buy your Assassin's Creed Alta\u00efr Sword Dagger at the best price. Steel blade - Sheath - Total length: 60 cm - Shipment 24\/48h","breadcrumb":{"@id":"https:\/\/repliquemangacine.fr\/armes-assassins-creed\/dague-epee-d-altair-assassin-s-creed\/#breadcrumb"},"inLanguage":"en-US","potentialAction":[{"@type":"ReadAction","target":["https:\/\/repliquemangacine.fr\/armes-assassins-creed\/dague-epee-d-altair-assassin-s-creed\/"]}]},{"@type":"ImageObject","inLanguage":"en-US","@id":"https:\/\/repliquemangacine.fr\/armes-assassins-creed\/dague-epee-d-altair-assassin-s-creed\/#primaryimage","url":"https:\/\/repliquemangacine.fr\/wp-content\/uploads\/2023\/10\/204-Replique-Dague-epee-dAltair-Assassins-Creed.jpg","contentUrl":"https:\/\/repliquemangacine.fr\/wp-content\/uploads\/2023\/10\/204-Replique-Dague-epee-dAltair-Assassins-Creed.jpg","width":800,"height":800,"caption":"R\u00e9plique Dague Ep\u00e9e d'Alta\u00efr- Assassin's Creed"},{"@type":"BreadcrumbList","@id":"https:\/\/repliquemangacine.fr\/armes-assassins-creed\/dague-epee-d-altair-assassin-s-creed\/#breadcrumb","itemListElement":[{"@type":"ListItem","position":1,"name":"Accueil","item":"https:\/\/repliquemangacine.fr\/"},{"@type":"ListItem","position":2,"name":"Produits","item":"https:\/\/repliquemangacine.fr\/boutique\/"},{"@type":"ListItem","position":3,"name":"Dague \u00e9p\u00e9e d&#8217;Alta\u00efr Assassin&#8217;s Creed"}]},{"@type":"WebSite","@id":"https:\/\/repliquemangacine.fr\/#website","url":"https:\/\/repliquemangacine.fr\/","name":"R\u00e9plique Manga Cin\u00e9","description":"","publisher":{"@id":"https:\/\/repliquemangacine.fr\/#organization"},"potentialAction":[{"@type":"SearchAction","target":{"@type":"EntryPoint","urlTemplate":"https:\/\/repliquemangacine.fr\/?s={search_term_string}"},"query-input":{"@type":"PropertyValueSpecification","valueRequired":true,"valueName":"search_term_string"}}],"inLanguage":"en-US"},{"@type":"Organization","@id":"https:\/\/repliquemangacine.fr\/#organization","name":"R\u00e9plique Manga Cin\u00e9","url":"https:\/\/repliquemangacine.fr\/","logo":{"@type":"ImageObject","inLanguage":"en-US","@id":"https:\/\/repliquemangacine.fr\/#\/schema\/logo\/image\/","url":"https:\/\/repliquemangacine.fr\/wp-content\/uploads\/2023\/10\/RMC-500250.png","contentUrl":"https:\/\/repliquemangacine.fr\/wp-content\/uploads\/2023\/10\/RMC-500250.png","width":500,"height":250,"caption":"R\u00e9plique Manga Cin\u00e9"},"image":{"@id":"https:\/\/repliquemangacine.fr\/#\/schema\/logo\/image\/"},"sameAs":["https:\/\/www.facebook.com\/RepliqueMangaCine","https:\/\/www.instagram.com\/repliquemangacine.fr\/"]}]}},"_links":{"self":[{"href":"https:\/\/repliquemangacine.fr\/en\/wp-json\/wp\/v2\/product\/25409","targetHints":{"allow":["GET"]}}],"collection":[{"href":"https:\/\/repliquemangacine.fr\/en\/wp-json\/wp\/v2\/product"}],"about":[{"href":"https:\/\/repliquemangacine.fr\/en\/wp-json\/wp\/v2\/types\/product"}],"wp:featuredmedia":[{"embeddable":true,"href":"https:\/\/repliquemangacine.fr\/en\/wp-json\/wp\/v2\/media\/25410"}],"wp:attachment":[{"href":"https:\/\/repliquemangacine.fr\/en\/wp-json\/wp\/v2\/media?parent=25409"}],"wp:term":[{"taxonomy":"product_brand","embeddable":true,"href":"https:\/\/repliquemangacine.fr\/en\/wp-json\/wp\/v2\/product_brand?post=25409"},{"taxonomy":"product_cat","embeddable":true,"href":"https:\/\/repliquemangacine.fr\/en\/wp-json\/wp\/v2\/product_cat?post=25409"},{"taxonomy":"product_tag","embeddable":true,"href":"https:\/\/repliquemangacine.fr\/en\/wp-json\/wp\/v2\/product_tag?post=25409"}],"curies":[{"name":"wp","href":"https:\/\/api.w.org\/{rel}","templated":true}]}}