





{"id":25403,"date":"2016-08-29T17:18:02","date_gmt":"2016-08-29T15:18:02","guid":{"rendered":"https:\/\/repliquemangacine.fr\/?post_type=product&#038;p=25403"},"modified":"2026-03-26T20:00:44","modified_gmt":"2026-03-26T19:00:44","slug":"altair-sword-assassins-creed","status":"publish","type":"product","link":"https:\/\/repliquemangacine.fr\/en\/armes-assassins-creed\/epee-d-altair-assassins-creed\/","title":{"rendered":"Sword of Alta\u00efr Assassin's Creed"},"content":{"rendered":"<h2>Sword of Alta\u00efr Assassin's Creed<\/h2>\n<p>To begin with, the<strong>Sword of Alta\u00efr Assassin's Creed<\/strong> is identical to that of the game.<\/p>\n<p>Alta\u00efr is a member of the Assassin brotherhood. Confronted with a mission he mishandles, he finds himself stripped of his rank of \"Master Assassin\". However, his mentor sees in him a good element, and decides to give him a second chance. Alta\u00efr is then obliged to carry out nine assassinations to regain his honor and rank.<\/p>\n<p>Altair was a <a href=\"https:\/\/assassinscreed.fandom.com\/fr\/wiki\/Ma\u00eetre_Assassin\" target=\"_blank\" rel=\"noopener noreferrer\">Master Assassin<\/a>He was capable of unprecedented acrobatic prowess, which he put to good use in his deadly art. Over-trained, he could overcome any obstacle.<\/p>\n<p>Like the other Assassins, he was also trained in stealth assassination techniques, hand-to-hand and armed combat, as well as weapon throwing.<\/p>\n<h2>Your Sword of Alta\u00efr Assassin's Creed at the best price<\/h2>\n<p>We bring you all the replicas of your favorite video game Assassin's Creed.<\/p>\n<p>First and foremost,<\/p>\n<ul>\n<li>Visit <a href=\"https:\/\/repliquemangacine.fr\/en\/assassins-creed\/jacob-assassain-s-creed-metal-sword-rod\/\">Jacob's sword cane<\/a> in Assassin's Creed Syndicate.<\/li>\n<li>But also, the <a href=\"https:\/\/repliquemangacine.fr\/en\/assassins-creed\/pirate-axe-gun-18th-century\/\">pirate axe pistol<\/a>the Gun Axe in Assassin's Creed Unity: Dead Kings.<\/li>\n<li>And many more to discover in our online store!<\/li>\n<\/ul>\n<p>If you're an Assassin's Creed fan, this sword is a great addition and a masterpiece to your arsenal. That's why it's a great gift idea for fans.<\/p>\n<p>In conclusion, you can also use this Alta\u00efr sword for your cosplay parades or theme parties. But above all, the<strong>Alta\u00efr's sword in Assassin's Creed<\/strong>is a collector's item, as well as a decorative one.<\/p>\n<h2>How to care for your sword blade<\/h2>\n<p>Collector's and decorative swords are made and assembled in a simplified way. As their use is decorative, they lack the safety features required of a Japanese sword intended for training.<\/p>\n<p>However, your <strong>Sword of Alta\u00efr Assassin's Creed<\/strong> to a steel blade that needs to be cared for to avoid damage over time. In fact, when you display your katana, your friends will be curious to see and touch the blade. This is where you need to be careful, as the acidity of your fingers is very harmful to steel, whatever its quality.<\/p>\n<p>However, if this does happen, don't panic - all you need is a cloth dampened with a little oil and a wipe of fingerprints. By doing so, you'll keep your sword looking its best for a very long time.<\/p>\n<p><strong>\u00a0<\/strong><\/p>","protected":false},"excerpt":{"rendered":"<p>Alta\u00efr has four weapons, which he collects one by one.<\/p>\n<ul>\n<li>Steel blade and wing-shaped guard.<\/li>\n<li>Bird beak-shaped knob.<\/li>\n<li>ABS handle with metal wire.<\/li>\n<li>ABS sheath.<\/li>\n<li>Blade length: 72 cm - Total length: 97 cm<\/li>\n<\/ul>","protected":false},"featured_media":25404,"template":"","meta":[],"product_brand":[896],"product_cat":[836,48,23],"product_tag":[],"class_list":{"0":"post-25403","1":"product","2":"type-product","3":"status-publish","4":"has-post-thumbnail","6":"product_brand-replique-manga-cine","7":"product_cat-armes-assassins-creed","8":"product_cat-epees-assassins-creed-armes-assassins-creed","9":"product_cat-repliques-manga-jeux-video","11":"first","12":"instock","13":"taxable","14":"shipping-taxable","15":"purchasable","16":"product-type-simple"},"yoast_head":"<!-- This site is optimized with the Yoast SEO plugin v27.5 - https:\/\/yoast.com\/product\/yoast-seo-wordpress\/ -->\n<title>Ep\u00e9e d&#039;Alta\u00efr Assassin&#039;s Creed - Boutique en ligne | RMC<\/title>\n<meta name=\"description\" content=\"Achetez vite ! Votre Ep\u00e9e d&#039;Alta\u00efr Assassin&#039;s Creed au meilleur prix. Lame en acier. Garde et pommeau acier - Longueur totale : 97cm - Envoi 24\/48h\" \/>\n<meta name=\"robots\" content=\"index, follow, max-snippet:-1, max-image-preview:large, max-video-preview:-1\" \/>\n<link rel=\"canonical\" href=\"https:\/\/repliquemangacine.fr\/en\/weapons-assassins-creed\/altair-sword-assassins-creed\/\" \/>\n<meta property=\"og:locale\" content=\"en_US\" \/>\n<meta property=\"og:type\" content=\"article\" \/>\n<meta property=\"og:title\" content=\"Ep\u00e9e d&#039;Alta\u00efr Assassin&#039;s Creed - Boutique en ligne | RMC\" \/>\n<meta property=\"og:description\" content=\"Achetez vite ! Votre Ep\u00e9e d&#039;Alta\u00efr Assassin&#039;s Creed au meilleur prix. Lame en acier. Garde et pommeau acier - Longueur totale : 97cm - Envoi 24\/48h\" \/>\n<meta property=\"og:url\" content=\"https:\/\/repliquemangacine.fr\/en\/weapons-assassins-creed\/altair-sword-assassins-creed\/\" \/>\n<meta property=\"og:site_name\" content=\"R\u00e9plique Manga Cin\u00e9\" \/>\n<meta property=\"article:publisher\" content=\"https:\/\/www.facebook.com\/RepliqueMangaCine\" \/>\n<meta property=\"article:modified_time\" content=\"2026-03-26T19:00:44+00:00\" \/>\n<meta property=\"og:image\" content=\"https:\/\/repliquemangacine.fr\/wp-content\/uploads\/2023\/10\/200-Replique-de-lEpee-dAltair-Assassins-Creed.jpg\" \/>\n\t<meta property=\"og:image:width\" content=\"800\" \/>\n\t<meta property=\"og:image:height\" content=\"800\" \/>\n\t<meta property=\"og:image:type\" content=\"image\/jpeg\" \/>\n<meta name=\"twitter:card\" content=\"summary_large_image\" \/>\n<meta name=\"twitter:label1\" content=\"Est. reading time\" \/>\n\t<meta name=\"twitter:data1\" content=\"2 minutes\" \/>\n<script type=\"application\/ld+json\" class=\"yoast-schema-graph\">{\"@context\":\"https:\\\/\\\/schema.org\",\"@graph\":[{\"@type\":\"WebPage\",\"@id\":\"https:\\\/\\\/repliquemangacine.fr\\\/armes-assassins-creed\\\/epee-d-altair-assassins-creed\\\/\",\"url\":\"https:\\\/\\\/repliquemangacine.fr\\\/armes-assassins-creed\\\/epee-d-altair-assassins-creed\\\/\",\"name\":\"Ep\u00e9e d'Alta\u00efr Assassin's Creed - Boutique en ligne | RMC\",\"isPartOf\":{\"@id\":\"https:\\\/\\\/repliquemangacine.fr\\\/#website\"},\"primaryImageOfPage\":{\"@id\":\"https:\\\/\\\/repliquemangacine.fr\\\/armes-assassins-creed\\\/epee-d-altair-assassins-creed\\\/#primaryimage\"},\"image\":{\"@id\":\"https:\\\/\\\/repliquemangacine.fr\\\/armes-assassins-creed\\\/epee-d-altair-assassins-creed\\\/#primaryimage\"},\"thumbnailUrl\":\"https:\\\/\\\/repliquemangacine.fr\\\/wp-content\\\/uploads\\\/2023\\\/10\\\/200-Replique-de-lEpee-dAltair-Assassins-Creed.jpg\",\"datePublished\":\"2016-08-29T15:18:02+00:00\",\"dateModified\":\"2026-03-26T19:00:44+00:00\",\"description\":\"Achetez vite ! Votre Ep\u00e9e d'Alta\u00efr Assassin's Creed au meilleur prix. Lame en acier. Garde et pommeau acier - Longueur totale : 97cm - Envoi 24\\\/48h\",\"breadcrumb\":{\"@id\":\"https:\\\/\\\/repliquemangacine.fr\\\/armes-assassins-creed\\\/epee-d-altair-assassins-creed\\\/#breadcrumb\"},\"inLanguage\":\"en-US\",\"potentialAction\":[{\"@type\":\"ReadAction\",\"target\":[\"https:\\\/\\\/repliquemangacine.fr\\\/armes-assassins-creed\\\/epee-d-altair-assassins-creed\\\/\"]}]},{\"@type\":\"ImageObject\",\"inLanguage\":\"en-US\",\"@id\":\"https:\\\/\\\/repliquemangacine.fr\\\/armes-assassins-creed\\\/epee-d-altair-assassins-creed\\\/#primaryimage\",\"url\":\"https:\\\/\\\/repliquemangacine.fr\\\/wp-content\\\/uploads\\\/2023\\\/10\\\/200-Replique-de-lEpee-dAltair-Assassins-Creed.jpg\",\"contentUrl\":\"https:\\\/\\\/repliquemangacine.fr\\\/wp-content\\\/uploads\\\/2023\\\/10\\\/200-Replique-de-lEpee-dAltair-Assassins-Creed.jpg\",\"width\":800,\"height\":800,\"caption\":\"Ep\u00e9e d'Alta\u00efr Assassin's Creed\"},{\"@type\":\"BreadcrumbList\",\"@id\":\"https:\\\/\\\/repliquemangacine.fr\\\/armes-assassins-creed\\\/epee-d-altair-assassins-creed\\\/#breadcrumb\",\"itemListElement\":[{\"@type\":\"ListItem\",\"position\":1,\"name\":\"Accueil\",\"item\":\"https:\\\/\\\/repliquemangacine.fr\\\/\"},{\"@type\":\"ListItem\",\"position\":2,\"name\":\"Produits\",\"item\":\"https:\\\/\\\/repliquemangacine.fr\\\/boutique\\\/\"},{\"@type\":\"ListItem\",\"position\":3,\"name\":\"Ep\u00e9e d&#8217;Alta\u00efr Assassin&#8217;s Creed\"}]},{\"@type\":\"WebSite\",\"@id\":\"https:\\\/\\\/repliquemangacine.fr\\\/#website\",\"url\":\"https:\\\/\\\/repliquemangacine.fr\\\/\",\"name\":\"R\u00e9plique Manga Cin\u00e9\",\"description\":\"\",\"publisher\":{\"@id\":\"https:\\\/\\\/repliquemangacine.fr\\\/#organization\"},\"potentialAction\":[{\"@type\":\"SearchAction\",\"target\":{\"@type\":\"EntryPoint\",\"urlTemplate\":\"https:\\\/\\\/repliquemangacine.fr\\\/?s={search_term_string}\"},\"query-input\":{\"@type\":\"PropertyValueSpecification\",\"valueRequired\":true,\"valueName\":\"search_term_string\"}}],\"inLanguage\":\"en-US\"},{\"@type\":\"Organization\",\"@id\":\"https:\\\/\\\/repliquemangacine.fr\\\/#organization\",\"name\":\"R\u00e9plique Manga Cin\u00e9\",\"url\":\"https:\\\/\\\/repliquemangacine.fr\\\/\",\"logo\":{\"@type\":\"ImageObject\",\"inLanguage\":\"en-US\",\"@id\":\"https:\\\/\\\/repliquemangacine.fr\\\/#\\\/schema\\\/logo\\\/image\\\/\",\"url\":\"https:\\\/\\\/repliquemangacine.fr\\\/wp-content\\\/uploads\\\/2023\\\/10\\\/RMC-500250.png\",\"contentUrl\":\"https:\\\/\\\/repliquemangacine.fr\\\/wp-content\\\/uploads\\\/2023\\\/10\\\/RMC-500250.png\",\"width\":500,\"height\":250,\"caption\":\"R\u00e9plique Manga Cin\u00e9\"},\"image\":{\"@id\":\"https:\\\/\\\/repliquemangacine.fr\\\/#\\\/schema\\\/logo\\\/image\\\/\"},\"sameAs\":[\"https:\\\/\\\/www.facebook.com\\\/RepliqueMangaCine\",\"https:\\\/\\\/www.instagram.com\\\/repliquemangacine.fr\\\/\"]}]}<\/script>\n<!-- \/ Yoast SEO plugin. -->","yoast_head_json":{"title":"Sword of Alta\u00efr Assassin's Creed - Online Shop | RMC","description":"Buy now! Your Assassin's Creed Alta\u00efr Sword at the best price. Steel blade. Steel hilt and pommel - Total length: 97cm - Shipment 24\/48h","robots":{"index":"index","follow":"follow","max-snippet":"max-snippet:-1","max-image-preview":"max-image-preview:large","max-video-preview":"max-video-preview:-1"},"canonical":"https:\/\/repliquemangacine.fr\/en\/weapons-assassins-creed\/altair-sword-assassins-creed\/","og_locale":"en_US","og_type":"article","og_title":"Ep\u00e9e d'Alta\u00efr Assassin's Creed - Boutique en ligne | RMC","og_description":"Achetez vite ! Votre Ep\u00e9e d'Alta\u00efr Assassin's Creed au meilleur prix. Lame en acier. Garde et pommeau acier - Longueur totale : 97cm - Envoi 24\/48h","og_url":"https:\/\/repliquemangacine.fr\/en\/weapons-assassins-creed\/altair-sword-assassins-creed\/","og_site_name":"R\u00e9plique Manga Cin\u00e9","article_publisher":"https:\/\/www.facebook.com\/RepliqueMangaCine","article_modified_time":"2026-03-26T19:00:44+00:00","og_image":[{"width":800,"height":800,"url":"https:\/\/repliquemangacine.fr\/wp-content\/uploads\/2023\/10\/200-Replique-de-lEpee-dAltair-Assassins-Creed.jpg","type":"image\/jpeg"}],"twitter_card":"summary_large_image","twitter_misc":{"Est. reading time":"2 minutes"},"schema":{"@context":"https:\/\/schema.org","@graph":[{"@type":"WebPage","@id":"https:\/\/repliquemangacine.fr\/armes-assassins-creed\/epee-d-altair-assassins-creed\/","url":"https:\/\/repliquemangacine.fr\/armes-assassins-creed\/epee-d-altair-assassins-creed\/","name":"Sword of Alta\u00efr Assassin's Creed - Online Shop | RMC","isPartOf":{"@id":"https:\/\/repliquemangacine.fr\/#website"},"primaryImageOfPage":{"@id":"https:\/\/repliquemangacine.fr\/armes-assassins-creed\/epee-d-altair-assassins-creed\/#primaryimage"},"image":{"@id":"https:\/\/repliquemangacine.fr\/armes-assassins-creed\/epee-d-altair-assassins-creed\/#primaryimage"},"thumbnailUrl":"https:\/\/repliquemangacine.fr\/wp-content\/uploads\/2023\/10\/200-Replique-de-lEpee-dAltair-Assassins-Creed.jpg","datePublished":"2016-08-29T15:18:02+00:00","dateModified":"2026-03-26T19:00:44+00:00","description":"Buy now! Your Assassin's Creed Alta\u00efr Sword at the best price. Steel blade. Steel hilt and pommel - Total length: 97cm - Shipment 24\/48h","breadcrumb":{"@id":"https:\/\/repliquemangacine.fr\/armes-assassins-creed\/epee-d-altair-assassins-creed\/#breadcrumb"},"inLanguage":"en-US","potentialAction":[{"@type":"ReadAction","target":["https:\/\/repliquemangacine.fr\/armes-assassins-creed\/epee-d-altair-assassins-creed\/"]}]},{"@type":"ImageObject","inLanguage":"en-US","@id":"https:\/\/repliquemangacine.fr\/armes-assassins-creed\/epee-d-altair-assassins-creed\/#primaryimage","url":"https:\/\/repliquemangacine.fr\/wp-content\/uploads\/2023\/10\/200-Replique-de-lEpee-dAltair-Assassins-Creed.jpg","contentUrl":"https:\/\/repliquemangacine.fr\/wp-content\/uploads\/2023\/10\/200-Replique-de-lEpee-dAltair-Assassins-Creed.jpg","width":800,"height":800,"caption":"Ep\u00e9e d'Alta\u00efr Assassin's Creed"},{"@type":"BreadcrumbList","@id":"https:\/\/repliquemangacine.fr\/armes-assassins-creed\/epee-d-altair-assassins-creed\/#breadcrumb","itemListElement":[{"@type":"ListItem","position":1,"name":"Accueil","item":"https:\/\/repliquemangacine.fr\/"},{"@type":"ListItem","position":2,"name":"Produits","item":"https:\/\/repliquemangacine.fr\/boutique\/"},{"@type":"ListItem","position":3,"name":"Ep\u00e9e d&#8217;Alta\u00efr Assassin&#8217;s Creed"}]},{"@type":"WebSite","@id":"https:\/\/repliquemangacine.fr\/#website","url":"https:\/\/repliquemangacine.fr\/","name":"R\u00e9plique Manga Cin\u00e9","description":"","publisher":{"@id":"https:\/\/repliquemangacine.fr\/#organization"},"potentialAction":[{"@type":"SearchAction","target":{"@type":"EntryPoint","urlTemplate":"https:\/\/repliquemangacine.fr\/?s={search_term_string}"},"query-input":{"@type":"PropertyValueSpecification","valueRequired":true,"valueName":"search_term_string"}}],"inLanguage":"en-US"},{"@type":"Organization","@id":"https:\/\/repliquemangacine.fr\/#organization","name":"R\u00e9plique Manga Cin\u00e9","url":"https:\/\/repliquemangacine.fr\/","logo":{"@type":"ImageObject","inLanguage":"en-US","@id":"https:\/\/repliquemangacine.fr\/#\/schema\/logo\/image\/","url":"https:\/\/repliquemangacine.fr\/wp-content\/uploads\/2023\/10\/RMC-500250.png","contentUrl":"https:\/\/repliquemangacine.fr\/wp-content\/uploads\/2023\/10\/RMC-500250.png","width":500,"height":250,"caption":"R\u00e9plique Manga Cin\u00e9"},"image":{"@id":"https:\/\/repliquemangacine.fr\/#\/schema\/logo\/image\/"},"sameAs":["https:\/\/www.facebook.com\/RepliqueMangaCine","https:\/\/www.instagram.com\/repliquemangacine.fr\/"]}]}},"_links":{"self":[{"href":"https:\/\/repliquemangacine.fr\/en\/wp-json\/wp\/v2\/product\/25403","targetHints":{"allow":["GET"]}}],"collection":[{"href":"https:\/\/repliquemangacine.fr\/en\/wp-json\/wp\/v2\/product"}],"about":[{"href":"https:\/\/repliquemangacine.fr\/en\/wp-json\/wp\/v2\/types\/product"}],"wp:featuredmedia":[{"embeddable":true,"href":"https:\/\/repliquemangacine.fr\/en\/wp-json\/wp\/v2\/media\/25404"}],"wp:attachment":[{"href":"https:\/\/repliquemangacine.fr\/en\/wp-json\/wp\/v2\/media?parent=25403"}],"wp:term":[{"taxonomy":"product_brand","embeddable":true,"href":"https:\/\/repliquemangacine.fr\/en\/wp-json\/wp\/v2\/product_brand?post=25403"},{"taxonomy":"product_cat","embeddable":true,"href":"https:\/\/repliquemangacine.fr\/en\/wp-json\/wp\/v2\/product_cat?post=25403"},{"taxonomy":"product_tag","embeddable":true,"href":"https:\/\/repliquemangacine.fr\/en\/wp-json\/wp\/v2\/product_tag?post=25403"}],"curies":[{"name":"wp","href":"https:\/\/api.w.org\/{rel}","templated":true}]}}