





{"id":25394,"date":"2016-08-27T23:17:08","date_gmt":"2016-08-27T21:17:08","guid":{"rendered":"https:\/\/repliquemangacine.fr\/?post_type=product&#038;p=25394"},"modified":"2025-12-12T19:55:36","modified_gmt":"2025-12-12T18:55:36","slug":"zabuza-sword-kubikiribocho-sword","status":"publish","type":"product","link":"https:\/\/repliquemangacine.fr\/en\/katana-naruto\/epee-de-zabuza-epee-kubikiribocho\/","title":{"rendered":"Zabuza Naruto's sword"},"content":{"rendered":"<h2>Zabuza Sword Kubikirib\u00f4ch\u00f4 Naruto<\/h2>\n<p>To begin with, the<strong>Zabuza sword<\/strong> is called Kubikirib\u00f4ch\u00f4, and resembles a giant butcher's cleaver. Kubikirib\u00f4ch\u00f4 has a special property that means it never gets nicked or chipped: it regenerates by absorbing the iron in its victims' blood.<\/p>\n<p><a href=\"https:\/\/naruto.fandom.com\/fr\/wiki\/Zabuza_Momochi\" target=\"_blank\" rel=\"noopener noreferrer\">Zabuza,<\/a> A ninja specializing in silent assassination techniques. He creates fog to conceal himself. He is also a master of taijutsu, which he combines with kenjutsu techniques. Zabuza is one of the Seven Swordsmen of the Mist, a group of legendary swordsmen from Kiri.<\/p>\n<p>Combined with the power of its user, this sword becomes one of the most powerful swords ever seen. Indeed, when Wuros draws Kubikirib\u00f4ch\u00f4, he is able to destroy the ground without even touching it.<\/p>\n<h2>Your Zabuza Kubikirib\u00f4ch\u00f4 Sword at the best price.<\/h2>\n<p>We offer a wide selection of replica katanas and swords from the animated manga series Naruto.<\/p>\n<p>First and foremost,<\/p>\n<ul>\n<li>Visit <a href=\"https:\/\/repliquemangacine.fr\/en\/katana-naruto\/kusanagi-sword-sasuke-naruto\/\">sasuke's katana<\/a>The Kusanagi sword in its manga version, but also in an animated version.<\/li>\n<li>There is also the <a href=\"https:\/\/repliquemangacine.fr\/en\/naruto\/naruto-large-kunai\/\">Large metal Kunai<\/a><\/li>\n<li>As well as the <a href=\"https:\/\/repliquemangacine.fr\/en\/katana-naruto\/katana-boruto-sasuke-naruto\/\">Boruto's Katana<\/a> used by Sasuke to teach him how to use it.<\/li>\n<li>And many more to discover in our online store!<\/li>\n<\/ul>\n<p>That's why this is a great gift idea for all Naruto fans.<\/p>\n<p>In conclusion, you can use<strong>Zabuza sword<\/strong> in Naruto for your cosplay parades and theme parties. But above all, it's a collector's and decorative replica.<\/p>\n<h2>How to maintain the blade of your Naruto katana?<\/h2>\n<p>Collector's and decorative katanas are made and assembled in a simplified way. As their use is decorative, they lack the safety features required of a Japanese saber intended for training.<\/p>\n<p>However, your <strong>Zabuza Kibikirib\u00f4ch\u00f4 sword<\/strong> to a steel blade that needs to be cared for to avoid damage over time. In fact, when you display your katana, your friends will be curious to see and touch the blade. This is where you need to be careful, as the acidity of your fingers is very harmful to steel, whatever its quality.<\/p>\n<p>However, if this does happen, don't panic - all you need is a cloth dampened with a little oil and a wipe of fingerprints. By doing so, you'll keep your sword looking its best for a very long time.<\/p>","protected":false},"excerpt":{"rendered":"<p>The Kubikirib\u00f4ch\u00f4 sword from\u00a0<span class=\"PBLongTxt\">Zabuza Momochi<\/span> looks like a giant butcher knife.<\/p>\n<ul>\n<li>Non-sharp steel blade.<\/li>\n<li>Pierced at the end, with a circular arc close to the pommel.<\/li>\n<li>Metal handle wrapped with cotton thread at mid-height for a secure grip.<\/li>\n<li>Supplied with carrying case.<\/li>\n<li>Weight: 2.250kg - Blade length: 65cm - Blade width: 10.5cm - Overall length: 94cm<\/li>\n<\/ul>\n<p>&nbsp;<\/p>","protected":false},"featured_media":25395,"template":"","meta":[],"product_brand":[896],"product_cat":[109],"product_tag":[],"class_list":{"0":"post-25394","1":"product","2":"type-product","3":"status-publish","4":"has-post-thumbnail","6":"product_brand-replique-manga-cine","7":"product_cat-katana-naruto","9":"first","10":"outofstock","11":"taxable","12":"shipping-taxable","13":"purchasable","14":"product-type-simple"},"yoast_head":"<!-- This site is optimized with the Yoast SEO plugin v27.5 - https:\/\/yoast.com\/product\/yoast-seo-wordpress\/ -->\n<title>\u00c9p\u00e9e de Zabuza Kubikirib\u00f4ch\u00f4 Naruto - Boutique en ligne | RMC<\/title>\n<meta name=\"description\" content=\"Commandez vite ! La r\u00e9plique de l&#039;\u00e9p\u00e9e de Zabuza kubikirib\u00f4ch\u00f4 dans Naruto au meilleur prix. Lame en acier - Longueur totale : 94 cm - Envoi 24\/48h\" \/>\n<meta name=\"robots\" content=\"index, follow, max-snippet:-1, max-image-preview:large, max-video-preview:-1\" \/>\n<link rel=\"canonical\" href=\"https:\/\/repliquemangacine.fr\/en\/katana-naruto\/zabuza-sword-kubikiribocho-sword\/\" \/>\n<meta property=\"og:locale\" content=\"en_US\" \/>\n<meta property=\"og:type\" content=\"article\" \/>\n<meta property=\"og:title\" content=\"\u00c9p\u00e9e de Zabuza Kubikirib\u00f4ch\u00f4 Naruto - Boutique en ligne | RMC\" \/>\n<meta property=\"og:description\" content=\"Commandez vite ! La r\u00e9plique de l&#039;\u00e9p\u00e9e de Zabuza kubikirib\u00f4ch\u00f4 dans Naruto au meilleur prix. Lame en acier - Longueur totale : 94 cm - Envoi 24\/48h\" \/>\n<meta property=\"og:url\" content=\"https:\/\/repliquemangacine.fr\/en\/katana-naruto\/zabuza-sword-kubikiribocho-sword\/\" \/>\n<meta property=\"og:site_name\" content=\"R\u00e9plique Manga Cin\u00e9\" \/>\n<meta property=\"article:publisher\" content=\"https:\/\/www.facebook.com\/RepliqueMangaCine\" \/>\n<meta property=\"article:modified_time\" content=\"2025-12-12T18:55:36+00:00\" \/>\n<meta property=\"og:image\" content=\"https:\/\/repliquemangacine.fr\/wp-content\/uploads\/2023\/10\/193-Epee-de-Zabuza-epee-Naruto.jpg\" \/>\n\t<meta property=\"og:image:width\" content=\"800\" \/>\n\t<meta property=\"og:image:height\" content=\"800\" \/>\n\t<meta property=\"og:image:type\" content=\"image\/jpeg\" \/>\n<meta name=\"twitter:card\" content=\"summary_large_image\" \/>\n<meta name=\"twitter:label1\" content=\"Est. reading time\" \/>\n\t<meta name=\"twitter:data1\" content=\"2 minutes\" \/>\n<script type=\"application\/ld+json\" class=\"yoast-schema-graph\">{\"@context\":\"https:\\\/\\\/schema.org\",\"@graph\":[{\"@type\":\"WebPage\",\"@id\":\"https:\\\/\\\/repliquemangacine.fr\\\/katana-naruto\\\/epee-de-zabuza-epee-kubikiribocho\\\/\",\"url\":\"https:\\\/\\\/repliquemangacine.fr\\\/katana-naruto\\\/epee-de-zabuza-epee-kubikiribocho\\\/\",\"name\":\"\u00c9p\u00e9e de Zabuza Kubikirib\u00f4ch\u00f4 Naruto - Boutique en ligne | RMC\",\"isPartOf\":{\"@id\":\"https:\\\/\\\/repliquemangacine.fr\\\/#website\"},\"primaryImageOfPage\":{\"@id\":\"https:\\\/\\\/repliquemangacine.fr\\\/katana-naruto\\\/epee-de-zabuza-epee-kubikiribocho\\\/#primaryimage\"},\"image\":{\"@id\":\"https:\\\/\\\/repliquemangacine.fr\\\/katana-naruto\\\/epee-de-zabuza-epee-kubikiribocho\\\/#primaryimage\"},\"thumbnailUrl\":\"https:\\\/\\\/repliquemangacine.fr\\\/wp-content\\\/uploads\\\/2023\\\/10\\\/193-Epee-de-Zabuza-epee-Naruto.jpg\",\"datePublished\":\"2016-08-27T21:17:08+00:00\",\"dateModified\":\"2025-12-12T18:55:36+00:00\",\"description\":\"Commandez vite ! La r\u00e9plique de l'\u00e9p\u00e9e de Zabuza kubikirib\u00f4ch\u00f4 dans Naruto au meilleur prix. Lame en acier - Longueur totale : 94 cm - Envoi 24\\\/48h\",\"breadcrumb\":{\"@id\":\"https:\\\/\\\/repliquemangacine.fr\\\/katana-naruto\\\/epee-de-zabuza-epee-kubikiribocho\\\/#breadcrumb\"},\"inLanguage\":\"en-US\",\"potentialAction\":[{\"@type\":\"ReadAction\",\"target\":[\"https:\\\/\\\/repliquemangacine.fr\\\/katana-naruto\\\/epee-de-zabuza-epee-kubikiribocho\\\/\"]}]},{\"@type\":\"ImageObject\",\"inLanguage\":\"en-US\",\"@id\":\"https:\\\/\\\/repliquemangacine.fr\\\/katana-naruto\\\/epee-de-zabuza-epee-kubikiribocho\\\/#primaryimage\",\"url\":\"https:\\\/\\\/repliquemangacine.fr\\\/wp-content\\\/uploads\\\/2023\\\/10\\\/193-Epee-de-Zabuza-epee-Naruto.jpg\",\"contentUrl\":\"https:\\\/\\\/repliquemangacine.fr\\\/wp-content\\\/uploads\\\/2023\\\/10\\\/193-Epee-de-Zabuza-epee-Naruto.jpg\",\"width\":800,\"height\":800,\"caption\":\"Ep\u00e9e de Zabuza - \u00e9p\u00e9e Naruto\"},{\"@type\":\"BreadcrumbList\",\"@id\":\"https:\\\/\\\/repliquemangacine.fr\\\/katana-naruto\\\/epee-de-zabuza-epee-kubikiribocho\\\/#breadcrumb\",\"itemListElement\":[{\"@type\":\"ListItem\",\"position\":1,\"name\":\"Accueil\",\"item\":\"https:\\\/\\\/repliquemangacine.fr\\\/\"},{\"@type\":\"ListItem\",\"position\":2,\"name\":\"Produits\",\"item\":\"https:\\\/\\\/repliquemangacine.fr\\\/boutique\\\/\"},{\"@type\":\"ListItem\",\"position\":3,\"name\":\"Ep\u00e9e de Zabuza Naruto\"}]},{\"@type\":\"WebSite\",\"@id\":\"https:\\\/\\\/repliquemangacine.fr\\\/#website\",\"url\":\"https:\\\/\\\/repliquemangacine.fr\\\/\",\"name\":\"R\u00e9plique Manga Cin\u00e9\",\"description\":\"\",\"publisher\":{\"@id\":\"https:\\\/\\\/repliquemangacine.fr\\\/#organization\"},\"potentialAction\":[{\"@type\":\"SearchAction\",\"target\":{\"@type\":\"EntryPoint\",\"urlTemplate\":\"https:\\\/\\\/repliquemangacine.fr\\\/?s={search_term_string}\"},\"query-input\":{\"@type\":\"PropertyValueSpecification\",\"valueRequired\":true,\"valueName\":\"search_term_string\"}}],\"inLanguage\":\"en-US\"},{\"@type\":\"Organization\",\"@id\":\"https:\\\/\\\/repliquemangacine.fr\\\/#organization\",\"name\":\"R\u00e9plique Manga Cin\u00e9\",\"url\":\"https:\\\/\\\/repliquemangacine.fr\\\/\",\"logo\":{\"@type\":\"ImageObject\",\"inLanguage\":\"en-US\",\"@id\":\"https:\\\/\\\/repliquemangacine.fr\\\/#\\\/schema\\\/logo\\\/image\\\/\",\"url\":\"https:\\\/\\\/repliquemangacine.fr\\\/wp-content\\\/uploads\\\/2023\\\/10\\\/RMC-500250.png\",\"contentUrl\":\"https:\\\/\\\/repliquemangacine.fr\\\/wp-content\\\/uploads\\\/2023\\\/10\\\/RMC-500250.png\",\"width\":500,\"height\":250,\"caption\":\"R\u00e9plique Manga Cin\u00e9\"},\"image\":{\"@id\":\"https:\\\/\\\/repliquemangacine.fr\\\/#\\\/schema\\\/logo\\\/image\\\/\"},\"sameAs\":[\"https:\\\/\\\/www.facebook.com\\\/RepliqueMangaCine\",\"https:\\\/\\\/www.instagram.com\\\/repliquemangacine.fr\\\/\"]}]}<\/script>\n<!-- \/ Yoast SEO plugin. -->","yoast_head_json":{"title":"Zabuza Sword Kubikirib\u00f4ch\u00f4 Naruto - Online Shop | RMC","description":"Order now! The replica of Zabuza's kubikirib\u00f4ch\u00f4 sword from Naruto at the best price. Steel blade - Total length: 94 cm - Shipment 24\/48h","robots":{"index":"index","follow":"follow","max-snippet":"max-snippet:-1","max-image-preview":"max-image-preview:large","max-video-preview":"max-video-preview:-1"},"canonical":"https:\/\/repliquemangacine.fr\/en\/katana-naruto\/zabuza-sword-kubikiribocho-sword\/","og_locale":"en_US","og_type":"article","og_title":"\u00c9p\u00e9e de Zabuza Kubikirib\u00f4ch\u00f4 Naruto - Boutique en ligne | RMC","og_description":"Commandez vite ! La r\u00e9plique de l'\u00e9p\u00e9e de Zabuza kubikirib\u00f4ch\u00f4 dans Naruto au meilleur prix. Lame en acier - Longueur totale : 94 cm - Envoi 24\/48h","og_url":"https:\/\/repliquemangacine.fr\/en\/katana-naruto\/zabuza-sword-kubikiribocho-sword\/","og_site_name":"R\u00e9plique Manga Cin\u00e9","article_publisher":"https:\/\/www.facebook.com\/RepliqueMangaCine","article_modified_time":"2025-12-12T18:55:36+00:00","og_image":[{"width":800,"height":800,"url":"https:\/\/repliquemangacine.fr\/wp-content\/uploads\/2023\/10\/193-Epee-de-Zabuza-epee-Naruto.jpg","type":"image\/jpeg"}],"twitter_card":"summary_large_image","twitter_misc":{"Est. reading time":"2 minutes"},"schema":{"@context":"https:\/\/schema.org","@graph":[{"@type":"WebPage","@id":"https:\/\/repliquemangacine.fr\/katana-naruto\/epee-de-zabuza-epee-kubikiribocho\/","url":"https:\/\/repliquemangacine.fr\/katana-naruto\/epee-de-zabuza-epee-kubikiribocho\/","name":"Zabuza Sword Kubikirib\u00f4ch\u00f4 Naruto - Online Shop | RMC","isPartOf":{"@id":"https:\/\/repliquemangacine.fr\/#website"},"primaryImageOfPage":{"@id":"https:\/\/repliquemangacine.fr\/katana-naruto\/epee-de-zabuza-epee-kubikiribocho\/#primaryimage"},"image":{"@id":"https:\/\/repliquemangacine.fr\/katana-naruto\/epee-de-zabuza-epee-kubikiribocho\/#primaryimage"},"thumbnailUrl":"https:\/\/repliquemangacine.fr\/wp-content\/uploads\/2023\/10\/193-Epee-de-Zabuza-epee-Naruto.jpg","datePublished":"2016-08-27T21:17:08+00:00","dateModified":"2025-12-12T18:55:36+00:00","description":"Order now! The replica of Zabuza's kubikirib\u00f4ch\u00f4 sword from Naruto at the best price. Steel blade - Total length: 94 cm - Shipment 24\/48h","breadcrumb":{"@id":"https:\/\/repliquemangacine.fr\/katana-naruto\/epee-de-zabuza-epee-kubikiribocho\/#breadcrumb"},"inLanguage":"en-US","potentialAction":[{"@type":"ReadAction","target":["https:\/\/repliquemangacine.fr\/katana-naruto\/epee-de-zabuza-epee-kubikiribocho\/"]}]},{"@type":"ImageObject","inLanguage":"en-US","@id":"https:\/\/repliquemangacine.fr\/katana-naruto\/epee-de-zabuza-epee-kubikiribocho\/#primaryimage","url":"https:\/\/repliquemangacine.fr\/wp-content\/uploads\/2023\/10\/193-Epee-de-Zabuza-epee-Naruto.jpg","contentUrl":"https:\/\/repliquemangacine.fr\/wp-content\/uploads\/2023\/10\/193-Epee-de-Zabuza-epee-Naruto.jpg","width":800,"height":800,"caption":"Ep\u00e9e de Zabuza - \u00e9p\u00e9e Naruto"},{"@type":"BreadcrumbList","@id":"https:\/\/repliquemangacine.fr\/katana-naruto\/epee-de-zabuza-epee-kubikiribocho\/#breadcrumb","itemListElement":[{"@type":"ListItem","position":1,"name":"Accueil","item":"https:\/\/repliquemangacine.fr\/"},{"@type":"ListItem","position":2,"name":"Produits","item":"https:\/\/repliquemangacine.fr\/boutique\/"},{"@type":"ListItem","position":3,"name":"Ep\u00e9e de Zabuza Naruto"}]},{"@type":"WebSite","@id":"https:\/\/repliquemangacine.fr\/#website","url":"https:\/\/repliquemangacine.fr\/","name":"R\u00e9plique Manga Cin\u00e9","description":"","publisher":{"@id":"https:\/\/repliquemangacine.fr\/#organization"},"potentialAction":[{"@type":"SearchAction","target":{"@type":"EntryPoint","urlTemplate":"https:\/\/repliquemangacine.fr\/?s={search_term_string}"},"query-input":{"@type":"PropertyValueSpecification","valueRequired":true,"valueName":"search_term_string"}}],"inLanguage":"en-US"},{"@type":"Organization","@id":"https:\/\/repliquemangacine.fr\/#organization","name":"R\u00e9plique Manga Cin\u00e9","url":"https:\/\/repliquemangacine.fr\/","logo":{"@type":"ImageObject","inLanguage":"en-US","@id":"https:\/\/repliquemangacine.fr\/#\/schema\/logo\/image\/","url":"https:\/\/repliquemangacine.fr\/wp-content\/uploads\/2023\/10\/RMC-500250.png","contentUrl":"https:\/\/repliquemangacine.fr\/wp-content\/uploads\/2023\/10\/RMC-500250.png","width":500,"height":250,"caption":"R\u00e9plique Manga Cin\u00e9"},"image":{"@id":"https:\/\/repliquemangacine.fr\/#\/schema\/logo\/image\/"},"sameAs":["https:\/\/www.facebook.com\/RepliqueMangaCine","https:\/\/www.instagram.com\/repliquemangacine.fr\/"]}]}},"_links":{"self":[{"href":"https:\/\/repliquemangacine.fr\/en\/wp-json\/wp\/v2\/product\/25394","targetHints":{"allow":["GET"]}}],"collection":[{"href":"https:\/\/repliquemangacine.fr\/en\/wp-json\/wp\/v2\/product"}],"about":[{"href":"https:\/\/repliquemangacine.fr\/en\/wp-json\/wp\/v2\/types\/product"}],"wp:featuredmedia":[{"embeddable":true,"href":"https:\/\/repliquemangacine.fr\/en\/wp-json\/wp\/v2\/media\/25395"}],"wp:attachment":[{"href":"https:\/\/repliquemangacine.fr\/en\/wp-json\/wp\/v2\/media?parent=25394"}],"wp:term":[{"taxonomy":"product_brand","embeddable":true,"href":"https:\/\/repliquemangacine.fr\/en\/wp-json\/wp\/v2\/product_brand?post=25394"},{"taxonomy":"product_cat","embeddable":true,"href":"https:\/\/repliquemangacine.fr\/en\/wp-json\/wp\/v2\/product_cat?post=25394"},{"taxonomy":"product_tag","embeddable":true,"href":"https:\/\/repliquemangacine.fr\/en\/wp-json\/wp\/v2\/product_tag?post=25394"}],"curies":[{"name":"wp","href":"https:\/\/api.w.org\/{rel}","templated":true}]}}