





{"id":25390,"date":"2016-08-27T22:51:57","date_gmt":"2016-08-27T20:51:57","guid":{"rendered":"https:\/\/repliquemangacine.fr\/?post_type=product&#038;p=25390"},"modified":"2026-04-12T06:16:11","modified_gmt":"2026-04-12T04:16:11","slug":"shuriken-naruto","status":"publish","type":"product","link":"https:\/\/repliquemangacine.fr\/en\/couteaux-de-lancer-et-etoiles\/shuriken-naruto\/","title":{"rendered":"Shuriken Naruto"},"content":{"rendered":"<h2>Naruto metal shuriken<\/h2>\n<p>To begin with, the <strong>shuriken Naruto<\/strong>like the kunai, is a weapon widely used by ninjas.  The hole in the middle serves to grip the weapon with a finger without cutting oneself. This hole also improves the weapon's aerodynamics, optimizing throwing accuracy.<\/p>\n<p>The shuriken, a traditional Japanese star-shaped weapon, usually thrown by hand. In the popular anime and manga series \"Naruto\", shurikens are used by many characters as ranged weapons in combat. The main character, Naruto Uzumaki, is also seen using shurikens in many episodes and arcs of the series.<\/p>\n<p>Shuriken-jutsu (meaning hidden sword techniques) refers to techniques involving the throwing of shuriken, Kunai, <a href=\"https:\/\/narutopages.wiki\/fr\/outils\/senbon\" target=\"_blank\" rel=\"noopener noreferrer\">Senbon<\/a> or any other throwing weapon.<\/p>\n<h2>Cheap Naruto Shuriken<\/h2>\n<p>R\u00e9plique Manga Cin\u00e9 offers you <strong>Shuriken Naruto<\/strong> with 4 points (non-cutting). All-metal shuriken.<\/p>\n<p>Are you a Naruto fan? If you'd like to add to your collection, we offer a wide range of Naruto merchandise, including :<\/p>\n<ul>\n<li>Visit <a href=\"https:\/\/repliquemangacine.fr\/en\/katana-goodies-naruto-kunai\/kusanagi-sword-sasuke-naruto\/\">katana sasuke<\/a> in white for the manga and black for the anime.<\/li>\n<li>There is also the <a href=\"https:\/\/repliquemangacine.fr\/en\/katana-goodies-naruto-kunai\/konoha-naruto-headband\/\">Konoha headband<\/a> Naruto wears<\/li>\n<li>As well as all <a href=\"https:\/\/repliquemangacine.fr\/en\/katana-goodies-naruto-kunai\/3-kunai-naruto\/\">three kunai<\/a> with engraved Naruto logo<\/li>\n<\/ul>\n<p>So here are some gift ideas for Naruto fans<\/p>\n<p>In conclusion, this <strong>Shuriken Naruto<\/strong> is an inexpensive gift idea that's sure to please.<\/p>\n<h2>Find our latest Naruto releases at the best price<\/h2>\n<p>Always on the cutting edge of innovation, we offer :<\/p>\n<ul>\n<li>Visit <a href=\"https:\/\/repliquemangacine.fr\/en\/katana-goodies-naruto-kunai\/katana-boruto-sasuke-naruto\/\">Boruto katana<\/a> used by Sasuke to teach Boruto in Naruto Next Generations.<\/li>\n<li>As well as the <a href=\"https:\/\/repliquemangacine.fr\/en\/katana-goodies-naruto-kunai\/kunai-despace-temps-minato\/\">Space-time kunai<\/a> used by Minato with his seal engraved on the handle.<\/li>\n<\/ul>\n<p>Soon, we'll have the pleasure of presenting figurines, mugs and wall scrolls (posters) and taking advantage of great introductory offers!<\/p>\n<p><strong>Please note that all our replicas are collectibles and decorative items. You can use them for historical re-enactments, cosplay parades or interior decoration. Consequently, it is not possible to go into public places with these replicas.<\/strong><\/p>","protected":false},"excerpt":{"rendered":"<p>Shuriken-jutsu (meaning hidden sword techniques) refers to techniques involving the throwing of shuriken, kunai, senbon or other bladed throwing weapons.<\/p>\n<ul>\n<li>All-metal shuriken.<\/li>\n<li>The tips are blunt for added safety.<\/li>\n<li>Diameter: 9.5cm<\/li>\n<\/ul>","protected":false},"featured_media":25391,"template":"","meta":[],"product_brand":[896],"product_cat":[894,108,42],"product_tag":[],"class_list":{"0":"post-25390","1":"product","2":"type-product","3":"status-publish","4":"has-post-thumbnail","6":"product_brand-replique-manga-cine","7":"product_cat-couteaux-de-lancer-et-etoiles","8":"product_cat-kunai-et-shuriken-naruto","9":"product_cat-katana-goodies-naruto-kunai","11":"first","12":"instock","13":"taxable","14":"shipping-taxable","15":"purchasable","16":"product-type-simple"},"yoast_head":"<!-- This site is optimized with the Yoast SEO plugin v27.4 - https:\/\/yoast.com\/product\/yoast-seo-wordpress\/ -->\n<title>Shuriken Naruto - Kunai naruto pas cher - R\u00e9plique Manga Cin\u00e9<\/title>\n<meta name=\"description\" content=\"Envie de pratiquer la technique du Shuriken jutsu comme Naruto ! Offrez vous ce shuriken tout en m\u00e9tal au meilleur prix. Envoi 24\/48H\" \/>\n<meta name=\"robots\" content=\"index, follow, max-snippet:-1, max-image-preview:large, max-video-preview:-1\" \/>\n<link rel=\"canonical\" href=\"https:\/\/www.repliquemangacine.fr\/kunai-et-shuriken-naruto\/shuriken-naruto\/\" \/>\n<meta property=\"og:locale\" content=\"en_US\" \/>\n<meta property=\"og:type\" content=\"article\" \/>\n<meta property=\"og:title\" content=\"Shuriken Naruto - Kunai naruto pas cher - R\u00e9plique Manga Cin\u00e9\" \/>\n<meta property=\"og:description\" content=\"Envie de pratiquer la technique du Shuriken jutsu comme Naruto ! Offrez vous ce shuriken tout en m\u00e9tal au meilleur prix. Envoi 24\/48H\" \/>\n<meta property=\"og:url\" content=\"https:\/\/www.repliquemangacine.fr\/kunai-et-shuriken-naruto\/shuriken-naruto\/\" \/>\n<meta property=\"og:site_name\" content=\"R\u00e9plique Manga Cin\u00e9\" \/>\n<meta property=\"article:publisher\" content=\"https:\/\/www.facebook.com\/RepliqueMangaCine\" \/>\n<meta property=\"article:modified_time\" content=\"2026-04-12T04:16:11+00:00\" \/>\n<meta property=\"og:image\" content=\"https:\/\/repliquemangacine.fr\/wp-content\/uploads\/2023\/10\/192-Shuriken-Etoile-a-lancer-Naruto.jpg\" \/>\n\t<meta property=\"og:image:width\" content=\"800\" \/>\n\t<meta property=\"og:image:height\" content=\"800\" \/>\n\t<meta property=\"og:image:type\" content=\"image\/jpeg\" \/>\n<meta name=\"twitter:card\" content=\"summary_large_image\" \/>\n<meta name=\"twitter:label1\" content=\"Est. reading time\" \/>\n\t<meta name=\"twitter:data1\" content=\"3 minutes\" \/>\n<script type=\"application\/ld+json\" class=\"yoast-schema-graph\">{\"@context\":\"https:\\\/\\\/schema.org\",\"@graph\":[{\"@type\":\"WebPage\",\"@id\":\"https:\\\/\\\/repliquemangacine.fr\\\/couteaux-de-lancer-et-etoiles\\\/shuriken-naruto\\\/\",\"url\":\"https:\\\/\\\/www.repliquemangacine.fr\\\/kunai-et-shuriken-naruto\\\/shuriken-naruto\\\/\",\"name\":\"Shuriken Naruto - Kunai naruto pas cher - R\u00e9plique Manga Cin\u00e9\",\"isPartOf\":{\"@id\":\"https:\\\/\\\/repliquemangacine.fr\\\/#website\"},\"primaryImageOfPage\":{\"@id\":\"https:\\\/\\\/www.repliquemangacine.fr\\\/kunai-et-shuriken-naruto\\\/shuriken-naruto\\\/#primaryimage\"},\"image\":{\"@id\":\"https:\\\/\\\/www.repliquemangacine.fr\\\/kunai-et-shuriken-naruto\\\/shuriken-naruto\\\/#primaryimage\"},\"thumbnailUrl\":\"https:\\\/\\\/repliquemangacine.fr\\\/wp-content\\\/uploads\\\/2023\\\/10\\\/192-Shuriken-Etoile-a-lancer-Naruto.jpg\",\"datePublished\":\"2016-08-27T20:51:57+00:00\",\"dateModified\":\"2026-04-12T04:16:11+00:00\",\"description\":\"Envie de pratiquer la technique du Shuriken jutsu comme Naruto ! Offrez vous ce shuriken tout en m\u00e9tal au meilleur prix. Envoi 24\\\/48H\",\"breadcrumb\":{\"@id\":\"https:\\\/\\\/www.repliquemangacine.fr\\\/kunai-et-shuriken-naruto\\\/shuriken-naruto\\\/#breadcrumb\"},\"inLanguage\":\"en-US\",\"potentialAction\":[{\"@type\":\"ReadAction\",\"target\":[\"https:\\\/\\\/www.repliquemangacine.fr\\\/kunai-et-shuriken-naruto\\\/shuriken-naruto\\\/\"]}]},{\"@type\":\"ImageObject\",\"inLanguage\":\"en-US\",\"@id\":\"https:\\\/\\\/www.repliquemangacine.fr\\\/kunai-et-shuriken-naruto\\\/shuriken-naruto\\\/#primaryimage\",\"url\":\"https:\\\/\\\/repliquemangacine.fr\\\/wp-content\\\/uploads\\\/2023\\\/10\\\/192-Shuriken-Etoile-a-lancer-Naruto.jpg\",\"contentUrl\":\"https:\\\/\\\/repliquemangacine.fr\\\/wp-content\\\/uploads\\\/2023\\\/10\\\/192-Shuriken-Etoile-a-lancer-Naruto.jpg\",\"width\":800,\"height\":800,\"caption\":\"Shuriken - Etoile a lancer - Naruto\"},{\"@type\":\"BreadcrumbList\",\"@id\":\"https:\\\/\\\/www.repliquemangacine.fr\\\/kunai-et-shuriken-naruto\\\/shuriken-naruto\\\/#breadcrumb\",\"itemListElement\":[{\"@type\":\"ListItem\",\"position\":1,\"name\":\"Accueil\",\"item\":\"https:\\\/\\\/repliquemangacine.fr\\\/\"},{\"@type\":\"ListItem\",\"position\":2,\"name\":\"Produits\",\"item\":\"https:\\\/\\\/repliquemangacine.fr\\\/boutique\\\/\"},{\"@type\":\"ListItem\",\"position\":3,\"name\":\"Shuriken Naruto\"}]},{\"@type\":\"WebSite\",\"@id\":\"https:\\\/\\\/repliquemangacine.fr\\\/#website\",\"url\":\"https:\\\/\\\/repliquemangacine.fr\\\/\",\"name\":\"R\u00e9plique Manga Cin\u00e9\",\"description\":\"\",\"publisher\":{\"@id\":\"https:\\\/\\\/repliquemangacine.fr\\\/#organization\"},\"potentialAction\":[{\"@type\":\"SearchAction\",\"target\":{\"@type\":\"EntryPoint\",\"urlTemplate\":\"https:\\\/\\\/repliquemangacine.fr\\\/?s={search_term_string}\"},\"query-input\":{\"@type\":\"PropertyValueSpecification\",\"valueRequired\":true,\"valueName\":\"search_term_string\"}}],\"inLanguage\":\"en-US\"},{\"@type\":\"Organization\",\"@id\":\"https:\\\/\\\/repliquemangacine.fr\\\/#organization\",\"name\":\"R\u00e9plique Manga Cin\u00e9\",\"url\":\"https:\\\/\\\/repliquemangacine.fr\\\/\",\"logo\":{\"@type\":\"ImageObject\",\"inLanguage\":\"en-US\",\"@id\":\"https:\\\/\\\/repliquemangacine.fr\\\/#\\\/schema\\\/logo\\\/image\\\/\",\"url\":\"https:\\\/\\\/repliquemangacine.fr\\\/wp-content\\\/uploads\\\/2023\\\/10\\\/RMC-500250.png\",\"contentUrl\":\"https:\\\/\\\/repliquemangacine.fr\\\/wp-content\\\/uploads\\\/2023\\\/10\\\/RMC-500250.png\",\"width\":500,\"height\":250,\"caption\":\"R\u00e9plique Manga Cin\u00e9\"},\"image\":{\"@id\":\"https:\\\/\\\/repliquemangacine.fr\\\/#\\\/schema\\\/logo\\\/image\\\/\"},\"sameAs\":[\"https:\\\/\\\/www.facebook.com\\\/RepliqueMangaCine\",\"https:\\\/\\\/www.instagram.com\\\/repliquemangacine.fr\\\/\"]}]}<\/script>\n<!-- \/ Yoast SEO plugin. -->","yoast_head_json":{"title":"Shuriken Naruto - Kunai naruto pas cher - R\u00e9plique Manga Cin\u00e9","description":"Want to practice Shuriken jutsu like Naruto? Treat yourself to this all-metal shuriken at the best price. Delivery 24\/48H","robots":{"index":"index","follow":"follow","max-snippet":"max-snippet:-1","max-image-preview":"max-image-preview:large","max-video-preview":"max-video-preview:-1"},"canonical":"https:\/\/www.repliquemangacine.fr\/kunai-et-shuriken-naruto\/shuriken-naruto\/","og_locale":"en_US","og_type":"article","og_title":"Shuriken Naruto - Kunai naruto pas cher - R\u00e9plique Manga Cin\u00e9","og_description":"Envie de pratiquer la technique du Shuriken jutsu comme Naruto ! Offrez vous ce shuriken tout en m\u00e9tal au meilleur prix. Envoi 24\/48H","og_url":"https:\/\/www.repliquemangacine.fr\/kunai-et-shuriken-naruto\/shuriken-naruto\/","og_site_name":"R\u00e9plique Manga Cin\u00e9","article_publisher":"https:\/\/www.facebook.com\/RepliqueMangaCine","article_modified_time":"2026-04-12T04:16:11+00:00","og_image":[{"width":800,"height":800,"url":"https:\/\/repliquemangacine.fr\/wp-content\/uploads\/2023\/10\/192-Shuriken-Etoile-a-lancer-Naruto.jpg","type":"image\/jpeg"}],"twitter_card":"summary_large_image","twitter_misc":{"Est. reading time":"3 minutes"},"schema":{"@context":"https:\/\/schema.org","@graph":[{"@type":"WebPage","@id":"https:\/\/repliquemangacine.fr\/couteaux-de-lancer-et-etoiles\/shuriken-naruto\/","url":"https:\/\/www.repliquemangacine.fr\/kunai-et-shuriken-naruto\/shuriken-naruto\/","name":"Shuriken Naruto - Kunai naruto pas cher - R\u00e9plique Manga Cin\u00e9","isPartOf":{"@id":"https:\/\/repliquemangacine.fr\/#website"},"primaryImageOfPage":{"@id":"https:\/\/www.repliquemangacine.fr\/kunai-et-shuriken-naruto\/shuriken-naruto\/#primaryimage"},"image":{"@id":"https:\/\/www.repliquemangacine.fr\/kunai-et-shuriken-naruto\/shuriken-naruto\/#primaryimage"},"thumbnailUrl":"https:\/\/repliquemangacine.fr\/wp-content\/uploads\/2023\/10\/192-Shuriken-Etoile-a-lancer-Naruto.jpg","datePublished":"2016-08-27T20:51:57+00:00","dateModified":"2026-04-12T04:16:11+00:00","description":"Want to practice Shuriken jutsu like Naruto? Treat yourself to this all-metal shuriken at the best price. Delivery 24\/48H","breadcrumb":{"@id":"https:\/\/www.repliquemangacine.fr\/kunai-et-shuriken-naruto\/shuriken-naruto\/#breadcrumb"},"inLanguage":"en-US","potentialAction":[{"@type":"ReadAction","target":["https:\/\/www.repliquemangacine.fr\/kunai-et-shuriken-naruto\/shuriken-naruto\/"]}]},{"@type":"ImageObject","inLanguage":"en-US","@id":"https:\/\/www.repliquemangacine.fr\/kunai-et-shuriken-naruto\/shuriken-naruto\/#primaryimage","url":"https:\/\/repliquemangacine.fr\/wp-content\/uploads\/2023\/10\/192-Shuriken-Etoile-a-lancer-Naruto.jpg","contentUrl":"https:\/\/repliquemangacine.fr\/wp-content\/uploads\/2023\/10\/192-Shuriken-Etoile-a-lancer-Naruto.jpg","width":800,"height":800,"caption":"Shuriken - Etoile a lancer - Naruto"},{"@type":"BreadcrumbList","@id":"https:\/\/www.repliquemangacine.fr\/kunai-et-shuriken-naruto\/shuriken-naruto\/#breadcrumb","itemListElement":[{"@type":"ListItem","position":1,"name":"Accueil","item":"https:\/\/repliquemangacine.fr\/"},{"@type":"ListItem","position":2,"name":"Produits","item":"https:\/\/repliquemangacine.fr\/boutique\/"},{"@type":"ListItem","position":3,"name":"Shuriken Naruto"}]},{"@type":"WebSite","@id":"https:\/\/repliquemangacine.fr\/#website","url":"https:\/\/repliquemangacine.fr\/","name":"R\u00e9plique Manga Cin\u00e9","description":"","publisher":{"@id":"https:\/\/repliquemangacine.fr\/#organization"},"potentialAction":[{"@type":"SearchAction","target":{"@type":"EntryPoint","urlTemplate":"https:\/\/repliquemangacine.fr\/?s={search_term_string}"},"query-input":{"@type":"PropertyValueSpecification","valueRequired":true,"valueName":"search_term_string"}}],"inLanguage":"en-US"},{"@type":"Organization","@id":"https:\/\/repliquemangacine.fr\/#organization","name":"R\u00e9plique Manga Cin\u00e9","url":"https:\/\/repliquemangacine.fr\/","logo":{"@type":"ImageObject","inLanguage":"en-US","@id":"https:\/\/repliquemangacine.fr\/#\/schema\/logo\/image\/","url":"https:\/\/repliquemangacine.fr\/wp-content\/uploads\/2023\/10\/RMC-500250.png","contentUrl":"https:\/\/repliquemangacine.fr\/wp-content\/uploads\/2023\/10\/RMC-500250.png","width":500,"height":250,"caption":"R\u00e9plique Manga Cin\u00e9"},"image":{"@id":"https:\/\/repliquemangacine.fr\/#\/schema\/logo\/image\/"},"sameAs":["https:\/\/www.facebook.com\/RepliqueMangaCine","https:\/\/www.instagram.com\/repliquemangacine.fr\/"]}]}},"_links":{"self":[{"href":"https:\/\/repliquemangacine.fr\/en\/wp-json\/wp\/v2\/product\/25390","targetHints":{"allow":["GET"]}}],"collection":[{"href":"https:\/\/repliquemangacine.fr\/en\/wp-json\/wp\/v2\/product"}],"about":[{"href":"https:\/\/repliquemangacine.fr\/en\/wp-json\/wp\/v2\/types\/product"}],"wp:featuredmedia":[{"embeddable":true,"href":"https:\/\/repliquemangacine.fr\/en\/wp-json\/wp\/v2\/media\/25391"}],"wp:attachment":[{"href":"https:\/\/repliquemangacine.fr\/en\/wp-json\/wp\/v2\/media?parent=25390"}],"wp:term":[{"taxonomy":"product_brand","embeddable":true,"href":"https:\/\/repliquemangacine.fr\/en\/wp-json\/wp\/v2\/product_brand?post=25390"},{"taxonomy":"product_cat","embeddable":true,"href":"https:\/\/repliquemangacine.fr\/en\/wp-json\/wp\/v2\/product_cat?post=25390"},{"taxonomy":"product_tag","embeddable":true,"href":"https:\/\/repliquemangacine.fr\/en\/wp-json\/wp\/v2\/product_tag?post=25390"}],"curies":[{"name":"wp","href":"https:\/\/api.w.org\/{rel}","templated":true}]}}