





{"id":25365,"date":"2016-08-25T20:18:39","date_gmt":"2016-08-25T18:18:39","guid":{"rendered":"https:\/\/repliquemangacine.fr\/?post_type=product&#038;p=25365"},"modified":"2026-04-06T20:41:28","modified_gmt":"2026-04-06T18:41:28","slug":"saber-kokuto-yoru-dracula-sword-mihawk-one-piece","status":"publish","type":"product","link":"https:\/\/repliquemangacine.fr\/en\/repliques-manga-jeux-video\/sabre-kokuto-yoru-epee-de-dracule-mihawk-one-piece\/","title":{"rendered":"Mihawk sword Yoru sword"},"content":{"rendered":"<h2>Mihawk Sabre Yoru sword in One Piece.<\/h2>\n<p>To begin with, the<strong>Mihawk sword Yoru sword<\/strong> is one of the world's most powerful swords.<\/p>\n<p>Known by his nickname, Falcon's Eye, Dracule Mihawk is considered the world's greatest swordsman. Swordsmen the world over want to measure themselves against him.<\/p>\n<p>Visit <a href=\"https:\/\/onepiece.fandom.com\/fr\/wiki\/Yoru\" target=\"_blank\" rel=\"noopener noreferrer\">Kokuto Yoru<\/a> belongs to the 12 Saijo \u00f4 Wazamono category. It belongs to Mihawk, a former member of the 7 Corsair Captains. Kotuto Yuro means \"the black sword of the night\". Black-bladed swords are considered to be indestructible blades, according to Roronoa Zoro: \"It is said that black blades are so strong that the charge of an enraged dinosaur would not even chip them\".<\/p>\n<h2>Your Sword Mihawk Sabre Yoru at the best price<\/h2>\n<p>We bring you all the lines of your favorite characters in this animated One Piece manga.<\/p>\n<p>First and foremost,<\/p>\n<ul>\n<li>Goodies nos <a href=\"https:\/\/repliquemangacine.fr\/en\/various-goodies\/tapis-souris-60-x-40-cm-one-piece\/\">One Piece mouse pad<\/a><\/li>\n<li>As well as our One Piece key rings like the <a href=\"https:\/\/repliquemangacine.fr\/en\/one-piece\/porte-cles-symbole-one-piece\/\">One Piece symbol key ring<\/a>.<\/li>\n<li>Of course, there are also all the katanas, swords and sabers from One Piece.<\/li>\n<li>And many more to discover in our online store!<\/li>\n<\/ul>\n<p>That's why here are some great gift ideas for all One Piece fans.<\/p>\n<p>In conclusion, you can also use this <strong>Mihawk sword Yoru sword<\/strong> for your cosplay parades or theme parties. But above all, the Kokuto Yoru Saber is also a collector's item and a decorative object.<\/p>\n<h2>How to maintain the blade of your Mihawk katana?<\/h2>\n<p>Collector's and decorative katanas are made and assembled in a simplified way. As their use is decorative, they lack the safety features required of a Japanese saber intended for training.<\/p>\n<p>However, your <strong>Mihawk sword Yoru sword<\/strong> to a steel blade that needs to be cared for to avoid damage over time. In fact, when you display your katana, your friends will be curious to see the blade and touch it. This is where you need to be careful, as the acidity of your fingers is very harmful to steel, whatever its quality.<\/p>\n<p>If this happens, don't panic, just use a cloth dampened with a little oil to wipe off any fingerprints. By doing so, you'll keep your sword looking its best for a very long time.<\/p>","protected":false},"excerpt":{"rendered":"<p>Kokuto Yoru is considered one of the 12 most powerful black swords in the world,<\/p>\n<ul>\n<li>Giant black steel blade, non-sharp.<\/li>\n<li>Guard carved with small details and adorned with resin jewels.<\/li>\n<li>Handle covered with a white cotton strap.<\/li>\n<li>Leatherette carrying case.<\/li>\n<li>Blade length: 90cm -Total length: 126cm<\/li>\n<li>Guard width: 36cm - Handle length: 34cm<\/li>\n<\/ul>","protected":false},"featured_media":25366,"template":"","meta":[],"product_brand":[896],"product_cat":[123,23],"product_tag":[],"class_list":{"0":"post-25365","1":"product","2":"type-product","3":"status-publish","4":"has-post-thumbnail","6":"product_brand-replique-manga-cine","7":"product_cat-katana-en-metal-one-piece","8":"product_cat-repliques-manga-jeux-video","10":"first","11":"instock","12":"taxable","13":"shipping-taxable","14":"purchasable","15":"product-type-simple"},"yoast_head":"<!-- This site is optimized with the Yoast SEO plugin v27.5 - https:\/\/yoast.com\/product\/yoast-seo-wordpress\/ -->\n<title>Ep\u00e9e Mihawk Sabre Yoru - One Piece - Boutique en ligne | RMC<\/title>\n<meta name=\"description\" content=\"Achetez vite ! Cette Ep\u00e9e Mihawk Sabre Yoru dans One Pi\u00e8ce. Lame acier - Garde crucifix - Fourreau en cuir. Longueur Totale : 126 cm - Envoi 24\/48h\" \/>\n<meta name=\"robots\" content=\"index, follow, max-snippet:-1, max-image-preview:large, max-video-preview:-1\" \/>\n<link rel=\"canonical\" href=\"https:\/\/repliquemangacine.fr\/en\/replicas-manga-video-games\/saber-kokuto-yoru-dracula-sword-mihawk-one-piece\/\" \/>\n<meta property=\"og:locale\" content=\"en_US\" \/>\n<meta property=\"og:type\" content=\"article\" \/>\n<meta property=\"og:title\" content=\"Ep\u00e9e Mihawk Sabre Yoru - One Piece - Boutique en ligne | RMC\" \/>\n<meta property=\"og:description\" content=\"Achetez vite ! Cette Ep\u00e9e Mihawk Sabre Yoru dans One Pi\u00e8ce. Lame acier - Garde crucifix - Fourreau en cuir. Longueur Totale : 126 cm - Envoi 24\/48h\" \/>\n<meta property=\"og:url\" content=\"https:\/\/repliquemangacine.fr\/en\/replicas-manga-video-games\/saber-kokuto-yoru-dracula-sword-mihawk-one-piece\/\" \/>\n<meta property=\"og:site_name\" content=\"R\u00e9plique Manga Cin\u00e9\" \/>\n<meta property=\"article:publisher\" content=\"https:\/\/www.facebook.com\/RepliqueMangaCine\" \/>\n<meta property=\"article:modified_time\" content=\"2026-04-06T18:41:28+00:00\" \/>\n<meta property=\"og:image\" content=\"https:\/\/repliquemangacine.fr\/wp-content\/uploads\/2023\/10\/epee-yoru.png\" \/>\n\t<meta property=\"og:image:width\" content=\"500\" \/>\n\t<meta property=\"og:image:height\" content=\"500\" \/>\n\t<meta property=\"og:image:type\" content=\"image\/png\" \/>\n<meta name=\"twitter:card\" content=\"summary_large_image\" \/>\n<meta name=\"twitter:label1\" content=\"Est. reading time\" \/>\n\t<meta name=\"twitter:data1\" content=\"3 minutes\" \/>\n<script type=\"application\/ld+json\" class=\"yoast-schema-graph\">{\"@context\":\"https:\\\/\\\/schema.org\",\"@graph\":[{\"@type\":\"WebPage\",\"@id\":\"https:\\\/\\\/repliquemangacine.fr\\\/repliques-manga-jeux-video\\\/sabre-kokuto-yoru-epee-de-dracule-mihawk-one-piece\\\/\",\"url\":\"https:\\\/\\\/repliquemangacine.fr\\\/repliques-manga-jeux-video\\\/sabre-kokuto-yoru-epee-de-dracule-mihawk-one-piece\\\/\",\"name\":\"Ep\u00e9e Mihawk Sabre Yoru - One Piece - Boutique en ligne | RMC\",\"isPartOf\":{\"@id\":\"https:\\\/\\\/repliquemangacine.fr\\\/#website\"},\"primaryImageOfPage\":{\"@id\":\"https:\\\/\\\/repliquemangacine.fr\\\/repliques-manga-jeux-video\\\/sabre-kokuto-yoru-epee-de-dracule-mihawk-one-piece\\\/#primaryimage\"},\"image\":{\"@id\":\"https:\\\/\\\/repliquemangacine.fr\\\/repliques-manga-jeux-video\\\/sabre-kokuto-yoru-epee-de-dracule-mihawk-one-piece\\\/#primaryimage\"},\"thumbnailUrl\":\"https:\\\/\\\/repliquemangacine.fr\\\/wp-content\\\/uploads\\\/2023\\\/10\\\/epee-yoru.png\",\"datePublished\":\"2016-08-25T18:18:39+00:00\",\"dateModified\":\"2026-04-06T18:41:28+00:00\",\"description\":\"Achetez vite ! Cette Ep\u00e9e Mihawk Sabre Yoru dans One Pi\u00e8ce. Lame acier - Garde crucifix - Fourreau en cuir. Longueur Totale : 126 cm - Envoi 24\\\/48h\",\"breadcrumb\":{\"@id\":\"https:\\\/\\\/repliquemangacine.fr\\\/repliques-manga-jeux-video\\\/sabre-kokuto-yoru-epee-de-dracule-mihawk-one-piece\\\/#breadcrumb\"},\"inLanguage\":\"en-US\",\"potentialAction\":[{\"@type\":\"ReadAction\",\"target\":[\"https:\\\/\\\/repliquemangacine.fr\\\/repliques-manga-jeux-video\\\/sabre-kokuto-yoru-epee-de-dracule-mihawk-one-piece\\\/\"]}]},{\"@type\":\"ImageObject\",\"inLanguage\":\"en-US\",\"@id\":\"https:\\\/\\\/repliquemangacine.fr\\\/repliques-manga-jeux-video\\\/sabre-kokuto-yoru-epee-de-dracule-mihawk-one-piece\\\/#primaryimage\",\"url\":\"https:\\\/\\\/repliquemangacine.fr\\\/wp-content\\\/uploads\\\/2023\\\/10\\\/epee-yoru.png\",\"contentUrl\":\"https:\\\/\\\/repliquemangacine.fr\\\/wp-content\\\/uploads\\\/2023\\\/10\\\/epee-yoru.png\",\"width\":500,\"height\":500,\"caption\":\"Sabre Kokuto Yoru Mihawk one piece\"},{\"@type\":\"BreadcrumbList\",\"@id\":\"https:\\\/\\\/repliquemangacine.fr\\\/repliques-manga-jeux-video\\\/sabre-kokuto-yoru-epee-de-dracule-mihawk-one-piece\\\/#breadcrumb\",\"itemListElement\":[{\"@type\":\"ListItem\",\"position\":1,\"name\":\"Accueil\",\"item\":\"https:\\\/\\\/repliquemangacine.fr\\\/\"},{\"@type\":\"ListItem\",\"position\":2,\"name\":\"Produits\",\"item\":\"https:\\\/\\\/repliquemangacine.fr\\\/boutique\\\/\"},{\"@type\":\"ListItem\",\"position\":3,\"name\":\"Ep\u00e9e Mihawk Sabre Yoru\"}]},{\"@type\":\"WebSite\",\"@id\":\"https:\\\/\\\/repliquemangacine.fr\\\/#website\",\"url\":\"https:\\\/\\\/repliquemangacine.fr\\\/\",\"name\":\"R\u00e9plique Manga Cin\u00e9\",\"description\":\"\",\"publisher\":{\"@id\":\"https:\\\/\\\/repliquemangacine.fr\\\/#organization\"},\"potentialAction\":[{\"@type\":\"SearchAction\",\"target\":{\"@type\":\"EntryPoint\",\"urlTemplate\":\"https:\\\/\\\/repliquemangacine.fr\\\/?s={search_term_string}\"},\"query-input\":{\"@type\":\"PropertyValueSpecification\",\"valueRequired\":true,\"valueName\":\"search_term_string\"}}],\"inLanguage\":\"en-US\"},{\"@type\":\"Organization\",\"@id\":\"https:\\\/\\\/repliquemangacine.fr\\\/#organization\",\"name\":\"R\u00e9plique Manga Cin\u00e9\",\"url\":\"https:\\\/\\\/repliquemangacine.fr\\\/\",\"logo\":{\"@type\":\"ImageObject\",\"inLanguage\":\"en-US\",\"@id\":\"https:\\\/\\\/repliquemangacine.fr\\\/#\\\/schema\\\/logo\\\/image\\\/\",\"url\":\"https:\\\/\\\/repliquemangacine.fr\\\/wp-content\\\/uploads\\\/2023\\\/10\\\/RMC-500250.png\",\"contentUrl\":\"https:\\\/\\\/repliquemangacine.fr\\\/wp-content\\\/uploads\\\/2023\\\/10\\\/RMC-500250.png\",\"width\":500,\"height\":250,\"caption\":\"R\u00e9plique Manga Cin\u00e9\"},\"image\":{\"@id\":\"https:\\\/\\\/repliquemangacine.fr\\\/#\\\/schema\\\/logo\\\/image\\\/\"},\"sameAs\":[\"https:\\\/\\\/www.facebook.com\\\/RepliqueMangaCine\",\"https:\\\/\\\/www.instagram.com\\\/repliquemangacine.fr\\\/\"]}]}<\/script>\n<!-- \/ Yoast SEO plugin. -->","yoast_head_json":{"title":"Sword Mihawk Sabre Yoru - One Piece - Online Shop | RMC","description":"Buy now! This Mihawk Sabre Yoru sword in One Piece. Steel blade - Crucifix guard - Leather scabbard. Total length: 126 cm - Shipment 24\/48h","robots":{"index":"index","follow":"follow","max-snippet":"max-snippet:-1","max-image-preview":"max-image-preview:large","max-video-preview":"max-video-preview:-1"},"canonical":"https:\/\/repliquemangacine.fr\/en\/replicas-manga-video-games\/saber-kokuto-yoru-dracula-sword-mihawk-one-piece\/","og_locale":"en_US","og_type":"article","og_title":"Ep\u00e9e Mihawk Sabre Yoru - One Piece - Boutique en ligne | RMC","og_description":"Achetez vite ! Cette Ep\u00e9e Mihawk Sabre Yoru dans One Pi\u00e8ce. Lame acier - Garde crucifix - Fourreau en cuir. Longueur Totale : 126 cm - Envoi 24\/48h","og_url":"https:\/\/repliquemangacine.fr\/en\/replicas-manga-video-games\/saber-kokuto-yoru-dracula-sword-mihawk-one-piece\/","og_site_name":"R\u00e9plique Manga Cin\u00e9","article_publisher":"https:\/\/www.facebook.com\/RepliqueMangaCine","article_modified_time":"2026-04-06T18:41:28+00:00","og_image":[{"width":500,"height":500,"url":"https:\/\/repliquemangacine.fr\/wp-content\/uploads\/2023\/10\/epee-yoru.png","type":"image\/png"}],"twitter_card":"summary_large_image","twitter_misc":{"Est. reading time":"3 minutes"},"schema":{"@context":"https:\/\/schema.org","@graph":[{"@type":"WebPage","@id":"https:\/\/repliquemangacine.fr\/repliques-manga-jeux-video\/sabre-kokuto-yoru-epee-de-dracule-mihawk-one-piece\/","url":"https:\/\/repliquemangacine.fr\/repliques-manga-jeux-video\/sabre-kokuto-yoru-epee-de-dracule-mihawk-one-piece\/","name":"Sword Mihawk Sabre Yoru - One Piece - Online Shop | RMC","isPartOf":{"@id":"https:\/\/repliquemangacine.fr\/#website"},"primaryImageOfPage":{"@id":"https:\/\/repliquemangacine.fr\/repliques-manga-jeux-video\/sabre-kokuto-yoru-epee-de-dracule-mihawk-one-piece\/#primaryimage"},"image":{"@id":"https:\/\/repliquemangacine.fr\/repliques-manga-jeux-video\/sabre-kokuto-yoru-epee-de-dracule-mihawk-one-piece\/#primaryimage"},"thumbnailUrl":"https:\/\/repliquemangacine.fr\/wp-content\/uploads\/2023\/10\/epee-yoru.png","datePublished":"2016-08-25T18:18:39+00:00","dateModified":"2026-04-06T18:41:28+00:00","description":"Buy now! This Mihawk Sabre Yoru sword in One Piece. Steel blade - Crucifix guard - Leather scabbard. Total length: 126 cm - Shipment 24\/48h","breadcrumb":{"@id":"https:\/\/repliquemangacine.fr\/repliques-manga-jeux-video\/sabre-kokuto-yoru-epee-de-dracule-mihawk-one-piece\/#breadcrumb"},"inLanguage":"en-US","potentialAction":[{"@type":"ReadAction","target":["https:\/\/repliquemangacine.fr\/repliques-manga-jeux-video\/sabre-kokuto-yoru-epee-de-dracule-mihawk-one-piece\/"]}]},{"@type":"ImageObject","inLanguage":"en-US","@id":"https:\/\/repliquemangacine.fr\/repliques-manga-jeux-video\/sabre-kokuto-yoru-epee-de-dracule-mihawk-one-piece\/#primaryimage","url":"https:\/\/repliquemangacine.fr\/wp-content\/uploads\/2023\/10\/epee-yoru.png","contentUrl":"https:\/\/repliquemangacine.fr\/wp-content\/uploads\/2023\/10\/epee-yoru.png","width":500,"height":500,"caption":"Sabre Kokuto Yoru Mihawk one piece"},{"@type":"BreadcrumbList","@id":"https:\/\/repliquemangacine.fr\/repliques-manga-jeux-video\/sabre-kokuto-yoru-epee-de-dracule-mihawk-one-piece\/#breadcrumb","itemListElement":[{"@type":"ListItem","position":1,"name":"Accueil","item":"https:\/\/repliquemangacine.fr\/"},{"@type":"ListItem","position":2,"name":"Produits","item":"https:\/\/repliquemangacine.fr\/boutique\/"},{"@type":"ListItem","position":3,"name":"Ep\u00e9e Mihawk Sabre Yoru"}]},{"@type":"WebSite","@id":"https:\/\/repliquemangacine.fr\/#website","url":"https:\/\/repliquemangacine.fr\/","name":"R\u00e9plique Manga Cin\u00e9","description":"","publisher":{"@id":"https:\/\/repliquemangacine.fr\/#organization"},"potentialAction":[{"@type":"SearchAction","target":{"@type":"EntryPoint","urlTemplate":"https:\/\/repliquemangacine.fr\/?s={search_term_string}"},"query-input":{"@type":"PropertyValueSpecification","valueRequired":true,"valueName":"search_term_string"}}],"inLanguage":"en-US"},{"@type":"Organization","@id":"https:\/\/repliquemangacine.fr\/#organization","name":"R\u00e9plique Manga Cin\u00e9","url":"https:\/\/repliquemangacine.fr\/","logo":{"@type":"ImageObject","inLanguage":"en-US","@id":"https:\/\/repliquemangacine.fr\/#\/schema\/logo\/image\/","url":"https:\/\/repliquemangacine.fr\/wp-content\/uploads\/2023\/10\/RMC-500250.png","contentUrl":"https:\/\/repliquemangacine.fr\/wp-content\/uploads\/2023\/10\/RMC-500250.png","width":500,"height":250,"caption":"R\u00e9plique Manga Cin\u00e9"},"image":{"@id":"https:\/\/repliquemangacine.fr\/#\/schema\/logo\/image\/"},"sameAs":["https:\/\/www.facebook.com\/RepliqueMangaCine","https:\/\/www.instagram.com\/repliquemangacine.fr\/"]}]}},"_links":{"self":[{"href":"https:\/\/repliquemangacine.fr\/en\/wp-json\/wp\/v2\/product\/25365","targetHints":{"allow":["GET"]}}],"collection":[{"href":"https:\/\/repliquemangacine.fr\/en\/wp-json\/wp\/v2\/product"}],"about":[{"href":"https:\/\/repliquemangacine.fr\/en\/wp-json\/wp\/v2\/types\/product"}],"wp:featuredmedia":[{"embeddable":true,"href":"https:\/\/repliquemangacine.fr\/en\/wp-json\/wp\/v2\/media\/25366"}],"wp:attachment":[{"href":"https:\/\/repliquemangacine.fr\/en\/wp-json\/wp\/v2\/media?parent=25365"}],"wp:term":[{"taxonomy":"product_brand","embeddable":true,"href":"https:\/\/repliquemangacine.fr\/en\/wp-json\/wp\/v2\/product_brand?post=25365"},{"taxonomy":"product_cat","embeddable":true,"href":"https:\/\/repliquemangacine.fr\/en\/wp-json\/wp\/v2\/product_cat?post=25365"},{"taxonomy":"product_tag","embeddable":true,"href":"https:\/\/repliquemangacine.fr\/en\/wp-json\/wp\/v2\/product_tag?post=25365"}],"curies":[{"name":"wp","href":"https:\/\/api.w.org\/{rel}","templated":true}]}}