





{"id":25303,"date":"2016-08-22T15:56:31","date_gmt":"2016-08-22T13:56:31","guid":{"rendered":"https:\/\/repliquemangacine.fr\/?post_type=product&#038;p=25303"},"modified":"2026-02-11T07:00:59","modified_gmt":"2026-02-11T06:00:59","slug":"katana-by-toshiro-hitsugaya-zanpakuto-hyorinmaru","status":"publish","type":"product","link":"https:\/\/repliquemangacine.fr\/en\/katana-bleach\/katana-de-toshiro-hitsugaya-zanpakuto-hyorinmaru\/","title":{"rendered":"Katana by Toshiro Hitsugaya"},"content":{"rendered":"<h2>Katana by Toshiro Hitsugaya - Zanpakuto Hyorinmaru in Bleach<\/h2>\n<p>To begin with, the <strong>Katana by Toshiro Hitsugaya<\/strong> is the Hyorinmaru zanpakuto. It is the strongest of all the ice Zanpakut\u014d in the entire Soul Society.The sword is a little longer than most Zanpakut\u014d. This makes it taller than Hitsugaya, preventing him from carrying it at the hip. For this reason, Hitsugaya carries it instead on his back by his green belt on his right shoulder.<\/p>\n<p>Toshiro Hitsugaya is the youngest Captain of the 13 Divisions. He has an immense talent for fighting.<\/p>\n<p>Hitsugaya possesses great Spiritual Power as well as a very powerful Zanpakut\u014d, the strongest of the ice Zanpakut\u014ds, <a href=\"https:\/\/bleach.fandom.com\/fr\/wiki\/T\u00f4shir\u00f4_Hitsugaya?so=search#Zanpakut\u014d\" target=\"_blank\" rel=\"noopener noreferrer\">Hy\u014drinmaru<\/a>.  His level grows steadily over the course of the story, until he becomes one of the most powerful Shinigami in the Millennium Blood War.<\/p>\n<h2>Your Toshiro Hitsugaya katana at the best price.<\/h2>\n<p>We bring you all the lines of your favorite characters in this Bleach anime manga.<\/p>\n<p>First and foremost,<\/p>\n<ul>\n<li>The first <a href=\"https:\/\/repliquemangacine.fr\/en\/katana-bleach\/katana-tensa-zangetsu-v2-bankai-ichigo\/\">ichigo bankai<\/a>a long version of Tensa Zangetsu.<\/li>\n<li>But you'll also find the shorter version and the version with the different guard.<\/li>\n<li>There's also the Banka\u00ef <a href=\"https:\/\/repliquemangacine.fr\/en\/bleach\/dernier-bankai-ichigo-tensa-zangetsu-v3-104cm\/\">Tensa Zangetsu V3<\/a>This is an alternative form of Ichigo's bankai.<\/li>\n<li>And many more to discover in our online store!<\/li>\n<\/ul>\n<p>So here are some great gift ideas for Bleach fans.<\/p>\n<p>In conclusion, you can use this <strong>Katana by Toshiro Hitsugaya<\/strong> for your cosplay parades. But above all, the Zanpakuto Hy\u014drinmaru is also a collector's item and a decorative object.<\/p>\n<h2>How to maintain the blade of your Bleach katana?<\/h2>\n<p>Collector's and decorative katanas are made and assembled in a simplified way. As their use is decorative, they lack the safety features required of a Japanese saber intended for training.<\/p>\n<p>However, your<strong> katana by Toshiro Hitsugaya<\/strong> to a steel blade that needs to be cared for to avoid damage over time. In fact, when you display your katana, your friends will be curious to see the blade and touch it. This is where you need to be careful, as the acidity of your fingers is very harmful to steel, whatever its quality.<\/p>\n<p>However, if this happens, don't panic - all you need is a cloth dampened with a little oil and a wipe of fingerprints. By doing so, you'll keep your sword looking its best for a very long time.<\/p>","protected":false},"excerpt":{"rendered":"<p>Katana Hitsugaya Toshiro, Zanpakuto Hyorinmaru<\/p>\n<ul>\n<li>Unsharpened steel blade.<\/li>\n<li>Brass 4-point guard.<\/li>\n<li>Black wooden scabbard.<\/li>\n<li>Handle covered with blue cotton braid.<\/li>\n<li>Green fabric shoulder strap adorned with a brass medallion.<\/li>\n<li>Blade length: 69 cm - Total length: 103 cm<\/li>\n<\/ul>","protected":false},"featured_media":25304,"template":"","meta":[],"product_brand":[896],"product_cat":[30,23],"product_tag":[],"class_list":{"0":"post-25303","1":"product","2":"type-product","3":"status-publish","4":"has-post-thumbnail","6":"product_brand-replique-manga-cine","7":"product_cat-katana-bleach","8":"product_cat-repliques-manga-jeux-video","10":"first","11":"instock","12":"taxable","13":"shipping-taxable","14":"purchasable","15":"product-type-simple"},"yoast_head":"<!-- This site is optimized with the Yoast SEO plugin v27.5 - https:\/\/yoast.com\/product\/yoast-seo-wordpress\/ -->\n<title>Katana de Toshiro Hitsugaya Hyorinmaru - Boutique en ligne - RMC<\/title>\n<meta name=\"description\" content=\"Commandez le Katana de Toshiro Hitsugaya, Zanpakuto Hyorinmaru dans Bleach au meilleur prix. Lame acier de 69cm - Longueur totale : 103cm - Envoi 24\/48h\" \/>\n<meta name=\"robots\" content=\"index, follow, max-snippet:-1, max-image-preview:large, max-video-preview:-1\" \/>\n<link rel=\"canonical\" href=\"https:\/\/repliquemangacine.fr\/en\/katana-bleach\/katana-by-toshiro-hitsugaya-zanpakuto-hyorinmaru\/\" \/>\n<meta property=\"og:locale\" content=\"en_US\" \/>\n<meta property=\"og:type\" content=\"article\" \/>\n<meta property=\"og:title\" content=\"Katana de Toshiro Hitsugaya Hyorinmaru - Boutique en ligne - RMC\" \/>\n<meta property=\"og:description\" content=\"Commandez le Katana de Toshiro Hitsugaya, Zanpakuto Hyorinmaru dans Bleach au meilleur prix. Lame acier de 69cm - Longueur totale : 103cm - Envoi 24\/48h\" \/>\n<meta property=\"og:url\" content=\"https:\/\/repliquemangacine.fr\/en\/katana-bleach\/katana-by-toshiro-hitsugaya-zanpakuto-hyorinmaru\/\" \/>\n<meta property=\"og:site_name\" content=\"R\u00e9plique Manga Cin\u00e9\" \/>\n<meta property=\"article:publisher\" content=\"https:\/\/www.facebook.com\/RepliqueMangaCine\" \/>\n<meta property=\"article:modified_time\" content=\"2026-02-11T06:00:59+00:00\" \/>\n<meta property=\"og:image\" content=\"https:\/\/repliquemangacine.fr\/wp-content\/uploads\/2023\/10\/118-katana-Hitsugaya-Toshiro.jpg\" \/>\n\t<meta property=\"og:image:width\" content=\"800\" \/>\n\t<meta property=\"og:image:height\" content=\"800\" \/>\n\t<meta property=\"og:image:type\" content=\"image\/jpeg\" \/>\n<meta name=\"twitter:card\" content=\"summary_large_image\" \/>\n<meta name=\"twitter:label1\" content=\"Est. reading time\" \/>\n\t<meta name=\"twitter:data1\" content=\"3 minutes\" \/>\n<script type=\"application\/ld+json\" class=\"yoast-schema-graph\">{\"@context\":\"https:\\\/\\\/schema.org\",\"@graph\":[{\"@type\":\"WebPage\",\"@id\":\"https:\\\/\\\/repliquemangacine.fr\\\/katana-bleach\\\/katana-de-toshiro-hitsugaya-zanpakuto-hyorinmaru\\\/\",\"url\":\"https:\\\/\\\/repliquemangacine.fr\\\/katana-bleach\\\/katana-de-toshiro-hitsugaya-zanpakuto-hyorinmaru\\\/\",\"name\":\"Katana de Toshiro Hitsugaya Hyorinmaru - Boutique en ligne - RMC\",\"isPartOf\":{\"@id\":\"https:\\\/\\\/repliquemangacine.fr\\\/#website\"},\"primaryImageOfPage\":{\"@id\":\"https:\\\/\\\/repliquemangacine.fr\\\/katana-bleach\\\/katana-de-toshiro-hitsugaya-zanpakuto-hyorinmaru\\\/#primaryimage\"},\"image\":{\"@id\":\"https:\\\/\\\/repliquemangacine.fr\\\/katana-bleach\\\/katana-de-toshiro-hitsugaya-zanpakuto-hyorinmaru\\\/#primaryimage\"},\"thumbnailUrl\":\"https:\\\/\\\/repliquemangacine.fr\\\/wp-content\\\/uploads\\\/2023\\\/10\\\/118-katana-Hitsugaya-Toshiro.jpg\",\"datePublished\":\"2016-08-22T13:56:31+00:00\",\"dateModified\":\"2026-02-11T06:00:59+00:00\",\"description\":\"Commandez le Katana de Toshiro Hitsugaya, Zanpakuto Hyorinmaru dans Bleach au meilleur prix. Lame acier de 69cm - Longueur totale : 103cm - Envoi 24\\\/48h\",\"breadcrumb\":{\"@id\":\"https:\\\/\\\/repliquemangacine.fr\\\/katana-bleach\\\/katana-de-toshiro-hitsugaya-zanpakuto-hyorinmaru\\\/#breadcrumb\"},\"inLanguage\":\"en-US\",\"potentialAction\":[{\"@type\":\"ReadAction\",\"target\":[\"https:\\\/\\\/repliquemangacine.fr\\\/katana-bleach\\\/katana-de-toshiro-hitsugaya-zanpakuto-hyorinmaru\\\/\"]}]},{\"@type\":\"ImageObject\",\"inLanguage\":\"en-US\",\"@id\":\"https:\\\/\\\/repliquemangacine.fr\\\/katana-bleach\\\/katana-de-toshiro-hitsugaya-zanpakuto-hyorinmaru\\\/#primaryimage\",\"url\":\"https:\\\/\\\/repliquemangacine.fr\\\/wp-content\\\/uploads\\\/2023\\\/10\\\/118-katana-Hitsugaya-Toshiro.jpg\",\"contentUrl\":\"https:\\\/\\\/repliquemangacine.fr\\\/wp-content\\\/uploads\\\/2023\\\/10\\\/118-katana-Hitsugaya-Toshiro.jpg\",\"width\":800,\"height\":800,\"caption\":\"katana Hitsugaya Toshiro\"},{\"@type\":\"BreadcrumbList\",\"@id\":\"https:\\\/\\\/repliquemangacine.fr\\\/katana-bleach\\\/katana-de-toshiro-hitsugaya-zanpakuto-hyorinmaru\\\/#breadcrumb\",\"itemListElement\":[{\"@type\":\"ListItem\",\"position\":1,\"name\":\"Accueil\",\"item\":\"https:\\\/\\\/repliquemangacine.fr\\\/\"},{\"@type\":\"ListItem\",\"position\":2,\"name\":\"Produits\",\"item\":\"https:\\\/\\\/repliquemangacine.fr\\\/boutique\\\/\"},{\"@type\":\"ListItem\",\"position\":3,\"name\":\"Katana de Toshiro Hitsugaya\"}]},{\"@type\":\"WebSite\",\"@id\":\"https:\\\/\\\/repliquemangacine.fr\\\/#website\",\"url\":\"https:\\\/\\\/repliquemangacine.fr\\\/\",\"name\":\"R\u00e9plique Manga Cin\u00e9\",\"description\":\"\",\"publisher\":{\"@id\":\"https:\\\/\\\/repliquemangacine.fr\\\/#organization\"},\"potentialAction\":[{\"@type\":\"SearchAction\",\"target\":{\"@type\":\"EntryPoint\",\"urlTemplate\":\"https:\\\/\\\/repliquemangacine.fr\\\/?s={search_term_string}\"},\"query-input\":{\"@type\":\"PropertyValueSpecification\",\"valueRequired\":true,\"valueName\":\"search_term_string\"}}],\"inLanguage\":\"en-US\"},{\"@type\":\"Organization\",\"@id\":\"https:\\\/\\\/repliquemangacine.fr\\\/#organization\",\"name\":\"R\u00e9plique Manga Cin\u00e9\",\"url\":\"https:\\\/\\\/repliquemangacine.fr\\\/\",\"logo\":{\"@type\":\"ImageObject\",\"inLanguage\":\"en-US\",\"@id\":\"https:\\\/\\\/repliquemangacine.fr\\\/#\\\/schema\\\/logo\\\/image\\\/\",\"url\":\"https:\\\/\\\/repliquemangacine.fr\\\/wp-content\\\/uploads\\\/2023\\\/10\\\/RMC-500250.png\",\"contentUrl\":\"https:\\\/\\\/repliquemangacine.fr\\\/wp-content\\\/uploads\\\/2023\\\/10\\\/RMC-500250.png\",\"width\":500,\"height\":250,\"caption\":\"R\u00e9plique Manga Cin\u00e9\"},\"image\":{\"@id\":\"https:\\\/\\\/repliquemangacine.fr\\\/#\\\/schema\\\/logo\\\/image\\\/\"},\"sameAs\":[\"https:\\\/\\\/www.facebook.com\\\/RepliqueMangaCine\",\"https:\\\/\\\/www.instagram.com\\\/repliquemangacine.fr\\\/\"]}]}<\/script>\n<!-- \/ Yoast SEO plugin. -->","yoast_head_json":{"title":"Katana by Toshiro Hitsugaya Hyorinmaru - Online Shop - RMC","description":"Order Toshiro Hitsugaya's Katana, Zanpakuto Hyorinmaru in Bleach at the best price. 69cm steel blade - Total length: 103cm - Shipment 24\/48h","robots":{"index":"index","follow":"follow","max-snippet":"max-snippet:-1","max-image-preview":"max-image-preview:large","max-video-preview":"max-video-preview:-1"},"canonical":"https:\/\/repliquemangacine.fr\/en\/katana-bleach\/katana-by-toshiro-hitsugaya-zanpakuto-hyorinmaru\/","og_locale":"en_US","og_type":"article","og_title":"Katana de Toshiro Hitsugaya Hyorinmaru - Boutique en ligne - RMC","og_description":"Commandez le Katana de Toshiro Hitsugaya, Zanpakuto Hyorinmaru dans Bleach au meilleur prix. Lame acier de 69cm - Longueur totale : 103cm - Envoi 24\/48h","og_url":"https:\/\/repliquemangacine.fr\/en\/katana-bleach\/katana-by-toshiro-hitsugaya-zanpakuto-hyorinmaru\/","og_site_name":"R\u00e9plique Manga Cin\u00e9","article_publisher":"https:\/\/www.facebook.com\/RepliqueMangaCine","article_modified_time":"2026-02-11T06:00:59+00:00","og_image":[{"width":800,"height":800,"url":"https:\/\/repliquemangacine.fr\/wp-content\/uploads\/2023\/10\/118-katana-Hitsugaya-Toshiro.jpg","type":"image\/jpeg"}],"twitter_card":"summary_large_image","twitter_misc":{"Est. reading time":"3 minutes"},"schema":{"@context":"https:\/\/schema.org","@graph":[{"@type":"WebPage","@id":"https:\/\/repliquemangacine.fr\/katana-bleach\/katana-de-toshiro-hitsugaya-zanpakuto-hyorinmaru\/","url":"https:\/\/repliquemangacine.fr\/katana-bleach\/katana-de-toshiro-hitsugaya-zanpakuto-hyorinmaru\/","name":"Katana by Toshiro Hitsugaya Hyorinmaru - Online Shop - RMC","isPartOf":{"@id":"https:\/\/repliquemangacine.fr\/#website"},"primaryImageOfPage":{"@id":"https:\/\/repliquemangacine.fr\/katana-bleach\/katana-de-toshiro-hitsugaya-zanpakuto-hyorinmaru\/#primaryimage"},"image":{"@id":"https:\/\/repliquemangacine.fr\/katana-bleach\/katana-de-toshiro-hitsugaya-zanpakuto-hyorinmaru\/#primaryimage"},"thumbnailUrl":"https:\/\/repliquemangacine.fr\/wp-content\/uploads\/2023\/10\/118-katana-Hitsugaya-Toshiro.jpg","datePublished":"2016-08-22T13:56:31+00:00","dateModified":"2026-02-11T06:00:59+00:00","description":"Order Toshiro Hitsugaya's Katana, Zanpakuto Hyorinmaru in Bleach at the best price. 69cm steel blade - Total length: 103cm - Shipment 24\/48h","breadcrumb":{"@id":"https:\/\/repliquemangacine.fr\/katana-bleach\/katana-de-toshiro-hitsugaya-zanpakuto-hyorinmaru\/#breadcrumb"},"inLanguage":"en-US","potentialAction":[{"@type":"ReadAction","target":["https:\/\/repliquemangacine.fr\/katana-bleach\/katana-de-toshiro-hitsugaya-zanpakuto-hyorinmaru\/"]}]},{"@type":"ImageObject","inLanguage":"en-US","@id":"https:\/\/repliquemangacine.fr\/katana-bleach\/katana-de-toshiro-hitsugaya-zanpakuto-hyorinmaru\/#primaryimage","url":"https:\/\/repliquemangacine.fr\/wp-content\/uploads\/2023\/10\/118-katana-Hitsugaya-Toshiro.jpg","contentUrl":"https:\/\/repliquemangacine.fr\/wp-content\/uploads\/2023\/10\/118-katana-Hitsugaya-Toshiro.jpg","width":800,"height":800,"caption":"katana Hitsugaya Toshiro"},{"@type":"BreadcrumbList","@id":"https:\/\/repliquemangacine.fr\/katana-bleach\/katana-de-toshiro-hitsugaya-zanpakuto-hyorinmaru\/#breadcrumb","itemListElement":[{"@type":"ListItem","position":1,"name":"Accueil","item":"https:\/\/repliquemangacine.fr\/"},{"@type":"ListItem","position":2,"name":"Produits","item":"https:\/\/repliquemangacine.fr\/boutique\/"},{"@type":"ListItem","position":3,"name":"Katana de Toshiro Hitsugaya"}]},{"@type":"WebSite","@id":"https:\/\/repliquemangacine.fr\/#website","url":"https:\/\/repliquemangacine.fr\/","name":"R\u00e9plique Manga Cin\u00e9","description":"","publisher":{"@id":"https:\/\/repliquemangacine.fr\/#organization"},"potentialAction":[{"@type":"SearchAction","target":{"@type":"EntryPoint","urlTemplate":"https:\/\/repliquemangacine.fr\/?s={search_term_string}"},"query-input":{"@type":"PropertyValueSpecification","valueRequired":true,"valueName":"search_term_string"}}],"inLanguage":"en-US"},{"@type":"Organization","@id":"https:\/\/repliquemangacine.fr\/#organization","name":"R\u00e9plique Manga Cin\u00e9","url":"https:\/\/repliquemangacine.fr\/","logo":{"@type":"ImageObject","inLanguage":"en-US","@id":"https:\/\/repliquemangacine.fr\/#\/schema\/logo\/image\/","url":"https:\/\/repliquemangacine.fr\/wp-content\/uploads\/2023\/10\/RMC-500250.png","contentUrl":"https:\/\/repliquemangacine.fr\/wp-content\/uploads\/2023\/10\/RMC-500250.png","width":500,"height":250,"caption":"R\u00e9plique Manga Cin\u00e9"},"image":{"@id":"https:\/\/repliquemangacine.fr\/#\/schema\/logo\/image\/"},"sameAs":["https:\/\/www.facebook.com\/RepliqueMangaCine","https:\/\/www.instagram.com\/repliquemangacine.fr\/"]}]}},"_links":{"self":[{"href":"https:\/\/repliquemangacine.fr\/en\/wp-json\/wp\/v2\/product\/25303","targetHints":{"allow":["GET"]}}],"collection":[{"href":"https:\/\/repliquemangacine.fr\/en\/wp-json\/wp\/v2\/product"}],"about":[{"href":"https:\/\/repliquemangacine.fr\/en\/wp-json\/wp\/v2\/types\/product"}],"wp:featuredmedia":[{"embeddable":true,"href":"https:\/\/repliquemangacine.fr\/en\/wp-json\/wp\/v2\/media\/25304"}],"wp:attachment":[{"href":"https:\/\/repliquemangacine.fr\/en\/wp-json\/wp\/v2\/media?parent=25303"}],"wp:term":[{"taxonomy":"product_brand","embeddable":true,"href":"https:\/\/repliquemangacine.fr\/en\/wp-json\/wp\/v2\/product_brand?post=25303"},{"taxonomy":"product_cat","embeddable":true,"href":"https:\/\/repliquemangacine.fr\/en\/wp-json\/wp\/v2\/product_cat?post=25303"},{"taxonomy":"product_tag","embeddable":true,"href":"https:\/\/repliquemangacine.fr\/en\/wp-json\/wp\/v2\/product_tag?post=25303"}],"curies":[{"name":"wp","href":"https:\/\/api.w.org\/{rel}","templated":true}]}}