





{"id":25297,"date":"2016-08-21T21:58:15","date_gmt":"2016-08-21T19:58:15","guid":{"rendered":"https:\/\/repliquemangacine.fr\/?post_type=product&#038;p=25297"},"modified":"2026-04-14T21:18:11","modified_gmt":"2026-04-14T19:18:11","slug":"bankai-ichigo-v3-140cm","status":"publish","type":"product","link":"https:\/\/repliquemangacine.fr\/en\/katana-bleach\/bankai-ichigo-v3-140cm\/","title":{"rendered":"Banka\u00ef Ichigo V3 140cm"},"content":{"rendered":"<h2>140cm Banka\u00ef Ichigo V3 Katana - Bleach<\/h2>\n<p>To begin with, the <strong>Katana Banka\u00ef Ichigo V3<\/strong> 140cm, is an alternative form of the bankai, the zanpakuto Getsuga Tensh\u014d Ultimate. After recovering his lost powers via Fullbring, Ichigo reclaims his Zanpakuto. In its Bankai state, it undergoes changes such as a longer, sharper blade with teeth. The weapon is much sharper.<\/p>\n<p>With the aim of overthrowing Aizen, Ichigo trains in the Dangai (the in-between worlds) for 3 months, which correspond to 1 hour in the Real World, to learn the ultimate technique of his Zanpakut\u014d, the Ultimate Getsuga Tensh\u014d.<\/p>\n<p>On his return from the Dangai, <a href=\"https:\/\/bleach.fandom.com\/fr\/wiki\/Ichigo_Kurosaki#Zanpakut\u014d\" target=\"_blank\" rel=\"noopener noreferrer\">Ichigo<\/a> has acquired an unprecedented strength, capable of surpassing the final form of Aizen's fusion with H\u00f4gyoku and resisting Had\u00f4 #90 with incantation by escaping unscathed.<\/p>\n<h2>Your Katana Banka\u00ef Ichigo V3 at the best price.<\/h2>\n<p>We bring you all the lines of your favorite characters in this Bleach anime manga.<\/p>\n<p>First and foremost,<\/p>\n<ul>\n<li>The first <a href=\"https:\/\/repliquemangacine.fr\/en\/bleach\/bankai-tensa-zangetsu\/\">ichigo bankai<\/a> short version, the Tensa Zangetsu.<\/li>\n<li>But you'll also find the longer version and the version with the different guard.<\/li>\n<li>There is also the<a href=\"https:\/\/repliquemangacine.fr\/en\/bleach\/zanpakuto-shirayuki-shikai-rukia-kuchiki\/\"> Rukia's katana<\/a>Shirayuki, the most beautiful Zanpakut\u00f4 in Soul Society.<\/li>\n<li>And many more to discover in our online store!<\/li>\n<\/ul>\n<p>So here are some great gift ideas for Bleach fans.<\/p>\n<p>In conclusion, you can order this <strong>Katana Banka\u00ef Ichigo V3<\/strong> for your cosplay parades or theme parties. But above all, the Tensa Zangetsu 140cm is also a decorative collector's item.<\/p>\n<h2>How to maintain the blade of your Bleach katana?<\/h2>\n<p>Collector's and decorative katanas are made and assembled in a simplified way. As their use is decorative, they lack the safety features required of a Japanese saber intended for training.<\/p>\n<p>However, your <strong>katana Banka\u00ef Ichigo V3<\/strong> to a steel blade that needs to be cared for to avoid damage over time. In fact, when you display your katana, your friends will be curious to see the blade and touch it. This is where you need to be careful, as the acidity of your fingers is very harmful to steel, whatever its quality.<\/p>\n<p>However, if this happens, don't panic - all you need is a cloth dampened with a little oil and a wipe of fingerprints. By doing so, you'll keep your sword looking its best for a very long time.<\/p>\n<p><strong>\u00a0<\/strong><\/p>","protected":false},"excerpt":{"rendered":"<p>Version3 of Tensa Zangetsu, zanpakuto Getsuga Tensh\u014d Ultime.<\/p>\n<ul>\n<li>Very sharp, unsharpened black steel blade with 3 serrated curves.<\/li>\n<li>Handle surrounded by black cotton braid.<\/li>\n<li>Long metal chain 150 cm.<\/li>\n<li>Metal guard.<\/li>\n<li>Black wooden scabbard.<\/li>\n<li>Blade length: 98cm - Total length: 140cm<\/li>\n<\/ul>","protected":false},"featured_media":25298,"template":"","meta":[],"product_brand":[896],"product_cat":[30,23],"product_tag":[],"class_list":{"0":"post-25297","1":"product","2":"type-product","3":"status-publish","4":"has-post-thumbnail","6":"product_brand-replique-manga-cine","7":"product_cat-katana-bleach","8":"product_cat-repliques-manga-jeux-video","10":"first","11":"outofstock","12":"taxable","13":"shipping-taxable","14":"purchasable","15":"product-type-simple"},"yoast_head":"<!-- This site is optimized with the Yoast SEO plugin v27.5 - https:\/\/yoast.com\/product\/yoast-seo-wordpress\/ -->\n<title>Katana Banka\u00ef Ichigo V3 - Sabre Bleach - Boutique en ligne | RMC<\/title>\n<meta name=\"description\" content=\"Achetez vite ! Le Katana Banka\u00ef Ichigo V3 140cm dans Bleach au meilleur prix. Lame acier de 98cm - Chaine de 150cm. Longueur du baka\u00ef : 140cm - Envoi 24\/48h\" \/>\n<meta name=\"robots\" content=\"index, follow, max-snippet:-1, max-image-preview:large, max-video-preview:-1\" \/>\n<link rel=\"canonical\" href=\"https:\/\/repliquemangacine.fr\/en\/katana-bleach\/bankai-ichigo-v3-140cm\/\" \/>\n<meta property=\"og:locale\" content=\"en_US\" \/>\n<meta property=\"og:type\" content=\"article\" \/>\n<meta property=\"og:title\" content=\"Katana Banka\u00ef Ichigo V3 - Sabre Bleach - Boutique en ligne | RMC\" \/>\n<meta property=\"og:description\" content=\"Achetez vite ! Le Katana Banka\u00ef Ichigo V3 140cm dans Bleach au meilleur prix. Lame acier de 98cm - Chaine de 150cm. Longueur du baka\u00ef : 140cm - Envoi 24\/48h\" \/>\n<meta property=\"og:url\" content=\"https:\/\/repliquemangacine.fr\/en\/katana-bleach\/bankai-ichigo-v3-140cm\/\" \/>\n<meta property=\"og:site_name\" content=\"R\u00e9plique Manga Cin\u00e9\" \/>\n<meta property=\"article:publisher\" content=\"https:\/\/www.facebook.com\/RepliqueMangaCine\" \/>\n<meta property=\"article:modified_time\" content=\"2026-04-14T19:18:11+00:00\" \/>\n<meta property=\"og:image\" content=\"https:\/\/repliquemangacine.fr\/wp-content\/uploads\/2023\/10\/113-Replique-Katana-Bleach-Bankai-ichigo-V3-140cm.jpg\" \/>\n\t<meta property=\"og:image:width\" content=\"800\" \/>\n\t<meta property=\"og:image:height\" content=\"800\" \/>\n\t<meta property=\"og:image:type\" content=\"image\/jpeg\" \/>\n<meta name=\"twitter:card\" content=\"summary_large_image\" \/>\n<meta name=\"twitter:label1\" content=\"Est. reading time\" \/>\n\t<meta name=\"twitter:data1\" content=\"3 minutes\" \/>\n<script type=\"application\/ld+json\" class=\"yoast-schema-graph\">{\"@context\":\"https:\\\/\\\/schema.org\",\"@graph\":[{\"@type\":\"WebPage\",\"@id\":\"https:\\\/\\\/repliquemangacine.fr\\\/katana-bleach\\\/bankai-ichigo-v3-140cm\\\/\",\"url\":\"https:\\\/\\\/repliquemangacine.fr\\\/katana-bleach\\\/bankai-ichigo-v3-140cm\\\/\",\"name\":\"Katana Banka\u00ef Ichigo V3 - Sabre Bleach - Boutique en ligne | RMC\",\"isPartOf\":{\"@id\":\"https:\\\/\\\/repliquemangacine.fr\\\/#website\"},\"primaryImageOfPage\":{\"@id\":\"https:\\\/\\\/repliquemangacine.fr\\\/katana-bleach\\\/bankai-ichigo-v3-140cm\\\/#primaryimage\"},\"image\":{\"@id\":\"https:\\\/\\\/repliquemangacine.fr\\\/katana-bleach\\\/bankai-ichigo-v3-140cm\\\/#primaryimage\"},\"thumbnailUrl\":\"https:\\\/\\\/repliquemangacine.fr\\\/wp-content\\\/uploads\\\/2023\\\/10\\\/113-Replique-Katana-Bleach-Bankai-ichigo-V3-140cm.jpg\",\"datePublished\":\"2016-08-21T19:58:15+00:00\",\"dateModified\":\"2026-04-14T19:18:11+00:00\",\"description\":\"Achetez vite ! Le Katana Banka\u00ef Ichigo V3 140cm dans Bleach au meilleur prix. Lame acier de 98cm - Chaine de 150cm. Longueur du baka\u00ef : 140cm - Envoi 24\\\/48h\",\"breadcrumb\":{\"@id\":\"https:\\\/\\\/repliquemangacine.fr\\\/katana-bleach\\\/bankai-ichigo-v3-140cm\\\/#breadcrumb\"},\"inLanguage\":\"en-US\",\"potentialAction\":[{\"@type\":\"ReadAction\",\"target\":[\"https:\\\/\\\/repliquemangacine.fr\\\/katana-bleach\\\/bankai-ichigo-v3-140cm\\\/\"]}]},{\"@type\":\"ImageObject\",\"inLanguage\":\"en-US\",\"@id\":\"https:\\\/\\\/repliquemangacine.fr\\\/katana-bleach\\\/bankai-ichigo-v3-140cm\\\/#primaryimage\",\"url\":\"https:\\\/\\\/repliquemangacine.fr\\\/wp-content\\\/uploads\\\/2023\\\/10\\\/113-Replique-Katana-Bleach-Bankai-ichigo-V3-140cm.jpg\",\"contentUrl\":\"https:\\\/\\\/repliquemangacine.fr\\\/wp-content\\\/uploads\\\/2023\\\/10\\\/113-Replique-Katana-Bleach-Bankai-ichigo-V3-140cm.jpg\",\"width\":800,\"height\":800,\"caption\":\"R\u00e9plique Katana Bleach - Banka\u00ef ichigo V3 - 140cm\"},{\"@type\":\"BreadcrumbList\",\"@id\":\"https:\\\/\\\/repliquemangacine.fr\\\/katana-bleach\\\/bankai-ichigo-v3-140cm\\\/#breadcrumb\",\"itemListElement\":[{\"@type\":\"ListItem\",\"position\":1,\"name\":\"Accueil\",\"item\":\"https:\\\/\\\/repliquemangacine.fr\\\/\"},{\"@type\":\"ListItem\",\"position\":2,\"name\":\"Produits\",\"item\":\"https:\\\/\\\/repliquemangacine.fr\\\/boutique\\\/\"},{\"@type\":\"ListItem\",\"position\":3,\"name\":\"Banka\u00ef Ichigo V3 140cm\"}]},{\"@type\":\"WebSite\",\"@id\":\"https:\\\/\\\/repliquemangacine.fr\\\/#website\",\"url\":\"https:\\\/\\\/repliquemangacine.fr\\\/\",\"name\":\"R\u00e9plique Manga Cin\u00e9\",\"description\":\"\",\"publisher\":{\"@id\":\"https:\\\/\\\/repliquemangacine.fr\\\/#organization\"},\"potentialAction\":[{\"@type\":\"SearchAction\",\"target\":{\"@type\":\"EntryPoint\",\"urlTemplate\":\"https:\\\/\\\/repliquemangacine.fr\\\/?s={search_term_string}\"},\"query-input\":{\"@type\":\"PropertyValueSpecification\",\"valueRequired\":true,\"valueName\":\"search_term_string\"}}],\"inLanguage\":\"en-US\"},{\"@type\":\"Organization\",\"@id\":\"https:\\\/\\\/repliquemangacine.fr\\\/#organization\",\"name\":\"R\u00e9plique Manga Cin\u00e9\",\"url\":\"https:\\\/\\\/repliquemangacine.fr\\\/\",\"logo\":{\"@type\":\"ImageObject\",\"inLanguage\":\"en-US\",\"@id\":\"https:\\\/\\\/repliquemangacine.fr\\\/#\\\/schema\\\/logo\\\/image\\\/\",\"url\":\"https:\\\/\\\/repliquemangacine.fr\\\/wp-content\\\/uploads\\\/2023\\\/10\\\/RMC-500250.png\",\"contentUrl\":\"https:\\\/\\\/repliquemangacine.fr\\\/wp-content\\\/uploads\\\/2023\\\/10\\\/RMC-500250.png\",\"width\":500,\"height\":250,\"caption\":\"R\u00e9plique Manga Cin\u00e9\"},\"image\":{\"@id\":\"https:\\\/\\\/repliquemangacine.fr\\\/#\\\/schema\\\/logo\\\/image\\\/\"},\"sameAs\":[\"https:\\\/\\\/www.facebook.com\\\/RepliqueMangaCine\",\"https:\\\/\\\/www.instagram.com\\\/repliquemangacine.fr\\\/\"]}]}<\/script>\n<!-- \/ Yoast SEO plugin. -->","yoast_head_json":{"title":"Katana Banka\u00ef Ichigo V3 - Bleach sword - Online Shop | RMC","description":"Buy now! The Katana Banka\u00ef Ichigo V3 140cm in Bleach at the best price. 98cm steel blade - 150cm chain. Length of baka\u00ef: 140cm - Shipment 24\/48h","robots":{"index":"index","follow":"follow","max-snippet":"max-snippet:-1","max-image-preview":"max-image-preview:large","max-video-preview":"max-video-preview:-1"},"canonical":"https:\/\/repliquemangacine.fr\/en\/katana-bleach\/bankai-ichigo-v3-140cm\/","og_locale":"en_US","og_type":"article","og_title":"Katana Banka\u00ef Ichigo V3 - Sabre Bleach - Boutique en ligne | RMC","og_description":"Achetez vite ! Le Katana Banka\u00ef Ichigo V3 140cm dans Bleach au meilleur prix. Lame acier de 98cm - Chaine de 150cm. Longueur du baka\u00ef : 140cm - Envoi 24\/48h","og_url":"https:\/\/repliquemangacine.fr\/en\/katana-bleach\/bankai-ichigo-v3-140cm\/","og_site_name":"R\u00e9plique Manga Cin\u00e9","article_publisher":"https:\/\/www.facebook.com\/RepliqueMangaCine","article_modified_time":"2026-04-14T19:18:11+00:00","og_image":[{"width":800,"height":800,"url":"https:\/\/repliquemangacine.fr\/wp-content\/uploads\/2023\/10\/113-Replique-Katana-Bleach-Bankai-ichigo-V3-140cm.jpg","type":"image\/jpeg"}],"twitter_card":"summary_large_image","twitter_misc":{"Est. reading time":"3 minutes"},"schema":{"@context":"https:\/\/schema.org","@graph":[{"@type":"WebPage","@id":"https:\/\/repliquemangacine.fr\/katana-bleach\/bankai-ichigo-v3-140cm\/","url":"https:\/\/repliquemangacine.fr\/katana-bleach\/bankai-ichigo-v3-140cm\/","name":"Katana Banka\u00ef Ichigo V3 - Bleach sword - Online Shop | RMC","isPartOf":{"@id":"https:\/\/repliquemangacine.fr\/#website"},"primaryImageOfPage":{"@id":"https:\/\/repliquemangacine.fr\/katana-bleach\/bankai-ichigo-v3-140cm\/#primaryimage"},"image":{"@id":"https:\/\/repliquemangacine.fr\/katana-bleach\/bankai-ichigo-v3-140cm\/#primaryimage"},"thumbnailUrl":"https:\/\/repliquemangacine.fr\/wp-content\/uploads\/2023\/10\/113-Replique-Katana-Bleach-Bankai-ichigo-V3-140cm.jpg","datePublished":"2016-08-21T19:58:15+00:00","dateModified":"2026-04-14T19:18:11+00:00","description":"Buy now! The Katana Banka\u00ef Ichigo V3 140cm in Bleach at the best price. 98cm steel blade - 150cm chain. Length of baka\u00ef: 140cm - Shipment 24\/48h","breadcrumb":{"@id":"https:\/\/repliquemangacine.fr\/katana-bleach\/bankai-ichigo-v3-140cm\/#breadcrumb"},"inLanguage":"en-US","potentialAction":[{"@type":"ReadAction","target":["https:\/\/repliquemangacine.fr\/katana-bleach\/bankai-ichigo-v3-140cm\/"]}]},{"@type":"ImageObject","inLanguage":"en-US","@id":"https:\/\/repliquemangacine.fr\/katana-bleach\/bankai-ichigo-v3-140cm\/#primaryimage","url":"https:\/\/repliquemangacine.fr\/wp-content\/uploads\/2023\/10\/113-Replique-Katana-Bleach-Bankai-ichigo-V3-140cm.jpg","contentUrl":"https:\/\/repliquemangacine.fr\/wp-content\/uploads\/2023\/10\/113-Replique-Katana-Bleach-Bankai-ichigo-V3-140cm.jpg","width":800,"height":800,"caption":"R\u00e9plique Katana Bleach - Banka\u00ef ichigo V3 - 140cm"},{"@type":"BreadcrumbList","@id":"https:\/\/repliquemangacine.fr\/katana-bleach\/bankai-ichigo-v3-140cm\/#breadcrumb","itemListElement":[{"@type":"ListItem","position":1,"name":"Accueil","item":"https:\/\/repliquemangacine.fr\/"},{"@type":"ListItem","position":2,"name":"Produits","item":"https:\/\/repliquemangacine.fr\/boutique\/"},{"@type":"ListItem","position":3,"name":"Banka\u00ef Ichigo V3 140cm"}]},{"@type":"WebSite","@id":"https:\/\/repliquemangacine.fr\/#website","url":"https:\/\/repliquemangacine.fr\/","name":"R\u00e9plique Manga Cin\u00e9","description":"","publisher":{"@id":"https:\/\/repliquemangacine.fr\/#organization"},"potentialAction":[{"@type":"SearchAction","target":{"@type":"EntryPoint","urlTemplate":"https:\/\/repliquemangacine.fr\/?s={search_term_string}"},"query-input":{"@type":"PropertyValueSpecification","valueRequired":true,"valueName":"search_term_string"}}],"inLanguage":"en-US"},{"@type":"Organization","@id":"https:\/\/repliquemangacine.fr\/#organization","name":"R\u00e9plique Manga Cin\u00e9","url":"https:\/\/repliquemangacine.fr\/","logo":{"@type":"ImageObject","inLanguage":"en-US","@id":"https:\/\/repliquemangacine.fr\/#\/schema\/logo\/image\/","url":"https:\/\/repliquemangacine.fr\/wp-content\/uploads\/2023\/10\/RMC-500250.png","contentUrl":"https:\/\/repliquemangacine.fr\/wp-content\/uploads\/2023\/10\/RMC-500250.png","width":500,"height":250,"caption":"R\u00e9plique Manga Cin\u00e9"},"image":{"@id":"https:\/\/repliquemangacine.fr\/#\/schema\/logo\/image\/"},"sameAs":["https:\/\/www.facebook.com\/RepliqueMangaCine","https:\/\/www.instagram.com\/repliquemangacine.fr\/"]}]}},"_links":{"self":[{"href":"https:\/\/repliquemangacine.fr\/en\/wp-json\/wp\/v2\/product\/25297","targetHints":{"allow":["GET"]}}],"collection":[{"href":"https:\/\/repliquemangacine.fr\/en\/wp-json\/wp\/v2\/product"}],"about":[{"href":"https:\/\/repliquemangacine.fr\/en\/wp-json\/wp\/v2\/types\/product"}],"wp:featuredmedia":[{"embeddable":true,"href":"https:\/\/repliquemangacine.fr\/en\/wp-json\/wp\/v2\/media\/25298"}],"wp:attachment":[{"href":"https:\/\/repliquemangacine.fr\/en\/wp-json\/wp\/v2\/media?parent=25297"}],"wp:term":[{"taxonomy":"product_brand","embeddable":true,"href":"https:\/\/repliquemangacine.fr\/en\/wp-json\/wp\/v2\/product_brand?post=25297"},{"taxonomy":"product_cat","embeddable":true,"href":"https:\/\/repliquemangacine.fr\/en\/wp-json\/wp\/v2\/product_cat?post=25297"},{"taxonomy":"product_tag","embeddable":true,"href":"https:\/\/repliquemangacine.fr\/en\/wp-json\/wp\/v2\/product_tag?post=25297"}],"curies":[{"name":"wp","href":"https:\/\/api.w.org\/{rel}","templated":true}]}}