





{"id":25287,"date":"2016-08-21T18:24:12","date_gmt":"2016-08-21T16:24:12","guid":{"rendered":"https:\/\/repliquemangacine.fr\/?post_type=product&#038;p=25287"},"modified":"2026-04-17T19:00:55","modified_gmt":"2026-04-17T17:00:55","slug":"katana-ichigo-tensa-168cm-bankai","status":"publish","type":"product","link":"https:\/\/repliquemangacine.fr\/en\/repliques-manga-jeux-video\/katana-ichigo-tensa-168cm-bankai\/","title":{"rendered":"Katana Banka\u00ef Ichigo 142cm"},"content":{"rendered":"<h2>Katana Banka\u00ef Ichigo 142cm - Bleach<\/h2>\n<p>To start with, the 142cm Banka\u00ef Ichigo Katana, Celestial Chain, Sharp Moon.  It's a sword as big as he is, and he wears it on his back.<\/p>\n<p>Ichigo Kurosaki is a Human with the exceptional ability to distinguish ghosts. His life is turned upside down when he meets Rukia Kuchiki.<\/p>\n<p>After Kisuke Urahara's accelerated and dangerous process of obtaining the Bankai in 3 days, Ichigo managed to unlock the second release of his sword.<br \/>\nShaped like a black katana, this Bankai considerably increases the speed of<a href=\"https:\/\/bleach.fandom.com\/fr\/wiki\/Ichigo_Kurosaki#Zanpakut\u014d\" target=\"_blank\" rel=\"noopener noreferrer\">Ichigo<\/a> while increasing the sword's already great power.<\/p>\n<p>Where other Zanpakut\u00f4s increase the power of their sword or add other techniques, Tensa Zangetsu just brings a gain in speed and the complete release of Ichigo's spiritual power significant to the Bankai.<\/p>\n<h2>Your Katana Banka\u00ef Ichigo 142 cm at the best price<\/h2>\n<p>We bring you all the lines of your favorite characters in this Bleach anime manga.<\/p>\n<p>First and foremost,<\/p>\n<ul>\n<li>The first <a href=\"https:\/\/repliquemangacine.fr\/en\/bleach\/bankai-ichigo-tensa-zangetsu-cutting-142cm\/\">forged ichigo bankai<\/a>Tensa Zangetsu in cutting version.<\/li>\n<li>But you'll also find the longer version and the version with the different guard.<\/li>\n<li>There is also the <a href=\"https:\/\/repliquemangacine.fr\/en\/bleach\/zanpakuto-hyorinmaru-hitsugaya-toshiro\/\">katana by Hitsugaya Toshiro<\/a>, Hy\u014drinmaru the most powerful of the ice zanpakutos.<\/li>\n<li>And many more to discover!<\/li>\n<\/ul>\n<p>So here are some great gift ideas for Bleach fans.<\/p>\n<p>In conclusion, you can use this <strong>Katana Banka\u00ef Ichigo 168 cm<\/strong> for your cosplay parades. But above all, Tensa Zangetsu is also a collector's item and a decorative object.<\/p>\n<h2>How to maintain the blade of your Bleach katana?<\/h2>\n<p>Collector's and decorative katanas are made and assembled in a simplified way. As their use is decorative, they lack the safety features required of a Japanese saber intended for training.<\/p>\n<p>However, your <strong>katana Banka\u00ef Ichigo 168cm<\/strong> to a steel blade that needs to be cared for to avoid damage over time. In fact, when you display your katana, your friends will be curious to see the blade and touch it. This is where you need to be careful, as the acidity of your fingers is very harmful to steel, whatever its quality.<\/p>\n<p>However, if this happens, don't panic - all you need is a cloth dampened with a little oil and a wipe of fingerprints. By doing so, you'll keep your sword looking its best for a very long time.<\/p>","protected":false},"excerpt":{"rendered":"<p>The first full-size ichigo bankai as in the manga.<\/p>\n<ul>\n<li>Unsharpened black steel blade.<\/li>\n<li>Imitation red ray skin handle surrounded by black cotton braid.<\/li>\n<li>Broken chain, symbolizing Ichigo's broken karma.<\/li>\n<li>Metal guard in a very specific swastika shape.<\/li>\n<li>Black wooden scabbard.<\/li>\n<li>Blade length: 93 cm - Total length: 142 cm<\/li>\n<li>Handle length: 41 cm<\/li>\n<\/ul>","protected":false},"featured_media":82249,"template":"","meta":[],"product_brand":[896],"product_cat":[30,23],"product_tag":[],"class_list":{"0":"post-25287","1":"product","2":"type-product","3":"status-publish","4":"has-post-thumbnail","6":"product_brand-replique-manga-cine","7":"product_cat-katana-bleach","8":"product_cat-repliques-manga-jeux-video","10":"first","11":"instock","12":"sale","13":"taxable","14":"shipping-taxable","15":"purchasable","16":"product-type-simple"},"yoast_head":"<!-- This site is optimized with the Yoast SEO plugin v27.5 - https:\/\/yoast.com\/product\/yoast-seo-wordpress\/ -->\n<title>Katana Banka\u00ef Ichigo 168cm - Bleach - Boutique en ligne | RMC<\/title>\n<meta name=\"description\" content=\"Achetez vite ! En taille r\u00e9elle, le Katana Banka\u00ef Ichigo 168cm au meilleur prix. Lame acier - Chaine bris\u00e9 - Garde svastika - Longueur 142 cm - Envoi 24\/48h\" \/>\n<meta name=\"robots\" content=\"index, follow, max-snippet:-1, max-image-preview:large, max-video-preview:-1\" \/>\n<link rel=\"canonical\" href=\"https:\/\/repliquemangacine.fr\/en\/replicas-manga-video-games\/katana-ichigo-tensa-168cm-bankai\/\" \/>\n<meta property=\"og:locale\" content=\"en_US\" \/>\n<meta property=\"og:type\" content=\"article\" \/>\n<meta property=\"og:title\" content=\"Katana Banka\u00ef Ichigo 168cm - Bleach - Boutique en ligne | RMC\" \/>\n<meta property=\"og:description\" content=\"Achetez vite ! En taille r\u00e9elle, le Katana Banka\u00ef Ichigo 168cm au meilleur prix. Lame acier - Chaine bris\u00e9 - Garde svastika - Longueur 142 cm - Envoi 24\/48h\" \/>\n<meta property=\"og:url\" content=\"https:\/\/repliquemangacine.fr\/en\/replicas-manga-video-games\/katana-ichigo-tensa-168cm-bankai\/\" \/>\n<meta property=\"og:site_name\" content=\"R\u00e9plique Manga Cin\u00e9\" \/>\n<meta property=\"article:publisher\" content=\"https:\/\/www.facebook.com\/RepliqueMangaCine\" \/>\n<meta property=\"article:modified_time\" content=\"2026-04-17T17:00:55+00:00\" \/>\n<meta property=\"og:image\" content=\"https:\/\/repliquemangacine.fr\/wp-content\/uploads\/2016\/08\/Katana-Bankai-Ichigo-142cm.jpg\" \/>\n\t<meta property=\"og:image:width\" content=\"500\" \/>\n\t<meta property=\"og:image:height\" content=\"500\" \/>\n\t<meta property=\"og:image:type\" content=\"image\/jpeg\" \/>\n<meta name=\"twitter:card\" content=\"summary_large_image\" \/>\n<meta name=\"twitter:label1\" content=\"Est. reading time\" \/>\n\t<meta name=\"twitter:data1\" content=\"3 minutes\" \/>\n<script type=\"application\/ld+json\" class=\"yoast-schema-graph\">{\"@context\":\"https:\\\/\\\/schema.org\",\"@graph\":[{\"@type\":\"WebPage\",\"@id\":\"https:\\\/\\\/repliquemangacine.fr\\\/repliques-manga-jeux-video\\\/katana-ichigo-tensa-168cm-bankai\\\/\",\"url\":\"https:\\\/\\\/repliquemangacine.fr\\\/repliques-manga-jeux-video\\\/katana-ichigo-tensa-168cm-bankai\\\/\",\"name\":\"Katana Banka\u00ef Ichigo 168cm - Bleach - Boutique en ligne | RMC\",\"isPartOf\":{\"@id\":\"https:\\\/\\\/repliquemangacine.fr\\\/#website\"},\"primaryImageOfPage\":{\"@id\":\"https:\\\/\\\/repliquemangacine.fr\\\/repliques-manga-jeux-video\\\/katana-ichigo-tensa-168cm-bankai\\\/#primaryimage\"},\"image\":{\"@id\":\"https:\\\/\\\/repliquemangacine.fr\\\/repliques-manga-jeux-video\\\/katana-ichigo-tensa-168cm-bankai\\\/#primaryimage\"},\"thumbnailUrl\":\"https:\\\/\\\/repliquemangacine.fr\\\/wp-content\\\/uploads\\\/2016\\\/08\\\/Katana-Bankai-Ichigo-142cm.jpg\",\"datePublished\":\"2016-08-21T16:24:12+00:00\",\"dateModified\":\"2026-04-17T17:00:55+00:00\",\"description\":\"Achetez vite ! En taille r\u00e9elle, le Katana Banka\u00ef Ichigo 168cm au meilleur prix. Lame acier - Chaine bris\u00e9 - Garde svastika - Longueur 142 cm - Envoi 24\\\/48h\",\"breadcrumb\":{\"@id\":\"https:\\\/\\\/repliquemangacine.fr\\\/repliques-manga-jeux-video\\\/katana-ichigo-tensa-168cm-bankai\\\/#breadcrumb\"},\"inLanguage\":\"en-US\",\"potentialAction\":[{\"@type\":\"ReadAction\",\"target\":[\"https:\\\/\\\/repliquemangacine.fr\\\/repliques-manga-jeux-video\\\/katana-ichigo-tensa-168cm-bankai\\\/\"]}]},{\"@type\":\"ImageObject\",\"inLanguage\":\"en-US\",\"@id\":\"https:\\\/\\\/repliquemangacine.fr\\\/repliques-manga-jeux-video\\\/katana-ichigo-tensa-168cm-bankai\\\/#primaryimage\",\"url\":\"https:\\\/\\\/repliquemangacine.fr\\\/wp-content\\\/uploads\\\/2016\\\/08\\\/Katana-Bankai-Ichigo-142cm.jpg\",\"contentUrl\":\"https:\\\/\\\/repliquemangacine.fr\\\/wp-content\\\/uploads\\\/2016\\\/08\\\/Katana-Bankai-Ichigo-142cm.jpg\",\"width\":500,\"height\":500,\"caption\":\"Katana-Banka\u00ef-Ichigo-142cm bleach\"},{\"@type\":\"BreadcrumbList\",\"@id\":\"https:\\\/\\\/repliquemangacine.fr\\\/repliques-manga-jeux-video\\\/katana-ichigo-tensa-168cm-bankai\\\/#breadcrumb\",\"itemListElement\":[{\"@type\":\"ListItem\",\"position\":1,\"name\":\"Accueil\",\"item\":\"https:\\\/\\\/repliquemangacine.fr\\\/\"},{\"@type\":\"ListItem\",\"position\":2,\"name\":\"Produits\",\"item\":\"https:\\\/\\\/repliquemangacine.fr\\\/boutique\\\/\"},{\"@type\":\"ListItem\",\"position\":3,\"name\":\"Katana Banka\u00ef Ichigo 142cm\"}]},{\"@type\":\"WebSite\",\"@id\":\"https:\\\/\\\/repliquemangacine.fr\\\/#website\",\"url\":\"https:\\\/\\\/repliquemangacine.fr\\\/\",\"name\":\"R\u00e9plique Manga Cin\u00e9\",\"description\":\"\",\"publisher\":{\"@id\":\"https:\\\/\\\/repliquemangacine.fr\\\/#organization\"},\"potentialAction\":[{\"@type\":\"SearchAction\",\"target\":{\"@type\":\"EntryPoint\",\"urlTemplate\":\"https:\\\/\\\/repliquemangacine.fr\\\/?s={search_term_string}\"},\"query-input\":{\"@type\":\"PropertyValueSpecification\",\"valueRequired\":true,\"valueName\":\"search_term_string\"}}],\"inLanguage\":\"en-US\"},{\"@type\":\"Organization\",\"@id\":\"https:\\\/\\\/repliquemangacine.fr\\\/#organization\",\"name\":\"R\u00e9plique Manga Cin\u00e9\",\"url\":\"https:\\\/\\\/repliquemangacine.fr\\\/\",\"logo\":{\"@type\":\"ImageObject\",\"inLanguage\":\"en-US\",\"@id\":\"https:\\\/\\\/repliquemangacine.fr\\\/#\\\/schema\\\/logo\\\/image\\\/\",\"url\":\"https:\\\/\\\/repliquemangacine.fr\\\/wp-content\\\/uploads\\\/2023\\\/10\\\/RMC-500250.png\",\"contentUrl\":\"https:\\\/\\\/repliquemangacine.fr\\\/wp-content\\\/uploads\\\/2023\\\/10\\\/RMC-500250.png\",\"width\":500,\"height\":250,\"caption\":\"R\u00e9plique Manga Cin\u00e9\"},\"image\":{\"@id\":\"https:\\\/\\\/repliquemangacine.fr\\\/#\\\/schema\\\/logo\\\/image\\\/\"},\"sameAs\":[\"https:\\\/\\\/www.facebook.com\\\/RepliqueMangaCine\",\"https:\\\/\\\/www.instagram.com\\\/repliquemangacine.fr\\\/\"]}]}<\/script>\n<!-- \/ Yoast SEO plugin. -->","yoast_head_json":{"title":"Katana Banka\u00ef Ichigo 168cm - Bleach - Online Shop | RMC","description":"Buy now! The full-size Katana Banka\u00ef Ichigo 168cm at the best price. Steel blade - Broken chain - Swastika guard - Length 142 cm - Shipment 24\/48h","robots":{"index":"index","follow":"follow","max-snippet":"max-snippet:-1","max-image-preview":"max-image-preview:large","max-video-preview":"max-video-preview:-1"},"canonical":"https:\/\/repliquemangacine.fr\/en\/replicas-manga-video-games\/katana-ichigo-tensa-168cm-bankai\/","og_locale":"en_US","og_type":"article","og_title":"Katana Banka\u00ef Ichigo 168cm - Bleach - Boutique en ligne | RMC","og_description":"Achetez vite ! En taille r\u00e9elle, le Katana Banka\u00ef Ichigo 168cm au meilleur prix. Lame acier - Chaine bris\u00e9 - Garde svastika - Longueur 142 cm - Envoi 24\/48h","og_url":"https:\/\/repliquemangacine.fr\/en\/replicas-manga-video-games\/katana-ichigo-tensa-168cm-bankai\/","og_site_name":"R\u00e9plique Manga Cin\u00e9","article_publisher":"https:\/\/www.facebook.com\/RepliqueMangaCine","article_modified_time":"2026-04-17T17:00:55+00:00","og_image":[{"width":500,"height":500,"url":"https:\/\/repliquemangacine.fr\/wp-content\/uploads\/2016\/08\/Katana-Bankai-Ichigo-142cm.jpg","type":"image\/jpeg"}],"twitter_card":"summary_large_image","twitter_misc":{"Est. reading time":"3 minutes"},"schema":{"@context":"https:\/\/schema.org","@graph":[{"@type":"WebPage","@id":"https:\/\/repliquemangacine.fr\/repliques-manga-jeux-video\/katana-ichigo-tensa-168cm-bankai\/","url":"https:\/\/repliquemangacine.fr\/repliques-manga-jeux-video\/katana-ichigo-tensa-168cm-bankai\/","name":"Katana Banka\u00ef Ichigo 168cm - Bleach - Online Shop | RMC","isPartOf":{"@id":"https:\/\/repliquemangacine.fr\/#website"},"primaryImageOfPage":{"@id":"https:\/\/repliquemangacine.fr\/repliques-manga-jeux-video\/katana-ichigo-tensa-168cm-bankai\/#primaryimage"},"image":{"@id":"https:\/\/repliquemangacine.fr\/repliques-manga-jeux-video\/katana-ichigo-tensa-168cm-bankai\/#primaryimage"},"thumbnailUrl":"https:\/\/repliquemangacine.fr\/wp-content\/uploads\/2016\/08\/Katana-Bankai-Ichigo-142cm.jpg","datePublished":"2016-08-21T16:24:12+00:00","dateModified":"2026-04-17T17:00:55+00:00","description":"Buy now! The full-size Katana Banka\u00ef Ichigo 168cm at the best price. Steel blade - Broken chain - Swastika guard - Length 142 cm - Shipment 24\/48h","breadcrumb":{"@id":"https:\/\/repliquemangacine.fr\/repliques-manga-jeux-video\/katana-ichigo-tensa-168cm-bankai\/#breadcrumb"},"inLanguage":"en-US","potentialAction":[{"@type":"ReadAction","target":["https:\/\/repliquemangacine.fr\/repliques-manga-jeux-video\/katana-ichigo-tensa-168cm-bankai\/"]}]},{"@type":"ImageObject","inLanguage":"en-US","@id":"https:\/\/repliquemangacine.fr\/repliques-manga-jeux-video\/katana-ichigo-tensa-168cm-bankai\/#primaryimage","url":"https:\/\/repliquemangacine.fr\/wp-content\/uploads\/2016\/08\/Katana-Bankai-Ichigo-142cm.jpg","contentUrl":"https:\/\/repliquemangacine.fr\/wp-content\/uploads\/2016\/08\/Katana-Bankai-Ichigo-142cm.jpg","width":500,"height":500,"caption":"Katana-Banka\u00ef-Ichigo-142cm bleach"},{"@type":"BreadcrumbList","@id":"https:\/\/repliquemangacine.fr\/repliques-manga-jeux-video\/katana-ichigo-tensa-168cm-bankai\/#breadcrumb","itemListElement":[{"@type":"ListItem","position":1,"name":"Accueil","item":"https:\/\/repliquemangacine.fr\/"},{"@type":"ListItem","position":2,"name":"Produits","item":"https:\/\/repliquemangacine.fr\/boutique\/"},{"@type":"ListItem","position":3,"name":"Katana Banka\u00ef Ichigo 142cm"}]},{"@type":"WebSite","@id":"https:\/\/repliquemangacine.fr\/#website","url":"https:\/\/repliquemangacine.fr\/","name":"R\u00e9plique Manga Cin\u00e9","description":"","publisher":{"@id":"https:\/\/repliquemangacine.fr\/#organization"},"potentialAction":[{"@type":"SearchAction","target":{"@type":"EntryPoint","urlTemplate":"https:\/\/repliquemangacine.fr\/?s={search_term_string}"},"query-input":{"@type":"PropertyValueSpecification","valueRequired":true,"valueName":"search_term_string"}}],"inLanguage":"en-US"},{"@type":"Organization","@id":"https:\/\/repliquemangacine.fr\/#organization","name":"R\u00e9plique Manga Cin\u00e9","url":"https:\/\/repliquemangacine.fr\/","logo":{"@type":"ImageObject","inLanguage":"en-US","@id":"https:\/\/repliquemangacine.fr\/#\/schema\/logo\/image\/","url":"https:\/\/repliquemangacine.fr\/wp-content\/uploads\/2023\/10\/RMC-500250.png","contentUrl":"https:\/\/repliquemangacine.fr\/wp-content\/uploads\/2023\/10\/RMC-500250.png","width":500,"height":250,"caption":"R\u00e9plique Manga Cin\u00e9"},"image":{"@id":"https:\/\/repliquemangacine.fr\/#\/schema\/logo\/image\/"},"sameAs":["https:\/\/www.facebook.com\/RepliqueMangaCine","https:\/\/www.instagram.com\/repliquemangacine.fr\/"]}]}},"_links":{"self":[{"href":"https:\/\/repliquemangacine.fr\/en\/wp-json\/wp\/v2\/product\/25287","targetHints":{"allow":["GET"]}}],"collection":[{"href":"https:\/\/repliquemangacine.fr\/en\/wp-json\/wp\/v2\/product"}],"about":[{"href":"https:\/\/repliquemangacine.fr\/en\/wp-json\/wp\/v2\/types\/product"}],"wp:featuredmedia":[{"embeddable":true,"href":"https:\/\/repliquemangacine.fr\/en\/wp-json\/wp\/v2\/media\/82249"}],"wp:attachment":[{"href":"https:\/\/repliquemangacine.fr\/en\/wp-json\/wp\/v2\/media?parent=25287"}],"wp:term":[{"taxonomy":"product_brand","embeddable":true,"href":"https:\/\/repliquemangacine.fr\/en\/wp-json\/wp\/v2\/product_brand?post=25287"},{"taxonomy":"product_cat","embeddable":true,"href":"https:\/\/repliquemangacine.fr\/en\/wp-json\/wp\/v2\/product_cat?post=25287"},{"taxonomy":"product_tag","embeddable":true,"href":"https:\/\/repliquemangacine.fr\/en\/wp-json\/wp\/v2\/product_tag?post=25287"}],"curies":[{"name":"wp","href":"https:\/\/api.w.org\/{rel}","templated":true}]}}