





{"id":25282,"date":"2016-08-21T17:52:07","date_gmt":"2016-08-21T15:52:07","guid":{"rendered":"https:\/\/repliquemangacine.fr\/?post_type=product&#038;p=25282"},"modified":"2026-01-28T20:53:41","modified_gmt":"2026-01-28T19:53:41","slug":"katana-bankai-tensa-zangetsu-ichigo-104cm","status":"publish","type":"product","link":"https:\/\/repliquemangacine.fr\/en\/katana-bleach\/katana-bankai-tensa-zangetsu-ichigo-104cm\/","title":{"rendered":"Katana Banka\u00ef Ichigo 104cm"},"content":{"rendered":"<h2>Replica Katana Banka\u00ef Ichigo 104cm - Bleach<\/h2>\n<p>To begin with, the 104cm Banka\u00ef Ichigo Katana is called the Tensa Zangetsu, Heavenly Chain, Sharp Moon.\u00a0 <a href=\"https:\/\/bleach.fandom.com\/fr\/wiki\/Ichigo_Kurosaki\" target=\"_blank\" rel=\"noopener noreferrer\">Ichigo Kurosaki<\/a> is a Human with the exceptional ability to distinguish ghosts. His life is turned upside down when he meets Rukia Kuchiki, who gives him his Shinigami powers to save his family from a Hollow.<\/p>\n<p>After an accelerated and dangerous process by Kisuke Urahara to obtain the Bankai in 3 days, Ichigo managed to unlock the second release of his saber. Taking the form of a black katana, this Bankai dramatically increases Ichigo's speed while boosting the sword's already great power.<\/p>\n<p>Where other Zanpakut\u00f4s increase the power of their sword or add other techniques, Tensa Zangetsu just brings a gain in speed and the complete release of Ichigo's spiritual power significant to the Bankai.<\/p>\n<h2>Your Katana Banka\u00ef Ichigo 104cm at the best price.<\/h2>\n<p>We bring you all the lines of your favorite characters in this Bleach anime manga.<\/p>\n<p>First and foremost,<\/p>\n<ul>\n<li>The first <a href=\"https:\/\/repliquemangacine.fr\/en\/bleach\/bankai-ichigo-tensa-zangetsu-cutting-142cm\/\">forged ichigo bankai<\/a>Tensa Zangetsu in cutting version.<\/li>\n<li>But you'll also find the longer version and the version with the different guard. 3<\/li>\n<li>There is also the <a href=\"https:\/\/repliquemangacine.fr\/en\/katana-bleach\/zanpakuto-hyorinmaru-hitsugaya-toshiro\/\">Hitsugaya katana<\/a> Toshiro, Hy\u014drinmaru the most powerful of the ice zanpakutos.<\/li>\n<li>And many more to discover!<\/li>\n<\/ul>\n<p>So here are some great gift ideas for Bleach fans.<\/p>\n<p>In conclusion, you can also use this <strong>Katana Banka\u00ef Ichigo 104cm<\/strong> for your cosplay parades or theme parties. But above all, the Tensa Zangetsu is also a collector's item and a decorative object.<\/p>\n<h2>How to maintain the blade of your Bleach katana?<\/h2>\n<p>Collector's and decorative katanas are made and assembled in a simplified way. As their use is decorative, they lack the safety features required of a Japanese saber intended for training.<\/p>\n<p>However, your <strong>katana Banka\u00ef Ichigo 104cm<\/strong> to a steel blade that needs to be cared for to avoid damage over time. In fact, when you display your katana, your friends will be curious to see the blade and touch it. This is where you need to be careful, as the acidity of your fingers is very harmful to steel, whatever its quality.<\/p>\n<p>However, if this happens, don't panic - all you need is a cloth dampened with a little oil and a wipe of fingerprints. By doing so, you'll keep your sword looking its best for a very long time.<\/p>\n<p><strong>\u00a0<\/strong><\/p>","protected":false},"excerpt":{"rendered":"<p>No need to introduce ichigo's first bankai, the short version of Tensa Zangetsu.<\/p>\n<ul>\n<li>His Zanpakuto with its unsharpened black steel blade.<\/li>\n<li>Handle surrounded by black cotton braid.<\/li>\n<li>Broken chain, symbolizing Ichigo's broken karma.<\/li>\n<li>Swastika-shaped metal guard.<\/li>\n<li>Black wooden scabbard.<\/li>\n<li>Blade length: 69cm - Total length: 104cm<\/li>\n<\/ul>","protected":false},"featured_media":25283,"template":"","meta":[],"product_brand":[896],"product_cat":[30,23],"product_tag":[],"class_list":{"0":"post-25282","1":"product","2":"type-product","3":"status-publish","4":"has-post-thumbnail","6":"product_brand-replique-manga-cine","7":"product_cat-katana-bleach","8":"product_cat-repliques-manga-jeux-video","10":"first","11":"instock","12":"taxable","13":"shipping-taxable","14":"purchasable","15":"product-type-simple"},"yoast_head":"<!-- This site is optimized with the Yoast SEO plugin v27.5 - https:\/\/yoast.com\/product\/yoast-seo-wordpress\/ -->\n<title>Katana Banka\u00ef Ichigo 104cm - Bleach -Boutique en ligne | RMC<\/title>\n<meta name=\"description\" content=\"Commandez le premier Katana Banka\u00ef Ichigo 104cm Tensa Zangetsu au meilleur prix - Chaine bris\u00e9e - Lame en acier. Longueur totale : 104cm - Envoi 24\/48h\" \/>\n<meta name=\"robots\" content=\"index, follow, max-snippet:-1, max-image-preview:large, max-video-preview:-1\" \/>\n<link rel=\"canonical\" href=\"https:\/\/repliquemangacine.fr\/en\/katana-bleach\/katana-bankai-tensa-zangetsu-ichigo-104cm\/\" \/>\n<meta property=\"og:locale\" content=\"en_US\" \/>\n<meta property=\"og:type\" content=\"article\" \/>\n<meta property=\"og:title\" content=\"Katana Banka\u00ef Ichigo 104cm - Bleach -Boutique en ligne | RMC\" \/>\n<meta property=\"og:description\" content=\"Commandez le premier Katana Banka\u00ef Ichigo 104cm Tensa Zangetsu au meilleur prix - Chaine bris\u00e9e - Lame en acier. Longueur totale : 104cm - Envoi 24\/48h\" \/>\n<meta property=\"og:url\" content=\"https:\/\/repliquemangacine.fr\/en\/katana-bleach\/katana-bankai-tensa-zangetsu-ichigo-104cm\/\" \/>\n<meta property=\"og:site_name\" content=\"R\u00e9plique Manga Cin\u00e9\" \/>\n<meta property=\"article:publisher\" content=\"https:\/\/www.facebook.com\/RepliqueMangaCine\" \/>\n<meta property=\"article:modified_time\" content=\"2026-01-28T19:53:41+00:00\" \/>\n<meta property=\"og:image\" content=\"https:\/\/repliquemangacine.fr\/wp-content\/uploads\/2023\/10\/96-replique-katana-Ichigo-Tensa-Zangetsu-104cm.jpg\" \/>\n\t<meta property=\"og:image:width\" content=\"800\" \/>\n\t<meta property=\"og:image:height\" content=\"800\" \/>\n\t<meta property=\"og:image:type\" content=\"image\/jpeg\" \/>\n<meta name=\"twitter:card\" content=\"summary_large_image\" \/>\n<meta name=\"twitter:label1\" content=\"Est. reading time\" \/>\n\t<meta name=\"twitter:data1\" content=\"3 minutes\" \/>\n<script type=\"application\/ld+json\" class=\"yoast-schema-graph\">{\"@context\":\"https:\\\/\\\/schema.org\",\"@graph\":[{\"@type\":\"WebPage\",\"@id\":\"https:\\\/\\\/repliquemangacine.fr\\\/katana-bleach\\\/katana-bankai-tensa-zangetsu-ichigo-104cm\\\/\",\"url\":\"https:\\\/\\\/repliquemangacine.fr\\\/katana-bleach\\\/katana-bankai-tensa-zangetsu-ichigo-104cm\\\/\",\"name\":\"Katana Banka\u00ef Ichigo 104cm - Bleach -Boutique en ligne | RMC\",\"isPartOf\":{\"@id\":\"https:\\\/\\\/repliquemangacine.fr\\\/#website\"},\"primaryImageOfPage\":{\"@id\":\"https:\\\/\\\/repliquemangacine.fr\\\/katana-bleach\\\/katana-bankai-tensa-zangetsu-ichigo-104cm\\\/#primaryimage\"},\"image\":{\"@id\":\"https:\\\/\\\/repliquemangacine.fr\\\/katana-bleach\\\/katana-bankai-tensa-zangetsu-ichigo-104cm\\\/#primaryimage\"},\"thumbnailUrl\":\"https:\\\/\\\/repliquemangacine.fr\\\/wp-content\\\/uploads\\\/2023\\\/10\\\/96-replique-katana-Ichigo-Tensa-Zangetsu-104cm.jpg\",\"datePublished\":\"2016-08-21T15:52:07+00:00\",\"dateModified\":\"2026-01-28T19:53:41+00:00\",\"description\":\"Commandez le premier Katana Banka\u00ef Ichigo 104cm Tensa Zangetsu au meilleur prix - Chaine bris\u00e9e - Lame en acier. Longueur totale : 104cm - Envoi 24\\\/48h\",\"breadcrumb\":{\"@id\":\"https:\\\/\\\/repliquemangacine.fr\\\/katana-bleach\\\/katana-bankai-tensa-zangetsu-ichigo-104cm\\\/#breadcrumb\"},\"inLanguage\":\"en-US\",\"potentialAction\":[{\"@type\":\"ReadAction\",\"target\":[\"https:\\\/\\\/repliquemangacine.fr\\\/katana-bleach\\\/katana-bankai-tensa-zangetsu-ichigo-104cm\\\/\"]}]},{\"@type\":\"ImageObject\",\"inLanguage\":\"en-US\",\"@id\":\"https:\\\/\\\/repliquemangacine.fr\\\/katana-bleach\\\/katana-bankai-tensa-zangetsu-ichigo-104cm\\\/#primaryimage\",\"url\":\"https:\\\/\\\/repliquemangacine.fr\\\/wp-content\\\/uploads\\\/2023\\\/10\\\/96-replique-katana-Ichigo-Tensa-Zangetsu-104cm.jpg\",\"contentUrl\":\"https:\\\/\\\/repliquemangacine.fr\\\/wp-content\\\/uploads\\\/2023\\\/10\\\/96-replique-katana-Ichigo-Tensa-Zangetsu-104cm.jpg\",\"width\":800,\"height\":800,\"caption\":\"r\u00e9plique katana Ichigo - Tensa Zangetsu 104cm\"},{\"@type\":\"BreadcrumbList\",\"@id\":\"https:\\\/\\\/repliquemangacine.fr\\\/katana-bleach\\\/katana-bankai-tensa-zangetsu-ichigo-104cm\\\/#breadcrumb\",\"itemListElement\":[{\"@type\":\"ListItem\",\"position\":1,\"name\":\"Accueil\",\"item\":\"https:\\\/\\\/repliquemangacine.fr\\\/\"},{\"@type\":\"ListItem\",\"position\":2,\"name\":\"Produits\",\"item\":\"https:\\\/\\\/repliquemangacine.fr\\\/boutique\\\/\"},{\"@type\":\"ListItem\",\"position\":3,\"name\":\"Katana Banka\u00ef Ichigo 104cm\"}]},{\"@type\":\"WebSite\",\"@id\":\"https:\\\/\\\/repliquemangacine.fr\\\/#website\",\"url\":\"https:\\\/\\\/repliquemangacine.fr\\\/\",\"name\":\"R\u00e9plique Manga Cin\u00e9\",\"description\":\"\",\"publisher\":{\"@id\":\"https:\\\/\\\/repliquemangacine.fr\\\/#organization\"},\"potentialAction\":[{\"@type\":\"SearchAction\",\"target\":{\"@type\":\"EntryPoint\",\"urlTemplate\":\"https:\\\/\\\/repliquemangacine.fr\\\/?s={search_term_string}\"},\"query-input\":{\"@type\":\"PropertyValueSpecification\",\"valueRequired\":true,\"valueName\":\"search_term_string\"}}],\"inLanguage\":\"en-US\"},{\"@type\":\"Organization\",\"@id\":\"https:\\\/\\\/repliquemangacine.fr\\\/#organization\",\"name\":\"R\u00e9plique Manga Cin\u00e9\",\"url\":\"https:\\\/\\\/repliquemangacine.fr\\\/\",\"logo\":{\"@type\":\"ImageObject\",\"inLanguage\":\"en-US\",\"@id\":\"https:\\\/\\\/repliquemangacine.fr\\\/#\\\/schema\\\/logo\\\/image\\\/\",\"url\":\"https:\\\/\\\/repliquemangacine.fr\\\/wp-content\\\/uploads\\\/2023\\\/10\\\/RMC-500250.png\",\"contentUrl\":\"https:\\\/\\\/repliquemangacine.fr\\\/wp-content\\\/uploads\\\/2023\\\/10\\\/RMC-500250.png\",\"width\":500,\"height\":250,\"caption\":\"R\u00e9plique Manga Cin\u00e9\"},\"image\":{\"@id\":\"https:\\\/\\\/repliquemangacine.fr\\\/#\\\/schema\\\/logo\\\/image\\\/\"},\"sameAs\":[\"https:\\\/\\\/www.facebook.com\\\/RepliqueMangaCine\",\"https:\\\/\\\/www.instagram.com\\\/repliquemangacine.fr\\\/\"]}]}<\/script>\n<!-- \/ Yoast SEO plugin. -->","yoast_head_json":{"title":"Katana Banka\u00ef Ichigo 104cm - Bleach -Boutique en ligne | RMC","description":"Order the first Katana Banka\u00ef Ichigo 104cm Tensa Zangetsu at the best price - Broken chain - Steel blade. Total length: 104cm - Shipment 24\/48h","robots":{"index":"index","follow":"follow","max-snippet":"max-snippet:-1","max-image-preview":"max-image-preview:large","max-video-preview":"max-video-preview:-1"},"canonical":"https:\/\/repliquemangacine.fr\/en\/katana-bleach\/katana-bankai-tensa-zangetsu-ichigo-104cm\/","og_locale":"en_US","og_type":"article","og_title":"Katana Banka\u00ef Ichigo 104cm - Bleach -Boutique en ligne | RMC","og_description":"Commandez le premier Katana Banka\u00ef Ichigo 104cm Tensa Zangetsu au meilleur prix - Chaine bris\u00e9e - Lame en acier. Longueur totale : 104cm - Envoi 24\/48h","og_url":"https:\/\/repliquemangacine.fr\/en\/katana-bleach\/katana-bankai-tensa-zangetsu-ichigo-104cm\/","og_site_name":"R\u00e9plique Manga Cin\u00e9","article_publisher":"https:\/\/www.facebook.com\/RepliqueMangaCine","article_modified_time":"2026-01-28T19:53:41+00:00","og_image":[{"width":800,"height":800,"url":"https:\/\/repliquemangacine.fr\/wp-content\/uploads\/2023\/10\/96-replique-katana-Ichigo-Tensa-Zangetsu-104cm.jpg","type":"image\/jpeg"}],"twitter_card":"summary_large_image","twitter_misc":{"Est. reading time":"3 minutes"},"schema":{"@context":"https:\/\/schema.org","@graph":[{"@type":"WebPage","@id":"https:\/\/repliquemangacine.fr\/katana-bleach\/katana-bankai-tensa-zangetsu-ichigo-104cm\/","url":"https:\/\/repliquemangacine.fr\/katana-bleach\/katana-bankai-tensa-zangetsu-ichigo-104cm\/","name":"Katana Banka\u00ef Ichigo 104cm - Bleach -Boutique en ligne | RMC","isPartOf":{"@id":"https:\/\/repliquemangacine.fr\/#website"},"primaryImageOfPage":{"@id":"https:\/\/repliquemangacine.fr\/katana-bleach\/katana-bankai-tensa-zangetsu-ichigo-104cm\/#primaryimage"},"image":{"@id":"https:\/\/repliquemangacine.fr\/katana-bleach\/katana-bankai-tensa-zangetsu-ichigo-104cm\/#primaryimage"},"thumbnailUrl":"https:\/\/repliquemangacine.fr\/wp-content\/uploads\/2023\/10\/96-replique-katana-Ichigo-Tensa-Zangetsu-104cm.jpg","datePublished":"2016-08-21T15:52:07+00:00","dateModified":"2026-01-28T19:53:41+00:00","description":"Order the first Katana Banka\u00ef Ichigo 104cm Tensa Zangetsu at the best price - Broken chain - Steel blade. Total length: 104cm - Shipment 24\/48h","breadcrumb":{"@id":"https:\/\/repliquemangacine.fr\/katana-bleach\/katana-bankai-tensa-zangetsu-ichigo-104cm\/#breadcrumb"},"inLanguage":"en-US","potentialAction":[{"@type":"ReadAction","target":["https:\/\/repliquemangacine.fr\/katana-bleach\/katana-bankai-tensa-zangetsu-ichigo-104cm\/"]}]},{"@type":"ImageObject","inLanguage":"en-US","@id":"https:\/\/repliquemangacine.fr\/katana-bleach\/katana-bankai-tensa-zangetsu-ichigo-104cm\/#primaryimage","url":"https:\/\/repliquemangacine.fr\/wp-content\/uploads\/2023\/10\/96-replique-katana-Ichigo-Tensa-Zangetsu-104cm.jpg","contentUrl":"https:\/\/repliquemangacine.fr\/wp-content\/uploads\/2023\/10\/96-replique-katana-Ichigo-Tensa-Zangetsu-104cm.jpg","width":800,"height":800,"caption":"r\u00e9plique katana Ichigo - Tensa Zangetsu 104cm"},{"@type":"BreadcrumbList","@id":"https:\/\/repliquemangacine.fr\/katana-bleach\/katana-bankai-tensa-zangetsu-ichigo-104cm\/#breadcrumb","itemListElement":[{"@type":"ListItem","position":1,"name":"Accueil","item":"https:\/\/repliquemangacine.fr\/"},{"@type":"ListItem","position":2,"name":"Produits","item":"https:\/\/repliquemangacine.fr\/boutique\/"},{"@type":"ListItem","position":3,"name":"Katana Banka\u00ef Ichigo 104cm"}]},{"@type":"WebSite","@id":"https:\/\/repliquemangacine.fr\/#website","url":"https:\/\/repliquemangacine.fr\/","name":"R\u00e9plique Manga Cin\u00e9","description":"","publisher":{"@id":"https:\/\/repliquemangacine.fr\/#organization"},"potentialAction":[{"@type":"SearchAction","target":{"@type":"EntryPoint","urlTemplate":"https:\/\/repliquemangacine.fr\/?s={search_term_string}"},"query-input":{"@type":"PropertyValueSpecification","valueRequired":true,"valueName":"search_term_string"}}],"inLanguage":"en-US"},{"@type":"Organization","@id":"https:\/\/repliquemangacine.fr\/#organization","name":"R\u00e9plique Manga Cin\u00e9","url":"https:\/\/repliquemangacine.fr\/","logo":{"@type":"ImageObject","inLanguage":"en-US","@id":"https:\/\/repliquemangacine.fr\/#\/schema\/logo\/image\/","url":"https:\/\/repliquemangacine.fr\/wp-content\/uploads\/2023\/10\/RMC-500250.png","contentUrl":"https:\/\/repliquemangacine.fr\/wp-content\/uploads\/2023\/10\/RMC-500250.png","width":500,"height":250,"caption":"R\u00e9plique Manga Cin\u00e9"},"image":{"@id":"https:\/\/repliquemangacine.fr\/#\/schema\/logo\/image\/"},"sameAs":["https:\/\/www.facebook.com\/RepliqueMangaCine","https:\/\/www.instagram.com\/repliquemangacine.fr\/"]}]}},"_links":{"self":[{"href":"https:\/\/repliquemangacine.fr\/en\/wp-json\/wp\/v2\/product\/25282","targetHints":{"allow":["GET"]}}],"collection":[{"href":"https:\/\/repliquemangacine.fr\/en\/wp-json\/wp\/v2\/product"}],"about":[{"href":"https:\/\/repliquemangacine.fr\/en\/wp-json\/wp\/v2\/types\/product"}],"wp:featuredmedia":[{"embeddable":true,"href":"https:\/\/repliquemangacine.fr\/en\/wp-json\/wp\/v2\/media\/25283"}],"wp:attachment":[{"href":"https:\/\/repliquemangacine.fr\/en\/wp-json\/wp\/v2\/media?parent=25282"}],"wp:term":[{"taxonomy":"product_brand","embeddable":true,"href":"https:\/\/repliquemangacine.fr\/en\/wp-json\/wp\/v2\/product_brand?post=25282"},{"taxonomy":"product_cat","embeddable":true,"href":"https:\/\/repliquemangacine.fr\/en\/wp-json\/wp\/v2\/product_cat?post=25282"},{"taxonomy":"product_tag","embeddable":true,"href":"https:\/\/repliquemangacine.fr\/en\/wp-json\/wp\/v2\/product_tag?post=25282"}],"curies":[{"name":"wp","href":"https:\/\/api.w.org\/{rel}","templated":true}]}}