





{"id":25228,"date":"2016-08-16T16:30:55","date_gmt":"2016-08-16T14:30:55","guid":{"rendered":"https:\/\/repliquemangacine.fr\/?post_type=product&#038;p=25228"},"modified":"2025-12-14T16:59:10","modified_gmt":"2025-12-14T15:59:10","slug":"machine-pistol-thompson-rifle-m1928a1","status":"publish","type":"product","link":"https:\/\/repliquemangacine.fr\/en\/reproductions-armes-seconde-guerre-mondiale-denix\/pistolet-mitrailleur-fusil-thompson-m1928a1\/","title":{"rendered":"Thompson M1928A1 rifle"},"content":{"rendered":"<h2>Thompson M1928A1 rifle - Denix<\/h2>\n<p>To begin with, the <strong>Thompson M1928A1 rifle<\/strong>commissioned in 1921. Several variations and improvements appeared over the years, under the names M1927, M1928. Due to demand from the US Army in 1941. The M1 went into production in 1942 to meet the demands of the Second World War.<\/p>\n<p>The Thompson machine pistol was used extensively during the Second World War and the Korean War. The machined Thompson was a good-quality weapon, but expensive to produce.<\/p>\n<p>The cinema gave it a prominent place, with it appearing in Borsalino, Saving Private Ryan and Pearl Harbor, among others. Since then, it has gained in popularity among collectors due to its historical importance.<\/p>\n<h2>Your Thompson M1928A1 Rifle at the best price.<\/h2>\n<p>We offer a wide range of reproductions of historic weapons.<\/p>\n<p>First and foremost,<\/p>\n<ul>\n<li>The famous <a href=\"https:\/\/repliquemangacine.fr\/en\/darmes-reproductions\/replica-assault-rifle-ak47-gold-denix\/\">AK47 Kalachnicov<\/a> in Gold version.<\/li>\n<li>As well as the machine gun <a href=\"https:\/\/repliquemangacine.fr\/en\/world-war\/mp41-sub-machine-gun\/\">MP41 Sub Machine Gun<\/a>.<\/li>\n<li>There is also a reproduction of the machine pistol <a href=\"https:\/\/repliquemangacine.fr\/en\/darmes-reproductions\/pistolet-mitrailleur-sten-mark-ii\/\">Sten Mark 2<\/a>.<\/li>\n<li>And many more to discover in our online store!<\/li>\n<\/ul>\n<p>A great gift idea for all lovers of historic weapons.<\/p>\n<p>In conclusion, you can use this <strong>Thompson M1928A1 rifle<\/strong> Tommy Gun for your historical re-enactments. But above all, this gun is a collector's item and a decorative piece.<\/p>\n<p>R\u00e9plique Manga Cin\u00e9 is a French company, official distributor of the brand <a href=\"https:\/\/www.denix.fr\/fr\/catalogue\/guerres-mondiales-1914-1945\/mitraillettes-et-mitrailleuses\/1092\/\" target=\"_blank\" rel=\"noopener noreferrer\">Denix<\/a>.<\/p>\n<h2>How are Denix replica weapons made?<\/h2>\n<p>Used in historical re-enactments, films, TV series and by collectors. Denix gun reproductions, made from high-quality materials. Carefully crafted and assembled to create realistic collector's weapons.<\/p>\n<ul>\n<li>The metals are in a metal alloy known as Zamac, whose basic composition is zinc in 95%.<\/li>\n<li>The plastic parts of the replicas are made of molded ABS, offering high resistance.<\/li>\n<li>Wood chosen for its beauty and durability, such as mahogany, olive or walnut, will give your butts and barrels an elegant, authentic appearance.<\/li>\n<\/ul>\n<p>Please note that all Denix reproductions are identical to the originals, like your <strong>Thompson M1928A1 rifle<\/strong>.<\/p>","protected":false},"excerpt":{"rendered":"<p>Reproduction of the Thompson M1A1 machine pistol.<\/p>\n<ul>\n<li>Solid wood stock.<\/li>\n<li>Metal parts in Zamac.<\/li>\n<li>Removable charger.<\/li>\n<li>Guns and strikes, but <strong>totally unfit for shooting<\/strong>.<\/li>\n<li>Length: 86 cm - Weight: 3745 grs<\/li>\n<li>No authorization required. Free sale and possession<\/li>\n<\/ul>\n<p><iframe src=\"https:\/\/www.youtube.com\/embed\/sNlHHbaAPwg\" width=\"380\" height=\"214\" frameborder=\"0\"><\/iframe><\/p>","protected":false},"featured_media":25229,"template":"","meta":[],"product_brand":[896],"product_cat":[25,102,46,54,28,76],"product_tag":[],"class_list":{"0":"post-25228","1":"product","2":"type-product","3":"status-publish","4":"has-post-thumbnail","6":"product_brand-replique-manga-cine","7":"product_cat-armes-historiques","8":"product_cat-denix","9":"product_cat-fusil-d-assaut-fusil-moderne","10":"product_cat-armes-accessoires-guerre-mondiale","11":"product_cat-repliques-darmes","12":"product_cat-reproductions-armes-seconde-guerre-mondiale-denix","14":"first","15":"instock","16":"sale","17":"taxable","18":"shipping-taxable","19":"purchasable","20":"product-type-simple"},"yoast_head":"<!-- This site is optimized with the Yoast SEO plugin v27.5 - https:\/\/yoast.com\/product\/yoast-seo-wordpress\/ -->\n<title>Fusil Thompson M1928A1 - Vente en ligne | R\u00e9plique Manga Cin\u00e9<\/title>\n<meta name=\"description\" content=\"D\u00e9couvrez le Fusil Thompson M1928A1 au meilleur prix - Tout en Zamac et bois - M\u00e9canisme fonctionnel - Inapte au tir - Longueur : 86 cm - Poids : 3745 grs\" \/>\n<meta name=\"robots\" content=\"index, follow, max-snippet:-1, max-image-preview:large, max-video-preview:-1\" \/>\n<link rel=\"canonical\" href=\"https:\/\/repliquemangacine.fr\/en\/denix\/machine-pistol-thompson-rifle-m1928a1\/\" \/>\n<meta property=\"og:locale\" content=\"en_US\" \/>\n<meta property=\"og:type\" content=\"article\" \/>\n<meta property=\"og:title\" content=\"Fusil Thompson M1928A1 - Vente en ligne | R\u00e9plique Manga Cin\u00e9\" \/>\n<meta property=\"og:description\" content=\"D\u00e9couvrez le Fusil Thompson M1928A1 au meilleur prix - Tout en Zamac et bois - M\u00e9canisme fonctionnel - Inapte au tir - Longueur : 86 cm - Poids : 3745 grs\" \/>\n<meta property=\"og:url\" content=\"https:\/\/repliquemangacine.fr\/en\/denix\/machine-pistol-thompson-rifle-m1928a1\/\" \/>\n<meta property=\"og:site_name\" content=\"R\u00e9plique Manga Cin\u00e9\" \/>\n<meta property=\"article:publisher\" content=\"https:\/\/www.facebook.com\/RepliqueMangaCine\" \/>\n<meta property=\"article:modified_time\" content=\"2025-12-14T15:59:10+00:00\" \/>\n<meta property=\"og:image\" content=\"https:\/\/repliquemangacine.fr\/wp-content\/uploads\/2023\/10\/1093.jpg\" \/>\n\t<meta property=\"og:image:width\" content=\"800\" \/>\n\t<meta property=\"og:image:height\" content=\"800\" \/>\n\t<meta property=\"og:image:type\" content=\"image\/jpeg\" \/>\n<meta name=\"twitter:card\" content=\"summary_large_image\" \/>\n<meta name=\"twitter:label1\" content=\"Est. reading time\" \/>\n\t<meta name=\"twitter:data1\" content=\"2 minutes\" \/>\n<script type=\"application\/ld+json\" class=\"yoast-schema-graph\">{\"@context\":\"https:\\\/\\\/schema.org\",\"@graph\":[{\"@type\":\"WebPage\",\"@id\":\"https:\\\/\\\/repliquemangacine.fr\\\/denix\\\/pistolet-mitrailleur-fusil-thompson-m1928a1\\\/\",\"url\":\"https:\\\/\\\/repliquemangacine.fr\\\/denix\\\/pistolet-mitrailleur-fusil-thompson-m1928a1\\\/\",\"name\":\"Fusil Thompson M1928A1 - Vente en ligne | R\u00e9plique Manga Cin\u00e9\",\"isPartOf\":{\"@id\":\"https:\\\/\\\/repliquemangacine.fr\\\/#website\"},\"primaryImageOfPage\":{\"@id\":\"https:\\\/\\\/repliquemangacine.fr\\\/denix\\\/pistolet-mitrailleur-fusil-thompson-m1928a1\\\/#primaryimage\"},\"image\":{\"@id\":\"https:\\\/\\\/repliquemangacine.fr\\\/denix\\\/pistolet-mitrailleur-fusil-thompson-m1928a1\\\/#primaryimage\"},\"thumbnailUrl\":\"https:\\\/\\\/repliquemangacine.fr\\\/wp-content\\\/uploads\\\/2023\\\/10\\\/1093.jpg\",\"datePublished\":\"2016-08-16T14:30:55+00:00\",\"dateModified\":\"2025-12-14T15:59:10+00:00\",\"description\":\"D\u00e9couvrez le Fusil Thompson M1928A1 au meilleur prix - Tout en Zamac et bois - M\u00e9canisme fonctionnel - Inapte au tir - Longueur : 86 cm - Poids : 3745 grs\",\"breadcrumb\":{\"@id\":\"https:\\\/\\\/repliquemangacine.fr\\\/denix\\\/pistolet-mitrailleur-fusil-thompson-m1928a1\\\/#breadcrumb\"},\"inLanguage\":\"en-US\",\"potentialAction\":[{\"@type\":\"ReadAction\",\"target\":[\"https:\\\/\\\/repliquemangacine.fr\\\/denix\\\/pistolet-mitrailleur-fusil-thompson-m1928a1\\\/\"]}]},{\"@type\":\"ImageObject\",\"inLanguage\":\"en-US\",\"@id\":\"https:\\\/\\\/repliquemangacine.fr\\\/denix\\\/pistolet-mitrailleur-fusil-thompson-m1928a1\\\/#primaryimage\",\"url\":\"https:\\\/\\\/repliquemangacine.fr\\\/wp-content\\\/uploads\\\/2023\\\/10\\\/1093.jpg\",\"contentUrl\":\"https:\\\/\\\/repliquemangacine.fr\\\/wp-content\\\/uploads\\\/2023\\\/10\\\/1093.jpg\",\"width\":800,\"height\":800,\"caption\":\"Fusil Thompson M1928A1 Denix\"},{\"@type\":\"BreadcrumbList\",\"@id\":\"https:\\\/\\\/repliquemangacine.fr\\\/denix\\\/pistolet-mitrailleur-fusil-thompson-m1928a1\\\/#breadcrumb\",\"itemListElement\":[{\"@type\":\"ListItem\",\"position\":1,\"name\":\"Accueil\",\"item\":\"https:\\\/\\\/repliquemangacine.fr\\\/\"},{\"@type\":\"ListItem\",\"position\":2,\"name\":\"Produits\",\"item\":\"https:\\\/\\\/repliquemangacine.fr\\\/boutique\\\/\"},{\"@type\":\"ListItem\",\"position\":3,\"name\":\"Fusil Thompson M1928A1\"}]},{\"@type\":\"WebSite\",\"@id\":\"https:\\\/\\\/repliquemangacine.fr\\\/#website\",\"url\":\"https:\\\/\\\/repliquemangacine.fr\\\/\",\"name\":\"R\u00e9plique Manga Cin\u00e9\",\"description\":\"\",\"publisher\":{\"@id\":\"https:\\\/\\\/repliquemangacine.fr\\\/#organization\"},\"potentialAction\":[{\"@type\":\"SearchAction\",\"target\":{\"@type\":\"EntryPoint\",\"urlTemplate\":\"https:\\\/\\\/repliquemangacine.fr\\\/?s={search_term_string}\"},\"query-input\":{\"@type\":\"PropertyValueSpecification\",\"valueRequired\":true,\"valueName\":\"search_term_string\"}}],\"inLanguage\":\"en-US\"},{\"@type\":\"Organization\",\"@id\":\"https:\\\/\\\/repliquemangacine.fr\\\/#organization\",\"name\":\"R\u00e9plique Manga Cin\u00e9\",\"url\":\"https:\\\/\\\/repliquemangacine.fr\\\/\",\"logo\":{\"@type\":\"ImageObject\",\"inLanguage\":\"en-US\",\"@id\":\"https:\\\/\\\/repliquemangacine.fr\\\/#\\\/schema\\\/logo\\\/image\\\/\",\"url\":\"https:\\\/\\\/repliquemangacine.fr\\\/wp-content\\\/uploads\\\/2023\\\/10\\\/RMC-500250.png\",\"contentUrl\":\"https:\\\/\\\/repliquemangacine.fr\\\/wp-content\\\/uploads\\\/2023\\\/10\\\/RMC-500250.png\",\"width\":500,\"height\":250,\"caption\":\"R\u00e9plique Manga Cin\u00e9\"},\"image\":{\"@id\":\"https:\\\/\\\/repliquemangacine.fr\\\/#\\\/schema\\\/logo\\\/image\\\/\"},\"sameAs\":[\"https:\\\/\\\/www.facebook.com\\\/RepliqueMangaCine\",\"https:\\\/\\\/www.instagram.com\\\/repliquemangacine.fr\\\/\"]}]}<\/script>\n<!-- \/ Yoast SEO plugin. -->","yoast_head_json":{"title":"Thompson M1928A1 rifle - Online sale | R\u00e9plique Manga Cin\u00e9","description":"Discover the Thompson M1928A1 rifle at the best price - All in Zamac and wood - Functional mechanism - Unsuitable for shooting - Length: 86 cm - Weight: 3745 grs","robots":{"index":"index","follow":"follow","max-snippet":"max-snippet:-1","max-image-preview":"max-image-preview:large","max-video-preview":"max-video-preview:-1"},"canonical":"https:\/\/repliquemangacine.fr\/en\/denix\/machine-pistol-thompson-rifle-m1928a1\/","og_locale":"en_US","og_type":"article","og_title":"Fusil Thompson M1928A1 - Vente en ligne | R\u00e9plique Manga Cin\u00e9","og_description":"D\u00e9couvrez le Fusil Thompson M1928A1 au meilleur prix - Tout en Zamac et bois - M\u00e9canisme fonctionnel - Inapte au tir - Longueur : 86 cm - Poids : 3745 grs","og_url":"https:\/\/repliquemangacine.fr\/en\/denix\/machine-pistol-thompson-rifle-m1928a1\/","og_site_name":"R\u00e9plique Manga Cin\u00e9","article_publisher":"https:\/\/www.facebook.com\/RepliqueMangaCine","article_modified_time":"2025-12-14T15:59:10+00:00","og_image":[{"width":800,"height":800,"url":"https:\/\/repliquemangacine.fr\/wp-content\/uploads\/2023\/10\/1093.jpg","type":"image\/jpeg"}],"twitter_card":"summary_large_image","twitter_misc":{"Est. reading time":"2 minutes"},"schema":{"@context":"https:\/\/schema.org","@graph":[{"@type":"WebPage","@id":"https:\/\/repliquemangacine.fr\/denix\/pistolet-mitrailleur-fusil-thompson-m1928a1\/","url":"https:\/\/repliquemangacine.fr\/denix\/pistolet-mitrailleur-fusil-thompson-m1928a1\/","name":"Thompson M1928A1 rifle - Online sale | R\u00e9plique Manga Cin\u00e9","isPartOf":{"@id":"https:\/\/repliquemangacine.fr\/#website"},"primaryImageOfPage":{"@id":"https:\/\/repliquemangacine.fr\/denix\/pistolet-mitrailleur-fusil-thompson-m1928a1\/#primaryimage"},"image":{"@id":"https:\/\/repliquemangacine.fr\/denix\/pistolet-mitrailleur-fusil-thompson-m1928a1\/#primaryimage"},"thumbnailUrl":"https:\/\/repliquemangacine.fr\/wp-content\/uploads\/2023\/10\/1093.jpg","datePublished":"2016-08-16T14:30:55+00:00","dateModified":"2025-12-14T15:59:10+00:00","description":"Discover the Thompson M1928A1 rifle at the best price - All in Zamac and wood - Functional mechanism - Unsuitable for shooting - Length: 86 cm - Weight: 3745 grs","breadcrumb":{"@id":"https:\/\/repliquemangacine.fr\/denix\/pistolet-mitrailleur-fusil-thompson-m1928a1\/#breadcrumb"},"inLanguage":"en-US","potentialAction":[{"@type":"ReadAction","target":["https:\/\/repliquemangacine.fr\/denix\/pistolet-mitrailleur-fusil-thompson-m1928a1\/"]}]},{"@type":"ImageObject","inLanguage":"en-US","@id":"https:\/\/repliquemangacine.fr\/denix\/pistolet-mitrailleur-fusil-thompson-m1928a1\/#primaryimage","url":"https:\/\/repliquemangacine.fr\/wp-content\/uploads\/2023\/10\/1093.jpg","contentUrl":"https:\/\/repliquemangacine.fr\/wp-content\/uploads\/2023\/10\/1093.jpg","width":800,"height":800,"caption":"Fusil Thompson M1928A1 Denix"},{"@type":"BreadcrumbList","@id":"https:\/\/repliquemangacine.fr\/denix\/pistolet-mitrailleur-fusil-thompson-m1928a1\/#breadcrumb","itemListElement":[{"@type":"ListItem","position":1,"name":"Accueil","item":"https:\/\/repliquemangacine.fr\/"},{"@type":"ListItem","position":2,"name":"Produits","item":"https:\/\/repliquemangacine.fr\/boutique\/"},{"@type":"ListItem","position":3,"name":"Fusil Thompson M1928A1"}]},{"@type":"WebSite","@id":"https:\/\/repliquemangacine.fr\/#website","url":"https:\/\/repliquemangacine.fr\/","name":"R\u00e9plique Manga Cin\u00e9","description":"","publisher":{"@id":"https:\/\/repliquemangacine.fr\/#organization"},"potentialAction":[{"@type":"SearchAction","target":{"@type":"EntryPoint","urlTemplate":"https:\/\/repliquemangacine.fr\/?s={search_term_string}"},"query-input":{"@type":"PropertyValueSpecification","valueRequired":true,"valueName":"search_term_string"}}],"inLanguage":"en-US"},{"@type":"Organization","@id":"https:\/\/repliquemangacine.fr\/#organization","name":"R\u00e9plique Manga Cin\u00e9","url":"https:\/\/repliquemangacine.fr\/","logo":{"@type":"ImageObject","inLanguage":"en-US","@id":"https:\/\/repliquemangacine.fr\/#\/schema\/logo\/image\/","url":"https:\/\/repliquemangacine.fr\/wp-content\/uploads\/2023\/10\/RMC-500250.png","contentUrl":"https:\/\/repliquemangacine.fr\/wp-content\/uploads\/2023\/10\/RMC-500250.png","width":500,"height":250,"caption":"R\u00e9plique Manga Cin\u00e9"},"image":{"@id":"https:\/\/repliquemangacine.fr\/#\/schema\/logo\/image\/"},"sameAs":["https:\/\/www.facebook.com\/RepliqueMangaCine","https:\/\/www.instagram.com\/repliquemangacine.fr\/"]}]}},"_links":{"self":[{"href":"https:\/\/repliquemangacine.fr\/en\/wp-json\/wp\/v2\/product\/25228","targetHints":{"allow":["GET"]}}],"collection":[{"href":"https:\/\/repliquemangacine.fr\/en\/wp-json\/wp\/v2\/product"}],"about":[{"href":"https:\/\/repliquemangacine.fr\/en\/wp-json\/wp\/v2\/types\/product"}],"wp:featuredmedia":[{"embeddable":true,"href":"https:\/\/repliquemangacine.fr\/en\/wp-json\/wp\/v2\/media\/25229"}],"wp:attachment":[{"href":"https:\/\/repliquemangacine.fr\/en\/wp-json\/wp\/v2\/media?parent=25228"}],"wp:term":[{"taxonomy":"product_brand","embeddable":true,"href":"https:\/\/repliquemangacine.fr\/en\/wp-json\/wp\/v2\/product_brand?post=25228"},{"taxonomy":"product_cat","embeddable":true,"href":"https:\/\/repliquemangacine.fr\/en\/wp-json\/wp\/v2\/product_cat?post=25228"},{"taxonomy":"product_tag","embeddable":true,"href":"https:\/\/repliquemangacine.fr\/en\/wp-json\/wp\/v2\/product_tag?post=25228"}],"curies":[{"name":"wp","href":"https:\/\/api.w.org\/{rel}","templated":true}]}}