





{"id":25180,"date":"2016-08-13T15:56:03","date_gmt":"2016-08-13T13:56:03","guid":{"rendered":"https:\/\/repliquemangacine.fr\/?post_type=product&#038;p=25180"},"modified":"2026-02-06T15:28:47","modified_gmt":"2026-02-06T14:28:47","slug":"lee-enfield-smle-mark-iii-english-rifle","status":"publish","type":"product","link":"https:\/\/repliquemangacine.fr\/en\/reproductions-armes-seconde-guerre-mondiale-denix\/lee-enfield-smle-mark-iii-fusil-anglais\/","title":{"rendered":"Lee-Enfield SMLE Mark III rifle"},"content":{"rendered":"<h2>Lee-Enfield SMLE Mark III rifle - Denix<\/h2>\n<p>To begin with, the <strong>Lee-Enfield SMLE Mark III rifle<\/strong> is the main weapon of the British military. The military forces of Canada, India, South Africa and many others have also used the Lee Enfield rifle.<\/p>\n<p>The SMLE Mk III (renamed Rifle No. 1 Mk III in 1926) was widely used throughout the Second World War, particularly in the North African, Italian, Pacific and Burmese theaters, in the hands of British and Commonwealth forces.<\/p>\n<p>Australia and India manufactured and used the SMLE Mk III as a regulation weapon for their armed forces throughout the conflict, and the rifle remained the Australian Army's standard issue weapon during the Korean War.<\/p>\n<h2>Your Lee-Enfield SMLE Mark III rifle at the best price.<\/h2>\n<p>We offer you a wide choice of Denix reproductions of historical weapons.<\/p>\n<p>First and foremost,<\/p>\n<ul>\n<li>Holster replica<a href=\"https:\/\/repliquemangacine.fr\/en\/holster-accessories\/m7-shoulder-holster\/\"> M7 shoulder strap<\/a> US ARMY for Colt M1911A1 cal. 45.<\/li>\n<li>The identical reproduction of the <a href=\"https:\/\/repliquemangacine.fr\/en\/darmes-reproductions\/automatic-gun-m1911a1-dismountable\/\">M1911A1 Automatic Gun<\/a><\/li>\n<li>The reproduction of <a href=\"https:\/\/repliquemangacine.fr\/en\/darmes-reproductions\/pistolet-mitrailleur-m3-grease-gun-usa-1942\/\">M3 Grease Gun machine gun<\/a>.<\/li>\n<li>And many more to discover in our online store!<\/li>\n<\/ul>\n<p>That's why we've come up with some great gift ideas for all history buffs, and especially for those who don't want to forget our heroes.<\/p>\n<p>In conclusion, you can use the <strong>Lee-Enfield SMLE Mark III rifle<\/strong> Denix for your historical re-enactments. But above all, this reproduction is a collector's item.<\/p>\n<p>R\u00e9plique Manga Cin\u00e9 is a French family business and official distributor of the brand <a href=\"https:\/\/www.denix.fr\/fr\/catalogue\/guerres-mondiales-1914-1945\/carabines-carabines-et-fusils\/1090\/\" target=\"_blank\" rel=\"noopener noreferrer\">Denix<\/a>.<\/p>\n<h2>How are Denix replica weapons made?<\/h2>\n<p>Used in historical re-enactments, films, TV series and by collectors. Denix gun reproductions, made from high-quality materials. Carefully crafted and assembled to create realistic collector's weapons.<\/p>\n<ul>\n<li>The metals are in a metal alloy known as Zamac, whose basic composition is zinc in 95%.<\/li>\n<li>The plastic parts of the replicas are made of molded ABS, offering high resistance.<\/li>\n<li>Wood chosen for its beauty and durability, such as mahogany, olive or walnut, will give your butts and barrels an elegant, authentic appearance.<\/li>\n<\/ul>\n<p>Please note that all Denix reproductions are identical to the originals, like your <strong>Lee-Enfield SMLE Mark III rifle<\/strong>.<\/p>","protected":false},"excerpt":{"rendered":"<p>Strictly identical to the original, this reproduction of the Lee Enfield rifle.<\/p>\n<ul>\n<li>Solid wood stock and barrel.<\/li>\n<li>Metal parts are made of Zamac.<\/li>\n<li>Guns and hits, but totally unfit to shoot.<\/li>\n<li>Length : 113 cm - Weight : 3335 grs<\/li>\n<li>No authorization required. Free sale and possession<\/li>\n<\/ul>\n<p><iframe title=\"YouTube video player\" src=\"https:\/\/www.youtube.com\/embed\/o5wGfMVM_WU\" width=\"560\" height=\"315\" frameborder=\"0\" allowfullscreen=\"allowfullscreen\"><\/iframe><\/p>","protected":false},"featured_media":25181,"template":"","meta":[],"product_brand":[896],"product_cat":[25,46,54,28,76],"product_tag":[],"class_list":{"0":"post-25180","1":"product","2":"type-product","3":"status-publish","4":"has-post-thumbnail","6":"product_brand-replique-manga-cine","7":"product_cat-armes-historiques","8":"product_cat-fusil-d-assaut-fusil-moderne","9":"product_cat-armes-accessoires-guerre-mondiale","10":"product_cat-repliques-darmes","11":"product_cat-reproductions-armes-seconde-guerre-mondiale-denix","13":"first","14":"instock","15":"taxable","16":"shipping-taxable","17":"purchasable","18":"product-type-simple"},"yoast_head":"<!-- This site is optimized with the Yoast SEO plugin v27.5 - https:\/\/yoast.com\/product\/yoast-seo-wordpress\/ -->\n<title>Fusil Lee-Enfield SMLE Mark III - Denix | R\u00e9plique Manga Cin\u00e9<\/title>\n<meta name=\"description\" content=\"D\u00e9couvrez le fusil Lee-Enfield SMLE\u00a0Mark III au meilleur prix - Tout en bois massif et zamac - M\u00e9canisme fonctionnel - Inapte aux tirs - Longueur : 113 cm\" \/>\n<meta name=\"robots\" content=\"index, follow, max-snippet:-1, max-image-preview:large, max-video-preview:-1\" \/>\n<link rel=\"canonical\" href=\"https:\/\/repliquemangacine.fr\/en\/reproductions-weapons-second-world-war-denix\/lee-enfield-smle-mark-iii-english-rifle\/\" \/>\n<meta property=\"og:locale\" content=\"en_US\" \/>\n<meta property=\"og:type\" content=\"article\" \/>\n<meta property=\"og:title\" content=\"Fusil Lee-Enfield SMLE Mark III - Denix | R\u00e9plique Manga Cin\u00e9\" \/>\n<meta property=\"og:description\" content=\"D\u00e9couvrez le fusil Lee-Enfield SMLE\u00a0Mark III au meilleur prix - Tout en bois massif et zamac - M\u00e9canisme fonctionnel - Inapte aux tirs - Longueur : 113 cm\" \/>\n<meta property=\"og:url\" content=\"https:\/\/repliquemangacine.fr\/en\/reproductions-weapons-second-world-war-denix\/lee-enfield-smle-mark-iii-english-rifle\/\" \/>\n<meta property=\"og:site_name\" content=\"R\u00e9plique Manga Cin\u00e9\" \/>\n<meta property=\"article:publisher\" content=\"https:\/\/www.facebook.com\/RepliqueMangaCine\" \/>\n<meta property=\"article:modified_time\" content=\"2026-02-06T14:28:47+00:00\" \/>\n<meta property=\"og:image\" content=\"https:\/\/repliquemangacine.fr\/wp-content\/uploads\/2023\/10\/1418-replique-Fusil-Lee-Enfield-SMLE.jpg\" \/>\n\t<meta property=\"og:image:width\" content=\"800\" \/>\n\t<meta property=\"og:image:height\" content=\"800\" \/>\n\t<meta property=\"og:image:type\" content=\"image\/jpeg\" \/>\n<meta name=\"twitter:card\" content=\"summary_large_image\" \/>\n<meta name=\"twitter:label1\" content=\"Est. reading time\" \/>\n\t<meta name=\"twitter:data1\" content=\"2 minutes\" \/>\n<script type=\"application\/ld+json\" class=\"yoast-schema-graph\">{\"@context\":\"https:\\\/\\\/schema.org\",\"@graph\":[{\"@type\":\"WebPage\",\"@id\":\"https:\\\/\\\/repliquemangacine.fr\\\/reproductions-armes-seconde-guerre-mondiale-denix\\\/lee-enfield-smle-mark-iii-fusil-anglais\\\/\",\"url\":\"https:\\\/\\\/repliquemangacine.fr\\\/reproductions-armes-seconde-guerre-mondiale-denix\\\/lee-enfield-smle-mark-iii-fusil-anglais\\\/\",\"name\":\"Fusil Lee-Enfield SMLE Mark III - Denix | R\u00e9plique Manga Cin\u00e9\",\"isPartOf\":{\"@id\":\"https:\\\/\\\/repliquemangacine.fr\\\/#website\"},\"primaryImageOfPage\":{\"@id\":\"https:\\\/\\\/repliquemangacine.fr\\\/reproductions-armes-seconde-guerre-mondiale-denix\\\/lee-enfield-smle-mark-iii-fusil-anglais\\\/#primaryimage\"},\"image\":{\"@id\":\"https:\\\/\\\/repliquemangacine.fr\\\/reproductions-armes-seconde-guerre-mondiale-denix\\\/lee-enfield-smle-mark-iii-fusil-anglais\\\/#primaryimage\"},\"thumbnailUrl\":\"https:\\\/\\\/repliquemangacine.fr\\\/wp-content\\\/uploads\\\/2023\\\/10\\\/1418-replique-Fusil-Lee-Enfield-SMLE.jpg\",\"datePublished\":\"2016-08-13T13:56:03+00:00\",\"dateModified\":\"2026-02-06T14:28:47+00:00\",\"description\":\"D\u00e9couvrez le fusil Lee-Enfield SMLE\u00a0Mark III au meilleur prix - Tout en bois massif et zamac - M\u00e9canisme fonctionnel - Inapte aux tirs - Longueur : 113 cm\",\"breadcrumb\":{\"@id\":\"https:\\\/\\\/repliquemangacine.fr\\\/reproductions-armes-seconde-guerre-mondiale-denix\\\/lee-enfield-smle-mark-iii-fusil-anglais\\\/#breadcrumb\"},\"inLanguage\":\"en-US\",\"potentialAction\":[{\"@type\":\"ReadAction\",\"target\":[\"https:\\\/\\\/repliquemangacine.fr\\\/reproductions-armes-seconde-guerre-mondiale-denix\\\/lee-enfield-smle-mark-iii-fusil-anglais\\\/\"]}]},{\"@type\":\"ImageObject\",\"inLanguage\":\"en-US\",\"@id\":\"https:\\\/\\\/repliquemangacine.fr\\\/reproductions-armes-seconde-guerre-mondiale-denix\\\/lee-enfield-smle-mark-iii-fusil-anglais\\\/#primaryimage\",\"url\":\"https:\\\/\\\/repliquemangacine.fr\\\/wp-content\\\/uploads\\\/2023\\\/10\\\/1418-replique-Fusil-Lee-Enfield-SMLE.jpg\",\"contentUrl\":\"https:\\\/\\\/repliquemangacine.fr\\\/wp-content\\\/uploads\\\/2023\\\/10\\\/1418-replique-Fusil-Lee-Enfield-SMLE.jpg\",\"width\":800,\"height\":800,\"caption\":\"Fusil Lee-Enfield SMLE\u00a0Mark III\"},{\"@type\":\"BreadcrumbList\",\"@id\":\"https:\\\/\\\/repliquemangacine.fr\\\/reproductions-armes-seconde-guerre-mondiale-denix\\\/lee-enfield-smle-mark-iii-fusil-anglais\\\/#breadcrumb\",\"itemListElement\":[{\"@type\":\"ListItem\",\"position\":1,\"name\":\"Accueil\",\"item\":\"https:\\\/\\\/repliquemangacine.fr\\\/\"},{\"@type\":\"ListItem\",\"position\":2,\"name\":\"Produits\",\"item\":\"https:\\\/\\\/repliquemangacine.fr\\\/boutique\\\/\"},{\"@type\":\"ListItem\",\"position\":3,\"name\":\"Fusil Lee-Enfield SMLE\u00a0Mark III\"}]},{\"@type\":\"WebSite\",\"@id\":\"https:\\\/\\\/repliquemangacine.fr\\\/#website\",\"url\":\"https:\\\/\\\/repliquemangacine.fr\\\/\",\"name\":\"R\u00e9plique Manga Cin\u00e9\",\"description\":\"\",\"publisher\":{\"@id\":\"https:\\\/\\\/repliquemangacine.fr\\\/#organization\"},\"potentialAction\":[{\"@type\":\"SearchAction\",\"target\":{\"@type\":\"EntryPoint\",\"urlTemplate\":\"https:\\\/\\\/repliquemangacine.fr\\\/?s={search_term_string}\"},\"query-input\":{\"@type\":\"PropertyValueSpecification\",\"valueRequired\":true,\"valueName\":\"search_term_string\"}}],\"inLanguage\":\"en-US\"},{\"@type\":\"Organization\",\"@id\":\"https:\\\/\\\/repliquemangacine.fr\\\/#organization\",\"name\":\"R\u00e9plique Manga Cin\u00e9\",\"url\":\"https:\\\/\\\/repliquemangacine.fr\\\/\",\"logo\":{\"@type\":\"ImageObject\",\"inLanguage\":\"en-US\",\"@id\":\"https:\\\/\\\/repliquemangacine.fr\\\/#\\\/schema\\\/logo\\\/image\\\/\",\"url\":\"https:\\\/\\\/repliquemangacine.fr\\\/wp-content\\\/uploads\\\/2023\\\/10\\\/RMC-500250.png\",\"contentUrl\":\"https:\\\/\\\/repliquemangacine.fr\\\/wp-content\\\/uploads\\\/2023\\\/10\\\/RMC-500250.png\",\"width\":500,\"height\":250,\"caption\":\"R\u00e9plique Manga Cin\u00e9\"},\"image\":{\"@id\":\"https:\\\/\\\/repliquemangacine.fr\\\/#\\\/schema\\\/logo\\\/image\\\/\"},\"sameAs\":[\"https:\\\/\\\/www.facebook.com\\\/RepliqueMangaCine\",\"https:\\\/\\\/www.instagram.com\\\/repliquemangacine.fr\\\/\"]}]}<\/script>\n<!-- \/ Yoast SEO plugin. -->","yoast_head_json":{"title":"Lee-Enfield SMLE Mark III rifle - Denix | R\u00e9plique Manga Cin\u00e9","description":"Discover the Lee-Enfield SMLE Mark III rifle at the best price - All solid wood and zamac - Functional mechanism - Unsuitable for shooting - Length: 113 cm","robots":{"index":"index","follow":"follow","max-snippet":"max-snippet:-1","max-image-preview":"max-image-preview:large","max-video-preview":"max-video-preview:-1"},"canonical":"https:\/\/repliquemangacine.fr\/en\/reproductions-weapons-second-world-war-denix\/lee-enfield-smle-mark-iii-english-rifle\/","og_locale":"en_US","og_type":"article","og_title":"Fusil Lee-Enfield SMLE Mark III - Denix | R\u00e9plique Manga Cin\u00e9","og_description":"D\u00e9couvrez le fusil Lee-Enfield SMLE\u00a0Mark III au meilleur prix - Tout en bois massif et zamac - M\u00e9canisme fonctionnel - Inapte aux tirs - Longueur : 113 cm","og_url":"https:\/\/repliquemangacine.fr\/en\/reproductions-weapons-second-world-war-denix\/lee-enfield-smle-mark-iii-english-rifle\/","og_site_name":"R\u00e9plique Manga Cin\u00e9","article_publisher":"https:\/\/www.facebook.com\/RepliqueMangaCine","article_modified_time":"2026-02-06T14:28:47+00:00","og_image":[{"width":800,"height":800,"url":"https:\/\/repliquemangacine.fr\/wp-content\/uploads\/2023\/10\/1418-replique-Fusil-Lee-Enfield-SMLE.jpg","type":"image\/jpeg"}],"twitter_card":"summary_large_image","twitter_misc":{"Est. reading time":"2 minutes"},"schema":{"@context":"https:\/\/schema.org","@graph":[{"@type":"WebPage","@id":"https:\/\/repliquemangacine.fr\/reproductions-armes-seconde-guerre-mondiale-denix\/lee-enfield-smle-mark-iii-fusil-anglais\/","url":"https:\/\/repliquemangacine.fr\/reproductions-armes-seconde-guerre-mondiale-denix\/lee-enfield-smle-mark-iii-fusil-anglais\/","name":"Lee-Enfield SMLE Mark III rifle - Denix | R\u00e9plique Manga Cin\u00e9","isPartOf":{"@id":"https:\/\/repliquemangacine.fr\/#website"},"primaryImageOfPage":{"@id":"https:\/\/repliquemangacine.fr\/reproductions-armes-seconde-guerre-mondiale-denix\/lee-enfield-smle-mark-iii-fusil-anglais\/#primaryimage"},"image":{"@id":"https:\/\/repliquemangacine.fr\/reproductions-armes-seconde-guerre-mondiale-denix\/lee-enfield-smle-mark-iii-fusil-anglais\/#primaryimage"},"thumbnailUrl":"https:\/\/repliquemangacine.fr\/wp-content\/uploads\/2023\/10\/1418-replique-Fusil-Lee-Enfield-SMLE.jpg","datePublished":"2016-08-13T13:56:03+00:00","dateModified":"2026-02-06T14:28:47+00:00","description":"Discover the Lee-Enfield SMLE Mark III rifle at the best price - All solid wood and zamac - Functional mechanism - Unsuitable for shooting - Length: 113 cm","breadcrumb":{"@id":"https:\/\/repliquemangacine.fr\/reproductions-armes-seconde-guerre-mondiale-denix\/lee-enfield-smle-mark-iii-fusil-anglais\/#breadcrumb"},"inLanguage":"en-US","potentialAction":[{"@type":"ReadAction","target":["https:\/\/repliquemangacine.fr\/reproductions-armes-seconde-guerre-mondiale-denix\/lee-enfield-smle-mark-iii-fusil-anglais\/"]}]},{"@type":"ImageObject","inLanguage":"en-US","@id":"https:\/\/repliquemangacine.fr\/reproductions-armes-seconde-guerre-mondiale-denix\/lee-enfield-smle-mark-iii-fusil-anglais\/#primaryimage","url":"https:\/\/repliquemangacine.fr\/wp-content\/uploads\/2023\/10\/1418-replique-Fusil-Lee-Enfield-SMLE.jpg","contentUrl":"https:\/\/repliquemangacine.fr\/wp-content\/uploads\/2023\/10\/1418-replique-Fusil-Lee-Enfield-SMLE.jpg","width":800,"height":800,"caption":"Fusil Lee-Enfield SMLE\u00a0Mark III"},{"@type":"BreadcrumbList","@id":"https:\/\/repliquemangacine.fr\/reproductions-armes-seconde-guerre-mondiale-denix\/lee-enfield-smle-mark-iii-fusil-anglais\/#breadcrumb","itemListElement":[{"@type":"ListItem","position":1,"name":"Accueil","item":"https:\/\/repliquemangacine.fr\/"},{"@type":"ListItem","position":2,"name":"Produits","item":"https:\/\/repliquemangacine.fr\/boutique\/"},{"@type":"ListItem","position":3,"name":"Fusil Lee-Enfield SMLE\u00a0Mark III"}]},{"@type":"WebSite","@id":"https:\/\/repliquemangacine.fr\/#website","url":"https:\/\/repliquemangacine.fr\/","name":"R\u00e9plique Manga Cin\u00e9","description":"","publisher":{"@id":"https:\/\/repliquemangacine.fr\/#organization"},"potentialAction":[{"@type":"SearchAction","target":{"@type":"EntryPoint","urlTemplate":"https:\/\/repliquemangacine.fr\/?s={search_term_string}"},"query-input":{"@type":"PropertyValueSpecification","valueRequired":true,"valueName":"search_term_string"}}],"inLanguage":"en-US"},{"@type":"Organization","@id":"https:\/\/repliquemangacine.fr\/#organization","name":"R\u00e9plique Manga Cin\u00e9","url":"https:\/\/repliquemangacine.fr\/","logo":{"@type":"ImageObject","inLanguage":"en-US","@id":"https:\/\/repliquemangacine.fr\/#\/schema\/logo\/image\/","url":"https:\/\/repliquemangacine.fr\/wp-content\/uploads\/2023\/10\/RMC-500250.png","contentUrl":"https:\/\/repliquemangacine.fr\/wp-content\/uploads\/2023\/10\/RMC-500250.png","width":500,"height":250,"caption":"R\u00e9plique Manga Cin\u00e9"},"image":{"@id":"https:\/\/repliquemangacine.fr\/#\/schema\/logo\/image\/"},"sameAs":["https:\/\/www.facebook.com\/RepliqueMangaCine","https:\/\/www.instagram.com\/repliquemangacine.fr\/"]}]}},"_links":{"self":[{"href":"https:\/\/repliquemangacine.fr\/en\/wp-json\/wp\/v2\/product\/25180","targetHints":{"allow":["GET"]}}],"collection":[{"href":"https:\/\/repliquemangacine.fr\/en\/wp-json\/wp\/v2\/product"}],"about":[{"href":"https:\/\/repliquemangacine.fr\/en\/wp-json\/wp\/v2\/types\/product"}],"wp:featuredmedia":[{"embeddable":true,"href":"https:\/\/repliquemangacine.fr\/en\/wp-json\/wp\/v2\/media\/25181"}],"wp:attachment":[{"href":"https:\/\/repliquemangacine.fr\/en\/wp-json\/wp\/v2\/media?parent=25180"}],"wp:term":[{"taxonomy":"product_brand","embeddable":true,"href":"https:\/\/repliquemangacine.fr\/en\/wp-json\/wp\/v2\/product_brand?post=25180"},{"taxonomy":"product_cat","embeddable":true,"href":"https:\/\/repliquemangacine.fr\/en\/wp-json\/wp\/v2\/product_cat?post=25180"},{"taxonomy":"product_tag","embeddable":true,"href":"https:\/\/repliquemangacine.fr\/en\/wp-json\/wp\/v2\/product_tag?post=25180"}],"curies":[{"name":"wp","href":"https:\/\/api.w.org\/{rel}","templated":true}]}}