





{"id":70882,"date":"2024-04-03T14:27:12","date_gmt":"2024-04-03T12:27:12","guid":{"rendered":"https:\/\/repliquemangacine.fr\/?page_id=70882"},"modified":"2025-04-16T13:31:52","modified_gmt":"2025-04-16T11:31:52","slug":"legal-notice","status":"publish","type":"page","link":"https:\/\/repliquemangacine.fr\/en\/mentions-legales\/","title":{"rendered":"Terms of use"},"content":{"rendered":"<div data-elementor-type=\"wp-page\" data-elementor-id=\"70882\" class=\"elementor elementor-70882\" data-elementor-post-type=\"page\">\n\t\t\t\t\t\t<section class=\"elementor-section elementor-top-section elementor-element elementor-element-c904b80 elementor-section-boxed elementor-section-height-default elementor-section-height-default\" data-id=\"c904b80\" data-element_type=\"section\" data-e-type=\"section\">\n\t\t\t\t\t\t<div class=\"elementor-container elementor-column-gap-default\">\n\t\t\t\t\t<div class=\"elementor-column elementor-col-100 elementor-top-column elementor-element elementor-element-8ff2a84\" data-id=\"8ff2a84\" data-element_type=\"column\" data-e-type=\"column\">\n\t\t\t<div class=\"elementor-widget-wrap elementor-element-populated\">\n\t\t\t\t\t\t<div class=\"elementor-element elementor-element-9b09417 elementor-widget elementor-widget-heading\" data-id=\"9b09417\" data-element_type=\"widget\" data-e-type=\"widget\" data-widget_type=\"heading.default\">\n\t\t\t\t<div class=\"elementor-widget-container\">\n\t\t\t\t\t<h2 class=\"elementor-heading-title elementor-size-default\">LEGAL NOTICE<\/h2>\t\t\t\t<\/div>\n\t\t\t\t<\/div>\n\t\t\t\t<div class=\"elementor-element elementor-element-c29f241 elementor-widget elementor-widget-text-editor\" data-id=\"c29f241\" data-element_type=\"widget\" data-e-type=\"widget\" data-widget_type=\"text-editor.default\">\n\t\t\t\t<div class=\"elementor-widget-container\">\n\t\t\t\t\t\t\t\t\t<h3><span style=\"text-decoration: underline;\">PUBLISHER<\/span><\/h3><p>To begin with, here is the Legal Notice of<strong> R\u00e9plique Manga Cin\u00e9,<\/strong> published by the company <strong>EI Muriel Coquizart<\/strong>registered in Evreux under N\u00b0 siret: <strong>325 371 441 00057 <\/strong>headquartered at 46 rue des Ifs - 27160 Breteuil, France<\/p><p><strong>Warehouse<\/strong> 46 rue des Ifs, Breteuil 27160.<\/p><p><strong>TEL<\/strong> : 02.27.34.24.06<\/p><p><strong>CONTACT<\/strong> : savrepliquemangacine@gmail.com<\/p><p>R\u00e9plique Manga Cin\u00e9 (RMC) is a sole proprietorship with VAT number : <strong>FR37325371441.<\/strong><\/p><p>Head of publication : <strong>Muriel Coquizart<\/strong><\/p><h3><span style=\"text-decoration: underline;\">WEBMASTER<\/span><\/h3><p>RMC, created by <strong>Woocommerce,<\/strong> powered by <strong>Profiescient<\/strong>. The site host is <strong>Hostinger France<\/strong> located at 143 Rue Emile Julien, 34070 Montpellier, France. Whose registered office is located at HOSTINGER INTERNATIONAL LTD, 61 Lordou Vironos Street, 6023 Larnaca, Cyprus.<\/p>\t\t\t\t\t\t\t\t<\/div>\n\t\t\t\t<\/div>\n\t\t\t\t\t<\/div>\n\t\t<\/div>\n\t\t\t\t\t<\/div>\n\t\t<\/section>\n\t\t\t\t<section class=\"elementor-section elementor-top-section elementor-element elementor-element-f87bbce elementor-section-boxed elementor-section-height-default elementor-section-height-default\" data-id=\"f87bbce\" data-element_type=\"section\" data-e-type=\"section\">\n\t\t\t\t\t\t<div class=\"elementor-container elementor-column-gap-default\">\n\t\t\t\t\t<div class=\"elementor-column elementor-col-100 elementor-top-column elementor-element elementor-element-d0d895f\" data-id=\"d0d895f\" data-element_type=\"column\" data-e-type=\"column\">\n\t\t\t<div class=\"elementor-widget-wrap elementor-element-populated\">\n\t\t\t\t\t\t<div class=\"elementor-element elementor-element-9e4267a elementor-widget elementor-widget-heading\" data-id=\"9e4267a\" data-element_type=\"widget\" data-e-type=\"widget\" data-widget_type=\"heading.default\">\n\t\t\t\t<div class=\"elementor-widget-container\">\n\t\t\t\t\t<h2 class=\"elementor-heading-title elementor-size-default\">Legal notice \/ Privacy policy<\/h2>\t\t\t\t<\/div>\n\t\t\t\t<\/div>\n\t\t\t\t<div class=\"elementor-element elementor-element-90728a4 elementor-widget elementor-widget-text-editor\" data-id=\"90728a4\" data-element_type=\"widget\" data-e-type=\"widget\" data-widget_type=\"text-editor.default\">\n\t\t\t\t<div class=\"elementor-widget-container\">\n\t\t\t\t\t\t\t\t\t<p>R\u00e9plique Manga Cin\u00e9 complies strictly with the French Data Protection Act 78-17 of January 6, 1978. As well as the deontological principles which result from it as for the personal information which you can be brought to communicate to us within the framework of an order placed on our Internet site.<\/p><p><strong>Right of access and rectification of transmitted data<\/strong><\/p><p>As stipulated in article 34 of the French Data Protection Act of January 6, 1978. You have the right to access, modify, rectify and delete data concerning you. You can exercise this right by contacting us by registered letter with acknowledgement of receipt, at the following address:  EI Coquizart RMC- 46 rue des Ifs - 27160 Breteuil sur Iton.<\/p><p><strong>Using e-mail<\/strong><\/p><p>When you place an order on our site, you give us your e-mail address, which we use to track your order. This information is also used to send you our product newsletters. If you no longer wish to receive information from R\u00e9plique Manga Cin\u00e9. We always give you the option of unsubscribing from this mailing list by return e-mail or by clicking on the link in the e-mail.<\/p><p><strong>Cookie policy<\/strong><\/p><p>Certain cookies ensure that certain parts of the website function correctly and that your preferences as a user are taken into account. By setting functional cookies, we make it easier for you to visit our website. For example, you don't have to enter the same information again and again when you visit our website, and items remain in your shopping cart until you pay. For more information on cookies : <a href=\"https:\/\/repliquemangacine.fr\/en\/cookies-policy-eu\/\">Cookie policy<\/a>.<\/p>\t\t\t\t\t\t\t\t<\/div>\n\t\t\t\t<\/div>\n\t\t\t\t\t<\/div>\n\t\t<\/div>\n\t\t\t\t\t<\/div>\n\t\t<\/section>\n\t\t\t\t<\/div>","protected":false},"excerpt":{"rendered":"<p>MENTIONS LEGALES EDITEUR Pour commencer, voici les Mentions l\u00e9gales de R\u00e9plique Manga Cin\u00e9, publi\u00e9 par l&#8217;entreprise EI Muriel Coquizart, immatricul\u00e9e \u00e0 Evreux sous le N\u00b0 siret: 325 371 441 00057 dont le si\u00e8ge social se trouve 46 rue des Ifs &#8211; 27160 Breteuil Entrep\u00f4t : 46 rue des Ifs \u00e0 Breteuil 27160. TEL : 02.27.34.24.06 [&hellip;]<\/p>\n","protected":false},"author":7689,"featured_media":0,"parent":0,"menu_order":0,"comment_status":"closed","ping_status":"closed","template":"","meta":{"footnotes":""},"class_list":["post-70882","page","type-page","status-publish","hentry"],"yoast_head":"<!-- This site is optimized with the Yoast SEO plugin v27.5 - https:\/\/yoast.com\/product\/yoast-seo-wordpress\/ -->\n<title>Mentions l\u00e9gales - R\u00e9plique Manga Cin\u00e9<\/title>\n<meta name=\"description\" content=\"D\u00e9couvrez nos Mentions l\u00e9gales qui vous donneront toutes les informations que vous recherch\u00e9s. Identification, h\u00e9bergeur....\" \/>\n<meta name=\"robots\" content=\"index, follow, max-snippet:-1, max-image-preview:large, max-video-preview:-1\" \/>\n<link rel=\"canonical\" href=\"https:\/\/repliquemangacine.fr\/en\/legal-notice\/\" \/>\n<meta property=\"og:locale\" content=\"en_US\" \/>\n<meta property=\"og:type\" content=\"article\" \/>\n<meta property=\"og:title\" content=\"Mentions l\u00e9gales - R\u00e9plique Manga Cin\u00e9\" \/>\n<meta property=\"og:description\" content=\"D\u00e9couvrez nos Mentions l\u00e9gales qui vous donneront toutes les informations que vous recherch\u00e9s. Identification, h\u00e9bergeur....\" \/>\n<meta property=\"og:url\" content=\"https:\/\/repliquemangacine.fr\/en\/legal-notice\/\" \/>\n<meta property=\"og:site_name\" content=\"R\u00e9plique Manga Cin\u00e9\" \/>\n<meta property=\"article:publisher\" content=\"https:\/\/www.facebook.com\/RepliqueMangaCine\" \/>\n<meta property=\"article:modified_time\" content=\"2025-04-16T11:31:52+00:00\" \/>\n<meta property=\"og:image\" content=\"https:\/\/repliquemangacine.fr\/wp-content\/uploads\/2023\/10\/RMC-500250.png\" \/>\n\t<meta property=\"og:image:width\" content=\"500\" \/>\n\t<meta property=\"og:image:height\" content=\"250\" \/>\n\t<meta property=\"og:image:type\" content=\"image\/png\" \/>\n<meta name=\"twitter:card\" content=\"summary_large_image\" \/>\n<meta name=\"twitter:label1\" content=\"Est. reading time\" \/>\n\t<meta name=\"twitter:data1\" content=\"3 minutes\" \/>\n<script type=\"application\/ld+json\" class=\"yoast-schema-graph\">{\"@context\":\"https:\\\/\\\/schema.org\",\"@graph\":[{\"@type\":\"WebPage\",\"@id\":\"https:\\\/\\\/repliquemangacine.fr\\\/mentions-legales\\\/\",\"url\":\"https:\\\/\\\/repliquemangacine.fr\\\/mentions-legales\\\/\",\"name\":\"Mentions l\u00e9gales - R\u00e9plique Manga Cin\u00e9\",\"isPartOf\":{\"@id\":\"https:\\\/\\\/repliquemangacine.fr\\\/#website\"},\"datePublished\":\"2024-04-03T12:27:12+00:00\",\"dateModified\":\"2025-04-16T11:31:52+00:00\",\"description\":\"D\u00e9couvrez nos Mentions l\u00e9gales qui vous donneront toutes les informations que vous recherch\u00e9s. Identification, h\u00e9bergeur....\",\"breadcrumb\":{\"@id\":\"https:\\\/\\\/repliquemangacine.fr\\\/mentions-legales\\\/#breadcrumb\"},\"inLanguage\":\"en-US\",\"potentialAction\":[{\"@type\":\"ReadAction\",\"target\":[\"https:\\\/\\\/repliquemangacine.fr\\\/mentions-legales\\\/\"]}]},{\"@type\":\"BreadcrumbList\",\"@id\":\"https:\\\/\\\/repliquemangacine.fr\\\/mentions-legales\\\/#breadcrumb\",\"itemListElement\":[{\"@type\":\"ListItem\",\"position\":1,\"name\":\"Accueil\",\"item\":\"https:\\\/\\\/repliquemangacine.fr\\\/\"},{\"@type\":\"ListItem\",\"position\":2,\"name\":\"Mentions l\u00e9gales\"}]},{\"@type\":\"WebSite\",\"@id\":\"https:\\\/\\\/repliquemangacine.fr\\\/#website\",\"url\":\"https:\\\/\\\/repliquemangacine.fr\\\/\",\"name\":\"R\u00e9plique Manga Cin\u00e9\",\"description\":\"\",\"publisher\":{\"@id\":\"https:\\\/\\\/repliquemangacine.fr\\\/#organization\"},\"potentialAction\":[{\"@type\":\"SearchAction\",\"target\":{\"@type\":\"EntryPoint\",\"urlTemplate\":\"https:\\\/\\\/repliquemangacine.fr\\\/?s={search_term_string}\"},\"query-input\":{\"@type\":\"PropertyValueSpecification\",\"valueRequired\":true,\"valueName\":\"search_term_string\"}}],\"inLanguage\":\"en-US\"},{\"@type\":\"Organization\",\"@id\":\"https:\\\/\\\/repliquemangacine.fr\\\/#organization\",\"name\":\"R\u00e9plique Manga Cin\u00e9\",\"url\":\"https:\\\/\\\/repliquemangacine.fr\\\/\",\"logo\":{\"@type\":\"ImageObject\",\"inLanguage\":\"en-US\",\"@id\":\"https:\\\/\\\/repliquemangacine.fr\\\/#\\\/schema\\\/logo\\\/image\\\/\",\"url\":\"https:\\\/\\\/repliquemangacine.fr\\\/wp-content\\\/uploads\\\/2023\\\/10\\\/RMC-500250.png\",\"contentUrl\":\"https:\\\/\\\/repliquemangacine.fr\\\/wp-content\\\/uploads\\\/2023\\\/10\\\/RMC-500250.png\",\"width\":500,\"height\":250,\"caption\":\"R\u00e9plique Manga Cin\u00e9\"},\"image\":{\"@id\":\"https:\\\/\\\/repliquemangacine.fr\\\/#\\\/schema\\\/logo\\\/image\\\/\"},\"sameAs\":[\"https:\\\/\\\/www.facebook.com\\\/RepliqueMangaCine\",\"https:\\\/\\\/www.instagram.com\\\/repliquemangacine.fr\\\/\"]}]}<\/script>\n<!-- \/ Yoast SEO plugin. -->","yoast_head_json":{"title":"Legal information - R\u00e9plique Manga Cin\u00e9","description":"Discover our Legal Notice which will give you all the information you are looking for. Identification, host....","robots":{"index":"index","follow":"follow","max-snippet":"max-snippet:-1","max-image-preview":"max-image-preview:large","max-video-preview":"max-video-preview:-1"},"canonical":"https:\/\/repliquemangacine.fr\/en\/legal-notice\/","og_locale":"en_US","og_type":"article","og_title":"Mentions l\u00e9gales - R\u00e9plique Manga Cin\u00e9","og_description":"D\u00e9couvrez nos Mentions l\u00e9gales qui vous donneront toutes les informations que vous recherch\u00e9s. Identification, h\u00e9bergeur....","og_url":"https:\/\/repliquemangacine.fr\/en\/legal-notice\/","og_site_name":"R\u00e9plique Manga Cin\u00e9","article_publisher":"https:\/\/www.facebook.com\/RepliqueMangaCine","article_modified_time":"2025-04-16T11:31:52+00:00","og_image":[{"width":500,"height":250,"url":"https:\/\/repliquemangacine.fr\/wp-content\/uploads\/2023\/10\/RMC-500250.png","type":"image\/png"}],"twitter_card":"summary_large_image","twitter_misc":{"Est. reading time":"3 minutes"},"schema":{"@context":"https:\/\/schema.org","@graph":[{"@type":"WebPage","@id":"https:\/\/repliquemangacine.fr\/mentions-legales\/","url":"https:\/\/repliquemangacine.fr\/mentions-legales\/","name":"Legal information - R\u00e9plique Manga Cin\u00e9","isPartOf":{"@id":"https:\/\/repliquemangacine.fr\/#website"},"datePublished":"2024-04-03T12:27:12+00:00","dateModified":"2025-04-16T11:31:52+00:00","description":"Discover our Legal Notice which will give you all the information you are looking for. Identification, host....","breadcrumb":{"@id":"https:\/\/repliquemangacine.fr\/mentions-legales\/#breadcrumb"},"inLanguage":"en-US","potentialAction":[{"@type":"ReadAction","target":["https:\/\/repliquemangacine.fr\/mentions-legales\/"]}]},{"@type":"BreadcrumbList","@id":"https:\/\/repliquemangacine.fr\/mentions-legales\/#breadcrumb","itemListElement":[{"@type":"ListItem","position":1,"name":"Accueil","item":"https:\/\/repliquemangacine.fr\/"},{"@type":"ListItem","position":2,"name":"Mentions l\u00e9gales"}]},{"@type":"WebSite","@id":"https:\/\/repliquemangacine.fr\/#website","url":"https:\/\/repliquemangacine.fr\/","name":"R\u00e9plique Manga Cin\u00e9","description":"","publisher":{"@id":"https:\/\/repliquemangacine.fr\/#organization"},"potentialAction":[{"@type":"SearchAction","target":{"@type":"EntryPoint","urlTemplate":"https:\/\/repliquemangacine.fr\/?s={search_term_string}"},"query-input":{"@type":"PropertyValueSpecification","valueRequired":true,"valueName":"search_term_string"}}],"inLanguage":"en-US"},{"@type":"Organization","@id":"https:\/\/repliquemangacine.fr\/#organization","name":"R\u00e9plique Manga Cin\u00e9","url":"https:\/\/repliquemangacine.fr\/","logo":{"@type":"ImageObject","inLanguage":"en-US","@id":"https:\/\/repliquemangacine.fr\/#\/schema\/logo\/image\/","url":"https:\/\/repliquemangacine.fr\/wp-content\/uploads\/2023\/10\/RMC-500250.png","contentUrl":"https:\/\/repliquemangacine.fr\/wp-content\/uploads\/2023\/10\/RMC-500250.png","width":500,"height":250,"caption":"R\u00e9plique Manga Cin\u00e9"},"image":{"@id":"https:\/\/repliquemangacine.fr\/#\/schema\/logo\/image\/"},"sameAs":["https:\/\/www.facebook.com\/RepliqueMangaCine","https:\/\/www.instagram.com\/repliquemangacine.fr\/"]}]}},"_links":{"self":[{"href":"https:\/\/repliquemangacine.fr\/en\/wp-json\/wp\/v2\/pages\/70882","targetHints":{"allow":["GET"]}}],"collection":[{"href":"https:\/\/repliquemangacine.fr\/en\/wp-json\/wp\/v2\/pages"}],"about":[{"href":"https:\/\/repliquemangacine.fr\/en\/wp-json\/wp\/v2\/types\/page"}],"author":[{"embeddable":true,"href":"https:\/\/repliquemangacine.fr\/en\/wp-json\/wp\/v2\/users\/7689"}],"replies":[{"embeddable":true,"href":"https:\/\/repliquemangacine.fr\/en\/wp-json\/wp\/v2\/comments?post=70882"}],"version-history":[{"count":5,"href":"https:\/\/repliquemangacine.fr\/en\/wp-json\/wp\/v2\/pages\/70882\/revisions"}],"predecessor-version":[{"id":83590,"href":"https:\/\/repliquemangacine.fr\/en\/wp-json\/wp\/v2\/pages\/70882\/revisions\/83590"}],"wp:attachment":[{"href":"https:\/\/repliquemangacine.fr\/en\/wp-json\/wp\/v2\/media?parent=70882"}],"curies":[{"name":"wp","href":"https:\/\/api.w.org\/{rel}","templated":true}]}}