





{"id":98706,"date":"2026-05-07T15:30:48","date_gmt":"2026-05-07T13:30:48","guid":{"rendered":"https:\/\/repliquemangacine.fr\/?post_type=product&#038;p=98706"},"modified":"2026-05-07T18:06:34","modified_gmt":"2026-05-07T16:06:34","slug":"dolch-des-greifenschwurs","status":"publish","type":"product","link":"https:\/\/repliquemangacine.fr\/de\/dagues-medievales\/dague-du-serment-du-griffon\/","title":{"rendered":"Dolch des Greifenschwurs"},"content":{"rendered":"<h2>Dolch des Greifenschwurs: Eine mittelalterliche Ehrenklinge<\/h2>\n<p>Die <strong>Dolch des Greifenschwurs<\/strong> impose imm\u00e9diatement son style. Sa lame brillante, son fourreau noir travaill\u00e9 et ses finitions argent\u00e9es cr\u00e9ent une pi\u00e8ce d\u00e9corative forte. Ainsi, elle attire le regard d\u00e8s la premi\u00e8re exposition.<\/p>\n<p>De plus, sa poign\u00e9e noire cercl\u00e9e d\u2019or apporte une touche noble. La garde affiche un blason au griffon dor\u00e9, symbole de vigilance et de loyaut\u00e9. Ensuite, le chevalier sculpt\u00e9 au pommeau repr\u00e9sente T\u00e9m\u00e9rion de Valmor, premier \u00e0 avoir fait ce v\u0153u, agenouill\u00e9 face au tr\u00f4ne.<\/p>\n<p>Cette r\u00e9plique d\u00e9corative convient parfaitement aux collectionneurs d\u2019armes m\u00e9di\u00e9vales. Elle trouvera aussi sa place dans une vitrine, un bureau ou une pi\u00e8ce fantasy. Bref, elle a plus de panache qu\u2019un simple presse-papier.<\/p>\n<h3>Detailreiche Verarbeitung<\/h3>\n<p>Die schwarze Scheide weist reliefartige Muster auf. Die silbernen Metallteile verst\u00e4rken den ritterlichen Aspekt. Schlie\u00dflich erinnert die allgemeine Silhouette an mittelalterliche Zeremoniendolche.<\/p>\n<h2>Dolch des Greifenschwurs: Inspiriert von ritterlichen Schw\u00fcren<\/h2>\n<p>Cette dague raconte une histoire avant m\u00eame d\u2019\u00eatre d\u00e9gain\u00e9e. Con\u00e7ue comme un symbole d&#8217;engagement sacr\u00e9 au sein de la Garde d&#8217;Honneur d\u2019Elmyrr. Offerte aux chevaliers ayant pr\u00eat\u00e9 serment de prot\u00e9ger la lign\u00e9e royale jusqu\u2019\u00e0 leur dernier souffle, remise qu\u2019apr\u00e8s une c\u00e9r\u00e9monie secr\u00e8te tenue dans la salle des Anc\u00eatres. Ainsi, l\u2019objet \u00e9voque les ordres anciens, les gardes royales et les l\u00e9gendes de cour.<\/p>\n<p>Die <a href=\"https:\/\/fr.wikipedia.org\/wiki\/Griffon_(mythologie)\" target=\"_blank\" rel=\"noopener noreferrer\">griffon<\/a> occupe une place centrale dans cette symbolique. Cr\u00e9ature mythique, il repr\u00e9sente la protection, la noblesse et la force. Par cons\u00e9quent, cette dague devient plus qu\u2019un accessoire d\u00e9coratif.<\/p>\n<p>Disparue lors de la derni\u00e8re croisade du Nord, elle refait surface aujourd\u2019hui, intacte, comme si elle attendait celui ou celle qui saura en porter le serment.<\/p>\n<h3>Ein Objekt f\u00fcr Fantasy-Fans<\/h3>\n<p>Diese M\u00fcnze spricht Fans von Rittern, vergessenen Reichen und legend\u00e4ren Relikten an. Sie verleiht Ihrer Einrichtung eine sofortige Pr\u00e4senz. Erg\u00e4nzt auch sehr gut eine Sammlung von\u2019<a href=\"https:\/\/repliquemangacine.fr\/de\/mittelalterliches-schwert-der-templer\/\">mittelalterliche Schwerter<\/a> oder die<a href=\"https:\/\/repliquemangacine.fr\/de\/mittelalterliche-kriegsaxte-und-mittelalterliches-zubehor\/\"> mittelalterliche \u00c4xte und Zubeh\u00f6r<\/a>.<\/p>\n<h2>Warum sollte man sich f\u00fcr einen mittelalterlichen Zierdolch entscheiden?<\/h2>\n<p>Une dague d\u00e9corative en m\u00e9tal offre un rendu plus r\u00e9aliste qu\u2019un accessoire l\u00e9ger. Elle poss\u00e8de une vraie pr\u00e9sence visuelle. De plus, ses d\u00e9tails ressortent mieux en vitrine ou sur support mural.<\/p>\n<p>Cependant, elle reste avant tout destin\u00e9e \u00e0 la collection et \u00e0 la d\u00e9coration. Elle convient donc aux passionn\u00e9s qui recherchent une belle pi\u00e8ce d\u2019exposition. Pour le cosplay, elle peut accompagner une tenue m\u00e9di\u00e9vale avec beaucoup de caract\u00e8re.<\/p>\n<p>Ainsi, la Dague du Serment du Griffon s\u00e9duira les collectionneurs exigeants. Elle plaira aussi aux amateurs de chevalerie et d\u2019objets fantasy. Et entre nous, elle donne clairement plus d\u2019allure qu\u2019une \u00e9p\u00e9e en mousse oubli\u00e9e au grenier.<\/p>\n<p>&nbsp;<\/p>","protected":false},"excerpt":{"rendered":"<p><strong>Ein edler, dunkler und heroischer mittelalterlicher Dolch, der bereit ist, sich Ihrer Sammlung anzuschlie\u00dfen.<\/strong><\/p>\n<p>Der Dolch des Greifenschwurs ist ein wundersch\u00f6nes mittelalterliches Dekorationsst\u00fcck. Seine schwarze Scheide, der verzierte Griff und der Ritterknauf sorgen f\u00fcr einen spektakul\u00e4ren Anblick. Er erinnert an alte Eide, vergessene Wappen und Vitrinen, die mehr als nur einen Nippes verdienen.<\/p>\n<p><strong>Eigenschaften :\u00a0<\/strong><\/p>\n<ul>\n<li>24 cm lange Klinge aus Stahl<\/li>\n<li>Metallknauf in Form eines knienden Ritters<\/li>\n<li>Stahlgarde mit goldenem Greifenwappen<\/li>\n<li>ABS-Scheide mit Kunstlederimitat \u00fcberzogen, verziert und gen\u00e4ht<\/li>\n<li>Schwarzer Griff mit goldener Einfassung<\/li>\n<li>Gesamtl\u00e4nge: 41,5 cm<\/li>\n<li>Gewicht: 320 g<\/li>\n<\/ul>","protected":false},"featured_media":98707,"template":"","meta":[],"product_brand":[],"product_cat":[93,107],"product_tag":[],"class_list":{"0":"post-98706","1":"product","2":"type-product","3":"status-publish","4":"has-post-thumbnail","6":"product_cat-dagues-medievales","7":"product_cat-nouveautes","9":"first","10":"instock","11":"taxable","12":"shipping-taxable","13":"purchasable","14":"product-type-simple"},"yoast_head":"<!-- This site is optimized with the Yoast SEO plugin v27.6 - https:\/\/yoast.com\/product\/yoast-seo-wordpress\/ -->\n<title>Dague du Serment du Griffon - R\u00e9plique Manga Cin\u00e9<\/title>\n<meta name=\"description\" content=\"D\u00e9couvrez la Dague du Serment du Griffon, une lame d\u00e9corative m\u00e9di\u00e9vale avec fourreau noir, garde orn\u00e9e et pommeau chevalier.\" \/>\n<meta name=\"robots\" content=\"index, follow, max-snippet:-1, max-image-preview:large, max-video-preview:-1\" \/>\n<link rel=\"canonical\" href=\"https:\/\/repliquemangacine.fr\/de\/mittelalterliche-dolche\/dolch-des-greifenschwurs\/\" \/>\n<meta property=\"og:locale\" content=\"de_DE\" \/>\n<meta property=\"og:type\" content=\"article\" \/>\n<meta property=\"og:title\" content=\"Dague du Serment du Griffon - R\u00e9plique Manga Cin\u00e9\" \/>\n<meta property=\"og:description\" content=\"D\u00e9couvrez la Dague du Serment du Griffon, une lame d\u00e9corative m\u00e9di\u00e9vale avec fourreau noir, garde orn\u00e9e et pommeau chevalier.\" \/>\n<meta property=\"og:url\" content=\"https:\/\/repliquemangacine.fr\/de\/mittelalterliche-dolche\/dolch-des-greifenschwurs\/\" \/>\n<meta property=\"og:site_name\" content=\"R\u00e9plique Manga Cin\u00e9\" \/>\n<meta property=\"article:publisher\" content=\"https:\/\/www.facebook.com\/RepliqueMangaCine\" \/>\n<meta property=\"article:modified_time\" content=\"2026-05-07T16:06:34+00:00\" \/>\n<meta property=\"og:image\" content=\"https:\/\/repliquemangacine.fr\/wp-content\/uploads\/2026\/05\/Dague-du-Serment-du-Griffon.jpg\" \/>\n\t<meta property=\"og:image:width\" content=\"700\" \/>\n\t<meta property=\"og:image:height\" content=\"700\" \/>\n\t<meta property=\"og:image:type\" content=\"image\/jpeg\" \/>\n<meta name=\"twitter:card\" content=\"summary_large_image\" \/>\n<meta name=\"twitter:label1\" content=\"Gesch\u00e4tzte Lesezeit\" \/>\n\t<meta name=\"twitter:data1\" content=\"3\u00a0Minuten\" \/>\n<script type=\"application\/ld+json\" class=\"yoast-schema-graph\">{\"@context\":\"https:\\\/\\\/schema.org\",\"@graph\":[{\"@type\":\"WebPage\",\"@id\":\"https:\\\/\\\/repliquemangacine.fr\\\/dagues-medievales\\\/dague-du-serment-du-griffon\\\/\",\"url\":\"https:\\\/\\\/repliquemangacine.fr\\\/dagues-medievales\\\/dague-du-serment-du-griffon\\\/\",\"name\":\"Dague du Serment du Griffon - R\u00e9plique Manga Cin\u00e9\",\"isPartOf\":{\"@id\":\"https:\\\/\\\/repliquemangacine.fr\\\/#website\"},\"primaryImageOfPage\":{\"@id\":\"https:\\\/\\\/repliquemangacine.fr\\\/dagues-medievales\\\/dague-du-serment-du-griffon\\\/#primaryimage\"},\"image\":{\"@id\":\"https:\\\/\\\/repliquemangacine.fr\\\/dagues-medievales\\\/dague-du-serment-du-griffon\\\/#primaryimage\"},\"thumbnailUrl\":\"https:\\\/\\\/repliquemangacine.fr\\\/wp-content\\\/uploads\\\/2026\\\/05\\\/Dague-du-Serment-du-Griffon.jpg\",\"datePublished\":\"2026-05-07T13:30:48+00:00\",\"dateModified\":\"2026-05-07T16:06:34+00:00\",\"description\":\"D\u00e9couvrez la Dague du Serment du Griffon, une lame d\u00e9corative m\u00e9di\u00e9vale avec fourreau noir, garde orn\u00e9e et pommeau chevalier.\",\"breadcrumb\":{\"@id\":\"https:\\\/\\\/repliquemangacine.fr\\\/dagues-medievales\\\/dague-du-serment-du-griffon\\\/#breadcrumb\"},\"inLanguage\":\"de\",\"potentialAction\":[{\"@type\":\"ReadAction\",\"target\":[\"https:\\\/\\\/repliquemangacine.fr\\\/dagues-medievales\\\/dague-du-serment-du-griffon\\\/\"]}]},{\"@type\":\"ImageObject\",\"inLanguage\":\"de\",\"@id\":\"https:\\\/\\\/repliquemangacine.fr\\\/dagues-medievales\\\/dague-du-serment-du-griffon\\\/#primaryimage\",\"url\":\"https:\\\/\\\/repliquemangacine.fr\\\/wp-content\\\/uploads\\\/2026\\\/05\\\/Dague-du-Serment-du-Griffon.jpg\",\"contentUrl\":\"https:\\\/\\\/repliquemangacine.fr\\\/wp-content\\\/uploads\\\/2026\\\/05\\\/Dague-du-Serment-du-Griffon.jpg\",\"width\":700,\"height\":700,\"caption\":\"Dague-du-Serment-du-Griffon\"},{\"@type\":\"BreadcrumbList\",\"@id\":\"https:\\\/\\\/repliquemangacine.fr\\\/dagues-medievales\\\/dague-du-serment-du-griffon\\\/#breadcrumb\",\"itemListElement\":[{\"@type\":\"ListItem\",\"position\":1,\"name\":\"Accueil\",\"item\":\"https:\\\/\\\/repliquemangacine.fr\\\/\"},{\"@type\":\"ListItem\",\"position\":2,\"name\":\"Produits\",\"item\":\"https:\\\/\\\/repliquemangacine.fr\\\/boutique\\\/\"},{\"@type\":\"ListItem\",\"position\":3,\"name\":\"Dague du Serment du Griffon\"}]},{\"@type\":\"WebSite\",\"@id\":\"https:\\\/\\\/repliquemangacine.fr\\\/#website\",\"url\":\"https:\\\/\\\/repliquemangacine.fr\\\/\",\"name\":\"R\u00e9plique Manga Cin\u00e9\",\"description\":\"\",\"publisher\":{\"@id\":\"https:\\\/\\\/repliquemangacine.fr\\\/#organization\"},\"potentialAction\":[{\"@type\":\"SearchAction\",\"target\":{\"@type\":\"EntryPoint\",\"urlTemplate\":\"https:\\\/\\\/repliquemangacine.fr\\\/?s={search_term_string}\"},\"query-input\":{\"@type\":\"PropertyValueSpecification\",\"valueRequired\":true,\"valueName\":\"search_term_string\"}}],\"inLanguage\":\"de\"},{\"@type\":\"Organization\",\"@id\":\"https:\\\/\\\/repliquemangacine.fr\\\/#organization\",\"name\":\"R\u00e9plique Manga Cin\u00e9\",\"url\":\"https:\\\/\\\/repliquemangacine.fr\\\/\",\"logo\":{\"@type\":\"ImageObject\",\"inLanguage\":\"de\",\"@id\":\"https:\\\/\\\/repliquemangacine.fr\\\/#\\\/schema\\\/logo\\\/image\\\/\",\"url\":\"https:\\\/\\\/repliquemangacine.fr\\\/wp-content\\\/uploads\\\/2023\\\/10\\\/RMC-500250.png\",\"contentUrl\":\"https:\\\/\\\/repliquemangacine.fr\\\/wp-content\\\/uploads\\\/2023\\\/10\\\/RMC-500250.png\",\"width\":500,\"height\":250,\"caption\":\"R\u00e9plique Manga Cin\u00e9\"},\"image\":{\"@id\":\"https:\\\/\\\/repliquemangacine.fr\\\/#\\\/schema\\\/logo\\\/image\\\/\"},\"sameAs\":[\"https:\\\/\\\/www.facebook.com\\\/RepliqueMangaCine\",\"https:\\\/\\\/www.instagram.com\\\/repliquemangacine.fr\\\/\"]}]}<\/script>\n<!-- \/ Yoast SEO plugin. -->","yoast_head_json":{"title":"Dolch des Greifenschwurs - R\u00e9plique Manga Cin\u00e9","description":"Entdecken Sie den Dolch des Greifenschwurs, eine dekorative mittelalterliche Klinge mit schwarzer Scheide, verziertem Heft und Ritterknauf.","robots":{"index":"index","follow":"follow","max-snippet":"max-snippet:-1","max-image-preview":"max-image-preview:large","max-video-preview":"max-video-preview:-1"},"canonical":"https:\/\/repliquemangacine.fr\/de\/mittelalterliche-dolche\/dolch-des-greifenschwurs\/","og_locale":"de_DE","og_type":"article","og_title":"Dague du Serment du Griffon - R\u00e9plique Manga Cin\u00e9","og_description":"D\u00e9couvrez la Dague du Serment du Griffon, une lame d\u00e9corative m\u00e9di\u00e9vale avec fourreau noir, garde orn\u00e9e et pommeau chevalier.","og_url":"https:\/\/repliquemangacine.fr\/de\/mittelalterliche-dolche\/dolch-des-greifenschwurs\/","og_site_name":"R\u00e9plique Manga Cin\u00e9","article_publisher":"https:\/\/www.facebook.com\/RepliqueMangaCine","article_modified_time":"2026-05-07T16:06:34+00:00","og_image":[{"width":700,"height":700,"url":"https:\/\/repliquemangacine.fr\/wp-content\/uploads\/2026\/05\/Dague-du-Serment-du-Griffon.jpg","type":"image\/jpeg"}],"twitter_card":"summary_large_image","twitter_misc":{"Gesch\u00e4tzte Lesezeit":"3\u00a0Minuten"},"schema":{"@context":"https:\/\/schema.org","@graph":[{"@type":"WebPage","@id":"https:\/\/repliquemangacine.fr\/dagues-medievales\/dague-du-serment-du-griffon\/","url":"https:\/\/repliquemangacine.fr\/dagues-medievales\/dague-du-serment-du-griffon\/","name":"Dolch des Greifenschwurs - R\u00e9plique Manga Cin\u00e9","isPartOf":{"@id":"https:\/\/repliquemangacine.fr\/#website"},"primaryImageOfPage":{"@id":"https:\/\/repliquemangacine.fr\/dagues-medievales\/dague-du-serment-du-griffon\/#primaryimage"},"image":{"@id":"https:\/\/repliquemangacine.fr\/dagues-medievales\/dague-du-serment-du-griffon\/#primaryimage"},"thumbnailUrl":"https:\/\/repliquemangacine.fr\/wp-content\/uploads\/2026\/05\/Dague-du-Serment-du-Griffon.jpg","datePublished":"2026-05-07T13:30:48+00:00","dateModified":"2026-05-07T16:06:34+00:00","description":"Entdecken Sie den Dolch des Greifenschwurs, eine dekorative mittelalterliche Klinge mit schwarzer Scheide, verziertem Heft und Ritterknauf.","breadcrumb":{"@id":"https:\/\/repliquemangacine.fr\/dagues-medievales\/dague-du-serment-du-griffon\/#breadcrumb"},"inLanguage":"de","potentialAction":[{"@type":"ReadAction","target":["https:\/\/repliquemangacine.fr\/dagues-medievales\/dague-du-serment-du-griffon\/"]}]},{"@type":"ImageObject","inLanguage":"de","@id":"https:\/\/repliquemangacine.fr\/dagues-medievales\/dague-du-serment-du-griffon\/#primaryimage","url":"https:\/\/repliquemangacine.fr\/wp-content\/uploads\/2026\/05\/Dague-du-Serment-du-Griffon.jpg","contentUrl":"https:\/\/repliquemangacine.fr\/wp-content\/uploads\/2026\/05\/Dague-du-Serment-du-Griffon.jpg","width":700,"height":700,"caption":"Dague-du-Serment-du-Griffon"},{"@type":"BreadcrumbList","@id":"https:\/\/repliquemangacine.fr\/dagues-medievales\/dague-du-serment-du-griffon\/#breadcrumb","itemListElement":[{"@type":"ListItem","position":1,"name":"Accueil","item":"https:\/\/repliquemangacine.fr\/"},{"@type":"ListItem","position":2,"name":"Produits","item":"https:\/\/repliquemangacine.fr\/boutique\/"},{"@type":"ListItem","position":3,"name":"Dague du Serment du Griffon"}]},{"@type":"WebSite","@id":"https:\/\/repliquemangacine.fr\/#website","url":"https:\/\/repliquemangacine.fr\/","name":"R\u00e9plique Manga Cin\u00e9","description":"","publisher":{"@id":"https:\/\/repliquemangacine.fr\/#organization"},"potentialAction":[{"@type":"SearchAction","target":{"@type":"EntryPoint","urlTemplate":"https:\/\/repliquemangacine.fr\/?s={search_term_string}"},"query-input":{"@type":"PropertyValueSpecification","valueRequired":true,"valueName":"search_term_string"}}],"inLanguage":"de"},{"@type":"Organization","@id":"https:\/\/repliquemangacine.fr\/#organization","name":"R\u00e9plique Manga Cin\u00e9","url":"https:\/\/repliquemangacine.fr\/","logo":{"@type":"ImageObject","inLanguage":"de","@id":"https:\/\/repliquemangacine.fr\/#\/schema\/logo\/image\/","url":"https:\/\/repliquemangacine.fr\/wp-content\/uploads\/2023\/10\/RMC-500250.png","contentUrl":"https:\/\/repliquemangacine.fr\/wp-content\/uploads\/2023\/10\/RMC-500250.png","width":500,"height":250,"caption":"R\u00e9plique Manga Cin\u00e9"},"image":{"@id":"https:\/\/repliquemangacine.fr\/#\/schema\/logo\/image\/"},"sameAs":["https:\/\/www.facebook.com\/RepliqueMangaCine","https:\/\/www.instagram.com\/repliquemangacine.fr\/"]}]}},"_links":{"self":[{"href":"https:\/\/repliquemangacine.fr\/de\/wp-json\/wp\/v2\/product\/98706","targetHints":{"allow":["GET"]}}],"collection":[{"href":"https:\/\/repliquemangacine.fr\/de\/wp-json\/wp\/v2\/product"}],"about":[{"href":"https:\/\/repliquemangacine.fr\/de\/wp-json\/wp\/v2\/types\/product"}],"wp:featuredmedia":[{"embeddable":true,"href":"https:\/\/repliquemangacine.fr\/de\/wp-json\/wp\/v2\/media\/98707"}],"wp:attachment":[{"href":"https:\/\/repliquemangacine.fr\/de\/wp-json\/wp\/v2\/media?parent=98706"}],"wp:term":[{"taxonomy":"product_brand","embeddable":true,"href":"https:\/\/repliquemangacine.fr\/de\/wp-json\/wp\/v2\/product_brand?post=98706"},{"taxonomy":"product_cat","embeddable":true,"href":"https:\/\/repliquemangacine.fr\/de\/wp-json\/wp\/v2\/product_cat?post=98706"},{"taxonomy":"product_tag","embeddable":true,"href":"https:\/\/repliquemangacine.fr\/de\/wp-json\/wp\/v2\/product_tag?post=98706"}],"curies":[{"name":"wp","href":"https:\/\/api.w.org\/{rel}","templated":true}]}}