





{"id":98698,"date":"2026-05-07T14:51:25","date_gmt":"2026-05-07T12:51:25","guid":{"rendered":"https:\/\/repliquemangacine.fr\/?post_type=product&#038;p=98698"},"modified":"2026-05-07T17:26:49","modified_gmt":"2026-05-07T15:26:49","slug":"templerdolch-aus-den-kreuzzugen","status":"publish","type":"product","link":"https:\/\/repliquemangacine.fr\/de\/dagues-medievales\/dague-templier-des-croisades\/","title":{"rendered":"Templerdolch der Kreuzz\u00fcge"},"content":{"rendered":"<h2>Templerdolch aus den Kreuzz\u00fcgen: ein mittelalterliches St\u00fcck mit heiligem Charakter<\/h2>\n<p>Diese <strong>Templerdolch aus den Kreuzz\u00fcgen<\/strong> impose imm\u00e9diatement son style. Sa lame droite, son fourreau noir et ses d\u00e9tails rouges \u00e9voquent l\u2019univers chevaleresque. Ainsi, elle attire le regard d\u00e8s la premi\u00e8re exposition.<\/p>\n<p>De plus, sa garde courb\u00e9e et grav\u00e9e du mot &#8220;Crusade&#8221;, rappelait \u00e0 son porteur qu\u2019il menait un combat autant spirituel que militaire. Les croix rouges renforcent \u00e9galement son identit\u00e9 m\u00e9di\u00e9vale. Le pommeau en forme de heaume ajoute, quant \u00e0 lui, une vraie pr\u00e9sence historique.<\/p>\n<p>Enfin, cette r\u00e9plique d\u00e9corative convient aux collectionneurs, passionn\u00e9s de templiers et amateurs de d\u00e9coration m\u00e9di\u00e9vale. Elle trouve naturellement sa place pr\u00e8s d\u2019une \u00e9p\u00e9e m\u00e9di\u00e9vale, d\u2019un bouclier ou d\u2019un casque.<\/p>\n<h3>Ein graviertes Vorsatzblatt voller Symbole<\/h3>\n<p>Der silberne Vorsatz, die gepatchten Kreuze und die Reliefs sorgen f\u00fcr ein sehr visuelles Finish.<\/p>\n<h2>Ein von den Templerrittern inspirierter Dolch<\/h2>\n<p>Les templiers fascinent encore aujourd\u2019hui. Leur histoire m\u00eale foi, discipline, myst\u00e8re et l\u00e9gende. Par cons\u00e9quent, chaque symbole devient imm\u00e9diatement puissant.<\/p>\n<p>Cette dague reprend les codes forts de l\u2019<a href=\"https:\/\/fr.wikipedia.org\/wiki\/Ordre_du_Temple\" target=\"_blank\" rel=\"noopener noreferrer\">Templerorden<\/a>. Les croix rouges rappellent les croisades. La gravure \u201cCrusade\u201d donne une touche encore plus \u00e9vocatrice.<\/p>\n<p>Il est dit que cette dague, connue sous le nom de\u00a0<strong><em>Heilige Schattenklinge<\/em><\/strong>, wurde im Herzen Jerusalems am Vorabend des Siebten Kreuzzugs geschmiedet. Er wurde von dem Ritter Alphonse de Marnay getragen und diente nicht nur dem Kampf, sondern auch als Siegel eines heiligen Eides. Jeder Templer erhielt sie, nachdem er vor dem Altar des Heiligen Grabes der Regel die Treue geschworen hatte.<\/p>\n<h2>Warum sollten Sie sich f\u00fcr diesen dekorativen Templer-Dolch entscheiden?<\/h2>\n<p>Cette dague est id\u00e9ale pour enrichir une collection m\u00e9di\u00e9vale. Elle convient aussi pour une d\u00e9coration historique, une mise en sc\u00e8ne photo ou un cosplay. Cependant, elle reste avant tout une pi\u00e8ce d\u00e9corative.<\/p>\n<p>Son avantage principal vient de son look complet. En effet, la lame, la garde, la poign\u00e9e et le fourreau suivent la m\u00eame direction visuelle. Rien ne para\u00eet laiss\u00e9 au hasard.<\/p>\n<p>D\u00e9couvrez notre univers de <a href=\"https:\/\/repliquemangacine.fr\/de\/nachbildungen-von-mittelalterlichen-waffen-und-accessoires\/\">mittelalterliche Reproduktionen<\/a> : <a href=\"https:\/\/repliquemangacine.fr\/de\/mittelalterliches-schwert-der-templer\/\">Ritterschwerter<\/a>, <a href=\"https:\/\/repliquemangacine.fr\/de\/helm-helm-ritter-templer\/\">Helme<\/a>, <a href=\"https:\/\/repliquemangacine.fr\/de\/mittelalterliche-dolche\/\">Dolche<\/a>, <a href=\"https:\/\/repliquemangacine.fr\/de\/schilde-und-rustungen\/\">Schilde<\/a> und historische Waffen, die von den gro\u00dfen Schlachten des Mittelalters inspiriert wurden. Tauchen Sie ein in eine Sammlung, die f\u00fcr Geschichtsinteressierte, Sammler und Liebhaber mittelalterlicher Reenactments gedacht ist.<\/p>","protected":false},"excerpt":{"rendered":"<p><strong>Ein Templer-Dolch mit der Gravur \u201cCrusade\u201d, gedacht f\u00fcr Liebhaber von Kreuzz\u00fcgen und sch\u00f6nen mittelalterlichen St\u00fccken.<\/strong><\/p>\n<p>Diese dekorative Replik zeigt eine gerade Klinge, einen bearbeiteten Heft und eine schwarze Scheide mit roten Kreuzen.<br \/>\nDer helmartige Knauf verst\u00e4rkt den ritterlichen Stil.<br \/>\nSie wird sich perfekt als Sammlung, Dekoration oder mittelalterliches Cosplay eignen.<\/p>\n<p><strong>Eigenschaften :<\/strong><\/p>\n<ul>\n<li>24 cm lange Klinge aus rostfreiem Stahl<\/li>\n<li>Stahlb\u00fcgel mit Gravur<\/li>\n<li>Griff aus geformtem ABS f\u00fcr sicheren Halt<\/li>\n<li>Knauf aus Metall in Form eines Ritterhelms<\/li>\n<li>ABS-Scheide mit Beschl\u00e4gen<\/li>\n<li>Gesamtl\u00e4nge mit Scheide: 39 cm<\/li>\n<li>Gewicht 315 g<\/li>\n<\/ul>","protected":false},"featured_media":98700,"template":"","meta":[],"product_brand":[],"product_cat":[93,107],"product_tag":[],"class_list":{"0":"post-98698","1":"product","2":"type-product","3":"status-publish","4":"has-post-thumbnail","6":"product_cat-dagues-medievales","7":"product_cat-nouveautes","9":"first","10":"instock","11":"taxable","12":"shipping-taxable","13":"purchasable","14":"product-type-simple"},"yoast_head":"<!-- This site is optimized with the Yoast SEO plugin v27.6 - https:\/\/yoast.com\/product\/yoast-seo-wordpress\/ -->\n<title>Dague Templier des Croisades - R\u00e9plique Manga Cin\u00e9<\/title>\n<meta name=\"description\" content=\"Dague Templier des Croisades, son pommeau en forme de heaume, croix rouges et fourreau noir. Une pi\u00e8ce m\u00e9di\u00e9vale forte pour collection, d\u00e9co ou cosplay.\" \/>\n<meta name=\"robots\" content=\"index, follow, max-snippet:-1, max-image-preview:large, max-video-preview:-1\" \/>\n<link rel=\"canonical\" href=\"https:\/\/repliquemangacine.fr\/de\/mittelalterliche-dolche\/templerdolch-aus-den-kreuzzugen\/\" \/>\n<meta property=\"og:locale\" content=\"de_DE\" \/>\n<meta property=\"og:type\" content=\"article\" \/>\n<meta property=\"og:title\" content=\"Dague Templier des Croisades - R\u00e9plique Manga Cin\u00e9\" \/>\n<meta property=\"og:description\" content=\"Dague Templier des Croisades, son pommeau en forme de heaume, croix rouges et fourreau noir. Une pi\u00e8ce m\u00e9di\u00e9vale forte pour collection, d\u00e9co ou cosplay.\" \/>\n<meta property=\"og:url\" content=\"https:\/\/repliquemangacine.fr\/de\/mittelalterliche-dolche\/templerdolch-aus-den-kreuzzugen\/\" \/>\n<meta property=\"og:site_name\" content=\"R\u00e9plique Manga Cin\u00e9\" \/>\n<meta property=\"article:publisher\" content=\"https:\/\/www.facebook.com\/RepliqueMangaCine\" \/>\n<meta property=\"article:modified_time\" content=\"2026-05-07T15:26:49+00:00\" \/>\n<meta property=\"og:image\" content=\"https:\/\/repliquemangacine.fr\/wp-content\/uploads\/2026\/05\/Dague-des-Templiers-des-Croisades-dans-son-fourreau.jpg\" \/>\n\t<meta property=\"og:image:width\" content=\"700\" \/>\n\t<meta property=\"og:image:height\" content=\"700\" \/>\n\t<meta property=\"og:image:type\" content=\"image\/jpeg\" \/>\n<meta name=\"twitter:card\" content=\"summary_large_image\" \/>\n<meta name=\"twitter:label1\" content=\"Gesch\u00e4tzte Lesezeit\" \/>\n\t<meta name=\"twitter:data1\" content=\"3\u00a0Minuten\" \/>\n<script type=\"application\/ld+json\" class=\"yoast-schema-graph\">{\"@context\":\"https:\\\/\\\/schema.org\",\"@graph\":[{\"@type\":\"WebPage\",\"@id\":\"https:\\\/\\\/repliquemangacine.fr\\\/dagues-medievales\\\/dague-templier-des-croisades\\\/\",\"url\":\"https:\\\/\\\/repliquemangacine.fr\\\/dagues-medievales\\\/dague-templier-des-croisades\\\/\",\"name\":\"Dague Templier des Croisades - R\u00e9plique Manga Cin\u00e9\",\"isPartOf\":{\"@id\":\"https:\\\/\\\/repliquemangacine.fr\\\/#website\"},\"primaryImageOfPage\":{\"@id\":\"https:\\\/\\\/repliquemangacine.fr\\\/dagues-medievales\\\/dague-templier-des-croisades\\\/#primaryimage\"},\"image\":{\"@id\":\"https:\\\/\\\/repliquemangacine.fr\\\/dagues-medievales\\\/dague-templier-des-croisades\\\/#primaryimage\"},\"thumbnailUrl\":\"https:\\\/\\\/repliquemangacine.fr\\\/wp-content\\\/uploads\\\/2026\\\/05\\\/Dague-des-Templiers-des-Croisades-dans-son-fourreau.jpg\",\"datePublished\":\"2026-05-07T12:51:25+00:00\",\"dateModified\":\"2026-05-07T15:26:49+00:00\",\"description\":\"Dague Templier des Croisades, son pommeau en forme de heaume, croix rouges et fourreau noir. Une pi\u00e8ce m\u00e9di\u00e9vale forte pour collection, d\u00e9co ou cosplay.\",\"breadcrumb\":{\"@id\":\"https:\\\/\\\/repliquemangacine.fr\\\/dagues-medievales\\\/dague-templier-des-croisades\\\/#breadcrumb\"},\"inLanguage\":\"de\",\"potentialAction\":[{\"@type\":\"ReadAction\",\"target\":[\"https:\\\/\\\/repliquemangacine.fr\\\/dagues-medievales\\\/dague-templier-des-croisades\\\/\"]}]},{\"@type\":\"ImageObject\",\"inLanguage\":\"de\",\"@id\":\"https:\\\/\\\/repliquemangacine.fr\\\/dagues-medievales\\\/dague-templier-des-croisades\\\/#primaryimage\",\"url\":\"https:\\\/\\\/repliquemangacine.fr\\\/wp-content\\\/uploads\\\/2026\\\/05\\\/Dague-des-Templiers-des-Croisades-dans-son-fourreau.jpg\",\"contentUrl\":\"https:\\\/\\\/repliquemangacine.fr\\\/wp-content\\\/uploads\\\/2026\\\/05\\\/Dague-des-Templiers-des-Croisades-dans-son-fourreau.jpg\",\"width\":700,\"height\":700,\"caption\":\"Dague-des-Templiers-des-Croisades-dans-son-fourreau\"},{\"@type\":\"BreadcrumbList\",\"@id\":\"https:\\\/\\\/repliquemangacine.fr\\\/dagues-medievales\\\/dague-templier-des-croisades\\\/#breadcrumb\",\"itemListElement\":[{\"@type\":\"ListItem\",\"position\":1,\"name\":\"Accueil\",\"item\":\"https:\\\/\\\/repliquemangacine.fr\\\/\"},{\"@type\":\"ListItem\",\"position\":2,\"name\":\"Produits\",\"item\":\"https:\\\/\\\/repliquemangacine.fr\\\/boutique\\\/\"},{\"@type\":\"ListItem\",\"position\":3,\"name\":\"Dague Templier des Croisades\"}]},{\"@type\":\"WebSite\",\"@id\":\"https:\\\/\\\/repliquemangacine.fr\\\/#website\",\"url\":\"https:\\\/\\\/repliquemangacine.fr\\\/\",\"name\":\"R\u00e9plique Manga Cin\u00e9\",\"description\":\"\",\"publisher\":{\"@id\":\"https:\\\/\\\/repliquemangacine.fr\\\/#organization\"},\"potentialAction\":[{\"@type\":\"SearchAction\",\"target\":{\"@type\":\"EntryPoint\",\"urlTemplate\":\"https:\\\/\\\/repliquemangacine.fr\\\/?s={search_term_string}\"},\"query-input\":{\"@type\":\"PropertyValueSpecification\",\"valueRequired\":true,\"valueName\":\"search_term_string\"}}],\"inLanguage\":\"de\"},{\"@type\":\"Organization\",\"@id\":\"https:\\\/\\\/repliquemangacine.fr\\\/#organization\",\"name\":\"R\u00e9plique Manga Cin\u00e9\",\"url\":\"https:\\\/\\\/repliquemangacine.fr\\\/\",\"logo\":{\"@type\":\"ImageObject\",\"inLanguage\":\"de\",\"@id\":\"https:\\\/\\\/repliquemangacine.fr\\\/#\\\/schema\\\/logo\\\/image\\\/\",\"url\":\"https:\\\/\\\/repliquemangacine.fr\\\/wp-content\\\/uploads\\\/2023\\\/10\\\/RMC-500250.png\",\"contentUrl\":\"https:\\\/\\\/repliquemangacine.fr\\\/wp-content\\\/uploads\\\/2023\\\/10\\\/RMC-500250.png\",\"width\":500,\"height\":250,\"caption\":\"R\u00e9plique Manga Cin\u00e9\"},\"image\":{\"@id\":\"https:\\\/\\\/repliquemangacine.fr\\\/#\\\/schema\\\/logo\\\/image\\\/\"},\"sameAs\":[\"https:\\\/\\\/www.facebook.com\\\/RepliqueMangaCine\",\"https:\\\/\\\/www.instagram.com\\\/repliquemangacine.fr\\\/\"]}]}<\/script>\n<!-- \/ Yoast SEO plugin. -->","yoast_head_json":{"title":"Templerdolch der Kreuzz\u00fcge - R\u00e9plique Manga Cin\u00e9","description":"Templerdolch aus den Kreuzz\u00fcgen, sein Knauf in Form eines Helms, rote Kreuze und eine schwarze Scheide. Ein starkes mittelalterliches St\u00fcck f\u00fcr Sammlung, Deko oder Cosplay.","robots":{"index":"index","follow":"follow","max-snippet":"max-snippet:-1","max-image-preview":"max-image-preview:large","max-video-preview":"max-video-preview:-1"},"canonical":"https:\/\/repliquemangacine.fr\/de\/mittelalterliche-dolche\/templerdolch-aus-den-kreuzzugen\/","og_locale":"de_DE","og_type":"article","og_title":"Dague Templier des Croisades - R\u00e9plique Manga Cin\u00e9","og_description":"Dague Templier des Croisades, son pommeau en forme de heaume, croix rouges et fourreau noir. Une pi\u00e8ce m\u00e9di\u00e9vale forte pour collection, d\u00e9co ou cosplay.","og_url":"https:\/\/repliquemangacine.fr\/de\/mittelalterliche-dolche\/templerdolch-aus-den-kreuzzugen\/","og_site_name":"R\u00e9plique Manga Cin\u00e9","article_publisher":"https:\/\/www.facebook.com\/RepliqueMangaCine","article_modified_time":"2026-05-07T15:26:49+00:00","og_image":[{"width":700,"height":700,"url":"https:\/\/repliquemangacine.fr\/wp-content\/uploads\/2026\/05\/Dague-des-Templiers-des-Croisades-dans-son-fourreau.jpg","type":"image\/jpeg"}],"twitter_card":"summary_large_image","twitter_misc":{"Gesch\u00e4tzte Lesezeit":"3\u00a0Minuten"},"schema":{"@context":"https:\/\/schema.org","@graph":[{"@type":"WebPage","@id":"https:\/\/repliquemangacine.fr\/dagues-medievales\/dague-templier-des-croisades\/","url":"https:\/\/repliquemangacine.fr\/dagues-medievales\/dague-templier-des-croisades\/","name":"Templerdolch der Kreuzz\u00fcge - R\u00e9plique Manga Cin\u00e9","isPartOf":{"@id":"https:\/\/repliquemangacine.fr\/#website"},"primaryImageOfPage":{"@id":"https:\/\/repliquemangacine.fr\/dagues-medievales\/dague-templier-des-croisades\/#primaryimage"},"image":{"@id":"https:\/\/repliquemangacine.fr\/dagues-medievales\/dague-templier-des-croisades\/#primaryimage"},"thumbnailUrl":"https:\/\/repliquemangacine.fr\/wp-content\/uploads\/2026\/05\/Dague-des-Templiers-des-Croisades-dans-son-fourreau.jpg","datePublished":"2026-05-07T12:51:25+00:00","dateModified":"2026-05-07T15:26:49+00:00","description":"Templerdolch aus den Kreuzz\u00fcgen, sein Knauf in Form eines Helms, rote Kreuze und eine schwarze Scheide. Ein starkes mittelalterliches St\u00fcck f\u00fcr Sammlung, Deko oder Cosplay.","breadcrumb":{"@id":"https:\/\/repliquemangacine.fr\/dagues-medievales\/dague-templier-des-croisades\/#breadcrumb"},"inLanguage":"de","potentialAction":[{"@type":"ReadAction","target":["https:\/\/repliquemangacine.fr\/dagues-medievales\/dague-templier-des-croisades\/"]}]},{"@type":"ImageObject","inLanguage":"de","@id":"https:\/\/repliquemangacine.fr\/dagues-medievales\/dague-templier-des-croisades\/#primaryimage","url":"https:\/\/repliquemangacine.fr\/wp-content\/uploads\/2026\/05\/Dague-des-Templiers-des-Croisades-dans-son-fourreau.jpg","contentUrl":"https:\/\/repliquemangacine.fr\/wp-content\/uploads\/2026\/05\/Dague-des-Templiers-des-Croisades-dans-son-fourreau.jpg","width":700,"height":700,"caption":"Dague-des-Templiers-des-Croisades-dans-son-fourreau"},{"@type":"BreadcrumbList","@id":"https:\/\/repliquemangacine.fr\/dagues-medievales\/dague-templier-des-croisades\/#breadcrumb","itemListElement":[{"@type":"ListItem","position":1,"name":"Accueil","item":"https:\/\/repliquemangacine.fr\/"},{"@type":"ListItem","position":2,"name":"Produits","item":"https:\/\/repliquemangacine.fr\/boutique\/"},{"@type":"ListItem","position":3,"name":"Dague Templier des Croisades"}]},{"@type":"WebSite","@id":"https:\/\/repliquemangacine.fr\/#website","url":"https:\/\/repliquemangacine.fr\/","name":"R\u00e9plique Manga Cin\u00e9","description":"","publisher":{"@id":"https:\/\/repliquemangacine.fr\/#organization"},"potentialAction":[{"@type":"SearchAction","target":{"@type":"EntryPoint","urlTemplate":"https:\/\/repliquemangacine.fr\/?s={search_term_string}"},"query-input":{"@type":"PropertyValueSpecification","valueRequired":true,"valueName":"search_term_string"}}],"inLanguage":"de"},{"@type":"Organization","@id":"https:\/\/repliquemangacine.fr\/#organization","name":"R\u00e9plique Manga Cin\u00e9","url":"https:\/\/repliquemangacine.fr\/","logo":{"@type":"ImageObject","inLanguage":"de","@id":"https:\/\/repliquemangacine.fr\/#\/schema\/logo\/image\/","url":"https:\/\/repliquemangacine.fr\/wp-content\/uploads\/2023\/10\/RMC-500250.png","contentUrl":"https:\/\/repliquemangacine.fr\/wp-content\/uploads\/2023\/10\/RMC-500250.png","width":500,"height":250,"caption":"R\u00e9plique Manga Cin\u00e9"},"image":{"@id":"https:\/\/repliquemangacine.fr\/#\/schema\/logo\/image\/"},"sameAs":["https:\/\/www.facebook.com\/RepliqueMangaCine","https:\/\/www.instagram.com\/repliquemangacine.fr\/"]}]}},"_links":{"self":[{"href":"https:\/\/repliquemangacine.fr\/de\/wp-json\/wp\/v2\/product\/98698","targetHints":{"allow":["GET"]}}],"collection":[{"href":"https:\/\/repliquemangacine.fr\/de\/wp-json\/wp\/v2\/product"}],"about":[{"href":"https:\/\/repliquemangacine.fr\/de\/wp-json\/wp\/v2\/types\/product"}],"wp:featuredmedia":[{"embeddable":true,"href":"https:\/\/repliquemangacine.fr\/de\/wp-json\/wp\/v2\/media\/98700"}],"wp:attachment":[{"href":"https:\/\/repliquemangacine.fr\/de\/wp-json\/wp\/v2\/media?parent=98698"}],"wp:term":[{"taxonomy":"product_brand","embeddable":true,"href":"https:\/\/repliquemangacine.fr\/de\/wp-json\/wp\/v2\/product_brand?post=98698"},{"taxonomy":"product_cat","embeddable":true,"href":"https:\/\/repliquemangacine.fr\/de\/wp-json\/wp\/v2\/product_cat?post=98698"},{"taxonomy":"product_tag","embeddable":true,"href":"https:\/\/repliquemangacine.fr\/de\/wp-json\/wp\/v2\/product_tag?post=98698"}],"curies":[{"name":"wp","href":"https:\/\/api.w.org\/{rel}","templated":true}]}}