





{"id":97938,"date":"2026-04-17T18:41:31","date_gmt":"2026-04-17T16:41:31","guid":{"rendered":"https:\/\/repliquemangacine.fr\/?post_type=product&#038;p=97938"},"modified":"2026-04-17T18:43:10","modified_gmt":"2026-04-17T16:43:10","slug":"3er-set-tanto-kill-bill-hattori-hanzo","status":"publish","type":"product","link":"https:\/\/repliquemangacine.fr\/de\/katana-kill-bill\/set-de-3-tanto-kill-bill-hattori-hanzo\/","title":{"rendered":"3er-Set Tanto Kill Bill - Hattori Hanzo"},"content":{"rendered":"<h2>3er-Set Tanto Kill Bill - Das scharfe Erbe<\/h2>\n<p>Plonge imm\u00e9diatement dans l\u2019univers culte de Kill Bill avec ce set de 3 tanto aussi \u00e9l\u00e9gant que symbolique. Chaque pi\u00e8ce poss\u00e8de sa propre identit\u00e9, tout en formant un ensemble coh\u00e9rent et visuellement puissant. Les lames en acier inoxydable de 28 cm affichent des gravures fid\u00e8les, nettes et contrast\u00e9es. Ensuite, les fourreaux en ABS laqu\u00e9 noir subliment chaque tanto avec des id\u00e9ogrammes dor\u00e9s distinctifs. Enfin, le support en bois d\u00e9cor\u00e9 vient magnifier l\u2019ensemble avec une pr\u00e9sentation digne d\u2019un v\u00e9ritable sanctuaire de collectionneur.<\/p>\n<p>Ce set trouve toute sa puissance lorsqu\u2019il est associ\u00e9 \u00e0 d\u2019autres r\u00e9pliques embl\u00e9matiques de l\u2019univers. Ainsi, pour une collection coh\u00e9rente et impressionnante, d\u00e9couvre \u00e9galement le <a href=\"https:\/\/repliquemangacine.fr\/de\/katana-kill-bill\/katana-der-mariee-kill-bill-beatrix\/\">Katana der Braut<\/a>, das von Hattori Hanzo speziell f\u00fcr Beatrix Kiddo hergestellt wurde. Entdecke auch den Shirasaya von O-ren-ishii, der ganz in Schwarz gekleidet ist. Wir erinnern uns an ihre Konfrontation mit der Braut. Sie k\u00e4mpfte n\u00e4mlich mit dem Schwert in ihrer Rechten und der Scheide in ihrer Linken und trennte so Beleidigung und Verteidigung.<\/p>\n<h2>Ein einzigartiges Trio, das den Details des Films treu bleibt<\/h2>\n<p>Jedes Tanto erz\u00e4hlt eine bestimmte Geschichte. Das Tanto der Braut tr\u00e4gt das emblematische Ideogramm von <a href=\"https:\/\/killbill.fandom.com\/wiki\/Hattori_Hanz%C5%8D\" target=\"_blank\" rel=\"noopener noreferrer\">Hattori Hanzo<\/a>, ein Symbol f\u00fcr Exzellenz und kontrollierte Rache. Bills Tanto zeigt einen D\u00e4monenkopf, der seine komplexe und erbarmungslose Pers\u00f6nlichkeit widerspiegelt. Und schlie\u00dflich enth\u00fcllt Budds Tanto eine emotionale Inschrift: \u201cTo my brother Budd, The only man I ever loved - Bill\u201d. Dieses Detail verst\u00e4rkt sofort die Authentizit\u00e4t und die emotionale Wirkung der M\u00fcnze.<\/p>\n<h2>Ein Sammlerst\u00fcck zwischen Kultkino und japanischer \u00c4sthetik<\/h2>\n<p>Dieses Set ist nicht nur dekorativ, sondern verk\u00f6rpert ein echtes St\u00fcck Kino. So passt es perfekt neben andere ikonische St\u00fccke wie das Katana der Braut oder die Schwerter, die vom feudalen Japan inspiriert sind. Ob du nun ein anspruchsvoller Sammler oder ein leidenschaftlicher Cosplay-Fan bist, dieses Trio bietet ein perfektes Gleichgewicht zwischen \u00c4sthetik, Symbolik und starker visueller Pr\u00e4senz. Dar\u00fcber hinaus verleiht das Tanto-Format einen selteneren und raffinierteren Touch, der gegen\u00fcber den klassischen Katanas oft vernachl\u00e4ssigt wird.<\/p>","protected":false},"excerpt":{"rendered":"<p>Das legend\u00e4re Trio aus Kill Bill vereint in einem einzigen St\u00fcck... bereit, deine Sammlung zu pr\u00e4gen.<\/p>\n<p><strong>Eigenschaften des 3er-Sets Tanto Kill Bill<\/strong><\/p>\n<ul>\n<li>Klingen aus rostfreiem Stahl mit deutlichen Gravuren<\/li>\n<li>Klingenl\u00e4nge: 28 cm<\/li>\n<li>Gesamtl\u00e4nge: 45 cm<\/li>\n<li>Klingenbreite: 2 cm<\/li>\n<li>Garde aus bearbeitetem Metall<\/li>\n<li>ABS-Griff mit schwarzem Baumwollgeflecht<\/li>\n<li>Schwarz lackierte ABS-Scheide mit goldenen Ideogrammen<\/li>\n<li>Inklusive Holzst\u00e4nder mit 3 Symbolen<\/li>\n<li>Set bestehend aus 3 Tantos: Braut, Bill, Budd<\/li>\n<\/ul>","protected":false},"featured_media":97942,"template":"","meta":[],"product_brand":[],"product_cat":[71,107],"product_tag":[],"class_list":{"0":"post-97938","1":"product","2":"type-product","3":"status-publish","4":"has-post-thumbnail","6":"product_cat-katana-kill-bill","7":"product_cat-nouveautes","9":"first","10":"instock","11":"taxable","12":"shipping-taxable","13":"purchasable","14":"product-type-simple"},"yoast_head":"<!-- This site is optimized with the Yoast SEO plugin v27.4 - https:\/\/yoast.com\/product\/yoast-seo-wordpress\/ -->\n<title>Set de 3 Tanto Kill Bill - Hattori Hanzo - R\u00e9plique Manga Cin\u00e9<\/title>\n<meta name=\"description\" content=\"Set de 3 tanto Kill Bill avec gravures fid\u00e8les, support bois et finitions premium. Pi\u00e8ce incontournable pour collectionneur et fan du film culte.\" \/>\n<meta name=\"robots\" content=\"index, follow, max-snippet:-1, max-image-preview:large, max-video-preview:-1\" \/>\n<link rel=\"canonical\" href=\"https:\/\/repliquemangacine.fr\/de\/katana-kill-bill\/3er-set-tanto-kill-bill-hattori-hanzo\/\" \/>\n<meta property=\"og:locale\" content=\"de_DE\" \/>\n<meta property=\"og:type\" content=\"article\" \/>\n<meta property=\"og:title\" content=\"Set de 3 Tanto Kill Bill - Hattori Hanzo - R\u00e9plique Manga Cin\u00e9\" \/>\n<meta property=\"og:description\" content=\"Set de 3 tanto Kill Bill avec gravures fid\u00e8les, support bois et finitions premium. Pi\u00e8ce incontournable pour collectionneur et fan du film culte.\" \/>\n<meta property=\"og:url\" content=\"https:\/\/repliquemangacine.fr\/de\/katana-kill-bill\/3er-set-tanto-kill-bill-hattori-hanzo\/\" \/>\n<meta property=\"og:site_name\" content=\"R\u00e9plique Manga Cin\u00e9\" \/>\n<meta property=\"article:publisher\" content=\"https:\/\/www.facebook.com\/RepliqueMangaCine\" \/>\n<meta property=\"article:modified_time\" content=\"2026-04-17T16:43:10+00:00\" \/>\n<meta property=\"og:image\" content=\"https:\/\/repliquemangacine.fr\/wp-content\/uploads\/2026\/04\/Set-3-tanto-kill-bill-sur-le-support.webp\" \/>\n\t<meta property=\"og:image:width\" content=\"700\" \/>\n\t<meta property=\"og:image:height\" content=\"700\" \/>\n\t<meta property=\"og:image:type\" content=\"image\/webp\" \/>\n<meta name=\"twitter:card\" content=\"summary_large_image\" \/>\n<meta name=\"twitter:label1\" content=\"Gesch\u00e4tzte Lesezeit\" \/>\n\t<meta name=\"twitter:data1\" content=\"2\u00a0Minuten\" \/>\n<script type=\"application\/ld+json\" class=\"yoast-schema-graph\">{\"@context\":\"https:\\\/\\\/schema.org\",\"@graph\":[{\"@type\":\"WebPage\",\"@id\":\"https:\\\/\\\/repliquemangacine.fr\\\/katana-kill-bill\\\/set-de-3-tanto-kill-bill-hattori-hanzo\\\/\",\"url\":\"https:\\\/\\\/repliquemangacine.fr\\\/katana-kill-bill\\\/set-de-3-tanto-kill-bill-hattori-hanzo\\\/\",\"name\":\"Set de 3 Tanto Kill Bill - Hattori Hanzo - R\u00e9plique Manga Cin\u00e9\",\"isPartOf\":{\"@id\":\"https:\\\/\\\/repliquemangacine.fr\\\/#website\"},\"primaryImageOfPage\":{\"@id\":\"https:\\\/\\\/repliquemangacine.fr\\\/katana-kill-bill\\\/set-de-3-tanto-kill-bill-hattori-hanzo\\\/#primaryimage\"},\"image\":{\"@id\":\"https:\\\/\\\/repliquemangacine.fr\\\/katana-kill-bill\\\/set-de-3-tanto-kill-bill-hattori-hanzo\\\/#primaryimage\"},\"thumbnailUrl\":\"https:\\\/\\\/repliquemangacine.fr\\\/wp-content\\\/uploads\\\/2026\\\/04\\\/Set-3-tanto-kill-bill-sur-le-support.webp\",\"datePublished\":\"2026-04-17T16:41:31+00:00\",\"dateModified\":\"2026-04-17T16:43:10+00:00\",\"description\":\"Set de 3 tanto Kill Bill avec gravures fid\u00e8les, support bois et finitions premium. Pi\u00e8ce incontournable pour collectionneur et fan du film culte.\",\"breadcrumb\":{\"@id\":\"https:\\\/\\\/repliquemangacine.fr\\\/katana-kill-bill\\\/set-de-3-tanto-kill-bill-hattori-hanzo\\\/#breadcrumb\"},\"inLanguage\":\"de\",\"potentialAction\":[{\"@type\":\"ReadAction\",\"target\":[\"https:\\\/\\\/repliquemangacine.fr\\\/katana-kill-bill\\\/set-de-3-tanto-kill-bill-hattori-hanzo\\\/\"]}]},{\"@type\":\"ImageObject\",\"inLanguage\":\"de\",\"@id\":\"https:\\\/\\\/repliquemangacine.fr\\\/katana-kill-bill\\\/set-de-3-tanto-kill-bill-hattori-hanzo\\\/#primaryimage\",\"url\":\"https:\\\/\\\/repliquemangacine.fr\\\/wp-content\\\/uploads\\\/2026\\\/04\\\/Set-3-tanto-kill-bill-sur-le-support.webp\",\"contentUrl\":\"https:\\\/\\\/repliquemangacine.fr\\\/wp-content\\\/uploads\\\/2026\\\/04\\\/Set-3-tanto-kill-bill-sur-le-support.webp\",\"width\":700,\"height\":700,\"caption\":\"Set de 3 Tanto Kill Bill sur support\"},{\"@type\":\"BreadcrumbList\",\"@id\":\"https:\\\/\\\/repliquemangacine.fr\\\/katana-kill-bill\\\/set-de-3-tanto-kill-bill-hattori-hanzo\\\/#breadcrumb\",\"itemListElement\":[{\"@type\":\"ListItem\",\"position\":1,\"name\":\"Accueil\",\"item\":\"https:\\\/\\\/repliquemangacine.fr\\\/\"},{\"@type\":\"ListItem\",\"position\":2,\"name\":\"Produits\",\"item\":\"https:\\\/\\\/repliquemangacine.fr\\\/boutique\\\/\"},{\"@type\":\"ListItem\",\"position\":3,\"name\":\"Set de 3 Tanto Kill Bill &#8211; Hattori Hanzo\"}]},{\"@type\":\"WebSite\",\"@id\":\"https:\\\/\\\/repliquemangacine.fr\\\/#website\",\"url\":\"https:\\\/\\\/repliquemangacine.fr\\\/\",\"name\":\"R\u00e9plique Manga Cin\u00e9\",\"description\":\"\",\"publisher\":{\"@id\":\"https:\\\/\\\/repliquemangacine.fr\\\/#organization\"},\"potentialAction\":[{\"@type\":\"SearchAction\",\"target\":{\"@type\":\"EntryPoint\",\"urlTemplate\":\"https:\\\/\\\/repliquemangacine.fr\\\/?s={search_term_string}\"},\"query-input\":{\"@type\":\"PropertyValueSpecification\",\"valueRequired\":true,\"valueName\":\"search_term_string\"}}],\"inLanguage\":\"de\"},{\"@type\":\"Organization\",\"@id\":\"https:\\\/\\\/repliquemangacine.fr\\\/#organization\",\"name\":\"R\u00e9plique Manga Cin\u00e9\",\"url\":\"https:\\\/\\\/repliquemangacine.fr\\\/\",\"logo\":{\"@type\":\"ImageObject\",\"inLanguage\":\"de\",\"@id\":\"https:\\\/\\\/repliquemangacine.fr\\\/#\\\/schema\\\/logo\\\/image\\\/\",\"url\":\"https:\\\/\\\/repliquemangacine.fr\\\/wp-content\\\/uploads\\\/2023\\\/10\\\/RMC-500250.png\",\"contentUrl\":\"https:\\\/\\\/repliquemangacine.fr\\\/wp-content\\\/uploads\\\/2023\\\/10\\\/RMC-500250.png\",\"width\":500,\"height\":250,\"caption\":\"R\u00e9plique Manga Cin\u00e9\"},\"image\":{\"@id\":\"https:\\\/\\\/repliquemangacine.fr\\\/#\\\/schema\\\/logo\\\/image\\\/\"},\"sameAs\":[\"https:\\\/\\\/www.facebook.com\\\/RepliqueMangaCine\",\"https:\\\/\\\/www.instagram.com\\\/repliquemangacine.fr\\\/\"]}]}<\/script>\n<!-- \/ Yoast SEO plugin. -->","yoast_head_json":{"title":"3er-Set Tanto Kill Bill - Hattori Hanzo - R\u00e9plique Manga Cin\u00e9","description":"3-teiliges Kill Bill Tanto-Set mit originalgetreuen Gravuren, Holzunterlage und Premium-Finish. Ein Muss f\u00fcr Sammler und Fans des Kultfilms.","robots":{"index":"index","follow":"follow","max-snippet":"max-snippet:-1","max-image-preview":"max-image-preview:large","max-video-preview":"max-video-preview:-1"},"canonical":"https:\/\/repliquemangacine.fr\/de\/katana-kill-bill\/3er-set-tanto-kill-bill-hattori-hanzo\/","og_locale":"de_DE","og_type":"article","og_title":"Set de 3 Tanto Kill Bill - Hattori Hanzo - R\u00e9plique Manga Cin\u00e9","og_description":"Set de 3 tanto Kill Bill avec gravures fid\u00e8les, support bois et finitions premium. Pi\u00e8ce incontournable pour collectionneur et fan du film culte.","og_url":"https:\/\/repliquemangacine.fr\/de\/katana-kill-bill\/3er-set-tanto-kill-bill-hattori-hanzo\/","og_site_name":"R\u00e9plique Manga Cin\u00e9","article_publisher":"https:\/\/www.facebook.com\/RepliqueMangaCine","article_modified_time":"2026-04-17T16:43:10+00:00","og_image":[{"width":700,"height":700,"url":"https:\/\/repliquemangacine.fr\/wp-content\/uploads\/2026\/04\/Set-3-tanto-kill-bill-sur-le-support.webp","type":"image\/webp"}],"twitter_card":"summary_large_image","twitter_misc":{"Gesch\u00e4tzte Lesezeit":"2\u00a0Minuten"},"schema":{"@context":"https:\/\/schema.org","@graph":[{"@type":"WebPage","@id":"https:\/\/repliquemangacine.fr\/katana-kill-bill\/set-de-3-tanto-kill-bill-hattori-hanzo\/","url":"https:\/\/repliquemangacine.fr\/katana-kill-bill\/set-de-3-tanto-kill-bill-hattori-hanzo\/","name":"3er-Set Tanto Kill Bill - Hattori Hanzo - R\u00e9plique Manga Cin\u00e9","isPartOf":{"@id":"https:\/\/repliquemangacine.fr\/#website"},"primaryImageOfPage":{"@id":"https:\/\/repliquemangacine.fr\/katana-kill-bill\/set-de-3-tanto-kill-bill-hattori-hanzo\/#primaryimage"},"image":{"@id":"https:\/\/repliquemangacine.fr\/katana-kill-bill\/set-de-3-tanto-kill-bill-hattori-hanzo\/#primaryimage"},"thumbnailUrl":"https:\/\/repliquemangacine.fr\/wp-content\/uploads\/2026\/04\/Set-3-tanto-kill-bill-sur-le-support.webp","datePublished":"2026-04-17T16:41:31+00:00","dateModified":"2026-04-17T16:43:10+00:00","description":"3-teiliges Kill Bill Tanto-Set mit originalgetreuen Gravuren, Holzunterlage und Premium-Finish. Ein Muss f\u00fcr Sammler und Fans des Kultfilms.","breadcrumb":{"@id":"https:\/\/repliquemangacine.fr\/katana-kill-bill\/set-de-3-tanto-kill-bill-hattori-hanzo\/#breadcrumb"},"inLanguage":"de","potentialAction":[{"@type":"ReadAction","target":["https:\/\/repliquemangacine.fr\/katana-kill-bill\/set-de-3-tanto-kill-bill-hattori-hanzo\/"]}]},{"@type":"ImageObject","inLanguage":"de","@id":"https:\/\/repliquemangacine.fr\/katana-kill-bill\/set-de-3-tanto-kill-bill-hattori-hanzo\/#primaryimage","url":"https:\/\/repliquemangacine.fr\/wp-content\/uploads\/2026\/04\/Set-3-tanto-kill-bill-sur-le-support.webp","contentUrl":"https:\/\/repliquemangacine.fr\/wp-content\/uploads\/2026\/04\/Set-3-tanto-kill-bill-sur-le-support.webp","width":700,"height":700,"caption":"Set de 3 Tanto Kill Bill sur support"},{"@type":"BreadcrumbList","@id":"https:\/\/repliquemangacine.fr\/katana-kill-bill\/set-de-3-tanto-kill-bill-hattori-hanzo\/#breadcrumb","itemListElement":[{"@type":"ListItem","position":1,"name":"Accueil","item":"https:\/\/repliquemangacine.fr\/"},{"@type":"ListItem","position":2,"name":"Produits","item":"https:\/\/repliquemangacine.fr\/boutique\/"},{"@type":"ListItem","position":3,"name":"Set de 3 Tanto Kill Bill &#8211; Hattori Hanzo"}]},{"@type":"WebSite","@id":"https:\/\/repliquemangacine.fr\/#website","url":"https:\/\/repliquemangacine.fr\/","name":"R\u00e9plique Manga Cin\u00e9","description":"","publisher":{"@id":"https:\/\/repliquemangacine.fr\/#organization"},"potentialAction":[{"@type":"SearchAction","target":{"@type":"EntryPoint","urlTemplate":"https:\/\/repliquemangacine.fr\/?s={search_term_string}"},"query-input":{"@type":"PropertyValueSpecification","valueRequired":true,"valueName":"search_term_string"}}],"inLanguage":"de"},{"@type":"Organization","@id":"https:\/\/repliquemangacine.fr\/#organization","name":"R\u00e9plique Manga Cin\u00e9","url":"https:\/\/repliquemangacine.fr\/","logo":{"@type":"ImageObject","inLanguage":"de","@id":"https:\/\/repliquemangacine.fr\/#\/schema\/logo\/image\/","url":"https:\/\/repliquemangacine.fr\/wp-content\/uploads\/2023\/10\/RMC-500250.png","contentUrl":"https:\/\/repliquemangacine.fr\/wp-content\/uploads\/2023\/10\/RMC-500250.png","width":500,"height":250,"caption":"R\u00e9plique Manga Cin\u00e9"},"image":{"@id":"https:\/\/repliquemangacine.fr\/#\/schema\/logo\/image\/"},"sameAs":["https:\/\/www.facebook.com\/RepliqueMangaCine","https:\/\/www.instagram.com\/repliquemangacine.fr\/"]}]}},"_links":{"self":[{"href":"https:\/\/repliquemangacine.fr\/de\/wp-json\/wp\/v2\/product\/97938","targetHints":{"allow":["GET"]}}],"collection":[{"href":"https:\/\/repliquemangacine.fr\/de\/wp-json\/wp\/v2\/product"}],"about":[{"href":"https:\/\/repliquemangacine.fr\/de\/wp-json\/wp\/v2\/types\/product"}],"wp:featuredmedia":[{"embeddable":true,"href":"https:\/\/repliquemangacine.fr\/de\/wp-json\/wp\/v2\/media\/97942"}],"wp:attachment":[{"href":"https:\/\/repliquemangacine.fr\/de\/wp-json\/wp\/v2\/media?parent=97938"}],"wp:term":[{"taxonomy":"product_brand","embeddable":true,"href":"https:\/\/repliquemangacine.fr\/de\/wp-json\/wp\/v2\/product_brand?post=97938"},{"taxonomy":"product_cat","embeddable":true,"href":"https:\/\/repliquemangacine.fr\/de\/wp-json\/wp\/v2\/product_cat?post=97938"},{"taxonomy":"product_tag","embeddable":true,"href":"https:\/\/repliquemangacine.fr\/de\/wp-json\/wp\/v2\/product_tag?post=97938"}],"curies":[{"name":"wp","href":"https:\/\/api.w.org\/{rel}","templated":true}]}}