





{"id":97348,"date":"2026-04-01T16:56:32","date_gmt":"2026-04-01T14:56:32","guid":{"rendered":"https:\/\/repliquemangacine.fr\/?post_type=product&#038;p=97348"},"modified":"2026-05-06T03:26:04","modified_gmt":"2026-05-06T01:26:04","slug":"katana-blutfluss-elden-ring","status":"publish","type":"product","link":"https:\/\/repliquemangacine.fr\/de\/elden-ring\/katana-riviere-de-sang-elden-ring\/","title":{"rendered":"Katana Blutfluss 130 cm - Elden Ring"},"content":{"rendered":"<h2>Elden Ring Blood River Katana: Ein rotes Replikat, das alle Blicke auf sich zieht<\/h2>\n<p>Das Blutfluss-Katana ist ein St\u00fcck, das nie unbemerkt bleibt. Erstens sorgt seine rot lackierte Klinge aus 440er Stahl f\u00fcr einen sofortigen visuellen Eindruck. Zweitens verst\u00e4rken seine wellenf\u00f6rmigen Rillen die Illusion der Wasserbewegung. Das Ergebnis ist atemberaubend. Diese Replik vereint also Eleganz, visuelle Gewalt und Fantasy-Finish in einem seltenen Gleichgewicht. Der schwarz-goldene Metallb\u00fcgel verleiht der Waffe einen edlen und bedrohlichen Touch. Dar\u00fcber hinaus verleiht der mit roter Rochenhaut-Imitation \u00fcberzogene Holzgriff Relief und Charakter. Schlie\u00dflich sorgt das Geflecht aus schwarzem Kunstleder f\u00fcr eine hervorragende Pr\u00e4senz in der Hand. Mit einer Klingenl\u00e4nge von 81 cm und einer Gesamtl\u00e4nge von 130 cm mit Scheide bietet dieses Katana eine bemerkenswerte Spannweite. Es ist daher ein ideales Replikat f\u00fcr eine markante Sammlung oder eine Dekoration, die ihren Rang unterstreicht.<\/p>\n<h3>Ein sofort erkennbares Design<\/h3>\n<p>Die tiefrote Farbe zieht das Auge m\u00fchelos an. Es sind jedoch die geschnitzten Details, die seine Pers\u00f6nlichkeit signalisieren.<\/p>\n<h3>Auf visuelle Wirkung ausgelegte Oberfl\u00e4chen<\/h3>\n<p>Der Kontrast zwischen Rot, Schwarz und Gold verleiht diesem Raum einen dunklen, luxuri\u00f6sen und schrecklich effektiven Stil.<\/p>\n<h2>Im Elden Ring verk\u00f6rpert das Blutfluss-Katana eine kultige und gef\u00fcrchtete Waffe.<\/h2>\n<p>In der Welt von\u2019<a href=\"https:\/\/eldenring.fandom.com\/fr\/wiki\/Wiki_Elden_Ring\" target=\"_blank\" rel=\"noopener noreferrer\">Elden Ring<\/a>, Das Blutfluss-Katana erinnert sofort an eine Waffe, die mit Brutalit\u00e4t, Geschwindigkeit und einem furchterregenden Kampfstil in Verbindung gebracht wird. Es spricht Spieler an, die Klingen mit einer starken Identit\u00e4t m\u00f6gen. So spricht diese Replik nicht nur die Liebhaber von Fantasy-Waffen an. Sie ber\u00fchrt auch Fans des Spiels, die ein starkes Symbol ihres Abenteuers ausstellen m\u00f6chten. Ihr gequ\u00e4ltes Aussehen erinnert perfekt an die d\u00fcstere und unbarmherzige Atmosph\u00e4re der von FromSoftware geschaffenen Welt. Daher passt sie gut in eine Sammlung von Dark-Fantasy-Welten, <a href=\"https:\/\/repliquemangacine.fr\/de\/katana-und-schwert-von-videospielen-andere-videospiele\/\">Katanas aus Videospielen<\/a> und ikonische Objekte. Es ist nicht einfach nur ein dekoratives Katana. Es ist ein St\u00fcck, das sofort an Gefahr, Macht und Prestige erinnert. F\u00fcr einen leidenschaftlichen Anh\u00e4nger des Elden Rings ist die Wirkung klar: Man schaut diese Replik nicht an, man betrachtet sie. Und, seien wir ehrlich, sie hat eindeutig das Charisma eines Endbosses.<\/p>\n<h3>Blutfluss-Katana: Eine ikonische Waffe f\u00fcr Fans des Spiels<\/h3>\n<p>Diese Replik erm\u00f6glicht ein l\u00e4ngeres Spielerlebnis, auch wenn die Konsole ausgeschaltet ist.<\/p>\n<h3>Eine starke Pr\u00e4senz in einer Fantasy-Sammlung<\/h3>\n<p>Sie ist die perfekte Erg\u00e4nzung zu einer Vitrine, die dunklen Welten gewidmet ist, <a href=\"https:\/\/repliquemangacine.fr\/de\/fantasy-schwerter-und-dolche\/\">Schwerter und S\u00e4bel Fantasy<\/a>.<\/p>\n<h2>Eine Elden Ring-Kollektion, die von legend\u00e4ren Waffen dominiert wird<\/h2>\n<p>Neben den Katanas gibt es in der Welt von Elden Ring noch viele andere Waffen, die einfach unvergesslich sind. Zum Beispiel die <a href=\"https:\/\/repliquemangacine.fr\/de\/elden-ring\/dark-moon-greatsword-metal-elden-ring\/\">Dark Moon Greatsword <\/a>beeindruckt durch seine mystische Aura und seine imposante Silhouette. Anschlie\u00dfend wird die <a href=\"https:\/\/repliquemangacine.fr\/de\/elden-ring\/schwert-bloodhound-fang-elden-ring\/\">Bloodhound Fang<\/a> besticht durch seine einzigartige Kr\u00fcmmung und seinen brutalen Stil. Auf der anderen Seite <a href=\"https:\/\/repliquemangacine.fr\/de\/elden-ring\/groses-katana-des-drachenjagers-elden-ring\/\">gro\u00dfes Katana Drachenj\u00e4ger<\/a> erinnert an eine wilde Kraft, die f\u00fcr titanische K\u00e4mpfe geschaffen ist. Das Schwert Heilige Reliquie schlie\u00dflich verleiht mit seinem hellen und eleganten Design eine fast g\u00f6ttliche Dimension.<\/p>\n<p>So hat jedes St\u00fcck eine starke Identit\u00e4t und erg\u00e4nzt eine Sammlung perfekt. Diese Waffen sind nicht einfach nur eine \u00e4sthetische Wahl, sondern erm\u00f6glichen es, den gesamten visuellen Reichtum des Spiels nachzubilden. Das Ergebnis ist, dass deine Sammlung an Vielfalt, Charakter und unmittelbarer visueller Wirkung gewinnt.<\/p>","protected":false},"excerpt":{"rendered":"<p>Mit seiner roten, gewellten Klinge und seinem verheerenden Stil verwandelt das Blutfluss-Katana eine Sammlung sofort in ein legend\u00e4res Terrain.<\/p>\n<p><strong>Das Blutfluss-Katana von Elden Ring besticht sofort durch sein spektakul\u00e4res Design.<\/strong><\/p>\n<p>Seine rote Klinge aus 440er Stahl weist gerillte Wellen auf, die an einen lebendigen Strom erinnern.<br \/>\nSein schwarz-goldener Guard verst\u00e4rkt sein edles und bedrohliches Aussehen.<br \/>\nSchlie\u00dflich sorgen der rote, geflochtene Griff und die schwarze Scheide f\u00fcr ein tolles optisches Finish.<\/p>\n<p><strong>Merkmale<\/strong> :<\/p>\n<ul>\n<li>Rot lackierte Klinge aus 440er Stahl<\/li>\n<li>Rillen mit Welleneffekt f\u00fcr die Illusion von Wasser<\/li>\n<li>Schwarz-goldene Metallgarde<\/li>\n<li>Holzgriff mit roter Rochenhautimitation<\/li>\n<li>Schwarzer Kunstlederzopf<\/li>\n<li>Holzscheide mit schwarzem Filz \u00fcberzogen<\/li>\n<li>L\u00e4nge der Klinge: 81 cm - Gesamtl\u00e4nge mit Scheide: 130 cm<\/li>\n<li>Gewicht: 1250 g mit Scheide<\/li>\n<\/ul>","protected":false},"featured_media":97350,"template":"","meta":[],"product_brand":[],"product_cat":[876,107],"product_tag":[1025,1024],"class_list":{"0":"post-97348","1":"product","2":"type-product","3":"status-publish","4":"has-post-thumbnail","6":"product_cat-elden-ring","7":"product_cat-nouveautes","8":"product_tag-arme-elden-ring-riviere-de-sang","9":"product_tag-replique-katana-elden-ring","11":"first","12":"outofstock","13":"taxable","14":"shipping-taxable","15":"purchasable","16":"product-type-simple"},"yoast_head":"<!-- This site is optimized with the Yoast SEO plugin v27.6 - https:\/\/yoast.com\/product\/yoast-seo-wordpress\/ -->\n<title>Katana Rivi\u00e8re de Sang 130 cm - Elden Ring - R\u00e9plique Manga Cin\u00e9<\/title>\n<meta name=\"description\" content=\"D\u00e9couvrez le katana rivi\u00e8re de sang d\u2019Elden Ring, une r\u00e9plique impressionnante de 130 cm avec lame rouge en acier 440, garde m\u00e9tal noir et dor\u00e9.\" \/>\n<meta name=\"robots\" content=\"index, follow, max-snippet:-1, max-image-preview:large, max-video-preview:-1\" \/>\n<link rel=\"canonical\" href=\"https:\/\/repliquemangacine.fr\/de\/elden-ring\/katana-blutfluss-elden-ring\/\" \/>\n<meta property=\"og:locale\" content=\"de_DE\" \/>\n<meta property=\"og:type\" content=\"article\" \/>\n<meta property=\"og:title\" content=\"Katana Rivi\u00e8re de Sang 130 cm - Elden Ring - R\u00e9plique Manga Cin\u00e9\" \/>\n<meta property=\"og:description\" content=\"D\u00e9couvrez le katana rivi\u00e8re de sang d\u2019Elden Ring, une r\u00e9plique impressionnante de 130 cm avec lame rouge en acier 440, garde m\u00e9tal noir et dor\u00e9.\" \/>\n<meta property=\"og:url\" content=\"https:\/\/repliquemangacine.fr\/de\/elden-ring\/katana-blutfluss-elden-ring\/\" \/>\n<meta property=\"og:site_name\" content=\"R\u00e9plique Manga Cin\u00e9\" \/>\n<meta property=\"article:publisher\" content=\"https:\/\/www.facebook.com\/RepliqueMangaCine\" \/>\n<meta property=\"article:modified_time\" content=\"2026-05-06T01:26:04+00:00\" \/>\n<meta property=\"og:image\" content=\"https:\/\/repliquemangacine.fr\/wp-content\/uploads\/2026\/04\/katana-riviere-de-sang-elden-ring.webp\" \/>\n\t<meta property=\"og:image:width\" content=\"700\" \/>\n\t<meta property=\"og:image:height\" content=\"700\" \/>\n\t<meta property=\"og:image:type\" content=\"image\/webp\" \/>\n<meta name=\"twitter:card\" content=\"summary_large_image\" \/>\n<meta name=\"twitter:label1\" content=\"Gesch\u00e4tzte Lesezeit\" \/>\n\t<meta name=\"twitter:data1\" content=\"3\u00a0Minuten\" \/>\n<script type=\"application\/ld+json\" class=\"yoast-schema-graph\">{\"@context\":\"https:\\\/\\\/schema.org\",\"@graph\":[{\"@type\":\"WebPage\",\"@id\":\"https:\\\/\\\/repliquemangacine.fr\\\/elden-ring\\\/katana-riviere-de-sang-elden-ring\\\/\",\"url\":\"https:\\\/\\\/repliquemangacine.fr\\\/elden-ring\\\/katana-riviere-de-sang-elden-ring\\\/\",\"name\":\"Katana Rivi\u00e8re de Sang 130 cm - Elden Ring - R\u00e9plique Manga Cin\u00e9\",\"isPartOf\":{\"@id\":\"https:\\\/\\\/repliquemangacine.fr\\\/#website\"},\"primaryImageOfPage\":{\"@id\":\"https:\\\/\\\/repliquemangacine.fr\\\/elden-ring\\\/katana-riviere-de-sang-elden-ring\\\/#primaryimage\"},\"image\":{\"@id\":\"https:\\\/\\\/repliquemangacine.fr\\\/elden-ring\\\/katana-riviere-de-sang-elden-ring\\\/#primaryimage\"},\"thumbnailUrl\":\"https:\\\/\\\/repliquemangacine.fr\\\/wp-content\\\/uploads\\\/2026\\\/04\\\/katana-riviere-de-sang-elden-ring.webp\",\"datePublished\":\"2026-04-01T14:56:32+00:00\",\"dateModified\":\"2026-05-06T01:26:04+00:00\",\"description\":\"D\u00e9couvrez le katana rivi\u00e8re de sang d\u2019Elden Ring, une r\u00e9plique impressionnante de 130 cm avec lame rouge en acier 440, garde m\u00e9tal noir et dor\u00e9.\",\"breadcrumb\":{\"@id\":\"https:\\\/\\\/repliquemangacine.fr\\\/elden-ring\\\/katana-riviere-de-sang-elden-ring\\\/#breadcrumb\"},\"inLanguage\":\"de\",\"potentialAction\":[{\"@type\":\"ReadAction\",\"target\":[\"https:\\\/\\\/repliquemangacine.fr\\\/elden-ring\\\/katana-riviere-de-sang-elden-ring\\\/\"]}]},{\"@type\":\"ImageObject\",\"inLanguage\":\"de\",\"@id\":\"https:\\\/\\\/repliquemangacine.fr\\\/elden-ring\\\/katana-riviere-de-sang-elden-ring\\\/#primaryimage\",\"url\":\"https:\\\/\\\/repliquemangacine.fr\\\/wp-content\\\/uploads\\\/2026\\\/04\\\/katana-riviere-de-sang-elden-ring.webp\",\"contentUrl\":\"https:\\\/\\\/repliquemangacine.fr\\\/wp-content\\\/uploads\\\/2026\\\/04\\\/katana-riviere-de-sang-elden-ring.webp\",\"width\":700,\"height\":700,\"caption\":\"Katana Rivi\u00e8re de Sang 130 cm - Elden Ring\"},{\"@type\":\"BreadcrumbList\",\"@id\":\"https:\\\/\\\/repliquemangacine.fr\\\/elden-ring\\\/katana-riviere-de-sang-elden-ring\\\/#breadcrumb\",\"itemListElement\":[{\"@type\":\"ListItem\",\"position\":1,\"name\":\"Accueil\",\"item\":\"https:\\\/\\\/repliquemangacine.fr\\\/\"},{\"@type\":\"ListItem\",\"position\":2,\"name\":\"Produits\",\"item\":\"https:\\\/\\\/repliquemangacine.fr\\\/boutique\\\/\"},{\"@type\":\"ListItem\",\"position\":3,\"name\":\"Katana Rivi\u00e8re de Sang 130 cm &#8211; Elden Ring\"}]},{\"@type\":\"WebSite\",\"@id\":\"https:\\\/\\\/repliquemangacine.fr\\\/#website\",\"url\":\"https:\\\/\\\/repliquemangacine.fr\\\/\",\"name\":\"R\u00e9plique Manga Cin\u00e9\",\"description\":\"\",\"publisher\":{\"@id\":\"https:\\\/\\\/repliquemangacine.fr\\\/#organization\"},\"potentialAction\":[{\"@type\":\"SearchAction\",\"target\":{\"@type\":\"EntryPoint\",\"urlTemplate\":\"https:\\\/\\\/repliquemangacine.fr\\\/?s={search_term_string}\"},\"query-input\":{\"@type\":\"PropertyValueSpecification\",\"valueRequired\":true,\"valueName\":\"search_term_string\"}}],\"inLanguage\":\"de\"},{\"@type\":\"Organization\",\"@id\":\"https:\\\/\\\/repliquemangacine.fr\\\/#organization\",\"name\":\"R\u00e9plique Manga Cin\u00e9\",\"url\":\"https:\\\/\\\/repliquemangacine.fr\\\/\",\"logo\":{\"@type\":\"ImageObject\",\"inLanguage\":\"de\",\"@id\":\"https:\\\/\\\/repliquemangacine.fr\\\/#\\\/schema\\\/logo\\\/image\\\/\",\"url\":\"https:\\\/\\\/repliquemangacine.fr\\\/wp-content\\\/uploads\\\/2023\\\/10\\\/RMC-500250.png\",\"contentUrl\":\"https:\\\/\\\/repliquemangacine.fr\\\/wp-content\\\/uploads\\\/2023\\\/10\\\/RMC-500250.png\",\"width\":500,\"height\":250,\"caption\":\"R\u00e9plique Manga Cin\u00e9\"},\"image\":{\"@id\":\"https:\\\/\\\/repliquemangacine.fr\\\/#\\\/schema\\\/logo\\\/image\\\/\"},\"sameAs\":[\"https:\\\/\\\/www.facebook.com\\\/RepliqueMangaCine\",\"https:\\\/\\\/www.instagram.com\\\/repliquemangacine.fr\\\/\"]}]}<\/script>\n<!-- \/ Yoast SEO plugin. -->","yoast_head_json":{"title":"Katana Fluss des Blutes 130 cm - Elden Ring - R\u00e9plique Manga Cin\u00e9","description":"Entdecken Sie das Blutfluss-Katana von Elden Ring, eine beeindruckende 130 cm lange Replik mit roter Klinge aus 440er Stahl, schwarzem und goldenem Metallschutz.","robots":{"index":"index","follow":"follow","max-snippet":"max-snippet:-1","max-image-preview":"max-image-preview:large","max-video-preview":"max-video-preview:-1"},"canonical":"https:\/\/repliquemangacine.fr\/de\/elden-ring\/katana-blutfluss-elden-ring\/","og_locale":"de_DE","og_type":"article","og_title":"Katana Rivi\u00e8re de Sang 130 cm - Elden Ring - R\u00e9plique Manga Cin\u00e9","og_description":"D\u00e9couvrez le katana rivi\u00e8re de sang d\u2019Elden Ring, une r\u00e9plique impressionnante de 130 cm avec lame rouge en acier 440, garde m\u00e9tal noir et dor\u00e9.","og_url":"https:\/\/repliquemangacine.fr\/de\/elden-ring\/katana-blutfluss-elden-ring\/","og_site_name":"R\u00e9plique Manga Cin\u00e9","article_publisher":"https:\/\/www.facebook.com\/RepliqueMangaCine","article_modified_time":"2026-05-06T01:26:04+00:00","og_image":[{"width":700,"height":700,"url":"https:\/\/repliquemangacine.fr\/wp-content\/uploads\/2026\/04\/katana-riviere-de-sang-elden-ring.webp","type":"image\/webp"}],"twitter_card":"summary_large_image","twitter_misc":{"Gesch\u00e4tzte Lesezeit":"3\u00a0Minuten"},"schema":{"@context":"https:\/\/schema.org","@graph":[{"@type":"WebPage","@id":"https:\/\/repliquemangacine.fr\/elden-ring\/katana-riviere-de-sang-elden-ring\/","url":"https:\/\/repliquemangacine.fr\/elden-ring\/katana-riviere-de-sang-elden-ring\/","name":"Katana Fluss des Blutes 130 cm - Elden Ring - R\u00e9plique Manga Cin\u00e9","isPartOf":{"@id":"https:\/\/repliquemangacine.fr\/#website"},"primaryImageOfPage":{"@id":"https:\/\/repliquemangacine.fr\/elden-ring\/katana-riviere-de-sang-elden-ring\/#primaryimage"},"image":{"@id":"https:\/\/repliquemangacine.fr\/elden-ring\/katana-riviere-de-sang-elden-ring\/#primaryimage"},"thumbnailUrl":"https:\/\/repliquemangacine.fr\/wp-content\/uploads\/2026\/04\/katana-riviere-de-sang-elden-ring.webp","datePublished":"2026-04-01T14:56:32+00:00","dateModified":"2026-05-06T01:26:04+00:00","description":"Entdecken Sie das Blutfluss-Katana von Elden Ring, eine beeindruckende 130 cm lange Replik mit roter Klinge aus 440er Stahl, schwarzem und goldenem Metallschutz.","breadcrumb":{"@id":"https:\/\/repliquemangacine.fr\/elden-ring\/katana-riviere-de-sang-elden-ring\/#breadcrumb"},"inLanguage":"de","potentialAction":[{"@type":"ReadAction","target":["https:\/\/repliquemangacine.fr\/elden-ring\/katana-riviere-de-sang-elden-ring\/"]}]},{"@type":"ImageObject","inLanguage":"de","@id":"https:\/\/repliquemangacine.fr\/elden-ring\/katana-riviere-de-sang-elden-ring\/#primaryimage","url":"https:\/\/repliquemangacine.fr\/wp-content\/uploads\/2026\/04\/katana-riviere-de-sang-elden-ring.webp","contentUrl":"https:\/\/repliquemangacine.fr\/wp-content\/uploads\/2026\/04\/katana-riviere-de-sang-elden-ring.webp","width":700,"height":700,"caption":"Katana Rivi\u00e8re de Sang 130 cm - Elden Ring"},{"@type":"BreadcrumbList","@id":"https:\/\/repliquemangacine.fr\/elden-ring\/katana-riviere-de-sang-elden-ring\/#breadcrumb","itemListElement":[{"@type":"ListItem","position":1,"name":"Accueil","item":"https:\/\/repliquemangacine.fr\/"},{"@type":"ListItem","position":2,"name":"Produits","item":"https:\/\/repliquemangacine.fr\/boutique\/"},{"@type":"ListItem","position":3,"name":"Katana Rivi\u00e8re de Sang 130 cm &#8211; Elden Ring"}]},{"@type":"WebSite","@id":"https:\/\/repliquemangacine.fr\/#website","url":"https:\/\/repliquemangacine.fr\/","name":"R\u00e9plique Manga Cin\u00e9","description":"","publisher":{"@id":"https:\/\/repliquemangacine.fr\/#organization"},"potentialAction":[{"@type":"SearchAction","target":{"@type":"EntryPoint","urlTemplate":"https:\/\/repliquemangacine.fr\/?s={search_term_string}"},"query-input":{"@type":"PropertyValueSpecification","valueRequired":true,"valueName":"search_term_string"}}],"inLanguage":"de"},{"@type":"Organization","@id":"https:\/\/repliquemangacine.fr\/#organization","name":"R\u00e9plique Manga Cin\u00e9","url":"https:\/\/repliquemangacine.fr\/","logo":{"@type":"ImageObject","inLanguage":"de","@id":"https:\/\/repliquemangacine.fr\/#\/schema\/logo\/image\/","url":"https:\/\/repliquemangacine.fr\/wp-content\/uploads\/2023\/10\/RMC-500250.png","contentUrl":"https:\/\/repliquemangacine.fr\/wp-content\/uploads\/2023\/10\/RMC-500250.png","width":500,"height":250,"caption":"R\u00e9plique Manga Cin\u00e9"},"image":{"@id":"https:\/\/repliquemangacine.fr\/#\/schema\/logo\/image\/"},"sameAs":["https:\/\/www.facebook.com\/RepliqueMangaCine","https:\/\/www.instagram.com\/repliquemangacine.fr\/"]}]}},"_links":{"self":[{"href":"https:\/\/repliquemangacine.fr\/de\/wp-json\/wp\/v2\/product\/97348","targetHints":{"allow":["GET"]}}],"collection":[{"href":"https:\/\/repliquemangacine.fr\/de\/wp-json\/wp\/v2\/product"}],"about":[{"href":"https:\/\/repliquemangacine.fr\/de\/wp-json\/wp\/v2\/types\/product"}],"wp:featuredmedia":[{"embeddable":true,"href":"https:\/\/repliquemangacine.fr\/de\/wp-json\/wp\/v2\/media\/97350"}],"wp:attachment":[{"href":"https:\/\/repliquemangacine.fr\/de\/wp-json\/wp\/v2\/media?parent=97348"}],"wp:term":[{"taxonomy":"product_brand","embeddable":true,"href":"https:\/\/repliquemangacine.fr\/de\/wp-json\/wp\/v2\/product_brand?post=97348"},{"taxonomy":"product_cat","embeddable":true,"href":"https:\/\/repliquemangacine.fr\/de\/wp-json\/wp\/v2\/product_cat?post=97348"},{"taxonomy":"product_tag","embeddable":true,"href":"https:\/\/repliquemangacine.fr\/de\/wp-json\/wp\/v2\/product_tag?post=97348"}],"curies":[{"name":"wp","href":"https:\/\/api.w.org\/{rel}","templated":true}]}}