





{"id":97280,"date":"2026-03-31T15:37:13","date_gmt":"2026-03-31T13:37:13","guid":{"rendered":"https:\/\/repliquemangacine.fr\/?post_type=product&#038;p=97280"},"modified":"2026-04-02T11:20:47","modified_gmt":"2026-04-02T09:20:47","slug":"leonidas-schild-300","status":"publish","type":"product","link":"https:\/\/repliquemangacine.fr\/de\/armes-historiques\/bouclier-leonidas-300\/","title":{"rendered":"Leonidas-Schild 300"},"content":{"rendered":"<h2>Der Geist Spartas kommt in deine Sammlung<\/h2>\n<p>Dieser Leonidas-Schild 300 setzt sofort seine Pr\u00e4senz durch. Sein massives kreisf\u00f6rmiges Design erinnert an die mythischen Schlachten des <a href=\"https:\/\/www.allocine.fr\/film\/fichefilm_gen_cfilm=57529.html\" target=\"_blank\" rel=\"noopener noreferrer\">Film 300<\/a>. So erinnert sein zentrales V-Symbol an die visuelle Identit\u00e4t der Krieger von Leonidas. Die gealterte Bronzeoberfl\u00e4che unterstreicht seinen Realismus. Jede sichtbare Einwirkung verst\u00e4rkt sein authentisches Aussehen. Dar\u00fcber hinaus vermittelt der Hammerschlag-Effekt den Eindruck eines gelebten Kampfes. Es handelt sich also nicht einfach um ein dekoratives Objekt. Es ist ein St\u00fcck, das eine Geschichte erz\u00e4hlt. Sie erinnert an Mut, Disziplin und Krieg. Folglich zieht sie in einem Raum sofort die Blicke auf sich. Sie wird zu einem zentralen Element in einer Filmsammlung. Sie ist sowohl f\u00fcr Liebhaber als auch f\u00fcr Liebhaber einer starken Dekoration geeignet.<\/p>\n<h2>Ein solides Design, das dem Kinomodell treu bleibt<\/h2>\n<p>Dieser Schild wird aus Glasfaser hergestellt. So bietet es einen hervorragenden Kompromiss zwischen Festigkeit und Gewicht. Sein Durchmesser von 60,5 cm verleiht ihm eine echte visuelle Pr\u00e4senz. Dennoch bleibt er f\u00fcr Ausstellungen oder Cosplay handhabbar. Auf der R\u00fcckseite befindet sich ein fester Griff, der f\u00fcr einen sicheren Halt sorgt. Au\u00dferdem sorgt ein Riemen f\u00fcr einen bequemen Halt am Arm. Eine Kette sorgt f\u00fcr zus\u00e4tzliche Stabilit\u00e4t. Jedes Element wurde so gestaltet, dass es die visuelle Erfahrung des Films wiedergibt. Die gealterte Textur ist besonders gelungen. Sie imitiert perfekt ein Schild, das im Kampf eingesetzt wird. Folglich ist die Gesamtwiedergabe immersiv. Es ist ein originalgetreues, stimmiges und eindrucksvolles St\u00fcck.<\/p>\n<h2>\u00a0Diese Leonidas Schild 300 ideal f\u00fcr Deko, Cosplay und Sammlung<\/h2>\n<p>Dieses Schild findet leicht seinen Platz in mehreren Welten. Zun\u00e4chst einmal veredelt es eine Wanddekoration. Mit seinem antiken Stil zieht er sofort die Aufmerksamkeit auf sich. Zweitens erg\u00e4nzt er perfekt ein Leonidas-Cosplay mit <a href=\"https:\/\/repliquemangacine.fr\/de\/katana-die-schwerter-aus-filmen-und-serien\/schwert-leonidas-glaive-aus-dem-film-300\/\">das Schwert des Leonidas<\/a>. Oder <a href=\"https:\/\/repliquemangacine.fr\/de\/waffen-assassins-creed\/assassin-s-creed-odyssey-replica-leonidas-gebrochener-speer\/\">der Speer des Leonidas<\/a> Er erh\u00f6ht die Glaubw\u00fcrdigkeit der Figur. Dennoch bleibt er in erster Linie ein dekoratives St\u00fcck. Daher eignet er sich eher f\u00fcr eine Ausstellung als f\u00fcr eine intensive Nutzung. F\u00fcr Sammler ist er ein Must-have aus der Filmgeschichte. Er verleiht einer Vitrine eine epische Dimension. Schlie\u00dflich passt es perfekt in eine historische oder Fantasy-Welt. Es ist also eine strategische Wahl, um eine Sammlung zu bereichern. Ein starkes, visuelles und sofort identifizierbares St\u00fcck.<\/p>","protected":false},"excerpt":{"rendered":"<p><strong>Technische Daten:<\/strong><\/p>\n<ul>\n<li>Typ: Dekoratives Schild<\/li>\n<li>Inspiration: Film 300 - Leonidas<\/li>\n<li>Material: Glasfaser<\/li>\n<li>Durchmesser: 60,5 cm<\/li>\n<li>Gewicht: 2,91 kg<\/li>\n<li>System: Griff + Gurt + Kette<\/li>\n<li>Ausf\u00fchrung: Bronze gealtert Used-Effekt<\/li>\n<\/ul>\n<p>Stelle dich der Geschichte mit dem legend\u00e4ren Schild von Leonidas.<br \/>\nEin roher, imposanter und sofort erkennbarer Raum.<br \/>\nPerfekt f\u00fcr eine Sammlung oder eine kriegerische Dekoration.<\/p>","protected":false},"featured_media":97281,"template":"","meta":[],"product_brand":[],"product_cat":[31,25,66,107],"product_tag":[],"class_list":{"0":"post-97280","1":"product","2":"type-product","3":"status-publish","4":"has-post-thumbnail","6":"product_cat-armes-antiques","7":"product_cat-armes-historiques","8":"product_cat-repliques-d-armes-films-et-series","9":"product_cat-nouveautes","11":"first","12":"instock","13":"taxable","14":"shipping-taxable","15":"purchasable","16":"product-type-simple"},"yoast_head":"<!-- This site is optimized with the Yoast SEO plugin v27.6 - https:\/\/yoast.com\/product\/yoast-seo-wordpress\/ -->\n<title>Bouclier Leonidas 300 - R\u00e9plique Manga Cin\u00e9<\/title>\n<meta name=\"description\" content=\"R\u00e9plique du Bouclier Leonidas 300 . Finition bronze vieilli ultra r\u00e9aliste, 60 cm. Id\u00e9al collection, d\u00e9co ou cosplay spartiate.\" \/>\n<meta name=\"robots\" content=\"index, follow, max-snippet:-1, max-image-preview:large, max-video-preview:-1\" \/>\n<link rel=\"canonical\" href=\"https:\/\/repliquemangacine.fr\/de\/historische-waffen\/leonidas-schild-300\/\" \/>\n<meta property=\"og:locale\" content=\"de_DE\" \/>\n<meta property=\"og:type\" content=\"article\" \/>\n<meta property=\"og:title\" content=\"Bouclier Leonidas 300 - R\u00e9plique Manga Cin\u00e9\" \/>\n<meta property=\"og:description\" content=\"R\u00e9plique du Bouclier Leonidas 300 . Finition bronze vieilli ultra r\u00e9aliste, 60 cm. Id\u00e9al collection, d\u00e9co ou cosplay spartiate.\" \/>\n<meta property=\"og:url\" content=\"https:\/\/repliquemangacine.fr\/de\/historische-waffen\/leonidas-schild-300\/\" \/>\n<meta property=\"og:site_name\" content=\"R\u00e9plique Manga Cin\u00e9\" \/>\n<meta property=\"article:publisher\" content=\"https:\/\/www.facebook.com\/RepliqueMangaCine\" \/>\n<meta property=\"article:modified_time\" content=\"2026-04-02T09:20:47+00:00\" \/>\n<meta property=\"og:image\" content=\"https:\/\/repliquemangacine.fr\/wp-content\/uploads\/2026\/03\/Bouclier-leonidas-300.webp\" \/>\n\t<meta property=\"og:image:width\" content=\"700\" \/>\n\t<meta property=\"og:image:height\" content=\"700\" \/>\n\t<meta property=\"og:image:type\" content=\"image\/webp\" \/>\n<meta name=\"twitter:card\" content=\"summary_large_image\" \/>\n<meta name=\"twitter:label1\" content=\"Gesch\u00e4tzte Lesezeit\" \/>\n\t<meta name=\"twitter:data1\" content=\"2\u00a0Minuten\" \/>\n<script type=\"application\/ld+json\" class=\"yoast-schema-graph\">{\"@context\":\"https:\\\/\\\/schema.org\",\"@graph\":[{\"@type\":\"WebPage\",\"@id\":\"https:\\\/\\\/repliquemangacine.fr\\\/armes-historiques\\\/bouclier-leonidas-300\\\/\",\"url\":\"https:\\\/\\\/repliquemangacine.fr\\\/armes-historiques\\\/bouclier-leonidas-300\\\/\",\"name\":\"Bouclier Leonidas 300 - R\u00e9plique Manga Cin\u00e9\",\"isPartOf\":{\"@id\":\"https:\\\/\\\/repliquemangacine.fr\\\/#website\"},\"primaryImageOfPage\":{\"@id\":\"https:\\\/\\\/repliquemangacine.fr\\\/armes-historiques\\\/bouclier-leonidas-300\\\/#primaryimage\"},\"image\":{\"@id\":\"https:\\\/\\\/repliquemangacine.fr\\\/armes-historiques\\\/bouclier-leonidas-300\\\/#primaryimage\"},\"thumbnailUrl\":\"https:\\\/\\\/repliquemangacine.fr\\\/wp-content\\\/uploads\\\/2026\\\/03\\\/Bouclier-leonidas-300.webp\",\"datePublished\":\"2026-03-31T13:37:13+00:00\",\"dateModified\":\"2026-04-02T09:20:47+00:00\",\"description\":\"R\u00e9plique du Bouclier Leonidas 300 . Finition bronze vieilli ultra r\u00e9aliste, 60 cm. Id\u00e9al collection, d\u00e9co ou cosplay spartiate.\",\"breadcrumb\":{\"@id\":\"https:\\\/\\\/repliquemangacine.fr\\\/armes-historiques\\\/bouclier-leonidas-300\\\/#breadcrumb\"},\"inLanguage\":\"de\",\"potentialAction\":[{\"@type\":\"ReadAction\",\"target\":[\"https:\\\/\\\/repliquemangacine.fr\\\/armes-historiques\\\/bouclier-leonidas-300\\\/\"]}]},{\"@type\":\"ImageObject\",\"inLanguage\":\"de\",\"@id\":\"https:\\\/\\\/repliquemangacine.fr\\\/armes-historiques\\\/bouclier-leonidas-300\\\/#primaryimage\",\"url\":\"https:\\\/\\\/repliquemangacine.fr\\\/wp-content\\\/uploads\\\/2026\\\/03\\\/Bouclier-leonidas-300.webp\",\"contentUrl\":\"https:\\\/\\\/repliquemangacine.fr\\\/wp-content\\\/uploads\\\/2026\\\/03\\\/Bouclier-leonidas-300.webp\",\"width\":700,\"height\":700,\"caption\":\"Bouclier-l\u00e9onidas-300\"},{\"@type\":\"BreadcrumbList\",\"@id\":\"https:\\\/\\\/repliquemangacine.fr\\\/armes-historiques\\\/bouclier-leonidas-300\\\/#breadcrumb\",\"itemListElement\":[{\"@type\":\"ListItem\",\"position\":1,\"name\":\"Accueil\",\"item\":\"https:\\\/\\\/repliquemangacine.fr\\\/\"},{\"@type\":\"ListItem\",\"position\":2,\"name\":\"Produits\",\"item\":\"https:\\\/\\\/repliquemangacine.fr\\\/boutique\\\/\"},{\"@type\":\"ListItem\",\"position\":3,\"name\":\"Bouclier Leonidas 300\"}]},{\"@type\":\"WebSite\",\"@id\":\"https:\\\/\\\/repliquemangacine.fr\\\/#website\",\"url\":\"https:\\\/\\\/repliquemangacine.fr\\\/\",\"name\":\"R\u00e9plique Manga Cin\u00e9\",\"description\":\"\",\"publisher\":{\"@id\":\"https:\\\/\\\/repliquemangacine.fr\\\/#organization\"},\"potentialAction\":[{\"@type\":\"SearchAction\",\"target\":{\"@type\":\"EntryPoint\",\"urlTemplate\":\"https:\\\/\\\/repliquemangacine.fr\\\/?s={search_term_string}\"},\"query-input\":{\"@type\":\"PropertyValueSpecification\",\"valueRequired\":true,\"valueName\":\"search_term_string\"}}],\"inLanguage\":\"de\"},{\"@type\":\"Organization\",\"@id\":\"https:\\\/\\\/repliquemangacine.fr\\\/#organization\",\"name\":\"R\u00e9plique Manga Cin\u00e9\",\"url\":\"https:\\\/\\\/repliquemangacine.fr\\\/\",\"logo\":{\"@type\":\"ImageObject\",\"inLanguage\":\"de\",\"@id\":\"https:\\\/\\\/repliquemangacine.fr\\\/#\\\/schema\\\/logo\\\/image\\\/\",\"url\":\"https:\\\/\\\/repliquemangacine.fr\\\/wp-content\\\/uploads\\\/2023\\\/10\\\/RMC-500250.png\",\"contentUrl\":\"https:\\\/\\\/repliquemangacine.fr\\\/wp-content\\\/uploads\\\/2023\\\/10\\\/RMC-500250.png\",\"width\":500,\"height\":250,\"caption\":\"R\u00e9plique Manga Cin\u00e9\"},\"image\":{\"@id\":\"https:\\\/\\\/repliquemangacine.fr\\\/#\\\/schema\\\/logo\\\/image\\\/\"},\"sameAs\":[\"https:\\\/\\\/www.facebook.com\\\/RepliqueMangaCine\",\"https:\\\/\\\/www.instagram.com\\\/repliquemangacine.fr\\\/\"]}]}<\/script>\n<!-- \/ Yoast SEO plugin. -->","yoast_head_json":{"title":"Leonidas-Schild 300 - R\u00e9plique Manga Cin\u00e9","description":"Replik des Leonidas-Schildes 300 . Ultrarealistisches, gealtertes Bronze-Finish, 60 cm. Ideal f\u00fcr Sammlungen, Deko oder spartanisches Cosplay.","robots":{"index":"index","follow":"follow","max-snippet":"max-snippet:-1","max-image-preview":"max-image-preview:large","max-video-preview":"max-video-preview:-1"},"canonical":"https:\/\/repliquemangacine.fr\/de\/historische-waffen\/leonidas-schild-300\/","og_locale":"de_DE","og_type":"article","og_title":"Bouclier Leonidas 300 - R\u00e9plique Manga Cin\u00e9","og_description":"R\u00e9plique du Bouclier Leonidas 300 . Finition bronze vieilli ultra r\u00e9aliste, 60 cm. Id\u00e9al collection, d\u00e9co ou cosplay spartiate.","og_url":"https:\/\/repliquemangacine.fr\/de\/historische-waffen\/leonidas-schild-300\/","og_site_name":"R\u00e9plique Manga Cin\u00e9","article_publisher":"https:\/\/www.facebook.com\/RepliqueMangaCine","article_modified_time":"2026-04-02T09:20:47+00:00","og_image":[{"width":700,"height":700,"url":"https:\/\/repliquemangacine.fr\/wp-content\/uploads\/2026\/03\/Bouclier-leonidas-300.webp","type":"image\/webp"}],"twitter_card":"summary_large_image","twitter_misc":{"Gesch\u00e4tzte Lesezeit":"2\u00a0Minuten"},"schema":{"@context":"https:\/\/schema.org","@graph":[{"@type":"WebPage","@id":"https:\/\/repliquemangacine.fr\/armes-historiques\/bouclier-leonidas-300\/","url":"https:\/\/repliquemangacine.fr\/armes-historiques\/bouclier-leonidas-300\/","name":"Leonidas-Schild 300 - R\u00e9plique Manga Cin\u00e9","isPartOf":{"@id":"https:\/\/repliquemangacine.fr\/#website"},"primaryImageOfPage":{"@id":"https:\/\/repliquemangacine.fr\/armes-historiques\/bouclier-leonidas-300\/#primaryimage"},"image":{"@id":"https:\/\/repliquemangacine.fr\/armes-historiques\/bouclier-leonidas-300\/#primaryimage"},"thumbnailUrl":"https:\/\/repliquemangacine.fr\/wp-content\/uploads\/2026\/03\/Bouclier-leonidas-300.webp","datePublished":"2026-03-31T13:37:13+00:00","dateModified":"2026-04-02T09:20:47+00:00","description":"Replik des Leonidas-Schildes 300 . Ultrarealistisches, gealtertes Bronze-Finish, 60 cm. Ideal f\u00fcr Sammlungen, Deko oder spartanisches Cosplay.","breadcrumb":{"@id":"https:\/\/repliquemangacine.fr\/armes-historiques\/bouclier-leonidas-300\/#breadcrumb"},"inLanguage":"de","potentialAction":[{"@type":"ReadAction","target":["https:\/\/repliquemangacine.fr\/armes-historiques\/bouclier-leonidas-300\/"]}]},{"@type":"ImageObject","inLanguage":"de","@id":"https:\/\/repliquemangacine.fr\/armes-historiques\/bouclier-leonidas-300\/#primaryimage","url":"https:\/\/repliquemangacine.fr\/wp-content\/uploads\/2026\/03\/Bouclier-leonidas-300.webp","contentUrl":"https:\/\/repliquemangacine.fr\/wp-content\/uploads\/2026\/03\/Bouclier-leonidas-300.webp","width":700,"height":700,"caption":"Bouclier-l\u00e9onidas-300"},{"@type":"BreadcrumbList","@id":"https:\/\/repliquemangacine.fr\/armes-historiques\/bouclier-leonidas-300\/#breadcrumb","itemListElement":[{"@type":"ListItem","position":1,"name":"Accueil","item":"https:\/\/repliquemangacine.fr\/"},{"@type":"ListItem","position":2,"name":"Produits","item":"https:\/\/repliquemangacine.fr\/boutique\/"},{"@type":"ListItem","position":3,"name":"Bouclier Leonidas 300"}]},{"@type":"WebSite","@id":"https:\/\/repliquemangacine.fr\/#website","url":"https:\/\/repliquemangacine.fr\/","name":"R\u00e9plique Manga Cin\u00e9","description":"","publisher":{"@id":"https:\/\/repliquemangacine.fr\/#organization"},"potentialAction":[{"@type":"SearchAction","target":{"@type":"EntryPoint","urlTemplate":"https:\/\/repliquemangacine.fr\/?s={search_term_string}"},"query-input":{"@type":"PropertyValueSpecification","valueRequired":true,"valueName":"search_term_string"}}],"inLanguage":"de"},{"@type":"Organization","@id":"https:\/\/repliquemangacine.fr\/#organization","name":"R\u00e9plique Manga Cin\u00e9","url":"https:\/\/repliquemangacine.fr\/","logo":{"@type":"ImageObject","inLanguage":"de","@id":"https:\/\/repliquemangacine.fr\/#\/schema\/logo\/image\/","url":"https:\/\/repliquemangacine.fr\/wp-content\/uploads\/2023\/10\/RMC-500250.png","contentUrl":"https:\/\/repliquemangacine.fr\/wp-content\/uploads\/2023\/10\/RMC-500250.png","width":500,"height":250,"caption":"R\u00e9plique Manga Cin\u00e9"},"image":{"@id":"https:\/\/repliquemangacine.fr\/#\/schema\/logo\/image\/"},"sameAs":["https:\/\/www.facebook.com\/RepliqueMangaCine","https:\/\/www.instagram.com\/repliquemangacine.fr\/"]}]}},"_links":{"self":[{"href":"https:\/\/repliquemangacine.fr\/de\/wp-json\/wp\/v2\/product\/97280","targetHints":{"allow":["GET"]}}],"collection":[{"href":"https:\/\/repliquemangacine.fr\/de\/wp-json\/wp\/v2\/product"}],"about":[{"href":"https:\/\/repliquemangacine.fr\/de\/wp-json\/wp\/v2\/types\/product"}],"wp:featuredmedia":[{"embeddable":true,"href":"https:\/\/repliquemangacine.fr\/de\/wp-json\/wp\/v2\/media\/97281"}],"wp:attachment":[{"href":"https:\/\/repliquemangacine.fr\/de\/wp-json\/wp\/v2\/media?parent=97280"}],"wp:term":[{"taxonomy":"product_brand","embeddable":true,"href":"https:\/\/repliquemangacine.fr\/de\/wp-json\/wp\/v2\/product_brand?post=97280"},{"taxonomy":"product_cat","embeddable":true,"href":"https:\/\/repliquemangacine.fr\/de\/wp-json\/wp\/v2\/product_cat?post=97280"},{"taxonomy":"product_tag","embeddable":true,"href":"https:\/\/repliquemangacine.fr\/de\/wp-json\/wp\/v2\/product_tag?post=97280"}],"curies":[{"name":"wp","href":"https:\/\/api.w.org\/{rel}","templated":true}]}}