





{"id":97218,"date":"2026-03-30T18:01:29","date_gmt":"2026-03-30T16:01:29","guid":{"rendered":"https:\/\/repliquemangacine.fr\/?post_type=product&#038;p=97218"},"modified":"2026-04-02T11:20:35","modified_gmt":"2026-04-02T09:20:35","slug":"dolch-von-portgas-d-ace-one-piece","status":"publish","type":"product","link":"https:\/\/repliquemangacine.fr\/de\/katana-one-piece\/dague-de-portgas-d-ace-one-piece\/","title":{"rendered":"Dolch von Portgas D.Ace - One Piece"},"content":{"rendered":"<h2>Portgas D.Ace Dolch: eine originalgetreue und charismatische Nachbildung<\/h2>\n<p>Schon auf den ersten Blick besticht dieser D.Ace Portgas Dolch durch seinen einzigartigen Stil. Sein Design erinnert sofort an die Welt von One Piece. Seine breite Klinge aus Edelstahl sorgt f\u00fcr eine realistische Darstellung. Die Breite von 6,5 cm unterstreicht das kraftvolle Aussehen des Messers. Der Griff aus Vollmetall sorgt f\u00fcr Stabilit\u00e4t und Ausgewogenheit. Er ist mit detailreichen, vergoldeten Beschl\u00e4gen im Used-Look verziert.<\/p>\n<p>Die Scheide aus geformtem ABS rundet das Gesamtbild perfekt ab. So sch\u00fctzt sie die Klinge wirksam und verleiht ihr gleichzeitig das gewisse Etwas. Und schlie\u00dflich h\u00e4lt der innenliegende Filz die Klinge fest, ohne sie zu besch\u00e4digen. Jedes Detail wurde f\u00fcr ein Premium-Erlebnis durchdacht.<\/p>\n<p>Vervollst\u00e4ndige dein Universum mit :<\/p>\n<ul>\n<li><a href=\"https:\/\/repliquemangacine.fr\/de\/katana-aus-metall-one-piece\/katana-enma-v13-von-zoro-one-piece\/\">Katana Enma<\/a> oder Ame no Habakiri<\/li>\n<li><a href=\"https:\/\/repliquemangacine.fr\/de\/repliken-manga-videospiele\/los-3-katanas-von-zoro\/\">One Piece-S\u00e4bel von Zoro<\/a><\/li>\n<li><a href=\"https:\/\/repliquemangacine.fr\/de\/piratenwaffen\/\">Nachbildungen von Piratenwaffen\u00a0<\/a><\/li>\n<\/ul>\n<h2>Portgas D. Ace: Feuer, Loyalit\u00e4t und Legende<\/h2>\n<p>In <a href=\"https:\/\/onepiece.fandom.com\/fr\/wiki\/One_Piece_Encyclop%C3%A9die\" target=\"_blank\" rel=\"noopener noreferrer\">One Piece<\/a>, Portgas D. Ace ist die Verk\u00f6rperung von Macht und Freiheit. Als Bruder von Luffy und Nutzer der Macht des Feuers setzt er ein Zeichen. So zeichnet sich sein Stil durch sein nat\u00fcrliches Charisma aus. Er versucht nicht zu dominieren, sondern die Menschen, die er liebt, zu besch\u00fctzen. Dar\u00fcber hinaus spiegelt jede Waffe, die mit Ace in Verbindung gebracht wird, diese Dualit\u00e4t wider. Zwischen roher Kraft und Eleganz liegt alles in der Balance.<\/p>\n<p>Infolgedessen wird dieser Dolch zu mehr als nur einem Accessoire. Er ist ein starkes Symbol f\u00fcr die Fans, auch wenn Ace ihn zwar tr\u00e4gt, aber nie benutzt. Der Besitz dieses Replikats bedeutet, einen Teil seiner Flamme zu bewahren. Es ist auch eine Hommage an eine Kultfigur.<\/p>\n<h2>Ein ideales St\u00fcck f\u00fcr Cosplay, Sammeln und Leidenschaft<\/h2>\n<p>Vor allem richtet sich dieser Dolch an anspruchsvolle Liebhaber. Er vereint \u00c4sthetik, Qualit\u00e4t und Originaltreue. Mit seinem seitlichen Ring l\u00e4sst er sich leicht am G\u00fcrtel befestigen.<br \/>\nSo wird sie perfekt, um ein gelungenes Cosplay zu vervollst\u00e4ndigen. Au\u00dferdem ist sie mit ihrer Gr\u00f6\u00dfe von 41 cm leicht zu handhaben. Sie bleibt bequem und hat dennoch eine starke Pr\u00e4senz.<\/p>\n<p>Bei Ausstellungen zieht sie sofort die Aufmerksamkeit auf sich. Die altgoldenen Oberfl\u00e4chen verleihen ihr einen einzigartigen Charme. Schlie\u00dflich passt es auch perfekt in eine One Piece-Sammlung. Es verleiht den klassischen Schwertern eine andere Note.<\/p>","protected":false},"excerpt":{"rendered":"<p>Ein Dolch wie Ace - elegant, m\u00e4chtig und unm\u00f6glich zu vergessen.<\/p>\n<p><strong>Die Flamme von Ace in deinen H\u00e4nden<\/strong><\/p>\n<p>Nimm den Dolch von Portgas D. Ace an und zeige deinen Piratenstil.<br \/>\nEine originalgetreue, elegante und charakterstarke Nachbildung.<br \/>\nPerfekt f\u00fcr Cosplay, Sammlungen oder Manga-Dekorationen.<\/p>\n<p><strong>Merkmale<\/strong> :<\/p>\n<ul>\n<li>Gesamtl\u00e4nge: 41 cm<\/li>\n<li>Klingenl\u00e4nge: 22,5 cm<\/li>\n<li>Klingenbreite: 6,5 cm<\/li>\n<li>Gewicht: 1090g mit Scheide<\/li>\n<li>Klingenmaterial: stainless steel<\/li>\n<li>Griff: Vollmetall mit altgoldenen Beschl\u00e4gen<\/li>\n<li>Scheide: Geformtes ABS mit Innenfilz<\/li>\n<li>Detail: Ring zur Befestigung des G\u00fcrtels<\/li>\n<li>Verwendung: Cosplay \/ Sammlung \/ Dekoration<\/li>\n<\/ul>","protected":false},"featured_media":97220,"template":"","meta":[],"product_brand":[],"product_cat":[123,107,36,121],"product_tag":[1021,1023,1022],"class_list":{"0":"post-97218","1":"product","2":"type-product","3":"status-publish","4":"has-post-thumbnail","6":"product_cat-katana-en-metal-one-piece","7":"product_cat-nouveautes","8":"product_cat-katana-one-piece","9":"product_cat-tanto-mini-katana-one-piece","10":"product_tag-arme-portgas-d-ace","11":"product_tag-dague-ace-one-piece","12":"product_tag-replique-one-piece","14":"first","15":"instock","16":"taxable","17":"shipping-taxable","18":"purchasable","19":"product-type-simple"},"yoast_head":"<!-- This site is optimized with the Yoast SEO plugin v27.6 - https:\/\/yoast.com\/product\/yoast-seo-wordpress\/ -->\n<title>Dague de Portgas D.Ace - One Piece - R\u00e9plique Manga Cin\u00e9<\/title>\n<meta name=\"description\" content=\"Adopte la Dague de Portgas D.Ace dans One Piece. R\u00e9plique en acier 41 cm avec fourreau d\u00e9cor\u00e9, id\u00e9ale cosplay et collection.\" \/>\n<meta name=\"robots\" content=\"index, follow, max-snippet:-1, max-image-preview:large, max-video-preview:-1\" \/>\n<link rel=\"canonical\" href=\"https:\/\/repliquemangacine.fr\/de\/katana-one-piece\/dolch-von-portgas-d-ace-one-piece\/\" \/>\n<meta property=\"og:locale\" content=\"de_DE\" \/>\n<meta property=\"og:type\" content=\"article\" \/>\n<meta property=\"og:title\" content=\"Dague de Portgas D.Ace - One Piece - R\u00e9plique Manga Cin\u00e9\" \/>\n<meta property=\"og:description\" content=\"Adopte la Dague de Portgas D.Ace dans One Piece. R\u00e9plique en acier 41 cm avec fourreau d\u00e9cor\u00e9, id\u00e9ale cosplay et collection.\" \/>\n<meta property=\"og:url\" content=\"https:\/\/repliquemangacine.fr\/de\/katana-one-piece\/dolch-von-portgas-d-ace-one-piece\/\" \/>\n<meta property=\"og:site_name\" content=\"R\u00e9plique Manga Cin\u00e9\" \/>\n<meta property=\"article:publisher\" content=\"https:\/\/www.facebook.com\/RepliqueMangaCine\" \/>\n<meta property=\"article:modified_time\" content=\"2026-04-02T09:20:35+00:00\" \/>\n<meta property=\"og:image\" content=\"https:\/\/repliquemangacine.fr\/wp-content\/uploads\/2026\/03\/Dague-de-Portgas-D.Ace-one-piece.webp\" \/>\n\t<meta property=\"og:image:width\" content=\"700\" \/>\n\t<meta property=\"og:image:height\" content=\"700\" \/>\n\t<meta property=\"og:image:type\" content=\"image\/webp\" \/>\n<meta name=\"twitter:card\" content=\"summary_large_image\" \/>\n<meta name=\"twitter:label1\" content=\"Gesch\u00e4tzte Lesezeit\" \/>\n\t<meta name=\"twitter:data1\" content=\"2\u00a0Minuten\" \/>\n<script type=\"application\/ld+json\" class=\"yoast-schema-graph\">{\"@context\":\"https:\\\/\\\/schema.org\",\"@graph\":[{\"@type\":\"WebPage\",\"@id\":\"https:\\\/\\\/repliquemangacine.fr\\\/katana-one-piece\\\/dague-de-portgas-d-ace-one-piece\\\/\",\"url\":\"https:\\\/\\\/repliquemangacine.fr\\\/katana-one-piece\\\/dague-de-portgas-d-ace-one-piece\\\/\",\"name\":\"Dague de Portgas D.Ace - One Piece - R\u00e9plique Manga Cin\u00e9\",\"isPartOf\":{\"@id\":\"https:\\\/\\\/repliquemangacine.fr\\\/#website\"},\"primaryImageOfPage\":{\"@id\":\"https:\\\/\\\/repliquemangacine.fr\\\/katana-one-piece\\\/dague-de-portgas-d-ace-one-piece\\\/#primaryimage\"},\"image\":{\"@id\":\"https:\\\/\\\/repliquemangacine.fr\\\/katana-one-piece\\\/dague-de-portgas-d-ace-one-piece\\\/#primaryimage\"},\"thumbnailUrl\":\"https:\\\/\\\/repliquemangacine.fr\\\/wp-content\\\/uploads\\\/2026\\\/03\\\/Dague-de-Portgas-D.Ace-one-piece.webp\",\"datePublished\":\"2026-03-30T16:01:29+00:00\",\"dateModified\":\"2026-04-02T09:20:35+00:00\",\"description\":\"Adopte la Dague de Portgas D.Ace dans One Piece. R\u00e9plique en acier 41 cm avec fourreau d\u00e9cor\u00e9, id\u00e9ale cosplay et collection.\",\"breadcrumb\":{\"@id\":\"https:\\\/\\\/repliquemangacine.fr\\\/katana-one-piece\\\/dague-de-portgas-d-ace-one-piece\\\/#breadcrumb\"},\"inLanguage\":\"de\",\"potentialAction\":[{\"@type\":\"ReadAction\",\"target\":[\"https:\\\/\\\/repliquemangacine.fr\\\/katana-one-piece\\\/dague-de-portgas-d-ace-one-piece\\\/\"]}]},{\"@type\":\"ImageObject\",\"inLanguage\":\"de\",\"@id\":\"https:\\\/\\\/repliquemangacine.fr\\\/katana-one-piece\\\/dague-de-portgas-d-ace-one-piece\\\/#primaryimage\",\"url\":\"https:\\\/\\\/repliquemangacine.fr\\\/wp-content\\\/uploads\\\/2026\\\/03\\\/Dague-de-Portgas-D.Ace-one-piece.webp\",\"contentUrl\":\"https:\\\/\\\/repliquemangacine.fr\\\/wp-content\\\/uploads\\\/2026\\\/03\\\/Dague-de-Portgas-D.Ace-one-piece.webp\",\"width\":700,\"height\":700,\"caption\":\"Dague de Portgas D.Ace One Piece\"},{\"@type\":\"BreadcrumbList\",\"@id\":\"https:\\\/\\\/repliquemangacine.fr\\\/katana-one-piece\\\/dague-de-portgas-d-ace-one-piece\\\/#breadcrumb\",\"itemListElement\":[{\"@type\":\"ListItem\",\"position\":1,\"name\":\"Accueil\",\"item\":\"https:\\\/\\\/repliquemangacine.fr\\\/\"},{\"@type\":\"ListItem\",\"position\":2,\"name\":\"Produits\",\"item\":\"https:\\\/\\\/repliquemangacine.fr\\\/boutique\\\/\"},{\"@type\":\"ListItem\",\"position\":3,\"name\":\"Dague de Portgas D.Ace &#8211; One Piece\"}]},{\"@type\":\"WebSite\",\"@id\":\"https:\\\/\\\/repliquemangacine.fr\\\/#website\",\"url\":\"https:\\\/\\\/repliquemangacine.fr\\\/\",\"name\":\"R\u00e9plique Manga Cin\u00e9\",\"description\":\"\",\"publisher\":{\"@id\":\"https:\\\/\\\/repliquemangacine.fr\\\/#organization\"},\"potentialAction\":[{\"@type\":\"SearchAction\",\"target\":{\"@type\":\"EntryPoint\",\"urlTemplate\":\"https:\\\/\\\/repliquemangacine.fr\\\/?s={search_term_string}\"},\"query-input\":{\"@type\":\"PropertyValueSpecification\",\"valueRequired\":true,\"valueName\":\"search_term_string\"}}],\"inLanguage\":\"de\"},{\"@type\":\"Organization\",\"@id\":\"https:\\\/\\\/repliquemangacine.fr\\\/#organization\",\"name\":\"R\u00e9plique Manga Cin\u00e9\",\"url\":\"https:\\\/\\\/repliquemangacine.fr\\\/\",\"logo\":{\"@type\":\"ImageObject\",\"inLanguage\":\"de\",\"@id\":\"https:\\\/\\\/repliquemangacine.fr\\\/#\\\/schema\\\/logo\\\/image\\\/\",\"url\":\"https:\\\/\\\/repliquemangacine.fr\\\/wp-content\\\/uploads\\\/2023\\\/10\\\/RMC-500250.png\",\"contentUrl\":\"https:\\\/\\\/repliquemangacine.fr\\\/wp-content\\\/uploads\\\/2023\\\/10\\\/RMC-500250.png\",\"width\":500,\"height\":250,\"caption\":\"R\u00e9plique Manga Cin\u00e9\"},\"image\":{\"@id\":\"https:\\\/\\\/repliquemangacine.fr\\\/#\\\/schema\\\/logo\\\/image\\\/\"},\"sameAs\":[\"https:\\\/\\\/www.facebook.com\\\/RepliqueMangaCine\",\"https:\\\/\\\/www.instagram.com\\\/repliquemangacine.fr\\\/\"]}]}<\/script>\n<!-- \/ Yoast SEO plugin. -->","yoast_head_json":{"title":"Dolch von Portgas D.Ace - One Piece - R\u00e9plique Manga Cin\u00e9","description":"Adoptiere den Dolch von Portgas D.Ace aus One Piece. 41 cm lange Stahlreplik mit verzierter Scheide, ideal f\u00fcr Cosplay und Sammler.","robots":{"index":"index","follow":"follow","max-snippet":"max-snippet:-1","max-image-preview":"max-image-preview:large","max-video-preview":"max-video-preview:-1"},"canonical":"https:\/\/repliquemangacine.fr\/de\/katana-one-piece\/dolch-von-portgas-d-ace-one-piece\/","og_locale":"de_DE","og_type":"article","og_title":"Dague de Portgas D.Ace - One Piece - R\u00e9plique Manga Cin\u00e9","og_description":"Adopte la Dague de Portgas D.Ace dans One Piece. R\u00e9plique en acier 41 cm avec fourreau d\u00e9cor\u00e9, id\u00e9ale cosplay et collection.","og_url":"https:\/\/repliquemangacine.fr\/de\/katana-one-piece\/dolch-von-portgas-d-ace-one-piece\/","og_site_name":"R\u00e9plique Manga Cin\u00e9","article_publisher":"https:\/\/www.facebook.com\/RepliqueMangaCine","article_modified_time":"2026-04-02T09:20:35+00:00","og_image":[{"width":700,"height":700,"url":"https:\/\/repliquemangacine.fr\/wp-content\/uploads\/2026\/03\/Dague-de-Portgas-D.Ace-one-piece.webp","type":"image\/webp"}],"twitter_card":"summary_large_image","twitter_misc":{"Gesch\u00e4tzte Lesezeit":"2\u00a0Minuten"},"schema":{"@context":"https:\/\/schema.org","@graph":[{"@type":"WebPage","@id":"https:\/\/repliquemangacine.fr\/katana-one-piece\/dague-de-portgas-d-ace-one-piece\/","url":"https:\/\/repliquemangacine.fr\/katana-one-piece\/dague-de-portgas-d-ace-one-piece\/","name":"Dolch von Portgas D.Ace - One Piece - R\u00e9plique Manga Cin\u00e9","isPartOf":{"@id":"https:\/\/repliquemangacine.fr\/#website"},"primaryImageOfPage":{"@id":"https:\/\/repliquemangacine.fr\/katana-one-piece\/dague-de-portgas-d-ace-one-piece\/#primaryimage"},"image":{"@id":"https:\/\/repliquemangacine.fr\/katana-one-piece\/dague-de-portgas-d-ace-one-piece\/#primaryimage"},"thumbnailUrl":"https:\/\/repliquemangacine.fr\/wp-content\/uploads\/2026\/03\/Dague-de-Portgas-D.Ace-one-piece.webp","datePublished":"2026-03-30T16:01:29+00:00","dateModified":"2026-04-02T09:20:35+00:00","description":"Adoptiere den Dolch von Portgas D.Ace aus One Piece. 41 cm lange Stahlreplik mit verzierter Scheide, ideal f\u00fcr Cosplay und Sammler.","breadcrumb":{"@id":"https:\/\/repliquemangacine.fr\/katana-one-piece\/dague-de-portgas-d-ace-one-piece\/#breadcrumb"},"inLanguage":"de","potentialAction":[{"@type":"ReadAction","target":["https:\/\/repliquemangacine.fr\/katana-one-piece\/dague-de-portgas-d-ace-one-piece\/"]}]},{"@type":"ImageObject","inLanguage":"de","@id":"https:\/\/repliquemangacine.fr\/katana-one-piece\/dague-de-portgas-d-ace-one-piece\/#primaryimage","url":"https:\/\/repliquemangacine.fr\/wp-content\/uploads\/2026\/03\/Dague-de-Portgas-D.Ace-one-piece.webp","contentUrl":"https:\/\/repliquemangacine.fr\/wp-content\/uploads\/2026\/03\/Dague-de-Portgas-D.Ace-one-piece.webp","width":700,"height":700,"caption":"Dague de Portgas D.Ace One Piece"},{"@type":"BreadcrumbList","@id":"https:\/\/repliquemangacine.fr\/katana-one-piece\/dague-de-portgas-d-ace-one-piece\/#breadcrumb","itemListElement":[{"@type":"ListItem","position":1,"name":"Accueil","item":"https:\/\/repliquemangacine.fr\/"},{"@type":"ListItem","position":2,"name":"Produits","item":"https:\/\/repliquemangacine.fr\/boutique\/"},{"@type":"ListItem","position":3,"name":"Dague de Portgas D.Ace &#8211; One Piece"}]},{"@type":"WebSite","@id":"https:\/\/repliquemangacine.fr\/#website","url":"https:\/\/repliquemangacine.fr\/","name":"R\u00e9plique Manga Cin\u00e9","description":"","publisher":{"@id":"https:\/\/repliquemangacine.fr\/#organization"},"potentialAction":[{"@type":"SearchAction","target":{"@type":"EntryPoint","urlTemplate":"https:\/\/repliquemangacine.fr\/?s={search_term_string}"},"query-input":{"@type":"PropertyValueSpecification","valueRequired":true,"valueName":"search_term_string"}}],"inLanguage":"de"},{"@type":"Organization","@id":"https:\/\/repliquemangacine.fr\/#organization","name":"R\u00e9plique Manga Cin\u00e9","url":"https:\/\/repliquemangacine.fr\/","logo":{"@type":"ImageObject","inLanguage":"de","@id":"https:\/\/repliquemangacine.fr\/#\/schema\/logo\/image\/","url":"https:\/\/repliquemangacine.fr\/wp-content\/uploads\/2023\/10\/RMC-500250.png","contentUrl":"https:\/\/repliquemangacine.fr\/wp-content\/uploads\/2023\/10\/RMC-500250.png","width":500,"height":250,"caption":"R\u00e9plique Manga Cin\u00e9"},"image":{"@id":"https:\/\/repliquemangacine.fr\/#\/schema\/logo\/image\/"},"sameAs":["https:\/\/www.facebook.com\/RepliqueMangaCine","https:\/\/www.instagram.com\/repliquemangacine.fr\/"]}]}},"_links":{"self":[{"href":"https:\/\/repliquemangacine.fr\/de\/wp-json\/wp\/v2\/product\/97218","targetHints":{"allow":["GET"]}}],"collection":[{"href":"https:\/\/repliquemangacine.fr\/de\/wp-json\/wp\/v2\/product"}],"about":[{"href":"https:\/\/repliquemangacine.fr\/de\/wp-json\/wp\/v2\/types\/product"}],"wp:featuredmedia":[{"embeddable":true,"href":"https:\/\/repliquemangacine.fr\/de\/wp-json\/wp\/v2\/media\/97220"}],"wp:attachment":[{"href":"https:\/\/repliquemangacine.fr\/de\/wp-json\/wp\/v2\/media?parent=97218"}],"wp:term":[{"taxonomy":"product_brand","embeddable":true,"href":"https:\/\/repliquemangacine.fr\/de\/wp-json\/wp\/v2\/product_brand?post=97218"},{"taxonomy":"product_cat","embeddable":true,"href":"https:\/\/repliquemangacine.fr\/de\/wp-json\/wp\/v2\/product_cat?post=97218"},{"taxonomy":"product_tag","embeddable":true,"href":"https:\/\/repliquemangacine.fr\/de\/wp-json\/wp\/v2\/product_tag?post=97218"}],"curies":[{"name":"wp","href":"https:\/\/api.w.org\/{rel}","templated":true}]}}