





{"id":97152,"date":"2026-03-30T14:03:10","date_gmt":"2026-03-30T12:03:10","guid":{"rendered":"https:\/\/repliquemangacine.fr\/?post_type=product&#038;p=97152"},"modified":"2026-04-02T11:20:11","modified_gmt":"2026-04-02T09:20:11","slug":"dolch-joshua-rosfield-final-fantasy-xvi","status":"publish","type":"product","link":"https:\/\/repliquemangacine.fr\/de\/final-fantasy-repliques-final-fantasy\/dague-joshua-rosfield-final-fantasy-xvi\/","title":{"rendered":"Dolch Joshua Rosfield Final Fantasy XVI"},"content":{"rendered":"<h2>Joshua Rosfield-Dolch: Eine originalgetreue und elegante Nachbildung von Final Fantasy XVI<\/h2>\n<p>Zun\u00e4chst, vom ersten Blick an, diese <strong>Dolch Joshua Rosfield<\/strong> setzt seinen edlen und raffinierten Stil durch. Direkt inspiriert von der Welt des <a href=\"https:\/\/finalfantasy.fandom.com\/fr\/wiki\/Final_Fantasy_Wiki\" target=\"_blank\" rel=\"noopener noreferrer\">Final Fantasy<\/a> XVI ist, verf\u00fchrt sie sofort.<\/p>\n<p>Die Klinge aus Stahl sorgt f\u00fcr ein realistisches und authentisches Aussehen. Au\u00dferdem sorgt der Griff aus Metall f\u00fcr einen hervorragenden Halt in der Hand. Besonders hervorzuheben ist, dass jedes Detail durchdacht ist, um an die Waffe des Charakters zu erinnern.<\/p>\n<p>Die Scheide ist aus verziertem Holz gefertigt und verleiht dem Messer einen Hauch von Prestige. Sie sch\u00fctzt die Klinge und veredelt das St\u00fcck. So wird das Ganze zu einem perfekten Ausstellungsst\u00fcck.<\/p>\n<p>Ob du nun Sammler oder Cosplayer bist, sie erf\u00fcllt alle Kriterien. Sie ist ein Blickfang und verst\u00e4rkt gleichzeitig dein Eintauchen in die Welt.<\/p>\n<p>Vervollst\u00e4ndige deine Sammlung mit :<\/p>\n<ul>\n<li><a href=\"https:\/\/repliquemangacine.fr\/de\/final-fantasy-repliken-final-fantasy\/\">Final Fantasy-Schwerter<\/a> ikonische<\/li>\n<li><a href=\"https:\/\/repliquemangacine.fr\/de\/schwert-the-witcher\/\">The Witcher-Repliken<\/a><\/li>\n<li><a href=\"https:\/\/repliquemangacine.fr\/de\/waffen-assassins-creed\/\">Assassin's Creed-Waffen<\/a><\/li>\n<\/ul>\n<h2>Joshua Rosfield: Erbe des Ph\u00f6nix und Symbol der Macht<\/h2>\n<p>Zun\u00e4chst einmal: In Final Fantasy XVI verk\u00f6rpert Joshua Rosfield Adel und Zerbrechlichkeit. Er ist der Erbe des Ph\u00f6nix, eines mythischen Wesens, das mit Feuer und Wiedergeburt verbunden ist. Im Gegensatz zu brutalen Kriegern zeichnet sich Joshua durch seine Feinheit aus. Tats\u00e4chlich spiegelt sein Dolch diese Dualit\u00e4t zwischen Sanftheit und Macht perfekt wider. Er symbolisiert auch seine zentrale Rolle in der Geschichte. Jedes Detail dieser Waffe erinnert an seine Bedeutung in der Geschichte.<\/p>\n<p>Wer dieses Replikat besitzt, f\u00e4ngt einen Teil dieser Legende ein. Es ist auch ein Zeichen der Leidenschaft f\u00fcr eine reiche und intensive Welt.<\/p>\n<h2>Ein Dolch, der f\u00fcr Liebhaber au\u00dfergew\u00f6hnlicher Gegenst\u00e4nde gedacht ist<\/h2>\n<p>Zusammenfassend l\u00e4sst sich sagen, dass dieser Dolch mehr ist als eine einfache Replik. Er verk\u00f6rpert ein Sammlerst\u00fcck mit hohem Symbolwert. Sein feines und kunstvolles Design zieht sofort die Blicke auf sich. Jedes Detail erinnert an eine reiche und zutiefst narrative Welt.<\/p>\n<p>In einer Vitrine platziert, wird sie zu einem echten Ausstellungsst\u00fcck. Sie f\u00e4ngt das Licht ein und unterstreicht ihre nat\u00fcrliche Eleganz. Bei einem Cosplay verleiht sie eine glaubw\u00fcrdige und immersive Dimension.<br \/>\nSie ist die perfekte Erg\u00e4nzung zu einem Outfit, das vom Final Fantasy-Universum inspiriert ist. Und schlie\u00dflich richtet sie sich an anspruchsvolle Liebhaber. Diejenigen, die nach einem St\u00fcck suchen, das sowohl \u00e4sthetisch als auch ikonisch ist.<\/p>","protected":false},"excerpt":{"rendered":"<p>Eine Klinge, die eines Erben w\u00fcrdig ist... schlank, elegant und furchterregend symbolisch.<\/p>\n<p><strong>Die Waffe des Ph\u00f6nix in deinen H\u00e4nden<\/strong><\/p>\n<p>Nimm den Dolch von Joshua Rosfield an und tauche in Final Fantasy XVI ein.<br \/>\nEine elegante Replik aus Stahl, die f\u00fcr Liebhaber gedacht ist.<br \/>\nIdeal f\u00fcr Sammlung, Cosplay oder Ausstellung.<\/p>\n<p><strong>Eigenschaften :<\/strong><br \/>\nKlinge: Stahl<br \/>\nGriff: Metall<br \/>\nWache: Metall<br \/>\nScheide: Holz, umgeben von verziertem, geformtem ABS<br \/>\nSpielgetreues Design<br \/>\nVerwendung: Sammlung \/ Cosplay<\/p>","protected":false},"featured_media":97156,"template":"","meta":[],"product_brand":[],"product_cat":[1012,107],"product_tag":[1017,939,930],"class_list":{"0":"post-97152","1":"product","2":"type-product","3":"status-publish","4":"has-post-thumbnail","6":"product_cat-final-fantasy-repliques-final-fantasy","7":"product_cat-nouveautes","8":"product_tag-arme-final-fantasy","9":"product_tag-dague-cosplay","10":"product_tag-replique-final-fantasy","12":"first","13":"instock","14":"taxable","15":"shipping-taxable","16":"purchasable","17":"product-type-simple"},"yoast_head":"<!-- This site is optimized with the Yoast SEO plugin v27.6 - https:\/\/yoast.com\/product\/yoast-seo-wordpress\/ -->\n<title>Dague Joshua Rosfield Final Fantasy XVI - R\u00e9plique Manga Cin\u00e9<\/title>\n<meta name=\"description\" content=\"D\u00e9couvre la dague de Joshua Rosfield dans Final Fantasy XVI. R\u00e9plique en acier avec poign\u00e9e m\u00e9tal et fourreau bois d\u00e9cor\u00e9, id\u00e9ale collection et cosplay.\" \/>\n<meta name=\"robots\" content=\"index, follow, max-snippet:-1, max-image-preview:large, max-video-preview:-1\" \/>\n<link rel=\"canonical\" href=\"https:\/\/repliquemangacine.fr\/de\/final-fantasy-repliken-final-fantasy\/dolch-joshua-rosfield-final-fantasy-xvi\/\" \/>\n<meta property=\"og:locale\" content=\"de_DE\" \/>\n<meta property=\"og:type\" content=\"article\" \/>\n<meta property=\"og:title\" content=\"Dague Joshua Rosfield Final Fantasy XVI - R\u00e9plique Manga Cin\u00e9\" \/>\n<meta property=\"og:description\" content=\"D\u00e9couvre la dague de Joshua Rosfield dans Final Fantasy XVI. R\u00e9plique en acier avec poign\u00e9e m\u00e9tal et fourreau bois d\u00e9cor\u00e9, id\u00e9ale collection et cosplay.\" \/>\n<meta property=\"og:url\" content=\"https:\/\/repliquemangacine.fr\/de\/final-fantasy-repliken-final-fantasy\/dolch-joshua-rosfield-final-fantasy-xvi\/\" \/>\n<meta property=\"og:site_name\" content=\"R\u00e9plique Manga Cin\u00e9\" \/>\n<meta property=\"article:publisher\" content=\"https:\/\/www.facebook.com\/RepliqueMangaCine\" \/>\n<meta property=\"article:modified_time\" content=\"2026-04-02T09:20:11+00:00\" \/>\n<meta property=\"og:image\" content=\"https:\/\/repliquemangacine.fr\/wp-content\/uploads\/2026\/03\/Dague-de-Joshua-Rosfield-FFXVI.webp\" \/>\n\t<meta property=\"og:image:width\" content=\"700\" \/>\n\t<meta property=\"og:image:height\" content=\"700\" \/>\n\t<meta property=\"og:image:type\" content=\"image\/webp\" \/>\n<meta name=\"twitter:card\" content=\"summary_large_image\" \/>\n<meta name=\"twitter:label1\" content=\"Gesch\u00e4tzte Lesezeit\" \/>\n\t<meta name=\"twitter:data1\" content=\"2\u00a0Minuten\" \/>\n<script type=\"application\/ld+json\" class=\"yoast-schema-graph\">{\"@context\":\"https:\\\/\\\/schema.org\",\"@graph\":[{\"@type\":\"WebPage\",\"@id\":\"https:\\\/\\\/repliquemangacine.fr\\\/final-fantasy-repliques-final-fantasy\\\/dague-joshua-rosfield-final-fantasy-xvi\\\/\",\"url\":\"https:\\\/\\\/repliquemangacine.fr\\\/final-fantasy-repliques-final-fantasy\\\/dague-joshua-rosfield-final-fantasy-xvi\\\/\",\"name\":\"Dague Joshua Rosfield Final Fantasy XVI - R\u00e9plique Manga Cin\u00e9\",\"isPartOf\":{\"@id\":\"https:\\\/\\\/repliquemangacine.fr\\\/#website\"},\"primaryImageOfPage\":{\"@id\":\"https:\\\/\\\/repliquemangacine.fr\\\/final-fantasy-repliques-final-fantasy\\\/dague-joshua-rosfield-final-fantasy-xvi\\\/#primaryimage\"},\"image\":{\"@id\":\"https:\\\/\\\/repliquemangacine.fr\\\/final-fantasy-repliques-final-fantasy\\\/dague-joshua-rosfield-final-fantasy-xvi\\\/#primaryimage\"},\"thumbnailUrl\":\"https:\\\/\\\/repliquemangacine.fr\\\/wp-content\\\/uploads\\\/2026\\\/03\\\/Dague-de-Joshua-Rosfield-FFXVI.webp\",\"datePublished\":\"2026-03-30T12:03:10+00:00\",\"dateModified\":\"2026-04-02T09:20:11+00:00\",\"description\":\"D\u00e9couvre la dague de Joshua Rosfield dans Final Fantasy XVI. R\u00e9plique en acier avec poign\u00e9e m\u00e9tal et fourreau bois d\u00e9cor\u00e9, id\u00e9ale collection et cosplay.\",\"breadcrumb\":{\"@id\":\"https:\\\/\\\/repliquemangacine.fr\\\/final-fantasy-repliques-final-fantasy\\\/dague-joshua-rosfield-final-fantasy-xvi\\\/#breadcrumb\"},\"inLanguage\":\"de\",\"potentialAction\":[{\"@type\":\"ReadAction\",\"target\":[\"https:\\\/\\\/repliquemangacine.fr\\\/final-fantasy-repliques-final-fantasy\\\/dague-joshua-rosfield-final-fantasy-xvi\\\/\"]}]},{\"@type\":\"ImageObject\",\"inLanguage\":\"de\",\"@id\":\"https:\\\/\\\/repliquemangacine.fr\\\/final-fantasy-repliques-final-fantasy\\\/dague-joshua-rosfield-final-fantasy-xvi\\\/#primaryimage\",\"url\":\"https:\\\/\\\/repliquemangacine.fr\\\/wp-content\\\/uploads\\\/2026\\\/03\\\/Dague-de-Joshua-Rosfield-FFXVI.webp\",\"contentUrl\":\"https:\\\/\\\/repliquemangacine.fr\\\/wp-content\\\/uploads\\\/2026\\\/03\\\/Dague-de-Joshua-Rosfield-FFXVI.webp\",\"width\":700,\"height\":700,\"caption\":\"dague de Joshua Rosfield Final Fantasy XVI\"},{\"@type\":\"BreadcrumbList\",\"@id\":\"https:\\\/\\\/repliquemangacine.fr\\\/final-fantasy-repliques-final-fantasy\\\/dague-joshua-rosfield-final-fantasy-xvi\\\/#breadcrumb\",\"itemListElement\":[{\"@type\":\"ListItem\",\"position\":1,\"name\":\"Accueil\",\"item\":\"https:\\\/\\\/repliquemangacine.fr\\\/\"},{\"@type\":\"ListItem\",\"position\":2,\"name\":\"Produits\",\"item\":\"https:\\\/\\\/repliquemangacine.fr\\\/boutique\\\/\"},{\"@type\":\"ListItem\",\"position\":3,\"name\":\"Dague Joshua Rosfield Final Fantasy XVI\"}]},{\"@type\":\"WebSite\",\"@id\":\"https:\\\/\\\/repliquemangacine.fr\\\/#website\",\"url\":\"https:\\\/\\\/repliquemangacine.fr\\\/\",\"name\":\"R\u00e9plique Manga Cin\u00e9\",\"description\":\"\",\"publisher\":{\"@id\":\"https:\\\/\\\/repliquemangacine.fr\\\/#organization\"},\"potentialAction\":[{\"@type\":\"SearchAction\",\"target\":{\"@type\":\"EntryPoint\",\"urlTemplate\":\"https:\\\/\\\/repliquemangacine.fr\\\/?s={search_term_string}\"},\"query-input\":{\"@type\":\"PropertyValueSpecification\",\"valueRequired\":true,\"valueName\":\"search_term_string\"}}],\"inLanguage\":\"de\"},{\"@type\":\"Organization\",\"@id\":\"https:\\\/\\\/repliquemangacine.fr\\\/#organization\",\"name\":\"R\u00e9plique Manga Cin\u00e9\",\"url\":\"https:\\\/\\\/repliquemangacine.fr\\\/\",\"logo\":{\"@type\":\"ImageObject\",\"inLanguage\":\"de\",\"@id\":\"https:\\\/\\\/repliquemangacine.fr\\\/#\\\/schema\\\/logo\\\/image\\\/\",\"url\":\"https:\\\/\\\/repliquemangacine.fr\\\/wp-content\\\/uploads\\\/2023\\\/10\\\/RMC-500250.png\",\"contentUrl\":\"https:\\\/\\\/repliquemangacine.fr\\\/wp-content\\\/uploads\\\/2023\\\/10\\\/RMC-500250.png\",\"width\":500,\"height\":250,\"caption\":\"R\u00e9plique Manga Cin\u00e9\"},\"image\":{\"@id\":\"https:\\\/\\\/repliquemangacine.fr\\\/#\\\/schema\\\/logo\\\/image\\\/\"},\"sameAs\":[\"https:\\\/\\\/www.facebook.com\\\/RepliqueMangaCine\",\"https:\\\/\\\/www.instagram.com\\\/repliquemangacine.fr\\\/\"]}]}<\/script>\n<!-- \/ Yoast SEO plugin. -->","yoast_head_json":{"title":"Joshua Rosfield Final Fantasy XVI Dolch - R\u00e9plique Manga Cin\u00e9","description":"Entdecke den Dolch von Joshua Rosfield aus Final Fantasy XVI. Stahlreplik mit Metallgriff und verzierter Holzscheide, ideal zum Sammeln und Cosplay.","robots":{"index":"index","follow":"follow","max-snippet":"max-snippet:-1","max-image-preview":"max-image-preview:large","max-video-preview":"max-video-preview:-1"},"canonical":"https:\/\/repliquemangacine.fr\/de\/final-fantasy-repliken-final-fantasy\/dolch-joshua-rosfield-final-fantasy-xvi\/","og_locale":"de_DE","og_type":"article","og_title":"Dague Joshua Rosfield Final Fantasy XVI - R\u00e9plique Manga Cin\u00e9","og_description":"D\u00e9couvre la dague de Joshua Rosfield dans Final Fantasy XVI. R\u00e9plique en acier avec poign\u00e9e m\u00e9tal et fourreau bois d\u00e9cor\u00e9, id\u00e9ale collection et cosplay.","og_url":"https:\/\/repliquemangacine.fr\/de\/final-fantasy-repliken-final-fantasy\/dolch-joshua-rosfield-final-fantasy-xvi\/","og_site_name":"R\u00e9plique Manga Cin\u00e9","article_publisher":"https:\/\/www.facebook.com\/RepliqueMangaCine","article_modified_time":"2026-04-02T09:20:11+00:00","og_image":[{"width":700,"height":700,"url":"https:\/\/repliquemangacine.fr\/wp-content\/uploads\/2026\/03\/Dague-de-Joshua-Rosfield-FFXVI.webp","type":"image\/webp"}],"twitter_card":"summary_large_image","twitter_misc":{"Gesch\u00e4tzte Lesezeit":"2\u00a0Minuten"},"schema":{"@context":"https:\/\/schema.org","@graph":[{"@type":"WebPage","@id":"https:\/\/repliquemangacine.fr\/final-fantasy-repliques-final-fantasy\/dague-joshua-rosfield-final-fantasy-xvi\/","url":"https:\/\/repliquemangacine.fr\/final-fantasy-repliques-final-fantasy\/dague-joshua-rosfield-final-fantasy-xvi\/","name":"Joshua Rosfield Final Fantasy XVI Dolch - R\u00e9plique Manga Cin\u00e9","isPartOf":{"@id":"https:\/\/repliquemangacine.fr\/#website"},"primaryImageOfPage":{"@id":"https:\/\/repliquemangacine.fr\/final-fantasy-repliques-final-fantasy\/dague-joshua-rosfield-final-fantasy-xvi\/#primaryimage"},"image":{"@id":"https:\/\/repliquemangacine.fr\/final-fantasy-repliques-final-fantasy\/dague-joshua-rosfield-final-fantasy-xvi\/#primaryimage"},"thumbnailUrl":"https:\/\/repliquemangacine.fr\/wp-content\/uploads\/2026\/03\/Dague-de-Joshua-Rosfield-FFXVI.webp","datePublished":"2026-03-30T12:03:10+00:00","dateModified":"2026-04-02T09:20:11+00:00","description":"Entdecke den Dolch von Joshua Rosfield aus Final Fantasy XVI. Stahlreplik mit Metallgriff und verzierter Holzscheide, ideal zum Sammeln und Cosplay.","breadcrumb":{"@id":"https:\/\/repliquemangacine.fr\/final-fantasy-repliques-final-fantasy\/dague-joshua-rosfield-final-fantasy-xvi\/#breadcrumb"},"inLanguage":"de","potentialAction":[{"@type":"ReadAction","target":["https:\/\/repliquemangacine.fr\/final-fantasy-repliques-final-fantasy\/dague-joshua-rosfield-final-fantasy-xvi\/"]}]},{"@type":"ImageObject","inLanguage":"de","@id":"https:\/\/repliquemangacine.fr\/final-fantasy-repliques-final-fantasy\/dague-joshua-rosfield-final-fantasy-xvi\/#primaryimage","url":"https:\/\/repliquemangacine.fr\/wp-content\/uploads\/2026\/03\/Dague-de-Joshua-Rosfield-FFXVI.webp","contentUrl":"https:\/\/repliquemangacine.fr\/wp-content\/uploads\/2026\/03\/Dague-de-Joshua-Rosfield-FFXVI.webp","width":700,"height":700,"caption":"dague de Joshua Rosfield Final Fantasy XVI"},{"@type":"BreadcrumbList","@id":"https:\/\/repliquemangacine.fr\/final-fantasy-repliques-final-fantasy\/dague-joshua-rosfield-final-fantasy-xvi\/#breadcrumb","itemListElement":[{"@type":"ListItem","position":1,"name":"Accueil","item":"https:\/\/repliquemangacine.fr\/"},{"@type":"ListItem","position":2,"name":"Produits","item":"https:\/\/repliquemangacine.fr\/boutique\/"},{"@type":"ListItem","position":3,"name":"Dague Joshua Rosfield Final Fantasy XVI"}]},{"@type":"WebSite","@id":"https:\/\/repliquemangacine.fr\/#website","url":"https:\/\/repliquemangacine.fr\/","name":"R\u00e9plique Manga Cin\u00e9","description":"","publisher":{"@id":"https:\/\/repliquemangacine.fr\/#organization"},"potentialAction":[{"@type":"SearchAction","target":{"@type":"EntryPoint","urlTemplate":"https:\/\/repliquemangacine.fr\/?s={search_term_string}"},"query-input":{"@type":"PropertyValueSpecification","valueRequired":true,"valueName":"search_term_string"}}],"inLanguage":"de"},{"@type":"Organization","@id":"https:\/\/repliquemangacine.fr\/#organization","name":"R\u00e9plique Manga Cin\u00e9","url":"https:\/\/repliquemangacine.fr\/","logo":{"@type":"ImageObject","inLanguage":"de","@id":"https:\/\/repliquemangacine.fr\/#\/schema\/logo\/image\/","url":"https:\/\/repliquemangacine.fr\/wp-content\/uploads\/2023\/10\/RMC-500250.png","contentUrl":"https:\/\/repliquemangacine.fr\/wp-content\/uploads\/2023\/10\/RMC-500250.png","width":500,"height":250,"caption":"R\u00e9plique Manga Cin\u00e9"},"image":{"@id":"https:\/\/repliquemangacine.fr\/#\/schema\/logo\/image\/"},"sameAs":["https:\/\/www.facebook.com\/RepliqueMangaCine","https:\/\/www.instagram.com\/repliquemangacine.fr\/"]}]}},"_links":{"self":[{"href":"https:\/\/repliquemangacine.fr\/de\/wp-json\/wp\/v2\/product\/97152","targetHints":{"allow":["GET"]}}],"collection":[{"href":"https:\/\/repliquemangacine.fr\/de\/wp-json\/wp\/v2\/product"}],"about":[{"href":"https:\/\/repliquemangacine.fr\/de\/wp-json\/wp\/v2\/types\/product"}],"wp:featuredmedia":[{"embeddable":true,"href":"https:\/\/repliquemangacine.fr\/de\/wp-json\/wp\/v2\/media\/97156"}],"wp:attachment":[{"href":"https:\/\/repliquemangacine.fr\/de\/wp-json\/wp\/v2\/media?parent=97152"}],"wp:term":[{"taxonomy":"product_brand","embeddable":true,"href":"https:\/\/repliquemangacine.fr\/de\/wp-json\/wp\/v2\/product_brand?post=97152"},{"taxonomy":"product_cat","embeddable":true,"href":"https:\/\/repliquemangacine.fr\/de\/wp-json\/wp\/v2\/product_cat?post=97152"},{"taxonomy":"product_tag","embeddable":true,"href":"https:\/\/repliquemangacine.fr\/de\/wp-json\/wp\/v2\/product_tag?post=97152"}],"curies":[{"name":"wp","href":"https:\/\/api.w.org\/{rel}","templated":true}]}}