





{"id":96182,"date":"2026-03-12T11:46:48","date_gmt":"2026-03-12T10:46:48","guid":{"rendered":"https:\/\/repliquemangacine.fr\/?post_type=product&#038;p=96182"},"modified":"2026-04-02T11:19:36","modified_gmt":"2026-04-02T09:19:36","slug":"25-jahre-jubilaumsset-harry-potter-philosophischer-stein-und-zauberstabe","status":"publish","type":"product","link":"https:\/\/repliquemangacine.fr\/de\/baguettes-et-goodies-harry-potter\/coffret-25ans-harry-potter-pierre-philosophale-et-baguettes\/","title":{"rendered":"Harry Potter Jubil\u00e4umsset - Stein der Weisen und Zauberst\u00e4be"},"content":{"rendered":"<h2>25 Jahre Harry Potter - Feiern Sie die Magie!<\/h2>\n<p>Zur Feier des 25-j\u00e4hrigen Jubil\u00e4ums des ersten Films Harry Potter und der Stein der Weisen wird dieser <strong>Geschenkset 25 Jahre Harry Potter<\/strong> ist eine Hommage an die Anf\u00e4nge des ber\u00fchmtesten Zauberers der Filmgeschichte.<br \/>\nEs vereint zwei ikonische Zauberst\u00e4be aus Harry Potter und eine Nachbildung des mythischen Steins der Weisen.<\/p>\n<p>Jedes Element hat eine elegante silberne Oberfl\u00e4che, die den Requisiten aus dem Film treu bleibt.<br \/>\nDie St\u00e4bchen sind 33 cm bzw. 34,3 cm lang.<br \/>\nDer Stein der Weisen wird aus rotem, durchscheinendem Harz hergestellt.<\/p>\n<p>Das Ganze ist in einer eleganten Jubil\u00e4umsbox in den Farben der Wizarding World verpackt.<br \/>\nSo wird diese Box sofort zu einem zentralen St\u00fcck in einer Harry-Potter-Sammlung.<\/p>\n<h2>Harry Potters Zauberst\u00e4be und die Geschichte des Steins der Weisen<\/h2>\n<p>Dieses Set feiert die ersten Jahre von Harry Potter in Hogwarts.<br \/>\nEr enth\u00e4lt unter anderem den ersten Zauberstab, der in den ersten beiden Filmen zu sehen ist.<\/p>\n<p>Dieser Zauberstab taucht in Harry Potter und der Stein der Weisen und Harry Potter und die Kammer des Schreckens auf.<br \/>\nSie stellt den Moment dar, in dem Harry sein Schicksal als Zauberer erf\u00e4hrt.<\/p>\n<p>Der zweite Stab entspricht dem Design, das ab dem dritten Film verwendet wurde.<br \/>\nSie begleitet Harry bei seinen Abenteuern gegen Voldemort bis zum Ende der Saga.<\/p>\n<p>Die <a href=\"https:\/\/harrypotter.fandom.com\/fr\/wiki\/Pierre_philosophale\" target=\"_blank\" rel=\"noopener noreferrer\">Philosophischer Stein<\/a> erg\u00e4nzt diese Box perfekt.<br \/>\nIn der Geschichte kann man mit diesem Artefakt das Elixier des Lebens und reines Gold herstellen.<br \/>\nSie wird somit zum zentralen Gegenstand der ersten Konfrontation zwischen Harry und Voldemort.<\/p>\n<p>So zeichnet diese Box den eigentlichen Ursprung der Legende des jungen Zauberers nach.<\/p>\n<h2>Ein ideales St\u00fcck f\u00fcr Sammler und Fans der Wizarding World<\/h2>\n<p>Dieses Jubil\u00e4umsset ist vor allem f\u00fcr Sammler und Fans des Harry-Potter-Universums gedacht.<br \/>\nDank seiner eleganten Aufmachung l\u00e4sst er sich leicht in einer Vitrine oder einem Regal ausstellen.<\/p>\n<p>Die St\u00e4bchen besitzen ein Finish, das den Requisiten aus dem Film treu bleibt.<br \/>\nSie erm\u00f6glichen es auch, ikonische Szenen f\u00fcr Cosplay oder Fotografie nachzustellen.<\/p>\n<p>Diese Schatulle zeichnet sich jedoch vor allem durch ihre symbolische Dimension aus.<br \/>\nEr markiert das 25-j\u00e4hrige Jubil\u00e4um einer Saga, die mehrere Generationen gepr\u00e4gt hat.<\/p>\n<p>So wird sie zum perfekten Sammlerst\u00fcck, um eine Wizarding-World-Sammlung zu bereichern.<\/p>\n<p>Vervollst\u00e4ndigen Sie Ihre Harry-Potter-Sammlung<\/p>\n<p>Entdecken Sie auch andere Repliken aus der magischen Welt :<\/p>\n<ul>\n<li>Entdecken Sie die<a href=\"https:\/\/repliquemangacine.fr\/de\/verschiedene-goodies\/schachbrett-der-zauberer-spiel-schach-hp\/\">Offizielles Harry Potter-Schachbrett<\/a> vertrieben von The Noble Collection.<\/li>\n<li>Es gibt auch L\u2019<a href=\"https:\/\/repliquemangacine.fr\/de\/sammlerstucke-und-goodies-harry-potter\/godric-gryffindor-harry-potter-schwert\/\">Gryffindor-Schwert<\/a> mit Wandhalterung aus Holz mit Emblem<\/li>\n<li>Sowie alle <a href=\"https:\/\/repliquemangacine.fr\/de\/essstabchen-figuren-harry-potter\/\">Zauberst\u00e4be<\/a> der Harry-Potter-Saga<\/li>\n<\/ul>","protected":false},"excerpt":{"rendered":"<p>Ein magisches Geburtstagsset, das die beiden ikonischen Zauberst\u00e4be aus Harry Potter und den geheimnisvollen Stein der Weisen vereint.<\/p>\n<p>Zur Feier des 25-j\u00e4hrigen Jubil\u00e4ums des ersten Films Harry Potter und der Stein der Weisen ist diese Sammlerbox eine Hommage an die Anf\u00e4nge des ber\u00fchmtesten Zauberers der Filmgeschichte.<\/p>\n<p>Jedes Element hat eine elegante silberne Oberfl\u00e4che, die den Requisiten aus dem Film treu bleibt.<br \/>\nDie St\u00e4bchen sind 33 cm bzw. 34,3 cm lang.<br \/>\nDer Stein der Weisen wird aus rotem, durchscheinendem Harz hergestellt.<\/p>\n<p>Das Ganze ist in einer eleganten Jubil\u00e4umsbox in den Farben der Wizarding World verpackt.<br \/>\nSo wird diese Box sofort zu einem zentralen St\u00fcck in einer Harry-Potter-Sammlung.<\/p>\n<p><strong>Eigenschaften :<\/strong><\/p>\n<ul>\n<li>Zwei Harry-Potter-Zauberst\u00e4be aus Kunstharz mit silbernem Finish<\/li>\n<li>7,6 cm gro\u00dfer Philosophenstein aus transluzentem Lucite<\/li>\n<li>L\u00e4nge der St\u00e4bchen: 33 cm und 34,3 cm<\/li>\n<li>Abmessungen der Box: 38,1 \u00d7 16,5 cm<\/li>\n<li>Gewicht: 244 g<\/li>\n<\/ul>","protected":false},"featured_media":96196,"template":"","meta":[],"product_brand":[],"product_cat":[80,87,41,107],"product_tag":[],"class_list":{"0":"post-96182","1":"product","2":"type-product","3":"status-publish","4":"has-post-thumbnail","6":"product_cat-baguettes-personnages-harry-potter","7":"product_cat-collectors-et-goodies-harry-potter","8":"product_cat-baguettes-et-goodies-harry-potter","9":"product_cat-nouveautes","11":"first","12":"instock","13":"taxable","14":"shipping-taxable","15":"purchasable","16":"product-type-simple"},"yoast_head":"<!-- This site is optimized with the Yoast SEO plugin v27.5 - https:\/\/yoast.com\/product\/yoast-seo-wordpress\/ -->\n<title>Coffret 25ans Harry Potter - Pierre philosophale et Baguettes - R\u00e9plique Manga Cin\u00e9<\/title>\n<meta name=\"description\" content=\"Coffret 25ans Harry Potter: deux baguettes de Harry Potter et la Pierre Philosophale en r\u00e9sine. Une pi\u00e8ce magique pour les fans du Wizarding World.\" \/>\n<meta name=\"robots\" content=\"index, follow, max-snippet:-1, max-image-preview:large, max-video-preview:-1\" \/>\n<link rel=\"canonical\" href=\"https:\/\/repliquemangacine.fr\/de\/stabe-und-goodies-harry-potter\/25-jahre-jubilaumsset-harry-potter-philosophischer-stein-und-zauberstabe\/\" \/>\n<meta property=\"og:locale\" content=\"de_DE\" \/>\n<meta property=\"og:type\" content=\"article\" \/>\n<meta property=\"og:title\" content=\"Coffret 25ans Harry Potter - Pierre philosophale et Baguettes - R\u00e9plique Manga Cin\u00e9\" \/>\n<meta property=\"og:description\" content=\"Coffret 25ans Harry Potter: deux baguettes de Harry Potter et la Pierre Philosophale en r\u00e9sine. Une pi\u00e8ce magique pour les fans du Wizarding World.\" \/>\n<meta property=\"og:url\" content=\"https:\/\/repliquemangacine.fr\/de\/stabe-und-goodies-harry-potter\/25-jahre-jubilaumsset-harry-potter-philosophischer-stein-und-zauberstabe\/\" \/>\n<meta property=\"og:site_name\" content=\"R\u00e9plique Manga Cin\u00e9\" \/>\n<meta property=\"article:publisher\" content=\"https:\/\/www.facebook.com\/RepliqueMangaCine\" \/>\n<meta property=\"article:modified_time\" content=\"2026-04-02T09:19:36+00:00\" \/>\n<meta property=\"og:image\" content=\"https:\/\/repliquemangacine.fr\/wp-content\/uploads\/2026\/03\/Coffret-Anniversaire-Harry-Potter-sans-coffret-1.jpg\" \/>\n\t<meta property=\"og:image:width\" content=\"700\" \/>\n\t<meta property=\"og:image:height\" content=\"700\" \/>\n\t<meta property=\"og:image:type\" content=\"image\/jpeg\" \/>\n<meta name=\"twitter:card\" content=\"summary_large_image\" \/>\n<meta name=\"twitter:label1\" content=\"Gesch\u00e4tzte Lesezeit\" \/>\n\t<meta name=\"twitter:data1\" content=\"3\u00a0Minuten\" \/>\n<script type=\"application\/ld+json\" class=\"yoast-schema-graph\">{\"@context\":\"https:\\\/\\\/schema.org\",\"@graph\":[{\"@type\":\"WebPage\",\"@id\":\"https:\\\/\\\/repliquemangacine.fr\\\/baguettes-et-goodies-harry-potter\\\/coffret-25ans-harry-potter-pierre-philosophale-et-baguettes\\\/\",\"url\":\"https:\\\/\\\/repliquemangacine.fr\\\/baguettes-et-goodies-harry-potter\\\/coffret-25ans-harry-potter-pierre-philosophale-et-baguettes\\\/\",\"name\":\"Coffret 25ans Harry Potter - Pierre philosophale et Baguettes - R\u00e9plique Manga Cin\u00e9\",\"isPartOf\":{\"@id\":\"https:\\\/\\\/repliquemangacine.fr\\\/#website\"},\"primaryImageOfPage\":{\"@id\":\"https:\\\/\\\/repliquemangacine.fr\\\/baguettes-et-goodies-harry-potter\\\/coffret-25ans-harry-potter-pierre-philosophale-et-baguettes\\\/#primaryimage\"},\"image\":{\"@id\":\"https:\\\/\\\/repliquemangacine.fr\\\/baguettes-et-goodies-harry-potter\\\/coffret-25ans-harry-potter-pierre-philosophale-et-baguettes\\\/#primaryimage\"},\"thumbnailUrl\":\"https:\\\/\\\/repliquemangacine.fr\\\/wp-content\\\/uploads\\\/2026\\\/03\\\/Coffret-Anniversaire-Harry-Potter-sans-coffret-1.jpg\",\"datePublished\":\"2026-03-12T10:46:48+00:00\",\"dateModified\":\"2026-04-02T09:19:36+00:00\",\"description\":\"Coffret 25ans Harry Potter: deux baguettes de Harry Potter et la Pierre Philosophale en r\u00e9sine. Une pi\u00e8ce magique pour les fans du Wizarding World.\",\"breadcrumb\":{\"@id\":\"https:\\\/\\\/repliquemangacine.fr\\\/baguettes-et-goodies-harry-potter\\\/coffret-25ans-harry-potter-pierre-philosophale-et-baguettes\\\/#breadcrumb\"},\"inLanguage\":\"de\",\"potentialAction\":[{\"@type\":\"ReadAction\",\"target\":[\"https:\\\/\\\/repliquemangacine.fr\\\/baguettes-et-goodies-harry-potter\\\/coffret-25ans-harry-potter-pierre-philosophale-et-baguettes\\\/\"]}]},{\"@type\":\"ImageObject\",\"inLanguage\":\"de\",\"@id\":\"https:\\\/\\\/repliquemangacine.fr\\\/baguettes-et-goodies-harry-potter\\\/coffret-25ans-harry-potter-pierre-philosophale-et-baguettes\\\/#primaryimage\",\"url\":\"https:\\\/\\\/repliquemangacine.fr\\\/wp-content\\\/uploads\\\/2026\\\/03\\\/Coffret-Anniversaire-Harry-Potter-sans-coffret-1.jpg\",\"contentUrl\":\"https:\\\/\\\/repliquemangacine.fr\\\/wp-content\\\/uploads\\\/2026\\\/03\\\/Coffret-Anniversaire-Harry-Potter-sans-coffret-1.jpg\",\"width\":700,\"height\":700,\"caption\":\"Coffret 25ans Harry Potter, officielle Noble Collection\"},{\"@type\":\"BreadcrumbList\",\"@id\":\"https:\\\/\\\/repliquemangacine.fr\\\/baguettes-et-goodies-harry-potter\\\/coffret-25ans-harry-potter-pierre-philosophale-et-baguettes\\\/#breadcrumb\",\"itemListElement\":[{\"@type\":\"ListItem\",\"position\":1,\"name\":\"Accueil\",\"item\":\"https:\\\/\\\/repliquemangacine.fr\\\/\"},{\"@type\":\"ListItem\",\"position\":2,\"name\":\"Produits\",\"item\":\"https:\\\/\\\/repliquemangacine.fr\\\/boutique\\\/\"},{\"@type\":\"ListItem\",\"position\":3,\"name\":\"Coffret 25ans Harry Potter &#8211; Pierre philosophale et Baguettes\"}]},{\"@type\":\"WebSite\",\"@id\":\"https:\\\/\\\/repliquemangacine.fr\\\/#website\",\"url\":\"https:\\\/\\\/repliquemangacine.fr\\\/\",\"name\":\"R\u00e9plique Manga Cin\u00e9\",\"description\":\"\",\"publisher\":{\"@id\":\"https:\\\/\\\/repliquemangacine.fr\\\/#organization\"},\"potentialAction\":[{\"@type\":\"SearchAction\",\"target\":{\"@type\":\"EntryPoint\",\"urlTemplate\":\"https:\\\/\\\/repliquemangacine.fr\\\/?s={search_term_string}\"},\"query-input\":{\"@type\":\"PropertyValueSpecification\",\"valueRequired\":true,\"valueName\":\"search_term_string\"}}],\"inLanguage\":\"de\"},{\"@type\":\"Organization\",\"@id\":\"https:\\\/\\\/repliquemangacine.fr\\\/#organization\",\"name\":\"R\u00e9plique Manga Cin\u00e9\",\"url\":\"https:\\\/\\\/repliquemangacine.fr\\\/\",\"logo\":{\"@type\":\"ImageObject\",\"inLanguage\":\"de\",\"@id\":\"https:\\\/\\\/repliquemangacine.fr\\\/#\\\/schema\\\/logo\\\/image\\\/\",\"url\":\"https:\\\/\\\/repliquemangacine.fr\\\/wp-content\\\/uploads\\\/2023\\\/10\\\/RMC-500250.png\",\"contentUrl\":\"https:\\\/\\\/repliquemangacine.fr\\\/wp-content\\\/uploads\\\/2023\\\/10\\\/RMC-500250.png\",\"width\":500,\"height\":250,\"caption\":\"R\u00e9plique Manga Cin\u00e9\"},\"image\":{\"@id\":\"https:\\\/\\\/repliquemangacine.fr\\\/#\\\/schema\\\/logo\\\/image\\\/\"},\"sameAs\":[\"https:\\\/\\\/www.facebook.com\\\/RepliqueMangaCine\",\"https:\\\/\\\/www.instagram.com\\\/repliquemangacine.fr\\\/\"]}]}<\/script>\n<!-- \/ Yoast SEO plugin. -->","yoast_head_json":{"title":"Harry Potter 25-Jahre-Jubil\u00e4umsset - Stein der Weisen und Zauberst\u00e4be - R\u00e9plique Manga Cin\u00e9","description":"25 Jahre Harry Potter: Zwei Harry Potter Zauberst\u00e4be und der Stein der Weisen aus Harz. Ein magisches St\u00fcck f\u00fcr Fans der Wizarding World.","robots":{"index":"index","follow":"follow","max-snippet":"max-snippet:-1","max-image-preview":"max-image-preview:large","max-video-preview":"max-video-preview:-1"},"canonical":"https:\/\/repliquemangacine.fr\/de\/stabe-und-goodies-harry-potter\/25-jahre-jubilaumsset-harry-potter-philosophischer-stein-und-zauberstabe\/","og_locale":"de_DE","og_type":"article","og_title":"Coffret 25ans Harry Potter - Pierre philosophale et Baguettes - R\u00e9plique Manga Cin\u00e9","og_description":"Coffret 25ans Harry Potter: deux baguettes de Harry Potter et la Pierre Philosophale en r\u00e9sine. Une pi\u00e8ce magique pour les fans du Wizarding World.","og_url":"https:\/\/repliquemangacine.fr\/de\/stabe-und-goodies-harry-potter\/25-jahre-jubilaumsset-harry-potter-philosophischer-stein-und-zauberstabe\/","og_site_name":"R\u00e9plique Manga Cin\u00e9","article_publisher":"https:\/\/www.facebook.com\/RepliqueMangaCine","article_modified_time":"2026-04-02T09:19:36+00:00","og_image":[{"width":700,"height":700,"url":"https:\/\/repliquemangacine.fr\/wp-content\/uploads\/2026\/03\/Coffret-Anniversaire-Harry-Potter-sans-coffret-1.jpg","type":"image\/jpeg"}],"twitter_card":"summary_large_image","twitter_misc":{"Gesch\u00e4tzte Lesezeit":"3\u00a0Minuten"},"schema":{"@context":"https:\/\/schema.org","@graph":[{"@type":"WebPage","@id":"https:\/\/repliquemangacine.fr\/baguettes-et-goodies-harry-potter\/coffret-25ans-harry-potter-pierre-philosophale-et-baguettes\/","url":"https:\/\/repliquemangacine.fr\/baguettes-et-goodies-harry-potter\/coffret-25ans-harry-potter-pierre-philosophale-et-baguettes\/","name":"Harry Potter 25-Jahre-Jubil\u00e4umsset - Stein der Weisen und Zauberst\u00e4be - R\u00e9plique Manga Cin\u00e9","isPartOf":{"@id":"https:\/\/repliquemangacine.fr\/#website"},"primaryImageOfPage":{"@id":"https:\/\/repliquemangacine.fr\/baguettes-et-goodies-harry-potter\/coffret-25ans-harry-potter-pierre-philosophale-et-baguettes\/#primaryimage"},"image":{"@id":"https:\/\/repliquemangacine.fr\/baguettes-et-goodies-harry-potter\/coffret-25ans-harry-potter-pierre-philosophale-et-baguettes\/#primaryimage"},"thumbnailUrl":"https:\/\/repliquemangacine.fr\/wp-content\/uploads\/2026\/03\/Coffret-Anniversaire-Harry-Potter-sans-coffret-1.jpg","datePublished":"2026-03-12T10:46:48+00:00","dateModified":"2026-04-02T09:19:36+00:00","description":"25 Jahre Harry Potter: Zwei Harry Potter Zauberst\u00e4be und der Stein der Weisen aus Harz. Ein magisches St\u00fcck f\u00fcr Fans der Wizarding World.","breadcrumb":{"@id":"https:\/\/repliquemangacine.fr\/baguettes-et-goodies-harry-potter\/coffret-25ans-harry-potter-pierre-philosophale-et-baguettes\/#breadcrumb"},"inLanguage":"de","potentialAction":[{"@type":"ReadAction","target":["https:\/\/repliquemangacine.fr\/baguettes-et-goodies-harry-potter\/coffret-25ans-harry-potter-pierre-philosophale-et-baguettes\/"]}]},{"@type":"ImageObject","inLanguage":"de","@id":"https:\/\/repliquemangacine.fr\/baguettes-et-goodies-harry-potter\/coffret-25ans-harry-potter-pierre-philosophale-et-baguettes\/#primaryimage","url":"https:\/\/repliquemangacine.fr\/wp-content\/uploads\/2026\/03\/Coffret-Anniversaire-Harry-Potter-sans-coffret-1.jpg","contentUrl":"https:\/\/repliquemangacine.fr\/wp-content\/uploads\/2026\/03\/Coffret-Anniversaire-Harry-Potter-sans-coffret-1.jpg","width":700,"height":700,"caption":"Coffret 25ans Harry Potter, officielle Noble Collection"},{"@type":"BreadcrumbList","@id":"https:\/\/repliquemangacine.fr\/baguettes-et-goodies-harry-potter\/coffret-25ans-harry-potter-pierre-philosophale-et-baguettes\/#breadcrumb","itemListElement":[{"@type":"ListItem","position":1,"name":"Accueil","item":"https:\/\/repliquemangacine.fr\/"},{"@type":"ListItem","position":2,"name":"Produits","item":"https:\/\/repliquemangacine.fr\/boutique\/"},{"@type":"ListItem","position":3,"name":"Coffret 25ans Harry Potter &#8211; Pierre philosophale et Baguettes"}]},{"@type":"WebSite","@id":"https:\/\/repliquemangacine.fr\/#website","url":"https:\/\/repliquemangacine.fr\/","name":"R\u00e9plique Manga Cin\u00e9","description":"","publisher":{"@id":"https:\/\/repliquemangacine.fr\/#organization"},"potentialAction":[{"@type":"SearchAction","target":{"@type":"EntryPoint","urlTemplate":"https:\/\/repliquemangacine.fr\/?s={search_term_string}"},"query-input":{"@type":"PropertyValueSpecification","valueRequired":true,"valueName":"search_term_string"}}],"inLanguage":"de"},{"@type":"Organization","@id":"https:\/\/repliquemangacine.fr\/#organization","name":"R\u00e9plique Manga Cin\u00e9","url":"https:\/\/repliquemangacine.fr\/","logo":{"@type":"ImageObject","inLanguage":"de","@id":"https:\/\/repliquemangacine.fr\/#\/schema\/logo\/image\/","url":"https:\/\/repliquemangacine.fr\/wp-content\/uploads\/2023\/10\/RMC-500250.png","contentUrl":"https:\/\/repliquemangacine.fr\/wp-content\/uploads\/2023\/10\/RMC-500250.png","width":500,"height":250,"caption":"R\u00e9plique Manga Cin\u00e9"},"image":{"@id":"https:\/\/repliquemangacine.fr\/#\/schema\/logo\/image\/"},"sameAs":["https:\/\/www.facebook.com\/RepliqueMangaCine","https:\/\/www.instagram.com\/repliquemangacine.fr\/"]}]}},"_links":{"self":[{"href":"https:\/\/repliquemangacine.fr\/de\/wp-json\/wp\/v2\/product\/96182","targetHints":{"allow":["GET"]}}],"collection":[{"href":"https:\/\/repliquemangacine.fr\/de\/wp-json\/wp\/v2\/product"}],"about":[{"href":"https:\/\/repliquemangacine.fr\/de\/wp-json\/wp\/v2\/types\/product"}],"wp:featuredmedia":[{"embeddable":true,"href":"https:\/\/repliquemangacine.fr\/de\/wp-json\/wp\/v2\/media\/96196"}],"wp:attachment":[{"href":"https:\/\/repliquemangacine.fr\/de\/wp-json\/wp\/v2\/media?parent=96182"}],"wp:term":[{"taxonomy":"product_brand","embeddable":true,"href":"https:\/\/repliquemangacine.fr\/de\/wp-json\/wp\/v2\/product_brand?post=96182"},{"taxonomy":"product_cat","embeddable":true,"href":"https:\/\/repliquemangacine.fr\/de\/wp-json\/wp\/v2\/product_cat?post=96182"},{"taxonomy":"product_tag","embeddable":true,"href":"https:\/\/repliquemangacine.fr\/de\/wp-json\/wp\/v2\/product_tag?post=96182"}],"curies":[{"name":"wp","href":"https:\/\/api.w.org\/{rel}","templated":true}]}}