





{"id":95777,"date":"2026-02-28T19:27:17","date_gmt":"2026-02-28T18:27:17","guid":{"rendered":"https:\/\/repliquemangacine.fr\/?post_type=product&#038;p=95777"},"modified":"2026-04-20T13:55:45","modified_gmt":"2026-04-20T11:55:45","slug":"schwert-der-macht-von-he-man-die-meister-des-universums-2026","status":"publish","type":"product","link":"https:\/\/repliquemangacine.fr\/de\/films-series-tv-vente-de-katana-epee-et-produits-derives\/epee-de-pouvoir-de-he-man-les-maitres-de-lunivers-2026\/","title":{"rendered":"He-Mans Schwert der Macht - Die Meister des Universums 2026"},"content":{"rendered":"<h2>He-Mans Schwert der Macht - Preview-Replik 2026<\/h2>\n<p>Zun\u00e4chst einmal kommt dieses von den Masters of the Universe inspirierte Schwert der Macht von He-Man noch vor dem Kinostart im Juni 2026. Es dr\u00e4ngt sich sofort durch seine Pr\u00e4senz in den Vordergrund. Die Klinge aus poliertem Stahl reflektiert das Licht strahlend. Sie f\u00e4ngt jeden Blick ein.<\/p>\n<p>Der matte Stahlb\u00fcgel zeigt pr\u00e4zise Gravuren. Das massive Design erinnert an die Kraft von Eternia. Der mit braunem Kunstleder ummantelte Griff sorgt f\u00fcr einen bequemen Halt. Er unterstreicht au\u00dferdem die heroische \u00c4sthetik des St\u00fccks.<\/p>\n<p>Das Ganze wird mit einem Ausstellungsst\u00e4nder geliefert. So k\u00f6nnen Sie sie sofort nach Erhalt zur Schau stellen. Ob im Schaufenster oder an der Wand, sie wird sofort zum Mittelpunkt der Aufmerksamkeit.<\/p>\n<h2>He-Man und die Symbolik des Schwerts der Macht<\/h2>\n<p>Zun\u00e4chst einmal ist das Schwert der Macht in Masters of the Universe nicht einfach nur eine Waffe. Sie verk\u00f6rpert daher die Verwandlung Adams in He-Man. Es steht f\u00fcr St\u00e4rke, Mut und Verantwortung.<\/p>\n<p>Diese Replik ist eine Hommage an diese mythische Dimension. Die imposante Struktur erinnert an rohe Kraft. Im Gegensatz dazu erinnern die zarten Gravuren an das k\u00f6nigliche Erbe Eternias. Jedes Detail erz\u00e4hlt eine Geschichte.<\/p>\n<p>Um Ihre Retro- und Filmsammlung zu erweitern, entdecken Sie auch unsere <a href=\"https:\/\/repliquemangacine.fr\/de\/antike-schwerter\/dachilles-schwert-in-troja\/\">Schwert des Achilles aus dem Film Troja<\/a> erh\u00e4ltlich auf Repliquemangacine. Jede Klinge symbolisiert einen Helden. Diese verk\u00f6rpert eine ganze Generation.<\/p>\n<h2>Polierter oder dekorativer Stahl: Warum sollten Sie sich f\u00fcr diese Variante entscheiden?<\/h2>\n<p>Zun\u00e4chst einmal sorgt der polierte Stahl f\u00fcr einen unmittelbaren Realismus. Er reflektiert das Licht wie in epischen Szenen. Im Gegensatz zu den Versionen aus Kunstharz bietet diese Replik ein authentisches Gewicht und eine authentische Pr\u00e4senz.<\/p>\n<p>F\u00fcr einen Sammler ist dies eine strategische M\u00fcnze. Sie markiert die Vorpremiere des Films 2026. F\u00fcr einen Cosplayer verleiht es Glaubw\u00fcrdigkeit und visuelle Wirkung. Dennoch bleibt sie eine Replik, die f\u00fcr die Ausstellung bestimmt ist. Denn wie bei jeder Stahlklinge wird eine regelm\u00e4\u00dfige Pflege empfohlen, um den Glanz zu erhalten und Oxidation zu vermeiden.\u2019<a href=\"https:\/\/repliquemangacine.fr\/de\/historische-waffen\/universalol-ballistol\/\">Ballistol Universal\u00f6l<\/a>, Das Produkt wurde speziell f\u00fcr den Schutz und die Pflege von Metall entwickelt.<\/p>\n<p>Wenn Sie vergleichen m\u00f6chten, wie sich die Versionen von He-Man \u00fcber die Jahrzehnte hinweg entwickelt haben, k\u00f6nnen Sie sich in einem speziellen Archiv \u00fcber das Franchise informieren <a href=\"https:\/\/he-man.fandom.com\/wiki\/Masters_of_the_Universe\" target=\"_blank\" rel=\"noopener noreferrer\">Masters of the Universe<\/a>.<\/p>\n<p>Zusammenfassend l\u00e4sst sich sagen, dass dieses Schwert nicht nur ikonisch ist. Es k\u00fcndigt die R\u00fcckkehr eines Mythos an. Und ein Mythos kehrt niemals unauff\u00e4llig zur\u00fcck.<\/p>","protected":false},"excerpt":{"rendered":"<p>Bei der Macht von Eternia, stellen Sie die Legende vor allen anderen mit dem Schwert der Macht von He-Man in Die Meister des Universums aus.<\/p>\n<ul>\n<li>Klinge aus poliertem Stahl<\/li>\n<li>Vollstahl-Garde mit Gravuren<\/li>\n<li>Zwei Griffe am Stahlschutz<\/li>\n<li>Metallgriff mit braunem Kunstleder\u00fcberzug f\u00fcr einen guten Griff.<\/li>\n<li>Knauf aus Metall<\/li>\n<li>Wird mit einer Wandhalterung aus Holz geliefert<\/li>\n<li>L\u00e4nge der Klinge: 65cm - Gesamtl\u00e4nge: 105cm<\/li>\n<li>Gewicht: 2507g<\/li>\n<\/ul>\n<p><strong>Verkauf an Minderj\u00e4hrige verboten<\/strong><\/p>","protected":false},"featured_media":95779,"template":"","meta":[],"product_brand":[],"product_cat":[66,24,107],"product_tag":[995,996],"class_list":{"0":"post-95777","1":"product","2":"type-product","3":"status-publish","4":"has-post-thumbnail","6":"product_cat-repliques-d-armes-films-et-series","7":"product_cat-films-series-tv-vente-de-katana-epee-et-produits-derives","8":"product_cat-nouveautes","9":"product_tag-epee-de-musclor","10":"product_tag-epee-des-maitres-de-lunivers","12":"first","13":"instock","14":"taxable","15":"shipping-taxable","16":"purchasable","17":"product-type-simple"},"yoast_head":"<!-- This site is optimized with the Yoast SEO plugin v27.4 - https:\/\/yoast.com\/product\/yoast-seo-wordpress\/ -->\n<title>\u00c9p\u00e9e de Pouvoir de He-Man - Les Maitres de L&#039;univers 2026 - R\u00e9plique Manga Cin\u00e9<\/title>\n<meta name=\"description\" content=\"D\u00e9couvrez l\u2019\u00c9p\u00e9e de Pouvoir de He-Man issue des Ma\u00eetres de l\u2019Univers 2026. Lame en acier poli, garde grav\u00e9e, support inclus. Pi\u00e8ce collector incontournable.\" \/>\n<meta name=\"robots\" content=\"index, follow, max-snippet:-1, max-image-preview:large, max-video-preview:-1\" \/>\n<link rel=\"canonical\" href=\"https:\/\/repliquemangacine.fr\/de\/filme-tv-serien-verkauf-von-katana-schwertern-und-derivaten\/schwert-der-macht-von-he-man-die-meister-des-universums-2026\/\" \/>\n<meta property=\"og:locale\" content=\"de_DE\" \/>\n<meta property=\"og:type\" content=\"article\" \/>\n<meta property=\"og:title\" content=\"\u00c9p\u00e9e de Pouvoir de He-Man - Les Maitres de L&#039;univers 2026 - R\u00e9plique Manga Cin\u00e9\" \/>\n<meta property=\"og:description\" content=\"D\u00e9couvrez l\u2019\u00c9p\u00e9e de Pouvoir de He-Man issue des Ma\u00eetres de l\u2019Univers 2026. Lame en acier poli, garde grav\u00e9e, support inclus. Pi\u00e8ce collector incontournable.\" \/>\n<meta property=\"og:url\" content=\"https:\/\/repliquemangacine.fr\/de\/filme-tv-serien-verkauf-von-katana-schwertern-und-derivaten\/schwert-der-macht-von-he-man-die-meister-des-universums-2026\/\" \/>\n<meta property=\"og:site_name\" content=\"R\u00e9plique Manga Cin\u00e9\" \/>\n<meta property=\"article:publisher\" content=\"https:\/\/www.facebook.com\/RepliqueMangaCine\" \/>\n<meta property=\"article:modified_time\" content=\"2026-04-20T11:55:45+00:00\" \/>\n<meta property=\"og:image\" content=\"https:\/\/repliquemangacine.fr\/wp-content\/uploads\/2026\/02\/epee-He-man-les-maitres-de-lunivers.jpg\" \/>\n\t<meta property=\"og:image:width\" content=\"700\" \/>\n\t<meta property=\"og:image:height\" content=\"700\" \/>\n\t<meta property=\"og:image:type\" content=\"image\/jpeg\" \/>\n<meta name=\"twitter:card\" content=\"summary_large_image\" \/>\n<meta name=\"twitter:label1\" content=\"Gesch\u00e4tzte Lesezeit\" \/>\n\t<meta name=\"twitter:data1\" content=\"3\u00a0Minuten\" \/>\n<script type=\"application\/ld+json\" class=\"yoast-schema-graph\">{\"@context\":\"https:\\\/\\\/schema.org\",\"@graph\":[{\"@type\":\"WebPage\",\"@id\":\"https:\\\/\\\/repliquemangacine.fr\\\/films-series-tv-vente-de-katana-epee-et-produits-derives\\\/epee-de-pouvoir-de-he-man-les-maitres-de-lunivers-2026\\\/\",\"url\":\"https:\\\/\\\/repliquemangacine.fr\\\/films-series-tv-vente-de-katana-epee-et-produits-derives\\\/epee-de-pouvoir-de-he-man-les-maitres-de-lunivers-2026\\\/\",\"name\":\"\u00c9p\u00e9e de Pouvoir de He-Man - Les Maitres de L'univers 2026 - R\u00e9plique Manga Cin\u00e9\",\"isPartOf\":{\"@id\":\"https:\\\/\\\/repliquemangacine.fr\\\/#website\"},\"primaryImageOfPage\":{\"@id\":\"https:\\\/\\\/repliquemangacine.fr\\\/films-series-tv-vente-de-katana-epee-et-produits-derives\\\/epee-de-pouvoir-de-he-man-les-maitres-de-lunivers-2026\\\/#primaryimage\"},\"image\":{\"@id\":\"https:\\\/\\\/repliquemangacine.fr\\\/films-series-tv-vente-de-katana-epee-et-produits-derives\\\/epee-de-pouvoir-de-he-man-les-maitres-de-lunivers-2026\\\/#primaryimage\"},\"thumbnailUrl\":\"https:\\\/\\\/repliquemangacine.fr\\\/wp-content\\\/uploads\\\/2026\\\/02\\\/epee-He-man-les-maitres-de-lunivers.jpg\",\"datePublished\":\"2026-02-28T18:27:17+00:00\",\"dateModified\":\"2026-04-20T11:55:45+00:00\",\"description\":\"D\u00e9couvrez l\u2019\u00c9p\u00e9e de Pouvoir de He-Man issue des Ma\u00eetres de l\u2019Univers 2026. Lame en acier poli, garde grav\u00e9e, support inclus. Pi\u00e8ce collector incontournable.\",\"breadcrumb\":{\"@id\":\"https:\\\/\\\/repliquemangacine.fr\\\/films-series-tv-vente-de-katana-epee-et-produits-derives\\\/epee-de-pouvoir-de-he-man-les-maitres-de-lunivers-2026\\\/#breadcrumb\"},\"inLanguage\":\"de\",\"potentialAction\":[{\"@type\":\"ReadAction\",\"target\":[\"https:\\\/\\\/repliquemangacine.fr\\\/films-series-tv-vente-de-katana-epee-et-produits-derives\\\/epee-de-pouvoir-de-he-man-les-maitres-de-lunivers-2026\\\/\"]}]},{\"@type\":\"ImageObject\",\"inLanguage\":\"de\",\"@id\":\"https:\\\/\\\/repliquemangacine.fr\\\/films-series-tv-vente-de-katana-epee-et-produits-derives\\\/epee-de-pouvoir-de-he-man-les-maitres-de-lunivers-2026\\\/#primaryimage\",\"url\":\"https:\\\/\\\/repliquemangacine.fr\\\/wp-content\\\/uploads\\\/2026\\\/02\\\/epee-He-man-les-maitres-de-lunivers.jpg\",\"contentUrl\":\"https:\\\/\\\/repliquemangacine.fr\\\/wp-content\\\/uploads\\\/2026\\\/02\\\/epee-He-man-les-maitres-de-lunivers.jpg\",\"width\":700,\"height\":700,\"caption\":\"\u00c9p\u00e9e de Pouvoir de He-Man dans Les Maitres de l'Univers\"},{\"@type\":\"BreadcrumbList\",\"@id\":\"https:\\\/\\\/repliquemangacine.fr\\\/films-series-tv-vente-de-katana-epee-et-produits-derives\\\/epee-de-pouvoir-de-he-man-les-maitres-de-lunivers-2026\\\/#breadcrumb\",\"itemListElement\":[{\"@type\":\"ListItem\",\"position\":1,\"name\":\"Accueil\",\"item\":\"https:\\\/\\\/repliquemangacine.fr\\\/\"},{\"@type\":\"ListItem\",\"position\":2,\"name\":\"Produits\",\"item\":\"https:\\\/\\\/repliquemangacine.fr\\\/boutique\\\/\"},{\"@type\":\"ListItem\",\"position\":3,\"name\":\"\u00c9p\u00e9e de Pouvoir de He-Man &#8211; Les Maitres de L&#8217;univers 2026\"}]},{\"@type\":\"WebSite\",\"@id\":\"https:\\\/\\\/repliquemangacine.fr\\\/#website\",\"url\":\"https:\\\/\\\/repliquemangacine.fr\\\/\",\"name\":\"R\u00e9plique Manga Cin\u00e9\",\"description\":\"\",\"publisher\":{\"@id\":\"https:\\\/\\\/repliquemangacine.fr\\\/#organization\"},\"potentialAction\":[{\"@type\":\"SearchAction\",\"target\":{\"@type\":\"EntryPoint\",\"urlTemplate\":\"https:\\\/\\\/repliquemangacine.fr\\\/?s={search_term_string}\"},\"query-input\":{\"@type\":\"PropertyValueSpecification\",\"valueRequired\":true,\"valueName\":\"search_term_string\"}}],\"inLanguage\":\"de\"},{\"@type\":\"Organization\",\"@id\":\"https:\\\/\\\/repliquemangacine.fr\\\/#organization\",\"name\":\"R\u00e9plique Manga Cin\u00e9\",\"url\":\"https:\\\/\\\/repliquemangacine.fr\\\/\",\"logo\":{\"@type\":\"ImageObject\",\"inLanguage\":\"de\",\"@id\":\"https:\\\/\\\/repliquemangacine.fr\\\/#\\\/schema\\\/logo\\\/image\\\/\",\"url\":\"https:\\\/\\\/repliquemangacine.fr\\\/wp-content\\\/uploads\\\/2023\\\/10\\\/RMC-500250.png\",\"contentUrl\":\"https:\\\/\\\/repliquemangacine.fr\\\/wp-content\\\/uploads\\\/2023\\\/10\\\/RMC-500250.png\",\"width\":500,\"height\":250,\"caption\":\"R\u00e9plique Manga Cin\u00e9\"},\"image\":{\"@id\":\"https:\\\/\\\/repliquemangacine.fr\\\/#\\\/schema\\\/logo\\\/image\\\/\"},\"sameAs\":[\"https:\\\/\\\/www.facebook.com\\\/RepliqueMangaCine\",\"https:\\\/\\\/www.instagram.com\\\/repliquemangacine.fr\\\/\"]}]}<\/script>\n<!-- \/ Yoast SEO plugin. -->","yoast_head_json":{"title":"He-Mans Schwert der Macht - Die Meister des Universums 2026 - R\u00e9plique Manga Cin\u00e9","description":"Entdecken Sie He-Mans Schwert der Macht, das von den Meistern des Universums 2026 stammt. Klinge aus poliertem Stahl, gravierter Schutz, inklusive St\u00e4nder. Ein unverzichtbares Sammlerst\u00fcck.","robots":{"index":"index","follow":"follow","max-snippet":"max-snippet:-1","max-image-preview":"max-image-preview:large","max-video-preview":"max-video-preview:-1"},"canonical":"https:\/\/repliquemangacine.fr\/de\/filme-tv-serien-verkauf-von-katana-schwertern-und-derivaten\/schwert-der-macht-von-he-man-die-meister-des-universums-2026\/","og_locale":"de_DE","og_type":"article","og_title":"\u00c9p\u00e9e de Pouvoir de He-Man - Les Maitres de L'univers 2026 - R\u00e9plique Manga Cin\u00e9","og_description":"D\u00e9couvrez l\u2019\u00c9p\u00e9e de Pouvoir de He-Man issue des Ma\u00eetres de l\u2019Univers 2026. Lame en acier poli, garde grav\u00e9e, support inclus. Pi\u00e8ce collector incontournable.","og_url":"https:\/\/repliquemangacine.fr\/de\/filme-tv-serien-verkauf-von-katana-schwertern-und-derivaten\/schwert-der-macht-von-he-man-die-meister-des-universums-2026\/","og_site_name":"R\u00e9plique Manga Cin\u00e9","article_publisher":"https:\/\/www.facebook.com\/RepliqueMangaCine","article_modified_time":"2026-04-20T11:55:45+00:00","og_image":[{"width":700,"height":700,"url":"https:\/\/repliquemangacine.fr\/wp-content\/uploads\/2026\/02\/epee-He-man-les-maitres-de-lunivers.jpg","type":"image\/jpeg"}],"twitter_card":"summary_large_image","twitter_misc":{"Gesch\u00e4tzte Lesezeit":"3\u00a0Minuten"},"schema":{"@context":"https:\/\/schema.org","@graph":[{"@type":"WebPage","@id":"https:\/\/repliquemangacine.fr\/films-series-tv-vente-de-katana-epee-et-produits-derives\/epee-de-pouvoir-de-he-man-les-maitres-de-lunivers-2026\/","url":"https:\/\/repliquemangacine.fr\/films-series-tv-vente-de-katana-epee-et-produits-derives\/epee-de-pouvoir-de-he-man-les-maitres-de-lunivers-2026\/","name":"He-Mans Schwert der Macht - Die Meister des Universums 2026 - R\u00e9plique Manga Cin\u00e9","isPartOf":{"@id":"https:\/\/repliquemangacine.fr\/#website"},"primaryImageOfPage":{"@id":"https:\/\/repliquemangacine.fr\/films-series-tv-vente-de-katana-epee-et-produits-derives\/epee-de-pouvoir-de-he-man-les-maitres-de-lunivers-2026\/#primaryimage"},"image":{"@id":"https:\/\/repliquemangacine.fr\/films-series-tv-vente-de-katana-epee-et-produits-derives\/epee-de-pouvoir-de-he-man-les-maitres-de-lunivers-2026\/#primaryimage"},"thumbnailUrl":"https:\/\/repliquemangacine.fr\/wp-content\/uploads\/2026\/02\/epee-He-man-les-maitres-de-lunivers.jpg","datePublished":"2026-02-28T18:27:17+00:00","dateModified":"2026-04-20T11:55:45+00:00","description":"Entdecken Sie He-Mans Schwert der Macht, das von den Meistern des Universums 2026 stammt. Klinge aus poliertem Stahl, gravierter Schutz, inklusive St\u00e4nder. Ein unverzichtbares Sammlerst\u00fcck.","breadcrumb":{"@id":"https:\/\/repliquemangacine.fr\/films-series-tv-vente-de-katana-epee-et-produits-derives\/epee-de-pouvoir-de-he-man-les-maitres-de-lunivers-2026\/#breadcrumb"},"inLanguage":"de","potentialAction":[{"@type":"ReadAction","target":["https:\/\/repliquemangacine.fr\/films-series-tv-vente-de-katana-epee-et-produits-derives\/epee-de-pouvoir-de-he-man-les-maitres-de-lunivers-2026\/"]}]},{"@type":"ImageObject","inLanguage":"de","@id":"https:\/\/repliquemangacine.fr\/films-series-tv-vente-de-katana-epee-et-produits-derives\/epee-de-pouvoir-de-he-man-les-maitres-de-lunivers-2026\/#primaryimage","url":"https:\/\/repliquemangacine.fr\/wp-content\/uploads\/2026\/02\/epee-He-man-les-maitres-de-lunivers.jpg","contentUrl":"https:\/\/repliquemangacine.fr\/wp-content\/uploads\/2026\/02\/epee-He-man-les-maitres-de-lunivers.jpg","width":700,"height":700,"caption":"\u00c9p\u00e9e de Pouvoir de He-Man dans Les Maitres de l'Univers"},{"@type":"BreadcrumbList","@id":"https:\/\/repliquemangacine.fr\/films-series-tv-vente-de-katana-epee-et-produits-derives\/epee-de-pouvoir-de-he-man-les-maitres-de-lunivers-2026\/#breadcrumb","itemListElement":[{"@type":"ListItem","position":1,"name":"Accueil","item":"https:\/\/repliquemangacine.fr\/"},{"@type":"ListItem","position":2,"name":"Produits","item":"https:\/\/repliquemangacine.fr\/boutique\/"},{"@type":"ListItem","position":3,"name":"\u00c9p\u00e9e de Pouvoir de He-Man &#8211; Les Maitres de L&#8217;univers 2026"}]},{"@type":"WebSite","@id":"https:\/\/repliquemangacine.fr\/#website","url":"https:\/\/repliquemangacine.fr\/","name":"R\u00e9plique Manga Cin\u00e9","description":"","publisher":{"@id":"https:\/\/repliquemangacine.fr\/#organization"},"potentialAction":[{"@type":"SearchAction","target":{"@type":"EntryPoint","urlTemplate":"https:\/\/repliquemangacine.fr\/?s={search_term_string}"},"query-input":{"@type":"PropertyValueSpecification","valueRequired":true,"valueName":"search_term_string"}}],"inLanguage":"de"},{"@type":"Organization","@id":"https:\/\/repliquemangacine.fr\/#organization","name":"R\u00e9plique Manga Cin\u00e9","url":"https:\/\/repliquemangacine.fr\/","logo":{"@type":"ImageObject","inLanguage":"de","@id":"https:\/\/repliquemangacine.fr\/#\/schema\/logo\/image\/","url":"https:\/\/repliquemangacine.fr\/wp-content\/uploads\/2023\/10\/RMC-500250.png","contentUrl":"https:\/\/repliquemangacine.fr\/wp-content\/uploads\/2023\/10\/RMC-500250.png","width":500,"height":250,"caption":"R\u00e9plique Manga Cin\u00e9"},"image":{"@id":"https:\/\/repliquemangacine.fr\/#\/schema\/logo\/image\/"},"sameAs":["https:\/\/www.facebook.com\/RepliqueMangaCine","https:\/\/www.instagram.com\/repliquemangacine.fr\/"]}]}},"_links":{"self":[{"href":"https:\/\/repliquemangacine.fr\/de\/wp-json\/wp\/v2\/product\/95777","targetHints":{"allow":["GET"]}}],"collection":[{"href":"https:\/\/repliquemangacine.fr\/de\/wp-json\/wp\/v2\/product"}],"about":[{"href":"https:\/\/repliquemangacine.fr\/de\/wp-json\/wp\/v2\/types\/product"}],"wp:featuredmedia":[{"embeddable":true,"href":"https:\/\/repliquemangacine.fr\/de\/wp-json\/wp\/v2\/media\/95779"}],"wp:attachment":[{"href":"https:\/\/repliquemangacine.fr\/de\/wp-json\/wp\/v2\/media?parent=95777"}],"wp:term":[{"taxonomy":"product_brand","embeddable":true,"href":"https:\/\/repliquemangacine.fr\/de\/wp-json\/wp\/v2\/product_brand?post=95777"},{"taxonomy":"product_cat","embeddable":true,"href":"https:\/\/repliquemangacine.fr\/de\/wp-json\/wp\/v2\/product_cat?post=95777"},{"taxonomy":"product_tag","embeddable":true,"href":"https:\/\/repliquemangacine.fr\/de\/wp-json\/wp\/v2\/product_tag?post=95777"}],"curies":[{"name":"wp","href":"https:\/\/api.w.org\/{rel}","templated":true}]}}