





{"id":95711,"date":"2026-02-27T19:13:22","date_gmt":"2026-02-27T18:13:22","guid":{"rendered":"https:\/\/repliquemangacine.fr\/?post_type=product&#038;p=95711"},"modified":"2026-03-07T17:50:21","modified_gmt":"2026-03-07T16:50:21","slug":"ubungskatana-kurokage-kuro-kami-klinge-1065-damast","status":"publish","type":"product","link":"https:\/\/repliquemangacine.fr\/de\/katana-forge\/katana-de-pratique-kurokage-kuro-kami-lame-1065-damas\/","title":{"rendered":"\u00dcbungskatana Kurokage - KURO KAMI Klinge 1065 Damast"},"content":{"rendered":"<h2>Katana f\u00fcr die Praxis Kurokage KURO KAMI - Der Schatten, der in der Stille geschmiedet wird<\/h2>\n<p>Das \u00dcbungskatana Kurokage verk\u00f6rpert den Schatten, der dem Krieger vorausgeht. Erstens bedeutet sein Name \u201cschwarzer Schatten\u201d, ein Symbol f\u00fcr Diskretion und Beherrschung. Zweitens erinnert er an die stille Kraft, die lautlos handelt. Und schlie\u00dflich richtet er sich an diejenigen, die Effektivit\u00e4t der Demonstration vorziehen.<\/p>\n<p>Kurokage stammt aus der Serie \u00abFuji No Homura\u00bb und ist eine von f\u00fcnf Flammen, die aus einem einzigen Vulkan entstanden sind. An den H\u00e4ngen des <a href=\"https:\/\/www.kanpai.fr\/voyage-japon\/meilleures-vues-mont-fuji\" target=\"_blank\" rel=\"noopener noreferrer\">Berg Fuji<\/a>, Das Feuer des Geistes schmiedet den Stahl und diszipliniert die Absicht. Kurokage sucht jedoch nicht das Licht der Sonne. Stattdessen w\u00e4hlt sie die Macht der Heimlichkeit. In der Dunkelheit wird ihre Sch\u00e4rfe zur einzigen Klarheit. Dieses funktionale Katana von KURO KAMI ist f\u00fcr ernsthafte Praktizierende gedacht. Um weitere Modelle f\u00fcr den echten Schnitt zu entdecken, erkunden Sie unsere komplette Kollektion an <a href=\"https:\/\/repliquemangacine.fr\/de\/katana-schmiede\/\">funktionelle scharfkantige Katanas<\/a>.<\/p>\n<h2>Klinge 1065 Damast - Beherrschung und Gleichm\u00e4\u00dfigkeit<\/h2>\n<p>Die scharfe Klinge aus 1065 Karbonstahl mit 800 Lagen zertifiziertem Damast bietet St\u00e4rke und Ausdauer. Einerseits garantiert der 1065er Stahl ein hervorragendes Gleichgewicht zwischen H\u00e4rte und Flexibilit\u00e4t. Andererseits erh\u00f6ht die Damaststruktur die Gesamtfestigkeit der Klinge.<\/p>\n<p>Der vom Mount Fuji inspirierte Hamon betont die H\u00e4rtungslinie auf elegante Weise. Infolgedessen bleibt der Schnitt sauber, stabil und kontrolliert. Kurokage ist f\u00fcr regelm\u00e4\u00dfiges und diszipliniertes \u00dcben gedacht. Seine Ausgewogenheit f\u00f6rdert eine fl\u00fcssige und pr\u00e4zise Handhabung. Jede Bewegung wird nat\u00fcrlich, fast instinktiv. Um eine optimale Sch\u00e4rfe zu erhalten, erg\u00e4nzen Sie Ihre Ausr\u00fcstung mit unseren <a href=\"https:\/\/repliquemangacine.fr\/de\/katana-zubehor\/\">zubeh\u00f6r<\/a> Pflegemittel f\u00fcr Katana, die f\u00fcr Klingen aus Kohlenstoffstahl geeignet sind.<\/p>\n<h2>Dunkles Finish und Premium-Box - Stealthy Elegance<\/h2>\n<p>Die schwarz lackierte Scheide, die mit einem raffinierten Drachen verziert ist, bekr\u00e4ftigt eine schlichte und kraftvolle \u00c4sthetik. Anschlie\u00dfend verst\u00e4rkt die in Drachenform geschnitzte Tsuba aus Stahl den Charakter des Schwertes. Das Ganze schafft eine tiefe und kontrollierte visuelle Koh\u00e4renz.<\/p>\n<p>Der mit echtem Leder \u00fcberzogene und mit einem schwarzen Geflecht versehene Holzgriff sorgt f\u00fcr einen festen Griff. Au\u00dferdem wird das Kurokage-Katana in einem roten Satinkoffer mit KURO KAMI-St\u00e4nder und Schutzh\u00fclle geliefert. Diese Pr\u00e4sentation bringt das St\u00fcck sofort zur Geltung. Um Ihr Schwert elegant auszustellen, entdecken Sie auch unsere <a href=\"https:\/\/repliquemangacine.fr\/de\/katana-zubehor\/katana-wandhalterung-1-platz\/\">Wandhalterungen<\/a> und St\u00e4nder f\u00fcr Katana. Zusammenfassend l\u00e4sst sich sagen, dass Kurokage nicht nach dem Licht sucht. Sie wird zur Klinge, die aus der Stille auftaucht.<\/p>","protected":false},"excerpt":{"rendered":"<p>Kurokage schl\u00e4gt lautlos zu, wie ein Schatten, dessen Sch\u00e4rfe die einzige Wahrheit ist.<\/p>\n<ul>\n<li style=\"list-style-type: none;\">\n<ul>\n<li>Scharfe Klinge aus 1065 Damast-Kohlenstoffstahl mit 800 Lagen zertifiziert.<\/li>\n<li>Verziert mit einem Hamon, der den Berg Fuji in der Mitte darstellt<\/li>\n<li>Schwarz lackierte Holzscheide mit Drachen<\/li>\n<li>Stahlgarde mit Drachen<\/li>\n<li>Holzgriff mit echtem Schlangenleder \u00fcberzogen und mit einem schwarzen Baumwollgeflecht versehen.<\/li>\n<li>Echtheitszertifikat<\/li>\n<li>Wird in einem Satin-Innenkoffer mit Kuro Kami-St\u00e4nder und Schutzh\u00fclle geliefert.<\/li>\n<li>L\u00e4nge der Klinge: 72 cm - Gesamtl\u00e4nge: 105.5cm<\/li>\n<li>Gewicht: 1100g<\/li>\n<\/ul>\n<\/li>\n<\/ul>\n<p><strong>Verkauf an Minderj\u00e4hrige strengstens verboten<\/strong><\/p>","protected":false},"featured_media":95712,"template":"","meta":[],"product_brand":[],"product_cat":[38,107],"product_tag":[1002,1001,1003],"class_list":{"0":"post-95711","1":"product","2":"type-product","3":"status-publish","4":"has-post-thumbnail","6":"product_cat-katana-forge","7":"product_cat-nouveautes","8":"product_tag-katana-dentrainement-a-la-coupe","9":"product_tag-katana-fonctionnel","10":"product_tag-katana-lame-tranchante","12":"first","13":"instock","14":"taxable","15":"shipping-taxable","16":"purchasable","17":"product-type-simple"},"yoast_head":"<!-- This site is optimized with the Yoast SEO plugin v27.4 - https:\/\/yoast.com\/product\/yoast-seo-wordpress\/ -->\n<title>Katana de pratique Kurokage \u2013 KURO KAMI Lame 1065 Damas - R\u00e9plique Manga Cin\u00e9<\/title>\n<meta name=\"description\" content=\"Katana de pratique Kurokage KURO KAMI en acier 1065 Damas 800 couches, hamon Mont Fuji, fourreau noir dragon, livr\u00e9 en coffret avec support et housse.\" \/>\n<meta name=\"robots\" content=\"index, follow, max-snippet:-1, max-image-preview:large, max-video-preview:-1\" \/>\n<link rel=\"canonical\" href=\"https:\/\/repliquemangacine.fr\/de\/katana-schmiede\/ubungskatana-kurokage-kuro-kami-klinge-1065-damast\/\" \/>\n<meta property=\"og:locale\" content=\"de_DE\" \/>\n<meta property=\"og:type\" content=\"article\" \/>\n<meta property=\"og:title\" content=\"Katana de pratique Kurokage \u2013 KURO KAMI Lame 1065 Damas - R\u00e9plique Manga Cin\u00e9\" \/>\n<meta property=\"og:description\" content=\"Katana de pratique Kurokage KURO KAMI en acier 1065 Damas 800 couches, hamon Mont Fuji, fourreau noir dragon, livr\u00e9 en coffret avec support et housse.\" \/>\n<meta property=\"og:url\" content=\"https:\/\/repliquemangacine.fr\/de\/katana-schmiede\/ubungskatana-kurokage-kuro-kami-klinge-1065-damast\/\" \/>\n<meta property=\"og:site_name\" content=\"R\u00e9plique Manga Cin\u00e9\" \/>\n<meta property=\"article:publisher\" content=\"https:\/\/www.facebook.com\/RepliqueMangaCine\" \/>\n<meta property=\"article:modified_time\" content=\"2026-03-07T16:50:21+00:00\" \/>\n<meta property=\"og:image\" content=\"https:\/\/repliquemangacine.fr\/wp-content\/uploads\/2026\/02\/Katana-de-pratique-Kurokage-de-la-marque-Kuro-Kami.jpg\" \/>\n\t<meta property=\"og:image:width\" content=\"700\" \/>\n\t<meta property=\"og:image:height\" content=\"700\" \/>\n\t<meta property=\"og:image:type\" content=\"image\/jpeg\" \/>\n<meta name=\"twitter:card\" content=\"summary_large_image\" \/>\n<meta name=\"twitter:label1\" content=\"Gesch\u00e4tzte Lesezeit\" \/>\n\t<meta name=\"twitter:data1\" content=\"3\u00a0Minuten\" \/>\n<script type=\"application\/ld+json\" class=\"yoast-schema-graph\">{\"@context\":\"https:\\\/\\\/schema.org\",\"@graph\":[{\"@type\":\"WebPage\",\"@id\":\"https:\\\/\\\/repliquemangacine.fr\\\/katana-forge\\\/katana-de-pratique-kurokage-kuro-kami-lame-1065-damas\\\/\",\"url\":\"https:\\\/\\\/repliquemangacine.fr\\\/katana-forge\\\/katana-de-pratique-kurokage-kuro-kami-lame-1065-damas\\\/\",\"name\":\"Katana de pratique Kurokage \u2013 KURO KAMI Lame 1065 Damas - R\u00e9plique Manga Cin\u00e9\",\"isPartOf\":{\"@id\":\"https:\\\/\\\/repliquemangacine.fr\\\/#website\"},\"primaryImageOfPage\":{\"@id\":\"https:\\\/\\\/repliquemangacine.fr\\\/katana-forge\\\/katana-de-pratique-kurokage-kuro-kami-lame-1065-damas\\\/#primaryimage\"},\"image\":{\"@id\":\"https:\\\/\\\/repliquemangacine.fr\\\/katana-forge\\\/katana-de-pratique-kurokage-kuro-kami-lame-1065-damas\\\/#primaryimage\"},\"thumbnailUrl\":\"https:\\\/\\\/repliquemangacine.fr\\\/wp-content\\\/uploads\\\/2026\\\/02\\\/Katana-de-pratique-Kurokage-de-la-marque-Kuro-Kami.jpg\",\"datePublished\":\"2026-02-27T18:13:22+00:00\",\"dateModified\":\"2026-03-07T16:50:21+00:00\",\"description\":\"Katana de pratique Kurokage KURO KAMI en acier 1065 Damas 800 couches, hamon Mont Fuji, fourreau noir dragon, livr\u00e9 en coffret avec support et housse.\",\"breadcrumb\":{\"@id\":\"https:\\\/\\\/repliquemangacine.fr\\\/katana-forge\\\/katana-de-pratique-kurokage-kuro-kami-lame-1065-damas\\\/#breadcrumb\"},\"inLanguage\":\"de\",\"potentialAction\":[{\"@type\":\"ReadAction\",\"target\":[\"https:\\\/\\\/repliquemangacine.fr\\\/katana-forge\\\/katana-de-pratique-kurokage-kuro-kami-lame-1065-damas\\\/\"]}]},{\"@type\":\"ImageObject\",\"inLanguage\":\"de\",\"@id\":\"https:\\\/\\\/repliquemangacine.fr\\\/katana-forge\\\/katana-de-pratique-kurokage-kuro-kami-lame-1065-damas\\\/#primaryimage\",\"url\":\"https:\\\/\\\/repliquemangacine.fr\\\/wp-content\\\/uploads\\\/2026\\\/02\\\/Katana-de-pratique-Kurokage-de-la-marque-Kuro-Kami.jpg\",\"contentUrl\":\"https:\\\/\\\/repliquemangacine.fr\\\/wp-content\\\/uploads\\\/2026\\\/02\\\/Katana-de-pratique-Kurokage-de-la-marque-Kuro-Kami.jpg\",\"width\":700,\"height\":700,\"caption\":\"Katana de pratique Kurokage de la marque Kuro Kami\"},{\"@type\":\"BreadcrumbList\",\"@id\":\"https:\\\/\\\/repliquemangacine.fr\\\/katana-forge\\\/katana-de-pratique-kurokage-kuro-kami-lame-1065-damas\\\/#breadcrumb\",\"itemListElement\":[{\"@type\":\"ListItem\",\"position\":1,\"name\":\"Accueil\",\"item\":\"https:\\\/\\\/repliquemangacine.fr\\\/\"},{\"@type\":\"ListItem\",\"position\":2,\"name\":\"Produits\",\"item\":\"https:\\\/\\\/repliquemangacine.fr\\\/boutique\\\/\"},{\"@type\":\"ListItem\",\"position\":3,\"name\":\"Katana de pratique Kurokage \u2013 KURO KAMI Lame 1065 Damas\"}]},{\"@type\":\"WebSite\",\"@id\":\"https:\\\/\\\/repliquemangacine.fr\\\/#website\",\"url\":\"https:\\\/\\\/repliquemangacine.fr\\\/\",\"name\":\"R\u00e9plique Manga Cin\u00e9\",\"description\":\"\",\"publisher\":{\"@id\":\"https:\\\/\\\/repliquemangacine.fr\\\/#organization\"},\"potentialAction\":[{\"@type\":\"SearchAction\",\"target\":{\"@type\":\"EntryPoint\",\"urlTemplate\":\"https:\\\/\\\/repliquemangacine.fr\\\/?s={search_term_string}\"},\"query-input\":{\"@type\":\"PropertyValueSpecification\",\"valueRequired\":true,\"valueName\":\"search_term_string\"}}],\"inLanguage\":\"de\"},{\"@type\":\"Organization\",\"@id\":\"https:\\\/\\\/repliquemangacine.fr\\\/#organization\",\"name\":\"R\u00e9plique Manga Cin\u00e9\",\"url\":\"https:\\\/\\\/repliquemangacine.fr\\\/\",\"logo\":{\"@type\":\"ImageObject\",\"inLanguage\":\"de\",\"@id\":\"https:\\\/\\\/repliquemangacine.fr\\\/#\\\/schema\\\/logo\\\/image\\\/\",\"url\":\"https:\\\/\\\/repliquemangacine.fr\\\/wp-content\\\/uploads\\\/2023\\\/10\\\/RMC-500250.png\",\"contentUrl\":\"https:\\\/\\\/repliquemangacine.fr\\\/wp-content\\\/uploads\\\/2023\\\/10\\\/RMC-500250.png\",\"width\":500,\"height\":250,\"caption\":\"R\u00e9plique Manga Cin\u00e9\"},\"image\":{\"@id\":\"https:\\\/\\\/repliquemangacine.fr\\\/#\\\/schema\\\/logo\\\/image\\\/\"},\"sameAs\":[\"https:\\\/\\\/www.facebook.com\\\/RepliqueMangaCine\",\"https:\\\/\\\/www.instagram.com\\\/repliquemangacine.fr\\\/\"]}]}<\/script>\n<!-- \/ Yoast SEO plugin. -->","yoast_head_json":{"title":"Katana f\u00fcr die Praxis Kurokage - KURO KAMI Klinge 1065 Damast - R\u00e9plique Manga Cin\u00e9","description":"Katana f\u00fcr Kurokage KURO KAMI aus 1065 Damaststahl mit 800 Lagen, Mont Fuji Schaft, drachenschwarze Scheide, Lieferung in einer Schatulle mit St\u00e4nder und H\u00fclle.","robots":{"index":"index","follow":"follow","max-snippet":"max-snippet:-1","max-image-preview":"max-image-preview:large","max-video-preview":"max-video-preview:-1"},"canonical":"https:\/\/repliquemangacine.fr\/de\/katana-schmiede\/ubungskatana-kurokage-kuro-kami-klinge-1065-damast\/","og_locale":"de_DE","og_type":"article","og_title":"Katana de pratique Kurokage \u2013 KURO KAMI Lame 1065 Damas - R\u00e9plique Manga Cin\u00e9","og_description":"Katana de pratique Kurokage KURO KAMI en acier 1065 Damas 800 couches, hamon Mont Fuji, fourreau noir dragon, livr\u00e9 en coffret avec support et housse.","og_url":"https:\/\/repliquemangacine.fr\/de\/katana-schmiede\/ubungskatana-kurokage-kuro-kami-klinge-1065-damast\/","og_site_name":"R\u00e9plique Manga Cin\u00e9","article_publisher":"https:\/\/www.facebook.com\/RepliqueMangaCine","article_modified_time":"2026-03-07T16:50:21+00:00","og_image":[{"width":700,"height":700,"url":"https:\/\/repliquemangacine.fr\/wp-content\/uploads\/2026\/02\/Katana-de-pratique-Kurokage-de-la-marque-Kuro-Kami.jpg","type":"image\/jpeg"}],"twitter_card":"summary_large_image","twitter_misc":{"Gesch\u00e4tzte Lesezeit":"3\u00a0Minuten"},"schema":{"@context":"https:\/\/schema.org","@graph":[{"@type":"WebPage","@id":"https:\/\/repliquemangacine.fr\/katana-forge\/katana-de-pratique-kurokage-kuro-kami-lame-1065-damas\/","url":"https:\/\/repliquemangacine.fr\/katana-forge\/katana-de-pratique-kurokage-kuro-kami-lame-1065-damas\/","name":"Katana f\u00fcr die Praxis Kurokage - KURO KAMI Klinge 1065 Damast - R\u00e9plique Manga Cin\u00e9","isPartOf":{"@id":"https:\/\/repliquemangacine.fr\/#website"},"primaryImageOfPage":{"@id":"https:\/\/repliquemangacine.fr\/katana-forge\/katana-de-pratique-kurokage-kuro-kami-lame-1065-damas\/#primaryimage"},"image":{"@id":"https:\/\/repliquemangacine.fr\/katana-forge\/katana-de-pratique-kurokage-kuro-kami-lame-1065-damas\/#primaryimage"},"thumbnailUrl":"https:\/\/repliquemangacine.fr\/wp-content\/uploads\/2026\/02\/Katana-de-pratique-Kurokage-de-la-marque-Kuro-Kami.jpg","datePublished":"2026-02-27T18:13:22+00:00","dateModified":"2026-03-07T16:50:21+00:00","description":"Katana f\u00fcr Kurokage KURO KAMI aus 1065 Damaststahl mit 800 Lagen, Mont Fuji Schaft, drachenschwarze Scheide, Lieferung in einer Schatulle mit St\u00e4nder und H\u00fclle.","breadcrumb":{"@id":"https:\/\/repliquemangacine.fr\/katana-forge\/katana-de-pratique-kurokage-kuro-kami-lame-1065-damas\/#breadcrumb"},"inLanguage":"de","potentialAction":[{"@type":"ReadAction","target":["https:\/\/repliquemangacine.fr\/katana-forge\/katana-de-pratique-kurokage-kuro-kami-lame-1065-damas\/"]}]},{"@type":"ImageObject","inLanguage":"de","@id":"https:\/\/repliquemangacine.fr\/katana-forge\/katana-de-pratique-kurokage-kuro-kami-lame-1065-damas\/#primaryimage","url":"https:\/\/repliquemangacine.fr\/wp-content\/uploads\/2026\/02\/Katana-de-pratique-Kurokage-de-la-marque-Kuro-Kami.jpg","contentUrl":"https:\/\/repliquemangacine.fr\/wp-content\/uploads\/2026\/02\/Katana-de-pratique-Kurokage-de-la-marque-Kuro-Kami.jpg","width":700,"height":700,"caption":"Katana de pratique Kurokage de la marque Kuro Kami"},{"@type":"BreadcrumbList","@id":"https:\/\/repliquemangacine.fr\/katana-forge\/katana-de-pratique-kurokage-kuro-kami-lame-1065-damas\/#breadcrumb","itemListElement":[{"@type":"ListItem","position":1,"name":"Accueil","item":"https:\/\/repliquemangacine.fr\/"},{"@type":"ListItem","position":2,"name":"Produits","item":"https:\/\/repliquemangacine.fr\/boutique\/"},{"@type":"ListItem","position":3,"name":"Katana de pratique Kurokage \u2013 KURO KAMI Lame 1065 Damas"}]},{"@type":"WebSite","@id":"https:\/\/repliquemangacine.fr\/#website","url":"https:\/\/repliquemangacine.fr\/","name":"R\u00e9plique Manga Cin\u00e9","description":"","publisher":{"@id":"https:\/\/repliquemangacine.fr\/#organization"},"potentialAction":[{"@type":"SearchAction","target":{"@type":"EntryPoint","urlTemplate":"https:\/\/repliquemangacine.fr\/?s={search_term_string}"},"query-input":{"@type":"PropertyValueSpecification","valueRequired":true,"valueName":"search_term_string"}}],"inLanguage":"de"},{"@type":"Organization","@id":"https:\/\/repliquemangacine.fr\/#organization","name":"R\u00e9plique Manga Cin\u00e9","url":"https:\/\/repliquemangacine.fr\/","logo":{"@type":"ImageObject","inLanguage":"de","@id":"https:\/\/repliquemangacine.fr\/#\/schema\/logo\/image\/","url":"https:\/\/repliquemangacine.fr\/wp-content\/uploads\/2023\/10\/RMC-500250.png","contentUrl":"https:\/\/repliquemangacine.fr\/wp-content\/uploads\/2023\/10\/RMC-500250.png","width":500,"height":250,"caption":"R\u00e9plique Manga Cin\u00e9"},"image":{"@id":"https:\/\/repliquemangacine.fr\/#\/schema\/logo\/image\/"},"sameAs":["https:\/\/www.facebook.com\/RepliqueMangaCine","https:\/\/www.instagram.com\/repliquemangacine.fr\/"]}]}},"_links":{"self":[{"href":"https:\/\/repliquemangacine.fr\/de\/wp-json\/wp\/v2\/product\/95711","targetHints":{"allow":["GET"]}}],"collection":[{"href":"https:\/\/repliquemangacine.fr\/de\/wp-json\/wp\/v2\/product"}],"about":[{"href":"https:\/\/repliquemangacine.fr\/de\/wp-json\/wp\/v2\/types\/product"}],"wp:featuredmedia":[{"embeddable":true,"href":"https:\/\/repliquemangacine.fr\/de\/wp-json\/wp\/v2\/media\/95712"}],"wp:attachment":[{"href":"https:\/\/repliquemangacine.fr\/de\/wp-json\/wp\/v2\/media?parent=95711"}],"wp:term":[{"taxonomy":"product_brand","embeddable":true,"href":"https:\/\/repliquemangacine.fr\/de\/wp-json\/wp\/v2\/product_brand?post=95711"},{"taxonomy":"product_cat","embeddable":true,"href":"https:\/\/repliquemangacine.fr\/de\/wp-json\/wp\/v2\/product_cat?post=95711"},{"taxonomy":"product_tag","embeddable":true,"href":"https:\/\/repliquemangacine.fr\/de\/wp-json\/wp\/v2\/product_tag?post=95711"}],"curies":[{"name":"wp","href":"https:\/\/api.w.org\/{rel}","templated":true}]}}