





{"id":95600,"date":"2026-02-25T18:48:56","date_gmt":"2026-02-25T17:48:56","guid":{"rendered":"https:\/\/repliquemangacine.fr\/?post_type=product&#038;p=95600"},"modified":"2026-03-02T15:26:05","modified_gmt":"2026-03-02T14:26:05","slug":"robin-des-waldes-schwert-v2","status":"publish","type":"product","link":"https:\/\/repliquemangacine.fr\/de\/epee-templier-medievale\/epee-de-robin-des-bois-v2\/","title":{"rendered":"Robin Hoods Schwert V2"},"content":{"rendered":"<h2>Robin Hoods Schwert V2 treu und m\u00e4chtig<\/h2>\n<p>Zun\u00e4chst einmal ist diese <strong>Robin Hoods Schwert V2<\/strong> orientiert sich direkt an dem Film von <a href=\"https:\/\/fr.wikipedia.org\/wiki\/Ridley_Scott\" target=\"_blank\" rel=\"noopener noreferrer\">Ridley Scott<\/a> mit Russell Crowe. Es vermittelt schon auf den ersten Blick eine edle und selbstbewusste Pr\u00e4senz. Denn seine Klinge aus rostfreiem Stahl bietet ein gl\u00e4nzendes, langlebiges Finish. Dar\u00fcber hinaus verfeinert die zentrale Hohlkehle die Linie und verst\u00e4rkt ihr mittelalterliches Aussehen.<\/p>\n<p>Der massive Stahlb\u00fcgel sorgt f\u00fcr Stabilit\u00e4t und optische Ausgewogenheit. Der massive Knauf ist mit einem pr\u00e4zise gravierten Kreuz verziert. So erinnert jedes Detail an die Ritterlichkeit und den Glauben der alten K\u00e4mpfer. Der reich verzierte Griff f\u00e4ngt das Licht ein und unterstreicht die ornamentale Arbeit.<\/p>\n<p>Schlie\u00dflich wird diese Replik mit einer Wandhalterung aus Holz geliefert. Sie k\u00f6nnen sie also stolz in einem Wohnzimmer, einem B\u00fcro oder einem zweckbestimmten Raum ausstellen. Sie wird sofort zum Glanzst\u00fcck einer mittelalterlichen Dekoration.<\/p>\n<h2>Der Geist von Robin Hood in Stahl gegossen<\/h2>\n<p>Zun\u00e4chst einmal ist Robin Hood nicht nur ein Bogensch\u00fctze. Er verk\u00f6rpert das Aufbegehren gegen Ungerechtigkeit und die Verteidigung der Unterdr\u00fcckten. Sein Schwert symbolisiert diese wilde Entschlossenheit. Es begleitet den Mann, der sich der etablierten Macht widersetzt, um die Schw\u00e4cheren zu sch\u00fctzen.<\/p>\n<p>So erinnern auf jeder Seite des Griffs zwei eingravierte S\u00e4tze an diesen unbezwingbaren Geist. \u201cRise and rise again\u201d bekr\u00e4ftigt die Resilienz. \u201cUntil lambs become lions\u201d feiert die Verwandlung von Schwachen in K\u00e4mpfer. Diese Worte verleihen der Replik eine fast philosophische Dimension. Mit anderen Worten: Aufstehen, bis aus L\u00e4mmern L\u00f6wen werden. Ein starkes Bild. Schw\u00e4che, die in St\u00e4rke verwandelt wird. Satz, gesprochen von russel crowe im Film<\/p>\n<p>So geht dieses Schwert \u00fcber die blo\u00dfe Dekoration hinaus. Es erz\u00e4hlt eine Geschichte und verk\u00f6rpert ein Ideal. Es spricht all jene an, die rebellische Figuren und gesetzlose Helden bewundern. Um Ihre Filmsammlung zu vervollst\u00e4ndigen, entdecken Sie auch unsere Repliken in der Kategorie <a href=\"https:\/\/repliquemangacine.fr\/de\/filme-tv-serien-verkauf-von-katana-schwertern-und-derivaten\/\">Filme und Serien<\/a>. Sie k\u00f6nnen auch unsere Auswahl an mittelalterlichen Waffen in unserer Kategorie Replikas von Waffen erkunden.\u2019<a href=\"https:\/\/repliquemangacine.fr\/de\/historische-waffen\/\">historische Waffen<\/a>.<\/p>\n<h2>Warum Sie diese mittelalterliche Replik f\u00fcr Ihre Sammlung w\u00e4hlen sollten<\/h2>\n<p>Wer sich f\u00fcr dieses Schwert entscheidet, entscheidet sich f\u00fcr visuelle Authentizit\u00e4t und hochwertige Materialien. Der rostfreie Stahl garantiert Haltbarkeit und Pflegeleichtigkeit. Das Vollmetall des Griffs und des Knaufs hingegen verst\u00e4rkt den Premium-Look.<\/p>\n<p>F\u00fcr einen Sammler bietet diese V2-Version eine ausgereifte Verarbeitung und ikonische Gravuren. Auf jeder Seite des Griffs befindet sich n\u00e4mlich die Botschaft \u201cRise and rise again\u201d, was so viel bedeutet wie \u201dWieder aufstehen, immer wieder\u201d. Sie ruft die Idee der Resilienz hervor. Hinfallen. Geschlagen werden. Zu scheitern. Und dann wieder aufstehen. Noch einmal. Und wieder und wieder. Bis man nicht mehr zu schlagen ist.<\/p>\n<p>Auf der anderen Seite bedeutet \u201cUntil lambs become lions\u201d: \u201cBis die L\u00e4mmer zu L\u00f6wen werden\u201d. Das ist ein sehr starkes Bild. Das Lamm steht f\u00fcr Unschuld, Zerbrechlichkeit, manchmal sogar f\u00fcr Naivit\u00e4t. Der L\u00f6we verk\u00f6rpert Macht, Dominanz und Mut.<\/p>\n<p>Also, zum Schluss: Der vollst\u00e4ndige Satz \u201cRise and rise again until lambs become lions\u201d erz\u00e4hlt von einer Verwandlung. Nicht magisch. Nicht augenblicklich. Eine Metamorphose durch Pr\u00fcfung. Man f\u00e4llt. Dann lernt man. Man nimmt es hin. Und mit der Zeit ver\u00e4ndert man sein Wesen.<\/p>","protected":false},"excerpt":{"rendered":"<p>Spielen Sie die legend\u00e4re Rebellion mit dem Schwert von Robin Hood V2, dem Symbol f\u00fcr Ehre und Auflehnung.<\/p>\n<ul>\n<li>Klinge mit zentraler Hohlkehle aus rostfreiem Stahl.<\/li>\n<li>Knauf aus Vollstahl mit eingraviertem Kreuz<\/li>\n<li>Speziell geformter Metallschutz<\/li>\n<li>Griff verziert mit beidseitiger Gravur \u201cRise and rise again until lambs become lions\u201d.\u201d<\/li>\n<li>Wird mit einer reich verzierten Wandhalterung geliefert.<\/li>\n<li>Inoffizielle Replik<\/li>\n<li>L\u00e4nge der Klinge: 90cm - Gesamtl\u00e4nge: 113.5 cm<\/li>\n<li>Gewicht: 840g<\/li>\n<\/ul>\n<p><strong><a href=\"https:\/\/youtube.com\/shorts\/whA4Lk3k3mQ?si=9bj9tFUEs4UqB5TW\">\u27a1\ufe0fRetrouvez die Pr\u00e4sentation von Robin Hoods Schwert V2 auf unserem YouTube-Kanal\u00a0<\/a><\/strong><\/p>\n<p><strong>Verkauf an Minderj\u00e4hrige verboten<\/strong><\/p>","protected":false},"featured_media":95601,"template":"","meta":[],"product_brand":[],"product_cat":[91,84,24,107],"product_tag":[],"class_list":{"0":"post-95600","1":"product","2":"type-product","3":"status-publish","4":"has-post-thumbnail","6":"product_cat-katana-les-epees-de-films-et-series","7":"product_cat-epee-templier-medievale","8":"product_cat-films-series-tv-vente-de-katana-epee-et-produits-derives","9":"product_cat-nouveautes","11":"first","12":"instock","13":"taxable","14":"shipping-taxable","15":"purchasable","16":"product-type-simple"},"yoast_head":"<!-- This site is optimized with the Yoast SEO plugin v27.4 - https:\/\/yoast.com\/product\/yoast-seo-wordpress\/ -->\n<title>Ep\u00e9e de Robin des Bois V2 - R\u00e9plique Manga Cin\u00e9<\/title>\n<meta name=\"description\" content=\"D\u00e9couvrez l\u2019Ep\u00e9e Robin des Bois V2 inspir\u00e9e du film : lame en acier inoxydable avec gorge centrale, gravures iconiques et support mural en bois inclus.\" \/>\n<meta name=\"robots\" content=\"index, follow, max-snippet:-1, max-image-preview:large, max-video-preview:-1\" \/>\n<link rel=\"canonical\" href=\"https:\/\/repliquemangacine.fr\/de\/mittelalterliches-schwert-der-templer\/robin-des-waldes-schwert-v2\/\" \/>\n<meta property=\"og:locale\" content=\"de_DE\" \/>\n<meta property=\"og:type\" content=\"article\" \/>\n<meta property=\"og:title\" content=\"Ep\u00e9e de Robin des Bois V2 - R\u00e9plique Manga Cin\u00e9\" \/>\n<meta property=\"og:description\" content=\"D\u00e9couvrez l\u2019Ep\u00e9e Robin des Bois V2 inspir\u00e9e du film : lame en acier inoxydable avec gorge centrale, gravures iconiques et support mural en bois inclus.\" \/>\n<meta property=\"og:url\" content=\"https:\/\/repliquemangacine.fr\/de\/mittelalterliches-schwert-der-templer\/robin-des-waldes-schwert-v2\/\" \/>\n<meta property=\"og:site_name\" content=\"R\u00e9plique Manga Cin\u00e9\" \/>\n<meta property=\"article:publisher\" content=\"https:\/\/www.facebook.com\/RepliqueMangaCine\" \/>\n<meta property=\"article:modified_time\" content=\"2026-03-02T14:26:05+00:00\" \/>\n<meta property=\"og:image\" content=\"https:\/\/repliquemangacine.fr\/wp-content\/uploads\/2026\/02\/epee-Robin-des-Bois-V2.jpg\" \/>\n\t<meta property=\"og:image:width\" content=\"700\" \/>\n\t<meta property=\"og:image:height\" content=\"700\" \/>\n\t<meta property=\"og:image:type\" content=\"image\/jpeg\" \/>\n<meta name=\"twitter:card\" content=\"summary_large_image\" \/>\n<meta name=\"twitter:label1\" content=\"Gesch\u00e4tzte Lesezeit\" \/>\n\t<meta name=\"twitter:data1\" content=\"3\u00a0Minuten\" \/>\n<script type=\"application\/ld+json\" class=\"yoast-schema-graph\">{\"@context\":\"https:\\\/\\\/schema.org\",\"@graph\":[{\"@type\":\"WebPage\",\"@id\":\"https:\\\/\\\/repliquemangacine.fr\\\/epee-templier-medievale\\\/epee-de-robin-des-bois-v2\\\/\",\"url\":\"https:\\\/\\\/repliquemangacine.fr\\\/epee-templier-medievale\\\/epee-de-robin-des-bois-v2\\\/\",\"name\":\"Ep\u00e9e de Robin des Bois V2 - R\u00e9plique Manga Cin\u00e9\",\"isPartOf\":{\"@id\":\"https:\\\/\\\/repliquemangacine.fr\\\/#website\"},\"primaryImageOfPage\":{\"@id\":\"https:\\\/\\\/repliquemangacine.fr\\\/epee-templier-medievale\\\/epee-de-robin-des-bois-v2\\\/#primaryimage\"},\"image\":{\"@id\":\"https:\\\/\\\/repliquemangacine.fr\\\/epee-templier-medievale\\\/epee-de-robin-des-bois-v2\\\/#primaryimage\"},\"thumbnailUrl\":\"https:\\\/\\\/repliquemangacine.fr\\\/wp-content\\\/uploads\\\/2026\\\/02\\\/epee-Robin-des-Bois-V2.jpg\",\"datePublished\":\"2026-02-25T17:48:56+00:00\",\"dateModified\":\"2026-03-02T14:26:05+00:00\",\"description\":\"D\u00e9couvrez l\u2019Ep\u00e9e Robin des Bois V2 inspir\u00e9e du film : lame en acier inoxydable avec gorge centrale, gravures iconiques et support mural en bois inclus.\",\"breadcrumb\":{\"@id\":\"https:\\\/\\\/repliquemangacine.fr\\\/epee-templier-medievale\\\/epee-de-robin-des-bois-v2\\\/#breadcrumb\"},\"inLanguage\":\"de\",\"potentialAction\":[{\"@type\":\"ReadAction\",\"target\":[\"https:\\\/\\\/repliquemangacine.fr\\\/epee-templier-medievale\\\/epee-de-robin-des-bois-v2\\\/\"]}]},{\"@type\":\"ImageObject\",\"inLanguage\":\"de\",\"@id\":\"https:\\\/\\\/repliquemangacine.fr\\\/epee-templier-medievale\\\/epee-de-robin-des-bois-v2\\\/#primaryimage\",\"url\":\"https:\\\/\\\/repliquemangacine.fr\\\/wp-content\\\/uploads\\\/2026\\\/02\\\/epee-Robin-des-Bois-V2.jpg\",\"contentUrl\":\"https:\\\/\\\/repliquemangacine.fr\\\/wp-content\\\/uploads\\\/2026\\\/02\\\/epee-Robin-des-Bois-V2.jpg\",\"width\":700,\"height\":700,\"caption\":\"Ep\u00e9e de Robin des Bois V2, poign\u00e9e et garde\"},{\"@type\":\"BreadcrumbList\",\"@id\":\"https:\\\/\\\/repliquemangacine.fr\\\/epee-templier-medievale\\\/epee-de-robin-des-bois-v2\\\/#breadcrumb\",\"itemListElement\":[{\"@type\":\"ListItem\",\"position\":1,\"name\":\"Accueil\",\"item\":\"https:\\\/\\\/repliquemangacine.fr\\\/\"},{\"@type\":\"ListItem\",\"position\":2,\"name\":\"Produits\",\"item\":\"https:\\\/\\\/repliquemangacine.fr\\\/boutique\\\/\"},{\"@type\":\"ListItem\",\"position\":3,\"name\":\"Ep\u00e9e de Robin des Bois V2\"}]},{\"@type\":\"WebSite\",\"@id\":\"https:\\\/\\\/repliquemangacine.fr\\\/#website\",\"url\":\"https:\\\/\\\/repliquemangacine.fr\\\/\",\"name\":\"R\u00e9plique Manga Cin\u00e9\",\"description\":\"\",\"publisher\":{\"@id\":\"https:\\\/\\\/repliquemangacine.fr\\\/#organization\"},\"potentialAction\":[{\"@type\":\"SearchAction\",\"target\":{\"@type\":\"EntryPoint\",\"urlTemplate\":\"https:\\\/\\\/repliquemangacine.fr\\\/?s={search_term_string}\"},\"query-input\":{\"@type\":\"PropertyValueSpecification\",\"valueRequired\":true,\"valueName\":\"search_term_string\"}}],\"inLanguage\":\"de\"},{\"@type\":\"Organization\",\"@id\":\"https:\\\/\\\/repliquemangacine.fr\\\/#organization\",\"name\":\"R\u00e9plique Manga Cin\u00e9\",\"url\":\"https:\\\/\\\/repliquemangacine.fr\\\/\",\"logo\":{\"@type\":\"ImageObject\",\"inLanguage\":\"de\",\"@id\":\"https:\\\/\\\/repliquemangacine.fr\\\/#\\\/schema\\\/logo\\\/image\\\/\",\"url\":\"https:\\\/\\\/repliquemangacine.fr\\\/wp-content\\\/uploads\\\/2023\\\/10\\\/RMC-500250.png\",\"contentUrl\":\"https:\\\/\\\/repliquemangacine.fr\\\/wp-content\\\/uploads\\\/2023\\\/10\\\/RMC-500250.png\",\"width\":500,\"height\":250,\"caption\":\"R\u00e9plique Manga Cin\u00e9\"},\"image\":{\"@id\":\"https:\\\/\\\/repliquemangacine.fr\\\/#\\\/schema\\\/logo\\\/image\\\/\"},\"sameAs\":[\"https:\\\/\\\/www.facebook.com\\\/RepliqueMangaCine\",\"https:\\\/\\\/www.instagram.com\\\/repliquemangacine.fr\\\/\"]}]}<\/script>\n<!-- \/ Yoast SEO plugin. -->","yoast_head_json":{"title":"Robin Hoods Schwert V2 - R\u00e9plique Manga Cin\u00e9","description":"Entdecken Sie das vom Film inspirierte Robin Hood V2-Schwert: Klinge aus rostfreiem Stahl mit zentraler Hohlkehle, ikonische Gravuren und eine Wandhalterung aus Holz sind im Lieferumfang enthalten.","robots":{"index":"index","follow":"follow","max-snippet":"max-snippet:-1","max-image-preview":"max-image-preview:large","max-video-preview":"max-video-preview:-1"},"canonical":"https:\/\/repliquemangacine.fr\/de\/mittelalterliches-schwert-der-templer\/robin-des-waldes-schwert-v2\/","og_locale":"de_DE","og_type":"article","og_title":"Ep\u00e9e de Robin des Bois V2 - R\u00e9plique Manga Cin\u00e9","og_description":"D\u00e9couvrez l\u2019Ep\u00e9e Robin des Bois V2 inspir\u00e9e du film : lame en acier inoxydable avec gorge centrale, gravures iconiques et support mural en bois inclus.","og_url":"https:\/\/repliquemangacine.fr\/de\/mittelalterliches-schwert-der-templer\/robin-des-waldes-schwert-v2\/","og_site_name":"R\u00e9plique Manga Cin\u00e9","article_publisher":"https:\/\/www.facebook.com\/RepliqueMangaCine","article_modified_time":"2026-03-02T14:26:05+00:00","og_image":[{"width":700,"height":700,"url":"https:\/\/repliquemangacine.fr\/wp-content\/uploads\/2026\/02\/epee-Robin-des-Bois-V2.jpg","type":"image\/jpeg"}],"twitter_card":"summary_large_image","twitter_misc":{"Gesch\u00e4tzte Lesezeit":"3\u00a0Minuten"},"schema":{"@context":"https:\/\/schema.org","@graph":[{"@type":"WebPage","@id":"https:\/\/repliquemangacine.fr\/epee-templier-medievale\/epee-de-robin-des-bois-v2\/","url":"https:\/\/repliquemangacine.fr\/epee-templier-medievale\/epee-de-robin-des-bois-v2\/","name":"Robin Hoods Schwert V2 - R\u00e9plique Manga Cin\u00e9","isPartOf":{"@id":"https:\/\/repliquemangacine.fr\/#website"},"primaryImageOfPage":{"@id":"https:\/\/repliquemangacine.fr\/epee-templier-medievale\/epee-de-robin-des-bois-v2\/#primaryimage"},"image":{"@id":"https:\/\/repliquemangacine.fr\/epee-templier-medievale\/epee-de-robin-des-bois-v2\/#primaryimage"},"thumbnailUrl":"https:\/\/repliquemangacine.fr\/wp-content\/uploads\/2026\/02\/epee-Robin-des-Bois-V2.jpg","datePublished":"2026-02-25T17:48:56+00:00","dateModified":"2026-03-02T14:26:05+00:00","description":"Entdecken Sie das vom Film inspirierte Robin Hood V2-Schwert: Klinge aus rostfreiem Stahl mit zentraler Hohlkehle, ikonische Gravuren und eine Wandhalterung aus Holz sind im Lieferumfang enthalten.","breadcrumb":{"@id":"https:\/\/repliquemangacine.fr\/epee-templier-medievale\/epee-de-robin-des-bois-v2\/#breadcrumb"},"inLanguage":"de","potentialAction":[{"@type":"ReadAction","target":["https:\/\/repliquemangacine.fr\/epee-templier-medievale\/epee-de-robin-des-bois-v2\/"]}]},{"@type":"ImageObject","inLanguage":"de","@id":"https:\/\/repliquemangacine.fr\/epee-templier-medievale\/epee-de-robin-des-bois-v2\/#primaryimage","url":"https:\/\/repliquemangacine.fr\/wp-content\/uploads\/2026\/02\/epee-Robin-des-Bois-V2.jpg","contentUrl":"https:\/\/repliquemangacine.fr\/wp-content\/uploads\/2026\/02\/epee-Robin-des-Bois-V2.jpg","width":700,"height":700,"caption":"Ep\u00e9e de Robin des Bois V2, poign\u00e9e et garde"},{"@type":"BreadcrumbList","@id":"https:\/\/repliquemangacine.fr\/epee-templier-medievale\/epee-de-robin-des-bois-v2\/#breadcrumb","itemListElement":[{"@type":"ListItem","position":1,"name":"Accueil","item":"https:\/\/repliquemangacine.fr\/"},{"@type":"ListItem","position":2,"name":"Produits","item":"https:\/\/repliquemangacine.fr\/boutique\/"},{"@type":"ListItem","position":3,"name":"Ep\u00e9e de Robin des Bois V2"}]},{"@type":"WebSite","@id":"https:\/\/repliquemangacine.fr\/#website","url":"https:\/\/repliquemangacine.fr\/","name":"R\u00e9plique Manga Cin\u00e9","description":"","publisher":{"@id":"https:\/\/repliquemangacine.fr\/#organization"},"potentialAction":[{"@type":"SearchAction","target":{"@type":"EntryPoint","urlTemplate":"https:\/\/repliquemangacine.fr\/?s={search_term_string}"},"query-input":{"@type":"PropertyValueSpecification","valueRequired":true,"valueName":"search_term_string"}}],"inLanguage":"de"},{"@type":"Organization","@id":"https:\/\/repliquemangacine.fr\/#organization","name":"R\u00e9plique Manga Cin\u00e9","url":"https:\/\/repliquemangacine.fr\/","logo":{"@type":"ImageObject","inLanguage":"de","@id":"https:\/\/repliquemangacine.fr\/#\/schema\/logo\/image\/","url":"https:\/\/repliquemangacine.fr\/wp-content\/uploads\/2023\/10\/RMC-500250.png","contentUrl":"https:\/\/repliquemangacine.fr\/wp-content\/uploads\/2023\/10\/RMC-500250.png","width":500,"height":250,"caption":"R\u00e9plique Manga Cin\u00e9"},"image":{"@id":"https:\/\/repliquemangacine.fr\/#\/schema\/logo\/image\/"},"sameAs":["https:\/\/www.facebook.com\/RepliqueMangaCine","https:\/\/www.instagram.com\/repliquemangacine.fr\/"]}]}},"_links":{"self":[{"href":"https:\/\/repliquemangacine.fr\/de\/wp-json\/wp\/v2\/product\/95600","targetHints":{"allow":["GET"]}}],"collection":[{"href":"https:\/\/repliquemangacine.fr\/de\/wp-json\/wp\/v2\/product"}],"about":[{"href":"https:\/\/repliquemangacine.fr\/de\/wp-json\/wp\/v2\/types\/product"}],"wp:featuredmedia":[{"embeddable":true,"href":"https:\/\/repliquemangacine.fr\/de\/wp-json\/wp\/v2\/media\/95601"}],"wp:attachment":[{"href":"https:\/\/repliquemangacine.fr\/de\/wp-json\/wp\/v2\/media?parent=95600"}],"wp:term":[{"taxonomy":"product_brand","embeddable":true,"href":"https:\/\/repliquemangacine.fr\/de\/wp-json\/wp\/v2\/product_brand?post=95600"},{"taxonomy":"product_cat","embeddable":true,"href":"https:\/\/repliquemangacine.fr\/de\/wp-json\/wp\/v2\/product_cat?post=95600"},{"taxonomy":"product_tag","embeddable":true,"href":"https:\/\/repliquemangacine.fr\/de\/wp-json\/wp\/v2\/product_tag?post=95600"}],"curies":[{"name":"wp","href":"https:\/\/api.w.org\/{rel}","templated":true}]}}