





{"id":95589,"date":"2026-02-25T16:04:43","date_gmt":"2026-02-25T15:04:43","guid":{"rendered":"https:\/\/repliquemangacine.fr\/?post_type=product&#038;p=95589"},"modified":"2026-04-19T12:45:18","modified_gmt":"2026-04-19T10:45:18","slug":"dispeldra-de-asta-schwert-aus-metall-black-clover","status":"publish","type":"product","link":"https:\/\/repliquemangacine.fr\/de\/repliques-manga-jeux-video\/epee-dispeldra-de-asta-en-metal-black-clover\/","title":{"rendered":"Asta Dispeldra-Schwert aus Metall - Black Clover"},"content":{"rendered":"<h2>Astas Dispeldra-Schwert - Eine Anti-Magie-Stahlmasse<\/h2>\n<p>Zun\u00e4chst einmal ist da Astas Dispeldra-Schwert aus Black Clover, eine Version, die vollst\u00e4ndig aus Metall besteht. Diese Replik beeindruckt sofort durch ihre Gr\u00f6\u00dfe. Die Klinge ist 90 cm lang. Die Gesamtl\u00e4nge betr\u00e4gt 130 cm. Das Gewicht von 3630 g ist ein echter Hingucker.<\/p>\n<p>Wenn man ihn also in die Hand nimmt, sp\u00fcrt man sofort seine Pr\u00e4senz. Der massive Kreuzgriff unterstreicht sein brutales Design. Der Griff ist mit einem schwarzen Kunstlederstreifen \u00fcberzogen. So bietet er einen stabilen und bequemen Griff. Das dunkle Finish erinnert an Astas Anti-Magie-Energie. Jedes Detail erinnert an die rohe Kraft des Charakters. Dar\u00fcber hinaus betont die Breite der Klinge ihr \u00fcberdimensionales Aussehen. Wir sprechen hier nicht von einem einfachen Zierschwert. Wir reden hier von einem Symbol.<\/p>\n<p>Au\u00dferdem richtet sich dieses St\u00fcck an anspruchsvolle Liebhaber. Es erzwingt eine sofortige visuelle Pr\u00e4senz. Im Schaufenster zieht es alle Blicke auf sich. An der Wand verwandelt es den Raum.<br \/>\nUm weitere ikonische St\u00fccke zu entdecken, erkunde auch unsere Kollektion, die dem <a href=\"https:\/\/repliquemangacine.fr\/de\/katana-und-schwert-von-videospielen-andere-videospiele\/\">Videospiele<\/a> auf Repliquemangacine.<\/p>\n<h2>Asta, der Anti-Magier, der dem Schicksal trotzt<\/h2>\n<p>Um in der Welt von Black Clover zu beginnen, ist alles auf Magie angewiesen. Alles, au\u00dfer Asta. Er wurde ohne jegliche magische F\u00e4higkeiten geboren und gleicht dies durch hartes Training aus. Er schwingt Schwerter, die jegliche Magie aufheben k\u00f6nnen. Die Dispeldra verk\u00f6rpert diese Philosophie. Sie durchtrennt nicht nur Materie. Sie durchtrennt auch Zauberspr\u00fcche.<\/p>\n<p>Diese Waffe symbolisiert absolute Entschlossenheit. Asta sucht nicht den einfachen Weg. Er kommt durch Kraft und Willensst\u00e4rke voran. Daher stellt dieses Replikat mehr als nur einen Gegenstand dar. Sie verk\u00f6rpert Resilienz.<br \/>\nFolglich spricht sie zu all jenen, die sich den auferlegten Grenzen verweigern.<\/p>\n<p>Um deine Sh\u014dnen-Sammlung zu erweitern, entdecke auch unsere inspirierten Repliken von <a href=\"https:\/\/repliquemangacine.fr\/de\/katana-demon-slayer\/\">Demon Slayer<\/a> oder unsere Auswahl <a href=\"https:\/\/repliquemangacine.fr\/de\/katana-goodies-naruto-kunai\/\">Naruto<\/a>. Jedes Universum hat seine mythische Waffe. Allerdings kommen nur wenige an die visuelle Brutalit\u00e4t der Dispeldra heran. Um mehr \u00fcber das Universum zu erfahren, kannst du dir den offiziellen Steckbrief der Serie ansehen. <a href=\"https:\/\/blackclover.fandom.com\/fr\/wiki\/Black_Clover_(S%C3%A9rie)\" target=\"_blank\" rel=\"noopener noreferrer\">Schwarzes Cover<\/a>.<\/p>\n<h2>Massives Metall oder Cosplay-M\u00fcnze? Die Wahl der Leidenschaftlichen<\/h2>\n<p>Dieses Schwert richtet sich in erster Linie an Sammler. Sein Gewicht von 3,6 kg best\u00e4tigt seine dekorative Ausrichtung. Es bietet eine realistische und imposante Darstellung. F\u00fcr ein l\u00e4ngeres Cosplay erfordert sein Gewicht jedoch Vorbereitung. Das Metall sorgt f\u00fcr ein authentisches Gef\u00fchl. Es ist zu betonen, dass Stahl St\u00e4rke und Haltbarkeit garantiert. Au\u00dferdem steigert es den wahrgenommenen Wert des St\u00fccks. F\u00fcr einen Sammler ist dies ein entscheidendes Argument. Auf der anderen Seite wird ein leichteres Modell besser f\u00fcr die B\u00fchne geeignet sein.<\/p>\n<p>Schlie\u00dflich bedeutet die Entscheidung f\u00fcr den Dispeldra, dass man sich f\u00fcr die Wirkung entscheidet. Es bedeutet, eine Leidenschaft f\u00fcr Black Clover zu bekunden. Es bedeutet, eine Waffe zu besitzen, die eine Geschichte erz\u00e4hlt. In einer Sammlung wird sie sofort zum Mittelpunkt. Sie zieht die Blicke auf sich und verschafft Respekt. Schlie\u00dflich und vor allem erinnert sie daran, dass keine Magie dem reinen Willen widerstehen kann.<\/p>","protected":false},"excerpt":{"rendered":"<p>Magie beherrscht die Welt... au\u00dfer wenn Asta zieht.<\/p>\n<ul>\n<li>Breite Klinge aus lackiertem Stahl in schmutziger Optik<\/li>\n<li>Speziell geformte Vollmetall-Garde<\/li>\n<li>Stahlgriff mit einem schwarzen Kunstlederstreifen \u00fcberzogen<\/li>\n<li>Speziell geformter Knauf aus Metall<\/li>\n<li>Wird mit einer dekorierten Wandhalterung geliefert<\/li>\n<li>L\u00e4nge der Klinge: 90 cm - Gesamtl\u00e4nge: 130 cm<\/li>\n<li>Gewicht: 3620 g<\/li>\n<\/ul>\n<p><a href=\"https:\/\/youtube.com\/shorts\/EVRHprWm_3Y?si=ktklI11fPJqA6c8G\"><strong>Sehen Sie sich die Pr\u00e4sentation von Astas Schwert auf unserem YouTube-Kanal an.<\/strong><\/a><\/p>\n<p><strong>Verkauf an Minderj\u00e4hrige verboten<\/strong><\/p>","protected":false},"featured_media":95593,"template":"","meta":[],"product_brand":[],"product_cat":[23,107],"product_tag":[],"class_list":{"0":"post-95589","1":"product","2":"type-product","3":"status-publish","4":"has-post-thumbnail","6":"product_cat-repliques-manga-jeux-video","7":"product_cat-nouveautes","9":"first","10":"instock","11":"taxable","12":"shipping-taxable","13":"purchasable","14":"product-type-simple"},"yoast_head":"<!-- This site is optimized with the Yoast SEO plugin v27.4 - https:\/\/yoast.com\/product\/yoast-seo-wordpress\/ -->\n<title>\u00c9p\u00e9e Dispeldra de Asta en m\u00e9tal - Black Clover - R\u00e9plique Manga Cin\u00e9<\/title>\n<meta name=\"description\" content=\"D\u00e9couvrez l\u2019\u00c9p\u00e9e Dispeldra d\u2019Asta dans Black Clover, r\u00e9plique tout m\u00e9tal de 130 cm. Une pi\u00e8ce massive de 3,6 kg pour collectionneur exigeant.\" \/>\n<meta name=\"robots\" content=\"index, follow, max-snippet:-1, max-image-preview:large, max-video-preview:-1\" \/>\n<link rel=\"canonical\" href=\"https:\/\/repliquemangacine.fr\/de\/repliken-manga-videospiele\/dispeldra-de-asta-schwert-aus-metall-black-clover\/\" \/>\n<meta property=\"og:locale\" content=\"de_DE\" \/>\n<meta property=\"og:type\" content=\"article\" \/>\n<meta property=\"og:title\" content=\"\u00c9p\u00e9e Dispeldra de Asta en m\u00e9tal - Black Clover - R\u00e9plique Manga Cin\u00e9\" \/>\n<meta property=\"og:description\" content=\"D\u00e9couvrez l\u2019\u00c9p\u00e9e Dispeldra d\u2019Asta dans Black Clover, r\u00e9plique tout m\u00e9tal de 130 cm. Une pi\u00e8ce massive de 3,6 kg pour collectionneur exigeant.\" \/>\n<meta property=\"og:url\" content=\"https:\/\/repliquemangacine.fr\/de\/repliken-manga-videospiele\/dispeldra-de-asta-schwert-aus-metall-black-clover\/\" \/>\n<meta property=\"og:site_name\" content=\"R\u00e9plique Manga Cin\u00e9\" \/>\n<meta property=\"article:publisher\" content=\"https:\/\/www.facebook.com\/RepliqueMangaCine\" \/>\n<meta property=\"article:modified_time\" content=\"2026-04-19T10:45:18+00:00\" \/>\n<meta property=\"og:image\" content=\"https:\/\/repliquemangacine.fr\/wp-content\/uploads\/2026\/02\/epee-dispelda-de-asta-dans-black-clover.jpg\" \/>\n\t<meta property=\"og:image:width\" content=\"700\" \/>\n\t<meta property=\"og:image:height\" content=\"700\" \/>\n\t<meta property=\"og:image:type\" content=\"image\/jpeg\" \/>\n<meta name=\"twitter:card\" content=\"summary_large_image\" \/>\n<meta name=\"twitter:label1\" content=\"Gesch\u00e4tzte Lesezeit\" \/>\n\t<meta name=\"twitter:data1\" content=\"3\u00a0Minuten\" \/>\n<script type=\"application\/ld+json\" class=\"yoast-schema-graph\">{\"@context\":\"https:\\\/\\\/schema.org\",\"@graph\":[{\"@type\":\"WebPage\",\"@id\":\"https:\\\/\\\/repliquemangacine.fr\\\/repliques-manga-jeux-video\\\/epee-dispeldra-de-asta-en-metal-black-clover\\\/\",\"url\":\"https:\\\/\\\/repliquemangacine.fr\\\/repliques-manga-jeux-video\\\/epee-dispeldra-de-asta-en-metal-black-clover\\\/\",\"name\":\"\u00c9p\u00e9e Dispeldra de Asta en m\u00e9tal - Black Clover - R\u00e9plique Manga Cin\u00e9\",\"isPartOf\":{\"@id\":\"https:\\\/\\\/repliquemangacine.fr\\\/#website\"},\"primaryImageOfPage\":{\"@id\":\"https:\\\/\\\/repliquemangacine.fr\\\/repliques-manga-jeux-video\\\/epee-dispeldra-de-asta-en-metal-black-clover\\\/#primaryimage\"},\"image\":{\"@id\":\"https:\\\/\\\/repliquemangacine.fr\\\/repliques-manga-jeux-video\\\/epee-dispeldra-de-asta-en-metal-black-clover\\\/#primaryimage\"},\"thumbnailUrl\":\"https:\\\/\\\/repliquemangacine.fr\\\/wp-content\\\/uploads\\\/2026\\\/02\\\/epee-dispelda-de-asta-dans-black-clover.jpg\",\"datePublished\":\"2026-02-25T15:04:43+00:00\",\"dateModified\":\"2026-04-19T10:45:18+00:00\",\"description\":\"D\u00e9couvrez l\u2019\u00c9p\u00e9e Dispeldra d\u2019Asta dans Black Clover, r\u00e9plique tout m\u00e9tal de 130 cm. Une pi\u00e8ce massive de 3,6 kg pour collectionneur exigeant.\",\"breadcrumb\":{\"@id\":\"https:\\\/\\\/repliquemangacine.fr\\\/repliques-manga-jeux-video\\\/epee-dispeldra-de-asta-en-metal-black-clover\\\/#breadcrumb\"},\"inLanguage\":\"de\",\"potentialAction\":[{\"@type\":\"ReadAction\",\"target\":[\"https:\\\/\\\/repliquemangacine.fr\\\/repliques-manga-jeux-video\\\/epee-dispeldra-de-asta-en-metal-black-clover\\\/\"]}]},{\"@type\":\"ImageObject\",\"inLanguage\":\"de\",\"@id\":\"https:\\\/\\\/repliquemangacine.fr\\\/repliques-manga-jeux-video\\\/epee-dispeldra-de-asta-en-metal-black-clover\\\/#primaryimage\",\"url\":\"https:\\\/\\\/repliquemangacine.fr\\\/wp-content\\\/uploads\\\/2026\\\/02\\\/epee-dispelda-de-asta-dans-black-clover.jpg\",\"contentUrl\":\"https:\\\/\\\/repliquemangacine.fr\\\/wp-content\\\/uploads\\\/2026\\\/02\\\/epee-dispelda-de-asta-dans-black-clover.jpg\",\"width\":700,\"height\":700,\"caption\":\"\u00c9p\u00e9e Dispeldra de Asta dans Black Clover\"},{\"@type\":\"BreadcrumbList\",\"@id\":\"https:\\\/\\\/repliquemangacine.fr\\\/repliques-manga-jeux-video\\\/epee-dispeldra-de-asta-en-metal-black-clover\\\/#breadcrumb\",\"itemListElement\":[{\"@type\":\"ListItem\",\"position\":1,\"name\":\"Accueil\",\"item\":\"https:\\\/\\\/repliquemangacine.fr\\\/\"},{\"@type\":\"ListItem\",\"position\":2,\"name\":\"Produits\",\"item\":\"https:\\\/\\\/repliquemangacine.fr\\\/boutique\\\/\"},{\"@type\":\"ListItem\",\"position\":3,\"name\":\"\u00c9p\u00e9e Dispeldra de Asta en m\u00e9tal &#8211; Black Clover\"}]},{\"@type\":\"WebSite\",\"@id\":\"https:\\\/\\\/repliquemangacine.fr\\\/#website\",\"url\":\"https:\\\/\\\/repliquemangacine.fr\\\/\",\"name\":\"R\u00e9plique Manga Cin\u00e9\",\"description\":\"\",\"publisher\":{\"@id\":\"https:\\\/\\\/repliquemangacine.fr\\\/#organization\"},\"potentialAction\":[{\"@type\":\"SearchAction\",\"target\":{\"@type\":\"EntryPoint\",\"urlTemplate\":\"https:\\\/\\\/repliquemangacine.fr\\\/?s={search_term_string}\"},\"query-input\":{\"@type\":\"PropertyValueSpecification\",\"valueRequired\":true,\"valueName\":\"search_term_string\"}}],\"inLanguage\":\"de\"},{\"@type\":\"Organization\",\"@id\":\"https:\\\/\\\/repliquemangacine.fr\\\/#organization\",\"name\":\"R\u00e9plique Manga Cin\u00e9\",\"url\":\"https:\\\/\\\/repliquemangacine.fr\\\/\",\"logo\":{\"@type\":\"ImageObject\",\"inLanguage\":\"de\",\"@id\":\"https:\\\/\\\/repliquemangacine.fr\\\/#\\\/schema\\\/logo\\\/image\\\/\",\"url\":\"https:\\\/\\\/repliquemangacine.fr\\\/wp-content\\\/uploads\\\/2023\\\/10\\\/RMC-500250.png\",\"contentUrl\":\"https:\\\/\\\/repliquemangacine.fr\\\/wp-content\\\/uploads\\\/2023\\\/10\\\/RMC-500250.png\",\"width\":500,\"height\":250,\"caption\":\"R\u00e9plique Manga Cin\u00e9\"},\"image\":{\"@id\":\"https:\\\/\\\/repliquemangacine.fr\\\/#\\\/schema\\\/logo\\\/image\\\/\"},\"sameAs\":[\"https:\\\/\\\/www.facebook.com\\\/RepliqueMangaCine\",\"https:\\\/\\\/www.instagram.com\\\/repliquemangacine.fr\\\/\"]}]}<\/script>\n<!-- \/ Yoast SEO plugin. -->","yoast_head_json":{"title":"Asta Dispeldra-Schwert aus Metall - Black Clover - R\u00e9plique Manga Cin\u00e9","description":"Entdecken Sie das Dispeldra-Schwert von Asta in Black Clover, eine 130 cm lange Ganzmetallreplik. Ein massives, 3,6 kg schweres St\u00fcck f\u00fcr anspruchsvolle Sammler.","robots":{"index":"index","follow":"follow","max-snippet":"max-snippet:-1","max-image-preview":"max-image-preview:large","max-video-preview":"max-video-preview:-1"},"canonical":"https:\/\/repliquemangacine.fr\/de\/repliken-manga-videospiele\/dispeldra-de-asta-schwert-aus-metall-black-clover\/","og_locale":"de_DE","og_type":"article","og_title":"\u00c9p\u00e9e Dispeldra de Asta en m\u00e9tal - Black Clover - R\u00e9plique Manga Cin\u00e9","og_description":"D\u00e9couvrez l\u2019\u00c9p\u00e9e Dispeldra d\u2019Asta dans Black Clover, r\u00e9plique tout m\u00e9tal de 130 cm. Une pi\u00e8ce massive de 3,6 kg pour collectionneur exigeant.","og_url":"https:\/\/repliquemangacine.fr\/de\/repliken-manga-videospiele\/dispeldra-de-asta-schwert-aus-metall-black-clover\/","og_site_name":"R\u00e9plique Manga Cin\u00e9","article_publisher":"https:\/\/www.facebook.com\/RepliqueMangaCine","article_modified_time":"2026-04-19T10:45:18+00:00","og_image":[{"width":700,"height":700,"url":"https:\/\/repliquemangacine.fr\/wp-content\/uploads\/2026\/02\/epee-dispelda-de-asta-dans-black-clover.jpg","type":"image\/jpeg"}],"twitter_card":"summary_large_image","twitter_misc":{"Gesch\u00e4tzte Lesezeit":"3\u00a0Minuten"},"schema":{"@context":"https:\/\/schema.org","@graph":[{"@type":"WebPage","@id":"https:\/\/repliquemangacine.fr\/repliques-manga-jeux-video\/epee-dispeldra-de-asta-en-metal-black-clover\/","url":"https:\/\/repliquemangacine.fr\/repliques-manga-jeux-video\/epee-dispeldra-de-asta-en-metal-black-clover\/","name":"Asta Dispeldra-Schwert aus Metall - Black Clover - R\u00e9plique Manga Cin\u00e9","isPartOf":{"@id":"https:\/\/repliquemangacine.fr\/#website"},"primaryImageOfPage":{"@id":"https:\/\/repliquemangacine.fr\/repliques-manga-jeux-video\/epee-dispeldra-de-asta-en-metal-black-clover\/#primaryimage"},"image":{"@id":"https:\/\/repliquemangacine.fr\/repliques-manga-jeux-video\/epee-dispeldra-de-asta-en-metal-black-clover\/#primaryimage"},"thumbnailUrl":"https:\/\/repliquemangacine.fr\/wp-content\/uploads\/2026\/02\/epee-dispelda-de-asta-dans-black-clover.jpg","datePublished":"2026-02-25T15:04:43+00:00","dateModified":"2026-04-19T10:45:18+00:00","description":"Entdecken Sie das Dispeldra-Schwert von Asta in Black Clover, eine 130 cm lange Ganzmetallreplik. Ein massives, 3,6 kg schweres St\u00fcck f\u00fcr anspruchsvolle Sammler.","breadcrumb":{"@id":"https:\/\/repliquemangacine.fr\/repliques-manga-jeux-video\/epee-dispeldra-de-asta-en-metal-black-clover\/#breadcrumb"},"inLanguage":"de","potentialAction":[{"@type":"ReadAction","target":["https:\/\/repliquemangacine.fr\/repliques-manga-jeux-video\/epee-dispeldra-de-asta-en-metal-black-clover\/"]}]},{"@type":"ImageObject","inLanguage":"de","@id":"https:\/\/repliquemangacine.fr\/repliques-manga-jeux-video\/epee-dispeldra-de-asta-en-metal-black-clover\/#primaryimage","url":"https:\/\/repliquemangacine.fr\/wp-content\/uploads\/2026\/02\/epee-dispelda-de-asta-dans-black-clover.jpg","contentUrl":"https:\/\/repliquemangacine.fr\/wp-content\/uploads\/2026\/02\/epee-dispelda-de-asta-dans-black-clover.jpg","width":700,"height":700,"caption":"\u00c9p\u00e9e Dispeldra de Asta dans Black Clover"},{"@type":"BreadcrumbList","@id":"https:\/\/repliquemangacine.fr\/repliques-manga-jeux-video\/epee-dispeldra-de-asta-en-metal-black-clover\/#breadcrumb","itemListElement":[{"@type":"ListItem","position":1,"name":"Accueil","item":"https:\/\/repliquemangacine.fr\/"},{"@type":"ListItem","position":2,"name":"Produits","item":"https:\/\/repliquemangacine.fr\/boutique\/"},{"@type":"ListItem","position":3,"name":"\u00c9p\u00e9e Dispeldra de Asta en m\u00e9tal &#8211; Black Clover"}]},{"@type":"WebSite","@id":"https:\/\/repliquemangacine.fr\/#website","url":"https:\/\/repliquemangacine.fr\/","name":"R\u00e9plique Manga Cin\u00e9","description":"","publisher":{"@id":"https:\/\/repliquemangacine.fr\/#organization"},"potentialAction":[{"@type":"SearchAction","target":{"@type":"EntryPoint","urlTemplate":"https:\/\/repliquemangacine.fr\/?s={search_term_string}"},"query-input":{"@type":"PropertyValueSpecification","valueRequired":true,"valueName":"search_term_string"}}],"inLanguage":"de"},{"@type":"Organization","@id":"https:\/\/repliquemangacine.fr\/#organization","name":"R\u00e9plique Manga Cin\u00e9","url":"https:\/\/repliquemangacine.fr\/","logo":{"@type":"ImageObject","inLanguage":"de","@id":"https:\/\/repliquemangacine.fr\/#\/schema\/logo\/image\/","url":"https:\/\/repliquemangacine.fr\/wp-content\/uploads\/2023\/10\/RMC-500250.png","contentUrl":"https:\/\/repliquemangacine.fr\/wp-content\/uploads\/2023\/10\/RMC-500250.png","width":500,"height":250,"caption":"R\u00e9plique Manga Cin\u00e9"},"image":{"@id":"https:\/\/repliquemangacine.fr\/#\/schema\/logo\/image\/"},"sameAs":["https:\/\/www.facebook.com\/RepliqueMangaCine","https:\/\/www.instagram.com\/repliquemangacine.fr\/"]}]}},"_links":{"self":[{"href":"https:\/\/repliquemangacine.fr\/de\/wp-json\/wp\/v2\/product\/95589","targetHints":{"allow":["GET"]}}],"collection":[{"href":"https:\/\/repliquemangacine.fr\/de\/wp-json\/wp\/v2\/product"}],"about":[{"href":"https:\/\/repliquemangacine.fr\/de\/wp-json\/wp\/v2\/types\/product"}],"wp:featuredmedia":[{"embeddable":true,"href":"https:\/\/repliquemangacine.fr\/de\/wp-json\/wp\/v2\/media\/95593"}],"wp:attachment":[{"href":"https:\/\/repliquemangacine.fr\/de\/wp-json\/wp\/v2\/media?parent=95589"}],"wp:term":[{"taxonomy":"product_brand","embeddable":true,"href":"https:\/\/repliquemangacine.fr\/de\/wp-json\/wp\/v2\/product_brand?post=95589"},{"taxonomy":"product_cat","embeddable":true,"href":"https:\/\/repliquemangacine.fr\/de\/wp-json\/wp\/v2\/product_cat?post=95589"},{"taxonomy":"product_tag","embeddable":true,"href":"https:\/\/repliquemangacine.fr\/de\/wp-json\/wp\/v2\/product_tag?post=95589"}],"curies":[{"name":"wp","href":"https:\/\/api.w.org\/{rel}","templated":true}]}}