





{"id":95548,"date":"2026-02-24T19:12:50","date_gmt":"2026-02-24T18:12:50","guid":{"rendered":"https:\/\/repliquemangacine.fr\/?post_type=product&#038;p=95548"},"modified":"2026-04-05T11:17:06","modified_gmt":"2026-04-05T09:17:06","slug":"schwertfisch-eines-verbannten-ritters-elden-ring","status":"publish","type":"product","link":"https:\/\/repliquemangacine.fr\/de\/elden-ring\/espadon-de-chevalier-banni-elden-ring\/","title":{"rendered":"Schwertfisch des verbannten Ritters - Elden Ring"},"content":{"rendered":"<h2>Schwertfisch des Verbannten Ritters Inspiriert von Elden Ring<\/h2>\n<p>Dieser Schwertfisch von Chevalier Banni beeindruckt sofort durch seine martialische Eleganz. Er ist komplett aus Metall gefertigt und folgt dem edlen Design, das man bei <a href=\"https:\/\/fr.bandainamcoent.eu\/elden-ring-wiki\" target=\"_blank\" rel=\"noopener noreferrer\">Elden Ring<\/a>. Die Klinge ist aus 440 Edelstahl geschmiedet. Diese Wahl garantiert Widerstandsf\u00e4higkeit, Langlebigkeit und eine ausgezeichnete Haltbarkeit. Die doppelte Hohlkehle in der Mitte macht die Klinge optisch leichter und verst\u00e4rkt ihre mittelalterliche \u00c4sthetik. Die goldenen Gravuren verleihen der Klinge einen subtilen k\u00f6niglichen Touch. Der fein gearbeitete Griff weist detaillierte Muster auf, die aus jedem Blickwinkel sichtbar sind. Der Griff ist mit einem feinen Gittermuster versehen und bietet einen optisch authentischen Griff. Das Set wird mit einer braunen Kunstlederscheide geliefert, die sich perfekt als Ausstellungsst\u00fcck oder zur Inszenierung eignet.<\/p>\n<h2>Der versto\u00dfene Ritter - Gefallener Krieger aus dem Zwischenland<\/h2>\n<p>Im Elden Ring sind die versto\u00dfenen Ritter einst edle Krieger, die nun umherziehen und gef\u00fcrchtet sind. Ihre Waffen spiegeln ihren fr\u00fcheren Rang wider. Dieser Schwertfisch verk\u00f6rpert diese Dualit\u00e4t. Er ist elegant und brutal zugleich. Er symbolisiert martialische Disziplin und tragischen Untergang. Wer dieses Replikat besitzt, f\u00e4ngt ein St\u00fcck der einzigartigen Atmosph\u00e4re der Zwischenwelt ein. Um Ihre Sammlung zu erweitern, sehen Sie sich auch unsere umfassende Auswahl an Repliken im Elden Ring an. Hier finden Sie diese unglaubliche Replik des\u2019<a href=\"https:\/\/repliquemangacine.fr\/de\/elden-ring\/schwert-bloodhound-fang-elden-ring\/\">Schwert Bloodhound Fang<\/a>, Es sei denn, Sie wollen die Zwischenwelt mit dem <a href=\"https:\/\/repliquemangacine.fr\/de\/elden-ring\/groses-katana-des-drachenjagers-elden-ring\/\">Gro\u00dfes Katana \u201eDrachenj\u00e4ger\u201c<\/a>. Erkunden Sie erg\u00e4nzend dazu auch unsere anderen <a href=\"https:\/\/repliquemangacine.fr\/de\/katana-und-schwert-von-videospielen-andere-videospiele\/\">Nachbildungen aus Videospielen<\/a>.<\/p>\n<h2>440 Stainless Steel und Doppelkehle - Die Wahl des anspruchsvollen Sammlers<\/h2>\n<p>440 Edelstahl ist f\u00fcr seine Korrosionsbest\u00e4ndigkeit und Robustheit bekannt. So beh\u00e4lt dieses Replikat auch im Laufe der Zeit seinen Glanz. Die doppelte Hohlkehle ist nicht nur ein \u00e4sthetisches Detail. Sie macht die Klinge optisch leichter und betont ihre Schlankheit. Folglich gewinnt das Schwert an Eleganz, beh\u00e4lt aber sein massives Aussehen bei. Die Scheide aus Kunstleder verst\u00e4rkt das Eintauchen in das Mittelalter. Sie erm\u00f6glicht auch eine gepflegte Pr\u00e4sentation. Andererseits richtet sich dieser Schwertfisch, wie jedes St\u00fcck aus Metall, haupts\u00e4chlich an Sammler und Liebhaber immersiver Dekorationen. Letztendlich ist dieser Schwertfisch des verbannten Ritters nicht einfach nur ein Accessoire. Er ist ein starkes St\u00fcck. Eine Waffe, die die Geschichte einer zerbrochenen und majest\u00e4tischen Welt erz\u00e4hlt. Und in einer Sammlung macht diese Art von Geschichte den Unterschied.<\/p>","protected":false},"excerpt":{"rendered":"<p>Ein Schwertfisch, der den Zwischenwelten w\u00fcrdig ist. Elegant. Imposant. Unnachgiebig.<\/p>\n<ul>\n<li>Ganzmetallkonstruktion<\/li>\n<li>Klinge aus 440 stainless steel<\/li>\n<li>Doppelte Mittelrille<\/li>\n<li>Dekorative goldene Gravuren<\/li>\n<li>h\u00e4lt fein detailliert<\/li>\n<li>Metallgriff mit raffiniertem Gittermuster<\/li>\n<li>Kunstlederscheide mit Riemen und Karabinerhaken zum Tragen als Umh\u00e4ngetasche<\/li>\n<li>Er kann auch an einem G\u00fcrtel getragen werden<\/li>\n<li>L\u00e4nge der Klinge: 79 cm - Gesamtl\u00e4nge: 110 cm<\/li>\n<li>Gewicht: 1400 g und 1750 g mit Scheide<\/li>\n<\/ul>\n<p><strong>Verkauf an Minderj\u00e4hrige verboten<\/strong><\/p>","protected":false},"featured_media":95549,"template":"","meta":[],"product_brand":[],"product_cat":[876,107],"product_tag":[],"class_list":{"0":"post-95548","1":"product","2":"type-product","3":"status-publish","4":"has-post-thumbnail","6":"product_cat-elden-ring","7":"product_cat-nouveautes","9":"first","10":"instock","11":"taxable","12":"shipping-taxable","13":"purchasable","14":"product-type-simple"},"yoast_head":"<!-- This site is optimized with the Yoast SEO plugin v27.4 - https:\/\/yoast.com\/product\/yoast-seo-wordpress\/ -->\n<title>Espadon de Chevalier Banni - Elden Ring - R\u00e9plique Manga Cin\u00e9<\/title>\n<meta name=\"description\" content=\"Espadon du Chevalier Banni inspir\u00e9 d\u2019Elden Ring. Lame en 440 stainless steel avec double gorge, r\u00e9plique tout m\u00e9tal livr\u00e9e avec fourreau en similicuir.\" \/>\n<meta name=\"robots\" content=\"index, follow, max-snippet:-1, max-image-preview:large, max-video-preview:-1\" \/>\n<link rel=\"canonical\" href=\"https:\/\/repliquemangacine.fr\/de\/elden-ring\/schwertfisch-eines-verbannten-ritters-elden-ring\/\" \/>\n<meta property=\"og:locale\" content=\"de_DE\" \/>\n<meta property=\"og:type\" content=\"article\" \/>\n<meta property=\"og:title\" content=\"Espadon de Chevalier Banni - Elden Ring - R\u00e9plique Manga Cin\u00e9\" \/>\n<meta property=\"og:description\" content=\"Espadon du Chevalier Banni inspir\u00e9 d\u2019Elden Ring. Lame en 440 stainless steel avec double gorge, r\u00e9plique tout m\u00e9tal livr\u00e9e avec fourreau en similicuir.\" \/>\n<meta property=\"og:url\" content=\"https:\/\/repliquemangacine.fr\/de\/elden-ring\/schwertfisch-eines-verbannten-ritters-elden-ring\/\" \/>\n<meta property=\"og:site_name\" content=\"R\u00e9plique Manga Cin\u00e9\" \/>\n<meta property=\"article:publisher\" content=\"https:\/\/www.facebook.com\/RepliqueMangaCine\" \/>\n<meta property=\"article:modified_time\" content=\"2026-04-05T09:17:06+00:00\" \/>\n<meta property=\"og:image\" content=\"https:\/\/repliquemangacine.fr\/wp-content\/uploads\/2026\/02\/Espadon-du-Chevalier-Banni-Elden-Ring.jpg\" \/>\n\t<meta property=\"og:image:width\" content=\"1000\" \/>\n\t<meta property=\"og:image:height\" content=\"1000\" \/>\n\t<meta property=\"og:image:type\" content=\"image\/jpeg\" \/>\n<meta name=\"twitter:card\" content=\"summary_large_image\" \/>\n<meta name=\"twitter:label1\" content=\"Gesch\u00e4tzte Lesezeit\" \/>\n\t<meta name=\"twitter:data1\" content=\"3\u00a0Minuten\" \/>\n<script type=\"application\/ld+json\" class=\"yoast-schema-graph\">{\"@context\":\"https:\\\/\\\/schema.org\",\"@graph\":[{\"@type\":\"WebPage\",\"@id\":\"https:\\\/\\\/repliquemangacine.fr\\\/elden-ring\\\/espadon-de-chevalier-banni-elden-ring\\\/\",\"url\":\"https:\\\/\\\/repliquemangacine.fr\\\/elden-ring\\\/espadon-de-chevalier-banni-elden-ring\\\/\",\"name\":\"Espadon de Chevalier Banni - Elden Ring - R\u00e9plique Manga Cin\u00e9\",\"isPartOf\":{\"@id\":\"https:\\\/\\\/repliquemangacine.fr\\\/#website\"},\"primaryImageOfPage\":{\"@id\":\"https:\\\/\\\/repliquemangacine.fr\\\/elden-ring\\\/espadon-de-chevalier-banni-elden-ring\\\/#primaryimage\"},\"image\":{\"@id\":\"https:\\\/\\\/repliquemangacine.fr\\\/elden-ring\\\/espadon-de-chevalier-banni-elden-ring\\\/#primaryimage\"},\"thumbnailUrl\":\"https:\\\/\\\/repliquemangacine.fr\\\/wp-content\\\/uploads\\\/2026\\\/02\\\/Espadon-du-Chevalier-Banni-Elden-Ring.jpg\",\"datePublished\":\"2026-02-24T18:12:50+00:00\",\"dateModified\":\"2026-04-05T09:17:06+00:00\",\"description\":\"Espadon du Chevalier Banni inspir\u00e9 d\u2019Elden Ring. Lame en 440 stainless steel avec double gorge, r\u00e9plique tout m\u00e9tal livr\u00e9e avec fourreau en similicuir.\",\"breadcrumb\":{\"@id\":\"https:\\\/\\\/repliquemangacine.fr\\\/elden-ring\\\/espadon-de-chevalier-banni-elden-ring\\\/#breadcrumb\"},\"inLanguage\":\"de\",\"potentialAction\":[{\"@type\":\"ReadAction\",\"target\":[\"https:\\\/\\\/repliquemangacine.fr\\\/elden-ring\\\/espadon-de-chevalier-banni-elden-ring\\\/\"]}]},{\"@type\":\"ImageObject\",\"inLanguage\":\"de\",\"@id\":\"https:\\\/\\\/repliquemangacine.fr\\\/elden-ring\\\/espadon-de-chevalier-banni-elden-ring\\\/#primaryimage\",\"url\":\"https:\\\/\\\/repliquemangacine.fr\\\/wp-content\\\/uploads\\\/2026\\\/02\\\/Espadon-du-Chevalier-Banni-Elden-Ring.jpg\",\"contentUrl\":\"https:\\\/\\\/repliquemangacine.fr\\\/wp-content\\\/uploads\\\/2026\\\/02\\\/Espadon-du-Chevalier-Banni-Elden-Ring.jpg\",\"width\":1000,\"height\":1000,\"caption\":\"Espadon de Chevalier Banni - Elden Ring\"},{\"@type\":\"BreadcrumbList\",\"@id\":\"https:\\\/\\\/repliquemangacine.fr\\\/elden-ring\\\/espadon-de-chevalier-banni-elden-ring\\\/#breadcrumb\",\"itemListElement\":[{\"@type\":\"ListItem\",\"position\":1,\"name\":\"Accueil\",\"item\":\"https:\\\/\\\/repliquemangacine.fr\\\/\"},{\"@type\":\"ListItem\",\"position\":2,\"name\":\"Produits\",\"item\":\"https:\\\/\\\/repliquemangacine.fr\\\/boutique\\\/\"},{\"@type\":\"ListItem\",\"position\":3,\"name\":\"Espadon de Chevalier Banni &#8211; Elden Ring\"}]},{\"@type\":\"WebSite\",\"@id\":\"https:\\\/\\\/repliquemangacine.fr\\\/#website\",\"url\":\"https:\\\/\\\/repliquemangacine.fr\\\/\",\"name\":\"R\u00e9plique Manga Cin\u00e9\",\"description\":\"\",\"publisher\":{\"@id\":\"https:\\\/\\\/repliquemangacine.fr\\\/#organization\"},\"potentialAction\":[{\"@type\":\"SearchAction\",\"target\":{\"@type\":\"EntryPoint\",\"urlTemplate\":\"https:\\\/\\\/repliquemangacine.fr\\\/?s={search_term_string}\"},\"query-input\":{\"@type\":\"PropertyValueSpecification\",\"valueRequired\":true,\"valueName\":\"search_term_string\"}}],\"inLanguage\":\"de\"},{\"@type\":\"Organization\",\"@id\":\"https:\\\/\\\/repliquemangacine.fr\\\/#organization\",\"name\":\"R\u00e9plique Manga Cin\u00e9\",\"url\":\"https:\\\/\\\/repliquemangacine.fr\\\/\",\"logo\":{\"@type\":\"ImageObject\",\"inLanguage\":\"de\",\"@id\":\"https:\\\/\\\/repliquemangacine.fr\\\/#\\\/schema\\\/logo\\\/image\\\/\",\"url\":\"https:\\\/\\\/repliquemangacine.fr\\\/wp-content\\\/uploads\\\/2023\\\/10\\\/RMC-500250.png\",\"contentUrl\":\"https:\\\/\\\/repliquemangacine.fr\\\/wp-content\\\/uploads\\\/2023\\\/10\\\/RMC-500250.png\",\"width\":500,\"height\":250,\"caption\":\"R\u00e9plique Manga Cin\u00e9\"},\"image\":{\"@id\":\"https:\\\/\\\/repliquemangacine.fr\\\/#\\\/schema\\\/logo\\\/image\\\/\"},\"sameAs\":[\"https:\\\/\\\/www.facebook.com\\\/RepliqueMangaCine\",\"https:\\\/\\\/www.instagram.com\\\/repliquemangacine.fr\\\/\"]}]}<\/script>\n<!-- \/ Yoast SEO plugin. -->","yoast_head_json":{"title":"Schwertfisch des verbannten Ritters - Elden Ring - R\u00e9plique Manga Cin\u00e9","description":"Schwert des Verbannten Ritters, inspiriert vom Elden Ring. Klinge aus 440er Edelstahl mit doppelter Hohlkehle, Ganzmetallreplik mit Kunstlederscheide.","robots":{"index":"index","follow":"follow","max-snippet":"max-snippet:-1","max-image-preview":"max-image-preview:large","max-video-preview":"max-video-preview:-1"},"canonical":"https:\/\/repliquemangacine.fr\/de\/elden-ring\/schwertfisch-eines-verbannten-ritters-elden-ring\/","og_locale":"de_DE","og_type":"article","og_title":"Espadon de Chevalier Banni - Elden Ring - R\u00e9plique Manga Cin\u00e9","og_description":"Espadon du Chevalier Banni inspir\u00e9 d\u2019Elden Ring. Lame en 440 stainless steel avec double gorge, r\u00e9plique tout m\u00e9tal livr\u00e9e avec fourreau en similicuir.","og_url":"https:\/\/repliquemangacine.fr\/de\/elden-ring\/schwertfisch-eines-verbannten-ritters-elden-ring\/","og_site_name":"R\u00e9plique Manga Cin\u00e9","article_publisher":"https:\/\/www.facebook.com\/RepliqueMangaCine","article_modified_time":"2026-04-05T09:17:06+00:00","og_image":[{"width":1000,"height":1000,"url":"https:\/\/repliquemangacine.fr\/wp-content\/uploads\/2026\/02\/Espadon-du-Chevalier-Banni-Elden-Ring.jpg","type":"image\/jpeg"}],"twitter_card":"summary_large_image","twitter_misc":{"Gesch\u00e4tzte Lesezeit":"3\u00a0Minuten"},"schema":{"@context":"https:\/\/schema.org","@graph":[{"@type":"WebPage","@id":"https:\/\/repliquemangacine.fr\/elden-ring\/espadon-de-chevalier-banni-elden-ring\/","url":"https:\/\/repliquemangacine.fr\/elden-ring\/espadon-de-chevalier-banni-elden-ring\/","name":"Schwertfisch des verbannten Ritters - Elden Ring - R\u00e9plique Manga Cin\u00e9","isPartOf":{"@id":"https:\/\/repliquemangacine.fr\/#website"},"primaryImageOfPage":{"@id":"https:\/\/repliquemangacine.fr\/elden-ring\/espadon-de-chevalier-banni-elden-ring\/#primaryimage"},"image":{"@id":"https:\/\/repliquemangacine.fr\/elden-ring\/espadon-de-chevalier-banni-elden-ring\/#primaryimage"},"thumbnailUrl":"https:\/\/repliquemangacine.fr\/wp-content\/uploads\/2026\/02\/Espadon-du-Chevalier-Banni-Elden-Ring.jpg","datePublished":"2026-02-24T18:12:50+00:00","dateModified":"2026-04-05T09:17:06+00:00","description":"Schwert des Verbannten Ritters, inspiriert vom Elden Ring. Klinge aus 440er Edelstahl mit doppelter Hohlkehle, Ganzmetallreplik mit Kunstlederscheide.","breadcrumb":{"@id":"https:\/\/repliquemangacine.fr\/elden-ring\/espadon-de-chevalier-banni-elden-ring\/#breadcrumb"},"inLanguage":"de","potentialAction":[{"@type":"ReadAction","target":["https:\/\/repliquemangacine.fr\/elden-ring\/espadon-de-chevalier-banni-elden-ring\/"]}]},{"@type":"ImageObject","inLanguage":"de","@id":"https:\/\/repliquemangacine.fr\/elden-ring\/espadon-de-chevalier-banni-elden-ring\/#primaryimage","url":"https:\/\/repliquemangacine.fr\/wp-content\/uploads\/2026\/02\/Espadon-du-Chevalier-Banni-Elden-Ring.jpg","contentUrl":"https:\/\/repliquemangacine.fr\/wp-content\/uploads\/2026\/02\/Espadon-du-Chevalier-Banni-Elden-Ring.jpg","width":1000,"height":1000,"caption":"Espadon de Chevalier Banni - Elden Ring"},{"@type":"BreadcrumbList","@id":"https:\/\/repliquemangacine.fr\/elden-ring\/espadon-de-chevalier-banni-elden-ring\/#breadcrumb","itemListElement":[{"@type":"ListItem","position":1,"name":"Accueil","item":"https:\/\/repliquemangacine.fr\/"},{"@type":"ListItem","position":2,"name":"Produits","item":"https:\/\/repliquemangacine.fr\/boutique\/"},{"@type":"ListItem","position":3,"name":"Espadon de Chevalier Banni &#8211; Elden Ring"}]},{"@type":"WebSite","@id":"https:\/\/repliquemangacine.fr\/#website","url":"https:\/\/repliquemangacine.fr\/","name":"R\u00e9plique Manga Cin\u00e9","description":"","publisher":{"@id":"https:\/\/repliquemangacine.fr\/#organization"},"potentialAction":[{"@type":"SearchAction","target":{"@type":"EntryPoint","urlTemplate":"https:\/\/repliquemangacine.fr\/?s={search_term_string}"},"query-input":{"@type":"PropertyValueSpecification","valueRequired":true,"valueName":"search_term_string"}}],"inLanguage":"de"},{"@type":"Organization","@id":"https:\/\/repliquemangacine.fr\/#organization","name":"R\u00e9plique Manga Cin\u00e9","url":"https:\/\/repliquemangacine.fr\/","logo":{"@type":"ImageObject","inLanguage":"de","@id":"https:\/\/repliquemangacine.fr\/#\/schema\/logo\/image\/","url":"https:\/\/repliquemangacine.fr\/wp-content\/uploads\/2023\/10\/RMC-500250.png","contentUrl":"https:\/\/repliquemangacine.fr\/wp-content\/uploads\/2023\/10\/RMC-500250.png","width":500,"height":250,"caption":"R\u00e9plique Manga Cin\u00e9"},"image":{"@id":"https:\/\/repliquemangacine.fr\/#\/schema\/logo\/image\/"},"sameAs":["https:\/\/www.facebook.com\/RepliqueMangaCine","https:\/\/www.instagram.com\/repliquemangacine.fr\/"]}]}},"_links":{"self":[{"href":"https:\/\/repliquemangacine.fr\/de\/wp-json\/wp\/v2\/product\/95548","targetHints":{"allow":["GET"]}}],"collection":[{"href":"https:\/\/repliquemangacine.fr\/de\/wp-json\/wp\/v2\/product"}],"about":[{"href":"https:\/\/repliquemangacine.fr\/de\/wp-json\/wp\/v2\/types\/product"}],"wp:featuredmedia":[{"embeddable":true,"href":"https:\/\/repliquemangacine.fr\/de\/wp-json\/wp\/v2\/media\/95549"}],"wp:attachment":[{"href":"https:\/\/repliquemangacine.fr\/de\/wp-json\/wp\/v2\/media?parent=95548"}],"wp:term":[{"taxonomy":"product_brand","embeddable":true,"href":"https:\/\/repliquemangacine.fr\/de\/wp-json\/wp\/v2\/product_brand?post=95548"},{"taxonomy":"product_cat","embeddable":true,"href":"https:\/\/repliquemangacine.fr\/de\/wp-json\/wp\/v2\/product_cat?post=95548"},{"taxonomy":"product_tag","embeddable":true,"href":"https:\/\/repliquemangacine.fr\/de\/wp-json\/wp\/v2\/product_tag?post=95548"}],"curies":[{"name":"wp","href":"https:\/\/api.w.org\/{rel}","templated":true}]}}