





{"id":95540,"date":"2026-02-24T18:11:38","date_gmt":"2026-02-24T17:11:38","guid":{"rendered":"https:\/\/repliquemangacine.fr\/?post_type=product&#038;p=95540"},"modified":"2026-04-10T18:26:44","modified_gmt":"2026-04-10T16:26:44","slug":"rebellion-dantes-schwert-devil-my-cry-5","status":"publish","type":"product","link":"https:\/\/repliquemangacine.fr\/de\/devil-may-cry\/rebellion-epee-de-dante-devil-my-cry-5\/","title":{"rendered":"Rebellion Dantes Schwert - Devil My Cry 5"},"content":{"rendered":"<h2>Rebellion Dantes Schwert inspiriert von Devil May Cry 5<\/h2>\n<p>Diese Replik von Dantes Schwert Rebellion gibt seine ikonische Waffe originalgetreu wieder in <a href=\"https:\/\/devilmaycry.fandom.com\/wiki\/Devil_May_Cry_5\" target=\"_blank\" rel=\"noopener noreferrer\">Devil May Cry 5<\/a>. Sie ist vollst\u00e4ndig aus Metall gefertigt, was ihr sofort eine imposante Pr\u00e4senz verleiht. Die breite und massive Klinge folgt den ikonischen Proportionen des Spiels. Es sind jedoch vor allem die Details, die auffallen. Die um 360\u00b0 gebogene Klinge weist je nach Winkel zwei unterschiedliche Formen auf. Auf der einen Seite eine aggressive d\u00e4monische Struktur. Auf der anderen Seite ein eher organisches, gemei\u00dfeltes Design. Der zentrale Sch\u00e4del und die H\u00f6rner verst\u00e4rken seine h\u00f6llische Identit\u00e4t. Dar\u00fcber hinaus schlie\u00dft der strukturierte Knauf, der auf den Fotos zu sehen ist, das St\u00fcck charaktervoll ab. Schlie\u00dflich wird das Schwert mit seinem Ausstellungsst\u00e4nder geliefert. So k\u00f6nnen Sie es sofort in Ihrer Sammlung zur Geltung bringen.<\/p>\n<h2>Dante und die Rebellion - Eine Waffe, die an sein Blut gebunden ist<\/h2>\n<p>In Devil May Cry 5 ist die Rebellion nicht nur eine Waffe. Sie ist eng mit Dantes d\u00e4monischem Erbe verbunden. Als Sohn von Sparda f\u00fchrt er dieses Schwert wie eine Erweiterung seines eigenen Willens. Im Gegensatz zu einem einfachen, massiven Schwert symbolisiert die Rebellion das Gleichgewicht zwischen Menschlichkeit und d\u00e4monischer Macht. Es ist das Schwert, mit dem Dante seine Grenzen \u00fcberschreitet. Wer dieses Replikat besitzt, h\u00e4lt diesen Schl\u00fcsselmoment des DMC-Universums fest. Um Ihre Sammlung zu vervollst\u00e4ndigen, schauen Sie sich auch unsere Auswahl an Repliken zu diesem Videospiel an.<br \/>\nWenn Sie die ikonischen Waffen der Saga sch\u00e4tzen, entdecken Sie au\u00dferdem die <a href=\"https:\/\/repliquemangacine.fr\/de\/devil-may-cry\/red-queen-devil-may-cry-5\/\">Red Queen von Nero<\/a> sowie der <a href=\"https:\/\/repliquemangacine.fr\/de\/katana-und-schwert-von-videospielen-andere-videospiele\/katana-vergil-yamato-v2\/\">Vergils Katana<\/a> Yamato. Nicht zu vergessen die imposante <a href=\"https:\/\/repliquemangacine.fr\/de\/katana-und-schwert-von-videospielen-andere-videospiele\/devil-sword-dantes-teufelsschwert-devil-my-cry\/\">Schwert Devil Sword<\/a> von Dante<\/p>\n<h2>Vollmetall und 360\u00b0-Details - Sammeln oder Cosplay?<\/h2>\n<p>Die Wahl von Vollmetall \u00e4ndert alles. Erstens gewinnt das St\u00fcck an visuellem Realismus. Zweitens verst\u00e4rkt das Gewicht die Authentizit\u00e4t. Und schlie\u00dflich kommen die Details im Licht besser zur Geltung. Die 360\u00b0-Garantie ist ein echter Vorteil. Egal aus welchem Winkel man es betrachtet, das Schwert erz\u00e4hlt immer eine andere Geschichte. Das macht es zu einem idealen St\u00fcck f\u00fcr eine Wanddekoration oder einen Premium-Gaming-Bereich. F\u00fcr ein langlebiges Cosplay hingegen kann Metall mehr Ausdauer erfordern. Hier handelt es sich eindeutig um eine Replik, die f\u00fcr anspruchsvolle Sammler gedacht ist. Letztendlich ist die Rebellion aus Metall nicht einfach nur ein Nebenprodukt. Sie ist ein Meisterst\u00fcck. Und in einer Sammlung bleibt ein Meisterst\u00fcck nie unbemerkt.<\/p>","protected":false},"excerpt":{"rendered":"<p>Rebellion ist kein Schwert. Es ist Dantes Unterschrift.<\/p>\n<ul>\n<li>Konstruktion komplett aus Metall<\/li>\n<li>360\u00b0 Wache mit doppeltem skulpturalem Design<\/li>\n<li>D\u00e4monische Details, die dem Spiel treu bleiben<\/li>\n<li>Bearbeiteter und strukturierter Knauf<\/li>\n<li>Wird mit Ausstellungsst\u00e4nder geliefert<\/li>\n<li>L\u00e4nge der Klinge: 93cm - Gesamtl\u00e4nge: 130cm<\/li>\n<li>Gewicht: 2840g<\/li>\n<\/ul>\n<p><strong>Verkauf an Minderj\u00e4hrige verboten<\/strong><\/p>","protected":false},"featured_media":95541,"template":"","meta":[],"product_brand":[],"product_cat":[880,107],"product_tag":[],"class_list":{"0":"post-95540","1":"product","2":"type-product","3":"status-publish","4":"has-post-thumbnail","6":"product_cat-devil-may-cry","7":"product_cat-nouveautes","9":"first","10":"instock","11":"taxable","12":"shipping-taxable","13":"purchasable","14":"product-type-simple"},"yoast_head":"<!-- This site is optimized with the Yoast SEO plugin v27.4 - https:\/\/yoast.com\/product\/yoast-seo-wordpress\/ -->\n<title>Rebellion \u00e9p\u00e9e de Dante - Devil My Cry 5 - R\u00e9plique Manga Cin\u00e9<\/title>\n<meta name=\"description\" content=\"R\u00e9plique Rebellion \u00e9p\u00e9e de Dante dans Devil May Cry 5. \u00c9p\u00e9e enti\u00e8rement en m\u00e9tal, garde 360\u00b0 d\u00e9taill\u00e9e, pommeau travaill\u00e9. Livr\u00e9e avec support d\u2019exposition.\" \/>\n<meta name=\"robots\" content=\"index, follow, max-snippet:-1, max-image-preview:large, max-video-preview:-1\" \/>\n<link rel=\"canonical\" href=\"https:\/\/repliquemangacine.fr\/de\/devil-may-cry\/rebellion-dantes-schwert-devil-my-cry-5\/\" \/>\n<meta property=\"og:locale\" content=\"de_DE\" \/>\n<meta property=\"og:type\" content=\"article\" \/>\n<meta property=\"og:title\" content=\"Rebellion \u00e9p\u00e9e de Dante - Devil My Cry 5 - R\u00e9plique Manga Cin\u00e9\" \/>\n<meta property=\"og:description\" content=\"R\u00e9plique Rebellion \u00e9p\u00e9e de Dante dans Devil May Cry 5. \u00c9p\u00e9e enti\u00e8rement en m\u00e9tal, garde 360\u00b0 d\u00e9taill\u00e9e, pommeau travaill\u00e9. Livr\u00e9e avec support d\u2019exposition.\" \/>\n<meta property=\"og:url\" content=\"https:\/\/repliquemangacine.fr\/de\/devil-may-cry\/rebellion-dantes-schwert-devil-my-cry-5\/\" \/>\n<meta property=\"og:site_name\" content=\"R\u00e9plique Manga Cin\u00e9\" \/>\n<meta property=\"article:publisher\" content=\"https:\/\/www.facebook.com\/RepliqueMangaCine\" \/>\n<meta property=\"article:modified_time\" content=\"2026-04-10T16:26:44+00:00\" \/>\n<meta property=\"og:image\" content=\"https:\/\/repliquemangacine.fr\/wp-content\/uploads\/2026\/02\/Rebellion-epee-de-Dante-Devil-My-Cry-5.jpg\" \/>\n\t<meta property=\"og:image:width\" content=\"700\" \/>\n\t<meta property=\"og:image:height\" content=\"700\" \/>\n\t<meta property=\"og:image:type\" content=\"image\/jpeg\" \/>\n<meta name=\"twitter:card\" content=\"summary_large_image\" \/>\n<meta name=\"twitter:label1\" content=\"Gesch\u00e4tzte Lesezeit\" \/>\n\t<meta name=\"twitter:data1\" content=\"3\u00a0Minuten\" \/>\n<script type=\"application\/ld+json\" class=\"yoast-schema-graph\">{\"@context\":\"https:\\\/\\\/schema.org\",\"@graph\":[{\"@type\":\"WebPage\",\"@id\":\"https:\\\/\\\/repliquemangacine.fr\\\/devil-may-cry\\\/rebellion-epee-de-dante-devil-my-cry-5\\\/\",\"url\":\"https:\\\/\\\/repliquemangacine.fr\\\/devil-may-cry\\\/rebellion-epee-de-dante-devil-my-cry-5\\\/\",\"name\":\"Rebellion \u00e9p\u00e9e de Dante - Devil My Cry 5 - R\u00e9plique Manga Cin\u00e9\",\"isPartOf\":{\"@id\":\"https:\\\/\\\/repliquemangacine.fr\\\/#website\"},\"primaryImageOfPage\":{\"@id\":\"https:\\\/\\\/repliquemangacine.fr\\\/devil-may-cry\\\/rebellion-epee-de-dante-devil-my-cry-5\\\/#primaryimage\"},\"image\":{\"@id\":\"https:\\\/\\\/repliquemangacine.fr\\\/devil-may-cry\\\/rebellion-epee-de-dante-devil-my-cry-5\\\/#primaryimage\"},\"thumbnailUrl\":\"https:\\\/\\\/repliquemangacine.fr\\\/wp-content\\\/uploads\\\/2026\\\/02\\\/Rebellion-epee-de-Dante-Devil-My-Cry-5.jpg\",\"datePublished\":\"2026-02-24T17:11:38+00:00\",\"dateModified\":\"2026-04-10T16:26:44+00:00\",\"description\":\"R\u00e9plique Rebellion \u00e9p\u00e9e de Dante dans Devil May Cry 5. \u00c9p\u00e9e enti\u00e8rement en m\u00e9tal, garde 360\u00b0 d\u00e9taill\u00e9e, pommeau travaill\u00e9. Livr\u00e9e avec support d\u2019exposition.\",\"breadcrumb\":{\"@id\":\"https:\\\/\\\/repliquemangacine.fr\\\/devil-may-cry\\\/rebellion-epee-de-dante-devil-my-cry-5\\\/#breadcrumb\"},\"inLanguage\":\"de\",\"potentialAction\":[{\"@type\":\"ReadAction\",\"target\":[\"https:\\\/\\\/repliquemangacine.fr\\\/devil-may-cry\\\/rebellion-epee-de-dante-devil-my-cry-5\\\/\"]}]},{\"@type\":\"ImageObject\",\"inLanguage\":\"de\",\"@id\":\"https:\\\/\\\/repliquemangacine.fr\\\/devil-may-cry\\\/rebellion-epee-de-dante-devil-my-cry-5\\\/#primaryimage\",\"url\":\"https:\\\/\\\/repliquemangacine.fr\\\/wp-content\\\/uploads\\\/2026\\\/02\\\/Rebellion-epee-de-Dante-Devil-My-Cry-5.jpg\",\"contentUrl\":\"https:\\\/\\\/repliquemangacine.fr\\\/wp-content\\\/uploads\\\/2026\\\/02\\\/Rebellion-epee-de-Dante-Devil-My-Cry-5.jpg\",\"width\":700,\"height\":700,\"caption\":\"Rebellion \u00e9p\u00e9e de Dante - Devil My Cry 5\"},{\"@type\":\"BreadcrumbList\",\"@id\":\"https:\\\/\\\/repliquemangacine.fr\\\/devil-may-cry\\\/rebellion-epee-de-dante-devil-my-cry-5\\\/#breadcrumb\",\"itemListElement\":[{\"@type\":\"ListItem\",\"position\":1,\"name\":\"Accueil\",\"item\":\"https:\\\/\\\/repliquemangacine.fr\\\/\"},{\"@type\":\"ListItem\",\"position\":2,\"name\":\"Produits\",\"item\":\"https:\\\/\\\/repliquemangacine.fr\\\/boutique\\\/\"},{\"@type\":\"ListItem\",\"position\":3,\"name\":\"Rebellion \u00e9p\u00e9e de Dante &#8211; Devil My Cry 5\"}]},{\"@type\":\"WebSite\",\"@id\":\"https:\\\/\\\/repliquemangacine.fr\\\/#website\",\"url\":\"https:\\\/\\\/repliquemangacine.fr\\\/\",\"name\":\"R\u00e9plique Manga Cin\u00e9\",\"description\":\"\",\"publisher\":{\"@id\":\"https:\\\/\\\/repliquemangacine.fr\\\/#organization\"},\"potentialAction\":[{\"@type\":\"SearchAction\",\"target\":{\"@type\":\"EntryPoint\",\"urlTemplate\":\"https:\\\/\\\/repliquemangacine.fr\\\/?s={search_term_string}\"},\"query-input\":{\"@type\":\"PropertyValueSpecification\",\"valueRequired\":true,\"valueName\":\"search_term_string\"}}],\"inLanguage\":\"de\"},{\"@type\":\"Organization\",\"@id\":\"https:\\\/\\\/repliquemangacine.fr\\\/#organization\",\"name\":\"R\u00e9plique Manga Cin\u00e9\",\"url\":\"https:\\\/\\\/repliquemangacine.fr\\\/\",\"logo\":{\"@type\":\"ImageObject\",\"inLanguage\":\"de\",\"@id\":\"https:\\\/\\\/repliquemangacine.fr\\\/#\\\/schema\\\/logo\\\/image\\\/\",\"url\":\"https:\\\/\\\/repliquemangacine.fr\\\/wp-content\\\/uploads\\\/2023\\\/10\\\/RMC-500250.png\",\"contentUrl\":\"https:\\\/\\\/repliquemangacine.fr\\\/wp-content\\\/uploads\\\/2023\\\/10\\\/RMC-500250.png\",\"width\":500,\"height\":250,\"caption\":\"R\u00e9plique Manga Cin\u00e9\"},\"image\":{\"@id\":\"https:\\\/\\\/repliquemangacine.fr\\\/#\\\/schema\\\/logo\\\/image\\\/\"},\"sameAs\":[\"https:\\\/\\\/www.facebook.com\\\/RepliqueMangaCine\",\"https:\\\/\\\/www.instagram.com\\\/repliquemangacine.fr\\\/\"]}]}<\/script>\n<!-- \/ Yoast SEO plugin. -->","yoast_head_json":{"title":"Rebellion Dantes Schwert - Devil My Cry 5 - R\u00e9plique Manga Cin\u00e9","description":"Replik Rebellionsschwert von Dante in Devil May Cry 5. Vollst\u00e4ndig aus Metall gefertigtes Schwert, detaillierter 360\u00b0-Schutz, bearbeiteter Knauf. Wird mit Ausstellungsst\u00e4nder geliefert.","robots":{"index":"index","follow":"follow","max-snippet":"max-snippet:-1","max-image-preview":"max-image-preview:large","max-video-preview":"max-video-preview:-1"},"canonical":"https:\/\/repliquemangacine.fr\/de\/devil-may-cry\/rebellion-dantes-schwert-devil-my-cry-5\/","og_locale":"de_DE","og_type":"article","og_title":"Rebellion \u00e9p\u00e9e de Dante - Devil My Cry 5 - R\u00e9plique Manga Cin\u00e9","og_description":"R\u00e9plique Rebellion \u00e9p\u00e9e de Dante dans Devil May Cry 5. \u00c9p\u00e9e enti\u00e8rement en m\u00e9tal, garde 360\u00b0 d\u00e9taill\u00e9e, pommeau travaill\u00e9. Livr\u00e9e avec support d\u2019exposition.","og_url":"https:\/\/repliquemangacine.fr\/de\/devil-may-cry\/rebellion-dantes-schwert-devil-my-cry-5\/","og_site_name":"R\u00e9plique Manga Cin\u00e9","article_publisher":"https:\/\/www.facebook.com\/RepliqueMangaCine","article_modified_time":"2026-04-10T16:26:44+00:00","og_image":[{"width":700,"height":700,"url":"https:\/\/repliquemangacine.fr\/wp-content\/uploads\/2026\/02\/Rebellion-epee-de-Dante-Devil-My-Cry-5.jpg","type":"image\/jpeg"}],"twitter_card":"summary_large_image","twitter_misc":{"Gesch\u00e4tzte Lesezeit":"3\u00a0Minuten"},"schema":{"@context":"https:\/\/schema.org","@graph":[{"@type":"WebPage","@id":"https:\/\/repliquemangacine.fr\/devil-may-cry\/rebellion-epee-de-dante-devil-my-cry-5\/","url":"https:\/\/repliquemangacine.fr\/devil-may-cry\/rebellion-epee-de-dante-devil-my-cry-5\/","name":"Rebellion Dantes Schwert - Devil My Cry 5 - R\u00e9plique Manga Cin\u00e9","isPartOf":{"@id":"https:\/\/repliquemangacine.fr\/#website"},"primaryImageOfPage":{"@id":"https:\/\/repliquemangacine.fr\/devil-may-cry\/rebellion-epee-de-dante-devil-my-cry-5\/#primaryimage"},"image":{"@id":"https:\/\/repliquemangacine.fr\/devil-may-cry\/rebellion-epee-de-dante-devil-my-cry-5\/#primaryimage"},"thumbnailUrl":"https:\/\/repliquemangacine.fr\/wp-content\/uploads\/2026\/02\/Rebellion-epee-de-Dante-Devil-My-Cry-5.jpg","datePublished":"2026-02-24T17:11:38+00:00","dateModified":"2026-04-10T16:26:44+00:00","description":"Replik Rebellionsschwert von Dante in Devil May Cry 5. Vollst\u00e4ndig aus Metall gefertigtes Schwert, detaillierter 360\u00b0-Schutz, bearbeiteter Knauf. Wird mit Ausstellungsst\u00e4nder geliefert.","breadcrumb":{"@id":"https:\/\/repliquemangacine.fr\/devil-may-cry\/rebellion-epee-de-dante-devil-my-cry-5\/#breadcrumb"},"inLanguage":"de","potentialAction":[{"@type":"ReadAction","target":["https:\/\/repliquemangacine.fr\/devil-may-cry\/rebellion-epee-de-dante-devil-my-cry-5\/"]}]},{"@type":"ImageObject","inLanguage":"de","@id":"https:\/\/repliquemangacine.fr\/devil-may-cry\/rebellion-epee-de-dante-devil-my-cry-5\/#primaryimage","url":"https:\/\/repliquemangacine.fr\/wp-content\/uploads\/2026\/02\/Rebellion-epee-de-Dante-Devil-My-Cry-5.jpg","contentUrl":"https:\/\/repliquemangacine.fr\/wp-content\/uploads\/2026\/02\/Rebellion-epee-de-Dante-Devil-My-Cry-5.jpg","width":700,"height":700,"caption":"Rebellion \u00e9p\u00e9e de Dante - Devil My Cry 5"},{"@type":"BreadcrumbList","@id":"https:\/\/repliquemangacine.fr\/devil-may-cry\/rebellion-epee-de-dante-devil-my-cry-5\/#breadcrumb","itemListElement":[{"@type":"ListItem","position":1,"name":"Accueil","item":"https:\/\/repliquemangacine.fr\/"},{"@type":"ListItem","position":2,"name":"Produits","item":"https:\/\/repliquemangacine.fr\/boutique\/"},{"@type":"ListItem","position":3,"name":"Rebellion \u00e9p\u00e9e de Dante &#8211; Devil My Cry 5"}]},{"@type":"WebSite","@id":"https:\/\/repliquemangacine.fr\/#website","url":"https:\/\/repliquemangacine.fr\/","name":"R\u00e9plique Manga Cin\u00e9","description":"","publisher":{"@id":"https:\/\/repliquemangacine.fr\/#organization"},"potentialAction":[{"@type":"SearchAction","target":{"@type":"EntryPoint","urlTemplate":"https:\/\/repliquemangacine.fr\/?s={search_term_string}"},"query-input":{"@type":"PropertyValueSpecification","valueRequired":true,"valueName":"search_term_string"}}],"inLanguage":"de"},{"@type":"Organization","@id":"https:\/\/repliquemangacine.fr\/#organization","name":"R\u00e9plique Manga Cin\u00e9","url":"https:\/\/repliquemangacine.fr\/","logo":{"@type":"ImageObject","inLanguage":"de","@id":"https:\/\/repliquemangacine.fr\/#\/schema\/logo\/image\/","url":"https:\/\/repliquemangacine.fr\/wp-content\/uploads\/2023\/10\/RMC-500250.png","contentUrl":"https:\/\/repliquemangacine.fr\/wp-content\/uploads\/2023\/10\/RMC-500250.png","width":500,"height":250,"caption":"R\u00e9plique Manga Cin\u00e9"},"image":{"@id":"https:\/\/repliquemangacine.fr\/#\/schema\/logo\/image\/"},"sameAs":["https:\/\/www.facebook.com\/RepliqueMangaCine","https:\/\/www.instagram.com\/repliquemangacine.fr\/"]}]}},"_links":{"self":[{"href":"https:\/\/repliquemangacine.fr\/de\/wp-json\/wp\/v2\/product\/95540","targetHints":{"allow":["GET"]}}],"collection":[{"href":"https:\/\/repliquemangacine.fr\/de\/wp-json\/wp\/v2\/product"}],"about":[{"href":"https:\/\/repliquemangacine.fr\/de\/wp-json\/wp\/v2\/types\/product"}],"wp:featuredmedia":[{"embeddable":true,"href":"https:\/\/repliquemangacine.fr\/de\/wp-json\/wp\/v2\/media\/95541"}],"wp:attachment":[{"href":"https:\/\/repliquemangacine.fr\/de\/wp-json\/wp\/v2\/media?parent=95540"}],"wp:term":[{"taxonomy":"product_brand","embeddable":true,"href":"https:\/\/repliquemangacine.fr\/de\/wp-json\/wp\/v2\/product_brand?post=95540"},{"taxonomy":"product_cat","embeddable":true,"href":"https:\/\/repliquemangacine.fr\/de\/wp-json\/wp\/v2\/product_cat?post=95540"},{"taxonomy":"product_tag","embeddable":true,"href":"https:\/\/repliquemangacine.fr\/de\/wp-json\/wp\/v2\/product_tag?post=95540"}],"curies":[{"name":"wp","href":"https:\/\/api.w.org\/{rel}","templated":true}]}}