





{"id":95362,"date":"2026-02-17T11:44:13","date_gmt":"2026-02-17T10:44:13","guid":{"rendered":"https:\/\/repliquemangacine.fr\/?post_type=product&#038;p=95362"},"modified":"2026-04-15T12:20:53","modified_gmt":"2026-04-15T10:20:53","slug":"dachilles-schwert-in-troja","status":"publish","type":"product","link":"https:\/\/repliquemangacine.fr\/de\/epees-glaives-antique\/epee-dachille-dans-troie\/","title":{"rendered":"Achilles' Schwert in Troja"},"content":{"rendered":"<h2>Das Schwert des Achilles - Inspirierte Replik aus dem Film Troja<\/h2>\n<p>Mit dieser Replik des Schwertes von Achilles aus dem Film Troja tauchen Sie sofort in das Herz des Mythos ein. Schon beim ersten Griff in die Hand fl\u00f6\u00dft die Stahlklinge Respekt ein. Ihre Silhouette ist n\u00fcchtern, nerv\u00f6s und optisch perfekt ausbalanciert. So erinnert sie an die rohe Kraft und die Pr\u00e4zision eines Kriegers, der f\u00fcr den Kampf geboren wurde. Das Stahlfinish f\u00e4ngt das Licht ein und betont jede Linie. Dar\u00fcber hinaus verst\u00e4rkt das filmgetreue Design seine Wirkung im Schaufenster. Dieses Schwert ist nicht einfach nur ein dekoratives Objekt. Im Gegenteil, es verk\u00f6rpert ein Fragment eines Epos. Ob Sie nun ein anspruchsvoller Sammler sind oder sich f\u00fcr antike Filme begeistern, dieses St\u00fcck wird schnell zu einem zentralen Punkt in Ihrer Sammlung. Und schlie\u00dflich passt sein zeitloses Aussehen sowohl zu einer modernen als auch zu einer mittelalterlichen Einrichtung.<\/p>\n<h2>Achilles, der mythische Krieger, verk\u00f6rpert von Brad Pitt<\/h2>\n<p>In Troja leiht Brad Pitt Achilles, einem Halbgott und einer Kriegsmaschine, seine Z\u00fcge. Sein Charakter fasziniert durch seine Geschwindigkeit, seinen Zorn und sein Ehrgef\u00fchl. So symbolisiert dieses Schwert viel mehr als nur eine Waffe. Es steht f\u00fcr das Streben nach Ruhm und die Besessenheit, unsterbliche Spuren zu hinterlassen. Jede Duellszene verst\u00e4rkt seine legend\u00e4re Aura. Daher ist der Besitz dieser Replik wie das Festhalten eines epischen Filmmoments. Sie erinnert an die Auseinandersetzungen mit Hektor und die Schlachten unter den Mauern Trojas. Dar\u00fcber hinaus ist Achilles nicht nur ein K\u00e4mpfer. Er ist ein Mythos aus dem Krieg von <a href=\"https:\/\/fr.wikipedia.org\/wiki\/Guerre_de_Troie\" target=\"_blank\" rel=\"noopener noreferrer\">Trojanischer Krieg<\/a>. Dieses Schwert wird somit zu einem m\u00e4chtigen kulturellen Symbol, das Geschichte, Mythos und Leinwand verbindet.<\/p>\n<h2>Warum sollte man sich f\u00fcr eine Replik einer antiken Waffe aus Stahl entscheiden?<\/h2>\n<p>Vor allem \u00e4ndert die Wahl des Materials alles. Eine Klinge aus Stahl bietet ein authentisches Aussehen und eine unvergleichliche Pr\u00e4senz. Im Gegensatz zu Versionen aus Kunstharz verleiht sie visuelles Gewicht und ein realistisches Gef\u00fchl. F\u00fcr einen Sammler bleibt Stahl daher die Referenz. F\u00fcr ein leichtes Cosplay hingegen k\u00f6nnen andere Materialien geeignet sein. F\u00fcr ein langlebiges Ausstellungsst\u00fcck bietet sich Stahl jedoch an. Dar\u00fcber hinaus ist diese Replik die perfekte Erg\u00e4nzung zu einer Sammlung, die antiken Helden oder gro\u00dfen historischen Fresken gewidmet ist. Sie k\u00f6nnen sie zum Beispiel mit unseren anderen Repliken aus der Welt der antiken Filme kombinieren, wie dem <a href=\"https:\/\/repliquemangacine.fr\/de\/katana-die-schwerter-aus-filmen-und-serien\/leonidas-schwert-aus-dem-film-300\/\">Schwert des Leonidas<\/a> in dem Film 300. Um Ihre Sammlung zu erweitern, k\u00f6nnen Sie auch das <a href=\"https:\/\/repliquemangacine.fr\/de\/katana-die-schwerter-aus-filmen-und-serien\/maximus-gladiator-helm-helm-mit-spitzen\/\">Maximus-Helm<\/a> in dem Film Gladiator wird perfekt sein.<\/p>","protected":false},"excerpt":{"rendered":"<p>Verk\u00f6rpern Sie die Macht des Achilles und holen Sie die Legende von Troja in Ihre Sammlung.<\/p>\n<ul>\n<li>Klinge aus 440er-Stahl mit \u00c4tzung<\/li>\n<li>Schwarzer Metallgriff<\/li>\n<li>Wird mit einer verzierten Wandhalterung geliefert<\/li>\n<li>L\u00e4nge der Klinge: 63 cm - Gesamtl\u00e4nge: 80,5 cm<\/li>\n<li>Gewicht: 900g<\/li>\n<\/ul>\n<p><strong>Verkauf an Minderj\u00e4hrige verboten<\/strong><\/p>\n<p>&nbsp;<\/p>","protected":false},"featured_media":95363,"template":"","meta":[],"product_brand":[],"product_cat":[25,66,73,24],"product_tag":[],"class_list":{"0":"post-95362","1":"product","2":"type-product","3":"status-publish","4":"has-post-thumbnail","6":"product_cat-armes-historiques","7":"product_cat-repliques-d-armes-films-et-series","8":"product_cat-epees-glaives-antique","9":"product_cat-films-series-tv-vente-de-katana-epee-et-produits-derives","11":"first","12":"instock","13":"taxable","14":"shipping-taxable","15":"purchasable","16":"product-type-simple"},"yoast_head":"<!-- This site is optimized with the Yoast SEO plugin v27.4 - https:\/\/yoast.com\/product\/yoast-seo-wordpress\/ -->\n<title>\u00c9p\u00e9e d\u2019Achille dans Troie - R\u00e9plique Manga Cin\u00e9<\/title>\n<meta name=\"description\" content=\"D\u00e9couvrez la r\u00e9plique de l\u2019\u00e9p\u00e9e d\u2019Achille du film Troie avec lame en acier. Une pi\u00e8ce mythique inspir\u00e9e de Brad Pitt pour collection et d\u00e9coration \u00e9pique.\" \/>\n<meta name=\"robots\" content=\"index, follow, max-snippet:-1, max-image-preview:large, max-video-preview:-1\" \/>\n<link rel=\"canonical\" href=\"https:\/\/repliquemangacine.fr\/de\/antike-schwerter\/dachilles-schwert-in-troja\/\" \/>\n<meta property=\"og:locale\" content=\"de_DE\" \/>\n<meta property=\"og:type\" content=\"article\" \/>\n<meta property=\"og:title\" content=\"\u00c9p\u00e9e d\u2019Achille dans Troie - R\u00e9plique Manga Cin\u00e9\" \/>\n<meta property=\"og:description\" content=\"D\u00e9couvrez la r\u00e9plique de l\u2019\u00e9p\u00e9e d\u2019Achille du film Troie avec lame en acier. Une pi\u00e8ce mythique inspir\u00e9e de Brad Pitt pour collection et d\u00e9coration \u00e9pique.\" \/>\n<meta property=\"og:url\" content=\"https:\/\/repliquemangacine.fr\/de\/antike-schwerter\/dachilles-schwert-in-troja\/\" \/>\n<meta property=\"og:site_name\" content=\"R\u00e9plique Manga Cin\u00e9\" \/>\n<meta property=\"article:publisher\" content=\"https:\/\/www.facebook.com\/RepliqueMangaCine\" \/>\n<meta property=\"article:modified_time\" content=\"2026-04-15T10:20:53+00:00\" \/>\n<meta property=\"og:image\" content=\"https:\/\/repliquemangacine.fr\/wp-content\/uploads\/2026\/02\/epee-dachille-dans-le-film-Troie.jpg\" \/>\n\t<meta property=\"og:image:width\" content=\"800\" \/>\n\t<meta property=\"og:image:height\" content=\"800\" \/>\n\t<meta property=\"og:image:type\" content=\"image\/jpeg\" \/>\n<meta name=\"twitter:card\" content=\"summary_large_image\" \/>\n<meta name=\"twitter:label1\" content=\"Gesch\u00e4tzte Lesezeit\" \/>\n\t<meta name=\"twitter:data1\" content=\"3\u00a0Minuten\" \/>\n<script type=\"application\/ld+json\" class=\"yoast-schema-graph\">{\"@context\":\"https:\\\/\\\/schema.org\",\"@graph\":[{\"@type\":\"WebPage\",\"@id\":\"https:\\\/\\\/repliquemangacine.fr\\\/epees-glaives-antique\\\/epee-dachille-dans-troie\\\/\",\"url\":\"https:\\\/\\\/repliquemangacine.fr\\\/epees-glaives-antique\\\/epee-dachille-dans-troie\\\/\",\"name\":\"\u00c9p\u00e9e d\u2019Achille dans Troie - R\u00e9plique Manga Cin\u00e9\",\"isPartOf\":{\"@id\":\"https:\\\/\\\/repliquemangacine.fr\\\/#website\"},\"primaryImageOfPage\":{\"@id\":\"https:\\\/\\\/repliquemangacine.fr\\\/epees-glaives-antique\\\/epee-dachille-dans-troie\\\/#primaryimage\"},\"image\":{\"@id\":\"https:\\\/\\\/repliquemangacine.fr\\\/epees-glaives-antique\\\/epee-dachille-dans-troie\\\/#primaryimage\"},\"thumbnailUrl\":\"https:\\\/\\\/repliquemangacine.fr\\\/wp-content\\\/uploads\\\/2026\\\/02\\\/epee-dachille-dans-le-film-Troie.jpg\",\"datePublished\":\"2026-02-17T10:44:13+00:00\",\"dateModified\":\"2026-04-15T10:20:53+00:00\",\"description\":\"D\u00e9couvrez la r\u00e9plique de l\u2019\u00e9p\u00e9e d\u2019Achille du film Troie avec lame en acier. Une pi\u00e8ce mythique inspir\u00e9e de Brad Pitt pour collection et d\u00e9coration \u00e9pique.\",\"breadcrumb\":{\"@id\":\"https:\\\/\\\/repliquemangacine.fr\\\/epees-glaives-antique\\\/epee-dachille-dans-troie\\\/#breadcrumb\"},\"inLanguage\":\"de\",\"potentialAction\":[{\"@type\":\"ReadAction\",\"target\":[\"https:\\\/\\\/repliquemangacine.fr\\\/epees-glaives-antique\\\/epee-dachille-dans-troie\\\/\"]}]},{\"@type\":\"ImageObject\",\"inLanguage\":\"de\",\"@id\":\"https:\\\/\\\/repliquemangacine.fr\\\/epees-glaives-antique\\\/epee-dachille-dans-troie\\\/#primaryimage\",\"url\":\"https:\\\/\\\/repliquemangacine.fr\\\/wp-content\\\/uploads\\\/2026\\\/02\\\/epee-dachille-dans-le-film-Troie.jpg\",\"contentUrl\":\"https:\\\/\\\/repliquemangacine.fr\\\/wp-content\\\/uploads\\\/2026\\\/02\\\/epee-dachille-dans-le-film-Troie.jpg\",\"width\":800,\"height\":800,\"caption\":\"\u00e9p\u00e9e d'achille dans le film Troie\"},{\"@type\":\"BreadcrumbList\",\"@id\":\"https:\\\/\\\/repliquemangacine.fr\\\/epees-glaives-antique\\\/epee-dachille-dans-troie\\\/#breadcrumb\",\"itemListElement\":[{\"@type\":\"ListItem\",\"position\":1,\"name\":\"Accueil\",\"item\":\"https:\\\/\\\/repliquemangacine.fr\\\/\"},{\"@type\":\"ListItem\",\"position\":2,\"name\":\"Produits\",\"item\":\"https:\\\/\\\/repliquemangacine.fr\\\/boutique\\\/\"},{\"@type\":\"ListItem\",\"position\":3,\"name\":\"\u00c9p\u00e9e d\u2019Achille dans Troie\"}]},{\"@type\":\"WebSite\",\"@id\":\"https:\\\/\\\/repliquemangacine.fr\\\/#website\",\"url\":\"https:\\\/\\\/repliquemangacine.fr\\\/\",\"name\":\"R\u00e9plique Manga Cin\u00e9\",\"description\":\"\",\"publisher\":{\"@id\":\"https:\\\/\\\/repliquemangacine.fr\\\/#organization\"},\"potentialAction\":[{\"@type\":\"SearchAction\",\"target\":{\"@type\":\"EntryPoint\",\"urlTemplate\":\"https:\\\/\\\/repliquemangacine.fr\\\/?s={search_term_string}\"},\"query-input\":{\"@type\":\"PropertyValueSpecification\",\"valueRequired\":true,\"valueName\":\"search_term_string\"}}],\"inLanguage\":\"de\"},{\"@type\":\"Organization\",\"@id\":\"https:\\\/\\\/repliquemangacine.fr\\\/#organization\",\"name\":\"R\u00e9plique Manga Cin\u00e9\",\"url\":\"https:\\\/\\\/repliquemangacine.fr\\\/\",\"logo\":{\"@type\":\"ImageObject\",\"inLanguage\":\"de\",\"@id\":\"https:\\\/\\\/repliquemangacine.fr\\\/#\\\/schema\\\/logo\\\/image\\\/\",\"url\":\"https:\\\/\\\/repliquemangacine.fr\\\/wp-content\\\/uploads\\\/2023\\\/10\\\/RMC-500250.png\",\"contentUrl\":\"https:\\\/\\\/repliquemangacine.fr\\\/wp-content\\\/uploads\\\/2023\\\/10\\\/RMC-500250.png\",\"width\":500,\"height\":250,\"caption\":\"R\u00e9plique Manga Cin\u00e9\"},\"image\":{\"@id\":\"https:\\\/\\\/repliquemangacine.fr\\\/#\\\/schema\\\/logo\\\/image\\\/\"},\"sameAs\":[\"https:\\\/\\\/www.facebook.com\\\/RepliqueMangaCine\",\"https:\\\/\\\/www.instagram.com\\\/repliquemangacine.fr\\\/\"]}]}<\/script>\n<!-- \/ Yoast SEO plugin. -->","yoast_head_json":{"title":"Schwert des Achilles in Troja - R\u00e9plique Manga Cin\u00e9","description":"Entdecken Sie die Replik des Schwertes von Achilles aus dem Film Troja mit Stahlklinge. Ein mythisches St\u00fcck, das von Brad Pitt inspiriert wurde, f\u00fcr epische Sammlungen und Dekorationen.","robots":{"index":"index","follow":"follow","max-snippet":"max-snippet:-1","max-image-preview":"max-image-preview:large","max-video-preview":"max-video-preview:-1"},"canonical":"https:\/\/repliquemangacine.fr\/de\/antike-schwerter\/dachilles-schwert-in-troja\/","og_locale":"de_DE","og_type":"article","og_title":"\u00c9p\u00e9e d\u2019Achille dans Troie - R\u00e9plique Manga Cin\u00e9","og_description":"D\u00e9couvrez la r\u00e9plique de l\u2019\u00e9p\u00e9e d\u2019Achille du film Troie avec lame en acier. Une pi\u00e8ce mythique inspir\u00e9e de Brad Pitt pour collection et d\u00e9coration \u00e9pique.","og_url":"https:\/\/repliquemangacine.fr\/de\/antike-schwerter\/dachilles-schwert-in-troja\/","og_site_name":"R\u00e9plique Manga Cin\u00e9","article_publisher":"https:\/\/www.facebook.com\/RepliqueMangaCine","article_modified_time":"2026-04-15T10:20:53+00:00","og_image":[{"width":800,"height":800,"url":"https:\/\/repliquemangacine.fr\/wp-content\/uploads\/2026\/02\/epee-dachille-dans-le-film-Troie.jpg","type":"image\/jpeg"}],"twitter_card":"summary_large_image","twitter_misc":{"Gesch\u00e4tzte Lesezeit":"3\u00a0Minuten"},"schema":{"@context":"https:\/\/schema.org","@graph":[{"@type":"WebPage","@id":"https:\/\/repliquemangacine.fr\/epees-glaives-antique\/epee-dachille-dans-troie\/","url":"https:\/\/repliquemangacine.fr\/epees-glaives-antique\/epee-dachille-dans-troie\/","name":"Schwert des Achilles in Troja - R\u00e9plique Manga Cin\u00e9","isPartOf":{"@id":"https:\/\/repliquemangacine.fr\/#website"},"primaryImageOfPage":{"@id":"https:\/\/repliquemangacine.fr\/epees-glaives-antique\/epee-dachille-dans-troie\/#primaryimage"},"image":{"@id":"https:\/\/repliquemangacine.fr\/epees-glaives-antique\/epee-dachille-dans-troie\/#primaryimage"},"thumbnailUrl":"https:\/\/repliquemangacine.fr\/wp-content\/uploads\/2026\/02\/epee-dachille-dans-le-film-Troie.jpg","datePublished":"2026-02-17T10:44:13+00:00","dateModified":"2026-04-15T10:20:53+00:00","description":"Entdecken Sie die Replik des Schwertes von Achilles aus dem Film Troja mit Stahlklinge. Ein mythisches St\u00fcck, das von Brad Pitt inspiriert wurde, f\u00fcr epische Sammlungen und Dekorationen.","breadcrumb":{"@id":"https:\/\/repliquemangacine.fr\/epees-glaives-antique\/epee-dachille-dans-troie\/#breadcrumb"},"inLanguage":"de","potentialAction":[{"@type":"ReadAction","target":["https:\/\/repliquemangacine.fr\/epees-glaives-antique\/epee-dachille-dans-troie\/"]}]},{"@type":"ImageObject","inLanguage":"de","@id":"https:\/\/repliquemangacine.fr\/epees-glaives-antique\/epee-dachille-dans-troie\/#primaryimage","url":"https:\/\/repliquemangacine.fr\/wp-content\/uploads\/2026\/02\/epee-dachille-dans-le-film-Troie.jpg","contentUrl":"https:\/\/repliquemangacine.fr\/wp-content\/uploads\/2026\/02\/epee-dachille-dans-le-film-Troie.jpg","width":800,"height":800,"caption":"\u00e9p\u00e9e d'achille dans le film Troie"},{"@type":"BreadcrumbList","@id":"https:\/\/repliquemangacine.fr\/epees-glaives-antique\/epee-dachille-dans-troie\/#breadcrumb","itemListElement":[{"@type":"ListItem","position":1,"name":"Accueil","item":"https:\/\/repliquemangacine.fr\/"},{"@type":"ListItem","position":2,"name":"Produits","item":"https:\/\/repliquemangacine.fr\/boutique\/"},{"@type":"ListItem","position":3,"name":"\u00c9p\u00e9e d\u2019Achille dans Troie"}]},{"@type":"WebSite","@id":"https:\/\/repliquemangacine.fr\/#website","url":"https:\/\/repliquemangacine.fr\/","name":"R\u00e9plique Manga Cin\u00e9","description":"","publisher":{"@id":"https:\/\/repliquemangacine.fr\/#organization"},"potentialAction":[{"@type":"SearchAction","target":{"@type":"EntryPoint","urlTemplate":"https:\/\/repliquemangacine.fr\/?s={search_term_string}"},"query-input":{"@type":"PropertyValueSpecification","valueRequired":true,"valueName":"search_term_string"}}],"inLanguage":"de"},{"@type":"Organization","@id":"https:\/\/repliquemangacine.fr\/#organization","name":"R\u00e9plique Manga Cin\u00e9","url":"https:\/\/repliquemangacine.fr\/","logo":{"@type":"ImageObject","inLanguage":"de","@id":"https:\/\/repliquemangacine.fr\/#\/schema\/logo\/image\/","url":"https:\/\/repliquemangacine.fr\/wp-content\/uploads\/2023\/10\/RMC-500250.png","contentUrl":"https:\/\/repliquemangacine.fr\/wp-content\/uploads\/2023\/10\/RMC-500250.png","width":500,"height":250,"caption":"R\u00e9plique Manga Cin\u00e9"},"image":{"@id":"https:\/\/repliquemangacine.fr\/#\/schema\/logo\/image\/"},"sameAs":["https:\/\/www.facebook.com\/RepliqueMangaCine","https:\/\/www.instagram.com\/repliquemangacine.fr\/"]}]}},"_links":{"self":[{"href":"https:\/\/repliquemangacine.fr\/de\/wp-json\/wp\/v2\/product\/95362","targetHints":{"allow":["GET"]}}],"collection":[{"href":"https:\/\/repliquemangacine.fr\/de\/wp-json\/wp\/v2\/product"}],"about":[{"href":"https:\/\/repliquemangacine.fr\/de\/wp-json\/wp\/v2\/types\/product"}],"wp:featuredmedia":[{"embeddable":true,"href":"https:\/\/repliquemangacine.fr\/de\/wp-json\/wp\/v2\/media\/95363"}],"wp:attachment":[{"href":"https:\/\/repliquemangacine.fr\/de\/wp-json\/wp\/v2\/media?parent=95362"}],"wp:term":[{"taxonomy":"product_brand","embeddable":true,"href":"https:\/\/repliquemangacine.fr\/de\/wp-json\/wp\/v2\/product_brand?post=95362"},{"taxonomy":"product_cat","embeddable":true,"href":"https:\/\/repliquemangacine.fr\/de\/wp-json\/wp\/v2\/product_cat?post=95362"},{"taxonomy":"product_tag","embeddable":true,"href":"https:\/\/repliquemangacine.fr\/de\/wp-json\/wp\/v2\/product_tag?post=95362"}],"curies":[{"name":"wp","href":"https:\/\/api.w.org\/{rel}","templated":true}]}}